{"id":995,"date":"2021-04-07T07:45:01","date_gmt":"2021-04-07T06:45:01","guid":{"rendered":"https:\/\/zapateneo.net\/wordpress\/?post_type=product&#038;p=995"},"modified":"2021-04-07T07:45:41","modified_gmt":"2021-04-07T06:45:41","slug":"revolucion-hasta-el-fin","status":"publish","type":"product","link":"https:\/\/zapateneo.net\/wordpress\/index.php\/producto\/revolucion-hasta-el-fin\/","title":{"rendered":"Revoluci\u00f3n hasta el fin"},"content":{"rendered":"<p>El contexto en el que se escribe este texto, no solo evidencia la crisis social del en las d\u00e9cadas 1960,1970, sino el estado de quiebra de una de las ideolog\u00edas socialdem\u00f3cratas m\u00e1s nefastas de la historia: el leninismo. As\u00ed, mientras se generalizan las luchas y las rupturas de clase desde distintos sectores de nuestra clase en todo el mundo, los partidos autodenominados \u00abcomunistas\u00bb adquieren un descr\u00e9dito generalizado. Fen\u00f3menos como el grupuscular (escisiones continuas de partidos comunistas) o el guerrillerismo llegan al summum en las d\u00e9cadas de los a\u00f1os 1960 y 1970 y son una prueba evidente del agotamiento de los PC oficiales en su intento de reprimir la acci\u00f3n pol\u00edtica proletaria en todo el mundo. Cada vez es m\u00e1s claro en todas partes el papel que juegan los pa\u00edses del \u00abEste\u00bb en la represi\u00f3n mundial de las luchas proletarias. Toda una serie de apoyos cr\u00edticos toman fuerza para destruir la ruptura (troskismo, mao\u00edsmo, guevarismo\u0085) y afirmar la reforma. En todo este contexto, Revoluci\u00f3n Hasta El Fin, arroja luz coloc\u00e1ndose en la l\u00ednea hist\u00f3rica de la praxis revolucionaria intentando ahondar en la ruptura program\u00e1tica entre la pr\u00e1ctica revolucionaria del proletariado y las expresiones burguesas que tratan de reprimirla y atraparla en el lazo socialdem\u00f3crata. Como se comprobar\u00e1 es cierto que a veces hay toda una terminolog\u00eda confusa y algunas posiciones que todav\u00eda est\u00e1n influenciadas por concepciones socialdem\u00f3cratas, pero hay que tener en cuenta que el texto no representa una conclusi\u00f3n, sino un momento de la ruptura con esas concepciones.<\/p>\n<p>Sus posiciones sobre la mercanc\u00eda, la socialdemocracia, el proletariado, la crisis capitalista, \u00a1a ideolog\u00eda, la revoluci\u00f3n, el comunismo, las tareas\u0085 no hacen m\u00e1s que demostrar esa tentativa de retomar las posiciones hist\u00f3ricas de la revoluci\u00f3n y su actualidad para reforzar hoy la ruptura revolucionaria. El MIL fue ante todo eso y pese a sus l\u00edmites el texto Revoluci\u00f3n Hasta El Fin es una de las formas bajo las que lo materializ\u00f3 y nos lo transmiti\u00f3. S\u00f3lo por eso merece salir de la oscuridad.<\/p>\n","protected":false},"excerpt":{"rendered":"<p><strong>Reapropiaci\u00f3n<\/strong><br \/>\n2018071200029 &#8211; Reapropiaci\u00f3n Ediciones &#8211;  &#8211; 154 p\u00e1ginas \/orri.<\/p>\n","protected":false},"featured_media":1044,"template":"","meta":[],"product_brand":[],"product_cat":[16,173],"product_tag":[834,835],"class_list":{"0":"post-995","1":"product","2":"type-product","3":"status-publish","4":"has-post-thumbnail","6":"product_cat-libros","7":"product_cat-saiakera-ensayo","8":"product_tag-reapropiacion","9":"product_tag-reapropiacion-ediciones","11":"first","12":"instock","13":"sold-individually","14":"shipping-taxable","15":"purchasable","16":"product-type-simple"},"yoast_head":"<!-- This site is optimized with the Yoast SEO plugin v27.3 - https:\/\/yoast.com\/product\/yoast-seo-wordpress\/ -->\n<title>Revoluci\u00f3n hasta el fin &#8212; Zapateneo<\/title>\n<meta name=\"robots\" content=\"index, follow, max-snippet:-1, max-image-preview:large, max-video-preview:-1\" \/>\n<link rel=\"canonical\" href=\"https:\/\/zapateneo.net\/wordpress\/index.php\/producto\/revolucion-hasta-el-fin\/\" \/>\n<meta property=\"og:locale\" content=\"es_ES\" \/>\n<meta property=\"og:type\" content=\"article\" \/>\n<meta property=\"og:title\" content=\"Revoluci\u00f3n hasta el fin &#8212; Zapateneo\" \/>\n<meta property=\"og:description\" content=\"Reapropiaci\u00f3n 2018071200029 - Reapropiaci\u00f3n Ediciones - - 154 p\u00e1ginas \/orri.\" \/>\n<meta property=\"og:url\" content=\"https:\/\/zapateneo.net\/wordpress\/index.php\/producto\/revolucion-hasta-el-fin\/\" \/>\n<meta property=\"og:site_name\" content=\"Zapateneo\" \/>\n<meta property=\"article:modified_time\" content=\"2021-04-07T06:45:41+00:00\" \/>\n<meta property=\"og:image\" content=\"https:\/\/zapateneo.net\/wordpress\/wp-content\/uploads\/2021\/04\/revolucion_hasta_el_fin_portada.jpg\" \/>\n\t<meta property=\"og:image:width\" content=\"271\" \/>\n\t<meta property=\"og:image:height\" content=\"400\" \/>\n\t<meta property=\"og:image:type\" content=\"image\/jpeg\" \/>\n<meta name=\"twitter:card\" content=\"summary_large_image\" \/>\n<meta name=\"twitter:site\" content=\"@zapateneo\" \/>\n<meta name=\"twitter:label1\" content=\"Tiempo de lectura\" \/>\n\t<meta name=\"twitter:data1\" content=\"2 minutos\" \/>\n<script type=\"application\/ld+json\" class=\"yoast-schema-graph\">{\"@context\":\"https:\\\/\\\/schema.org\",\"@graph\":[{\"@type\":\"WebPage\",\"@id\":\"https:\\\/\\\/zapateneo.net\\\/wordpress\\\/index.php\\\/producto\\\/revolucion-hasta-el-fin\\\/\",\"url\":\"https:\\\/\\\/zapateneo.net\\\/wordpress\\\/index.php\\\/producto\\\/revolucion-hasta-el-fin\\\/\",\"name\":\"Revoluci\u00f3n hasta el fin &#8212; Zapateneo\",\"isPartOf\":{\"@id\":\"https:\\\/\\\/zapateneo.net\\\/wordpress\\\/#website\"},\"primaryImageOfPage\":{\"@id\":\"https:\\\/\\\/zapateneo.net\\\/wordpress\\\/index.php\\\/producto\\\/revolucion-hasta-el-fin\\\/#primaryimage\"},\"image\":{\"@id\":\"https:\\\/\\\/zapateneo.net\\\/wordpress\\\/index.php\\\/producto\\\/revolucion-hasta-el-fin\\\/#primaryimage\"},\"thumbnailUrl\":\"https:\\\/\\\/zapateneo.net\\\/wordpress\\\/wp-content\\\/uploads\\\/2021\\\/04\\\/revolucion_hasta_el_fin_portada.jpg\",\"datePublished\":\"2021-04-07T06:45:01+00:00\",\"dateModified\":\"2021-04-07T06:45:41+00:00\",\"breadcrumb\":{\"@id\":\"https:\\\/\\\/zapateneo.net\\\/wordpress\\\/index.php\\\/producto\\\/revolucion-hasta-el-fin\\\/#breadcrumb\"},\"inLanguage\":\"es\",\"potentialAction\":[{\"@type\":\"ReadAction\",\"target\":[\"https:\\\/\\\/zapateneo.net\\\/wordpress\\\/index.php\\\/producto\\\/revolucion-hasta-el-fin\\\/\"]}]},{\"@type\":\"ImageObject\",\"inLanguage\":\"es\",\"@id\":\"https:\\\/\\\/zapateneo.net\\\/wordpress\\\/index.php\\\/producto\\\/revolucion-hasta-el-fin\\\/#primaryimage\",\"url\":\"https:\\\/\\\/zapateneo.net\\\/wordpress\\\/wp-content\\\/uploads\\\/2021\\\/04\\\/revolucion_hasta_el_fin_portada.jpg\",\"contentUrl\":\"https:\\\/\\\/zapateneo.net\\\/wordpress\\\/wp-content\\\/uploads\\\/2021\\\/04\\\/revolucion_hasta_el_fin_portada.jpg\",\"width\":271,\"height\":400},{\"@type\":\"BreadcrumbList\",\"@id\":\"https:\\\/\\\/zapateneo.net\\\/wordpress\\\/index.php\\\/producto\\\/revolucion-hasta-el-fin\\\/#breadcrumb\",\"itemListElement\":[{\"@type\":\"ListItem\",\"position\":1,\"name\":\"Portada\",\"item\":\"https:\\\/\\\/zapateneo.net\\\/wordpress\\\/\"},{\"@type\":\"ListItem\",\"position\":2,\"name\":\"Tienda\",\"item\":\"https:\\\/\\\/zapateneo.net\\\/wordpress\\\/\"},{\"@type\":\"ListItem\",\"position\":3,\"name\":\"Revoluci\u00f3n hasta el fin\"}]},{\"@type\":\"WebSite\",\"@id\":\"https:\\\/\\\/zapateneo.net\\\/wordpress\\\/#website\",\"url\":\"https:\\\/\\\/zapateneo.net\\\/wordpress\\\/\",\"name\":\"Zapateneo\",\"description\":\"Zapateneoaren webgunea\",\"publisher\":{\"@id\":\"https:\\\/\\\/zapateneo.net\\\/wordpress\\\/#organization\"},\"potentialAction\":[{\"@type\":\"SearchAction\",\"target\":{\"@type\":\"EntryPoint\",\"urlTemplate\":\"https:\\\/\\\/zapateneo.net\\\/wordpress\\\/?s={search_term_string}\"},\"query-input\":{\"@type\":\"PropertyValueSpecification\",\"valueRequired\":true,\"valueName\":\"search_term_string\"}}],\"inLanguage\":\"es\"},{\"@type\":\"Organization\",\"@id\":\"https:\\\/\\\/zapateneo.net\\\/wordpress\\\/#organization\",\"name\":\"Zapateneo Kultur Elkartea\",\"url\":\"https:\\\/\\\/zapateneo.net\\\/wordpress\\\/\",\"logo\":{\"@type\":\"ImageObject\",\"inLanguage\":\"es\",\"@id\":\"https:\\\/\\\/zapateneo.net\\\/wordpress\\\/#\\\/schema\\\/logo\\\/image\\\/\",\"url\":\"https:\\\/\\\/zapateneo.net\\\/wordpress\\\/wp-content\\\/uploads\\\/2021\\\/04\\\/zap-libu-kolec.jpg\",\"contentUrl\":\"https:\\\/\\\/zapateneo.net\\\/wordpress\\\/wp-content\\\/uploads\\\/2021\\\/04\\\/zap-libu-kolec.jpg\",\"width\":2234,\"height\":398,\"caption\":\"Zapateneo Kultur Elkartea\"},\"image\":{\"@id\":\"https:\\\/\\\/zapateneo.net\\\/wordpress\\\/#\\\/schema\\\/logo\\\/image\\\/\"},\"sameAs\":[\"https:\\\/\\\/x.com\\\/zapateneo\"]}]}<\/script>\n<!-- \/ Yoast SEO plugin. -->","yoast_head_json":{"title":"Revoluci\u00f3n hasta el fin &#8212; Zapateneo","robots":{"index":"index","follow":"follow","max-snippet":"max-snippet:-1","max-image-preview":"max-image-preview:large","max-video-preview":"max-video-preview:-1"},"canonical":"https:\/\/zapateneo.net\/wordpress\/index.php\/producto\/revolucion-hasta-el-fin\/","og_locale":"es_ES","og_type":"article","og_title":"Revoluci\u00f3n hasta el fin &#8212; Zapateneo","og_description":"Reapropiaci\u00f3n 2018071200029 - Reapropiaci\u00f3n Ediciones - - 154 p\u00e1ginas \/orri.","og_url":"https:\/\/zapateneo.net\/wordpress\/index.php\/producto\/revolucion-hasta-el-fin\/","og_site_name":"Zapateneo","article_modified_time":"2021-04-07T06:45:41+00:00","og_image":[{"width":271,"height":400,"url":"https:\/\/zapateneo.net\/wordpress\/wp-content\/uploads\/2021\/04\/revolucion_hasta_el_fin_portada.jpg","type":"image\/jpeg"}],"twitter_card":"summary_large_image","twitter_site":"@zapateneo","twitter_misc":{"Tiempo de lectura":"2 minutos"},"schema":{"@context":"https:\/\/schema.org","@graph":[{"@type":"WebPage","@id":"https:\/\/zapateneo.net\/wordpress\/index.php\/producto\/revolucion-hasta-el-fin\/","url":"https:\/\/zapateneo.net\/wordpress\/index.php\/producto\/revolucion-hasta-el-fin\/","name":"Revoluci\u00f3n hasta el fin &#8212; Zapateneo","isPartOf":{"@id":"https:\/\/zapateneo.net\/wordpress\/#website"},"primaryImageOfPage":{"@id":"https:\/\/zapateneo.net\/wordpress\/index.php\/producto\/revolucion-hasta-el-fin\/#primaryimage"},"image":{"@id":"https:\/\/zapateneo.net\/wordpress\/index.php\/producto\/revolucion-hasta-el-fin\/#primaryimage"},"thumbnailUrl":"https:\/\/zapateneo.net\/wordpress\/wp-content\/uploads\/2021\/04\/revolucion_hasta_el_fin_portada.jpg","datePublished":"2021-04-07T06:45:01+00:00","dateModified":"2021-04-07T06:45:41+00:00","breadcrumb":{"@id":"https:\/\/zapateneo.net\/wordpress\/index.php\/producto\/revolucion-hasta-el-fin\/#breadcrumb"},"inLanguage":"es","potentialAction":[{"@type":"ReadAction","target":["https:\/\/zapateneo.net\/wordpress\/index.php\/producto\/revolucion-hasta-el-fin\/"]}]},{"@type":"ImageObject","inLanguage":"es","@id":"https:\/\/zapateneo.net\/wordpress\/index.php\/producto\/revolucion-hasta-el-fin\/#primaryimage","url":"https:\/\/zapateneo.net\/wordpress\/wp-content\/uploads\/2021\/04\/revolucion_hasta_el_fin_portada.jpg","contentUrl":"https:\/\/zapateneo.net\/wordpress\/wp-content\/uploads\/2021\/04\/revolucion_hasta_el_fin_portada.jpg","width":271,"height":400},{"@type":"BreadcrumbList","@id":"https:\/\/zapateneo.net\/wordpress\/index.php\/producto\/revolucion-hasta-el-fin\/#breadcrumb","itemListElement":[{"@type":"ListItem","position":1,"name":"Portada","item":"https:\/\/zapateneo.net\/wordpress\/"},{"@type":"ListItem","position":2,"name":"Tienda","item":"https:\/\/zapateneo.net\/wordpress\/"},{"@type":"ListItem","position":3,"name":"Revoluci\u00f3n hasta el fin"}]},{"@type":"WebSite","@id":"https:\/\/zapateneo.net\/wordpress\/#website","url":"https:\/\/zapateneo.net\/wordpress\/","name":"Zapateneo","description":"Zapateneoaren webgunea","publisher":{"@id":"https:\/\/zapateneo.net\/wordpress\/#organization"},"potentialAction":[{"@type":"SearchAction","target":{"@type":"EntryPoint","urlTemplate":"https:\/\/zapateneo.net\/wordpress\/?s={search_term_string}"},"query-input":{"@type":"PropertyValueSpecification","valueRequired":true,"valueName":"search_term_string"}}],"inLanguage":"es"},{"@type":"Organization","@id":"https:\/\/zapateneo.net\/wordpress\/#organization","name":"Zapateneo Kultur Elkartea","url":"https:\/\/zapateneo.net\/wordpress\/","logo":{"@type":"ImageObject","inLanguage":"es","@id":"https:\/\/zapateneo.net\/wordpress\/#\/schema\/logo\/image\/","url":"https:\/\/zapateneo.net\/wordpress\/wp-content\/uploads\/2021\/04\/zap-libu-kolec.jpg","contentUrl":"https:\/\/zapateneo.net\/wordpress\/wp-content\/uploads\/2021\/04\/zap-libu-kolec.jpg","width":2234,"height":398,"caption":"Zapateneo Kultur Elkartea"},"image":{"@id":"https:\/\/zapateneo.net\/wordpress\/#\/schema\/logo\/image\/"},"sameAs":["https:\/\/x.com\/zapateneo"]}]}},"_links":{"self":[{"href":"https:\/\/zapateneo.net\/wordpress\/index.php\/wp-json\/wp\/v2\/product\/995","targetHints":{"allow":["GET"]}}],"collection":[{"href":"https:\/\/zapateneo.net\/wordpress\/index.php\/wp-json\/wp\/v2\/product"}],"about":[{"href":"https:\/\/zapateneo.net\/wordpress\/index.php\/wp-json\/wp\/v2\/types\/product"}],"wp:featuredmedia":[{"embeddable":true,"href":"https:\/\/zapateneo.net\/wordpress\/index.php\/wp-json\/wp\/v2\/media\/1044"}],"wp:attachment":[{"href":"https:\/\/zapateneo.net\/wordpress\/index.php\/wp-json\/wp\/v2\/media?parent=995"}],"wp:term":[{"taxonomy":"product_brand","embeddable":true,"href":"https:\/\/zapateneo.net\/wordpress\/index.php\/wp-json\/wp\/v2\/product_brand?post=995"},{"taxonomy":"product_cat","embeddable":true,"href":"https:\/\/zapateneo.net\/wordpress\/index.php\/wp-json\/wp\/v2\/product_cat?post=995"},{"taxonomy":"product_tag","embeddable":true,"href":"https:\/\/zapateneo.net\/wordpress\/index.php\/wp-json\/wp\/v2\/product_tag?post=995"}],"curies":[{"name":"wp","href":"https:\/\/api.w.org\/{rel}","templated":true}]}}