{"id":9899,"date":"2021-12-17T21:21:14","date_gmt":"2021-12-17T20:21:14","guid":{"rendered":"https:\/\/zapateneo.net\/wordpress\/?post_type=product&#038;p=9899"},"modified":"2021-12-17T21:21:23","modified_gmt":"2021-12-17T20:21:23","slug":"cuando-te-llaman-terrorista-una-memoria-del-black-lives-matter","status":"publish","type":"product","link":"https:\/\/zapateneo.net\/wordpress\/index.php\/producto\/cuando-te-llaman-terrorista-una-memoria-del-black-lives-matter\/","title":{"rendered":"Cuando te llaman terrorista. Una memoria del Black Lives Matter"},"content":{"rendered":"<p>Un libro de memorias po\u00e9tico y poderoso sobre lo que significa ser una mujer negra en Estados Unidos y la co-fundaci\u00f3n de un movimiento que exige justicia para todos en la tierra de los libres. Criada por una madre soltera en un barrio empobrecido de Los \u00c1ngeles, Patrisse Khan-Cullors experiment\u00f3 de primera mano el prejuicio y la persecuci\u00f3n que sufren los afroamericanos a manos de las fuerzas del orden. Para Patrisse, las personas m\u00e1s vulnerables del pa\u00eds son los negros. Perseguidos deliberada y despiadadamente por un sistema de justicia penal que funciona seg\u00fan la agenda de privilegios de los blancos, los negros est\u00e1n sujetos a un categorizaci\u00f3n racial injustificable y a la brutalidad policial. En 2013, cuando el asesino de Trayvon Martin qued\u00f3 libre, la indignaci\u00f3n de Patrisse la llev\u00f3 a cofundar Black Lives Matter con Alicia Garza y ??Opal Tometi. Condenadas como terroristas y consideradas una amenaza para Estados Unidos, estas amorosas mujeres fundaron un hashtag que dio origen al movimiento para exigir responsabilidades a las autoridades que continuamente hacen la vista gorda ante las injusticias infligidas a las personas de piel negra y morena. Patrisse, que defiende los derechos humanos frente al racismo violento, es una superviviente. Transform\u00f3 su dolor personal en poder pol\u00edtico, dando voz a un pueblo que sufr\u00eda la desigualdad y un movimiento impulsado por su fuerza y ??amor para decirle al pa\u00eds \u2014y al mundo\u2014 que Black Lives Matter. Cuando te llaman terrorista es la reflexi\u00f3n de Patrisse Khan-Cullors y Asha Bandele sobre la humanidad.<\/p>\n","protected":false},"excerpt":{"rendered":"<p><strong>Patrisse Khan-Cullors<\/strong><br \/>\n9788412390216 &#8211; Capit\u00e1n Swing &#8211; 2021 &#8211; 250 p\u00e1ginas \/orri.<\/p>\n","protected":false},"featured_media":9929,"template":"","meta":[],"product_brand":[],"product_cat":[181,16],"product_tag":[102,5133],"class_list":{"0":"post-9899","1":"product","2":"type-product","3":"status-publish","4":"has-post-thumbnail","6":"product_cat-bazterketa-soziala-eta-errepresioa-exclusion-social-y-represion","7":"product_cat-libros","8":"product_tag-capitan-swing","9":"product_tag-patrisse-khan-cullors","11":"first","12":"instock","13":"sold-individually","14":"shipping-taxable","15":"purchasable","16":"product-type-simple"},"yoast_head":"<!-- This site is optimized with the Yoast SEO plugin v27.3 - https:\/\/yoast.com\/product\/yoast-seo-wordpress\/ -->\n<title>Cuando te llaman terrorista. Una memoria del Black Lives Matter &#8212; Zapateneo<\/title>\n<meta name=\"robots\" content=\"index, follow, max-snippet:-1, max-image-preview:large, max-video-preview:-1\" \/>\n<link rel=\"canonical\" href=\"https:\/\/zapateneo.net\/wordpress\/index.php\/producto\/cuando-te-llaman-terrorista-una-memoria-del-black-lives-matter\/\" \/>\n<meta property=\"og:locale\" content=\"es_ES\" \/>\n<meta property=\"og:type\" content=\"article\" \/>\n<meta property=\"og:title\" content=\"Cuando te llaman terrorista. Una memoria del Black Lives Matter &#8212; Zapateneo\" \/>\n<meta property=\"og:description\" content=\"Patrisse Khan-Cullors 9788412390216 - Capit\u00e1n Swing - 2021 - 250 p\u00e1ginas \/orri.\" \/>\n<meta property=\"og:url\" content=\"https:\/\/zapateneo.net\/wordpress\/index.php\/producto\/cuando-te-llaman-terrorista-una-memoria-del-black-lives-matter\/\" \/>\n<meta property=\"og:site_name\" content=\"Zapateneo\" \/>\n<meta property=\"article:modified_time\" content=\"2021-12-17T20:21:23+00:00\" \/>\n<meta name=\"twitter:card\" content=\"summary_large_image\" \/>\n<meta name=\"twitter:site\" content=\"@zapateneo\" \/>\n<meta name=\"twitter:label1\" content=\"Tiempo de lectura\" \/>\n\t<meta name=\"twitter:data1\" content=\"1 minuto\" \/>\n<script type=\"application\/ld+json\" class=\"yoast-schema-graph\">{\"@context\":\"https:\\\/\\\/schema.org\",\"@graph\":[{\"@type\":\"WebPage\",\"@id\":\"https:\\\/\\\/zapateneo.net\\\/wordpress\\\/index.php\\\/producto\\\/cuando-te-llaman-terrorista-una-memoria-del-black-lives-matter\\\/\",\"url\":\"https:\\\/\\\/zapateneo.net\\\/wordpress\\\/index.php\\\/producto\\\/cuando-te-llaman-terrorista-una-memoria-del-black-lives-matter\\\/\",\"name\":\"Cuando te llaman terrorista. Una memoria del Black Lives Matter &#8212; Zapateneo\",\"isPartOf\":{\"@id\":\"https:\\\/\\\/zapateneo.net\\\/wordpress\\\/#website\"},\"primaryImageOfPage\":{\"@id\":\"https:\\\/\\\/zapateneo.net\\\/wordpress\\\/index.php\\\/producto\\\/cuando-te-llaman-terrorista-una-memoria-del-black-lives-matter\\\/#primaryimage\"},\"image\":{\"@id\":\"https:\\\/\\\/zapateneo.net\\\/wordpress\\\/index.php\\\/producto\\\/cuando-te-llaman-terrorista-una-memoria-del-black-lives-matter\\\/#primaryimage\"},\"thumbnailUrl\":\"https:\\\/\\\/zapateneo.net\\\/wordpress\\\/wp-content\\\/uploads\\\/2021\\\/12\\\/9788412390216.jpg\",\"datePublished\":\"2021-12-17T20:21:14+00:00\",\"dateModified\":\"2021-12-17T20:21:23+00:00\",\"breadcrumb\":{\"@id\":\"https:\\\/\\\/zapateneo.net\\\/wordpress\\\/index.php\\\/producto\\\/cuando-te-llaman-terrorista-una-memoria-del-black-lives-matter\\\/#breadcrumb\"},\"inLanguage\":\"es\",\"potentialAction\":[{\"@type\":\"ReadAction\",\"target\":[\"https:\\\/\\\/zapateneo.net\\\/wordpress\\\/index.php\\\/producto\\\/cuando-te-llaman-terrorista-una-memoria-del-black-lives-matter\\\/\"]}]},{\"@type\":\"ImageObject\",\"inLanguage\":\"es\",\"@id\":\"https:\\\/\\\/zapateneo.net\\\/wordpress\\\/index.php\\\/producto\\\/cuando-te-llaman-terrorista-una-memoria-del-black-lives-matter\\\/#primaryimage\",\"url\":\"https:\\\/\\\/zapateneo.net\\\/wordpress\\\/wp-content\\\/uploads\\\/2021\\\/12\\\/9788412390216.jpg\",\"contentUrl\":\"https:\\\/\\\/zapateneo.net\\\/wordpress\\\/wp-content\\\/uploads\\\/2021\\\/12\\\/9788412390216.jpg\",\"width\":160,\"height\":250},{\"@type\":\"BreadcrumbList\",\"@id\":\"https:\\\/\\\/zapateneo.net\\\/wordpress\\\/index.php\\\/producto\\\/cuando-te-llaman-terrorista-una-memoria-del-black-lives-matter\\\/#breadcrumb\",\"itemListElement\":[{\"@type\":\"ListItem\",\"position\":1,\"name\":\"Portada\",\"item\":\"https:\\\/\\\/zapateneo.net\\\/wordpress\\\/\"},{\"@type\":\"ListItem\",\"position\":2,\"name\":\"Tienda\",\"item\":\"https:\\\/\\\/zapateneo.net\\\/wordpress\\\/\"},{\"@type\":\"ListItem\",\"position\":3,\"name\":\"Cuando te llaman terrorista. Una memoria del Black Lives Matter\"}]},{\"@type\":\"WebSite\",\"@id\":\"https:\\\/\\\/zapateneo.net\\\/wordpress\\\/#website\",\"url\":\"https:\\\/\\\/zapateneo.net\\\/wordpress\\\/\",\"name\":\"Zapateneo\",\"description\":\"Zapateneoaren webgunea\",\"publisher\":{\"@id\":\"https:\\\/\\\/zapateneo.net\\\/wordpress\\\/#organization\"},\"potentialAction\":[{\"@type\":\"SearchAction\",\"target\":{\"@type\":\"EntryPoint\",\"urlTemplate\":\"https:\\\/\\\/zapateneo.net\\\/wordpress\\\/?s={search_term_string}\"},\"query-input\":{\"@type\":\"PropertyValueSpecification\",\"valueRequired\":true,\"valueName\":\"search_term_string\"}}],\"inLanguage\":\"es\"},{\"@type\":\"Organization\",\"@id\":\"https:\\\/\\\/zapateneo.net\\\/wordpress\\\/#organization\",\"name\":\"Zapateneo Kultur Elkartea\",\"url\":\"https:\\\/\\\/zapateneo.net\\\/wordpress\\\/\",\"logo\":{\"@type\":\"ImageObject\",\"inLanguage\":\"es\",\"@id\":\"https:\\\/\\\/zapateneo.net\\\/wordpress\\\/#\\\/schema\\\/logo\\\/image\\\/\",\"url\":\"https:\\\/\\\/zapateneo.net\\\/wordpress\\\/wp-content\\\/uploads\\\/2021\\\/04\\\/zap-libu-kolec.jpg\",\"contentUrl\":\"https:\\\/\\\/zapateneo.net\\\/wordpress\\\/wp-content\\\/uploads\\\/2021\\\/04\\\/zap-libu-kolec.jpg\",\"width\":2234,\"height\":398,\"caption\":\"Zapateneo Kultur Elkartea\"},\"image\":{\"@id\":\"https:\\\/\\\/zapateneo.net\\\/wordpress\\\/#\\\/schema\\\/logo\\\/image\\\/\"},\"sameAs\":[\"https:\\\/\\\/x.com\\\/zapateneo\"]}]}<\/script>\n<!-- \/ Yoast SEO plugin. -->","yoast_head_json":{"title":"Cuando te llaman terrorista. Una memoria del Black Lives Matter &#8212; Zapateneo","robots":{"index":"index","follow":"follow","max-snippet":"max-snippet:-1","max-image-preview":"max-image-preview:large","max-video-preview":"max-video-preview:-1"},"canonical":"https:\/\/zapateneo.net\/wordpress\/index.php\/producto\/cuando-te-llaman-terrorista-una-memoria-del-black-lives-matter\/","og_locale":"es_ES","og_type":"article","og_title":"Cuando te llaman terrorista. Una memoria del Black Lives Matter &#8212; Zapateneo","og_description":"Patrisse Khan-Cullors 9788412390216 - Capit\u00e1n Swing - 2021 - 250 p\u00e1ginas \/orri.","og_url":"https:\/\/zapateneo.net\/wordpress\/index.php\/producto\/cuando-te-llaman-terrorista-una-memoria-del-black-lives-matter\/","og_site_name":"Zapateneo","article_modified_time":"2021-12-17T20:21:23+00:00","twitter_card":"summary_large_image","twitter_site":"@zapateneo","twitter_misc":{"Tiempo de lectura":"1 minuto"},"schema":{"@context":"https:\/\/schema.org","@graph":[{"@type":"WebPage","@id":"https:\/\/zapateneo.net\/wordpress\/index.php\/producto\/cuando-te-llaman-terrorista-una-memoria-del-black-lives-matter\/","url":"https:\/\/zapateneo.net\/wordpress\/index.php\/producto\/cuando-te-llaman-terrorista-una-memoria-del-black-lives-matter\/","name":"Cuando te llaman terrorista. Una memoria del Black Lives Matter &#8212; Zapateneo","isPartOf":{"@id":"https:\/\/zapateneo.net\/wordpress\/#website"},"primaryImageOfPage":{"@id":"https:\/\/zapateneo.net\/wordpress\/index.php\/producto\/cuando-te-llaman-terrorista-una-memoria-del-black-lives-matter\/#primaryimage"},"image":{"@id":"https:\/\/zapateneo.net\/wordpress\/index.php\/producto\/cuando-te-llaman-terrorista-una-memoria-del-black-lives-matter\/#primaryimage"},"thumbnailUrl":"https:\/\/zapateneo.net\/wordpress\/wp-content\/uploads\/2021\/12\/9788412390216.jpg","datePublished":"2021-12-17T20:21:14+00:00","dateModified":"2021-12-17T20:21:23+00:00","breadcrumb":{"@id":"https:\/\/zapateneo.net\/wordpress\/index.php\/producto\/cuando-te-llaman-terrorista-una-memoria-del-black-lives-matter\/#breadcrumb"},"inLanguage":"es","potentialAction":[{"@type":"ReadAction","target":["https:\/\/zapateneo.net\/wordpress\/index.php\/producto\/cuando-te-llaman-terrorista-una-memoria-del-black-lives-matter\/"]}]},{"@type":"ImageObject","inLanguage":"es","@id":"https:\/\/zapateneo.net\/wordpress\/index.php\/producto\/cuando-te-llaman-terrorista-una-memoria-del-black-lives-matter\/#primaryimage","url":"https:\/\/zapateneo.net\/wordpress\/wp-content\/uploads\/2021\/12\/9788412390216.jpg","contentUrl":"https:\/\/zapateneo.net\/wordpress\/wp-content\/uploads\/2021\/12\/9788412390216.jpg","width":160,"height":250},{"@type":"BreadcrumbList","@id":"https:\/\/zapateneo.net\/wordpress\/index.php\/producto\/cuando-te-llaman-terrorista-una-memoria-del-black-lives-matter\/#breadcrumb","itemListElement":[{"@type":"ListItem","position":1,"name":"Portada","item":"https:\/\/zapateneo.net\/wordpress\/"},{"@type":"ListItem","position":2,"name":"Tienda","item":"https:\/\/zapateneo.net\/wordpress\/"},{"@type":"ListItem","position":3,"name":"Cuando te llaman terrorista. Una memoria del Black Lives Matter"}]},{"@type":"WebSite","@id":"https:\/\/zapateneo.net\/wordpress\/#website","url":"https:\/\/zapateneo.net\/wordpress\/","name":"Zapateneo","description":"Zapateneoaren webgunea","publisher":{"@id":"https:\/\/zapateneo.net\/wordpress\/#organization"},"potentialAction":[{"@type":"SearchAction","target":{"@type":"EntryPoint","urlTemplate":"https:\/\/zapateneo.net\/wordpress\/?s={search_term_string}"},"query-input":{"@type":"PropertyValueSpecification","valueRequired":true,"valueName":"search_term_string"}}],"inLanguage":"es"},{"@type":"Organization","@id":"https:\/\/zapateneo.net\/wordpress\/#organization","name":"Zapateneo Kultur Elkartea","url":"https:\/\/zapateneo.net\/wordpress\/","logo":{"@type":"ImageObject","inLanguage":"es","@id":"https:\/\/zapateneo.net\/wordpress\/#\/schema\/logo\/image\/","url":"https:\/\/zapateneo.net\/wordpress\/wp-content\/uploads\/2021\/04\/zap-libu-kolec.jpg","contentUrl":"https:\/\/zapateneo.net\/wordpress\/wp-content\/uploads\/2021\/04\/zap-libu-kolec.jpg","width":2234,"height":398,"caption":"Zapateneo Kultur Elkartea"},"image":{"@id":"https:\/\/zapateneo.net\/wordpress\/#\/schema\/logo\/image\/"},"sameAs":["https:\/\/x.com\/zapateneo"]}]}},"_links":{"self":[{"href":"https:\/\/zapateneo.net\/wordpress\/index.php\/wp-json\/wp\/v2\/product\/9899","targetHints":{"allow":["GET"]}}],"collection":[{"href":"https:\/\/zapateneo.net\/wordpress\/index.php\/wp-json\/wp\/v2\/product"}],"about":[{"href":"https:\/\/zapateneo.net\/wordpress\/index.php\/wp-json\/wp\/v2\/types\/product"}],"wp:featuredmedia":[{"embeddable":true,"href":"https:\/\/zapateneo.net\/wordpress\/index.php\/wp-json\/wp\/v2\/media\/9929"}],"wp:attachment":[{"href":"https:\/\/zapateneo.net\/wordpress\/index.php\/wp-json\/wp\/v2\/media?parent=9899"}],"wp:term":[{"taxonomy":"product_brand","embeddable":true,"href":"https:\/\/zapateneo.net\/wordpress\/index.php\/wp-json\/wp\/v2\/product_brand?post=9899"},{"taxonomy":"product_cat","embeddable":true,"href":"https:\/\/zapateneo.net\/wordpress\/index.php\/wp-json\/wp\/v2\/product_cat?post=9899"},{"taxonomy":"product_tag","embeddable":true,"href":"https:\/\/zapateneo.net\/wordpress\/index.php\/wp-json\/wp\/v2\/product_tag?post=9899"}],"curies":[{"name":"wp","href":"https:\/\/api.w.org\/{rel}","templated":true}]}}