{"id":9897,"date":"2021-12-17T21:21:14","date_gmt":"2021-12-17T20:21:14","guid":{"rendered":"https:\/\/zapateneo.net\/wordpress\/?post_type=product&#038;p=9897"},"modified":"2021-12-17T21:21:23","modified_gmt":"2021-12-17T20:21:23","slug":"likeo-luego-existo-redes-sociales-periodismo-y-ese-extrano-virus-llamado-fake-news","status":"publish","type":"product","link":"https:\/\/zapateneo.net\/wordpress\/index.php\/producto\/likeo-luego-existo-redes-sociales-periodismo-y-ese-extrano-virus-llamado-fake-news\/","title":{"rendered":"Likeo, luego existo. Redes sociales, periodismo y ese extra\u00f1o virus llamado fake news"},"content":{"rendered":"<p>El poder de internet no deja de crecer y ha transformado nuestra manera de comunicarnos y de recibir informaci\u00f3n, especialmente entre las generaciones m\u00e1s j\u00f3venes. En las redes sociales las noticias se propagan a gran velocidad y las visualizaciones, los \u00abme gusta\u00bb y los \u00abcompartir\u00bb pueden llegar a sumar millones. El problema es que los rumores, los chismes y las mentiras tambi\u00e9n Pueden alcanzar cifras astron\u00f3micas.<br \/>\nConocer las reglas de juego de gigantes como Google o Facebook es fundamental para poder tomar decisiones como personas libres e informadas.<\/p>\n","protected":false},"excerpt":{"rendered":"<p><strong>Isabel Meira<\/strong><br \/>\n9788418821165 &#8211; Takaruka &#8211; 2021 &#8211; 157 p\u00e1ginas \/orri.<\/p>\n","protected":false},"featured_media":9927,"template":"","meta":[],"product_brand":[],"product_cat":[184,16],"product_tag":[5130],"class_list":{"0":"post-9897","1":"product","2":"type-product","3":"status-publish","4":"has-post-thumbnail","6":"product_cat-komunikazioa-comunicacion","7":"product_cat-libros","8":"product_tag-isabel-meira","10":"first","11":"instock","12":"sold-individually","13":"shipping-taxable","14":"purchasable","15":"product-type-simple"},"yoast_head":"<!-- This site is optimized with the Yoast SEO plugin v27.3 - https:\/\/yoast.com\/product\/yoast-seo-wordpress\/ -->\n<title>Likeo, luego existo. Redes sociales, periodismo y ese extra\u00f1o virus llamado fake news &#8212; Zapateneo<\/title>\n<meta name=\"robots\" content=\"index, follow, max-snippet:-1, max-image-preview:large, max-video-preview:-1\" \/>\n<link rel=\"canonical\" href=\"https:\/\/zapateneo.net\/wordpress\/index.php\/producto\/likeo-luego-existo-redes-sociales-periodismo-y-ese-extrano-virus-llamado-fake-news\/\" \/>\n<meta property=\"og:locale\" content=\"es_ES\" \/>\n<meta property=\"og:type\" content=\"article\" \/>\n<meta property=\"og:title\" content=\"Likeo, luego existo. Redes sociales, periodismo y ese extra\u00f1o virus llamado fake news &#8212; Zapateneo\" \/>\n<meta property=\"og:description\" content=\"Isabel Meira 9788418821165 - Takaruka - 2021 - 157 p\u00e1ginas \/orri.\" \/>\n<meta property=\"og:url\" content=\"https:\/\/zapateneo.net\/wordpress\/index.php\/producto\/likeo-luego-existo-redes-sociales-periodismo-y-ese-extrano-virus-llamado-fake-news\/\" \/>\n<meta property=\"og:site_name\" content=\"Zapateneo\" \/>\n<meta property=\"article:modified_time\" content=\"2021-12-17T20:21:23+00:00\" \/>\n<meta name=\"twitter:card\" content=\"summary_large_image\" \/>\n<meta name=\"twitter:site\" content=\"@zapateneo\" \/>\n<script type=\"application\/ld+json\" class=\"yoast-schema-graph\">{\"@context\":\"https:\\\/\\\/schema.org\",\"@graph\":[{\"@type\":\"WebPage\",\"@id\":\"https:\\\/\\\/zapateneo.net\\\/wordpress\\\/index.php\\\/producto\\\/likeo-luego-existo-redes-sociales-periodismo-y-ese-extrano-virus-llamado-fake-news\\\/\",\"url\":\"https:\\\/\\\/zapateneo.net\\\/wordpress\\\/index.php\\\/producto\\\/likeo-luego-existo-redes-sociales-periodismo-y-ese-extrano-virus-llamado-fake-news\\\/\",\"name\":\"Likeo, luego existo. Redes sociales, periodismo y ese extra\u00f1o virus llamado fake news &#8212; Zapateneo\",\"isPartOf\":{\"@id\":\"https:\\\/\\\/zapateneo.net\\\/wordpress\\\/#website\"},\"primaryImageOfPage\":{\"@id\":\"https:\\\/\\\/zapateneo.net\\\/wordpress\\\/index.php\\\/producto\\\/likeo-luego-existo-redes-sociales-periodismo-y-ese-extrano-virus-llamado-fake-news\\\/#primaryimage\"},\"image\":{\"@id\":\"https:\\\/\\\/zapateneo.net\\\/wordpress\\\/index.php\\\/producto\\\/likeo-luego-existo-redes-sociales-periodismo-y-ese-extrano-virus-llamado-fake-news\\\/#primaryimage\"},\"thumbnailUrl\":\"https:\\\/\\\/zapateneo.net\\\/wordpress\\\/wp-content\\\/uploads\\\/2021\\\/12\\\/9788418821165.jpg\",\"datePublished\":\"2021-12-17T20:21:14+00:00\",\"dateModified\":\"2021-12-17T20:21:23+00:00\",\"breadcrumb\":{\"@id\":\"https:\\\/\\\/zapateneo.net\\\/wordpress\\\/index.php\\\/producto\\\/likeo-luego-existo-redes-sociales-periodismo-y-ese-extrano-virus-llamado-fake-news\\\/#breadcrumb\"},\"inLanguage\":\"es\",\"potentialAction\":[{\"@type\":\"ReadAction\",\"target\":[\"https:\\\/\\\/zapateneo.net\\\/wordpress\\\/index.php\\\/producto\\\/likeo-luego-existo-redes-sociales-periodismo-y-ese-extrano-virus-llamado-fake-news\\\/\"]}]},{\"@type\":\"ImageObject\",\"inLanguage\":\"es\",\"@id\":\"https:\\\/\\\/zapateneo.net\\\/wordpress\\\/index.php\\\/producto\\\/likeo-luego-existo-redes-sociales-periodismo-y-ese-extrano-virus-llamado-fake-news\\\/#primaryimage\",\"url\":\"https:\\\/\\\/zapateneo.net\\\/wordpress\\\/wp-content\\\/uploads\\\/2021\\\/12\\\/9788418821165.jpg\",\"contentUrl\":\"https:\\\/\\\/zapateneo.net\\\/wordpress\\\/wp-content\\\/uploads\\\/2021\\\/12\\\/9788418821165.jpg\",\"width\":160,\"height\":221},{\"@type\":\"BreadcrumbList\",\"@id\":\"https:\\\/\\\/zapateneo.net\\\/wordpress\\\/index.php\\\/producto\\\/likeo-luego-existo-redes-sociales-periodismo-y-ese-extrano-virus-llamado-fake-news\\\/#breadcrumb\",\"itemListElement\":[{\"@type\":\"ListItem\",\"position\":1,\"name\":\"Portada\",\"item\":\"https:\\\/\\\/zapateneo.net\\\/wordpress\\\/\"},{\"@type\":\"ListItem\",\"position\":2,\"name\":\"Tienda\",\"item\":\"https:\\\/\\\/zapateneo.net\\\/wordpress\\\/\"},{\"@type\":\"ListItem\",\"position\":3,\"name\":\"Likeo, luego existo. Redes sociales, periodismo y ese extra\u00f1o virus llamado fake news\"}]},{\"@type\":\"WebSite\",\"@id\":\"https:\\\/\\\/zapateneo.net\\\/wordpress\\\/#website\",\"url\":\"https:\\\/\\\/zapateneo.net\\\/wordpress\\\/\",\"name\":\"Zapateneo\",\"description\":\"Zapateneoaren webgunea\",\"publisher\":{\"@id\":\"https:\\\/\\\/zapateneo.net\\\/wordpress\\\/#organization\"},\"potentialAction\":[{\"@type\":\"SearchAction\",\"target\":{\"@type\":\"EntryPoint\",\"urlTemplate\":\"https:\\\/\\\/zapateneo.net\\\/wordpress\\\/?s={search_term_string}\"},\"query-input\":{\"@type\":\"PropertyValueSpecification\",\"valueRequired\":true,\"valueName\":\"search_term_string\"}}],\"inLanguage\":\"es\"},{\"@type\":\"Organization\",\"@id\":\"https:\\\/\\\/zapateneo.net\\\/wordpress\\\/#organization\",\"name\":\"Zapateneo Kultur Elkartea\",\"url\":\"https:\\\/\\\/zapateneo.net\\\/wordpress\\\/\",\"logo\":{\"@type\":\"ImageObject\",\"inLanguage\":\"es\",\"@id\":\"https:\\\/\\\/zapateneo.net\\\/wordpress\\\/#\\\/schema\\\/logo\\\/image\\\/\",\"url\":\"https:\\\/\\\/zapateneo.net\\\/wordpress\\\/wp-content\\\/uploads\\\/2021\\\/04\\\/zap-libu-kolec.jpg\",\"contentUrl\":\"https:\\\/\\\/zapateneo.net\\\/wordpress\\\/wp-content\\\/uploads\\\/2021\\\/04\\\/zap-libu-kolec.jpg\",\"width\":2234,\"height\":398,\"caption\":\"Zapateneo Kultur Elkartea\"},\"image\":{\"@id\":\"https:\\\/\\\/zapateneo.net\\\/wordpress\\\/#\\\/schema\\\/logo\\\/image\\\/\"},\"sameAs\":[\"https:\\\/\\\/x.com\\\/zapateneo\"]}]}<\/script>\n<!-- \/ Yoast SEO plugin. -->","yoast_head_json":{"title":"Likeo, luego existo. Redes sociales, periodismo y ese extra\u00f1o virus llamado fake news &#8212; Zapateneo","robots":{"index":"index","follow":"follow","max-snippet":"max-snippet:-1","max-image-preview":"max-image-preview:large","max-video-preview":"max-video-preview:-1"},"canonical":"https:\/\/zapateneo.net\/wordpress\/index.php\/producto\/likeo-luego-existo-redes-sociales-periodismo-y-ese-extrano-virus-llamado-fake-news\/","og_locale":"es_ES","og_type":"article","og_title":"Likeo, luego existo. Redes sociales, periodismo y ese extra\u00f1o virus llamado fake news &#8212; Zapateneo","og_description":"Isabel Meira 9788418821165 - Takaruka - 2021 - 157 p\u00e1ginas \/orri.","og_url":"https:\/\/zapateneo.net\/wordpress\/index.php\/producto\/likeo-luego-existo-redes-sociales-periodismo-y-ese-extrano-virus-llamado-fake-news\/","og_site_name":"Zapateneo","article_modified_time":"2021-12-17T20:21:23+00:00","twitter_card":"summary_large_image","twitter_site":"@zapateneo","schema":{"@context":"https:\/\/schema.org","@graph":[{"@type":"WebPage","@id":"https:\/\/zapateneo.net\/wordpress\/index.php\/producto\/likeo-luego-existo-redes-sociales-periodismo-y-ese-extrano-virus-llamado-fake-news\/","url":"https:\/\/zapateneo.net\/wordpress\/index.php\/producto\/likeo-luego-existo-redes-sociales-periodismo-y-ese-extrano-virus-llamado-fake-news\/","name":"Likeo, luego existo. Redes sociales, periodismo y ese extra\u00f1o virus llamado fake news &#8212; Zapateneo","isPartOf":{"@id":"https:\/\/zapateneo.net\/wordpress\/#website"},"primaryImageOfPage":{"@id":"https:\/\/zapateneo.net\/wordpress\/index.php\/producto\/likeo-luego-existo-redes-sociales-periodismo-y-ese-extrano-virus-llamado-fake-news\/#primaryimage"},"image":{"@id":"https:\/\/zapateneo.net\/wordpress\/index.php\/producto\/likeo-luego-existo-redes-sociales-periodismo-y-ese-extrano-virus-llamado-fake-news\/#primaryimage"},"thumbnailUrl":"https:\/\/zapateneo.net\/wordpress\/wp-content\/uploads\/2021\/12\/9788418821165.jpg","datePublished":"2021-12-17T20:21:14+00:00","dateModified":"2021-12-17T20:21:23+00:00","breadcrumb":{"@id":"https:\/\/zapateneo.net\/wordpress\/index.php\/producto\/likeo-luego-existo-redes-sociales-periodismo-y-ese-extrano-virus-llamado-fake-news\/#breadcrumb"},"inLanguage":"es","potentialAction":[{"@type":"ReadAction","target":["https:\/\/zapateneo.net\/wordpress\/index.php\/producto\/likeo-luego-existo-redes-sociales-periodismo-y-ese-extrano-virus-llamado-fake-news\/"]}]},{"@type":"ImageObject","inLanguage":"es","@id":"https:\/\/zapateneo.net\/wordpress\/index.php\/producto\/likeo-luego-existo-redes-sociales-periodismo-y-ese-extrano-virus-llamado-fake-news\/#primaryimage","url":"https:\/\/zapateneo.net\/wordpress\/wp-content\/uploads\/2021\/12\/9788418821165.jpg","contentUrl":"https:\/\/zapateneo.net\/wordpress\/wp-content\/uploads\/2021\/12\/9788418821165.jpg","width":160,"height":221},{"@type":"BreadcrumbList","@id":"https:\/\/zapateneo.net\/wordpress\/index.php\/producto\/likeo-luego-existo-redes-sociales-periodismo-y-ese-extrano-virus-llamado-fake-news\/#breadcrumb","itemListElement":[{"@type":"ListItem","position":1,"name":"Portada","item":"https:\/\/zapateneo.net\/wordpress\/"},{"@type":"ListItem","position":2,"name":"Tienda","item":"https:\/\/zapateneo.net\/wordpress\/"},{"@type":"ListItem","position":3,"name":"Likeo, luego existo. Redes sociales, periodismo y ese extra\u00f1o virus llamado fake news"}]},{"@type":"WebSite","@id":"https:\/\/zapateneo.net\/wordpress\/#website","url":"https:\/\/zapateneo.net\/wordpress\/","name":"Zapateneo","description":"Zapateneoaren webgunea","publisher":{"@id":"https:\/\/zapateneo.net\/wordpress\/#organization"},"potentialAction":[{"@type":"SearchAction","target":{"@type":"EntryPoint","urlTemplate":"https:\/\/zapateneo.net\/wordpress\/?s={search_term_string}"},"query-input":{"@type":"PropertyValueSpecification","valueRequired":true,"valueName":"search_term_string"}}],"inLanguage":"es"},{"@type":"Organization","@id":"https:\/\/zapateneo.net\/wordpress\/#organization","name":"Zapateneo Kultur Elkartea","url":"https:\/\/zapateneo.net\/wordpress\/","logo":{"@type":"ImageObject","inLanguage":"es","@id":"https:\/\/zapateneo.net\/wordpress\/#\/schema\/logo\/image\/","url":"https:\/\/zapateneo.net\/wordpress\/wp-content\/uploads\/2021\/04\/zap-libu-kolec.jpg","contentUrl":"https:\/\/zapateneo.net\/wordpress\/wp-content\/uploads\/2021\/04\/zap-libu-kolec.jpg","width":2234,"height":398,"caption":"Zapateneo Kultur Elkartea"},"image":{"@id":"https:\/\/zapateneo.net\/wordpress\/#\/schema\/logo\/image\/"},"sameAs":["https:\/\/x.com\/zapateneo"]}]}},"_links":{"self":[{"href":"https:\/\/zapateneo.net\/wordpress\/index.php\/wp-json\/wp\/v2\/product\/9897","targetHints":{"allow":["GET"]}}],"collection":[{"href":"https:\/\/zapateneo.net\/wordpress\/index.php\/wp-json\/wp\/v2\/product"}],"about":[{"href":"https:\/\/zapateneo.net\/wordpress\/index.php\/wp-json\/wp\/v2\/types\/product"}],"wp:featuredmedia":[{"embeddable":true,"href":"https:\/\/zapateneo.net\/wordpress\/index.php\/wp-json\/wp\/v2\/media\/9927"}],"wp:attachment":[{"href":"https:\/\/zapateneo.net\/wordpress\/index.php\/wp-json\/wp\/v2\/media?parent=9897"}],"wp:term":[{"taxonomy":"product_brand","embeddable":true,"href":"https:\/\/zapateneo.net\/wordpress\/index.php\/wp-json\/wp\/v2\/product_brand?post=9897"},{"taxonomy":"product_cat","embeddable":true,"href":"https:\/\/zapateneo.net\/wordpress\/index.php\/wp-json\/wp\/v2\/product_cat?post=9897"},{"taxonomy":"product_tag","embeddable":true,"href":"https:\/\/zapateneo.net\/wordpress\/index.php\/wp-json\/wp\/v2\/product_tag?post=9897"}],"curies":[{"name":"wp","href":"https:\/\/api.w.org\/{rel}","templated":true}]}}