{"id":9896,"date":"2021-12-17T21:21:14","date_gmt":"2021-12-17T20:21:14","guid":{"rendered":"https:\/\/zapateneo.net\/wordpress\/?post_type=product&#038;p=9896"},"modified":"2023-07-27T06:29:46","modified_gmt":"2023-07-27T05:29:46","slug":"el-diablo-se-viste-de-gafa-homo-digitalis-versus-homo-sapiens","status":"publish","type":"product","link":"https:\/\/zapateneo.net\/wordpress\/index.php\/producto\/el-diablo-se-viste-de-gafa-homo-digitalis-versus-homo-sapiens\/","title":{"rendered":"El diablo se viste de gafa. Homo digitalis versus homo sapiens"},"content":{"rendered":"<p>Un d\u00eda recib\u00ed este correo electr\u00f3nico de un alma buena necesitada de un futuro: \u201cComo no tengo Facebook, trato de hacer amigos fuera del Facebook real, pero aplicando los mismos principios. Todos los d\u00edas bajo a la calle y les explico a los transe\u00fantes lo que com\u00ed, c\u00f3mo me siento, qu\u00e9 hice el d\u00eda anterior, qu\u00e9 estoy haciendo, y qu\u00e9 voy a hacer al d\u00eda siguiente. Les doy fotos de mi esposa, del perro, de mis hijos, lavando el coche, de mi esposa cosiendo. Tambi\u00e9n escucho las conversaciones y les digo \u00a1me encanta!. Y funciona, ya hay cuatro personas sigui\u00e9ndome: dos polic\u00edas, un psiquiatra y un psic\u00f3logo\u201d. \u201cQu\u00e9 ha hecho GAFA (Google, Apple, Facebook, Amazon), con nosotros en una d\u00e9cada? \u00bfEstamos ahora encerrados en un mundo virtual alejado de cualquier principio de realidad? \u00bfQui\u00e9n es este ser humano 3.0 que prometen crear? \u00bfQu\u00e9 destino nos promete la inteligencia artificial? \u00bfNos considerar\u00e1 inadecuados? \u00bfProceder\u00e1n los algoritmos a una reorganizaci\u00f3n mec\u00e1nica de los seres vivos y nos convertir\u00e1n en humanos mecanizados? El individuo, los Estados y la sociedad civil han perdido el control.<\/p>\n","protected":false},"excerpt":{"rendered":"<p><strong>Jacques S\u00e9gu\u00e9la<\/strong><br \/>\n9788478848683 &#8211; Popular &#8211; 2021 &#8211; 142 p\u00e1ginas \/orri.<\/p>\n","protected":false},"featured_media":9926,"template":"","meta":[],"product_brand":[],"product_cat":[184,16],"product_tag":[5129,3592],"class_list":{"0":"post-9896","1":"product","2":"type-product","3":"status-publish","4":"has-post-thumbnail","6":"product_cat-komunikazioa-comunicacion","7":"product_cat-libros","8":"product_tag-jacques-seguela","9":"product_tag-popular","11":"first","12":"outofstock","13":"sold-individually","14":"shipping-taxable","15":"purchasable","16":"product-type-simple"},"yoast_head":"<!-- This site is optimized with the Yoast SEO plugin v27.3 - https:\/\/yoast.com\/product\/yoast-seo-wordpress\/ -->\n<title>El diablo se viste de gafa. Homo digitalis versus homo sapiens &#8212; Zapateneo<\/title>\n<meta name=\"robots\" content=\"index, follow, max-snippet:-1, max-image-preview:large, max-video-preview:-1\" \/>\n<link rel=\"canonical\" href=\"https:\/\/zapateneo.net\/wordpress\/index.php\/producto\/el-diablo-se-viste-de-gafa-homo-digitalis-versus-homo-sapiens\/\" \/>\n<meta property=\"og:locale\" content=\"es_ES\" \/>\n<meta property=\"og:type\" content=\"article\" \/>\n<meta property=\"og:title\" content=\"El diablo se viste de gafa. Homo digitalis versus homo sapiens &#8212; Zapateneo\" \/>\n<meta property=\"og:description\" content=\"Jacques S\u00e9gu\u00e9la 9788478848683 - Popular - 2021 - 142 p\u00e1ginas \/orri.\" \/>\n<meta property=\"og:url\" content=\"https:\/\/zapateneo.net\/wordpress\/index.php\/producto\/el-diablo-se-viste-de-gafa-homo-digitalis-versus-homo-sapiens\/\" \/>\n<meta property=\"og:site_name\" content=\"Zapateneo\" \/>\n<meta property=\"article:modified_time\" content=\"2023-07-27T05:29:46+00:00\" \/>\n<meta property=\"og:image\" content=\"https:\/\/zapateneo.net\/wordpress\/wp-content\/uploads\/2021\/12\/9788478848683.jpg\" \/>\n\t<meta property=\"og:image:width\" content=\"266\" \/>\n\t<meta property=\"og:image:height\" content=\"400\" \/>\n\t<meta property=\"og:image:type\" content=\"image\/jpeg\" \/>\n<meta name=\"twitter:card\" content=\"summary_large_image\" \/>\n<meta name=\"twitter:site\" content=\"@zapateneo\" \/>\n<meta name=\"twitter:label1\" content=\"Tiempo de lectura\" \/>\n\t<meta name=\"twitter:data1\" content=\"1 minuto\" \/>\n<script type=\"application\/ld+json\" class=\"yoast-schema-graph\">{\"@context\":\"https:\\\/\\\/schema.org\",\"@graph\":[{\"@type\":\"WebPage\",\"@id\":\"https:\\\/\\\/zapateneo.net\\\/wordpress\\\/index.php\\\/producto\\\/el-diablo-se-viste-de-gafa-homo-digitalis-versus-homo-sapiens\\\/\",\"url\":\"https:\\\/\\\/zapateneo.net\\\/wordpress\\\/index.php\\\/producto\\\/el-diablo-se-viste-de-gafa-homo-digitalis-versus-homo-sapiens\\\/\",\"name\":\"El diablo se viste de gafa. Homo digitalis versus homo sapiens &#8212; Zapateneo\",\"isPartOf\":{\"@id\":\"https:\\\/\\\/zapateneo.net\\\/wordpress\\\/#website\"},\"primaryImageOfPage\":{\"@id\":\"https:\\\/\\\/zapateneo.net\\\/wordpress\\\/index.php\\\/producto\\\/el-diablo-se-viste-de-gafa-homo-digitalis-versus-homo-sapiens\\\/#primaryimage\"},\"image\":{\"@id\":\"https:\\\/\\\/zapateneo.net\\\/wordpress\\\/index.php\\\/producto\\\/el-diablo-se-viste-de-gafa-homo-digitalis-versus-homo-sapiens\\\/#primaryimage\"},\"thumbnailUrl\":\"https:\\\/\\\/zapateneo.net\\\/wordpress\\\/wp-content\\\/uploads\\\/2021\\\/12\\\/9788478848683.jpg\",\"datePublished\":\"2021-12-17T20:21:14+00:00\",\"dateModified\":\"2023-07-27T05:29:46+00:00\",\"breadcrumb\":{\"@id\":\"https:\\\/\\\/zapateneo.net\\\/wordpress\\\/index.php\\\/producto\\\/el-diablo-se-viste-de-gafa-homo-digitalis-versus-homo-sapiens\\\/#breadcrumb\"},\"inLanguage\":\"es\",\"potentialAction\":[{\"@type\":\"ReadAction\",\"target\":[\"https:\\\/\\\/zapateneo.net\\\/wordpress\\\/index.php\\\/producto\\\/el-diablo-se-viste-de-gafa-homo-digitalis-versus-homo-sapiens\\\/\"]}]},{\"@type\":\"ImageObject\",\"inLanguage\":\"es\",\"@id\":\"https:\\\/\\\/zapateneo.net\\\/wordpress\\\/index.php\\\/producto\\\/el-diablo-se-viste-de-gafa-homo-digitalis-versus-homo-sapiens\\\/#primaryimage\",\"url\":\"https:\\\/\\\/zapateneo.net\\\/wordpress\\\/wp-content\\\/uploads\\\/2021\\\/12\\\/9788478848683.jpg\",\"contentUrl\":\"https:\\\/\\\/zapateneo.net\\\/wordpress\\\/wp-content\\\/uploads\\\/2021\\\/12\\\/9788478848683.jpg\",\"width\":266,\"height\":400},{\"@type\":\"BreadcrumbList\",\"@id\":\"https:\\\/\\\/zapateneo.net\\\/wordpress\\\/index.php\\\/producto\\\/el-diablo-se-viste-de-gafa-homo-digitalis-versus-homo-sapiens\\\/#breadcrumb\",\"itemListElement\":[{\"@type\":\"ListItem\",\"position\":1,\"name\":\"Portada\",\"item\":\"https:\\\/\\\/zapateneo.net\\\/wordpress\\\/\"},{\"@type\":\"ListItem\",\"position\":2,\"name\":\"Tienda\",\"item\":\"https:\\\/\\\/zapateneo.net\\\/wordpress\\\/\"},{\"@type\":\"ListItem\",\"position\":3,\"name\":\"El diablo se viste de gafa. Homo digitalis versus homo sapiens\"}]},{\"@type\":\"WebSite\",\"@id\":\"https:\\\/\\\/zapateneo.net\\\/wordpress\\\/#website\",\"url\":\"https:\\\/\\\/zapateneo.net\\\/wordpress\\\/\",\"name\":\"Zapateneo\",\"description\":\"Zapateneoaren webgunea\",\"publisher\":{\"@id\":\"https:\\\/\\\/zapateneo.net\\\/wordpress\\\/#organization\"},\"potentialAction\":[{\"@type\":\"SearchAction\",\"target\":{\"@type\":\"EntryPoint\",\"urlTemplate\":\"https:\\\/\\\/zapateneo.net\\\/wordpress\\\/?s={search_term_string}\"},\"query-input\":{\"@type\":\"PropertyValueSpecification\",\"valueRequired\":true,\"valueName\":\"search_term_string\"}}],\"inLanguage\":\"es\"},{\"@type\":\"Organization\",\"@id\":\"https:\\\/\\\/zapateneo.net\\\/wordpress\\\/#organization\",\"name\":\"Zapateneo Kultur Elkartea\",\"url\":\"https:\\\/\\\/zapateneo.net\\\/wordpress\\\/\",\"logo\":{\"@type\":\"ImageObject\",\"inLanguage\":\"es\",\"@id\":\"https:\\\/\\\/zapateneo.net\\\/wordpress\\\/#\\\/schema\\\/logo\\\/image\\\/\",\"url\":\"https:\\\/\\\/zapateneo.net\\\/wordpress\\\/wp-content\\\/uploads\\\/2021\\\/04\\\/zap-libu-kolec.jpg\",\"contentUrl\":\"https:\\\/\\\/zapateneo.net\\\/wordpress\\\/wp-content\\\/uploads\\\/2021\\\/04\\\/zap-libu-kolec.jpg\",\"width\":2234,\"height\":398,\"caption\":\"Zapateneo Kultur Elkartea\"},\"image\":{\"@id\":\"https:\\\/\\\/zapateneo.net\\\/wordpress\\\/#\\\/schema\\\/logo\\\/image\\\/\"},\"sameAs\":[\"https:\\\/\\\/x.com\\\/zapateneo\"]}]}<\/script>\n<!-- \/ Yoast SEO plugin. -->","yoast_head_json":{"title":"El diablo se viste de gafa. Homo digitalis versus homo sapiens &#8212; Zapateneo","robots":{"index":"index","follow":"follow","max-snippet":"max-snippet:-1","max-image-preview":"max-image-preview:large","max-video-preview":"max-video-preview:-1"},"canonical":"https:\/\/zapateneo.net\/wordpress\/index.php\/producto\/el-diablo-se-viste-de-gafa-homo-digitalis-versus-homo-sapiens\/","og_locale":"es_ES","og_type":"article","og_title":"El diablo se viste de gafa. Homo digitalis versus homo sapiens &#8212; Zapateneo","og_description":"Jacques S\u00e9gu\u00e9la 9788478848683 - Popular - 2021 - 142 p\u00e1ginas \/orri.","og_url":"https:\/\/zapateneo.net\/wordpress\/index.php\/producto\/el-diablo-se-viste-de-gafa-homo-digitalis-versus-homo-sapiens\/","og_site_name":"Zapateneo","article_modified_time":"2023-07-27T05:29:46+00:00","og_image":[{"width":266,"height":400,"url":"https:\/\/zapateneo.net\/wordpress\/wp-content\/uploads\/2021\/12\/9788478848683.jpg","type":"image\/jpeg"}],"twitter_card":"summary_large_image","twitter_site":"@zapateneo","twitter_misc":{"Tiempo de lectura":"1 minuto"},"schema":{"@context":"https:\/\/schema.org","@graph":[{"@type":"WebPage","@id":"https:\/\/zapateneo.net\/wordpress\/index.php\/producto\/el-diablo-se-viste-de-gafa-homo-digitalis-versus-homo-sapiens\/","url":"https:\/\/zapateneo.net\/wordpress\/index.php\/producto\/el-diablo-se-viste-de-gafa-homo-digitalis-versus-homo-sapiens\/","name":"El diablo se viste de gafa. Homo digitalis versus homo sapiens &#8212; Zapateneo","isPartOf":{"@id":"https:\/\/zapateneo.net\/wordpress\/#website"},"primaryImageOfPage":{"@id":"https:\/\/zapateneo.net\/wordpress\/index.php\/producto\/el-diablo-se-viste-de-gafa-homo-digitalis-versus-homo-sapiens\/#primaryimage"},"image":{"@id":"https:\/\/zapateneo.net\/wordpress\/index.php\/producto\/el-diablo-se-viste-de-gafa-homo-digitalis-versus-homo-sapiens\/#primaryimage"},"thumbnailUrl":"https:\/\/zapateneo.net\/wordpress\/wp-content\/uploads\/2021\/12\/9788478848683.jpg","datePublished":"2021-12-17T20:21:14+00:00","dateModified":"2023-07-27T05:29:46+00:00","breadcrumb":{"@id":"https:\/\/zapateneo.net\/wordpress\/index.php\/producto\/el-diablo-se-viste-de-gafa-homo-digitalis-versus-homo-sapiens\/#breadcrumb"},"inLanguage":"es","potentialAction":[{"@type":"ReadAction","target":["https:\/\/zapateneo.net\/wordpress\/index.php\/producto\/el-diablo-se-viste-de-gafa-homo-digitalis-versus-homo-sapiens\/"]}]},{"@type":"ImageObject","inLanguage":"es","@id":"https:\/\/zapateneo.net\/wordpress\/index.php\/producto\/el-diablo-se-viste-de-gafa-homo-digitalis-versus-homo-sapiens\/#primaryimage","url":"https:\/\/zapateneo.net\/wordpress\/wp-content\/uploads\/2021\/12\/9788478848683.jpg","contentUrl":"https:\/\/zapateneo.net\/wordpress\/wp-content\/uploads\/2021\/12\/9788478848683.jpg","width":266,"height":400},{"@type":"BreadcrumbList","@id":"https:\/\/zapateneo.net\/wordpress\/index.php\/producto\/el-diablo-se-viste-de-gafa-homo-digitalis-versus-homo-sapiens\/#breadcrumb","itemListElement":[{"@type":"ListItem","position":1,"name":"Portada","item":"https:\/\/zapateneo.net\/wordpress\/"},{"@type":"ListItem","position":2,"name":"Tienda","item":"https:\/\/zapateneo.net\/wordpress\/"},{"@type":"ListItem","position":3,"name":"El diablo se viste de gafa. Homo digitalis versus homo sapiens"}]},{"@type":"WebSite","@id":"https:\/\/zapateneo.net\/wordpress\/#website","url":"https:\/\/zapateneo.net\/wordpress\/","name":"Zapateneo","description":"Zapateneoaren webgunea","publisher":{"@id":"https:\/\/zapateneo.net\/wordpress\/#organization"},"potentialAction":[{"@type":"SearchAction","target":{"@type":"EntryPoint","urlTemplate":"https:\/\/zapateneo.net\/wordpress\/?s={search_term_string}"},"query-input":{"@type":"PropertyValueSpecification","valueRequired":true,"valueName":"search_term_string"}}],"inLanguage":"es"},{"@type":"Organization","@id":"https:\/\/zapateneo.net\/wordpress\/#organization","name":"Zapateneo Kultur Elkartea","url":"https:\/\/zapateneo.net\/wordpress\/","logo":{"@type":"ImageObject","inLanguage":"es","@id":"https:\/\/zapateneo.net\/wordpress\/#\/schema\/logo\/image\/","url":"https:\/\/zapateneo.net\/wordpress\/wp-content\/uploads\/2021\/04\/zap-libu-kolec.jpg","contentUrl":"https:\/\/zapateneo.net\/wordpress\/wp-content\/uploads\/2021\/04\/zap-libu-kolec.jpg","width":2234,"height":398,"caption":"Zapateneo Kultur Elkartea"},"image":{"@id":"https:\/\/zapateneo.net\/wordpress\/#\/schema\/logo\/image\/"},"sameAs":["https:\/\/x.com\/zapateneo"]}]}},"_links":{"self":[{"href":"https:\/\/zapateneo.net\/wordpress\/index.php\/wp-json\/wp\/v2\/product\/9896","targetHints":{"allow":["GET"]}}],"collection":[{"href":"https:\/\/zapateneo.net\/wordpress\/index.php\/wp-json\/wp\/v2\/product"}],"about":[{"href":"https:\/\/zapateneo.net\/wordpress\/index.php\/wp-json\/wp\/v2\/types\/product"}],"wp:featuredmedia":[{"embeddable":true,"href":"https:\/\/zapateneo.net\/wordpress\/index.php\/wp-json\/wp\/v2\/media\/9926"}],"wp:attachment":[{"href":"https:\/\/zapateneo.net\/wordpress\/index.php\/wp-json\/wp\/v2\/media?parent=9896"}],"wp:term":[{"taxonomy":"product_brand","embeddable":true,"href":"https:\/\/zapateneo.net\/wordpress\/index.php\/wp-json\/wp\/v2\/product_brand?post=9896"},{"taxonomy":"product_cat","embeddable":true,"href":"https:\/\/zapateneo.net\/wordpress\/index.php\/wp-json\/wp\/v2\/product_cat?post=9896"},{"taxonomy":"product_tag","embeddable":true,"href":"https:\/\/zapateneo.net\/wordpress\/index.php\/wp-json\/wp\/v2\/product_tag?post=9896"}],"curies":[{"name":"wp","href":"https:\/\/api.w.org\/{rel}","templated":true}]}}