{"id":9893,"date":"2021-12-17T21:21:13","date_gmt":"2021-12-17T20:21:13","guid":{"rendered":"https:\/\/zapateneo.net\/wordpress\/?post_type=product&#038;p=9893"},"modified":"2021-12-17T21:21:21","modified_gmt":"2021-12-17T20:21:21","slug":"el-metodo-yakarta-la-cruzada-anticomunista-y-los-asesinatos-masivos-que-moldearon-nuestro-mundo","status":"publish","type":"product","link":"https:\/\/zapateneo.net\/wordpress\/index.php\/producto\/el-metodo-yakarta-la-cruzada-anticomunista-y-los-asesinatos-masivos-que-moldearon-nuestro-mundo\/","title":{"rendered":"El m\u00e9todo Yakarta. La cruzada anticomunista y los asesinatos masivos que moldearon nuestro mundo"},"content":{"rendered":"<p>Vincent Bevins nos presenta la historia oculta de las masacres respaldadas por Estados Unidos en Indonesia, Am\u00e9rica Latina y otros lugares del mundo. En 1965, el Gobierno norteamericano ayud\u00f3 al Ej\u00e9rcito indonesio a asesinar a cerca de un mill\u00f3n de civiles inocentes, uno de los puntos de inflexi\u00f3n del siglo xx. Se trataba de eliminar al partido comunista m\u00e1s grande fuera de China y la Uni\u00f3n Sovi\u00e9tica, pero sus estrategias inspirar\u00edan programas de terrorismo de Estado similares en pa\u00edses lejanos como Brasil y Chile. Estos hechos siguen ocultos hoy bajo un manto de silencio. En esta audaz y completa historia, Bevins se basa en una d\u00e9cada de corresponsal en Asia y Am\u00e9rica Latina para los principales peri\u00f3dicos estadounidenses, en documentos recientemente desclasificados, as\u00ed como en archivos y declaraciones de testigos presenciales recopilados en doce pa\u00edses, para revelar un legado impactante que se extiende por todo el mundo. Durante d\u00e9cadas se dio por sentado que algunos de los pa\u00edses m\u00e1s poblados del mundo adoptaron pac\u00edficamente el sistema capitalista liderado por Estados Unidos, pero El m\u00e9todo Yakarta demuestra que el despiadado exterminio de izquierdistas desarmados fue fundamental para la victoria de Washington en la Guerra Fr\u00eda.<\/p>\n","protected":false},"excerpt":{"rendered":"<p><strong>Vincent Bevins<\/strong><br \/>\n9788412390247 &#8211; Capit\u00e1n Swing &#8211; 2021 &#8211; 400 p\u00e1ginas \/orri.<\/p>\n","protected":false},"featured_media":9923,"template":"","meta":[],"product_brand":[],"product_cat":[185,16],"product_tag":[102,5125],"class_list":{"0":"post-9893","1":"product","2":"type-product","3":"status-publish","4":"has-post-thumbnail","6":"product_cat-historia","7":"product_cat-libros","8":"product_tag-capitan-swing","9":"product_tag-vincent-bevins","11":"first","12":"instock","13":"sold-individually","14":"shipping-taxable","15":"purchasable","16":"product-type-simple"},"yoast_head":"<!-- This site is optimized with the Yoast SEO plugin v27.4 - https:\/\/yoast.com\/product\/yoast-seo-wordpress\/ -->\n<title>El m\u00e9todo Yakarta. La cruzada anticomunista y los asesinatos masivos que moldearon nuestro mundo &#8212; Zapateneo<\/title>\n<meta name=\"robots\" content=\"index, follow, max-snippet:-1, max-image-preview:large, max-video-preview:-1\" \/>\n<link rel=\"canonical\" href=\"https:\/\/zapateneo.net\/wordpress\/index.php\/producto\/el-metodo-yakarta-la-cruzada-anticomunista-y-los-asesinatos-masivos-que-moldearon-nuestro-mundo\/\" \/>\n<meta property=\"og:locale\" content=\"es_ES\" \/>\n<meta property=\"og:type\" content=\"article\" \/>\n<meta property=\"og:title\" content=\"El m\u00e9todo Yakarta. La cruzada anticomunista y los asesinatos masivos que moldearon nuestro mundo &#8212; Zapateneo\" \/>\n<meta property=\"og:description\" content=\"Vincent Bevins 9788412390247 - Capit\u00e1n Swing - 2021 - 400 p\u00e1ginas \/orri.\" \/>\n<meta property=\"og:url\" content=\"https:\/\/zapateneo.net\/wordpress\/index.php\/producto\/el-metodo-yakarta-la-cruzada-anticomunista-y-los-asesinatos-masivos-que-moldearon-nuestro-mundo\/\" \/>\n<meta property=\"og:site_name\" content=\"Zapateneo\" \/>\n<meta property=\"article:modified_time\" content=\"2021-12-17T20:21:21+00:00\" \/>\n<meta name=\"twitter:card\" content=\"summary_large_image\" \/>\n<meta name=\"twitter:site\" content=\"@zapateneo\" \/>\n<meta name=\"twitter:label1\" content=\"Tiempo de lectura\" \/>\n\t<meta name=\"twitter:data1\" content=\"1 minuto\" \/>\n<script type=\"application\/ld+json\" class=\"yoast-schema-graph\">{\"@context\":\"https:\\\/\\\/schema.org\",\"@graph\":[{\"@type\":\"WebPage\",\"@id\":\"https:\\\/\\\/zapateneo.net\\\/wordpress\\\/index.php\\\/producto\\\/el-metodo-yakarta-la-cruzada-anticomunista-y-los-asesinatos-masivos-que-moldearon-nuestro-mundo\\\/\",\"url\":\"https:\\\/\\\/zapateneo.net\\\/wordpress\\\/index.php\\\/producto\\\/el-metodo-yakarta-la-cruzada-anticomunista-y-los-asesinatos-masivos-que-moldearon-nuestro-mundo\\\/\",\"name\":\"El m\u00e9todo Yakarta. La cruzada anticomunista y los asesinatos masivos que moldearon nuestro mundo &#8212; Zapateneo\",\"isPartOf\":{\"@id\":\"https:\\\/\\\/zapateneo.net\\\/wordpress\\\/#website\"},\"primaryImageOfPage\":{\"@id\":\"https:\\\/\\\/zapateneo.net\\\/wordpress\\\/index.php\\\/producto\\\/el-metodo-yakarta-la-cruzada-anticomunista-y-los-asesinatos-masivos-que-moldearon-nuestro-mundo\\\/#primaryimage\"},\"image\":{\"@id\":\"https:\\\/\\\/zapateneo.net\\\/wordpress\\\/index.php\\\/producto\\\/el-metodo-yakarta-la-cruzada-anticomunista-y-los-asesinatos-masivos-que-moldearon-nuestro-mundo\\\/#primaryimage\"},\"thumbnailUrl\":\"https:\\\/\\\/zapateneo.net\\\/wordpress\\\/wp-content\\\/uploads\\\/2021\\\/12\\\/9788412390247.jpg\",\"datePublished\":\"2021-12-17T20:21:13+00:00\",\"dateModified\":\"2021-12-17T20:21:21+00:00\",\"breadcrumb\":{\"@id\":\"https:\\\/\\\/zapateneo.net\\\/wordpress\\\/index.php\\\/producto\\\/el-metodo-yakarta-la-cruzada-anticomunista-y-los-asesinatos-masivos-que-moldearon-nuestro-mundo\\\/#breadcrumb\"},\"inLanguage\":\"es\",\"potentialAction\":[{\"@type\":\"ReadAction\",\"target\":[\"https:\\\/\\\/zapateneo.net\\\/wordpress\\\/index.php\\\/producto\\\/el-metodo-yakarta-la-cruzada-anticomunista-y-los-asesinatos-masivos-que-moldearon-nuestro-mundo\\\/\"]}]},{\"@type\":\"ImageObject\",\"inLanguage\":\"es\",\"@id\":\"https:\\\/\\\/zapateneo.net\\\/wordpress\\\/index.php\\\/producto\\\/el-metodo-yakarta-la-cruzada-anticomunista-y-los-asesinatos-masivos-que-moldearon-nuestro-mundo\\\/#primaryimage\",\"url\":\"https:\\\/\\\/zapateneo.net\\\/wordpress\\\/wp-content\\\/uploads\\\/2021\\\/12\\\/9788412390247.jpg\",\"contentUrl\":\"https:\\\/\\\/zapateneo.net\\\/wordpress\\\/wp-content\\\/uploads\\\/2021\\\/12\\\/9788412390247.jpg\",\"width\":160,\"height\":250},{\"@type\":\"BreadcrumbList\",\"@id\":\"https:\\\/\\\/zapateneo.net\\\/wordpress\\\/index.php\\\/producto\\\/el-metodo-yakarta-la-cruzada-anticomunista-y-los-asesinatos-masivos-que-moldearon-nuestro-mundo\\\/#breadcrumb\",\"itemListElement\":[{\"@type\":\"ListItem\",\"position\":1,\"name\":\"Portada\",\"item\":\"https:\\\/\\\/zapateneo.net\\\/wordpress\\\/\"},{\"@type\":\"ListItem\",\"position\":2,\"name\":\"Tienda\",\"item\":\"https:\\\/\\\/zapateneo.net\\\/wordpress\\\/\"},{\"@type\":\"ListItem\",\"position\":3,\"name\":\"El m\u00e9todo Yakarta. La cruzada anticomunista y los asesinatos masivos que moldearon nuestro mundo\"}]},{\"@type\":\"WebSite\",\"@id\":\"https:\\\/\\\/zapateneo.net\\\/wordpress\\\/#website\",\"url\":\"https:\\\/\\\/zapateneo.net\\\/wordpress\\\/\",\"name\":\"Zapateneo\",\"description\":\"Zapateneoaren webgunea\",\"publisher\":{\"@id\":\"https:\\\/\\\/zapateneo.net\\\/wordpress\\\/#organization\"},\"potentialAction\":[{\"@type\":\"SearchAction\",\"target\":{\"@type\":\"EntryPoint\",\"urlTemplate\":\"https:\\\/\\\/zapateneo.net\\\/wordpress\\\/?s={search_term_string}\"},\"query-input\":{\"@type\":\"PropertyValueSpecification\",\"valueRequired\":true,\"valueName\":\"search_term_string\"}}],\"inLanguage\":\"es\"},{\"@type\":\"Organization\",\"@id\":\"https:\\\/\\\/zapateneo.net\\\/wordpress\\\/#organization\",\"name\":\"Zapateneo Kultur Elkartea\",\"url\":\"https:\\\/\\\/zapateneo.net\\\/wordpress\\\/\",\"logo\":{\"@type\":\"ImageObject\",\"inLanguage\":\"es\",\"@id\":\"https:\\\/\\\/zapateneo.net\\\/wordpress\\\/#\\\/schema\\\/logo\\\/image\\\/\",\"url\":\"https:\\\/\\\/zapateneo.net\\\/wordpress\\\/wp-content\\\/uploads\\\/2021\\\/04\\\/zap-libu-kolec.jpg\",\"contentUrl\":\"https:\\\/\\\/zapateneo.net\\\/wordpress\\\/wp-content\\\/uploads\\\/2021\\\/04\\\/zap-libu-kolec.jpg\",\"width\":2234,\"height\":398,\"caption\":\"Zapateneo Kultur Elkartea\"},\"image\":{\"@id\":\"https:\\\/\\\/zapateneo.net\\\/wordpress\\\/#\\\/schema\\\/logo\\\/image\\\/\"},\"sameAs\":[\"https:\\\/\\\/x.com\\\/zapateneo\"]}]}<\/script>\n<!-- \/ Yoast SEO plugin. -->","yoast_head_json":{"title":"El m\u00e9todo Yakarta. La cruzada anticomunista y los asesinatos masivos que moldearon nuestro mundo &#8212; Zapateneo","robots":{"index":"index","follow":"follow","max-snippet":"max-snippet:-1","max-image-preview":"max-image-preview:large","max-video-preview":"max-video-preview:-1"},"canonical":"https:\/\/zapateneo.net\/wordpress\/index.php\/producto\/el-metodo-yakarta-la-cruzada-anticomunista-y-los-asesinatos-masivos-que-moldearon-nuestro-mundo\/","og_locale":"es_ES","og_type":"article","og_title":"El m\u00e9todo Yakarta. La cruzada anticomunista y los asesinatos masivos que moldearon nuestro mundo &#8212; Zapateneo","og_description":"Vincent Bevins 9788412390247 - Capit\u00e1n Swing - 2021 - 400 p\u00e1ginas \/orri.","og_url":"https:\/\/zapateneo.net\/wordpress\/index.php\/producto\/el-metodo-yakarta-la-cruzada-anticomunista-y-los-asesinatos-masivos-que-moldearon-nuestro-mundo\/","og_site_name":"Zapateneo","article_modified_time":"2021-12-17T20:21:21+00:00","twitter_card":"summary_large_image","twitter_site":"@zapateneo","twitter_misc":{"Tiempo de lectura":"1 minuto"},"schema":{"@context":"https:\/\/schema.org","@graph":[{"@type":"WebPage","@id":"https:\/\/zapateneo.net\/wordpress\/index.php\/producto\/el-metodo-yakarta-la-cruzada-anticomunista-y-los-asesinatos-masivos-que-moldearon-nuestro-mundo\/","url":"https:\/\/zapateneo.net\/wordpress\/index.php\/producto\/el-metodo-yakarta-la-cruzada-anticomunista-y-los-asesinatos-masivos-que-moldearon-nuestro-mundo\/","name":"El m\u00e9todo Yakarta. La cruzada anticomunista y los asesinatos masivos que moldearon nuestro mundo &#8212; Zapateneo","isPartOf":{"@id":"https:\/\/zapateneo.net\/wordpress\/#website"},"primaryImageOfPage":{"@id":"https:\/\/zapateneo.net\/wordpress\/index.php\/producto\/el-metodo-yakarta-la-cruzada-anticomunista-y-los-asesinatos-masivos-que-moldearon-nuestro-mundo\/#primaryimage"},"image":{"@id":"https:\/\/zapateneo.net\/wordpress\/index.php\/producto\/el-metodo-yakarta-la-cruzada-anticomunista-y-los-asesinatos-masivos-que-moldearon-nuestro-mundo\/#primaryimage"},"thumbnailUrl":"https:\/\/zapateneo.net\/wordpress\/wp-content\/uploads\/2021\/12\/9788412390247.jpg","datePublished":"2021-12-17T20:21:13+00:00","dateModified":"2021-12-17T20:21:21+00:00","breadcrumb":{"@id":"https:\/\/zapateneo.net\/wordpress\/index.php\/producto\/el-metodo-yakarta-la-cruzada-anticomunista-y-los-asesinatos-masivos-que-moldearon-nuestro-mundo\/#breadcrumb"},"inLanguage":"es","potentialAction":[{"@type":"ReadAction","target":["https:\/\/zapateneo.net\/wordpress\/index.php\/producto\/el-metodo-yakarta-la-cruzada-anticomunista-y-los-asesinatos-masivos-que-moldearon-nuestro-mundo\/"]}]},{"@type":"ImageObject","inLanguage":"es","@id":"https:\/\/zapateneo.net\/wordpress\/index.php\/producto\/el-metodo-yakarta-la-cruzada-anticomunista-y-los-asesinatos-masivos-que-moldearon-nuestro-mundo\/#primaryimage","url":"https:\/\/zapateneo.net\/wordpress\/wp-content\/uploads\/2021\/12\/9788412390247.jpg","contentUrl":"https:\/\/zapateneo.net\/wordpress\/wp-content\/uploads\/2021\/12\/9788412390247.jpg","width":160,"height":250},{"@type":"BreadcrumbList","@id":"https:\/\/zapateneo.net\/wordpress\/index.php\/producto\/el-metodo-yakarta-la-cruzada-anticomunista-y-los-asesinatos-masivos-que-moldearon-nuestro-mundo\/#breadcrumb","itemListElement":[{"@type":"ListItem","position":1,"name":"Portada","item":"https:\/\/zapateneo.net\/wordpress\/"},{"@type":"ListItem","position":2,"name":"Tienda","item":"https:\/\/zapateneo.net\/wordpress\/"},{"@type":"ListItem","position":3,"name":"El m\u00e9todo Yakarta. La cruzada anticomunista y los asesinatos masivos que moldearon nuestro mundo"}]},{"@type":"WebSite","@id":"https:\/\/zapateneo.net\/wordpress\/#website","url":"https:\/\/zapateneo.net\/wordpress\/","name":"Zapateneo","description":"Zapateneoaren webgunea","publisher":{"@id":"https:\/\/zapateneo.net\/wordpress\/#organization"},"potentialAction":[{"@type":"SearchAction","target":{"@type":"EntryPoint","urlTemplate":"https:\/\/zapateneo.net\/wordpress\/?s={search_term_string}"},"query-input":{"@type":"PropertyValueSpecification","valueRequired":true,"valueName":"search_term_string"}}],"inLanguage":"es"},{"@type":"Organization","@id":"https:\/\/zapateneo.net\/wordpress\/#organization","name":"Zapateneo Kultur Elkartea","url":"https:\/\/zapateneo.net\/wordpress\/","logo":{"@type":"ImageObject","inLanguage":"es","@id":"https:\/\/zapateneo.net\/wordpress\/#\/schema\/logo\/image\/","url":"https:\/\/zapateneo.net\/wordpress\/wp-content\/uploads\/2021\/04\/zap-libu-kolec.jpg","contentUrl":"https:\/\/zapateneo.net\/wordpress\/wp-content\/uploads\/2021\/04\/zap-libu-kolec.jpg","width":2234,"height":398,"caption":"Zapateneo Kultur Elkartea"},"image":{"@id":"https:\/\/zapateneo.net\/wordpress\/#\/schema\/logo\/image\/"},"sameAs":["https:\/\/x.com\/zapateneo"]}]}},"_links":{"self":[{"href":"https:\/\/zapateneo.net\/wordpress\/index.php\/wp-json\/wp\/v2\/product\/9893","targetHints":{"allow":["GET"]}}],"collection":[{"href":"https:\/\/zapateneo.net\/wordpress\/index.php\/wp-json\/wp\/v2\/product"}],"about":[{"href":"https:\/\/zapateneo.net\/wordpress\/index.php\/wp-json\/wp\/v2\/types\/product"}],"wp:featuredmedia":[{"embeddable":true,"href":"https:\/\/zapateneo.net\/wordpress\/index.php\/wp-json\/wp\/v2\/media\/9923"}],"wp:attachment":[{"href":"https:\/\/zapateneo.net\/wordpress\/index.php\/wp-json\/wp\/v2\/media?parent=9893"}],"wp:term":[{"taxonomy":"product_brand","embeddable":true,"href":"https:\/\/zapateneo.net\/wordpress\/index.php\/wp-json\/wp\/v2\/product_brand?post=9893"},{"taxonomy":"product_cat","embeddable":true,"href":"https:\/\/zapateneo.net\/wordpress\/index.php\/wp-json\/wp\/v2\/product_cat?post=9893"},{"taxonomy":"product_tag","embeddable":true,"href":"https:\/\/zapateneo.net\/wordpress\/index.php\/wp-json\/wp\/v2\/product_tag?post=9893"}],"curies":[{"name":"wp","href":"https:\/\/api.w.org\/{rel}","templated":true}]}}