{"id":9856,"date":"2021-12-17T11:37:54","date_gmt":"2021-12-17T10:37:54","guid":{"rendered":"https:\/\/zapateneo.net\/wordpress\/?post_type=product&#038;p=9856"},"modified":"2021-12-17T11:38:05","modified_gmt":"2021-12-17T10:38:05","slug":"frantz-fanon-un-relato-fascinante-del-encuentro-de-dos-genios-del-pensamiento-y-la-politica","status":"publish","type":"product","link":"https:\/\/zapateneo.net\/wordpress\/index.php\/producto\/frantz-fanon-un-relato-fascinante-del-encuentro-de-dos-genios-del-pensamiento-y-la-politica\/","title":{"rendered":"Frantz Fanon. Un relato fascinante del encuentro de dos genios del pensamiento y la pol\u00edtica"},"content":{"rendered":"<p>El nombre de Frantz Fanon (1925-1961), escritor, psiquiatra y pensador revolucionario martiniqu\u00e9s, es inseparable de la Guerra de la Independencia argelina y de las luchas anticoloniales del siglo XX. \u00bfPero qui\u00e9n era realmente este hombre de destino deslumbrante? Lo descubrimos aqu\u00ed, en Roma, en agosto de 1961, durante su legendario y misterioso encuentro con Jean-Paul Sartre, quien accedi\u00f3 a prologar prefacio de Les Damn\u00e9s de la terre [Los condenados de la tierra], su explosivo ensayo con el valor de un manifiesto anticolonialista. Estos tres d\u00edas de encuentro son de una intensidad dram\u00e1tica singular: mientras que los pa\u00edses africanos acceden \u2013dolorosamente\u2013 a sus independencias coloniales y el destino de Argelia est\u00e1 en juego, Fanon, gravemente enfermo, narra su vida y sus luchas, despliega sus ideas y contradice al famoso fil\u00f3sofo, que est\u00e1 acompa\u00f1ado por Simone de Beauvoir y Claude Lanzmann. Fanon y Sartre, es el encuentro de dos gigantes, dos mundos, dos colores de piel, dos formas de compromiso. Pero \u00bfes la verdad de uno exactamente igual a la del otro, con un tel\u00f3n de fondo de amistad y de posible traici\u00f3n?<\/p>\n","protected":false},"excerpt":{"rendered":"<p><strong>Fr\u00e9d\u00e9ric Ciriez<\/strong><br \/>\n9788446050704 &#8211; Akal &#8211;  &#8211; 240 p\u00e1ginas \/orri.<\/p>\n","protected":false},"featured_media":9880,"template":"","meta":[],"product_brand":[],"product_cat":[167,16],"product_tag":[437,5114],"class_list":{"0":"post-9856","1":"product","2":"type-product","3":"status-publish","4":"has-post-thumbnail","6":"product_cat-comics-komikiak","7":"product_cat-libros","8":"product_tag-akal","9":"product_tag-frederic-ciriez","11":"first","12":"instock","13":"sold-individually","14":"shipping-taxable","15":"purchasable","16":"product-type-simple"},"yoast_head":"<!-- This site is optimized with the Yoast SEO plugin v27.3 - https:\/\/yoast.com\/product\/yoast-seo-wordpress\/ -->\n<title>Frantz Fanon. Un relato fascinante del encuentro de dos genios del pensamiento y la pol\u00edtica &#8212; Zapateneo<\/title>\n<meta name=\"robots\" content=\"index, follow, max-snippet:-1, max-image-preview:large, max-video-preview:-1\" \/>\n<link rel=\"canonical\" href=\"https:\/\/zapateneo.net\/wordpress\/index.php\/producto\/frantz-fanon-un-relato-fascinante-del-encuentro-de-dos-genios-del-pensamiento-y-la-politica\/\" \/>\n<meta property=\"og:locale\" content=\"es_ES\" \/>\n<meta property=\"og:type\" content=\"article\" \/>\n<meta property=\"og:title\" content=\"Frantz Fanon. Un relato fascinante del encuentro de dos genios del pensamiento y la pol\u00edtica &#8212; Zapateneo\" \/>\n<meta property=\"og:description\" content=\"Fr\u00e9d\u00e9ric Ciriez 9788446050704 - Akal - - 240 p\u00e1ginas \/orri.\" \/>\n<meta property=\"og:url\" content=\"https:\/\/zapateneo.net\/wordpress\/index.php\/producto\/frantz-fanon-un-relato-fascinante-del-encuentro-de-dos-genios-del-pensamiento-y-la-politica\/\" \/>\n<meta property=\"og:site_name\" content=\"Zapateneo\" \/>\n<meta property=\"article:modified_time\" content=\"2021-12-17T10:38:05+00:00\" \/>\n<meta name=\"twitter:card\" content=\"summary_large_image\" \/>\n<meta name=\"twitter:site\" content=\"@zapateneo\" \/>\n<meta name=\"twitter:label1\" content=\"Tiempo de lectura\" \/>\n\t<meta name=\"twitter:data1\" content=\"1 minuto\" \/>\n<script type=\"application\/ld+json\" class=\"yoast-schema-graph\">{\"@context\":\"https:\\\/\\\/schema.org\",\"@graph\":[{\"@type\":\"WebPage\",\"@id\":\"https:\\\/\\\/zapateneo.net\\\/wordpress\\\/index.php\\\/producto\\\/frantz-fanon-un-relato-fascinante-del-encuentro-de-dos-genios-del-pensamiento-y-la-politica\\\/\",\"url\":\"https:\\\/\\\/zapateneo.net\\\/wordpress\\\/index.php\\\/producto\\\/frantz-fanon-un-relato-fascinante-del-encuentro-de-dos-genios-del-pensamiento-y-la-politica\\\/\",\"name\":\"Frantz Fanon. Un relato fascinante del encuentro de dos genios del pensamiento y la pol\u00edtica &#8212; Zapateneo\",\"isPartOf\":{\"@id\":\"https:\\\/\\\/zapateneo.net\\\/wordpress\\\/#website\"},\"primaryImageOfPage\":{\"@id\":\"https:\\\/\\\/zapateneo.net\\\/wordpress\\\/index.php\\\/producto\\\/frantz-fanon-un-relato-fascinante-del-encuentro-de-dos-genios-del-pensamiento-y-la-politica\\\/#primaryimage\"},\"image\":{\"@id\":\"https:\\\/\\\/zapateneo.net\\\/wordpress\\\/index.php\\\/producto\\\/frantz-fanon-un-relato-fascinante-del-encuentro-de-dos-genios-del-pensamiento-y-la-politica\\\/#primaryimage\"},\"thumbnailUrl\":\"https:\\\/\\\/zapateneo.net\\\/wordpress\\\/wp-content\\\/uploads\\\/2021\\\/12\\\/9788446050704.jpg\",\"datePublished\":\"2021-12-17T10:37:54+00:00\",\"dateModified\":\"2021-12-17T10:38:05+00:00\",\"breadcrumb\":{\"@id\":\"https:\\\/\\\/zapateneo.net\\\/wordpress\\\/index.php\\\/producto\\\/frantz-fanon-un-relato-fascinante-del-encuentro-de-dos-genios-del-pensamiento-y-la-politica\\\/#breadcrumb\"},\"inLanguage\":\"es\",\"potentialAction\":[{\"@type\":\"ReadAction\",\"target\":[\"https:\\\/\\\/zapateneo.net\\\/wordpress\\\/index.php\\\/producto\\\/frantz-fanon-un-relato-fascinante-del-encuentro-de-dos-genios-del-pensamiento-y-la-politica\\\/\"]}]},{\"@type\":\"ImageObject\",\"inLanguage\":\"es\",\"@id\":\"https:\\\/\\\/zapateneo.net\\\/wordpress\\\/index.php\\\/producto\\\/frantz-fanon-un-relato-fascinante-del-encuentro-de-dos-genios-del-pensamiento-y-la-politica\\\/#primaryimage\",\"url\":\"https:\\\/\\\/zapateneo.net\\\/wordpress\\\/wp-content\\\/uploads\\\/2021\\\/12\\\/9788446050704.jpg\",\"contentUrl\":\"https:\\\/\\\/zapateneo.net\\\/wordpress\\\/wp-content\\\/uploads\\\/2021\\\/12\\\/9788446050704.jpg\",\"width\":160,\"height\":229},{\"@type\":\"BreadcrumbList\",\"@id\":\"https:\\\/\\\/zapateneo.net\\\/wordpress\\\/index.php\\\/producto\\\/frantz-fanon-un-relato-fascinante-del-encuentro-de-dos-genios-del-pensamiento-y-la-politica\\\/#breadcrumb\",\"itemListElement\":[{\"@type\":\"ListItem\",\"position\":1,\"name\":\"Portada\",\"item\":\"https:\\\/\\\/zapateneo.net\\\/wordpress\\\/\"},{\"@type\":\"ListItem\",\"position\":2,\"name\":\"Tienda\",\"item\":\"https:\\\/\\\/zapateneo.net\\\/wordpress\\\/\"},{\"@type\":\"ListItem\",\"position\":3,\"name\":\"Frantz Fanon. Un relato fascinante del encuentro de dos genios del pensamiento y la pol\u00edtica\"}]},{\"@type\":\"WebSite\",\"@id\":\"https:\\\/\\\/zapateneo.net\\\/wordpress\\\/#website\",\"url\":\"https:\\\/\\\/zapateneo.net\\\/wordpress\\\/\",\"name\":\"Zapateneo\",\"description\":\"Zapateneoaren webgunea\",\"publisher\":{\"@id\":\"https:\\\/\\\/zapateneo.net\\\/wordpress\\\/#organization\"},\"potentialAction\":[{\"@type\":\"SearchAction\",\"target\":{\"@type\":\"EntryPoint\",\"urlTemplate\":\"https:\\\/\\\/zapateneo.net\\\/wordpress\\\/?s={search_term_string}\"},\"query-input\":{\"@type\":\"PropertyValueSpecification\",\"valueRequired\":true,\"valueName\":\"search_term_string\"}}],\"inLanguage\":\"es\"},{\"@type\":\"Organization\",\"@id\":\"https:\\\/\\\/zapateneo.net\\\/wordpress\\\/#organization\",\"name\":\"Zapateneo Kultur Elkartea\",\"url\":\"https:\\\/\\\/zapateneo.net\\\/wordpress\\\/\",\"logo\":{\"@type\":\"ImageObject\",\"inLanguage\":\"es\",\"@id\":\"https:\\\/\\\/zapateneo.net\\\/wordpress\\\/#\\\/schema\\\/logo\\\/image\\\/\",\"url\":\"https:\\\/\\\/zapateneo.net\\\/wordpress\\\/wp-content\\\/uploads\\\/2021\\\/04\\\/zap-libu-kolec.jpg\",\"contentUrl\":\"https:\\\/\\\/zapateneo.net\\\/wordpress\\\/wp-content\\\/uploads\\\/2021\\\/04\\\/zap-libu-kolec.jpg\",\"width\":2234,\"height\":398,\"caption\":\"Zapateneo Kultur Elkartea\"},\"image\":{\"@id\":\"https:\\\/\\\/zapateneo.net\\\/wordpress\\\/#\\\/schema\\\/logo\\\/image\\\/\"},\"sameAs\":[\"https:\\\/\\\/x.com\\\/zapateneo\"]}]}<\/script>\n<!-- \/ Yoast SEO plugin. -->","yoast_head_json":{"title":"Frantz Fanon. Un relato fascinante del encuentro de dos genios del pensamiento y la pol\u00edtica &#8212; Zapateneo","robots":{"index":"index","follow":"follow","max-snippet":"max-snippet:-1","max-image-preview":"max-image-preview:large","max-video-preview":"max-video-preview:-1"},"canonical":"https:\/\/zapateneo.net\/wordpress\/index.php\/producto\/frantz-fanon-un-relato-fascinante-del-encuentro-de-dos-genios-del-pensamiento-y-la-politica\/","og_locale":"es_ES","og_type":"article","og_title":"Frantz Fanon. Un relato fascinante del encuentro de dos genios del pensamiento y la pol\u00edtica &#8212; Zapateneo","og_description":"Fr\u00e9d\u00e9ric Ciriez 9788446050704 - Akal - - 240 p\u00e1ginas \/orri.","og_url":"https:\/\/zapateneo.net\/wordpress\/index.php\/producto\/frantz-fanon-un-relato-fascinante-del-encuentro-de-dos-genios-del-pensamiento-y-la-politica\/","og_site_name":"Zapateneo","article_modified_time":"2021-12-17T10:38:05+00:00","twitter_card":"summary_large_image","twitter_site":"@zapateneo","twitter_misc":{"Tiempo de lectura":"1 minuto"},"schema":{"@context":"https:\/\/schema.org","@graph":[{"@type":"WebPage","@id":"https:\/\/zapateneo.net\/wordpress\/index.php\/producto\/frantz-fanon-un-relato-fascinante-del-encuentro-de-dos-genios-del-pensamiento-y-la-politica\/","url":"https:\/\/zapateneo.net\/wordpress\/index.php\/producto\/frantz-fanon-un-relato-fascinante-del-encuentro-de-dos-genios-del-pensamiento-y-la-politica\/","name":"Frantz Fanon. Un relato fascinante del encuentro de dos genios del pensamiento y la pol\u00edtica &#8212; Zapateneo","isPartOf":{"@id":"https:\/\/zapateneo.net\/wordpress\/#website"},"primaryImageOfPage":{"@id":"https:\/\/zapateneo.net\/wordpress\/index.php\/producto\/frantz-fanon-un-relato-fascinante-del-encuentro-de-dos-genios-del-pensamiento-y-la-politica\/#primaryimage"},"image":{"@id":"https:\/\/zapateneo.net\/wordpress\/index.php\/producto\/frantz-fanon-un-relato-fascinante-del-encuentro-de-dos-genios-del-pensamiento-y-la-politica\/#primaryimage"},"thumbnailUrl":"https:\/\/zapateneo.net\/wordpress\/wp-content\/uploads\/2021\/12\/9788446050704.jpg","datePublished":"2021-12-17T10:37:54+00:00","dateModified":"2021-12-17T10:38:05+00:00","breadcrumb":{"@id":"https:\/\/zapateneo.net\/wordpress\/index.php\/producto\/frantz-fanon-un-relato-fascinante-del-encuentro-de-dos-genios-del-pensamiento-y-la-politica\/#breadcrumb"},"inLanguage":"es","potentialAction":[{"@type":"ReadAction","target":["https:\/\/zapateneo.net\/wordpress\/index.php\/producto\/frantz-fanon-un-relato-fascinante-del-encuentro-de-dos-genios-del-pensamiento-y-la-politica\/"]}]},{"@type":"ImageObject","inLanguage":"es","@id":"https:\/\/zapateneo.net\/wordpress\/index.php\/producto\/frantz-fanon-un-relato-fascinante-del-encuentro-de-dos-genios-del-pensamiento-y-la-politica\/#primaryimage","url":"https:\/\/zapateneo.net\/wordpress\/wp-content\/uploads\/2021\/12\/9788446050704.jpg","contentUrl":"https:\/\/zapateneo.net\/wordpress\/wp-content\/uploads\/2021\/12\/9788446050704.jpg","width":160,"height":229},{"@type":"BreadcrumbList","@id":"https:\/\/zapateneo.net\/wordpress\/index.php\/producto\/frantz-fanon-un-relato-fascinante-del-encuentro-de-dos-genios-del-pensamiento-y-la-politica\/#breadcrumb","itemListElement":[{"@type":"ListItem","position":1,"name":"Portada","item":"https:\/\/zapateneo.net\/wordpress\/"},{"@type":"ListItem","position":2,"name":"Tienda","item":"https:\/\/zapateneo.net\/wordpress\/"},{"@type":"ListItem","position":3,"name":"Frantz Fanon. Un relato fascinante del encuentro de dos genios del pensamiento y la pol\u00edtica"}]},{"@type":"WebSite","@id":"https:\/\/zapateneo.net\/wordpress\/#website","url":"https:\/\/zapateneo.net\/wordpress\/","name":"Zapateneo","description":"Zapateneoaren webgunea","publisher":{"@id":"https:\/\/zapateneo.net\/wordpress\/#organization"},"potentialAction":[{"@type":"SearchAction","target":{"@type":"EntryPoint","urlTemplate":"https:\/\/zapateneo.net\/wordpress\/?s={search_term_string}"},"query-input":{"@type":"PropertyValueSpecification","valueRequired":true,"valueName":"search_term_string"}}],"inLanguage":"es"},{"@type":"Organization","@id":"https:\/\/zapateneo.net\/wordpress\/#organization","name":"Zapateneo Kultur Elkartea","url":"https:\/\/zapateneo.net\/wordpress\/","logo":{"@type":"ImageObject","inLanguage":"es","@id":"https:\/\/zapateneo.net\/wordpress\/#\/schema\/logo\/image\/","url":"https:\/\/zapateneo.net\/wordpress\/wp-content\/uploads\/2021\/04\/zap-libu-kolec.jpg","contentUrl":"https:\/\/zapateneo.net\/wordpress\/wp-content\/uploads\/2021\/04\/zap-libu-kolec.jpg","width":2234,"height":398,"caption":"Zapateneo Kultur Elkartea"},"image":{"@id":"https:\/\/zapateneo.net\/wordpress\/#\/schema\/logo\/image\/"},"sameAs":["https:\/\/x.com\/zapateneo"]}]}},"_links":{"self":[{"href":"https:\/\/zapateneo.net\/wordpress\/index.php\/wp-json\/wp\/v2\/product\/9856","targetHints":{"allow":["GET"]}}],"collection":[{"href":"https:\/\/zapateneo.net\/wordpress\/index.php\/wp-json\/wp\/v2\/product"}],"about":[{"href":"https:\/\/zapateneo.net\/wordpress\/index.php\/wp-json\/wp\/v2\/types\/product"}],"wp:featuredmedia":[{"embeddable":true,"href":"https:\/\/zapateneo.net\/wordpress\/index.php\/wp-json\/wp\/v2\/media\/9880"}],"wp:attachment":[{"href":"https:\/\/zapateneo.net\/wordpress\/index.php\/wp-json\/wp\/v2\/media?parent=9856"}],"wp:term":[{"taxonomy":"product_brand","embeddable":true,"href":"https:\/\/zapateneo.net\/wordpress\/index.php\/wp-json\/wp\/v2\/product_brand?post=9856"},{"taxonomy":"product_cat","embeddable":true,"href":"https:\/\/zapateneo.net\/wordpress\/index.php\/wp-json\/wp\/v2\/product_cat?post=9856"},{"taxonomy":"product_tag","embeddable":true,"href":"https:\/\/zapateneo.net\/wordpress\/index.php\/wp-json\/wp\/v2\/product_tag?post=9856"}],"curies":[{"name":"wp","href":"https:\/\/api.w.org\/{rel}","templated":true}]}}