{"id":9854,"date":"2021-12-17T11:37:54","date_gmt":"2021-12-17T10:37:54","guid":{"rendered":"https:\/\/zapateneo.net\/wordpress\/?post_type=product&#038;p=9854"},"modified":"2021-12-17T11:38:04","modified_gmt":"2021-12-17T10:38:04","slug":"como-nos-liberamos-el-feminismo-negro-y-el-colectivo-combahee-river","status":"publish","type":"product","link":"https:\/\/zapateneo.net\/wordpress\/index.php\/producto\/como-nos-liberamos-el-feminismo-negro-y-el-colectivo-combahee-river\/","title":{"rendered":"C\u00f3mo nos liberamos. El Feminismo Negro y el Colectivo Combahee River"},"content":{"rendered":"<p>En los \u00faltimos a\u00f1os, el Feminismo Negro ha vuelto a emerger como el marco anal\u00edtico para la respuesta militante a la opresi\u00f3n de las mujeres trans de color, la lucha por los derechos reproductivos y, naturalmente, el movimiento en contra de la violencia y los abusos policiales. Las organizaciones y las activistas m\u00e1s visibles conectadas con el movimiento Black Lives Matter hablan abiertamente sobre c\u00f3mo el Feminismo Negro conforma sus pol\u00edticas y estrategias actualmente. La irrupci\u00f3n del Feminismo Negro fue determinante para abrir espacios en la investigaci\u00f3n intelectual y a un estudio m\u00e1s profundo de las vidas de las personas oprimidas dentro del mundo acad\u00e9mico de una manera m\u00e1s general. Pero el Feminismo Negro es tambi\u00e9n una gu\u00eda hacia la acci\u00f3n y la liberaci\u00f3n pol\u00edticos. Si separamos el an\u00e1lisis pol\u00edtico de las luchas y los movimientos, \u00e9sta deviene abstracta y desconectada del radicalismo que le dio fuerza al inicio. Este libro es un retorno a este esp\u00edritu fundacional. C\u00f3mo nos liberamos, es un esfuerzo por volver a conectar las ra\u00edces profundas del an\u00e1lisis y la pr\u00e1ctica del feminismo Negro con los esfuerzos actuales de organizaci\u00f3n. Del mismo modo que el marxismo se convirti\u00f3 en una herramienta para el an\u00e1lisis cr\u00edtico, el Feminismo Negro tambi\u00e9n encontr\u00f3 su lugar en los c\u00edrculos acad\u00e9micos a medida que los movimientos pol\u00edticos que hab\u00edan propiciado el impulso comenzaron a abandonar las calles. El Colectivo Combahee River, un grupo pionero de feministas negras radicales, fue una de las organizaciones m\u00e1s importantes que se desarroll\u00f3 a partir de los movimientos antirracistas y de liberaci\u00f3n de las mujeres de los a\u00f1os sesenta y setenta. En esta colecci\u00f3n de ensayos y entrevistas editada por la acad\u00e9mica activista Keeanga-Yamahtta Taylor, las fundadoras de la organizaci\u00f3n y activistas contempor\u00e1neas reflexionan sobre el legado de sus contribuciones al Feminismo Negro y su impacto en las luchas actuales.<\/p>\n","protected":false},"excerpt":{"rendered":"<p><strong>Taylor Keeanga-Yamahtta<\/strong><br \/>\n9788418684371 &#8211; Bellaterra &#8211; 2021 &#8211; 180 p\u00e1ginas \/orri.<\/p>\n","protected":false},"featured_media":9878,"template":"","meta":[],"product_brand":[],"product_cat":[174,16],"product_tag":[92,5112],"class_list":{"0":"post-9854","1":"product","2":"type-product","3":"status-publish","4":"has-post-thumbnail","6":"product_cat-generoak-generos","7":"product_cat-libros","8":"product_tag-bellaterra","9":"product_tag-taylor-keeanga-yamahtta","11":"first","12":"instock","13":"sold-individually","14":"shipping-taxable","15":"purchasable","16":"product-type-simple"},"yoast_head":"<!-- This site is optimized with the Yoast SEO plugin v27.4 - https:\/\/yoast.com\/product\/yoast-seo-wordpress\/ -->\n<title>C\u00f3mo nos liberamos. El Feminismo Negro y el Colectivo Combahee River &#8212; Zapateneo<\/title>\n<meta name=\"robots\" content=\"index, follow, max-snippet:-1, max-image-preview:large, max-video-preview:-1\" \/>\n<link rel=\"canonical\" href=\"https:\/\/zapateneo.net\/wordpress\/index.php\/producto\/como-nos-liberamos-el-feminismo-negro-y-el-colectivo-combahee-river\/\" \/>\n<meta property=\"og:locale\" content=\"es_ES\" \/>\n<meta property=\"og:type\" content=\"article\" \/>\n<meta property=\"og:title\" content=\"C\u00f3mo nos liberamos. El Feminismo Negro y el Colectivo Combahee River &#8212; Zapateneo\" \/>\n<meta property=\"og:description\" content=\"Taylor Keeanga-Yamahtta 9788418684371 - Bellaterra - 2021 - 180 p\u00e1ginas \/orri.\" \/>\n<meta property=\"og:url\" content=\"https:\/\/zapateneo.net\/wordpress\/index.php\/producto\/como-nos-liberamos-el-feminismo-negro-y-el-colectivo-combahee-river\/\" \/>\n<meta property=\"og:site_name\" content=\"Zapateneo\" \/>\n<meta property=\"article:modified_time\" content=\"2021-12-17T10:38:04+00:00\" \/>\n<meta name=\"twitter:card\" content=\"summary_large_image\" \/>\n<meta name=\"twitter:site\" content=\"@zapateneo\" \/>\n<meta name=\"twitter:label1\" content=\"Tiempo de lectura\" \/>\n\t<meta name=\"twitter:data1\" content=\"2 minutos\" \/>\n<script type=\"application\/ld+json\" class=\"yoast-schema-graph\">{\"@context\":\"https:\\\/\\\/schema.org\",\"@graph\":[{\"@type\":\"WebPage\",\"@id\":\"https:\\\/\\\/zapateneo.net\\\/wordpress\\\/index.php\\\/producto\\\/como-nos-liberamos-el-feminismo-negro-y-el-colectivo-combahee-river\\\/\",\"url\":\"https:\\\/\\\/zapateneo.net\\\/wordpress\\\/index.php\\\/producto\\\/como-nos-liberamos-el-feminismo-negro-y-el-colectivo-combahee-river\\\/\",\"name\":\"C\u00f3mo nos liberamos. El Feminismo Negro y el Colectivo Combahee River &#8212; Zapateneo\",\"isPartOf\":{\"@id\":\"https:\\\/\\\/zapateneo.net\\\/wordpress\\\/#website\"},\"primaryImageOfPage\":{\"@id\":\"https:\\\/\\\/zapateneo.net\\\/wordpress\\\/index.php\\\/producto\\\/como-nos-liberamos-el-feminismo-negro-y-el-colectivo-combahee-river\\\/#primaryimage\"},\"image\":{\"@id\":\"https:\\\/\\\/zapateneo.net\\\/wordpress\\\/index.php\\\/producto\\\/como-nos-liberamos-el-feminismo-negro-y-el-colectivo-combahee-river\\\/#primaryimage\"},\"thumbnailUrl\":\"https:\\\/\\\/zapateneo.net\\\/wordpress\\\/wp-content\\\/uploads\\\/2021\\\/12\\\/9788418684371.jpg\",\"datePublished\":\"2021-12-17T10:37:54+00:00\",\"dateModified\":\"2021-12-17T10:38:04+00:00\",\"breadcrumb\":{\"@id\":\"https:\\\/\\\/zapateneo.net\\\/wordpress\\\/index.php\\\/producto\\\/como-nos-liberamos-el-feminismo-negro-y-el-colectivo-combahee-river\\\/#breadcrumb\"},\"inLanguage\":\"es\",\"potentialAction\":[{\"@type\":\"ReadAction\",\"target\":[\"https:\\\/\\\/zapateneo.net\\\/wordpress\\\/index.php\\\/producto\\\/como-nos-liberamos-el-feminismo-negro-y-el-colectivo-combahee-river\\\/\"]}]},{\"@type\":\"ImageObject\",\"inLanguage\":\"es\",\"@id\":\"https:\\\/\\\/zapateneo.net\\\/wordpress\\\/index.php\\\/producto\\\/como-nos-liberamos-el-feminismo-negro-y-el-colectivo-combahee-river\\\/#primaryimage\",\"url\":\"https:\\\/\\\/zapateneo.net\\\/wordpress\\\/wp-content\\\/uploads\\\/2021\\\/12\\\/9788418684371.jpg\",\"contentUrl\":\"https:\\\/\\\/zapateneo.net\\\/wordpress\\\/wp-content\\\/uploads\\\/2021\\\/12\\\/9788418684371.jpg\",\"width\":160,\"height\":246},{\"@type\":\"BreadcrumbList\",\"@id\":\"https:\\\/\\\/zapateneo.net\\\/wordpress\\\/index.php\\\/producto\\\/como-nos-liberamos-el-feminismo-negro-y-el-colectivo-combahee-river\\\/#breadcrumb\",\"itemListElement\":[{\"@type\":\"ListItem\",\"position\":1,\"name\":\"Portada\",\"item\":\"https:\\\/\\\/zapateneo.net\\\/wordpress\\\/\"},{\"@type\":\"ListItem\",\"position\":2,\"name\":\"Tienda\",\"item\":\"https:\\\/\\\/zapateneo.net\\\/wordpress\\\/\"},{\"@type\":\"ListItem\",\"position\":3,\"name\":\"C\u00f3mo nos liberamos. El Feminismo Negro y el Colectivo Combahee River\"}]},{\"@type\":\"WebSite\",\"@id\":\"https:\\\/\\\/zapateneo.net\\\/wordpress\\\/#website\",\"url\":\"https:\\\/\\\/zapateneo.net\\\/wordpress\\\/\",\"name\":\"Zapateneo\",\"description\":\"Zapateneoaren webgunea\",\"publisher\":{\"@id\":\"https:\\\/\\\/zapateneo.net\\\/wordpress\\\/#organization\"},\"potentialAction\":[{\"@type\":\"SearchAction\",\"target\":{\"@type\":\"EntryPoint\",\"urlTemplate\":\"https:\\\/\\\/zapateneo.net\\\/wordpress\\\/?s={search_term_string}\"},\"query-input\":{\"@type\":\"PropertyValueSpecification\",\"valueRequired\":true,\"valueName\":\"search_term_string\"}}],\"inLanguage\":\"es\"},{\"@type\":\"Organization\",\"@id\":\"https:\\\/\\\/zapateneo.net\\\/wordpress\\\/#organization\",\"name\":\"Zapateneo Kultur Elkartea\",\"url\":\"https:\\\/\\\/zapateneo.net\\\/wordpress\\\/\",\"logo\":{\"@type\":\"ImageObject\",\"inLanguage\":\"es\",\"@id\":\"https:\\\/\\\/zapateneo.net\\\/wordpress\\\/#\\\/schema\\\/logo\\\/image\\\/\",\"url\":\"https:\\\/\\\/zapateneo.net\\\/wordpress\\\/wp-content\\\/uploads\\\/2021\\\/04\\\/zap-libu-kolec.jpg\",\"contentUrl\":\"https:\\\/\\\/zapateneo.net\\\/wordpress\\\/wp-content\\\/uploads\\\/2021\\\/04\\\/zap-libu-kolec.jpg\",\"width\":2234,\"height\":398,\"caption\":\"Zapateneo Kultur Elkartea\"},\"image\":{\"@id\":\"https:\\\/\\\/zapateneo.net\\\/wordpress\\\/#\\\/schema\\\/logo\\\/image\\\/\"},\"sameAs\":[\"https:\\\/\\\/x.com\\\/zapateneo\"]}]}<\/script>\n<!-- \/ Yoast SEO plugin. -->","yoast_head_json":{"title":"C\u00f3mo nos liberamos. El Feminismo Negro y el Colectivo Combahee River &#8212; Zapateneo","robots":{"index":"index","follow":"follow","max-snippet":"max-snippet:-1","max-image-preview":"max-image-preview:large","max-video-preview":"max-video-preview:-1"},"canonical":"https:\/\/zapateneo.net\/wordpress\/index.php\/producto\/como-nos-liberamos-el-feminismo-negro-y-el-colectivo-combahee-river\/","og_locale":"es_ES","og_type":"article","og_title":"C\u00f3mo nos liberamos. El Feminismo Negro y el Colectivo Combahee River &#8212; Zapateneo","og_description":"Taylor Keeanga-Yamahtta 9788418684371 - Bellaterra - 2021 - 180 p\u00e1ginas \/orri.","og_url":"https:\/\/zapateneo.net\/wordpress\/index.php\/producto\/como-nos-liberamos-el-feminismo-negro-y-el-colectivo-combahee-river\/","og_site_name":"Zapateneo","article_modified_time":"2021-12-17T10:38:04+00:00","twitter_card":"summary_large_image","twitter_site":"@zapateneo","twitter_misc":{"Tiempo de lectura":"2 minutos"},"schema":{"@context":"https:\/\/schema.org","@graph":[{"@type":"WebPage","@id":"https:\/\/zapateneo.net\/wordpress\/index.php\/producto\/como-nos-liberamos-el-feminismo-negro-y-el-colectivo-combahee-river\/","url":"https:\/\/zapateneo.net\/wordpress\/index.php\/producto\/como-nos-liberamos-el-feminismo-negro-y-el-colectivo-combahee-river\/","name":"C\u00f3mo nos liberamos. El Feminismo Negro y el Colectivo Combahee River &#8212; Zapateneo","isPartOf":{"@id":"https:\/\/zapateneo.net\/wordpress\/#website"},"primaryImageOfPage":{"@id":"https:\/\/zapateneo.net\/wordpress\/index.php\/producto\/como-nos-liberamos-el-feminismo-negro-y-el-colectivo-combahee-river\/#primaryimage"},"image":{"@id":"https:\/\/zapateneo.net\/wordpress\/index.php\/producto\/como-nos-liberamos-el-feminismo-negro-y-el-colectivo-combahee-river\/#primaryimage"},"thumbnailUrl":"https:\/\/zapateneo.net\/wordpress\/wp-content\/uploads\/2021\/12\/9788418684371.jpg","datePublished":"2021-12-17T10:37:54+00:00","dateModified":"2021-12-17T10:38:04+00:00","breadcrumb":{"@id":"https:\/\/zapateneo.net\/wordpress\/index.php\/producto\/como-nos-liberamos-el-feminismo-negro-y-el-colectivo-combahee-river\/#breadcrumb"},"inLanguage":"es","potentialAction":[{"@type":"ReadAction","target":["https:\/\/zapateneo.net\/wordpress\/index.php\/producto\/como-nos-liberamos-el-feminismo-negro-y-el-colectivo-combahee-river\/"]}]},{"@type":"ImageObject","inLanguage":"es","@id":"https:\/\/zapateneo.net\/wordpress\/index.php\/producto\/como-nos-liberamos-el-feminismo-negro-y-el-colectivo-combahee-river\/#primaryimage","url":"https:\/\/zapateneo.net\/wordpress\/wp-content\/uploads\/2021\/12\/9788418684371.jpg","contentUrl":"https:\/\/zapateneo.net\/wordpress\/wp-content\/uploads\/2021\/12\/9788418684371.jpg","width":160,"height":246},{"@type":"BreadcrumbList","@id":"https:\/\/zapateneo.net\/wordpress\/index.php\/producto\/como-nos-liberamos-el-feminismo-negro-y-el-colectivo-combahee-river\/#breadcrumb","itemListElement":[{"@type":"ListItem","position":1,"name":"Portada","item":"https:\/\/zapateneo.net\/wordpress\/"},{"@type":"ListItem","position":2,"name":"Tienda","item":"https:\/\/zapateneo.net\/wordpress\/"},{"@type":"ListItem","position":3,"name":"C\u00f3mo nos liberamos. El Feminismo Negro y el Colectivo Combahee River"}]},{"@type":"WebSite","@id":"https:\/\/zapateneo.net\/wordpress\/#website","url":"https:\/\/zapateneo.net\/wordpress\/","name":"Zapateneo","description":"Zapateneoaren webgunea","publisher":{"@id":"https:\/\/zapateneo.net\/wordpress\/#organization"},"potentialAction":[{"@type":"SearchAction","target":{"@type":"EntryPoint","urlTemplate":"https:\/\/zapateneo.net\/wordpress\/?s={search_term_string}"},"query-input":{"@type":"PropertyValueSpecification","valueRequired":true,"valueName":"search_term_string"}}],"inLanguage":"es"},{"@type":"Organization","@id":"https:\/\/zapateneo.net\/wordpress\/#organization","name":"Zapateneo Kultur Elkartea","url":"https:\/\/zapateneo.net\/wordpress\/","logo":{"@type":"ImageObject","inLanguage":"es","@id":"https:\/\/zapateneo.net\/wordpress\/#\/schema\/logo\/image\/","url":"https:\/\/zapateneo.net\/wordpress\/wp-content\/uploads\/2021\/04\/zap-libu-kolec.jpg","contentUrl":"https:\/\/zapateneo.net\/wordpress\/wp-content\/uploads\/2021\/04\/zap-libu-kolec.jpg","width":2234,"height":398,"caption":"Zapateneo Kultur Elkartea"},"image":{"@id":"https:\/\/zapateneo.net\/wordpress\/#\/schema\/logo\/image\/"},"sameAs":["https:\/\/x.com\/zapateneo"]}]}},"_links":{"self":[{"href":"https:\/\/zapateneo.net\/wordpress\/index.php\/wp-json\/wp\/v2\/product\/9854","targetHints":{"allow":["GET"]}}],"collection":[{"href":"https:\/\/zapateneo.net\/wordpress\/index.php\/wp-json\/wp\/v2\/product"}],"about":[{"href":"https:\/\/zapateneo.net\/wordpress\/index.php\/wp-json\/wp\/v2\/types\/product"}],"wp:featuredmedia":[{"embeddable":true,"href":"https:\/\/zapateneo.net\/wordpress\/index.php\/wp-json\/wp\/v2\/media\/9878"}],"wp:attachment":[{"href":"https:\/\/zapateneo.net\/wordpress\/index.php\/wp-json\/wp\/v2\/media?parent=9854"}],"wp:term":[{"taxonomy":"product_brand","embeddable":true,"href":"https:\/\/zapateneo.net\/wordpress\/index.php\/wp-json\/wp\/v2\/product_brand?post=9854"},{"taxonomy":"product_cat","embeddable":true,"href":"https:\/\/zapateneo.net\/wordpress\/index.php\/wp-json\/wp\/v2\/product_cat?post=9854"},{"taxonomy":"product_tag","embeddable":true,"href":"https:\/\/zapateneo.net\/wordpress\/index.php\/wp-json\/wp\/v2\/product_tag?post=9854"}],"curies":[{"name":"wp","href":"https:\/\/api.w.org\/{rel}","templated":true}]}}