{"id":9843,"date":"2021-12-17T11:37:52","date_gmt":"2021-12-17T10:37:52","guid":{"rendered":"https:\/\/zapateneo.net\/wordpress\/?post_type=product&#038;p=9843"},"modified":"2021-12-17T11:38:00","modified_gmt":"2021-12-17T10:38:00","slug":"la-apuesta-perdida-ludopatia-ciudad-y-resistencia","status":"publish","type":"product","link":"https:\/\/zapateneo.net\/wordpress\/index.php\/producto\/la-apuesta-perdida-ludopatia-ciudad-y-resistencia\/","title":{"rendered":"La apuesta perdida. Ludopat\u00eda, ciudad y resistencia"},"content":{"rendered":"<p>El auge de las casas de apuestas en Espa\u00f1a es un s\u00edntoma de \u00e9poca. La mayor\u00eda de locales de juegos de azar y apuestas deportivas abren las puertas a los barrios con menos renta, y la posibilidad de jugar desde cualquier lugar mediante dispositivos electr\u00f3nicos ha favorecido que el nuevo perfil de lud\u00f3pata cada vez sea m\u00e1s joven. La crisis econ\u00f3mica y la falta de expectativas de toda una generaci\u00f3n enlazan con la apertura del siguiente Sportium. En estas p\u00e1ginas se aborda el conjunto de fen\u00f3menos sociales que atraviesan, superan y hacen posible la ludopat\u00eda. Desde la noci\u00f3n de juego y como se ha incorporado al mundo de las apuestas hasta las transformaciones en la ciudad y su impacto en la manera que tenemos de relacionarnos. Nos situamos en los m\u00e1rgenes y nos preguntamos qu\u00e9 relaci\u00f3n tiene la propiedad de estas empresas con las transformaciones en el capitalismo actual, o c\u00f3mo podemos incorporar una perspectiva de g\u00e9nero en pensar en las mujeres jugadoras. El control policial en el llamado espacio p\u00fablico vac\u00eda las calles y llena los locales de juego, pero la respuesta de barrio tejida a trav\u00e9s de los movimientos sociales lanza un mensaje claro: la soluci\u00f3n pasa por el colectivo. El resto es una apuesta perdida.<\/p>\n","protected":false},"excerpt":{"rendered":"<p><strong>Cristina Barrial<\/strong><br \/>\n9788418684906 &#8211; Bellaterra &#8211; 2021 &#8211; 150 p\u00e1ginas \/orri.<\/p>\n","protected":false},"featured_media":9867,"template":"","meta":[],"product_brand":[],"product_cat":[181,16],"product_tag":[92,5100],"class_list":{"0":"post-9843","1":"product","2":"type-product","3":"status-publish","4":"has-post-thumbnail","6":"product_cat-bazterketa-soziala-eta-errepresioa-exclusion-social-y-represion","7":"product_cat-libros","8":"product_tag-bellaterra","9":"product_tag-cristina-barrial","11":"first","12":"instock","13":"sold-individually","14":"shipping-taxable","15":"purchasable","16":"product-type-simple"},"yoast_head":"<!-- This site is optimized with the Yoast SEO plugin v27.3 - https:\/\/yoast.com\/product\/yoast-seo-wordpress\/ -->\n<title>La apuesta perdida. Ludopat\u00eda, ciudad y resistencia &#8212; Zapateneo<\/title>\n<meta name=\"robots\" content=\"index, follow, max-snippet:-1, max-image-preview:large, max-video-preview:-1\" \/>\n<link rel=\"canonical\" href=\"https:\/\/zapateneo.net\/wordpress\/index.php\/producto\/la-apuesta-perdida-ludopatia-ciudad-y-resistencia\/\" \/>\n<meta property=\"og:locale\" content=\"es_ES\" \/>\n<meta property=\"og:type\" content=\"article\" \/>\n<meta property=\"og:title\" content=\"La apuesta perdida. Ludopat\u00eda, ciudad y resistencia &#8212; Zapateneo\" \/>\n<meta property=\"og:description\" content=\"Cristina Barrial 9788418684906 - Bellaterra - 2021 - 150 p\u00e1ginas \/orri.\" \/>\n<meta property=\"og:url\" content=\"https:\/\/zapateneo.net\/wordpress\/index.php\/producto\/la-apuesta-perdida-ludopatia-ciudad-y-resistencia\/\" \/>\n<meta property=\"og:site_name\" content=\"Zapateneo\" \/>\n<meta property=\"article:modified_time\" content=\"2021-12-17T10:38:00+00:00\" \/>\n<meta name=\"twitter:card\" content=\"summary_large_image\" \/>\n<meta name=\"twitter:site\" content=\"@zapateneo\" \/>\n<meta name=\"twitter:label1\" content=\"Tiempo de lectura\" \/>\n\t<meta name=\"twitter:data1\" content=\"1 minuto\" \/>\n<script type=\"application\/ld+json\" class=\"yoast-schema-graph\">{\"@context\":\"https:\\\/\\\/schema.org\",\"@graph\":[{\"@type\":\"WebPage\",\"@id\":\"https:\\\/\\\/zapateneo.net\\\/wordpress\\\/index.php\\\/producto\\\/la-apuesta-perdida-ludopatia-ciudad-y-resistencia\\\/\",\"url\":\"https:\\\/\\\/zapateneo.net\\\/wordpress\\\/index.php\\\/producto\\\/la-apuesta-perdida-ludopatia-ciudad-y-resistencia\\\/\",\"name\":\"La apuesta perdida. Ludopat\u00eda, ciudad y resistencia &#8212; Zapateneo\",\"isPartOf\":{\"@id\":\"https:\\\/\\\/zapateneo.net\\\/wordpress\\\/#website\"},\"primaryImageOfPage\":{\"@id\":\"https:\\\/\\\/zapateneo.net\\\/wordpress\\\/index.php\\\/producto\\\/la-apuesta-perdida-ludopatia-ciudad-y-resistencia\\\/#primaryimage\"},\"image\":{\"@id\":\"https:\\\/\\\/zapateneo.net\\\/wordpress\\\/index.php\\\/producto\\\/la-apuesta-perdida-ludopatia-ciudad-y-resistencia\\\/#primaryimage\"},\"thumbnailUrl\":\"https:\\\/\\\/zapateneo.net\\\/wordpress\\\/wp-content\\\/uploads\\\/2021\\\/12\\\/9788418684906.jpg\",\"datePublished\":\"2021-12-17T10:37:52+00:00\",\"dateModified\":\"2021-12-17T10:38:00+00:00\",\"breadcrumb\":{\"@id\":\"https:\\\/\\\/zapateneo.net\\\/wordpress\\\/index.php\\\/producto\\\/la-apuesta-perdida-ludopatia-ciudad-y-resistencia\\\/#breadcrumb\"},\"inLanguage\":\"es\",\"potentialAction\":[{\"@type\":\"ReadAction\",\"target\":[\"https:\\\/\\\/zapateneo.net\\\/wordpress\\\/index.php\\\/producto\\\/la-apuesta-perdida-ludopatia-ciudad-y-resistencia\\\/\"]}]},{\"@type\":\"ImageObject\",\"inLanguage\":\"es\",\"@id\":\"https:\\\/\\\/zapateneo.net\\\/wordpress\\\/index.php\\\/producto\\\/la-apuesta-perdida-ludopatia-ciudad-y-resistencia\\\/#primaryimage\",\"url\":\"https:\\\/\\\/zapateneo.net\\\/wordpress\\\/wp-content\\\/uploads\\\/2021\\\/12\\\/9788418684906.jpg\",\"contentUrl\":\"https:\\\/\\\/zapateneo.net\\\/wordpress\\\/wp-content\\\/uploads\\\/2021\\\/12\\\/9788418684906.jpg\",\"width\":160,\"height\":223},{\"@type\":\"BreadcrumbList\",\"@id\":\"https:\\\/\\\/zapateneo.net\\\/wordpress\\\/index.php\\\/producto\\\/la-apuesta-perdida-ludopatia-ciudad-y-resistencia\\\/#breadcrumb\",\"itemListElement\":[{\"@type\":\"ListItem\",\"position\":1,\"name\":\"Portada\",\"item\":\"https:\\\/\\\/zapateneo.net\\\/wordpress\\\/\"},{\"@type\":\"ListItem\",\"position\":2,\"name\":\"Tienda\",\"item\":\"https:\\\/\\\/zapateneo.net\\\/wordpress\\\/\"},{\"@type\":\"ListItem\",\"position\":3,\"name\":\"La apuesta perdida. Ludopat\u00eda, ciudad y resistencia\"}]},{\"@type\":\"WebSite\",\"@id\":\"https:\\\/\\\/zapateneo.net\\\/wordpress\\\/#website\",\"url\":\"https:\\\/\\\/zapateneo.net\\\/wordpress\\\/\",\"name\":\"Zapateneo\",\"description\":\"Zapateneoaren webgunea\",\"publisher\":{\"@id\":\"https:\\\/\\\/zapateneo.net\\\/wordpress\\\/#organization\"},\"potentialAction\":[{\"@type\":\"SearchAction\",\"target\":{\"@type\":\"EntryPoint\",\"urlTemplate\":\"https:\\\/\\\/zapateneo.net\\\/wordpress\\\/?s={search_term_string}\"},\"query-input\":{\"@type\":\"PropertyValueSpecification\",\"valueRequired\":true,\"valueName\":\"search_term_string\"}}],\"inLanguage\":\"es\"},{\"@type\":\"Organization\",\"@id\":\"https:\\\/\\\/zapateneo.net\\\/wordpress\\\/#organization\",\"name\":\"Zapateneo Kultur Elkartea\",\"url\":\"https:\\\/\\\/zapateneo.net\\\/wordpress\\\/\",\"logo\":{\"@type\":\"ImageObject\",\"inLanguage\":\"es\",\"@id\":\"https:\\\/\\\/zapateneo.net\\\/wordpress\\\/#\\\/schema\\\/logo\\\/image\\\/\",\"url\":\"https:\\\/\\\/zapateneo.net\\\/wordpress\\\/wp-content\\\/uploads\\\/2021\\\/04\\\/zap-libu-kolec.jpg\",\"contentUrl\":\"https:\\\/\\\/zapateneo.net\\\/wordpress\\\/wp-content\\\/uploads\\\/2021\\\/04\\\/zap-libu-kolec.jpg\",\"width\":2234,\"height\":398,\"caption\":\"Zapateneo Kultur Elkartea\"},\"image\":{\"@id\":\"https:\\\/\\\/zapateneo.net\\\/wordpress\\\/#\\\/schema\\\/logo\\\/image\\\/\"},\"sameAs\":[\"https:\\\/\\\/x.com\\\/zapateneo\"]}]}<\/script>\n<!-- \/ Yoast SEO plugin. -->","yoast_head_json":{"title":"La apuesta perdida. Ludopat\u00eda, ciudad y resistencia &#8212; Zapateneo","robots":{"index":"index","follow":"follow","max-snippet":"max-snippet:-1","max-image-preview":"max-image-preview:large","max-video-preview":"max-video-preview:-1"},"canonical":"https:\/\/zapateneo.net\/wordpress\/index.php\/producto\/la-apuesta-perdida-ludopatia-ciudad-y-resistencia\/","og_locale":"es_ES","og_type":"article","og_title":"La apuesta perdida. Ludopat\u00eda, ciudad y resistencia &#8212; Zapateneo","og_description":"Cristina Barrial 9788418684906 - Bellaterra - 2021 - 150 p\u00e1ginas \/orri.","og_url":"https:\/\/zapateneo.net\/wordpress\/index.php\/producto\/la-apuesta-perdida-ludopatia-ciudad-y-resistencia\/","og_site_name":"Zapateneo","article_modified_time":"2021-12-17T10:38:00+00:00","twitter_card":"summary_large_image","twitter_site":"@zapateneo","twitter_misc":{"Tiempo de lectura":"1 minuto"},"schema":{"@context":"https:\/\/schema.org","@graph":[{"@type":"WebPage","@id":"https:\/\/zapateneo.net\/wordpress\/index.php\/producto\/la-apuesta-perdida-ludopatia-ciudad-y-resistencia\/","url":"https:\/\/zapateneo.net\/wordpress\/index.php\/producto\/la-apuesta-perdida-ludopatia-ciudad-y-resistencia\/","name":"La apuesta perdida. Ludopat\u00eda, ciudad y resistencia &#8212; Zapateneo","isPartOf":{"@id":"https:\/\/zapateneo.net\/wordpress\/#website"},"primaryImageOfPage":{"@id":"https:\/\/zapateneo.net\/wordpress\/index.php\/producto\/la-apuesta-perdida-ludopatia-ciudad-y-resistencia\/#primaryimage"},"image":{"@id":"https:\/\/zapateneo.net\/wordpress\/index.php\/producto\/la-apuesta-perdida-ludopatia-ciudad-y-resistencia\/#primaryimage"},"thumbnailUrl":"https:\/\/zapateneo.net\/wordpress\/wp-content\/uploads\/2021\/12\/9788418684906.jpg","datePublished":"2021-12-17T10:37:52+00:00","dateModified":"2021-12-17T10:38:00+00:00","breadcrumb":{"@id":"https:\/\/zapateneo.net\/wordpress\/index.php\/producto\/la-apuesta-perdida-ludopatia-ciudad-y-resistencia\/#breadcrumb"},"inLanguage":"es","potentialAction":[{"@type":"ReadAction","target":["https:\/\/zapateneo.net\/wordpress\/index.php\/producto\/la-apuesta-perdida-ludopatia-ciudad-y-resistencia\/"]}]},{"@type":"ImageObject","inLanguage":"es","@id":"https:\/\/zapateneo.net\/wordpress\/index.php\/producto\/la-apuesta-perdida-ludopatia-ciudad-y-resistencia\/#primaryimage","url":"https:\/\/zapateneo.net\/wordpress\/wp-content\/uploads\/2021\/12\/9788418684906.jpg","contentUrl":"https:\/\/zapateneo.net\/wordpress\/wp-content\/uploads\/2021\/12\/9788418684906.jpg","width":160,"height":223},{"@type":"BreadcrumbList","@id":"https:\/\/zapateneo.net\/wordpress\/index.php\/producto\/la-apuesta-perdida-ludopatia-ciudad-y-resistencia\/#breadcrumb","itemListElement":[{"@type":"ListItem","position":1,"name":"Portada","item":"https:\/\/zapateneo.net\/wordpress\/"},{"@type":"ListItem","position":2,"name":"Tienda","item":"https:\/\/zapateneo.net\/wordpress\/"},{"@type":"ListItem","position":3,"name":"La apuesta perdida. Ludopat\u00eda, ciudad y resistencia"}]},{"@type":"WebSite","@id":"https:\/\/zapateneo.net\/wordpress\/#website","url":"https:\/\/zapateneo.net\/wordpress\/","name":"Zapateneo","description":"Zapateneoaren webgunea","publisher":{"@id":"https:\/\/zapateneo.net\/wordpress\/#organization"},"potentialAction":[{"@type":"SearchAction","target":{"@type":"EntryPoint","urlTemplate":"https:\/\/zapateneo.net\/wordpress\/?s={search_term_string}"},"query-input":{"@type":"PropertyValueSpecification","valueRequired":true,"valueName":"search_term_string"}}],"inLanguage":"es"},{"@type":"Organization","@id":"https:\/\/zapateneo.net\/wordpress\/#organization","name":"Zapateneo Kultur Elkartea","url":"https:\/\/zapateneo.net\/wordpress\/","logo":{"@type":"ImageObject","inLanguage":"es","@id":"https:\/\/zapateneo.net\/wordpress\/#\/schema\/logo\/image\/","url":"https:\/\/zapateneo.net\/wordpress\/wp-content\/uploads\/2021\/04\/zap-libu-kolec.jpg","contentUrl":"https:\/\/zapateneo.net\/wordpress\/wp-content\/uploads\/2021\/04\/zap-libu-kolec.jpg","width":2234,"height":398,"caption":"Zapateneo Kultur Elkartea"},"image":{"@id":"https:\/\/zapateneo.net\/wordpress\/#\/schema\/logo\/image\/"},"sameAs":["https:\/\/x.com\/zapateneo"]}]}},"_links":{"self":[{"href":"https:\/\/zapateneo.net\/wordpress\/index.php\/wp-json\/wp\/v2\/product\/9843","targetHints":{"allow":["GET"]}}],"collection":[{"href":"https:\/\/zapateneo.net\/wordpress\/index.php\/wp-json\/wp\/v2\/product"}],"about":[{"href":"https:\/\/zapateneo.net\/wordpress\/index.php\/wp-json\/wp\/v2\/types\/product"}],"wp:featuredmedia":[{"embeddable":true,"href":"https:\/\/zapateneo.net\/wordpress\/index.php\/wp-json\/wp\/v2\/media\/9867"}],"wp:attachment":[{"href":"https:\/\/zapateneo.net\/wordpress\/index.php\/wp-json\/wp\/v2\/media?parent=9843"}],"wp:term":[{"taxonomy":"product_brand","embeddable":true,"href":"https:\/\/zapateneo.net\/wordpress\/index.php\/wp-json\/wp\/v2\/product_brand?post=9843"},{"taxonomy":"product_cat","embeddable":true,"href":"https:\/\/zapateneo.net\/wordpress\/index.php\/wp-json\/wp\/v2\/product_cat?post=9843"},{"taxonomy":"product_tag","embeddable":true,"href":"https:\/\/zapateneo.net\/wordpress\/index.php\/wp-json\/wp\/v2\/product_tag?post=9843"}],"curies":[{"name":"wp","href":"https:\/\/api.w.org\/{rel}","templated":true}]}}