{"id":9769,"date":"2021-10-11T18:40:24","date_gmt":"2021-10-11T17:40:24","guid":{"rendered":"https:\/\/zapateneo.net\/wordpress\/?post_type=product&#038;p=9769"},"modified":"2021-12-13T16:48:51","modified_gmt":"2021-12-13T15:48:51","slug":"para-una-consciencia-sacrilega-13","status":"publish","type":"product","link":"https:\/\/zapateneo.net\/wordpress\/index.php\/producto\/para-una-consciencia-sacrilega-13\/","title":{"rendered":"PARA UNA CONSCIENCIA SACRILEGA # 13"},"content":{"rendered":"<p>\u00bfSois realistas? \u00bfEst\u00e1is dispuestos a serlo? En tal caso, alguien se cuidar\u00e1 de vosotros. El porvenir se dignar\u00e1 sonreiros. Hag\u00e1is lo que hag\u00e1is y de la forma que lo hag\u00e1is, siempre os quedar\u00e1 una cara de recambio, una puerta todav\u00eda practicable, unas palabras sutiles o heroicas para sobrenadar en caso de naufragio, unas serias posibilidades -\u00a1si vuestros enga\u00f1os est\u00e1n a la altura de vuestras ambiciones!- de acceder un d\u00eda a una de las tres cajas del destino: gloria, tener y poder. O a las tres juntas si sois lo suficientemente h\u00e1biles como para parecer que no conced\u00e9is importancia a ninguno de estos tres temibles instrumentos de dominio. As\u00ed hacen, en efecto, algunos grandes ascetas de nuestro tiempo que, sin embargo, cuando est\u00e1n seguros de haber convencido a todo el mundo de su alta integridad moral, no resisten a la envidia de hacerse bordar una peque\u00f1a guarnici\u00f3n aqu\u00ed, una gran floritura all\u00e1. Remarcad que, incluso pillado en flagrante delito de adorno de mal gusto, un realista del ascetismo dar\u00e1 de su acto mil plausibles justificaciones, plausibles en la medida en que \u00e9stas se sit\u00faan precisamente en uno de los planos m\u00e1s particulares: el de la unidad inmediata, el del inter\u00e9s t\u00e1ctico. La fuerza, la inmensa fuerza de los realistas procede de que ignoran el flagrante delito. \u00bfQu\u00e9 influencia podr\u00e1 nunca tenerse sobre gente que est\u00e1 de tal manera hundida en lo que ellos llaman lo real que ninguna evidencia es suficiente para confundirla&#8230;?<\/p>\n<p><a href=\"https:\/\/sindominio.net\/etcetera\/files\/13_concien_sacri_G_Henein.pdf\" target=\"_blank\" rel=\"noopener\">Descarga<\/a><\/p>\n","protected":false},"excerpt":{"rendered":"<p><strong>GEORGES HENEIN<\/strong><br \/>\n2006052500145 &#8211; ETC &#8211; &#8211; 24 p\u00e1ginas \/orri.<\/p>\n","protected":false},"featured_media":9785,"template":"","meta":[],"product_brand":[],"product_cat":[166,173],"product_tag":[4626,1924,5064],"class_list":{"0":"post-9769","1":"product","2":"type-product","3":"status-publish","4":"has-post-thumbnail","6":"product_cat-panfletos-panfletoak","7":"product_cat-saiakera-ensayo","8":"product_tag-deskargak","9":"product_tag-etc","10":"product_tag-georges-henein","12":"first","13":"instock","14":"sold-individually","15":"shipping-taxable","16":"purchasable","17":"product-type-simple"},"yoast_head":"<!-- This site is optimized with the Yoast SEO plugin v27.3 - https:\/\/yoast.com\/product\/yoast-seo-wordpress\/ -->\n<title>PARA UNA CONSCIENCIA SACRILEGA # 13 &#8212; Zapateneo<\/title>\n<meta name=\"robots\" content=\"index, follow, max-snippet:-1, max-image-preview:large, max-video-preview:-1\" \/>\n<link rel=\"canonical\" href=\"https:\/\/zapateneo.net\/wordpress\/index.php\/producto\/para-una-consciencia-sacrilega-13\/\" \/>\n<meta property=\"og:locale\" content=\"es_ES\" \/>\n<meta property=\"og:type\" content=\"article\" \/>\n<meta property=\"og:title\" content=\"PARA UNA CONSCIENCIA SACRILEGA # 13 &#8212; Zapateneo\" \/>\n<meta property=\"og:description\" content=\"GEORGES HENEIN 2006052500145 - ETC - - 24 p\u00e1ginas \/orri.\" \/>\n<meta property=\"og:url\" content=\"https:\/\/zapateneo.net\/wordpress\/index.php\/producto\/para-una-consciencia-sacrilega-13\/\" \/>\n<meta property=\"og:site_name\" content=\"Zapateneo\" \/>\n<meta property=\"article:modified_time\" content=\"2021-12-13T15:48:51+00:00\" \/>\n<meta property=\"og:image\" content=\"https:\/\/zapateneo.net\/wordpress\/wp-content\/uploads\/2021\/10\/consciencia-sacrilega.png\" \/>\n\t<meta property=\"og:image:width\" content=\"197\" \/>\n\t<meta property=\"og:image:height\" content=\"255\" \/>\n\t<meta property=\"og:image:type\" content=\"image\/png\" \/>\n<meta name=\"twitter:card\" content=\"summary_large_image\" \/>\n<meta name=\"twitter:site\" content=\"@zapateneo\" \/>\n<meta name=\"twitter:label1\" content=\"Tiempo de lectura\" \/>\n\t<meta name=\"twitter:data1\" content=\"2 minutos\" \/>\n<script type=\"application\/ld+json\" class=\"yoast-schema-graph\">{\"@context\":\"https:\\\/\\\/schema.org\",\"@graph\":[{\"@type\":\"WebPage\",\"@id\":\"https:\\\/\\\/zapateneo.net\\\/wordpress\\\/index.php\\\/producto\\\/para-una-consciencia-sacrilega-13\\\/\",\"url\":\"https:\\\/\\\/zapateneo.net\\\/wordpress\\\/index.php\\\/producto\\\/para-una-consciencia-sacrilega-13\\\/\",\"name\":\"PARA UNA CONSCIENCIA SACRILEGA # 13 &#8212; Zapateneo\",\"isPartOf\":{\"@id\":\"https:\\\/\\\/zapateneo.net\\\/wordpress\\\/#website\"},\"primaryImageOfPage\":{\"@id\":\"https:\\\/\\\/zapateneo.net\\\/wordpress\\\/index.php\\\/producto\\\/para-una-consciencia-sacrilega-13\\\/#primaryimage\"},\"image\":{\"@id\":\"https:\\\/\\\/zapateneo.net\\\/wordpress\\\/index.php\\\/producto\\\/para-una-consciencia-sacrilega-13\\\/#primaryimage\"},\"thumbnailUrl\":\"https:\\\/\\\/zapateneo.net\\\/wordpress\\\/wp-content\\\/uploads\\\/2021\\\/10\\\/consciencia-sacrilega.png\",\"datePublished\":\"2021-10-11T17:40:24+00:00\",\"dateModified\":\"2021-12-13T15:48:51+00:00\",\"breadcrumb\":{\"@id\":\"https:\\\/\\\/zapateneo.net\\\/wordpress\\\/index.php\\\/producto\\\/para-una-consciencia-sacrilega-13\\\/#breadcrumb\"},\"inLanguage\":\"es\",\"potentialAction\":[{\"@type\":\"ReadAction\",\"target\":[\"https:\\\/\\\/zapateneo.net\\\/wordpress\\\/index.php\\\/producto\\\/para-una-consciencia-sacrilega-13\\\/\"]}]},{\"@type\":\"ImageObject\",\"inLanguage\":\"es\",\"@id\":\"https:\\\/\\\/zapateneo.net\\\/wordpress\\\/index.php\\\/producto\\\/para-una-consciencia-sacrilega-13\\\/#primaryimage\",\"url\":\"https:\\\/\\\/zapateneo.net\\\/wordpress\\\/wp-content\\\/uploads\\\/2021\\\/10\\\/consciencia-sacrilega.png\",\"contentUrl\":\"https:\\\/\\\/zapateneo.net\\\/wordpress\\\/wp-content\\\/uploads\\\/2021\\\/10\\\/consciencia-sacrilega.png\",\"width\":197,\"height\":255},{\"@type\":\"BreadcrumbList\",\"@id\":\"https:\\\/\\\/zapateneo.net\\\/wordpress\\\/index.php\\\/producto\\\/para-una-consciencia-sacrilega-13\\\/#breadcrumb\",\"itemListElement\":[{\"@type\":\"ListItem\",\"position\":1,\"name\":\"Portada\",\"item\":\"https:\\\/\\\/zapateneo.net\\\/wordpress\\\/\"},{\"@type\":\"ListItem\",\"position\":2,\"name\":\"Tienda\",\"item\":\"https:\\\/\\\/zapateneo.net\\\/wordpress\\\/\"},{\"@type\":\"ListItem\",\"position\":3,\"name\":\"PARA UNA CONSCIENCIA SACRILEGA # 13\"}]},{\"@type\":\"WebSite\",\"@id\":\"https:\\\/\\\/zapateneo.net\\\/wordpress\\\/#website\",\"url\":\"https:\\\/\\\/zapateneo.net\\\/wordpress\\\/\",\"name\":\"Zapateneo\",\"description\":\"Zapateneoaren webgunea\",\"publisher\":{\"@id\":\"https:\\\/\\\/zapateneo.net\\\/wordpress\\\/#organization\"},\"potentialAction\":[{\"@type\":\"SearchAction\",\"target\":{\"@type\":\"EntryPoint\",\"urlTemplate\":\"https:\\\/\\\/zapateneo.net\\\/wordpress\\\/?s={search_term_string}\"},\"query-input\":{\"@type\":\"PropertyValueSpecification\",\"valueRequired\":true,\"valueName\":\"search_term_string\"}}],\"inLanguage\":\"es\"},{\"@type\":\"Organization\",\"@id\":\"https:\\\/\\\/zapateneo.net\\\/wordpress\\\/#organization\",\"name\":\"Zapateneo Kultur Elkartea\",\"url\":\"https:\\\/\\\/zapateneo.net\\\/wordpress\\\/\",\"logo\":{\"@type\":\"ImageObject\",\"inLanguage\":\"es\",\"@id\":\"https:\\\/\\\/zapateneo.net\\\/wordpress\\\/#\\\/schema\\\/logo\\\/image\\\/\",\"url\":\"https:\\\/\\\/zapateneo.net\\\/wordpress\\\/wp-content\\\/uploads\\\/2021\\\/04\\\/zap-libu-kolec.jpg\",\"contentUrl\":\"https:\\\/\\\/zapateneo.net\\\/wordpress\\\/wp-content\\\/uploads\\\/2021\\\/04\\\/zap-libu-kolec.jpg\",\"width\":2234,\"height\":398,\"caption\":\"Zapateneo Kultur Elkartea\"},\"image\":{\"@id\":\"https:\\\/\\\/zapateneo.net\\\/wordpress\\\/#\\\/schema\\\/logo\\\/image\\\/\"},\"sameAs\":[\"https:\\\/\\\/x.com\\\/zapateneo\"]}]}<\/script>\n<!-- \/ Yoast SEO plugin. -->","yoast_head_json":{"title":"PARA UNA CONSCIENCIA SACRILEGA # 13 &#8212; Zapateneo","robots":{"index":"index","follow":"follow","max-snippet":"max-snippet:-1","max-image-preview":"max-image-preview:large","max-video-preview":"max-video-preview:-1"},"canonical":"https:\/\/zapateneo.net\/wordpress\/index.php\/producto\/para-una-consciencia-sacrilega-13\/","og_locale":"es_ES","og_type":"article","og_title":"PARA UNA CONSCIENCIA SACRILEGA # 13 &#8212; Zapateneo","og_description":"GEORGES HENEIN 2006052500145 - ETC - - 24 p\u00e1ginas \/orri.","og_url":"https:\/\/zapateneo.net\/wordpress\/index.php\/producto\/para-una-consciencia-sacrilega-13\/","og_site_name":"Zapateneo","article_modified_time":"2021-12-13T15:48:51+00:00","og_image":[{"width":197,"height":255,"url":"https:\/\/zapateneo.net\/wordpress\/wp-content\/uploads\/2021\/10\/consciencia-sacrilega.png","type":"image\/png"}],"twitter_card":"summary_large_image","twitter_site":"@zapateneo","twitter_misc":{"Tiempo de lectura":"2 minutos"},"schema":{"@context":"https:\/\/schema.org","@graph":[{"@type":"WebPage","@id":"https:\/\/zapateneo.net\/wordpress\/index.php\/producto\/para-una-consciencia-sacrilega-13\/","url":"https:\/\/zapateneo.net\/wordpress\/index.php\/producto\/para-una-consciencia-sacrilega-13\/","name":"PARA UNA CONSCIENCIA SACRILEGA # 13 &#8212; Zapateneo","isPartOf":{"@id":"https:\/\/zapateneo.net\/wordpress\/#website"},"primaryImageOfPage":{"@id":"https:\/\/zapateneo.net\/wordpress\/index.php\/producto\/para-una-consciencia-sacrilega-13\/#primaryimage"},"image":{"@id":"https:\/\/zapateneo.net\/wordpress\/index.php\/producto\/para-una-consciencia-sacrilega-13\/#primaryimage"},"thumbnailUrl":"https:\/\/zapateneo.net\/wordpress\/wp-content\/uploads\/2021\/10\/consciencia-sacrilega.png","datePublished":"2021-10-11T17:40:24+00:00","dateModified":"2021-12-13T15:48:51+00:00","breadcrumb":{"@id":"https:\/\/zapateneo.net\/wordpress\/index.php\/producto\/para-una-consciencia-sacrilega-13\/#breadcrumb"},"inLanguage":"es","potentialAction":[{"@type":"ReadAction","target":["https:\/\/zapateneo.net\/wordpress\/index.php\/producto\/para-una-consciencia-sacrilega-13\/"]}]},{"@type":"ImageObject","inLanguage":"es","@id":"https:\/\/zapateneo.net\/wordpress\/index.php\/producto\/para-una-consciencia-sacrilega-13\/#primaryimage","url":"https:\/\/zapateneo.net\/wordpress\/wp-content\/uploads\/2021\/10\/consciencia-sacrilega.png","contentUrl":"https:\/\/zapateneo.net\/wordpress\/wp-content\/uploads\/2021\/10\/consciencia-sacrilega.png","width":197,"height":255},{"@type":"BreadcrumbList","@id":"https:\/\/zapateneo.net\/wordpress\/index.php\/producto\/para-una-consciencia-sacrilega-13\/#breadcrumb","itemListElement":[{"@type":"ListItem","position":1,"name":"Portada","item":"https:\/\/zapateneo.net\/wordpress\/"},{"@type":"ListItem","position":2,"name":"Tienda","item":"https:\/\/zapateneo.net\/wordpress\/"},{"@type":"ListItem","position":3,"name":"PARA UNA CONSCIENCIA SACRILEGA # 13"}]},{"@type":"WebSite","@id":"https:\/\/zapateneo.net\/wordpress\/#website","url":"https:\/\/zapateneo.net\/wordpress\/","name":"Zapateneo","description":"Zapateneoaren webgunea","publisher":{"@id":"https:\/\/zapateneo.net\/wordpress\/#organization"},"potentialAction":[{"@type":"SearchAction","target":{"@type":"EntryPoint","urlTemplate":"https:\/\/zapateneo.net\/wordpress\/?s={search_term_string}"},"query-input":{"@type":"PropertyValueSpecification","valueRequired":true,"valueName":"search_term_string"}}],"inLanguage":"es"},{"@type":"Organization","@id":"https:\/\/zapateneo.net\/wordpress\/#organization","name":"Zapateneo Kultur Elkartea","url":"https:\/\/zapateneo.net\/wordpress\/","logo":{"@type":"ImageObject","inLanguage":"es","@id":"https:\/\/zapateneo.net\/wordpress\/#\/schema\/logo\/image\/","url":"https:\/\/zapateneo.net\/wordpress\/wp-content\/uploads\/2021\/04\/zap-libu-kolec.jpg","contentUrl":"https:\/\/zapateneo.net\/wordpress\/wp-content\/uploads\/2021\/04\/zap-libu-kolec.jpg","width":2234,"height":398,"caption":"Zapateneo Kultur Elkartea"},"image":{"@id":"https:\/\/zapateneo.net\/wordpress\/#\/schema\/logo\/image\/"},"sameAs":["https:\/\/x.com\/zapateneo"]}]}},"_links":{"self":[{"href":"https:\/\/zapateneo.net\/wordpress\/index.php\/wp-json\/wp\/v2\/product\/9769","targetHints":{"allow":["GET"]}}],"collection":[{"href":"https:\/\/zapateneo.net\/wordpress\/index.php\/wp-json\/wp\/v2\/product"}],"about":[{"href":"https:\/\/zapateneo.net\/wordpress\/index.php\/wp-json\/wp\/v2\/types\/product"}],"wp:featuredmedia":[{"embeddable":true,"href":"https:\/\/zapateneo.net\/wordpress\/index.php\/wp-json\/wp\/v2\/media\/9785"}],"wp:attachment":[{"href":"https:\/\/zapateneo.net\/wordpress\/index.php\/wp-json\/wp\/v2\/media?parent=9769"}],"wp:term":[{"taxonomy":"product_brand","embeddable":true,"href":"https:\/\/zapateneo.net\/wordpress\/index.php\/wp-json\/wp\/v2\/product_brand?post=9769"},{"taxonomy":"product_cat","embeddable":true,"href":"https:\/\/zapateneo.net\/wordpress\/index.php\/wp-json\/wp\/v2\/product_cat?post=9769"},{"taxonomy":"product_tag","embeddable":true,"href":"https:\/\/zapateneo.net\/wordpress\/index.php\/wp-json\/wp\/v2\/product_tag?post=9769"}],"curies":[{"name":"wp","href":"https:\/\/api.w.org\/{rel}","templated":true}]}}