{"id":9767,"date":"2021-10-11T18:40:24","date_gmt":"2021-10-11T17:40:24","guid":{"rendered":"https:\/\/zapateneo.net\/wordpress\/?post_type=product&#038;p=9767"},"modified":"2021-12-13T16:57:10","modified_gmt":"2021-12-13T15:57:10","slug":"nada-es-tan-desalentador-como-un-esclavo-satisfecho-etc-7","status":"publish","type":"product","link":"https:\/\/zapateneo.net\/wordpress\/index.php\/producto\/nada-es-tan-desalentador-como-un-esclavo-satisfecho-etc-7\/","title":{"rendered":"NADA ES TAN DESALENTADOR COMO UN ESCLAVO SATISFECHO ETC # 7"},"content":{"rendered":"<p>Epistolarios. Revoluci\u00f3n mexicana. M\u00e9xico.<\/p>\n<p>\u00bb<\/p>\n<p><em>30 de octubre de 1920<\/em><\/p>\n<p>&nbsp;<\/p>\n<p><em>Mi querido Nicol\u00e1s:<\/em><\/p>\n<p>&nbsp;<\/p>\n<p><em>San Francisco debe estar ahora hermoso. Viv\u00ed all\u00ed en 1907, cuando gran parte de la ciudad estaba en ruinas, y uno de mis intentos revolucionarios en M\u00e9xico tambi\u00e9n estaba en ruinas. Me ocult\u00e9 con mi pena entre las ruinas, cuando sobre mi cabeza pend\u00eda un premio de 20.000 d\u00f3lares que se hab\u00eda ofrecido por mi arresto; el servicio secreto de las dos naciones me persegu\u00eda de un lugar a otro, de ciudad en ciudad. Era cuesti\u00f3n de vida o muerte para m\u00ed, porque mi arresto significaba mi pase inmediato a M\u00e9xico y asesinado all\u00ed sin ninguna apariencia de juicio. Ya ves, mi querido hermano, c\u00f3mo tengo muy buenas razones para recordar San Francisco. \u00a1Cu\u00e1ntos d\u00edas pas\u00e9 sin llevarme un pedazo de pan a la boca! Algunas veces me pasaba tres o cuatro d\u00edas sin comer, y durante esos ayunos forzados pensaba en los miserables que matan por una pieza de pan, porque yo mismo me sent\u00eda asaltado por instintos asesinos, y habr\u00eda matado si mis ideales no me hubieran apartado de esos pensamientos.<\/em>&#8230;..\u00bb<\/p>\n<p><a href=\"https:\/\/sindominio.net\/etcetera\/files\/7_NADA-_Ricardo_Flores.pdf\">Deskarga<\/a>.<\/p>\n","protected":false},"excerpt":{"rendered":"<p><strong>RICARDO FLORES MAGON<\/strong><br \/>\n2006052500176 &#8211; ETC &#8211; 1998- 24 p\u00e1ginas \/orri.<\/p>\n","protected":false},"featured_media":9788,"template":"","meta":[],"product_brand":[],"product_cat":[166,173],"product_tag":[4626,1924,5062],"class_list":{"0":"post-9767","1":"product","2":"type-product","3":"status-publish","4":"has-post-thumbnail","6":"product_cat-panfletos-panfletoak","7":"product_cat-saiakera-ensayo","8":"product_tag-deskargak","9":"product_tag-etc","10":"product_tag-ricardo-flores-magon","12":"first","13":"instock","14":"sold-individually","15":"shipping-taxable","16":"purchasable","17":"product-type-simple"},"yoast_head":"<!-- This site is optimized with the Yoast SEO plugin v27.3 - https:\/\/yoast.com\/product\/yoast-seo-wordpress\/ -->\n<title>NADA ES TAN DESALENTADOR COMO UN ESCLAVO SATISFECHO ETC # 7 &#8212; Zapateneo<\/title>\n<meta name=\"robots\" content=\"index, follow, max-snippet:-1, max-image-preview:large, max-video-preview:-1\" \/>\n<link rel=\"canonical\" href=\"https:\/\/zapateneo.net\/wordpress\/index.php\/producto\/nada-es-tan-desalentador-como-un-esclavo-satisfecho-etc-7\/\" \/>\n<meta property=\"og:locale\" content=\"es_ES\" \/>\n<meta property=\"og:type\" content=\"article\" \/>\n<meta property=\"og:title\" content=\"NADA ES TAN DESALENTADOR COMO UN ESCLAVO SATISFECHO ETC # 7 &#8212; Zapateneo\" \/>\n<meta property=\"og:description\" content=\"RICARDO FLORES MAGON 2006052500176 - ETC - 1998- 24 p\u00e1ginas \/orri.\" \/>\n<meta property=\"og:url\" content=\"https:\/\/zapateneo.net\/wordpress\/index.php\/producto\/nada-es-tan-desalentador-como-un-esclavo-satisfecho-etc-7\/\" \/>\n<meta property=\"og:site_name\" content=\"Zapateneo\" \/>\n<meta property=\"article:modified_time\" content=\"2021-12-13T15:57:10+00:00\" \/>\n<meta property=\"og:image\" content=\"https:\/\/zapateneo.net\/wordpress\/wp-content\/uploads\/2021\/10\/md18112235792.jpg\" \/>\n\t<meta property=\"og:image:width\" content=\"300\" \/>\n\t<meta property=\"og:image:height\" content=\"411\" \/>\n\t<meta property=\"og:image:type\" content=\"image\/jpeg\" \/>\n<meta name=\"twitter:card\" content=\"summary_large_image\" \/>\n<meta name=\"twitter:site\" content=\"@zapateneo\" \/>\n<meta name=\"twitter:label1\" content=\"Tiempo de lectura\" \/>\n\t<meta name=\"twitter:data1\" content=\"1 minuto\" \/>\n<script type=\"application\/ld+json\" class=\"yoast-schema-graph\">{\"@context\":\"https:\\\/\\\/schema.org\",\"@graph\":[{\"@type\":\"WebPage\",\"@id\":\"https:\\\/\\\/zapateneo.net\\\/wordpress\\\/index.php\\\/producto\\\/nada-es-tan-desalentador-como-un-esclavo-satisfecho-etc-7\\\/\",\"url\":\"https:\\\/\\\/zapateneo.net\\\/wordpress\\\/index.php\\\/producto\\\/nada-es-tan-desalentador-como-un-esclavo-satisfecho-etc-7\\\/\",\"name\":\"NADA ES TAN DESALENTADOR COMO UN ESCLAVO SATISFECHO ETC # 7 &#8212; Zapateneo\",\"isPartOf\":{\"@id\":\"https:\\\/\\\/zapateneo.net\\\/wordpress\\\/#website\"},\"primaryImageOfPage\":{\"@id\":\"https:\\\/\\\/zapateneo.net\\\/wordpress\\\/index.php\\\/producto\\\/nada-es-tan-desalentador-como-un-esclavo-satisfecho-etc-7\\\/#primaryimage\"},\"image\":{\"@id\":\"https:\\\/\\\/zapateneo.net\\\/wordpress\\\/index.php\\\/producto\\\/nada-es-tan-desalentador-como-un-esclavo-satisfecho-etc-7\\\/#primaryimage\"},\"thumbnailUrl\":\"https:\\\/\\\/zapateneo.net\\\/wordpress\\\/wp-content\\\/uploads\\\/2021\\\/10\\\/md18112235792.jpg\",\"datePublished\":\"2021-10-11T17:40:24+00:00\",\"dateModified\":\"2021-12-13T15:57:10+00:00\",\"breadcrumb\":{\"@id\":\"https:\\\/\\\/zapateneo.net\\\/wordpress\\\/index.php\\\/producto\\\/nada-es-tan-desalentador-como-un-esclavo-satisfecho-etc-7\\\/#breadcrumb\"},\"inLanguage\":\"es\",\"potentialAction\":[{\"@type\":\"ReadAction\",\"target\":[\"https:\\\/\\\/zapateneo.net\\\/wordpress\\\/index.php\\\/producto\\\/nada-es-tan-desalentador-como-un-esclavo-satisfecho-etc-7\\\/\"]}]},{\"@type\":\"ImageObject\",\"inLanguage\":\"es\",\"@id\":\"https:\\\/\\\/zapateneo.net\\\/wordpress\\\/index.php\\\/producto\\\/nada-es-tan-desalentador-como-un-esclavo-satisfecho-etc-7\\\/#primaryimage\",\"url\":\"https:\\\/\\\/zapateneo.net\\\/wordpress\\\/wp-content\\\/uploads\\\/2021\\\/10\\\/md18112235792.jpg\",\"contentUrl\":\"https:\\\/\\\/zapateneo.net\\\/wordpress\\\/wp-content\\\/uploads\\\/2021\\\/10\\\/md18112235792.jpg\",\"width\":300,\"height\":411},{\"@type\":\"BreadcrumbList\",\"@id\":\"https:\\\/\\\/zapateneo.net\\\/wordpress\\\/index.php\\\/producto\\\/nada-es-tan-desalentador-como-un-esclavo-satisfecho-etc-7\\\/#breadcrumb\",\"itemListElement\":[{\"@type\":\"ListItem\",\"position\":1,\"name\":\"Portada\",\"item\":\"https:\\\/\\\/zapateneo.net\\\/wordpress\\\/\"},{\"@type\":\"ListItem\",\"position\":2,\"name\":\"Tienda\",\"item\":\"https:\\\/\\\/zapateneo.net\\\/wordpress\\\/\"},{\"@type\":\"ListItem\",\"position\":3,\"name\":\"NADA ES TAN DESALENTADOR COMO UN ESCLAVO SATISFECHO ETC # 7\"}]},{\"@type\":\"WebSite\",\"@id\":\"https:\\\/\\\/zapateneo.net\\\/wordpress\\\/#website\",\"url\":\"https:\\\/\\\/zapateneo.net\\\/wordpress\\\/\",\"name\":\"Zapateneo\",\"description\":\"Zapateneoaren webgunea\",\"publisher\":{\"@id\":\"https:\\\/\\\/zapateneo.net\\\/wordpress\\\/#organization\"},\"potentialAction\":[{\"@type\":\"SearchAction\",\"target\":{\"@type\":\"EntryPoint\",\"urlTemplate\":\"https:\\\/\\\/zapateneo.net\\\/wordpress\\\/?s={search_term_string}\"},\"query-input\":{\"@type\":\"PropertyValueSpecification\",\"valueRequired\":true,\"valueName\":\"search_term_string\"}}],\"inLanguage\":\"es\"},{\"@type\":\"Organization\",\"@id\":\"https:\\\/\\\/zapateneo.net\\\/wordpress\\\/#organization\",\"name\":\"Zapateneo Kultur Elkartea\",\"url\":\"https:\\\/\\\/zapateneo.net\\\/wordpress\\\/\",\"logo\":{\"@type\":\"ImageObject\",\"inLanguage\":\"es\",\"@id\":\"https:\\\/\\\/zapateneo.net\\\/wordpress\\\/#\\\/schema\\\/logo\\\/image\\\/\",\"url\":\"https:\\\/\\\/zapateneo.net\\\/wordpress\\\/wp-content\\\/uploads\\\/2021\\\/04\\\/zap-libu-kolec.jpg\",\"contentUrl\":\"https:\\\/\\\/zapateneo.net\\\/wordpress\\\/wp-content\\\/uploads\\\/2021\\\/04\\\/zap-libu-kolec.jpg\",\"width\":2234,\"height\":398,\"caption\":\"Zapateneo Kultur Elkartea\"},\"image\":{\"@id\":\"https:\\\/\\\/zapateneo.net\\\/wordpress\\\/#\\\/schema\\\/logo\\\/image\\\/\"},\"sameAs\":[\"https:\\\/\\\/x.com\\\/zapateneo\"]}]}<\/script>\n<!-- \/ Yoast SEO plugin. -->","yoast_head_json":{"title":"NADA ES TAN DESALENTADOR COMO UN ESCLAVO SATISFECHO ETC # 7 &#8212; Zapateneo","robots":{"index":"index","follow":"follow","max-snippet":"max-snippet:-1","max-image-preview":"max-image-preview:large","max-video-preview":"max-video-preview:-1"},"canonical":"https:\/\/zapateneo.net\/wordpress\/index.php\/producto\/nada-es-tan-desalentador-como-un-esclavo-satisfecho-etc-7\/","og_locale":"es_ES","og_type":"article","og_title":"NADA ES TAN DESALENTADOR COMO UN ESCLAVO SATISFECHO ETC # 7 &#8212; Zapateneo","og_description":"RICARDO FLORES MAGON 2006052500176 - ETC - 1998- 24 p\u00e1ginas \/orri.","og_url":"https:\/\/zapateneo.net\/wordpress\/index.php\/producto\/nada-es-tan-desalentador-como-un-esclavo-satisfecho-etc-7\/","og_site_name":"Zapateneo","article_modified_time":"2021-12-13T15:57:10+00:00","og_image":[{"width":300,"height":411,"url":"https:\/\/zapateneo.net\/wordpress\/wp-content\/uploads\/2021\/10\/md18112235792.jpg","type":"image\/jpeg"}],"twitter_card":"summary_large_image","twitter_site":"@zapateneo","twitter_misc":{"Tiempo de lectura":"1 minuto"},"schema":{"@context":"https:\/\/schema.org","@graph":[{"@type":"WebPage","@id":"https:\/\/zapateneo.net\/wordpress\/index.php\/producto\/nada-es-tan-desalentador-como-un-esclavo-satisfecho-etc-7\/","url":"https:\/\/zapateneo.net\/wordpress\/index.php\/producto\/nada-es-tan-desalentador-como-un-esclavo-satisfecho-etc-7\/","name":"NADA ES TAN DESALENTADOR COMO UN ESCLAVO SATISFECHO ETC # 7 &#8212; Zapateneo","isPartOf":{"@id":"https:\/\/zapateneo.net\/wordpress\/#website"},"primaryImageOfPage":{"@id":"https:\/\/zapateneo.net\/wordpress\/index.php\/producto\/nada-es-tan-desalentador-como-un-esclavo-satisfecho-etc-7\/#primaryimage"},"image":{"@id":"https:\/\/zapateneo.net\/wordpress\/index.php\/producto\/nada-es-tan-desalentador-como-un-esclavo-satisfecho-etc-7\/#primaryimage"},"thumbnailUrl":"https:\/\/zapateneo.net\/wordpress\/wp-content\/uploads\/2021\/10\/md18112235792.jpg","datePublished":"2021-10-11T17:40:24+00:00","dateModified":"2021-12-13T15:57:10+00:00","breadcrumb":{"@id":"https:\/\/zapateneo.net\/wordpress\/index.php\/producto\/nada-es-tan-desalentador-como-un-esclavo-satisfecho-etc-7\/#breadcrumb"},"inLanguage":"es","potentialAction":[{"@type":"ReadAction","target":["https:\/\/zapateneo.net\/wordpress\/index.php\/producto\/nada-es-tan-desalentador-como-un-esclavo-satisfecho-etc-7\/"]}]},{"@type":"ImageObject","inLanguage":"es","@id":"https:\/\/zapateneo.net\/wordpress\/index.php\/producto\/nada-es-tan-desalentador-como-un-esclavo-satisfecho-etc-7\/#primaryimage","url":"https:\/\/zapateneo.net\/wordpress\/wp-content\/uploads\/2021\/10\/md18112235792.jpg","contentUrl":"https:\/\/zapateneo.net\/wordpress\/wp-content\/uploads\/2021\/10\/md18112235792.jpg","width":300,"height":411},{"@type":"BreadcrumbList","@id":"https:\/\/zapateneo.net\/wordpress\/index.php\/producto\/nada-es-tan-desalentador-como-un-esclavo-satisfecho-etc-7\/#breadcrumb","itemListElement":[{"@type":"ListItem","position":1,"name":"Portada","item":"https:\/\/zapateneo.net\/wordpress\/"},{"@type":"ListItem","position":2,"name":"Tienda","item":"https:\/\/zapateneo.net\/wordpress\/"},{"@type":"ListItem","position":3,"name":"NADA ES TAN DESALENTADOR COMO UN ESCLAVO SATISFECHO ETC # 7"}]},{"@type":"WebSite","@id":"https:\/\/zapateneo.net\/wordpress\/#website","url":"https:\/\/zapateneo.net\/wordpress\/","name":"Zapateneo","description":"Zapateneoaren webgunea","publisher":{"@id":"https:\/\/zapateneo.net\/wordpress\/#organization"},"potentialAction":[{"@type":"SearchAction","target":{"@type":"EntryPoint","urlTemplate":"https:\/\/zapateneo.net\/wordpress\/?s={search_term_string}"},"query-input":{"@type":"PropertyValueSpecification","valueRequired":true,"valueName":"search_term_string"}}],"inLanguage":"es"},{"@type":"Organization","@id":"https:\/\/zapateneo.net\/wordpress\/#organization","name":"Zapateneo Kultur Elkartea","url":"https:\/\/zapateneo.net\/wordpress\/","logo":{"@type":"ImageObject","inLanguage":"es","@id":"https:\/\/zapateneo.net\/wordpress\/#\/schema\/logo\/image\/","url":"https:\/\/zapateneo.net\/wordpress\/wp-content\/uploads\/2021\/04\/zap-libu-kolec.jpg","contentUrl":"https:\/\/zapateneo.net\/wordpress\/wp-content\/uploads\/2021\/04\/zap-libu-kolec.jpg","width":2234,"height":398,"caption":"Zapateneo Kultur Elkartea"},"image":{"@id":"https:\/\/zapateneo.net\/wordpress\/#\/schema\/logo\/image\/"},"sameAs":["https:\/\/x.com\/zapateneo"]}]}},"_links":{"self":[{"href":"https:\/\/zapateneo.net\/wordpress\/index.php\/wp-json\/wp\/v2\/product\/9767","targetHints":{"allow":["GET"]}}],"collection":[{"href":"https:\/\/zapateneo.net\/wordpress\/index.php\/wp-json\/wp\/v2\/product"}],"about":[{"href":"https:\/\/zapateneo.net\/wordpress\/index.php\/wp-json\/wp\/v2\/types\/product"}],"wp:featuredmedia":[{"embeddable":true,"href":"https:\/\/zapateneo.net\/wordpress\/index.php\/wp-json\/wp\/v2\/media\/9788"}],"wp:attachment":[{"href":"https:\/\/zapateneo.net\/wordpress\/index.php\/wp-json\/wp\/v2\/media?parent=9767"}],"wp:term":[{"taxonomy":"product_brand","embeddable":true,"href":"https:\/\/zapateneo.net\/wordpress\/index.php\/wp-json\/wp\/v2\/product_brand?post=9767"},{"taxonomy":"product_cat","embeddable":true,"href":"https:\/\/zapateneo.net\/wordpress\/index.php\/wp-json\/wp\/v2\/product_cat?post=9767"},{"taxonomy":"product_tag","embeddable":true,"href":"https:\/\/zapateneo.net\/wordpress\/index.php\/wp-json\/wp\/v2\/product_tag?post=9767"}],"curies":[{"name":"wp","href":"https:\/\/api.w.org\/{rel}","templated":true}]}}