{"id":9765,"date":"2021-10-11T18:40:24","date_gmt":"2021-10-11T17:40:24","guid":{"rendered":"https:\/\/zapateneo.net\/wordpress\/?post_type=product&#038;p=9765"},"modified":"2021-12-13T17:06:40","modified_gmt":"2021-12-13T16:06:40","slug":"concepcion-fundamentalmente-comunista-de-la-simbolica-del-paraiso-etcetera-29","status":"publish","type":"product","link":"https:\/\/zapateneo.net\/wordpress\/index.php\/producto\/concepcion-fundamentalmente-comunista-de-la-simbolica-del-paraiso-etcetera-29\/","title":{"rendered":"CONCEPCION FUNDAMENTALMENTE COMUNISTA DE LA SIMBOLICA DEL PARAISO. ETCETERA # 29"},"content":{"rendered":"<h3 class=\"post-title entry-title\">El psicoan\u00e1lisis heterodoxo de Otto Gross, extractos de \u00abLa concepci\u00f3n fundamentalmente comunista de la simb\u00f3lica del Para\u00edso\u00bb (1918)<\/h3>\n<p><em>Otto Gross nace en Estiria, Austria, en 1877, hijo de un eminente crimin\u00f3logo burgu\u00e9s de Graz que le encamin\u00f3 hacia la psiquiatr\u00eda. Gross sobresali\u00f3 pronto en los medios psicoanal\u00edticos de Viena y Zurich. C.G.Jung lo hab\u00eda cogido en an\u00e1lisis despu\u00e9s de una cura de desintoxicaci\u00f3n de cocaina y opio en Burgh\u00f6lzli, en 1902. En el congreso psicoanalista de Salzburg, en 1908, Gross defendi\u00f3 la tesis heterodoxa que situaba el origen de las enfermedades ps\u00edquicas no en la esencia misma de la sexualidad sino en su relaci\u00f3n con la sociedad: la etiolog\u00eda de las neurosis pasa por la comprensi\u00f3n de la interacci\u00f3n conflictiva entre individuo y sociedad. <\/em><\/p>\n<p>Instalado en Munich a partir de 1906, frecuenta los c\u00edrculos art\u00edsticos y pol\u00edticos de Schwabing, el barrio latino muniqu\u00e9s, y pronto formar\u00e1 parte del grupo anarquista de Monte Verit\u00e0, en Ascona, con M\u00fchsam, Landauer,\u2026 Ascona era un reducto de ideas y experiencias anarquistas y alternativas, entre la revuelta y la marginalidad. Seg\u00fan afirma Eric M\u00fchsam , Gross fue una de las figuras clave del primer per\u00edodo de Ascona. All\u00ed desarroll\u00f3 sus ideas de llevar el psicoan\u00e1lisis a reconocer el peso del condicionamiento social en la experiencia ps\u00edquica, concibiendo su trabajo de psicoanalista en el empe\u00f1o de un cambio revolucionario de la sociedad. Desarroll\u00f3 su cr\u00edtica al patriarcado, inaugurado con la violaci\u00f3n y basado en la vinculaci\u00f3n jur\u00eddica de los individuos bajo el poder y la autoridad, y abog\u00f3 por la vuelta al matriarcado comunitario, basado en la solidaridad entre los individuos. Critic\u00f3 la familia y la monogamia (y su forma m\u00e1s patol\u00f3gica, la poligamia), iniciando formas de vida sexual libre.<\/p>\n<p>Perseguido por su padre, que lograr\u00e1 internarlo varias veces, lleva una vida militante hasta que se establece en Berl\u00edn, donde entra en relaci\u00f3n con Franz Pfemfert y el nucleo de la revista expresionista revolucionaria Die Aktion. Vive en casa de Franz Jung, donde es detenido en 1913, por la polic\u00eda prusiana acusado de anarquista y es expulsado a Austria, donde, a instancias de su padre, es internado en un manicomio de Viena. Gracias a una extensa campa\u00f1a de solidaridad entre los intelectuales m\u00e1s radicales de Europa, conseguir\u00e1 la libertad. Durante la guerra se moviliza como m\u00e9dico en distintos frentes. Despu\u00e9s lleva una vida errante y miserable junto s\u00f3lo con la soledad y la droga. En estas condiciones muere en Berlin, el 13 de febrero de 1920, seg\u00fan la descripci\u00f3n que hemos anotado de Franz Jung.<\/p>\n<p>Con todo, durante estos a\u00f1os logra publicar la mayor\u00eda de sus trabajos. En Die Aktion publica, en 1913, el manifiesto \u201cC\u00f3mo superar la crisis cultural\u201d, r\u00e9plica a Gustav Landauer sobre la importancia revolucionaria del psicoan\u00e1lisis. Para Gross, la revoluci\u00f3n, apoy\u00e1ndose en la psicolog\u00eda del inconsciente puede contemplar la relaci\u00f3n entre sexos bajo un plano m\u00e1s libre y feliz: lucha contra la violaci\u00f3n, en su forma m\u00e1s original, contra el padre y contra el derecho patriarcal, para restablecer el derecho matriarcal. En 1918, en \u201cLa concepci\u00f3n fundamentalmente comunista de la simbolog\u00eda del para\u00edso\u201d, desarrolla su an\u00e1lisis de la instituci\u00f3n patriarcal, que pone el acento sobre la uni\u00f3n legal entre los individuos, y del sistema matriarcal que reparte derechos y deberes, responsabilidades y obligaciones entre individuos por un lado, y la sociedad por otro. El matriarcado, que la revoluci\u00f3n comunista deber\u00e1 restaurar, no conoce ni el poder ni la sumisi\u00f3n, ni la autoridad, ni el matrimonio, ni la prostituci\u00f3n.<\/p>\n<p><em> En 1914, publica en la revista Zentralblatt, inspir\u00e1ndose en Sabina Spielrein, la amiga de Freud y de Jung (que la tuvo en an\u00e1lisis), que hab\u00eda empezado a hablar de la oposici\u00f3n entre el yo y la sexualidad, y a considerar que la naturaleza instintiva del hombre se divide entre la pulsi\u00f3n de autoconservaci\u00f3n y la pulsi\u00f3n de conservaci\u00f3n de la especie, \u201cLo simb\u00f3lico de la destrucci\u00f3n\u201d. En la fam\u00edlia el ni\u00f1o no tiene otra opci\u00f3n que quedarse solo o adaptarse; as\u00ed su voluntad de conservaci\u00f3n se transforma en voluntad de poder del yo adaptado a la sociedad. Los dos componentes del instinto de conservaci\u00f3n, no querer<br \/>\nser violado \/ no querer violar, entran en contradicci\u00f3n, resultando un conflicto interior entre la voluntad de poder (sadismo) y el abandono de s\u00ed (masoquismo) que explica lo simb\u00f3lico de la destrucci\u00f3n ligada a la sexualidad. Este conflicto interior es el resultado del prejuicio social sobre la superioridad de lo masculino, del orden familiar patriarcal. En \u201cTres estudios sobre el conflicto interior\u201d, de 1920, Gross desarrolla extensamente esta interpretaci\u00f3n. <\/em><\/p>\n<p><a href=\"https:\/\/sindominio.net\/etcetera\/files\/29_la_concep_ottogross.pdf\">Deskarga<\/a>.<\/p>\n","protected":false},"excerpt":{"rendered":"<p><strong>OTTO GROSS<\/strong><br \/>\n2006052500305 &#8211; ETC &#8211; &#8211; 44 p\u00e1ginas \/orri.<\/p>\n","protected":false},"featured_media":9792,"template":"","meta":[],"product_brand":[],"product_cat":[166,173],"product_tag":[4626,1924,2967],"class_list":{"0":"post-9765","1":"product","2":"type-product","3":"status-publish","4":"has-post-thumbnail","6":"product_cat-panfletos-panfletoak","7":"product_cat-saiakera-ensayo","8":"product_tag-deskargak","9":"product_tag-etc","10":"product_tag-otto-gross","12":"first","13":"instock","14":"sold-individually","15":"shipping-taxable","16":"purchasable","17":"product-type-simple"},"yoast_head":"<!-- This site is optimized with the Yoast SEO plugin v27.3 - https:\/\/yoast.com\/product\/yoast-seo-wordpress\/ -->\n<title>CONCEPCION FUNDAMENTALMENTE COMUNISTA DE LA SIMBOLICA DEL PARAISO. ETCETERA # 29 &#8212; Zapateneo<\/title>\n<meta name=\"robots\" content=\"index, follow, max-snippet:-1, max-image-preview:large, max-video-preview:-1\" \/>\n<link rel=\"canonical\" href=\"https:\/\/zapateneo.net\/wordpress\/index.php\/producto\/concepcion-fundamentalmente-comunista-de-la-simbolica-del-paraiso-etcetera-29\/\" \/>\n<meta property=\"og:locale\" content=\"es_ES\" \/>\n<meta property=\"og:type\" content=\"article\" \/>\n<meta property=\"og:title\" content=\"CONCEPCION FUNDAMENTALMENTE COMUNISTA DE LA SIMBOLICA DEL PARAISO. ETCETERA # 29 &#8212; Zapateneo\" \/>\n<meta property=\"og:description\" content=\"OTTO GROSS 2006052500305 - ETC - - 44 p\u00e1ginas \/orri.\" \/>\n<meta property=\"og:url\" content=\"https:\/\/zapateneo.net\/wordpress\/index.php\/producto\/concepcion-fundamentalmente-comunista-de-la-simbolica-del-paraiso-etcetera-29\/\" \/>\n<meta property=\"og:site_name\" content=\"Zapateneo\" \/>\n<meta property=\"article:modified_time\" content=\"2021-12-13T16:06:40+00:00\" \/>\n<meta property=\"og:image\" content=\"https:\/\/zapateneo.net\/wordpress\/wp-content\/uploads\/2021\/10\/concepcion-comunista-otto-gross.png\" \/>\n\t<meta property=\"og:image:width\" content=\"197\" \/>\n\t<meta property=\"og:image:height\" content=\"255\" \/>\n\t<meta property=\"og:image:type\" content=\"image\/png\" \/>\n<meta name=\"twitter:card\" content=\"summary_large_image\" \/>\n<meta name=\"twitter:site\" content=\"@zapateneo\" \/>\n<meta name=\"twitter:label1\" content=\"Tiempo de lectura\" \/>\n\t<meta name=\"twitter:data1\" content=\"4 minutos\" \/>\n<script type=\"application\/ld+json\" class=\"yoast-schema-graph\">{\"@context\":\"https:\\\/\\\/schema.org\",\"@graph\":[{\"@type\":\"WebPage\",\"@id\":\"https:\\\/\\\/zapateneo.net\\\/wordpress\\\/index.php\\\/producto\\\/concepcion-fundamentalmente-comunista-de-la-simbolica-del-paraiso-etcetera-29\\\/\",\"url\":\"https:\\\/\\\/zapateneo.net\\\/wordpress\\\/index.php\\\/producto\\\/concepcion-fundamentalmente-comunista-de-la-simbolica-del-paraiso-etcetera-29\\\/\",\"name\":\"CONCEPCION FUNDAMENTALMENTE COMUNISTA DE LA SIMBOLICA DEL PARAISO. ETCETERA # 29 &#8212; Zapateneo\",\"isPartOf\":{\"@id\":\"https:\\\/\\\/zapateneo.net\\\/wordpress\\\/#website\"},\"primaryImageOfPage\":{\"@id\":\"https:\\\/\\\/zapateneo.net\\\/wordpress\\\/index.php\\\/producto\\\/concepcion-fundamentalmente-comunista-de-la-simbolica-del-paraiso-etcetera-29\\\/#primaryimage\"},\"image\":{\"@id\":\"https:\\\/\\\/zapateneo.net\\\/wordpress\\\/index.php\\\/producto\\\/concepcion-fundamentalmente-comunista-de-la-simbolica-del-paraiso-etcetera-29\\\/#primaryimage\"},\"thumbnailUrl\":\"https:\\\/\\\/zapateneo.net\\\/wordpress\\\/wp-content\\\/uploads\\\/2021\\\/10\\\/concepcion-comunista-otto-gross.png\",\"datePublished\":\"2021-10-11T17:40:24+00:00\",\"dateModified\":\"2021-12-13T16:06:40+00:00\",\"breadcrumb\":{\"@id\":\"https:\\\/\\\/zapateneo.net\\\/wordpress\\\/index.php\\\/producto\\\/concepcion-fundamentalmente-comunista-de-la-simbolica-del-paraiso-etcetera-29\\\/#breadcrumb\"},\"inLanguage\":\"es\",\"potentialAction\":[{\"@type\":\"ReadAction\",\"target\":[\"https:\\\/\\\/zapateneo.net\\\/wordpress\\\/index.php\\\/producto\\\/concepcion-fundamentalmente-comunista-de-la-simbolica-del-paraiso-etcetera-29\\\/\"]}]},{\"@type\":\"ImageObject\",\"inLanguage\":\"es\",\"@id\":\"https:\\\/\\\/zapateneo.net\\\/wordpress\\\/index.php\\\/producto\\\/concepcion-fundamentalmente-comunista-de-la-simbolica-del-paraiso-etcetera-29\\\/#primaryimage\",\"url\":\"https:\\\/\\\/zapateneo.net\\\/wordpress\\\/wp-content\\\/uploads\\\/2021\\\/10\\\/concepcion-comunista-otto-gross.png\",\"contentUrl\":\"https:\\\/\\\/zapateneo.net\\\/wordpress\\\/wp-content\\\/uploads\\\/2021\\\/10\\\/concepcion-comunista-otto-gross.png\",\"width\":197,\"height\":255},{\"@type\":\"BreadcrumbList\",\"@id\":\"https:\\\/\\\/zapateneo.net\\\/wordpress\\\/index.php\\\/producto\\\/concepcion-fundamentalmente-comunista-de-la-simbolica-del-paraiso-etcetera-29\\\/#breadcrumb\",\"itemListElement\":[{\"@type\":\"ListItem\",\"position\":1,\"name\":\"Portada\",\"item\":\"https:\\\/\\\/zapateneo.net\\\/wordpress\\\/\"},{\"@type\":\"ListItem\",\"position\":2,\"name\":\"Tienda\",\"item\":\"https:\\\/\\\/zapateneo.net\\\/wordpress\\\/\"},{\"@type\":\"ListItem\",\"position\":3,\"name\":\"CONCEPCION FUNDAMENTALMENTE COMUNISTA DE LA SIMBOLICA DEL PARAISO. ETCETERA # 29\"}]},{\"@type\":\"WebSite\",\"@id\":\"https:\\\/\\\/zapateneo.net\\\/wordpress\\\/#website\",\"url\":\"https:\\\/\\\/zapateneo.net\\\/wordpress\\\/\",\"name\":\"Zapateneo\",\"description\":\"Zapateneoaren webgunea\",\"publisher\":{\"@id\":\"https:\\\/\\\/zapateneo.net\\\/wordpress\\\/#organization\"},\"potentialAction\":[{\"@type\":\"SearchAction\",\"target\":{\"@type\":\"EntryPoint\",\"urlTemplate\":\"https:\\\/\\\/zapateneo.net\\\/wordpress\\\/?s={search_term_string}\"},\"query-input\":{\"@type\":\"PropertyValueSpecification\",\"valueRequired\":true,\"valueName\":\"search_term_string\"}}],\"inLanguage\":\"es\"},{\"@type\":\"Organization\",\"@id\":\"https:\\\/\\\/zapateneo.net\\\/wordpress\\\/#organization\",\"name\":\"Zapateneo Kultur Elkartea\",\"url\":\"https:\\\/\\\/zapateneo.net\\\/wordpress\\\/\",\"logo\":{\"@type\":\"ImageObject\",\"inLanguage\":\"es\",\"@id\":\"https:\\\/\\\/zapateneo.net\\\/wordpress\\\/#\\\/schema\\\/logo\\\/image\\\/\",\"url\":\"https:\\\/\\\/zapateneo.net\\\/wordpress\\\/wp-content\\\/uploads\\\/2021\\\/04\\\/zap-libu-kolec.jpg\",\"contentUrl\":\"https:\\\/\\\/zapateneo.net\\\/wordpress\\\/wp-content\\\/uploads\\\/2021\\\/04\\\/zap-libu-kolec.jpg\",\"width\":2234,\"height\":398,\"caption\":\"Zapateneo Kultur Elkartea\"},\"image\":{\"@id\":\"https:\\\/\\\/zapateneo.net\\\/wordpress\\\/#\\\/schema\\\/logo\\\/image\\\/\"},\"sameAs\":[\"https:\\\/\\\/x.com\\\/zapateneo\"]}]}<\/script>\n<!-- \/ Yoast SEO plugin. -->","yoast_head_json":{"title":"CONCEPCION FUNDAMENTALMENTE COMUNISTA DE LA SIMBOLICA DEL PARAISO. ETCETERA # 29 &#8212; Zapateneo","robots":{"index":"index","follow":"follow","max-snippet":"max-snippet:-1","max-image-preview":"max-image-preview:large","max-video-preview":"max-video-preview:-1"},"canonical":"https:\/\/zapateneo.net\/wordpress\/index.php\/producto\/concepcion-fundamentalmente-comunista-de-la-simbolica-del-paraiso-etcetera-29\/","og_locale":"es_ES","og_type":"article","og_title":"CONCEPCION FUNDAMENTALMENTE COMUNISTA DE LA SIMBOLICA DEL PARAISO. ETCETERA # 29 &#8212; Zapateneo","og_description":"OTTO GROSS 2006052500305 - ETC - - 44 p\u00e1ginas \/orri.","og_url":"https:\/\/zapateneo.net\/wordpress\/index.php\/producto\/concepcion-fundamentalmente-comunista-de-la-simbolica-del-paraiso-etcetera-29\/","og_site_name":"Zapateneo","article_modified_time":"2021-12-13T16:06:40+00:00","og_image":[{"width":197,"height":255,"url":"https:\/\/zapateneo.net\/wordpress\/wp-content\/uploads\/2021\/10\/concepcion-comunista-otto-gross.png","type":"image\/png"}],"twitter_card":"summary_large_image","twitter_site":"@zapateneo","twitter_misc":{"Tiempo de lectura":"4 minutos"},"schema":{"@context":"https:\/\/schema.org","@graph":[{"@type":"WebPage","@id":"https:\/\/zapateneo.net\/wordpress\/index.php\/producto\/concepcion-fundamentalmente-comunista-de-la-simbolica-del-paraiso-etcetera-29\/","url":"https:\/\/zapateneo.net\/wordpress\/index.php\/producto\/concepcion-fundamentalmente-comunista-de-la-simbolica-del-paraiso-etcetera-29\/","name":"CONCEPCION FUNDAMENTALMENTE COMUNISTA DE LA SIMBOLICA DEL PARAISO. ETCETERA # 29 &#8212; Zapateneo","isPartOf":{"@id":"https:\/\/zapateneo.net\/wordpress\/#website"},"primaryImageOfPage":{"@id":"https:\/\/zapateneo.net\/wordpress\/index.php\/producto\/concepcion-fundamentalmente-comunista-de-la-simbolica-del-paraiso-etcetera-29\/#primaryimage"},"image":{"@id":"https:\/\/zapateneo.net\/wordpress\/index.php\/producto\/concepcion-fundamentalmente-comunista-de-la-simbolica-del-paraiso-etcetera-29\/#primaryimage"},"thumbnailUrl":"https:\/\/zapateneo.net\/wordpress\/wp-content\/uploads\/2021\/10\/concepcion-comunista-otto-gross.png","datePublished":"2021-10-11T17:40:24+00:00","dateModified":"2021-12-13T16:06:40+00:00","breadcrumb":{"@id":"https:\/\/zapateneo.net\/wordpress\/index.php\/producto\/concepcion-fundamentalmente-comunista-de-la-simbolica-del-paraiso-etcetera-29\/#breadcrumb"},"inLanguage":"es","potentialAction":[{"@type":"ReadAction","target":["https:\/\/zapateneo.net\/wordpress\/index.php\/producto\/concepcion-fundamentalmente-comunista-de-la-simbolica-del-paraiso-etcetera-29\/"]}]},{"@type":"ImageObject","inLanguage":"es","@id":"https:\/\/zapateneo.net\/wordpress\/index.php\/producto\/concepcion-fundamentalmente-comunista-de-la-simbolica-del-paraiso-etcetera-29\/#primaryimage","url":"https:\/\/zapateneo.net\/wordpress\/wp-content\/uploads\/2021\/10\/concepcion-comunista-otto-gross.png","contentUrl":"https:\/\/zapateneo.net\/wordpress\/wp-content\/uploads\/2021\/10\/concepcion-comunista-otto-gross.png","width":197,"height":255},{"@type":"BreadcrumbList","@id":"https:\/\/zapateneo.net\/wordpress\/index.php\/producto\/concepcion-fundamentalmente-comunista-de-la-simbolica-del-paraiso-etcetera-29\/#breadcrumb","itemListElement":[{"@type":"ListItem","position":1,"name":"Portada","item":"https:\/\/zapateneo.net\/wordpress\/"},{"@type":"ListItem","position":2,"name":"Tienda","item":"https:\/\/zapateneo.net\/wordpress\/"},{"@type":"ListItem","position":3,"name":"CONCEPCION FUNDAMENTALMENTE COMUNISTA DE LA SIMBOLICA DEL PARAISO. ETCETERA # 29"}]},{"@type":"WebSite","@id":"https:\/\/zapateneo.net\/wordpress\/#website","url":"https:\/\/zapateneo.net\/wordpress\/","name":"Zapateneo","description":"Zapateneoaren webgunea","publisher":{"@id":"https:\/\/zapateneo.net\/wordpress\/#organization"},"potentialAction":[{"@type":"SearchAction","target":{"@type":"EntryPoint","urlTemplate":"https:\/\/zapateneo.net\/wordpress\/?s={search_term_string}"},"query-input":{"@type":"PropertyValueSpecification","valueRequired":true,"valueName":"search_term_string"}}],"inLanguage":"es"},{"@type":"Organization","@id":"https:\/\/zapateneo.net\/wordpress\/#organization","name":"Zapateneo Kultur Elkartea","url":"https:\/\/zapateneo.net\/wordpress\/","logo":{"@type":"ImageObject","inLanguage":"es","@id":"https:\/\/zapateneo.net\/wordpress\/#\/schema\/logo\/image\/","url":"https:\/\/zapateneo.net\/wordpress\/wp-content\/uploads\/2021\/04\/zap-libu-kolec.jpg","contentUrl":"https:\/\/zapateneo.net\/wordpress\/wp-content\/uploads\/2021\/04\/zap-libu-kolec.jpg","width":2234,"height":398,"caption":"Zapateneo Kultur Elkartea"},"image":{"@id":"https:\/\/zapateneo.net\/wordpress\/#\/schema\/logo\/image\/"},"sameAs":["https:\/\/x.com\/zapateneo"]}]}},"_links":{"self":[{"href":"https:\/\/zapateneo.net\/wordpress\/index.php\/wp-json\/wp\/v2\/product\/9765","targetHints":{"allow":["GET"]}}],"collection":[{"href":"https:\/\/zapateneo.net\/wordpress\/index.php\/wp-json\/wp\/v2\/product"}],"about":[{"href":"https:\/\/zapateneo.net\/wordpress\/index.php\/wp-json\/wp\/v2\/types\/product"}],"wp:featuredmedia":[{"embeddable":true,"href":"https:\/\/zapateneo.net\/wordpress\/index.php\/wp-json\/wp\/v2\/media\/9792"}],"wp:attachment":[{"href":"https:\/\/zapateneo.net\/wordpress\/index.php\/wp-json\/wp\/v2\/media?parent=9765"}],"wp:term":[{"taxonomy":"product_brand","embeddable":true,"href":"https:\/\/zapateneo.net\/wordpress\/index.php\/wp-json\/wp\/v2\/product_brand?post=9765"},{"taxonomy":"product_cat","embeddable":true,"href":"https:\/\/zapateneo.net\/wordpress\/index.php\/wp-json\/wp\/v2\/product_cat?post=9765"},{"taxonomy":"product_tag","embeddable":true,"href":"https:\/\/zapateneo.net\/wordpress\/index.php\/wp-json\/wp\/v2\/product_tag?post=9765"}],"curies":[{"name":"wp","href":"https:\/\/api.w.org\/{rel}","templated":true}]}}