{"id":9764,"date":"2021-10-11T18:40:24","date_gmt":"2021-10-11T17:40:24","guid":{"rendered":"https:\/\/zapateneo.net\/wordpress\/?post_type=product&#038;p=9764"},"modified":"2023-04-11T17:44:55","modified_gmt":"2023-04-11T16:44:55","slug":"transicion-a-la-modernidad-y-transaccion-democratica-5","status":"publish","type":"product","link":"https:\/\/zapateneo.net\/wordpress\/index.php\/producto\/transicion-a-la-modernidad-y-transaccion-democratica-5\/","title":{"rendered":"Transici\u00f3n a la modernidad  y Transacci\u00f3n democr\u00e1tica #5"},"content":{"rendered":"<p>Volver la vista atr\u00e1s, hacia este pasado inmediato, pr\u00f3ximo y a la vez tan lejano\u2026, nos parece pertinente cuando vemos montar sobre \u00e9l tanta leyenda que dificulta y encubre pensar lo sucedido, saber d\u00f3nde estamos y comprender por qu\u00e9 estamos donde estamos.<br \/>\nNo es f\u00e1cil volver sobre un per\u00edodo, caracterizarlo, comprenderlo; escoger los rasgos m\u00e1s definitorios, organizarlos en torno a un significante\u2026; realizar un trabajo de interpretaci\u00f3n a partir del yo que interpreta y periodiza el fluido de acontecimientos y les da un significado.<br \/>\nVaya pues, por delante, este sujeto; desde donde volvemos la mirada. Hoy nos sabemos m\u00e1s solos, m\u00e1s ciegos, m\u00e1s viejos al tener menor certeza de que el futuro ser\u00e1 cual lo imaginamos. El espacio que nos rodea lo apercibimos m\u00e1s cerrado, m\u00e1s obtuso, m\u00e1s obscuro. La relaci\u00f3n entre las personas, m\u00e1s medi\u00e1tica, m\u00e1s institucionalizada, m\u00e1s subsidiaria: necesitamos m\u00e1s objetos que medien en nuestras relaciones, el Estado se ocupa de m\u00e1s cosas y m\u00e1s de nuestras cosas, otros actuan por m\u00ed y por mi relaci\u00f3n con el otro. Las ideas circulantes respecto a la familia, a la escuela, a la droga, al sexo, respecto a la c\u00e1rcel, a la delincuencia, a un posible cambio social,\u2026 las apercibimos m\u00e1s reaccionarias, m\u00e1s uniformes, menos personales, m\u00e1s estereotipadas. La creaci\u00f3n (\u00bfpor m\u00e1s subvencionada?) la creemos m\u00e1s escasa. El tiempo libre, no pillado por los objetos, por el Estado, por la econom\u00eda, lo sabemos menor.<br \/>\nVaya por delante que decir que estamos mal y que en aspectos fuertes de lo social hemos ido a peor, no es decir que somos partidarios de lo otro, de lo anterior. Contra ello pusimos nuestra raz\u00f3n y nuestra acci\u00f3n; y hoy lo odiamos igual que anta\u00f1o. Pero no siempre afirmar que hemos ido a peor es reaccionario, aunque suele serlo. Como no lo era cuando Rousseau respond\u00eda en este sentido a la pregunta que ofrec\u00eda en concurso p\u00fablico, en 1749, la Academia de Dijon: \u00abSi el progreso de las ciencias y de las artes ha contribuido a corromper o a mejorar las costumbres\u00bb, respuesta que era el inicio de un pensamiento y una sensibilidad que abr\u00edan el paso al Romanticismo y a la Revoluci\u00f3n.<br \/>\nUna dificultad se a\u00f1ade a la antes mencionada del mismo quehacer del conocimiento hist\u00f3rico al periodizar un segmento de esta historia, y es la confluencia (simultaneidad solo cronol\u00f3gica) en este per\u00edodo de dos fen\u00f3menos. El final del franquismo coincide con el fin de un tipo de sociedad (Estado del Bienestar, taylorismo), con el fin de una sensibilidad, de unas ideas (contracultura de los a\u00f1os sesenta),\u2026 Estamos dejando un mundo y entrando en otro.<\/p>\n<p><a href=\"https:\/\/sindominio.net\/etcetera\/files\/5-transicion.pdf\">Deskarga<\/a>.<\/p>\n","protected":false},"excerpt":{"rendered":"<p><strong>COLECTIVO ETCETERA<\/strong><br \/>\n2006052500169 &#8211; ETC &#8211; &#8211; 40 p\u00e1ginas \/orri.<\/p>\n","protected":false},"featured_media":9794,"template":"","meta":[],"product_brand":[],"product_cat":[166,173],"product_tag":[4626,1924],"class_list":{"0":"post-9764","1":"product","2":"type-product","3":"status-publish","4":"has-post-thumbnail","6":"product_cat-panfletos-panfletoak","7":"product_cat-saiakera-ensayo","8":"product_tag-deskargak","9":"product_tag-etc","11":"first","12":"instock","13":"sold-individually","14":"shipping-taxable","15":"purchasable","16":"product-type-simple"},"yoast_head":"<!-- This site is optimized with the Yoast SEO plugin v27.3 - https:\/\/yoast.com\/product\/yoast-seo-wordpress\/ -->\n<title>Transici\u00f3n a la modernidad y Transacci\u00f3n democr\u00e1tica #5 &#8212; Zapateneo<\/title>\n<meta name=\"robots\" content=\"index, follow, max-snippet:-1, max-image-preview:large, max-video-preview:-1\" \/>\n<link rel=\"canonical\" href=\"https:\/\/zapateneo.net\/wordpress\/index.php\/producto\/transicion-a-la-modernidad-y-transaccion-democratica-5\/\" \/>\n<meta property=\"og:locale\" content=\"es_ES\" \/>\n<meta property=\"og:type\" content=\"article\" \/>\n<meta property=\"og:title\" content=\"Transici\u00f3n a la modernidad y Transacci\u00f3n democr\u00e1tica #5 &#8212; Zapateneo\" \/>\n<meta property=\"og:description\" content=\"COLECTIVO ETCETERA 2006052500169 - ETC - - 40 p\u00e1ginas \/orri.\" \/>\n<meta property=\"og:url\" content=\"https:\/\/zapateneo.net\/wordpress\/index.php\/producto\/transicion-a-la-modernidad-y-transaccion-democratica-5\/\" \/>\n<meta property=\"og:site_name\" content=\"Zapateneo\" \/>\n<meta property=\"article:modified_time\" content=\"2023-04-11T16:44:55+00:00\" \/>\n<meta property=\"og:image\" content=\"https:\/\/zapateneo.net\/wordpress\/wp-content\/uploads\/2021\/10\/transicion.png\" \/>\n\t<meta property=\"og:image:width\" content=\"187\" \/>\n\t<meta property=\"og:image:height\" content=\"269\" \/>\n\t<meta property=\"og:image:type\" content=\"image\/png\" \/>\n<meta name=\"twitter:card\" content=\"summary_large_image\" \/>\n<meta name=\"twitter:site\" content=\"@zapateneo\" \/>\n<meta name=\"twitter:label1\" content=\"Tiempo de lectura\" \/>\n\t<meta name=\"twitter:data1\" content=\"2 minutos\" \/>\n<script type=\"application\/ld+json\" class=\"yoast-schema-graph\">{\"@context\":\"https:\\\/\\\/schema.org\",\"@graph\":[{\"@type\":\"WebPage\",\"@id\":\"https:\\\/\\\/zapateneo.net\\\/wordpress\\\/index.php\\\/producto\\\/transicion-a-la-modernidad-y-transaccion-democratica-5\\\/\",\"url\":\"https:\\\/\\\/zapateneo.net\\\/wordpress\\\/index.php\\\/producto\\\/transicion-a-la-modernidad-y-transaccion-democratica-5\\\/\",\"name\":\"Transici\u00f3n a la modernidad y Transacci\u00f3n democr\u00e1tica #5 &#8212; Zapateneo\",\"isPartOf\":{\"@id\":\"https:\\\/\\\/zapateneo.net\\\/wordpress\\\/#website\"},\"primaryImageOfPage\":{\"@id\":\"https:\\\/\\\/zapateneo.net\\\/wordpress\\\/index.php\\\/producto\\\/transicion-a-la-modernidad-y-transaccion-democratica-5\\\/#primaryimage\"},\"image\":{\"@id\":\"https:\\\/\\\/zapateneo.net\\\/wordpress\\\/index.php\\\/producto\\\/transicion-a-la-modernidad-y-transaccion-democratica-5\\\/#primaryimage\"},\"thumbnailUrl\":\"https:\\\/\\\/zapateneo.net\\\/wordpress\\\/wp-content\\\/uploads\\\/2021\\\/10\\\/transicion.png\",\"datePublished\":\"2021-10-11T17:40:24+00:00\",\"dateModified\":\"2023-04-11T16:44:55+00:00\",\"breadcrumb\":{\"@id\":\"https:\\\/\\\/zapateneo.net\\\/wordpress\\\/index.php\\\/producto\\\/transicion-a-la-modernidad-y-transaccion-democratica-5\\\/#breadcrumb\"},\"inLanguage\":\"es\",\"potentialAction\":[{\"@type\":\"ReadAction\",\"target\":[\"https:\\\/\\\/zapateneo.net\\\/wordpress\\\/index.php\\\/producto\\\/transicion-a-la-modernidad-y-transaccion-democratica-5\\\/\"]}]},{\"@type\":\"ImageObject\",\"inLanguage\":\"es\",\"@id\":\"https:\\\/\\\/zapateneo.net\\\/wordpress\\\/index.php\\\/producto\\\/transicion-a-la-modernidad-y-transaccion-democratica-5\\\/#primaryimage\",\"url\":\"https:\\\/\\\/zapateneo.net\\\/wordpress\\\/wp-content\\\/uploads\\\/2021\\\/10\\\/transicion.png\",\"contentUrl\":\"https:\\\/\\\/zapateneo.net\\\/wordpress\\\/wp-content\\\/uploads\\\/2021\\\/10\\\/transicion.png\",\"width\":187,\"height\":269},{\"@type\":\"BreadcrumbList\",\"@id\":\"https:\\\/\\\/zapateneo.net\\\/wordpress\\\/index.php\\\/producto\\\/transicion-a-la-modernidad-y-transaccion-democratica-5\\\/#breadcrumb\",\"itemListElement\":[{\"@type\":\"ListItem\",\"position\":1,\"name\":\"Portada\",\"item\":\"https:\\\/\\\/zapateneo.net\\\/wordpress\\\/\"},{\"@type\":\"ListItem\",\"position\":2,\"name\":\"Tienda\",\"item\":\"https:\\\/\\\/zapateneo.net\\\/wordpress\\\/\"},{\"@type\":\"ListItem\",\"position\":3,\"name\":\"Transici\u00f3n a la modernidad y Transacci\u00f3n democr\u00e1tica #5\"}]},{\"@type\":\"WebSite\",\"@id\":\"https:\\\/\\\/zapateneo.net\\\/wordpress\\\/#website\",\"url\":\"https:\\\/\\\/zapateneo.net\\\/wordpress\\\/\",\"name\":\"Zapateneo\",\"description\":\"Zapateneoaren webgunea\",\"publisher\":{\"@id\":\"https:\\\/\\\/zapateneo.net\\\/wordpress\\\/#organization\"},\"potentialAction\":[{\"@type\":\"SearchAction\",\"target\":{\"@type\":\"EntryPoint\",\"urlTemplate\":\"https:\\\/\\\/zapateneo.net\\\/wordpress\\\/?s={search_term_string}\"},\"query-input\":{\"@type\":\"PropertyValueSpecification\",\"valueRequired\":true,\"valueName\":\"search_term_string\"}}],\"inLanguage\":\"es\"},{\"@type\":\"Organization\",\"@id\":\"https:\\\/\\\/zapateneo.net\\\/wordpress\\\/#organization\",\"name\":\"Zapateneo Kultur Elkartea\",\"url\":\"https:\\\/\\\/zapateneo.net\\\/wordpress\\\/\",\"logo\":{\"@type\":\"ImageObject\",\"inLanguage\":\"es\",\"@id\":\"https:\\\/\\\/zapateneo.net\\\/wordpress\\\/#\\\/schema\\\/logo\\\/image\\\/\",\"url\":\"https:\\\/\\\/zapateneo.net\\\/wordpress\\\/wp-content\\\/uploads\\\/2021\\\/04\\\/zap-libu-kolec.jpg\",\"contentUrl\":\"https:\\\/\\\/zapateneo.net\\\/wordpress\\\/wp-content\\\/uploads\\\/2021\\\/04\\\/zap-libu-kolec.jpg\",\"width\":2234,\"height\":398,\"caption\":\"Zapateneo Kultur Elkartea\"},\"image\":{\"@id\":\"https:\\\/\\\/zapateneo.net\\\/wordpress\\\/#\\\/schema\\\/logo\\\/image\\\/\"},\"sameAs\":[\"https:\\\/\\\/x.com\\\/zapateneo\"]}]}<\/script>\n<!-- \/ Yoast SEO plugin. -->","yoast_head_json":{"title":"Transici\u00f3n a la modernidad y Transacci\u00f3n democr\u00e1tica #5 &#8212; Zapateneo","robots":{"index":"index","follow":"follow","max-snippet":"max-snippet:-1","max-image-preview":"max-image-preview:large","max-video-preview":"max-video-preview:-1"},"canonical":"https:\/\/zapateneo.net\/wordpress\/index.php\/producto\/transicion-a-la-modernidad-y-transaccion-democratica-5\/","og_locale":"es_ES","og_type":"article","og_title":"Transici\u00f3n a la modernidad y Transacci\u00f3n democr\u00e1tica #5 &#8212; Zapateneo","og_description":"COLECTIVO ETCETERA 2006052500169 - ETC - - 40 p\u00e1ginas \/orri.","og_url":"https:\/\/zapateneo.net\/wordpress\/index.php\/producto\/transicion-a-la-modernidad-y-transaccion-democratica-5\/","og_site_name":"Zapateneo","article_modified_time":"2023-04-11T16:44:55+00:00","og_image":[{"width":187,"height":269,"url":"https:\/\/zapateneo.net\/wordpress\/wp-content\/uploads\/2021\/10\/transicion.png","type":"image\/png"}],"twitter_card":"summary_large_image","twitter_site":"@zapateneo","twitter_misc":{"Tiempo de lectura":"2 minutos"},"schema":{"@context":"https:\/\/schema.org","@graph":[{"@type":"WebPage","@id":"https:\/\/zapateneo.net\/wordpress\/index.php\/producto\/transicion-a-la-modernidad-y-transaccion-democratica-5\/","url":"https:\/\/zapateneo.net\/wordpress\/index.php\/producto\/transicion-a-la-modernidad-y-transaccion-democratica-5\/","name":"Transici\u00f3n a la modernidad y Transacci\u00f3n democr\u00e1tica #5 &#8212; Zapateneo","isPartOf":{"@id":"https:\/\/zapateneo.net\/wordpress\/#website"},"primaryImageOfPage":{"@id":"https:\/\/zapateneo.net\/wordpress\/index.php\/producto\/transicion-a-la-modernidad-y-transaccion-democratica-5\/#primaryimage"},"image":{"@id":"https:\/\/zapateneo.net\/wordpress\/index.php\/producto\/transicion-a-la-modernidad-y-transaccion-democratica-5\/#primaryimage"},"thumbnailUrl":"https:\/\/zapateneo.net\/wordpress\/wp-content\/uploads\/2021\/10\/transicion.png","datePublished":"2021-10-11T17:40:24+00:00","dateModified":"2023-04-11T16:44:55+00:00","breadcrumb":{"@id":"https:\/\/zapateneo.net\/wordpress\/index.php\/producto\/transicion-a-la-modernidad-y-transaccion-democratica-5\/#breadcrumb"},"inLanguage":"es","potentialAction":[{"@type":"ReadAction","target":["https:\/\/zapateneo.net\/wordpress\/index.php\/producto\/transicion-a-la-modernidad-y-transaccion-democratica-5\/"]}]},{"@type":"ImageObject","inLanguage":"es","@id":"https:\/\/zapateneo.net\/wordpress\/index.php\/producto\/transicion-a-la-modernidad-y-transaccion-democratica-5\/#primaryimage","url":"https:\/\/zapateneo.net\/wordpress\/wp-content\/uploads\/2021\/10\/transicion.png","contentUrl":"https:\/\/zapateneo.net\/wordpress\/wp-content\/uploads\/2021\/10\/transicion.png","width":187,"height":269},{"@type":"BreadcrumbList","@id":"https:\/\/zapateneo.net\/wordpress\/index.php\/producto\/transicion-a-la-modernidad-y-transaccion-democratica-5\/#breadcrumb","itemListElement":[{"@type":"ListItem","position":1,"name":"Portada","item":"https:\/\/zapateneo.net\/wordpress\/"},{"@type":"ListItem","position":2,"name":"Tienda","item":"https:\/\/zapateneo.net\/wordpress\/"},{"@type":"ListItem","position":3,"name":"Transici\u00f3n a la modernidad y Transacci\u00f3n democr\u00e1tica #5"}]},{"@type":"WebSite","@id":"https:\/\/zapateneo.net\/wordpress\/#website","url":"https:\/\/zapateneo.net\/wordpress\/","name":"Zapateneo","description":"Zapateneoaren webgunea","publisher":{"@id":"https:\/\/zapateneo.net\/wordpress\/#organization"},"potentialAction":[{"@type":"SearchAction","target":{"@type":"EntryPoint","urlTemplate":"https:\/\/zapateneo.net\/wordpress\/?s={search_term_string}"},"query-input":{"@type":"PropertyValueSpecification","valueRequired":true,"valueName":"search_term_string"}}],"inLanguage":"es"},{"@type":"Organization","@id":"https:\/\/zapateneo.net\/wordpress\/#organization","name":"Zapateneo Kultur Elkartea","url":"https:\/\/zapateneo.net\/wordpress\/","logo":{"@type":"ImageObject","inLanguage":"es","@id":"https:\/\/zapateneo.net\/wordpress\/#\/schema\/logo\/image\/","url":"https:\/\/zapateneo.net\/wordpress\/wp-content\/uploads\/2021\/04\/zap-libu-kolec.jpg","contentUrl":"https:\/\/zapateneo.net\/wordpress\/wp-content\/uploads\/2021\/04\/zap-libu-kolec.jpg","width":2234,"height":398,"caption":"Zapateneo Kultur Elkartea"},"image":{"@id":"https:\/\/zapateneo.net\/wordpress\/#\/schema\/logo\/image\/"},"sameAs":["https:\/\/x.com\/zapateneo"]}]}},"_links":{"self":[{"href":"https:\/\/zapateneo.net\/wordpress\/index.php\/wp-json\/wp\/v2\/product\/9764","targetHints":{"allow":["GET"]}}],"collection":[{"href":"https:\/\/zapateneo.net\/wordpress\/index.php\/wp-json\/wp\/v2\/product"}],"about":[{"href":"https:\/\/zapateneo.net\/wordpress\/index.php\/wp-json\/wp\/v2\/types\/product"}],"wp:featuredmedia":[{"embeddable":true,"href":"https:\/\/zapateneo.net\/wordpress\/index.php\/wp-json\/wp\/v2\/media\/9794"}],"wp:attachment":[{"href":"https:\/\/zapateneo.net\/wordpress\/index.php\/wp-json\/wp\/v2\/media?parent=9764"}],"wp:term":[{"taxonomy":"product_brand","embeddable":true,"href":"https:\/\/zapateneo.net\/wordpress\/index.php\/wp-json\/wp\/v2\/product_brand?post=9764"},{"taxonomy":"product_cat","embeddable":true,"href":"https:\/\/zapateneo.net\/wordpress\/index.php\/wp-json\/wp\/v2\/product_cat?post=9764"},{"taxonomy":"product_tag","embeddable":true,"href":"https:\/\/zapateneo.net\/wordpress\/index.php\/wp-json\/wp\/v2\/product_tag?post=9764"}],"curies":[{"name":"wp","href":"https:\/\/api.w.org\/{rel}","templated":true}]}}