{"id":9761,"date":"2021-10-11T18:40:23","date_gmt":"2021-10-11T17:40:23","guid":{"rendered":"https:\/\/zapateneo.net\/wordpress\/?post_type=product&#038;p=9761"},"modified":"2021-12-13T17:20:42","modified_gmt":"2021-12-13T16:20:42","slug":"nuestra-necesidad-de-consuelo-es-insaciable-etcetera-25","status":"publish","type":"product","link":"https:\/\/zapateneo.net\/wordpress\/index.php\/producto\/nuestra-necesidad-de-consuelo-es-insaciable-etcetera-25\/","title":{"rendered":"NUESTRA NECESIDAD DE CONSUELO ES INSACIABLE. ETCETERA # 25"},"content":{"rendered":"<p><span class=\"style15 style29\">Stig Dagerman naci\u00f3 el 25 de octubre de 1923 en Suecia, y muri\u00f3 voluntariamente el 5 de noviembre de 1954 en el mismo pa\u00eds escandinavo. Desde muy joven, y hasta el fin de su vida, colabor\u00f3 con la prensa anarcosindicalista. Tambi\u00e9n escribi\u00f3 novelas y dramas que le hicieron conocido como excelente escritor en Europa. El texto que aqu\u00ed reproducimos fue originalmente publicado con el t\u00edtulo \u00abVart behov av tr\u00f6st \u00e4r om\u00e4ttligt\u00bb en la revista \u00abHusmodern\u00bb, en 1952. <\/span><\/p>\n<p><span class=\"style26\"><span class=\"justif\">Estoy desprovisto de fe y no puedo, pues, ser dichoso, ya que un hombre dichoso nunca llegar\u00e1 a temer que su vida sea un errar sin sentido hacia una muerte cierta. No me ha sido dado en herencia ni un dios ni un punto firme en la tierra desde el cual poder llamar la atenci\u00f3n de dios; ni he heredado tampoco el furor disimulado del esc\u00e9ptico, ni las astucias del racionalista, ni el ardiente candor del ateo. Por eso no me atrevo a tirar la piedra ni a quien cree en cosas que yo dudo, ni a quien idolatra la duda como si \u00e9sta no estuviera rodeada de tinieblas. Esta piedra me alcanzar\u00eda a m\u00ed mismo ya que de una cosa estoy convencido: la necesidad de consuelo que tiene el ser humano es insaciable.<\/span><\/span><\/p>\n<p><a href=\"https:\/\/sindominio.net\/etcetera\/files\/25_necesidad_dagerman.pdf\">Deskarga<\/a>.<\/p>\n","protected":false},"excerpt":{"rendered":"<p><strong>STIG DAGERMAN<\/strong><br \/>\n2006052500275 &#8211; ETC &#8211; &#8211; 48 p\u00e1ginas \/orri.<\/p>\n","protected":false},"featured_media":9799,"template":"","meta":[],"product_brand":[],"product_cat":[166,173],"product_tag":[4626,1924,5035],"class_list":{"0":"post-9761","1":"product","2":"type-product","3":"status-publish","4":"has-post-thumbnail","6":"product_cat-panfletos-panfletoak","7":"product_cat-saiakera-ensayo","8":"product_tag-deskargak","9":"product_tag-etc","10":"product_tag-stig-dagerman","12":"first","13":"instock","14":"sold-individually","15":"shipping-taxable","16":"purchasable","17":"product-type-simple"},"yoast_head":"<!-- This site is optimized with the Yoast SEO plugin v27.3 - https:\/\/yoast.com\/product\/yoast-seo-wordpress\/ -->\n<title>NUESTRA NECESIDAD DE CONSUELO ES INSACIABLE. ETCETERA # 25 &#8212; Zapateneo<\/title>\n<meta name=\"robots\" content=\"index, follow, max-snippet:-1, max-image-preview:large, max-video-preview:-1\" \/>\n<link rel=\"canonical\" href=\"https:\/\/zapateneo.net\/wordpress\/index.php\/producto\/nuestra-necesidad-de-consuelo-es-insaciable-etcetera-25\/\" \/>\n<meta property=\"og:locale\" content=\"es_ES\" \/>\n<meta property=\"og:type\" content=\"article\" \/>\n<meta property=\"og:title\" content=\"NUESTRA NECESIDAD DE CONSUELO ES INSACIABLE. ETCETERA # 25 &#8212; Zapateneo\" \/>\n<meta property=\"og:description\" content=\"STIG DAGERMAN 2006052500275 - ETC - - 48 p\u00e1ginas \/orri.\" \/>\n<meta property=\"og:url\" content=\"https:\/\/zapateneo.net\/wordpress\/index.php\/producto\/nuestra-necesidad-de-consuelo-es-insaciable-etcetera-25\/\" \/>\n<meta property=\"og:site_name\" content=\"Zapateneo\" \/>\n<meta property=\"article:modified_time\" content=\"2021-12-13T16:20:42+00:00\" \/>\n<meta property=\"og:image\" content=\"https:\/\/zapateneo.net\/wordpress\/wp-content\/uploads\/2021\/10\/necesidad-de-consuleo.png\" \/>\n\t<meta property=\"og:image:width\" content=\"170\" \/>\n\t<meta property=\"og:image:height\" content=\"297\" \/>\n\t<meta property=\"og:image:type\" content=\"image\/png\" \/>\n<meta name=\"twitter:card\" content=\"summary_large_image\" \/>\n<meta name=\"twitter:site\" content=\"@zapateneo\" \/>\n<meta name=\"twitter:label1\" content=\"Tiempo de lectura\" \/>\n\t<meta name=\"twitter:data1\" content=\"1 minuto\" \/>\n<script type=\"application\/ld+json\" class=\"yoast-schema-graph\">{\"@context\":\"https:\\\/\\\/schema.org\",\"@graph\":[{\"@type\":\"WebPage\",\"@id\":\"https:\\\/\\\/zapateneo.net\\\/wordpress\\\/index.php\\\/producto\\\/nuestra-necesidad-de-consuelo-es-insaciable-etcetera-25\\\/\",\"url\":\"https:\\\/\\\/zapateneo.net\\\/wordpress\\\/index.php\\\/producto\\\/nuestra-necesidad-de-consuelo-es-insaciable-etcetera-25\\\/\",\"name\":\"NUESTRA NECESIDAD DE CONSUELO ES INSACIABLE. ETCETERA # 25 &#8212; Zapateneo\",\"isPartOf\":{\"@id\":\"https:\\\/\\\/zapateneo.net\\\/wordpress\\\/#website\"},\"primaryImageOfPage\":{\"@id\":\"https:\\\/\\\/zapateneo.net\\\/wordpress\\\/index.php\\\/producto\\\/nuestra-necesidad-de-consuelo-es-insaciable-etcetera-25\\\/#primaryimage\"},\"image\":{\"@id\":\"https:\\\/\\\/zapateneo.net\\\/wordpress\\\/index.php\\\/producto\\\/nuestra-necesidad-de-consuelo-es-insaciable-etcetera-25\\\/#primaryimage\"},\"thumbnailUrl\":\"https:\\\/\\\/zapateneo.net\\\/wordpress\\\/wp-content\\\/uploads\\\/2021\\\/10\\\/necesidad-de-consuleo.png\",\"datePublished\":\"2021-10-11T17:40:23+00:00\",\"dateModified\":\"2021-12-13T16:20:42+00:00\",\"breadcrumb\":{\"@id\":\"https:\\\/\\\/zapateneo.net\\\/wordpress\\\/index.php\\\/producto\\\/nuestra-necesidad-de-consuelo-es-insaciable-etcetera-25\\\/#breadcrumb\"},\"inLanguage\":\"es\",\"potentialAction\":[{\"@type\":\"ReadAction\",\"target\":[\"https:\\\/\\\/zapateneo.net\\\/wordpress\\\/index.php\\\/producto\\\/nuestra-necesidad-de-consuelo-es-insaciable-etcetera-25\\\/\"]}]},{\"@type\":\"ImageObject\",\"inLanguage\":\"es\",\"@id\":\"https:\\\/\\\/zapateneo.net\\\/wordpress\\\/index.php\\\/producto\\\/nuestra-necesidad-de-consuelo-es-insaciable-etcetera-25\\\/#primaryimage\",\"url\":\"https:\\\/\\\/zapateneo.net\\\/wordpress\\\/wp-content\\\/uploads\\\/2021\\\/10\\\/necesidad-de-consuleo.png\",\"contentUrl\":\"https:\\\/\\\/zapateneo.net\\\/wordpress\\\/wp-content\\\/uploads\\\/2021\\\/10\\\/necesidad-de-consuleo.png\",\"width\":170,\"height\":297},{\"@type\":\"BreadcrumbList\",\"@id\":\"https:\\\/\\\/zapateneo.net\\\/wordpress\\\/index.php\\\/producto\\\/nuestra-necesidad-de-consuelo-es-insaciable-etcetera-25\\\/#breadcrumb\",\"itemListElement\":[{\"@type\":\"ListItem\",\"position\":1,\"name\":\"Portada\",\"item\":\"https:\\\/\\\/zapateneo.net\\\/wordpress\\\/\"},{\"@type\":\"ListItem\",\"position\":2,\"name\":\"Tienda\",\"item\":\"https:\\\/\\\/zapateneo.net\\\/wordpress\\\/\"},{\"@type\":\"ListItem\",\"position\":3,\"name\":\"NUESTRA NECESIDAD DE CONSUELO ES INSACIABLE. ETCETERA # 25\"}]},{\"@type\":\"WebSite\",\"@id\":\"https:\\\/\\\/zapateneo.net\\\/wordpress\\\/#website\",\"url\":\"https:\\\/\\\/zapateneo.net\\\/wordpress\\\/\",\"name\":\"Zapateneo\",\"description\":\"Zapateneoaren webgunea\",\"publisher\":{\"@id\":\"https:\\\/\\\/zapateneo.net\\\/wordpress\\\/#organization\"},\"potentialAction\":[{\"@type\":\"SearchAction\",\"target\":{\"@type\":\"EntryPoint\",\"urlTemplate\":\"https:\\\/\\\/zapateneo.net\\\/wordpress\\\/?s={search_term_string}\"},\"query-input\":{\"@type\":\"PropertyValueSpecification\",\"valueRequired\":true,\"valueName\":\"search_term_string\"}}],\"inLanguage\":\"es\"},{\"@type\":\"Organization\",\"@id\":\"https:\\\/\\\/zapateneo.net\\\/wordpress\\\/#organization\",\"name\":\"Zapateneo Kultur Elkartea\",\"url\":\"https:\\\/\\\/zapateneo.net\\\/wordpress\\\/\",\"logo\":{\"@type\":\"ImageObject\",\"inLanguage\":\"es\",\"@id\":\"https:\\\/\\\/zapateneo.net\\\/wordpress\\\/#\\\/schema\\\/logo\\\/image\\\/\",\"url\":\"https:\\\/\\\/zapateneo.net\\\/wordpress\\\/wp-content\\\/uploads\\\/2021\\\/04\\\/zap-libu-kolec.jpg\",\"contentUrl\":\"https:\\\/\\\/zapateneo.net\\\/wordpress\\\/wp-content\\\/uploads\\\/2021\\\/04\\\/zap-libu-kolec.jpg\",\"width\":2234,\"height\":398,\"caption\":\"Zapateneo Kultur Elkartea\"},\"image\":{\"@id\":\"https:\\\/\\\/zapateneo.net\\\/wordpress\\\/#\\\/schema\\\/logo\\\/image\\\/\"},\"sameAs\":[\"https:\\\/\\\/x.com\\\/zapateneo\"]}]}<\/script>\n<!-- \/ Yoast SEO plugin. -->","yoast_head_json":{"title":"NUESTRA NECESIDAD DE CONSUELO ES INSACIABLE. ETCETERA # 25 &#8212; Zapateneo","robots":{"index":"index","follow":"follow","max-snippet":"max-snippet:-1","max-image-preview":"max-image-preview:large","max-video-preview":"max-video-preview:-1"},"canonical":"https:\/\/zapateneo.net\/wordpress\/index.php\/producto\/nuestra-necesidad-de-consuelo-es-insaciable-etcetera-25\/","og_locale":"es_ES","og_type":"article","og_title":"NUESTRA NECESIDAD DE CONSUELO ES INSACIABLE. ETCETERA # 25 &#8212; Zapateneo","og_description":"STIG DAGERMAN 2006052500275 - ETC - - 48 p\u00e1ginas \/orri.","og_url":"https:\/\/zapateneo.net\/wordpress\/index.php\/producto\/nuestra-necesidad-de-consuelo-es-insaciable-etcetera-25\/","og_site_name":"Zapateneo","article_modified_time":"2021-12-13T16:20:42+00:00","og_image":[{"width":170,"height":297,"url":"https:\/\/zapateneo.net\/wordpress\/wp-content\/uploads\/2021\/10\/necesidad-de-consuleo.png","type":"image\/png"}],"twitter_card":"summary_large_image","twitter_site":"@zapateneo","twitter_misc":{"Tiempo de lectura":"1 minuto"},"schema":{"@context":"https:\/\/schema.org","@graph":[{"@type":"WebPage","@id":"https:\/\/zapateneo.net\/wordpress\/index.php\/producto\/nuestra-necesidad-de-consuelo-es-insaciable-etcetera-25\/","url":"https:\/\/zapateneo.net\/wordpress\/index.php\/producto\/nuestra-necesidad-de-consuelo-es-insaciable-etcetera-25\/","name":"NUESTRA NECESIDAD DE CONSUELO ES INSACIABLE. ETCETERA # 25 &#8212; Zapateneo","isPartOf":{"@id":"https:\/\/zapateneo.net\/wordpress\/#website"},"primaryImageOfPage":{"@id":"https:\/\/zapateneo.net\/wordpress\/index.php\/producto\/nuestra-necesidad-de-consuelo-es-insaciable-etcetera-25\/#primaryimage"},"image":{"@id":"https:\/\/zapateneo.net\/wordpress\/index.php\/producto\/nuestra-necesidad-de-consuelo-es-insaciable-etcetera-25\/#primaryimage"},"thumbnailUrl":"https:\/\/zapateneo.net\/wordpress\/wp-content\/uploads\/2021\/10\/necesidad-de-consuleo.png","datePublished":"2021-10-11T17:40:23+00:00","dateModified":"2021-12-13T16:20:42+00:00","breadcrumb":{"@id":"https:\/\/zapateneo.net\/wordpress\/index.php\/producto\/nuestra-necesidad-de-consuelo-es-insaciable-etcetera-25\/#breadcrumb"},"inLanguage":"es","potentialAction":[{"@type":"ReadAction","target":["https:\/\/zapateneo.net\/wordpress\/index.php\/producto\/nuestra-necesidad-de-consuelo-es-insaciable-etcetera-25\/"]}]},{"@type":"ImageObject","inLanguage":"es","@id":"https:\/\/zapateneo.net\/wordpress\/index.php\/producto\/nuestra-necesidad-de-consuelo-es-insaciable-etcetera-25\/#primaryimage","url":"https:\/\/zapateneo.net\/wordpress\/wp-content\/uploads\/2021\/10\/necesidad-de-consuleo.png","contentUrl":"https:\/\/zapateneo.net\/wordpress\/wp-content\/uploads\/2021\/10\/necesidad-de-consuleo.png","width":170,"height":297},{"@type":"BreadcrumbList","@id":"https:\/\/zapateneo.net\/wordpress\/index.php\/producto\/nuestra-necesidad-de-consuelo-es-insaciable-etcetera-25\/#breadcrumb","itemListElement":[{"@type":"ListItem","position":1,"name":"Portada","item":"https:\/\/zapateneo.net\/wordpress\/"},{"@type":"ListItem","position":2,"name":"Tienda","item":"https:\/\/zapateneo.net\/wordpress\/"},{"@type":"ListItem","position":3,"name":"NUESTRA NECESIDAD DE CONSUELO ES INSACIABLE. ETCETERA # 25"}]},{"@type":"WebSite","@id":"https:\/\/zapateneo.net\/wordpress\/#website","url":"https:\/\/zapateneo.net\/wordpress\/","name":"Zapateneo","description":"Zapateneoaren webgunea","publisher":{"@id":"https:\/\/zapateneo.net\/wordpress\/#organization"},"potentialAction":[{"@type":"SearchAction","target":{"@type":"EntryPoint","urlTemplate":"https:\/\/zapateneo.net\/wordpress\/?s={search_term_string}"},"query-input":{"@type":"PropertyValueSpecification","valueRequired":true,"valueName":"search_term_string"}}],"inLanguage":"es"},{"@type":"Organization","@id":"https:\/\/zapateneo.net\/wordpress\/#organization","name":"Zapateneo Kultur Elkartea","url":"https:\/\/zapateneo.net\/wordpress\/","logo":{"@type":"ImageObject","inLanguage":"es","@id":"https:\/\/zapateneo.net\/wordpress\/#\/schema\/logo\/image\/","url":"https:\/\/zapateneo.net\/wordpress\/wp-content\/uploads\/2021\/04\/zap-libu-kolec.jpg","contentUrl":"https:\/\/zapateneo.net\/wordpress\/wp-content\/uploads\/2021\/04\/zap-libu-kolec.jpg","width":2234,"height":398,"caption":"Zapateneo Kultur Elkartea"},"image":{"@id":"https:\/\/zapateneo.net\/wordpress\/#\/schema\/logo\/image\/"},"sameAs":["https:\/\/x.com\/zapateneo"]}]}},"_links":{"self":[{"href":"https:\/\/zapateneo.net\/wordpress\/index.php\/wp-json\/wp\/v2\/product\/9761","targetHints":{"allow":["GET"]}}],"collection":[{"href":"https:\/\/zapateneo.net\/wordpress\/index.php\/wp-json\/wp\/v2\/product"}],"about":[{"href":"https:\/\/zapateneo.net\/wordpress\/index.php\/wp-json\/wp\/v2\/types\/product"}],"wp:featuredmedia":[{"embeddable":true,"href":"https:\/\/zapateneo.net\/wordpress\/index.php\/wp-json\/wp\/v2\/media\/9799"}],"wp:attachment":[{"href":"https:\/\/zapateneo.net\/wordpress\/index.php\/wp-json\/wp\/v2\/media?parent=9761"}],"wp:term":[{"taxonomy":"product_brand","embeddable":true,"href":"https:\/\/zapateneo.net\/wordpress\/index.php\/wp-json\/wp\/v2\/product_brand?post=9761"},{"taxonomy":"product_cat","embeddable":true,"href":"https:\/\/zapateneo.net\/wordpress\/index.php\/wp-json\/wp\/v2\/product_cat?post=9761"},{"taxonomy":"product_tag","embeddable":true,"href":"https:\/\/zapateneo.net\/wordpress\/index.php\/wp-json\/wp\/v2\/product_tag?post=9761"}],"curies":[{"name":"wp","href":"https:\/\/api.w.org\/{rel}","templated":true}]}}