{"id":9759,"date":"2021-10-11T18:40:23","date_gmt":"2021-10-11T17:40:23","guid":{"rendered":"https:\/\/zapateneo.net\/wordpress\/?post_type=product&#038;p=9759"},"modified":"2023-04-11T17:46:35","modified_gmt":"2023-04-11T16:46:35","slug":"la-servidumbre-voluntaria-un-estudio-sobre-las-interpretaciones-del-discurso-de-la-boetie-51","status":"publish","type":"product","link":"https:\/\/zapateneo.net\/wordpress\/index.php\/producto\/la-servidumbre-voluntaria-un-estudio-sobre-las-interpretaciones-del-discurso-de-la-boetie-51\/","title":{"rendered":"La servidumbre voluntaria. Un estudio sobre las interpretaciones del Discurso de La Boeti\u00e9 # 51"},"content":{"rendered":"<p class=\"_TXT__TXT_1-\">Si resulta tan turbadora la lectura de <strong>\u00c9tienne de<\/strong>\u00a0<strong>La Bo\u00e9tie<\/strong> es indudablemente por la condici\u00f3n b\u00e1rbara que nos descubre: nos revela el monstruo que anida en el interior de cada hombre, y que le unce, con descaro, a los m\u00e1s lacerantes yugos pol\u00edticos. Y aunque no ten\u00eda su discurso la intenci\u00f3n de cauterizar esa herida mortal que sufr\u00eda, a su juicio, el vulgo y que, siglos despu\u00e9s, con la experiencia sucesiva de tiran\u00edas, impl\u00edcitas y expl\u00edcitas, no ha hecho m\u00e1s que supurar con m\u00e1s vehemencia, su ensayo constituye un importante aviso para navegantes, al recordarnos, sin paliativos ret\u00f3ricos, que la sumisi\u00f3n m\u00e1s salvaje no es la que irrumpe por medio de la fuerza, sino a trav\u00e9s de la escandalosa elecci\u00f3n popular y la pasividad de la costumbre.<\/p>\n<p><a href=\"https:\/\/sindominio.net\/etcetera\/files\/51_LaBoetie.pdf\">Deskarga<\/a>.<\/p>\n","protected":false},"excerpt":{"rendered":"<p><strong>Andr\u00e9 May<\/strong><br \/>\n2006071000138 &#8211; Etcetera &#8211; 2006 &#8211; 44 p\u00e1ginas \/orri.<\/p>\n","protected":false},"featured_media":9803,"template":"","meta":[],"product_brand":[],"product_cat":[166,173],"product_tag":[5058,4626,1924],"class_list":{"0":"post-9759","1":"product","2":"type-product","3":"status-publish","4":"has-post-thumbnail","6":"product_cat-panfletos-panfletoak","7":"product_cat-saiakera-ensayo","8":"product_tag-andre-may","9":"product_tag-deskargak","10":"product_tag-etc","12":"first","13":"instock","14":"sold-individually","15":"shipping-taxable","16":"purchasable","17":"product-type-simple"},"yoast_head":"<!-- This site is optimized with the Yoast SEO plugin v27.3 - https:\/\/yoast.com\/product\/yoast-seo-wordpress\/ -->\n<title>La servidumbre voluntaria. Un estudio sobre las interpretaciones del Discurso de La Boeti\u00e9 # 51 &#8212; Zapateneo<\/title>\n<meta name=\"robots\" content=\"index, follow, max-snippet:-1, max-image-preview:large, max-video-preview:-1\" \/>\n<link rel=\"canonical\" href=\"https:\/\/zapateneo.net\/wordpress\/index.php\/producto\/la-servidumbre-voluntaria-un-estudio-sobre-las-interpretaciones-del-discurso-de-la-boetie-51\/\" \/>\n<meta property=\"og:locale\" content=\"es_ES\" \/>\n<meta property=\"og:type\" content=\"article\" \/>\n<meta property=\"og:title\" content=\"La servidumbre voluntaria. Un estudio sobre las interpretaciones del Discurso de La Boeti\u00e9 # 51 &#8212; Zapateneo\" \/>\n<meta property=\"og:description\" content=\"Andr\u00e9 May 2006071000138 - Etcetera - 2006 - 44 p\u00e1ginas \/orri.\" \/>\n<meta property=\"og:url\" content=\"https:\/\/zapateneo.net\/wordpress\/index.php\/producto\/la-servidumbre-voluntaria-un-estudio-sobre-las-interpretaciones-del-discurso-de-la-boetie-51\/\" \/>\n<meta property=\"og:site_name\" content=\"Zapateneo\" \/>\n<meta property=\"article:modified_time\" content=\"2023-04-11T16:46:35+00:00\" \/>\n<meta property=\"og:image\" content=\"https:\/\/zapateneo.net\/wordpress\/wp-content\/uploads\/2021\/10\/la-servidumbre-voluntaria-un-estudio-sobre-las-sindominio.jpg\" \/>\n\t<meta property=\"og:image:width\" content=\"452\" \/>\n\t<meta property=\"og:image:height\" content=\"640\" \/>\n\t<meta property=\"og:image:type\" content=\"image\/jpeg\" \/>\n<meta name=\"twitter:card\" content=\"summary_large_image\" \/>\n<meta name=\"twitter:site\" content=\"@zapateneo\" \/>\n<meta name=\"twitter:label1\" content=\"Tiempo de lectura\" \/>\n\t<meta name=\"twitter:data1\" content=\"1 minuto\" \/>\n<script type=\"application\/ld+json\" class=\"yoast-schema-graph\">{\"@context\":\"https:\\\/\\\/schema.org\",\"@graph\":[{\"@type\":\"WebPage\",\"@id\":\"https:\\\/\\\/zapateneo.net\\\/wordpress\\\/index.php\\\/producto\\\/la-servidumbre-voluntaria-un-estudio-sobre-las-interpretaciones-del-discurso-de-la-boetie-51\\\/\",\"url\":\"https:\\\/\\\/zapateneo.net\\\/wordpress\\\/index.php\\\/producto\\\/la-servidumbre-voluntaria-un-estudio-sobre-las-interpretaciones-del-discurso-de-la-boetie-51\\\/\",\"name\":\"La servidumbre voluntaria. Un estudio sobre las interpretaciones del Discurso de La Boeti\u00e9 # 51 &#8212; Zapateneo\",\"isPartOf\":{\"@id\":\"https:\\\/\\\/zapateneo.net\\\/wordpress\\\/#website\"},\"primaryImageOfPage\":{\"@id\":\"https:\\\/\\\/zapateneo.net\\\/wordpress\\\/index.php\\\/producto\\\/la-servidumbre-voluntaria-un-estudio-sobre-las-interpretaciones-del-discurso-de-la-boetie-51\\\/#primaryimage\"},\"image\":{\"@id\":\"https:\\\/\\\/zapateneo.net\\\/wordpress\\\/index.php\\\/producto\\\/la-servidumbre-voluntaria-un-estudio-sobre-las-interpretaciones-del-discurso-de-la-boetie-51\\\/#primaryimage\"},\"thumbnailUrl\":\"https:\\\/\\\/zapateneo.net\\\/wordpress\\\/wp-content\\\/uploads\\\/2021\\\/10\\\/la-servidumbre-voluntaria-un-estudio-sobre-las-sindominio.jpg\",\"datePublished\":\"2021-10-11T17:40:23+00:00\",\"dateModified\":\"2023-04-11T16:46:35+00:00\",\"breadcrumb\":{\"@id\":\"https:\\\/\\\/zapateneo.net\\\/wordpress\\\/index.php\\\/producto\\\/la-servidumbre-voluntaria-un-estudio-sobre-las-interpretaciones-del-discurso-de-la-boetie-51\\\/#breadcrumb\"},\"inLanguage\":\"es\",\"potentialAction\":[{\"@type\":\"ReadAction\",\"target\":[\"https:\\\/\\\/zapateneo.net\\\/wordpress\\\/index.php\\\/producto\\\/la-servidumbre-voluntaria-un-estudio-sobre-las-interpretaciones-del-discurso-de-la-boetie-51\\\/\"]}]},{\"@type\":\"ImageObject\",\"inLanguage\":\"es\",\"@id\":\"https:\\\/\\\/zapateneo.net\\\/wordpress\\\/index.php\\\/producto\\\/la-servidumbre-voluntaria-un-estudio-sobre-las-interpretaciones-del-discurso-de-la-boetie-51\\\/#primaryimage\",\"url\":\"https:\\\/\\\/zapateneo.net\\\/wordpress\\\/wp-content\\\/uploads\\\/2021\\\/10\\\/la-servidumbre-voluntaria-un-estudio-sobre-las-sindominio.jpg\",\"contentUrl\":\"https:\\\/\\\/zapateneo.net\\\/wordpress\\\/wp-content\\\/uploads\\\/2021\\\/10\\\/la-servidumbre-voluntaria-un-estudio-sobre-las-sindominio.jpg\",\"width\":452,\"height\":640},{\"@type\":\"BreadcrumbList\",\"@id\":\"https:\\\/\\\/zapateneo.net\\\/wordpress\\\/index.php\\\/producto\\\/la-servidumbre-voluntaria-un-estudio-sobre-las-interpretaciones-del-discurso-de-la-boetie-51\\\/#breadcrumb\",\"itemListElement\":[{\"@type\":\"ListItem\",\"position\":1,\"name\":\"Portada\",\"item\":\"https:\\\/\\\/zapateneo.net\\\/wordpress\\\/\"},{\"@type\":\"ListItem\",\"position\":2,\"name\":\"Tienda\",\"item\":\"https:\\\/\\\/zapateneo.net\\\/wordpress\\\/\"},{\"@type\":\"ListItem\",\"position\":3,\"name\":\"La servidumbre voluntaria. Un estudio sobre las interpretaciones del Discurso de La Boeti\u00e9 # 51\"}]},{\"@type\":\"WebSite\",\"@id\":\"https:\\\/\\\/zapateneo.net\\\/wordpress\\\/#website\",\"url\":\"https:\\\/\\\/zapateneo.net\\\/wordpress\\\/\",\"name\":\"Zapateneo\",\"description\":\"Zapateneoaren webgunea\",\"publisher\":{\"@id\":\"https:\\\/\\\/zapateneo.net\\\/wordpress\\\/#organization\"},\"potentialAction\":[{\"@type\":\"SearchAction\",\"target\":{\"@type\":\"EntryPoint\",\"urlTemplate\":\"https:\\\/\\\/zapateneo.net\\\/wordpress\\\/?s={search_term_string}\"},\"query-input\":{\"@type\":\"PropertyValueSpecification\",\"valueRequired\":true,\"valueName\":\"search_term_string\"}}],\"inLanguage\":\"es\"},{\"@type\":\"Organization\",\"@id\":\"https:\\\/\\\/zapateneo.net\\\/wordpress\\\/#organization\",\"name\":\"Zapateneo Kultur Elkartea\",\"url\":\"https:\\\/\\\/zapateneo.net\\\/wordpress\\\/\",\"logo\":{\"@type\":\"ImageObject\",\"inLanguage\":\"es\",\"@id\":\"https:\\\/\\\/zapateneo.net\\\/wordpress\\\/#\\\/schema\\\/logo\\\/image\\\/\",\"url\":\"https:\\\/\\\/zapateneo.net\\\/wordpress\\\/wp-content\\\/uploads\\\/2021\\\/04\\\/zap-libu-kolec.jpg\",\"contentUrl\":\"https:\\\/\\\/zapateneo.net\\\/wordpress\\\/wp-content\\\/uploads\\\/2021\\\/04\\\/zap-libu-kolec.jpg\",\"width\":2234,\"height\":398,\"caption\":\"Zapateneo Kultur Elkartea\"},\"image\":{\"@id\":\"https:\\\/\\\/zapateneo.net\\\/wordpress\\\/#\\\/schema\\\/logo\\\/image\\\/\"},\"sameAs\":[\"https:\\\/\\\/x.com\\\/zapateneo\"]}]}<\/script>\n<!-- \/ Yoast SEO plugin. -->","yoast_head_json":{"title":"La servidumbre voluntaria. Un estudio sobre las interpretaciones del Discurso de La Boeti\u00e9 # 51 &#8212; Zapateneo","robots":{"index":"index","follow":"follow","max-snippet":"max-snippet:-1","max-image-preview":"max-image-preview:large","max-video-preview":"max-video-preview:-1"},"canonical":"https:\/\/zapateneo.net\/wordpress\/index.php\/producto\/la-servidumbre-voluntaria-un-estudio-sobre-las-interpretaciones-del-discurso-de-la-boetie-51\/","og_locale":"es_ES","og_type":"article","og_title":"La servidumbre voluntaria. Un estudio sobre las interpretaciones del Discurso de La Boeti\u00e9 # 51 &#8212; Zapateneo","og_description":"Andr\u00e9 May 2006071000138 - Etcetera - 2006 - 44 p\u00e1ginas \/orri.","og_url":"https:\/\/zapateneo.net\/wordpress\/index.php\/producto\/la-servidumbre-voluntaria-un-estudio-sobre-las-interpretaciones-del-discurso-de-la-boetie-51\/","og_site_name":"Zapateneo","article_modified_time":"2023-04-11T16:46:35+00:00","og_image":[{"width":452,"height":640,"url":"https:\/\/zapateneo.net\/wordpress\/wp-content\/uploads\/2021\/10\/la-servidumbre-voluntaria-un-estudio-sobre-las-sindominio.jpg","type":"image\/jpeg"}],"twitter_card":"summary_large_image","twitter_site":"@zapateneo","twitter_misc":{"Tiempo de lectura":"1 minuto"},"schema":{"@context":"https:\/\/schema.org","@graph":[{"@type":"WebPage","@id":"https:\/\/zapateneo.net\/wordpress\/index.php\/producto\/la-servidumbre-voluntaria-un-estudio-sobre-las-interpretaciones-del-discurso-de-la-boetie-51\/","url":"https:\/\/zapateneo.net\/wordpress\/index.php\/producto\/la-servidumbre-voluntaria-un-estudio-sobre-las-interpretaciones-del-discurso-de-la-boetie-51\/","name":"La servidumbre voluntaria. Un estudio sobre las interpretaciones del Discurso de La Boeti\u00e9 # 51 &#8212; Zapateneo","isPartOf":{"@id":"https:\/\/zapateneo.net\/wordpress\/#website"},"primaryImageOfPage":{"@id":"https:\/\/zapateneo.net\/wordpress\/index.php\/producto\/la-servidumbre-voluntaria-un-estudio-sobre-las-interpretaciones-del-discurso-de-la-boetie-51\/#primaryimage"},"image":{"@id":"https:\/\/zapateneo.net\/wordpress\/index.php\/producto\/la-servidumbre-voluntaria-un-estudio-sobre-las-interpretaciones-del-discurso-de-la-boetie-51\/#primaryimage"},"thumbnailUrl":"https:\/\/zapateneo.net\/wordpress\/wp-content\/uploads\/2021\/10\/la-servidumbre-voluntaria-un-estudio-sobre-las-sindominio.jpg","datePublished":"2021-10-11T17:40:23+00:00","dateModified":"2023-04-11T16:46:35+00:00","breadcrumb":{"@id":"https:\/\/zapateneo.net\/wordpress\/index.php\/producto\/la-servidumbre-voluntaria-un-estudio-sobre-las-interpretaciones-del-discurso-de-la-boetie-51\/#breadcrumb"},"inLanguage":"es","potentialAction":[{"@type":"ReadAction","target":["https:\/\/zapateneo.net\/wordpress\/index.php\/producto\/la-servidumbre-voluntaria-un-estudio-sobre-las-interpretaciones-del-discurso-de-la-boetie-51\/"]}]},{"@type":"ImageObject","inLanguage":"es","@id":"https:\/\/zapateneo.net\/wordpress\/index.php\/producto\/la-servidumbre-voluntaria-un-estudio-sobre-las-interpretaciones-del-discurso-de-la-boetie-51\/#primaryimage","url":"https:\/\/zapateneo.net\/wordpress\/wp-content\/uploads\/2021\/10\/la-servidumbre-voluntaria-un-estudio-sobre-las-sindominio.jpg","contentUrl":"https:\/\/zapateneo.net\/wordpress\/wp-content\/uploads\/2021\/10\/la-servidumbre-voluntaria-un-estudio-sobre-las-sindominio.jpg","width":452,"height":640},{"@type":"BreadcrumbList","@id":"https:\/\/zapateneo.net\/wordpress\/index.php\/producto\/la-servidumbre-voluntaria-un-estudio-sobre-las-interpretaciones-del-discurso-de-la-boetie-51\/#breadcrumb","itemListElement":[{"@type":"ListItem","position":1,"name":"Portada","item":"https:\/\/zapateneo.net\/wordpress\/"},{"@type":"ListItem","position":2,"name":"Tienda","item":"https:\/\/zapateneo.net\/wordpress\/"},{"@type":"ListItem","position":3,"name":"La servidumbre voluntaria. Un estudio sobre las interpretaciones del Discurso de La Boeti\u00e9 # 51"}]},{"@type":"WebSite","@id":"https:\/\/zapateneo.net\/wordpress\/#website","url":"https:\/\/zapateneo.net\/wordpress\/","name":"Zapateneo","description":"Zapateneoaren webgunea","publisher":{"@id":"https:\/\/zapateneo.net\/wordpress\/#organization"},"potentialAction":[{"@type":"SearchAction","target":{"@type":"EntryPoint","urlTemplate":"https:\/\/zapateneo.net\/wordpress\/?s={search_term_string}"},"query-input":{"@type":"PropertyValueSpecification","valueRequired":true,"valueName":"search_term_string"}}],"inLanguage":"es"},{"@type":"Organization","@id":"https:\/\/zapateneo.net\/wordpress\/#organization","name":"Zapateneo Kultur Elkartea","url":"https:\/\/zapateneo.net\/wordpress\/","logo":{"@type":"ImageObject","inLanguage":"es","@id":"https:\/\/zapateneo.net\/wordpress\/#\/schema\/logo\/image\/","url":"https:\/\/zapateneo.net\/wordpress\/wp-content\/uploads\/2021\/04\/zap-libu-kolec.jpg","contentUrl":"https:\/\/zapateneo.net\/wordpress\/wp-content\/uploads\/2021\/04\/zap-libu-kolec.jpg","width":2234,"height":398,"caption":"Zapateneo Kultur Elkartea"},"image":{"@id":"https:\/\/zapateneo.net\/wordpress\/#\/schema\/logo\/image\/"},"sameAs":["https:\/\/x.com\/zapateneo"]}]}},"_links":{"self":[{"href":"https:\/\/zapateneo.net\/wordpress\/index.php\/wp-json\/wp\/v2\/product\/9759","targetHints":{"allow":["GET"]}}],"collection":[{"href":"https:\/\/zapateneo.net\/wordpress\/index.php\/wp-json\/wp\/v2\/product"}],"about":[{"href":"https:\/\/zapateneo.net\/wordpress\/index.php\/wp-json\/wp\/v2\/types\/product"}],"wp:featuredmedia":[{"embeddable":true,"href":"https:\/\/zapateneo.net\/wordpress\/index.php\/wp-json\/wp\/v2\/media\/9803"}],"wp:attachment":[{"href":"https:\/\/zapateneo.net\/wordpress\/index.php\/wp-json\/wp\/v2\/media?parent=9759"}],"wp:term":[{"taxonomy":"product_brand","embeddable":true,"href":"https:\/\/zapateneo.net\/wordpress\/index.php\/wp-json\/wp\/v2\/product_brand?post=9759"},{"taxonomy":"product_cat","embeddable":true,"href":"https:\/\/zapateneo.net\/wordpress\/index.php\/wp-json\/wp\/v2\/product_cat?post=9759"},{"taxonomy":"product_tag","embeddable":true,"href":"https:\/\/zapateneo.net\/wordpress\/index.php\/wp-json\/wp\/v2\/product_tag?post=9759"}],"curies":[{"name":"wp","href":"https:\/\/api.w.org\/{rel}","templated":true}]}}