{"id":9755,"date":"2021-10-11T18:40:22","date_gmt":"2021-10-11T17:40:22","guid":{"rendered":"https:\/\/zapateneo.net\/wordpress\/?post_type=product&#038;p=9755"},"modified":"2023-04-12T15:44:57","modified_gmt":"2023-04-12T14:44:57","slug":"la-ideologia-poder-separado-de-las-ideas-e-ideas-del-poder-separado","status":"publish","type":"product","link":"https:\/\/zapateneo.net\/wordpress\/index.php\/producto\/la-ideologia-poder-separado-de-las-ideas-e-ideas-del-poder-separado\/","title":{"rendered":"La ideolog\u00ed\u00ada. Poder separado de las ideas e ideas del poder separado"},"content":{"rendered":"<p>\u201cLa cr\u00edtica de la ideolog\u00eda fue un elemento fundamental de la teor\u00eda revolucionaria; la denuncia, desde la perspectiva de los explotados, de la visi\u00f3n del mundo de la clase explotadora que presentaba como natural, inevitable y conveniente para \u201cLa Humanidad\u201d lo que no era m\u00e1s que su propio proyecto de dominaci\u00f3n y explotaci\u00f3n. Pero desde entonces la cosa se ha complicado bastante, ya que \u201cla clase de la conciencia\u201d, que era al mismo tiempo la principal fuerza colectiva y el sujeto de la revoluci\u00f3n posible, fue derrotada como tal y transformadas decisivamente las condiciones materiales de las que surg\u00eda. El modo de producci\u00f3n, al desarrollar el Capital nuevas fuerzas productivas y estrategias de dominaci\u00f3n y alcanzar un dominio del mundo y de la vida que le permite presentar materialmente sus opciones como las \u00fanicas posibles, es decir, como lo necesario, lo racional y lo real.<\/p>\n<p>El Capital tiene hoy en d\u00eda capacidad para recuperar en su beneficio casi cualquier perspectiva cr\u00edtica: lo que no le mata le fortalece. Como due\u00f1o absoluto de sus posibilidades de realizaci\u00f3n, todo le pertenece. Los individuos aislados en la sociedad de masas, totalmente privados de intervenir por si mismos en la construcci\u00f3n social de la realidad, no la experimentan, son usados por ella. No realizan ni ponen en pr\u00e1ctica lo que piensan, y a penas tienen oportunidad de pensar, y mucho menos de decidir, sobre lo que viven y hacen. No son en modo alguno sujetos, sino que se encuentran a merced del poder de un ente objetivo, el capital totalitario, que vive sus vidas en lugar de ellos mismos. Tienen una existencia ideol\u00f3gica, alienada, falsa.<\/p>\n<p>Para quienes no quieren olvidar los proyectos y perspectivas de la revoluci\u00f3n proletaria, la cuesti\u00f3n de la ideolog\u00eda continua siendo crucial: el problema de la verdad y del acceso a la realidad , de la relaci\u00f3n entre la teor\u00eda y la pr\u00e1ctica, entre lo que se desea, se quiere y se piensa y lo que se hace y se vive. Si se ha de renaudar alguna vez la acci\u00f3n revolucionaria, esa \u201cactividad practico-cr\u00edtica\u201d, no ser\u00e1 con la gu\u00eda de ninguna teor\u00eda parcial, proveniente del pasado o de no se sabe qu\u00e9 alturas intelectuales, separada de la experiencia, del juicio y de la creatividad de quienes han de actuar. El texto de este folleto analiza y desenmascara, contrastando sus pretensiones con la pr\u00e1ctica correspondiente, diferentes ejemplos de manipulaci\u00f3n ideol\u00f3gica: El parasitismo burocr\u00e1tico \u201canarquista\u201d, la actividad recuperadora de ciertas prostitutas culturales, la recuperaci\u00f3n consumada de la cr\u00edtica parcial ecologista, la \u201cideolog\u00eda revolucionaria\u201d al servicio de la contrarrevoluci\u00f3n.\u201d<\/p>\n<p><a href=\"http:\/\/www.mediafire.com\/download\/w5q2s5s1laqw6wk\/081_-_La_ideologia_%28imprimir_escaneado%29.pdf\">Deskarga<\/a>.<\/p>\n","protected":false},"excerpt":{"rendered":"<p><strong>Miguel Amor\u00f3s<\/strong><br \/>\n2009010400037 &#8211; Desorden distro &#8211; 2008 &#8211; 29 p\u00e1ginas \/orri.<\/p>\n","protected":false},"featured_media":9807,"template":"","meta":[],"product_brand":[],"product_cat":[166,173],"product_tag":[4626,5194,2097],"class_list":{"0":"post-9755","1":"product","2":"type-product","3":"status-publish","4":"has-post-thumbnail","6":"product_cat-panfletos-panfletoak","7":"product_cat-saiakera-ensayo","8":"product_tag-deskargak","9":"product_tag-desorden","10":"product_tag-miquel-amoros","12":"first","13":"instock","14":"sold-individually","15":"shipping-taxable","16":"purchasable","17":"product-type-simple"},"yoast_head":"<!-- This site is optimized with the Yoast SEO plugin v27.3 - https:\/\/yoast.com\/product\/yoast-seo-wordpress\/ -->\n<title>La ideolog\u00ed\u00ada. Poder separado de las ideas e ideas del poder separado &#8212; Zapateneo<\/title>\n<meta name=\"robots\" content=\"index, follow, max-snippet:-1, max-image-preview:large, max-video-preview:-1\" \/>\n<link rel=\"canonical\" href=\"https:\/\/zapateneo.net\/wordpress\/index.php\/producto\/la-ideologia-poder-separado-de-las-ideas-e-ideas-del-poder-separado\/\" \/>\n<meta property=\"og:locale\" content=\"es_ES\" \/>\n<meta property=\"og:type\" content=\"article\" \/>\n<meta property=\"og:title\" content=\"La ideolog\u00ed\u00ada. Poder separado de las ideas e ideas del poder separado &#8212; Zapateneo\" \/>\n<meta property=\"og:description\" content=\"Miguel Amor\u00f3s 2009010400037 - Desorden distro - 2008 - 29 p\u00e1ginas \/orri.\" \/>\n<meta property=\"og:url\" content=\"https:\/\/zapateneo.net\/wordpress\/index.php\/producto\/la-ideologia-poder-separado-de-las-ideas-e-ideas-del-poder-separado\/\" \/>\n<meta property=\"og:site_name\" content=\"Zapateneo\" \/>\n<meta property=\"article:modified_time\" content=\"2023-04-12T14:44:57+00:00\" \/>\n<meta property=\"og:image\" content=\"https:\/\/zapateneo.net\/wordpress\/wp-content\/uploads\/2021\/10\/la-ideologia-portada-212x300-1.png\" \/>\n\t<meta property=\"og:image:width\" content=\"212\" \/>\n\t<meta property=\"og:image:height\" content=\"300\" \/>\n\t<meta property=\"og:image:type\" content=\"image\/png\" \/>\n<meta name=\"twitter:card\" content=\"summary_large_image\" \/>\n<meta name=\"twitter:site\" content=\"@zapateneo\" \/>\n<meta name=\"twitter:label1\" content=\"Tiempo de lectura\" \/>\n\t<meta name=\"twitter:data1\" content=\"2 minutos\" \/>\n<script type=\"application\/ld+json\" class=\"yoast-schema-graph\">{\"@context\":\"https:\\\/\\\/schema.org\",\"@graph\":[{\"@type\":\"WebPage\",\"@id\":\"https:\\\/\\\/zapateneo.net\\\/wordpress\\\/index.php\\\/producto\\\/la-ideologia-poder-separado-de-las-ideas-e-ideas-del-poder-separado\\\/\",\"url\":\"https:\\\/\\\/zapateneo.net\\\/wordpress\\\/index.php\\\/producto\\\/la-ideologia-poder-separado-de-las-ideas-e-ideas-del-poder-separado\\\/\",\"name\":\"La ideolog\u00ed\u00ada. Poder separado de las ideas e ideas del poder separado &#8212; Zapateneo\",\"isPartOf\":{\"@id\":\"https:\\\/\\\/zapateneo.net\\\/wordpress\\\/#website\"},\"primaryImageOfPage\":{\"@id\":\"https:\\\/\\\/zapateneo.net\\\/wordpress\\\/index.php\\\/producto\\\/la-ideologia-poder-separado-de-las-ideas-e-ideas-del-poder-separado\\\/#primaryimage\"},\"image\":{\"@id\":\"https:\\\/\\\/zapateneo.net\\\/wordpress\\\/index.php\\\/producto\\\/la-ideologia-poder-separado-de-las-ideas-e-ideas-del-poder-separado\\\/#primaryimage\"},\"thumbnailUrl\":\"https:\\\/\\\/zapateneo.net\\\/wordpress\\\/wp-content\\\/uploads\\\/2021\\\/10\\\/la-ideologia-portada-212x300-1.png\",\"datePublished\":\"2021-10-11T17:40:22+00:00\",\"dateModified\":\"2023-04-12T14:44:57+00:00\",\"breadcrumb\":{\"@id\":\"https:\\\/\\\/zapateneo.net\\\/wordpress\\\/index.php\\\/producto\\\/la-ideologia-poder-separado-de-las-ideas-e-ideas-del-poder-separado\\\/#breadcrumb\"},\"inLanguage\":\"es\",\"potentialAction\":[{\"@type\":\"ReadAction\",\"target\":[\"https:\\\/\\\/zapateneo.net\\\/wordpress\\\/index.php\\\/producto\\\/la-ideologia-poder-separado-de-las-ideas-e-ideas-del-poder-separado\\\/\"]}]},{\"@type\":\"ImageObject\",\"inLanguage\":\"es\",\"@id\":\"https:\\\/\\\/zapateneo.net\\\/wordpress\\\/index.php\\\/producto\\\/la-ideologia-poder-separado-de-las-ideas-e-ideas-del-poder-separado\\\/#primaryimage\",\"url\":\"https:\\\/\\\/zapateneo.net\\\/wordpress\\\/wp-content\\\/uploads\\\/2021\\\/10\\\/la-ideologia-portada-212x300-1.png\",\"contentUrl\":\"https:\\\/\\\/zapateneo.net\\\/wordpress\\\/wp-content\\\/uploads\\\/2021\\\/10\\\/la-ideologia-portada-212x300-1.png\",\"width\":212,\"height\":300},{\"@type\":\"BreadcrumbList\",\"@id\":\"https:\\\/\\\/zapateneo.net\\\/wordpress\\\/index.php\\\/producto\\\/la-ideologia-poder-separado-de-las-ideas-e-ideas-del-poder-separado\\\/#breadcrumb\",\"itemListElement\":[{\"@type\":\"ListItem\",\"position\":1,\"name\":\"Portada\",\"item\":\"https:\\\/\\\/zapateneo.net\\\/wordpress\\\/\"},{\"@type\":\"ListItem\",\"position\":2,\"name\":\"Tienda\",\"item\":\"https:\\\/\\\/zapateneo.net\\\/wordpress\\\/\"},{\"@type\":\"ListItem\",\"position\":3,\"name\":\"La ideolog\u00ed\u00ada. Poder separado de las ideas e ideas del poder separado\"}]},{\"@type\":\"WebSite\",\"@id\":\"https:\\\/\\\/zapateneo.net\\\/wordpress\\\/#website\",\"url\":\"https:\\\/\\\/zapateneo.net\\\/wordpress\\\/\",\"name\":\"Zapateneo\",\"description\":\"Zapateneoaren webgunea\",\"publisher\":{\"@id\":\"https:\\\/\\\/zapateneo.net\\\/wordpress\\\/#organization\"},\"potentialAction\":[{\"@type\":\"SearchAction\",\"target\":{\"@type\":\"EntryPoint\",\"urlTemplate\":\"https:\\\/\\\/zapateneo.net\\\/wordpress\\\/?s={search_term_string}\"},\"query-input\":{\"@type\":\"PropertyValueSpecification\",\"valueRequired\":true,\"valueName\":\"search_term_string\"}}],\"inLanguage\":\"es\"},{\"@type\":\"Organization\",\"@id\":\"https:\\\/\\\/zapateneo.net\\\/wordpress\\\/#organization\",\"name\":\"Zapateneo Kultur Elkartea\",\"url\":\"https:\\\/\\\/zapateneo.net\\\/wordpress\\\/\",\"logo\":{\"@type\":\"ImageObject\",\"inLanguage\":\"es\",\"@id\":\"https:\\\/\\\/zapateneo.net\\\/wordpress\\\/#\\\/schema\\\/logo\\\/image\\\/\",\"url\":\"https:\\\/\\\/zapateneo.net\\\/wordpress\\\/wp-content\\\/uploads\\\/2021\\\/04\\\/zap-libu-kolec.jpg\",\"contentUrl\":\"https:\\\/\\\/zapateneo.net\\\/wordpress\\\/wp-content\\\/uploads\\\/2021\\\/04\\\/zap-libu-kolec.jpg\",\"width\":2234,\"height\":398,\"caption\":\"Zapateneo Kultur Elkartea\"},\"image\":{\"@id\":\"https:\\\/\\\/zapateneo.net\\\/wordpress\\\/#\\\/schema\\\/logo\\\/image\\\/\"},\"sameAs\":[\"https:\\\/\\\/x.com\\\/zapateneo\"]}]}<\/script>\n<!-- \/ Yoast SEO plugin. -->","yoast_head_json":{"title":"La ideolog\u00ed\u00ada. Poder separado de las ideas e ideas del poder separado &#8212; Zapateneo","robots":{"index":"index","follow":"follow","max-snippet":"max-snippet:-1","max-image-preview":"max-image-preview:large","max-video-preview":"max-video-preview:-1"},"canonical":"https:\/\/zapateneo.net\/wordpress\/index.php\/producto\/la-ideologia-poder-separado-de-las-ideas-e-ideas-del-poder-separado\/","og_locale":"es_ES","og_type":"article","og_title":"La ideolog\u00ed\u00ada. Poder separado de las ideas e ideas del poder separado &#8212; Zapateneo","og_description":"Miguel Amor\u00f3s 2009010400037 - Desorden distro - 2008 - 29 p\u00e1ginas \/orri.","og_url":"https:\/\/zapateneo.net\/wordpress\/index.php\/producto\/la-ideologia-poder-separado-de-las-ideas-e-ideas-del-poder-separado\/","og_site_name":"Zapateneo","article_modified_time":"2023-04-12T14:44:57+00:00","og_image":[{"width":212,"height":300,"url":"https:\/\/zapateneo.net\/wordpress\/wp-content\/uploads\/2021\/10\/la-ideologia-portada-212x300-1.png","type":"image\/png"}],"twitter_card":"summary_large_image","twitter_site":"@zapateneo","twitter_misc":{"Tiempo de lectura":"2 minutos"},"schema":{"@context":"https:\/\/schema.org","@graph":[{"@type":"WebPage","@id":"https:\/\/zapateneo.net\/wordpress\/index.php\/producto\/la-ideologia-poder-separado-de-las-ideas-e-ideas-del-poder-separado\/","url":"https:\/\/zapateneo.net\/wordpress\/index.php\/producto\/la-ideologia-poder-separado-de-las-ideas-e-ideas-del-poder-separado\/","name":"La ideolog\u00ed\u00ada. Poder separado de las ideas e ideas del poder separado &#8212; Zapateneo","isPartOf":{"@id":"https:\/\/zapateneo.net\/wordpress\/#website"},"primaryImageOfPage":{"@id":"https:\/\/zapateneo.net\/wordpress\/index.php\/producto\/la-ideologia-poder-separado-de-las-ideas-e-ideas-del-poder-separado\/#primaryimage"},"image":{"@id":"https:\/\/zapateneo.net\/wordpress\/index.php\/producto\/la-ideologia-poder-separado-de-las-ideas-e-ideas-del-poder-separado\/#primaryimage"},"thumbnailUrl":"https:\/\/zapateneo.net\/wordpress\/wp-content\/uploads\/2021\/10\/la-ideologia-portada-212x300-1.png","datePublished":"2021-10-11T17:40:22+00:00","dateModified":"2023-04-12T14:44:57+00:00","breadcrumb":{"@id":"https:\/\/zapateneo.net\/wordpress\/index.php\/producto\/la-ideologia-poder-separado-de-las-ideas-e-ideas-del-poder-separado\/#breadcrumb"},"inLanguage":"es","potentialAction":[{"@type":"ReadAction","target":["https:\/\/zapateneo.net\/wordpress\/index.php\/producto\/la-ideologia-poder-separado-de-las-ideas-e-ideas-del-poder-separado\/"]}]},{"@type":"ImageObject","inLanguage":"es","@id":"https:\/\/zapateneo.net\/wordpress\/index.php\/producto\/la-ideologia-poder-separado-de-las-ideas-e-ideas-del-poder-separado\/#primaryimage","url":"https:\/\/zapateneo.net\/wordpress\/wp-content\/uploads\/2021\/10\/la-ideologia-portada-212x300-1.png","contentUrl":"https:\/\/zapateneo.net\/wordpress\/wp-content\/uploads\/2021\/10\/la-ideologia-portada-212x300-1.png","width":212,"height":300},{"@type":"BreadcrumbList","@id":"https:\/\/zapateneo.net\/wordpress\/index.php\/producto\/la-ideologia-poder-separado-de-las-ideas-e-ideas-del-poder-separado\/#breadcrumb","itemListElement":[{"@type":"ListItem","position":1,"name":"Portada","item":"https:\/\/zapateneo.net\/wordpress\/"},{"@type":"ListItem","position":2,"name":"Tienda","item":"https:\/\/zapateneo.net\/wordpress\/"},{"@type":"ListItem","position":3,"name":"La ideolog\u00ed\u00ada. Poder separado de las ideas e ideas del poder separado"}]},{"@type":"WebSite","@id":"https:\/\/zapateneo.net\/wordpress\/#website","url":"https:\/\/zapateneo.net\/wordpress\/","name":"Zapateneo","description":"Zapateneoaren webgunea","publisher":{"@id":"https:\/\/zapateneo.net\/wordpress\/#organization"},"potentialAction":[{"@type":"SearchAction","target":{"@type":"EntryPoint","urlTemplate":"https:\/\/zapateneo.net\/wordpress\/?s={search_term_string}"},"query-input":{"@type":"PropertyValueSpecification","valueRequired":true,"valueName":"search_term_string"}}],"inLanguage":"es"},{"@type":"Organization","@id":"https:\/\/zapateneo.net\/wordpress\/#organization","name":"Zapateneo Kultur Elkartea","url":"https:\/\/zapateneo.net\/wordpress\/","logo":{"@type":"ImageObject","inLanguage":"es","@id":"https:\/\/zapateneo.net\/wordpress\/#\/schema\/logo\/image\/","url":"https:\/\/zapateneo.net\/wordpress\/wp-content\/uploads\/2021\/04\/zap-libu-kolec.jpg","contentUrl":"https:\/\/zapateneo.net\/wordpress\/wp-content\/uploads\/2021\/04\/zap-libu-kolec.jpg","width":2234,"height":398,"caption":"Zapateneo Kultur Elkartea"},"image":{"@id":"https:\/\/zapateneo.net\/wordpress\/#\/schema\/logo\/image\/"},"sameAs":["https:\/\/x.com\/zapateneo"]}]}},"_links":{"self":[{"href":"https:\/\/zapateneo.net\/wordpress\/index.php\/wp-json\/wp\/v2\/product\/9755","targetHints":{"allow":["GET"]}}],"collection":[{"href":"https:\/\/zapateneo.net\/wordpress\/index.php\/wp-json\/wp\/v2\/product"}],"about":[{"href":"https:\/\/zapateneo.net\/wordpress\/index.php\/wp-json\/wp\/v2\/types\/product"}],"wp:featuredmedia":[{"embeddable":true,"href":"https:\/\/zapateneo.net\/wordpress\/index.php\/wp-json\/wp\/v2\/media\/9807"}],"wp:attachment":[{"href":"https:\/\/zapateneo.net\/wordpress\/index.php\/wp-json\/wp\/v2\/media?parent=9755"}],"wp:term":[{"taxonomy":"product_brand","embeddable":true,"href":"https:\/\/zapateneo.net\/wordpress\/index.php\/wp-json\/wp\/v2\/product_brand?post=9755"},{"taxonomy":"product_cat","embeddable":true,"href":"https:\/\/zapateneo.net\/wordpress\/index.php\/wp-json\/wp\/v2\/product_cat?post=9755"},{"taxonomy":"product_tag","embeddable":true,"href":"https:\/\/zapateneo.net\/wordpress\/index.php\/wp-json\/wp\/v2\/product_tag?post=9755"}],"curies":[{"name":"wp","href":"https:\/\/api.w.org\/{rel}","templated":true}]}}