{"id":9750,"date":"2021-10-11T18:40:14","date_gmt":"2021-10-11T17:40:14","guid":{"rendered":"https:\/\/zapateneo.net\/wordpress\/?post_type=product&#038;p=9750"},"modified":"2021-12-14T14:47:34","modified_gmt":"2021-12-14T13:47:34","slug":"ciudades-ideales","status":"publish","type":"product","link":"https:\/\/zapateneo.net\/wordpress\/index.php\/producto\/ciudades-ideales\/","title":{"rendered":"Ciudades ideales"},"content":{"rendered":"<p>Colin Ward<br \/>\n(1924-2010). La arquitectura y el urbanismo, la situaci\u00f3n de la vivienda, la educaci\u00f3n y la organizaci\u00f3n social,ser\u00e1n los temas de este pensador libertario. Despu\u00e9s de la 2\u00aa Guerra Mundial, iniciara una asidua colaboraci\u00f3n con el semanario londinense Freedom, donde publicar\u00e1 una serie de art\u00edculos sobre el movimiento de ocupaciones brit\u00e1nico, a partir de 1945 y en la d\u00e9cada de 1950, cuando debido a la escasez de viviendas los trabajadores ocuparon terrenos militares en desuso y autoconstruyeron sus propias casa, mediante el cooperativismo y la ayuda mutua.<br \/>\nEscribir\u00e1 varios libros sobre la ciudad y el urbanismo. Tambi\u00e9n sobre la situaci\u00f3n de la vivienda, apostando por medidas de cooperaci\u00f3n autogestionadas y la utoconstrucci\u00f3n de las viviendas bajo el control de los que las habitaran. Asimismo tambi\u00e9n propone la creaci\u00f3n de cooperativas de<br \/>\ninquilinos que asuman el control de las viviendas sociales.<br \/>\nPreocupado por el tema de la educaci\u00f3n, escribi\u00f3 The Child In The City(1978) (El ni\u00f1o en la ciudad), donde propone un amplio espacio de libertad para los ni\u00f1os en un entorno nuevo y adecuado que les permita realizar su potencial creativo en un entorno urbano. Posteriormente escribir\u00e1,<br \/>\nThe Child in the Country (1988).<br \/>\nPartidario de tomar la iniciativa para crear nuevos espacios en las que las relaciones se basasen en el apoyo mutuo y la solidaridad. Estos lugares surgidos de la cooperaci\u00f3n y la autogesti\u00f3n sentar\u00edan las nuevas bases de una nueva sociedad.<br \/>\nEntre 1961 y 1970 edit\u00f3 la revista Anarchy. Como consecuencia de esta labor y de las reflexiones desarrolladas surgir\u00e1 el libro Anarchy in action<br \/>\n(1973), que fue publicado en castellano por Tusquets en 1982, en la colecci\u00f3n Acracia, con el inexacto t\u00edtulo de<br \/>\nEsta anarqu\u00eda nuestra de cada d\u00eda, y que Enclave libros reedit\u00f3 en el 2013 con el t\u00edtulo original de Anarqu\u00eda en acci\u00f3n.<br \/>\nColin Ward escribi\u00f3 el art\u00edculo que publicamos: Ciudades ideales a principios de 1991.<\/p>\n<p><a href=\"https:\/\/sindominio.net\/etcetera\/files\/79_Colin.pdf\">Deskarga<\/a>.<\/p>\n","protected":false},"excerpt":{"rendered":"<p><strong>Collin Ward<\/strong><br \/>\n2016052500014 &#8211; ETC &#8211; 2016 &#8211; 16 p\u00e1ginas \/orri.<\/p>\n","protected":false},"featured_media":0,"template":"","meta":[],"product_brand":[],"product_cat":[166,173],"product_tag":[5055,4626,1924],"class_list":{"0":"post-9750","1":"product","2":"type-product","3":"status-publish","5":"product_cat-panfletos-panfletoak","6":"product_cat-saiakera-ensayo","7":"product_tag-collin-ward","8":"product_tag-deskargak","9":"product_tag-etc","11":"first","12":"instock","13":"sold-individually","14":"shipping-taxable","15":"purchasable","16":"product-type-simple"},"yoast_head":"<!-- This site is optimized with the Yoast SEO plugin v27.3 - https:\/\/yoast.com\/product\/yoast-seo-wordpress\/ -->\n<title>Ciudades ideales &#8212; Zapateneo<\/title>\n<meta name=\"robots\" content=\"index, follow, max-snippet:-1, max-image-preview:large, max-video-preview:-1\" \/>\n<link rel=\"canonical\" href=\"https:\/\/zapateneo.net\/wordpress\/index.php\/producto\/ciudades-ideales\/\" \/>\n<meta property=\"og:locale\" content=\"es_ES\" \/>\n<meta property=\"og:type\" content=\"article\" \/>\n<meta property=\"og:title\" content=\"Ciudades ideales &#8212; Zapateneo\" \/>\n<meta property=\"og:description\" content=\"Collin Ward 2016052500014 - ETC - 2016 - 16 p\u00e1ginas \/orri.\" \/>\n<meta property=\"og:url\" content=\"https:\/\/zapateneo.net\/wordpress\/index.php\/producto\/ciudades-ideales\/\" \/>\n<meta property=\"og:site_name\" content=\"Zapateneo\" \/>\n<meta property=\"article:modified_time\" content=\"2021-12-14T13:47:34+00:00\" \/>\n<meta name=\"twitter:card\" content=\"summary_large_image\" \/>\n<meta name=\"twitter:site\" content=\"@zapateneo\" \/>\n<meta name=\"twitter:label1\" content=\"Tiempo de lectura\" \/>\n\t<meta name=\"twitter:data1\" content=\"2 minutos\" \/>\n<script type=\"application\/ld+json\" class=\"yoast-schema-graph\">{\"@context\":\"https:\\\/\\\/schema.org\",\"@graph\":[{\"@type\":\"WebPage\",\"@id\":\"https:\\\/\\\/zapateneo.net\\\/wordpress\\\/index.php\\\/producto\\\/ciudades-ideales\\\/\",\"url\":\"https:\\\/\\\/zapateneo.net\\\/wordpress\\\/index.php\\\/producto\\\/ciudades-ideales\\\/\",\"name\":\"Ciudades ideales &#8212; Zapateneo\",\"isPartOf\":{\"@id\":\"https:\\\/\\\/zapateneo.net\\\/wordpress\\\/#website\"},\"datePublished\":\"2021-10-11T17:40:14+00:00\",\"dateModified\":\"2021-12-14T13:47:34+00:00\",\"breadcrumb\":{\"@id\":\"https:\\\/\\\/zapateneo.net\\\/wordpress\\\/index.php\\\/producto\\\/ciudades-ideales\\\/#breadcrumb\"},\"inLanguage\":\"es\",\"potentialAction\":[{\"@type\":\"ReadAction\",\"target\":[\"https:\\\/\\\/zapateneo.net\\\/wordpress\\\/index.php\\\/producto\\\/ciudades-ideales\\\/\"]}]},{\"@type\":\"BreadcrumbList\",\"@id\":\"https:\\\/\\\/zapateneo.net\\\/wordpress\\\/index.php\\\/producto\\\/ciudades-ideales\\\/#breadcrumb\",\"itemListElement\":[{\"@type\":\"ListItem\",\"position\":1,\"name\":\"Portada\",\"item\":\"https:\\\/\\\/zapateneo.net\\\/wordpress\\\/\"},{\"@type\":\"ListItem\",\"position\":2,\"name\":\"Tienda\",\"item\":\"https:\\\/\\\/zapateneo.net\\\/wordpress\\\/\"},{\"@type\":\"ListItem\",\"position\":3,\"name\":\"Ciudades ideales\"}]},{\"@type\":\"WebSite\",\"@id\":\"https:\\\/\\\/zapateneo.net\\\/wordpress\\\/#website\",\"url\":\"https:\\\/\\\/zapateneo.net\\\/wordpress\\\/\",\"name\":\"Zapateneo\",\"description\":\"Zapateneoaren webgunea\",\"publisher\":{\"@id\":\"https:\\\/\\\/zapateneo.net\\\/wordpress\\\/#organization\"},\"potentialAction\":[{\"@type\":\"SearchAction\",\"target\":{\"@type\":\"EntryPoint\",\"urlTemplate\":\"https:\\\/\\\/zapateneo.net\\\/wordpress\\\/?s={search_term_string}\"},\"query-input\":{\"@type\":\"PropertyValueSpecification\",\"valueRequired\":true,\"valueName\":\"search_term_string\"}}],\"inLanguage\":\"es\"},{\"@type\":\"Organization\",\"@id\":\"https:\\\/\\\/zapateneo.net\\\/wordpress\\\/#organization\",\"name\":\"Zapateneo Kultur Elkartea\",\"url\":\"https:\\\/\\\/zapateneo.net\\\/wordpress\\\/\",\"logo\":{\"@type\":\"ImageObject\",\"inLanguage\":\"es\",\"@id\":\"https:\\\/\\\/zapateneo.net\\\/wordpress\\\/#\\\/schema\\\/logo\\\/image\\\/\",\"url\":\"https:\\\/\\\/zapateneo.net\\\/wordpress\\\/wp-content\\\/uploads\\\/2021\\\/04\\\/zap-libu-kolec.jpg\",\"contentUrl\":\"https:\\\/\\\/zapateneo.net\\\/wordpress\\\/wp-content\\\/uploads\\\/2021\\\/04\\\/zap-libu-kolec.jpg\",\"width\":2234,\"height\":398,\"caption\":\"Zapateneo Kultur Elkartea\"},\"image\":{\"@id\":\"https:\\\/\\\/zapateneo.net\\\/wordpress\\\/#\\\/schema\\\/logo\\\/image\\\/\"},\"sameAs\":[\"https:\\\/\\\/x.com\\\/zapateneo\"]}]}<\/script>\n<!-- \/ Yoast SEO plugin. -->","yoast_head_json":{"title":"Ciudades ideales &#8212; Zapateneo","robots":{"index":"index","follow":"follow","max-snippet":"max-snippet:-1","max-image-preview":"max-image-preview:large","max-video-preview":"max-video-preview:-1"},"canonical":"https:\/\/zapateneo.net\/wordpress\/index.php\/producto\/ciudades-ideales\/","og_locale":"es_ES","og_type":"article","og_title":"Ciudades ideales &#8212; Zapateneo","og_description":"Collin Ward 2016052500014 - ETC - 2016 - 16 p\u00e1ginas \/orri.","og_url":"https:\/\/zapateneo.net\/wordpress\/index.php\/producto\/ciudades-ideales\/","og_site_name":"Zapateneo","article_modified_time":"2021-12-14T13:47:34+00:00","twitter_card":"summary_large_image","twitter_site":"@zapateneo","twitter_misc":{"Tiempo de lectura":"2 minutos"},"schema":{"@context":"https:\/\/schema.org","@graph":[{"@type":"WebPage","@id":"https:\/\/zapateneo.net\/wordpress\/index.php\/producto\/ciudades-ideales\/","url":"https:\/\/zapateneo.net\/wordpress\/index.php\/producto\/ciudades-ideales\/","name":"Ciudades ideales &#8212; Zapateneo","isPartOf":{"@id":"https:\/\/zapateneo.net\/wordpress\/#website"},"datePublished":"2021-10-11T17:40:14+00:00","dateModified":"2021-12-14T13:47:34+00:00","breadcrumb":{"@id":"https:\/\/zapateneo.net\/wordpress\/index.php\/producto\/ciudades-ideales\/#breadcrumb"},"inLanguage":"es","potentialAction":[{"@type":"ReadAction","target":["https:\/\/zapateneo.net\/wordpress\/index.php\/producto\/ciudades-ideales\/"]}]},{"@type":"BreadcrumbList","@id":"https:\/\/zapateneo.net\/wordpress\/index.php\/producto\/ciudades-ideales\/#breadcrumb","itemListElement":[{"@type":"ListItem","position":1,"name":"Portada","item":"https:\/\/zapateneo.net\/wordpress\/"},{"@type":"ListItem","position":2,"name":"Tienda","item":"https:\/\/zapateneo.net\/wordpress\/"},{"@type":"ListItem","position":3,"name":"Ciudades ideales"}]},{"@type":"WebSite","@id":"https:\/\/zapateneo.net\/wordpress\/#website","url":"https:\/\/zapateneo.net\/wordpress\/","name":"Zapateneo","description":"Zapateneoaren webgunea","publisher":{"@id":"https:\/\/zapateneo.net\/wordpress\/#organization"},"potentialAction":[{"@type":"SearchAction","target":{"@type":"EntryPoint","urlTemplate":"https:\/\/zapateneo.net\/wordpress\/?s={search_term_string}"},"query-input":{"@type":"PropertyValueSpecification","valueRequired":true,"valueName":"search_term_string"}}],"inLanguage":"es"},{"@type":"Organization","@id":"https:\/\/zapateneo.net\/wordpress\/#organization","name":"Zapateneo Kultur Elkartea","url":"https:\/\/zapateneo.net\/wordpress\/","logo":{"@type":"ImageObject","inLanguage":"es","@id":"https:\/\/zapateneo.net\/wordpress\/#\/schema\/logo\/image\/","url":"https:\/\/zapateneo.net\/wordpress\/wp-content\/uploads\/2021\/04\/zap-libu-kolec.jpg","contentUrl":"https:\/\/zapateneo.net\/wordpress\/wp-content\/uploads\/2021\/04\/zap-libu-kolec.jpg","width":2234,"height":398,"caption":"Zapateneo Kultur Elkartea"},"image":{"@id":"https:\/\/zapateneo.net\/wordpress\/#\/schema\/logo\/image\/"},"sameAs":["https:\/\/x.com\/zapateneo"]}]}},"_links":{"self":[{"href":"https:\/\/zapateneo.net\/wordpress\/index.php\/wp-json\/wp\/v2\/product\/9750","targetHints":{"allow":["GET"]}}],"collection":[{"href":"https:\/\/zapateneo.net\/wordpress\/index.php\/wp-json\/wp\/v2\/product"}],"about":[{"href":"https:\/\/zapateneo.net\/wordpress\/index.php\/wp-json\/wp\/v2\/types\/product"}],"wp:attachment":[{"href":"https:\/\/zapateneo.net\/wordpress\/index.php\/wp-json\/wp\/v2\/media?parent=9750"}],"wp:term":[{"taxonomy":"product_brand","embeddable":true,"href":"https:\/\/zapateneo.net\/wordpress\/index.php\/wp-json\/wp\/v2\/product_brand?post=9750"},{"taxonomy":"product_cat","embeddable":true,"href":"https:\/\/zapateneo.net\/wordpress\/index.php\/wp-json\/wp\/v2\/product_cat?post=9750"},{"taxonomy":"product_tag","embeddable":true,"href":"https:\/\/zapateneo.net\/wordpress\/index.php\/wp-json\/wp\/v2\/product_tag?post=9750"}],"curies":[{"name":"wp","href":"https:\/\/api.w.org\/{rel}","templated":true}]}}