{"id":9739,"date":"2021-10-11T18:40:12","date_gmt":"2021-10-11T17:40:12","guid":{"rendered":"https:\/\/zapateneo.net\/wordpress\/?post_type=product&#038;p=9739"},"modified":"2021-12-14T16:50:25","modified_gmt":"2021-12-14T15:50:25","slug":"la-fuerza-productiva-viviente-la-fuerza-de-trabajo-etcetera-30","status":"publish","type":"product","link":"https:\/\/zapateneo.net\/wordpress\/index.php\/producto\/la-fuerza-productiva-viviente-la-fuerza-de-trabajo-etcetera-30\/","title":{"rendered":"LA FUERZA PRODUCTIVA VIVIENTE, LA FUERZA DE TRABAJO ETCETERA # 30"},"content":{"rendered":"<p class=\"ddt__fch_dsc\">Ensayo que trata de reconocer las aportaciones de Marx en el intento por esclarecer el funcionamiento de la maquinaria capitalista. Situar en su justo lugar todo el bagaje cr\u00edtico desarrollado por Marx al margen de toda la utilizaci\u00f3n demag\u00f3gica y autoritaria de sus teor\u00edas.<\/p>\n<p class=\"ddt__fch_dsc\">Reich-en saiakera honen asmoa da makinaria kapitalistaren funtzionamenduaren argitzearen asmoan Marx-ek egindako aportazioa nabarmentzea. Marx-ek garaturiko ibilkera kritikoa bere tokian jartzea, alde batera utziz bere teorien erabilpen demagogiko eta autoritarioak.<\/p>\n<p><a href=\"https:\/\/sindominio.net\/etcetera\/files\/30_fuerza_reich.pdf\">Deskarga<\/a>.<\/p>\n","protected":false},"excerpt":{"rendered":"<p><strong>WILHELM REICH<\/strong><br \/>\n2006052500312 &#8211; ETC &#8211; &#8211; 68 p\u00e1ginas \/orri.<\/p>\n","protected":false},"featured_media":0,"template":"","meta":[],"product_brand":[],"product_cat":[176,166],"product_tag":[4626,1924,2961],"class_list":{"0":"post-9739","1":"product","2":"type-product","3":"status-publish","5":"product_cat-marxismoa-marxismo","6":"product_cat-panfletos-panfletoak","7":"product_tag-deskargak","8":"product_tag-etc","9":"product_tag-wilhelm-reich","11":"first","12":"instock","13":"sold-individually","14":"shipping-taxable","15":"purchasable","16":"product-type-simple"},"yoast_head":"<!-- This site is optimized with the Yoast SEO plugin v27.3 - https:\/\/yoast.com\/product\/yoast-seo-wordpress\/ -->\n<title>LA FUERZA PRODUCTIVA VIVIENTE, LA FUERZA DE TRABAJO ETCETERA # 30 &#8212; Zapateneo<\/title>\n<meta name=\"robots\" content=\"index, follow, max-snippet:-1, max-image-preview:large, max-video-preview:-1\" \/>\n<link rel=\"canonical\" href=\"https:\/\/zapateneo.net\/wordpress\/index.php\/producto\/la-fuerza-productiva-viviente-la-fuerza-de-trabajo-etcetera-30\/\" \/>\n<meta property=\"og:locale\" content=\"es_ES\" \/>\n<meta property=\"og:type\" content=\"article\" \/>\n<meta property=\"og:title\" content=\"LA FUERZA PRODUCTIVA VIVIENTE, LA FUERZA DE TRABAJO ETCETERA # 30 &#8212; Zapateneo\" \/>\n<meta property=\"og:description\" content=\"WILHELM REICH 2006052500312 - ETC - - 68 p\u00e1ginas \/orri.\" \/>\n<meta property=\"og:url\" content=\"https:\/\/zapateneo.net\/wordpress\/index.php\/producto\/la-fuerza-productiva-viviente-la-fuerza-de-trabajo-etcetera-30\/\" \/>\n<meta property=\"og:site_name\" content=\"Zapateneo\" \/>\n<meta property=\"article:modified_time\" content=\"2021-12-14T15:50:25+00:00\" \/>\n<meta name=\"twitter:card\" content=\"summary_large_image\" \/>\n<meta name=\"twitter:site\" content=\"@zapateneo\" \/>\n<script type=\"application\/ld+json\" class=\"yoast-schema-graph\">{\"@context\":\"https:\\\/\\\/schema.org\",\"@graph\":[{\"@type\":\"WebPage\",\"@id\":\"https:\\\/\\\/zapateneo.net\\\/wordpress\\\/index.php\\\/producto\\\/la-fuerza-productiva-viviente-la-fuerza-de-trabajo-etcetera-30\\\/\",\"url\":\"https:\\\/\\\/zapateneo.net\\\/wordpress\\\/index.php\\\/producto\\\/la-fuerza-productiva-viviente-la-fuerza-de-trabajo-etcetera-30\\\/\",\"name\":\"LA FUERZA PRODUCTIVA VIVIENTE, LA FUERZA DE TRABAJO ETCETERA # 30 &#8212; Zapateneo\",\"isPartOf\":{\"@id\":\"https:\\\/\\\/zapateneo.net\\\/wordpress\\\/#website\"},\"datePublished\":\"2021-10-11T17:40:12+00:00\",\"dateModified\":\"2021-12-14T15:50:25+00:00\",\"breadcrumb\":{\"@id\":\"https:\\\/\\\/zapateneo.net\\\/wordpress\\\/index.php\\\/producto\\\/la-fuerza-productiva-viviente-la-fuerza-de-trabajo-etcetera-30\\\/#breadcrumb\"},\"inLanguage\":\"es\",\"potentialAction\":[{\"@type\":\"ReadAction\",\"target\":[\"https:\\\/\\\/zapateneo.net\\\/wordpress\\\/index.php\\\/producto\\\/la-fuerza-productiva-viviente-la-fuerza-de-trabajo-etcetera-30\\\/\"]}]},{\"@type\":\"BreadcrumbList\",\"@id\":\"https:\\\/\\\/zapateneo.net\\\/wordpress\\\/index.php\\\/producto\\\/la-fuerza-productiva-viviente-la-fuerza-de-trabajo-etcetera-30\\\/#breadcrumb\",\"itemListElement\":[{\"@type\":\"ListItem\",\"position\":1,\"name\":\"Portada\",\"item\":\"https:\\\/\\\/zapateneo.net\\\/wordpress\\\/\"},{\"@type\":\"ListItem\",\"position\":2,\"name\":\"Tienda\",\"item\":\"https:\\\/\\\/zapateneo.net\\\/wordpress\\\/\"},{\"@type\":\"ListItem\",\"position\":3,\"name\":\"LA FUERZA PRODUCTIVA VIVIENTE, LA FUERZA DE TRABAJO ETCETERA # 30\"}]},{\"@type\":\"WebSite\",\"@id\":\"https:\\\/\\\/zapateneo.net\\\/wordpress\\\/#website\",\"url\":\"https:\\\/\\\/zapateneo.net\\\/wordpress\\\/\",\"name\":\"Zapateneo\",\"description\":\"Zapateneoaren webgunea\",\"publisher\":{\"@id\":\"https:\\\/\\\/zapateneo.net\\\/wordpress\\\/#organization\"},\"potentialAction\":[{\"@type\":\"SearchAction\",\"target\":{\"@type\":\"EntryPoint\",\"urlTemplate\":\"https:\\\/\\\/zapateneo.net\\\/wordpress\\\/?s={search_term_string}\"},\"query-input\":{\"@type\":\"PropertyValueSpecification\",\"valueRequired\":true,\"valueName\":\"search_term_string\"}}],\"inLanguage\":\"es\"},{\"@type\":\"Organization\",\"@id\":\"https:\\\/\\\/zapateneo.net\\\/wordpress\\\/#organization\",\"name\":\"Zapateneo Kultur Elkartea\",\"url\":\"https:\\\/\\\/zapateneo.net\\\/wordpress\\\/\",\"logo\":{\"@type\":\"ImageObject\",\"inLanguage\":\"es\",\"@id\":\"https:\\\/\\\/zapateneo.net\\\/wordpress\\\/#\\\/schema\\\/logo\\\/image\\\/\",\"url\":\"https:\\\/\\\/zapateneo.net\\\/wordpress\\\/wp-content\\\/uploads\\\/2021\\\/04\\\/zap-libu-kolec.jpg\",\"contentUrl\":\"https:\\\/\\\/zapateneo.net\\\/wordpress\\\/wp-content\\\/uploads\\\/2021\\\/04\\\/zap-libu-kolec.jpg\",\"width\":2234,\"height\":398,\"caption\":\"Zapateneo Kultur Elkartea\"},\"image\":{\"@id\":\"https:\\\/\\\/zapateneo.net\\\/wordpress\\\/#\\\/schema\\\/logo\\\/image\\\/\"},\"sameAs\":[\"https:\\\/\\\/x.com\\\/zapateneo\"]}]}<\/script>\n<!-- \/ Yoast SEO plugin. -->","yoast_head_json":{"title":"LA FUERZA PRODUCTIVA VIVIENTE, LA FUERZA DE TRABAJO ETCETERA # 30 &#8212; Zapateneo","robots":{"index":"index","follow":"follow","max-snippet":"max-snippet:-1","max-image-preview":"max-image-preview:large","max-video-preview":"max-video-preview:-1"},"canonical":"https:\/\/zapateneo.net\/wordpress\/index.php\/producto\/la-fuerza-productiva-viviente-la-fuerza-de-trabajo-etcetera-30\/","og_locale":"es_ES","og_type":"article","og_title":"LA FUERZA PRODUCTIVA VIVIENTE, LA FUERZA DE TRABAJO ETCETERA # 30 &#8212; Zapateneo","og_description":"WILHELM REICH 2006052500312 - ETC - - 68 p\u00e1ginas \/orri.","og_url":"https:\/\/zapateneo.net\/wordpress\/index.php\/producto\/la-fuerza-productiva-viviente-la-fuerza-de-trabajo-etcetera-30\/","og_site_name":"Zapateneo","article_modified_time":"2021-12-14T15:50:25+00:00","twitter_card":"summary_large_image","twitter_site":"@zapateneo","schema":{"@context":"https:\/\/schema.org","@graph":[{"@type":"WebPage","@id":"https:\/\/zapateneo.net\/wordpress\/index.php\/producto\/la-fuerza-productiva-viviente-la-fuerza-de-trabajo-etcetera-30\/","url":"https:\/\/zapateneo.net\/wordpress\/index.php\/producto\/la-fuerza-productiva-viviente-la-fuerza-de-trabajo-etcetera-30\/","name":"LA FUERZA PRODUCTIVA VIVIENTE, LA FUERZA DE TRABAJO ETCETERA # 30 &#8212; Zapateneo","isPartOf":{"@id":"https:\/\/zapateneo.net\/wordpress\/#website"},"datePublished":"2021-10-11T17:40:12+00:00","dateModified":"2021-12-14T15:50:25+00:00","breadcrumb":{"@id":"https:\/\/zapateneo.net\/wordpress\/index.php\/producto\/la-fuerza-productiva-viviente-la-fuerza-de-trabajo-etcetera-30\/#breadcrumb"},"inLanguage":"es","potentialAction":[{"@type":"ReadAction","target":["https:\/\/zapateneo.net\/wordpress\/index.php\/producto\/la-fuerza-productiva-viviente-la-fuerza-de-trabajo-etcetera-30\/"]}]},{"@type":"BreadcrumbList","@id":"https:\/\/zapateneo.net\/wordpress\/index.php\/producto\/la-fuerza-productiva-viviente-la-fuerza-de-trabajo-etcetera-30\/#breadcrumb","itemListElement":[{"@type":"ListItem","position":1,"name":"Portada","item":"https:\/\/zapateneo.net\/wordpress\/"},{"@type":"ListItem","position":2,"name":"Tienda","item":"https:\/\/zapateneo.net\/wordpress\/"},{"@type":"ListItem","position":3,"name":"LA FUERZA PRODUCTIVA VIVIENTE, LA FUERZA DE TRABAJO ETCETERA # 30"}]},{"@type":"WebSite","@id":"https:\/\/zapateneo.net\/wordpress\/#website","url":"https:\/\/zapateneo.net\/wordpress\/","name":"Zapateneo","description":"Zapateneoaren webgunea","publisher":{"@id":"https:\/\/zapateneo.net\/wordpress\/#organization"},"potentialAction":[{"@type":"SearchAction","target":{"@type":"EntryPoint","urlTemplate":"https:\/\/zapateneo.net\/wordpress\/?s={search_term_string}"},"query-input":{"@type":"PropertyValueSpecification","valueRequired":true,"valueName":"search_term_string"}}],"inLanguage":"es"},{"@type":"Organization","@id":"https:\/\/zapateneo.net\/wordpress\/#organization","name":"Zapateneo Kultur Elkartea","url":"https:\/\/zapateneo.net\/wordpress\/","logo":{"@type":"ImageObject","inLanguage":"es","@id":"https:\/\/zapateneo.net\/wordpress\/#\/schema\/logo\/image\/","url":"https:\/\/zapateneo.net\/wordpress\/wp-content\/uploads\/2021\/04\/zap-libu-kolec.jpg","contentUrl":"https:\/\/zapateneo.net\/wordpress\/wp-content\/uploads\/2021\/04\/zap-libu-kolec.jpg","width":2234,"height":398,"caption":"Zapateneo Kultur Elkartea"},"image":{"@id":"https:\/\/zapateneo.net\/wordpress\/#\/schema\/logo\/image\/"},"sameAs":["https:\/\/x.com\/zapateneo"]}]}},"_links":{"self":[{"href":"https:\/\/zapateneo.net\/wordpress\/index.php\/wp-json\/wp\/v2\/product\/9739","targetHints":{"allow":["GET"]}}],"collection":[{"href":"https:\/\/zapateneo.net\/wordpress\/index.php\/wp-json\/wp\/v2\/product"}],"about":[{"href":"https:\/\/zapateneo.net\/wordpress\/index.php\/wp-json\/wp\/v2\/types\/product"}],"wp:attachment":[{"href":"https:\/\/zapateneo.net\/wordpress\/index.php\/wp-json\/wp\/v2\/media?parent=9739"}],"wp:term":[{"taxonomy":"product_brand","embeddable":true,"href":"https:\/\/zapateneo.net\/wordpress\/index.php\/wp-json\/wp\/v2\/product_brand?post=9739"},{"taxonomy":"product_cat","embeddable":true,"href":"https:\/\/zapateneo.net\/wordpress\/index.php\/wp-json\/wp\/v2\/product_cat?post=9739"},{"taxonomy":"product_tag","embeddable":true,"href":"https:\/\/zapateneo.net\/wordpress\/index.php\/wp-json\/wp\/v2\/product_tag?post=9739"}],"curies":[{"name":"wp","href":"https:\/\/api.w.org\/{rel}","templated":true}]}}