{"id":9738,"date":"2021-10-11T18:40:12","date_gmt":"2021-10-11T17:40:12","guid":{"rendered":"https:\/\/zapateneo.net\/wordpress\/?post_type=product&#038;p=9738"},"modified":"2021-12-14T16:57:00","modified_gmt":"2021-12-14T15:57:00","slug":"coleccion-sobre-temas-actuales-del-movimiento-comunista","status":"publish","type":"product","link":"https:\/\/zapateneo.net\/wordpress\/index.php\/producto\/coleccion-sobre-temas-actuales-del-movimiento-comunista\/","title":{"rendered":"coleccion sobre temas actuales del movimiento comunista"},"content":{"rendered":"<div><span class=\"Apple-style-span\"><span class=\"ecxApple-style-span\">En coedici\u00f3n con el cierzo rojo se publican los textos en castellano originados por el poderoso Partido Comunista de Grecia, Pa\u00eds europeo que enfrenta una grave crisis economica donde la lucha de clases esta a la orden del d\u00eda y donde los comunistas construyen y tejen una fuerte resistencia a los dictados del capital financiero.debates de gran actualidad sobre la Uni\u00f3n Europea, los movimientos progresistas en America latina, el caracter socio-economico de las inversiones chinas, la crisis monetaria, etc etc.<\/span><\/span><\/div>\n<div><\/div>\n<div><span class=\"Apple-style-span\">En esta \u201cColecci\u00f3n de art\u00edculos y contribuciones\u201d tienen la oportunidad de conocer las posiciones y los an\u00e1lisis del KKE sobre asuntos actuales del Movimiento Comunista Internacional.En el primer capitulo, bajo el t\u00edtulo \u201cLa situaci\u00f3n en el movimiento comu-nista internacional\u201d, pueden leer dos art\u00edculos que eval\u00faan la situaci\u00f3n del mo-vimiento comunista internacional, los problemas ideol\u00f3gicos y pol\u00edticos que est\u00e1 afrontando, las evaluaciones del KKE de su curso y del curso de los Encuentros Internacionales de Partidos Comunistas y Obreros, as\u00ed como la percepci\u00f3n del KKE sobre la formaci\u00f3n de un polo comunista de los Partidos Comunistas que defienden el Marxismo-Leninismo, la necesidad del derrocamiento revolucionario del sistema capitalista y la actualidad del socialismo. En el segundo cap\u00edtulo titulado \u201cSobre asuntos actuales internacionales\u201d pueden leer contribuciones del KKE sobre asuntos como son los eventos para el 20 aniversario de la Ca\u00edda del Muro de Berl\u00edn. Adem\u00e1s, pueden leer la posici\u00f3n del KKE sobre la crisis capitalista mundial tal como se presentaron en el XI Encuen-tro Internacional de Partidos Comunistas y Obreros en India y art\u00edculos sobre la evaluaci\u00f3n de las relaciones interestatales a nivel internacional en condiciones de imperialismo y sobre la actitud de los comunistas hacia las uniones interestatales como la ONU.En el tercer cap\u00edtulo pueden leer art\u00edculos de cuadros del KKE sobre la situ-aci\u00f3n en el movimiento comunista europeo, las iniciativas del KKE y la actitud hacia la Uni\u00f3n Europea.El cuarto cap\u00edtulo incluye estimaciones del KKE sobre el cambio de correlaci\u00f3n de fuerzas en Am\u00e9rica Latina y sobre la teor\u00eda oportunista del \u201csocialismo del siglo XXI\u201d.El quinto y sexto cap\u00edtulo incluyen las contribuciones del KKE en los encuen-tros de Partidos Comunistas en el Oriente Medio y en los Balcanes que destacan varios asuntos regionales de aquellas zonas y la acci\u00f3n de los comunistas.Por \u00faltimo, en el s\u00e9ptimo cap\u00edtulo hay dos art\u00edculos informativos de la Secci\u00f3n de Relaciones Internacionales del CC acerca del XVIII Congreso del KKE y los resultados de las \u00faltimas elecciones nacionales en Grecia.En esta edici\u00f3n se incluyen tambi\u00e9n algunas p\u00e1ginas con fotograf\u00edas de las iniciativas de los comunistas en Grecia durante el a\u00f1o pasado.<\/span><\/div>\n","protected":false},"excerpt":{"rendered":"<p><strong>partido comunista de grecia KKE<\/strong><br \/>\n2011110900041 &#8211; Kimetz &#8211;\u00a0 Templando el acero &#8211; Cierzo Rojo &#8211; 2011 &#8211; 235 p\u00e1ginas \/orri.<\/p>\n","protected":false},"featured_media":9815,"template":"","meta":[],"product_brand":[],"product_cat":[16,176],"product_tag":[5086,1747,5045,1739],"class_list":{"0":"post-9738","1":"product","2":"type-product","3":"status-publish","4":"has-post-thumbnail","6":"product_cat-libros","7":"product_cat-marxismoa-marxismo","8":"product_tag-cierzo-rojo","9":"product_tag-kimetz","10":"product_tag-partido-comunista-de-grecia-kke","11":"product_tag-templando-el-acero","13":"first","14":"instock","15":"sold-individually","16":"shipping-taxable","17":"purchasable","18":"product-type-simple"},"yoast_head":"<!-- This site is optimized with the Yoast SEO plugin v27.3 - https:\/\/yoast.com\/product\/yoast-seo-wordpress\/ -->\n<title>coleccion sobre temas actuales del movimiento comunista &#8212; Zapateneo<\/title>\n<meta name=\"robots\" content=\"index, follow, max-snippet:-1, max-image-preview:large, max-video-preview:-1\" \/>\n<link rel=\"canonical\" href=\"https:\/\/zapateneo.net\/wordpress\/index.php\/producto\/coleccion-sobre-temas-actuales-del-movimiento-comunista\/\" \/>\n<meta property=\"og:locale\" content=\"es_ES\" \/>\n<meta property=\"og:type\" content=\"article\" \/>\n<meta property=\"og:title\" content=\"coleccion sobre temas actuales del movimiento comunista &#8212; Zapateneo\" \/>\n<meta property=\"og:description\" content=\"partido comunista de grecia KKE 2011110900041 - Kimetz -\u00a0 Templando el acero - Cierzo Rojo - 2011 - 235 p\u00e1ginas \/orri.\" \/>\n<meta property=\"og:url\" content=\"https:\/\/zapateneo.net\/wordpress\/index.php\/producto\/coleccion-sobre-temas-actuales-del-movimiento-comunista\/\" \/>\n<meta property=\"og:site_name\" content=\"Zapateneo\" \/>\n<meta property=\"article:modified_time\" content=\"2021-12-14T15:57:00+00:00\" \/>\n<meta property=\"og:image\" content=\"https:\/\/zapateneo.net\/wordpress\/wp-content\/uploads\/2021\/10\/partido-comunista-grecia.jpg\" \/>\n\t<meta property=\"og:image:width\" content=\"308\" \/>\n\t<meta property=\"og:image:height\" content=\"400\" \/>\n\t<meta property=\"og:image:type\" content=\"image\/jpeg\" \/>\n<meta name=\"twitter:card\" content=\"summary_large_image\" \/>\n<meta name=\"twitter:site\" content=\"@zapateneo\" \/>\n<meta name=\"twitter:label1\" content=\"Tiempo de lectura\" \/>\n\t<meta name=\"twitter:data1\" content=\"2 minutos\" \/>\n<script type=\"application\/ld+json\" class=\"yoast-schema-graph\">{\"@context\":\"https:\\\/\\\/schema.org\",\"@graph\":[{\"@type\":\"WebPage\",\"@id\":\"https:\\\/\\\/zapateneo.net\\\/wordpress\\\/index.php\\\/producto\\\/coleccion-sobre-temas-actuales-del-movimiento-comunista\\\/\",\"url\":\"https:\\\/\\\/zapateneo.net\\\/wordpress\\\/index.php\\\/producto\\\/coleccion-sobre-temas-actuales-del-movimiento-comunista\\\/\",\"name\":\"coleccion sobre temas actuales del movimiento comunista &#8212; Zapateneo\",\"isPartOf\":{\"@id\":\"https:\\\/\\\/zapateneo.net\\\/wordpress\\\/#website\"},\"primaryImageOfPage\":{\"@id\":\"https:\\\/\\\/zapateneo.net\\\/wordpress\\\/index.php\\\/producto\\\/coleccion-sobre-temas-actuales-del-movimiento-comunista\\\/#primaryimage\"},\"image\":{\"@id\":\"https:\\\/\\\/zapateneo.net\\\/wordpress\\\/index.php\\\/producto\\\/coleccion-sobre-temas-actuales-del-movimiento-comunista\\\/#primaryimage\"},\"thumbnailUrl\":\"https:\\\/\\\/zapateneo.net\\\/wordpress\\\/wp-content\\\/uploads\\\/2021\\\/10\\\/partido-comunista-grecia.jpg\",\"datePublished\":\"2021-10-11T17:40:12+00:00\",\"dateModified\":\"2021-12-14T15:57:00+00:00\",\"breadcrumb\":{\"@id\":\"https:\\\/\\\/zapateneo.net\\\/wordpress\\\/index.php\\\/producto\\\/coleccion-sobre-temas-actuales-del-movimiento-comunista\\\/#breadcrumb\"},\"inLanguage\":\"es\",\"potentialAction\":[{\"@type\":\"ReadAction\",\"target\":[\"https:\\\/\\\/zapateneo.net\\\/wordpress\\\/index.php\\\/producto\\\/coleccion-sobre-temas-actuales-del-movimiento-comunista\\\/\"]}]},{\"@type\":\"ImageObject\",\"inLanguage\":\"es\",\"@id\":\"https:\\\/\\\/zapateneo.net\\\/wordpress\\\/index.php\\\/producto\\\/coleccion-sobre-temas-actuales-del-movimiento-comunista\\\/#primaryimage\",\"url\":\"https:\\\/\\\/zapateneo.net\\\/wordpress\\\/wp-content\\\/uploads\\\/2021\\\/10\\\/partido-comunista-grecia.jpg\",\"contentUrl\":\"https:\\\/\\\/zapateneo.net\\\/wordpress\\\/wp-content\\\/uploads\\\/2021\\\/10\\\/partido-comunista-grecia.jpg\",\"width\":308,\"height\":400},{\"@type\":\"BreadcrumbList\",\"@id\":\"https:\\\/\\\/zapateneo.net\\\/wordpress\\\/index.php\\\/producto\\\/coleccion-sobre-temas-actuales-del-movimiento-comunista\\\/#breadcrumb\",\"itemListElement\":[{\"@type\":\"ListItem\",\"position\":1,\"name\":\"Portada\",\"item\":\"https:\\\/\\\/zapateneo.net\\\/wordpress\\\/\"},{\"@type\":\"ListItem\",\"position\":2,\"name\":\"Tienda\",\"item\":\"https:\\\/\\\/zapateneo.net\\\/wordpress\\\/\"},{\"@type\":\"ListItem\",\"position\":3,\"name\":\"coleccion sobre temas actuales del movimiento comunista\"}]},{\"@type\":\"WebSite\",\"@id\":\"https:\\\/\\\/zapateneo.net\\\/wordpress\\\/#website\",\"url\":\"https:\\\/\\\/zapateneo.net\\\/wordpress\\\/\",\"name\":\"Zapateneo\",\"description\":\"Zapateneoaren webgunea\",\"publisher\":{\"@id\":\"https:\\\/\\\/zapateneo.net\\\/wordpress\\\/#organization\"},\"potentialAction\":[{\"@type\":\"SearchAction\",\"target\":{\"@type\":\"EntryPoint\",\"urlTemplate\":\"https:\\\/\\\/zapateneo.net\\\/wordpress\\\/?s={search_term_string}\"},\"query-input\":{\"@type\":\"PropertyValueSpecification\",\"valueRequired\":true,\"valueName\":\"search_term_string\"}}],\"inLanguage\":\"es\"},{\"@type\":\"Organization\",\"@id\":\"https:\\\/\\\/zapateneo.net\\\/wordpress\\\/#organization\",\"name\":\"Zapateneo Kultur Elkartea\",\"url\":\"https:\\\/\\\/zapateneo.net\\\/wordpress\\\/\",\"logo\":{\"@type\":\"ImageObject\",\"inLanguage\":\"es\",\"@id\":\"https:\\\/\\\/zapateneo.net\\\/wordpress\\\/#\\\/schema\\\/logo\\\/image\\\/\",\"url\":\"https:\\\/\\\/zapateneo.net\\\/wordpress\\\/wp-content\\\/uploads\\\/2021\\\/04\\\/zap-libu-kolec.jpg\",\"contentUrl\":\"https:\\\/\\\/zapateneo.net\\\/wordpress\\\/wp-content\\\/uploads\\\/2021\\\/04\\\/zap-libu-kolec.jpg\",\"width\":2234,\"height\":398,\"caption\":\"Zapateneo Kultur Elkartea\"},\"image\":{\"@id\":\"https:\\\/\\\/zapateneo.net\\\/wordpress\\\/#\\\/schema\\\/logo\\\/image\\\/\"},\"sameAs\":[\"https:\\\/\\\/x.com\\\/zapateneo\"]}]}<\/script>\n<!-- \/ Yoast SEO plugin. -->","yoast_head_json":{"title":"coleccion sobre temas actuales del movimiento comunista &#8212; Zapateneo","robots":{"index":"index","follow":"follow","max-snippet":"max-snippet:-1","max-image-preview":"max-image-preview:large","max-video-preview":"max-video-preview:-1"},"canonical":"https:\/\/zapateneo.net\/wordpress\/index.php\/producto\/coleccion-sobre-temas-actuales-del-movimiento-comunista\/","og_locale":"es_ES","og_type":"article","og_title":"coleccion sobre temas actuales del movimiento comunista &#8212; Zapateneo","og_description":"partido comunista de grecia KKE 2011110900041 - Kimetz -\u00a0 Templando el acero - Cierzo Rojo - 2011 - 235 p\u00e1ginas \/orri.","og_url":"https:\/\/zapateneo.net\/wordpress\/index.php\/producto\/coleccion-sobre-temas-actuales-del-movimiento-comunista\/","og_site_name":"Zapateneo","article_modified_time":"2021-12-14T15:57:00+00:00","og_image":[{"width":308,"height":400,"url":"https:\/\/zapateneo.net\/wordpress\/wp-content\/uploads\/2021\/10\/partido-comunista-grecia.jpg","type":"image\/jpeg"}],"twitter_card":"summary_large_image","twitter_site":"@zapateneo","twitter_misc":{"Tiempo de lectura":"2 minutos"},"schema":{"@context":"https:\/\/schema.org","@graph":[{"@type":"WebPage","@id":"https:\/\/zapateneo.net\/wordpress\/index.php\/producto\/coleccion-sobre-temas-actuales-del-movimiento-comunista\/","url":"https:\/\/zapateneo.net\/wordpress\/index.php\/producto\/coleccion-sobre-temas-actuales-del-movimiento-comunista\/","name":"coleccion sobre temas actuales del movimiento comunista &#8212; Zapateneo","isPartOf":{"@id":"https:\/\/zapateneo.net\/wordpress\/#website"},"primaryImageOfPage":{"@id":"https:\/\/zapateneo.net\/wordpress\/index.php\/producto\/coleccion-sobre-temas-actuales-del-movimiento-comunista\/#primaryimage"},"image":{"@id":"https:\/\/zapateneo.net\/wordpress\/index.php\/producto\/coleccion-sobre-temas-actuales-del-movimiento-comunista\/#primaryimage"},"thumbnailUrl":"https:\/\/zapateneo.net\/wordpress\/wp-content\/uploads\/2021\/10\/partido-comunista-grecia.jpg","datePublished":"2021-10-11T17:40:12+00:00","dateModified":"2021-12-14T15:57:00+00:00","breadcrumb":{"@id":"https:\/\/zapateneo.net\/wordpress\/index.php\/producto\/coleccion-sobre-temas-actuales-del-movimiento-comunista\/#breadcrumb"},"inLanguage":"es","potentialAction":[{"@type":"ReadAction","target":["https:\/\/zapateneo.net\/wordpress\/index.php\/producto\/coleccion-sobre-temas-actuales-del-movimiento-comunista\/"]}]},{"@type":"ImageObject","inLanguage":"es","@id":"https:\/\/zapateneo.net\/wordpress\/index.php\/producto\/coleccion-sobre-temas-actuales-del-movimiento-comunista\/#primaryimage","url":"https:\/\/zapateneo.net\/wordpress\/wp-content\/uploads\/2021\/10\/partido-comunista-grecia.jpg","contentUrl":"https:\/\/zapateneo.net\/wordpress\/wp-content\/uploads\/2021\/10\/partido-comunista-grecia.jpg","width":308,"height":400},{"@type":"BreadcrumbList","@id":"https:\/\/zapateneo.net\/wordpress\/index.php\/producto\/coleccion-sobre-temas-actuales-del-movimiento-comunista\/#breadcrumb","itemListElement":[{"@type":"ListItem","position":1,"name":"Portada","item":"https:\/\/zapateneo.net\/wordpress\/"},{"@type":"ListItem","position":2,"name":"Tienda","item":"https:\/\/zapateneo.net\/wordpress\/"},{"@type":"ListItem","position":3,"name":"coleccion sobre temas actuales del movimiento comunista"}]},{"@type":"WebSite","@id":"https:\/\/zapateneo.net\/wordpress\/#website","url":"https:\/\/zapateneo.net\/wordpress\/","name":"Zapateneo","description":"Zapateneoaren webgunea","publisher":{"@id":"https:\/\/zapateneo.net\/wordpress\/#organization"},"potentialAction":[{"@type":"SearchAction","target":{"@type":"EntryPoint","urlTemplate":"https:\/\/zapateneo.net\/wordpress\/?s={search_term_string}"},"query-input":{"@type":"PropertyValueSpecification","valueRequired":true,"valueName":"search_term_string"}}],"inLanguage":"es"},{"@type":"Organization","@id":"https:\/\/zapateneo.net\/wordpress\/#organization","name":"Zapateneo Kultur Elkartea","url":"https:\/\/zapateneo.net\/wordpress\/","logo":{"@type":"ImageObject","inLanguage":"es","@id":"https:\/\/zapateneo.net\/wordpress\/#\/schema\/logo\/image\/","url":"https:\/\/zapateneo.net\/wordpress\/wp-content\/uploads\/2021\/04\/zap-libu-kolec.jpg","contentUrl":"https:\/\/zapateneo.net\/wordpress\/wp-content\/uploads\/2021\/04\/zap-libu-kolec.jpg","width":2234,"height":398,"caption":"Zapateneo Kultur Elkartea"},"image":{"@id":"https:\/\/zapateneo.net\/wordpress\/#\/schema\/logo\/image\/"},"sameAs":["https:\/\/x.com\/zapateneo"]}]}},"_links":{"self":[{"href":"https:\/\/zapateneo.net\/wordpress\/index.php\/wp-json\/wp\/v2\/product\/9738","targetHints":{"allow":["GET"]}}],"collection":[{"href":"https:\/\/zapateneo.net\/wordpress\/index.php\/wp-json\/wp\/v2\/product"}],"about":[{"href":"https:\/\/zapateneo.net\/wordpress\/index.php\/wp-json\/wp\/v2\/types\/product"}],"wp:featuredmedia":[{"embeddable":true,"href":"https:\/\/zapateneo.net\/wordpress\/index.php\/wp-json\/wp\/v2\/media\/9815"}],"wp:attachment":[{"href":"https:\/\/zapateneo.net\/wordpress\/index.php\/wp-json\/wp\/v2\/media?parent=9738"}],"wp:term":[{"taxonomy":"product_brand","embeddable":true,"href":"https:\/\/zapateneo.net\/wordpress\/index.php\/wp-json\/wp\/v2\/product_brand?post=9738"},{"taxonomy":"product_cat","embeddable":true,"href":"https:\/\/zapateneo.net\/wordpress\/index.php\/wp-json\/wp\/v2\/product_cat?post=9738"},{"taxonomy":"product_tag","embeddable":true,"href":"https:\/\/zapateneo.net\/wordpress\/index.php\/wp-json\/wp\/v2\/product_tag?post=9738"}],"curies":[{"name":"wp","href":"https:\/\/api.w.org\/{rel}","templated":true}]}}