{"id":9727,"date":"2021-10-11T18:40:10","date_gmt":"2021-10-11T17:40:10","guid":{"rendered":"https:\/\/zapateneo.net\/wordpress\/?post_type=product&#038;p=9727"},"modified":"2023-04-11T17:47:10","modified_gmt":"2023-04-11T16:47:10","slug":"acerca-del-movimiento-de-los-chalecos-amarillos","status":"publish","type":"product","link":"https:\/\/zapateneo.net\/wordpress\/index.php\/producto\/acerca-del-movimiento-de-los-chalecos-amarillos\/","title":{"rendered":"Acerca del movimiento de los chalecos amarillos"},"content":{"rendered":"<p>Lo ef\u00edmero y lo duradero se juntan en un movimiento que reuniendo distintos intereses discute al Estado la gesti\u00f3n del sistema. Iniciado en noviembre de 2018 cuando en la calle se juntan miles de ciudadanos procedentes de la Francia perif\u00e9rica para protestar contra las medidas gubernamentales que atenazan su vida cotidiana. S\u00e1bado tras s\u00e1bado dir\u00e1n, de la forma m\u00e1s variada, su desprecio de un sistema que solo favorece a los ricos. Conocer el origen social de los participantes, sus formas de organizaci\u00f3n; considerar el hecho de la desindustrializaci\u00f3n del territorio franc\u00e9s, la importancia del coche en la Francia perif\u00e9rica, elementos que sirven para entender un movimiento, Les Gilets Jaunes, que afirma ser de acci\u00f3n y no de representaci\u00f3n, que pone la diversidad de ideas como una fuerza y no como un factor de divisi\u00f3n.Consideraciones, pues, para entender la revuelta que hay debajo de este encadenado de s\u00e1bados, para entender la revuelta que sostiene este decir rebelde, son el motivo de esta entrega con la traducci\u00f3n de estos dos art\u00edculos que nos llegan desde Francia.<\/p>\n<p><a href=\"https:\/\/sindominio.net\/etcetera\/files\/89_Chalecos_Text.pdf\">Deskarga<\/a>.<\/p>\n","protected":false},"excerpt":{"rendered":"<p><strong>Nicole Th\u00e9 Gato Soriano, Jacques Philipponneau<\/strong><br \/>\n2019122600027 &#8211; Etcetera &#8211; 2019 &#8211; 28 p\u00e1ginas \/orri.<\/p>\n","protected":false},"featured_media":0,"template":"","meta":[],"product_brand":[],"product_cat":[177,166],"product_tag":[4626,1924,5040,5039],"class_list":{"0":"post-9727","1":"product","2":"type-product","3":"status-publish","5":"product_cat-gizarte-mugimenduak-movimientos-sociales","6":"product_cat-panfletos-panfletoak","7":"product_tag-deskargak","8":"product_tag-etc","9":"product_tag-jacques-philipponneau","10":"product_tag-nicole-the-gato-soriano","12":"first","13":"instock","14":"sold-individually","15":"shipping-taxable","16":"purchasable","17":"product-type-simple"},"yoast_head":"<!-- This site is optimized with the Yoast SEO plugin v27.3 - https:\/\/yoast.com\/product\/yoast-seo-wordpress\/ -->\n<title>Acerca del movimiento de los chalecos amarillos &#8212; Zapateneo<\/title>\n<meta name=\"robots\" content=\"index, follow, max-snippet:-1, max-image-preview:large, max-video-preview:-1\" \/>\n<link rel=\"canonical\" href=\"https:\/\/zapateneo.net\/wordpress\/index.php\/producto\/acerca-del-movimiento-de-los-chalecos-amarillos\/\" \/>\n<meta property=\"og:locale\" content=\"es_ES\" \/>\n<meta property=\"og:type\" content=\"article\" \/>\n<meta property=\"og:title\" content=\"Acerca del movimiento de los chalecos amarillos &#8212; Zapateneo\" \/>\n<meta property=\"og:description\" content=\"Nicole Th\u00e9 Gato Soriano, Jacques Philipponneau 2019122600027 - Etcetera - 2019 - 28 p\u00e1ginas \/orri.\" \/>\n<meta property=\"og:url\" content=\"https:\/\/zapateneo.net\/wordpress\/index.php\/producto\/acerca-del-movimiento-de-los-chalecos-amarillos\/\" \/>\n<meta property=\"og:site_name\" content=\"Zapateneo\" \/>\n<meta property=\"article:modified_time\" content=\"2023-04-11T16:47:10+00:00\" \/>\n<meta name=\"twitter:card\" content=\"summary_large_image\" \/>\n<meta name=\"twitter:site\" content=\"@zapateneo\" \/>\n<meta name=\"twitter:label1\" content=\"Tiempo de lectura\" \/>\n\t<meta name=\"twitter:data1\" content=\"1 minuto\" \/>\n<script type=\"application\/ld+json\" class=\"yoast-schema-graph\">{\"@context\":\"https:\\\/\\\/schema.org\",\"@graph\":[{\"@type\":\"WebPage\",\"@id\":\"https:\\\/\\\/zapateneo.net\\\/wordpress\\\/index.php\\\/producto\\\/acerca-del-movimiento-de-los-chalecos-amarillos\\\/\",\"url\":\"https:\\\/\\\/zapateneo.net\\\/wordpress\\\/index.php\\\/producto\\\/acerca-del-movimiento-de-los-chalecos-amarillos\\\/\",\"name\":\"Acerca del movimiento de los chalecos amarillos &#8212; Zapateneo\",\"isPartOf\":{\"@id\":\"https:\\\/\\\/zapateneo.net\\\/wordpress\\\/#website\"},\"datePublished\":\"2021-10-11T17:40:10+00:00\",\"dateModified\":\"2023-04-11T16:47:10+00:00\",\"breadcrumb\":{\"@id\":\"https:\\\/\\\/zapateneo.net\\\/wordpress\\\/index.php\\\/producto\\\/acerca-del-movimiento-de-los-chalecos-amarillos\\\/#breadcrumb\"},\"inLanguage\":\"es\",\"potentialAction\":[{\"@type\":\"ReadAction\",\"target\":[\"https:\\\/\\\/zapateneo.net\\\/wordpress\\\/index.php\\\/producto\\\/acerca-del-movimiento-de-los-chalecos-amarillos\\\/\"]}]},{\"@type\":\"BreadcrumbList\",\"@id\":\"https:\\\/\\\/zapateneo.net\\\/wordpress\\\/index.php\\\/producto\\\/acerca-del-movimiento-de-los-chalecos-amarillos\\\/#breadcrumb\",\"itemListElement\":[{\"@type\":\"ListItem\",\"position\":1,\"name\":\"Portada\",\"item\":\"https:\\\/\\\/zapateneo.net\\\/wordpress\\\/\"},{\"@type\":\"ListItem\",\"position\":2,\"name\":\"Tienda\",\"item\":\"https:\\\/\\\/zapateneo.net\\\/wordpress\\\/\"},{\"@type\":\"ListItem\",\"position\":3,\"name\":\"Acerca del movimiento de los chalecos amarillos\"}]},{\"@type\":\"WebSite\",\"@id\":\"https:\\\/\\\/zapateneo.net\\\/wordpress\\\/#website\",\"url\":\"https:\\\/\\\/zapateneo.net\\\/wordpress\\\/\",\"name\":\"Zapateneo\",\"description\":\"Zapateneoaren webgunea\",\"publisher\":{\"@id\":\"https:\\\/\\\/zapateneo.net\\\/wordpress\\\/#organization\"},\"potentialAction\":[{\"@type\":\"SearchAction\",\"target\":{\"@type\":\"EntryPoint\",\"urlTemplate\":\"https:\\\/\\\/zapateneo.net\\\/wordpress\\\/?s={search_term_string}\"},\"query-input\":{\"@type\":\"PropertyValueSpecification\",\"valueRequired\":true,\"valueName\":\"search_term_string\"}}],\"inLanguage\":\"es\"},{\"@type\":\"Organization\",\"@id\":\"https:\\\/\\\/zapateneo.net\\\/wordpress\\\/#organization\",\"name\":\"Zapateneo Kultur Elkartea\",\"url\":\"https:\\\/\\\/zapateneo.net\\\/wordpress\\\/\",\"logo\":{\"@type\":\"ImageObject\",\"inLanguage\":\"es\",\"@id\":\"https:\\\/\\\/zapateneo.net\\\/wordpress\\\/#\\\/schema\\\/logo\\\/image\\\/\",\"url\":\"https:\\\/\\\/zapateneo.net\\\/wordpress\\\/wp-content\\\/uploads\\\/2021\\\/04\\\/zap-libu-kolec.jpg\",\"contentUrl\":\"https:\\\/\\\/zapateneo.net\\\/wordpress\\\/wp-content\\\/uploads\\\/2021\\\/04\\\/zap-libu-kolec.jpg\",\"width\":2234,\"height\":398,\"caption\":\"Zapateneo Kultur Elkartea\"},\"image\":{\"@id\":\"https:\\\/\\\/zapateneo.net\\\/wordpress\\\/#\\\/schema\\\/logo\\\/image\\\/\"},\"sameAs\":[\"https:\\\/\\\/x.com\\\/zapateneo\"]}]}<\/script>\n<!-- \/ Yoast SEO plugin. -->","yoast_head_json":{"title":"Acerca del movimiento de los chalecos amarillos &#8212; Zapateneo","robots":{"index":"index","follow":"follow","max-snippet":"max-snippet:-1","max-image-preview":"max-image-preview:large","max-video-preview":"max-video-preview:-1"},"canonical":"https:\/\/zapateneo.net\/wordpress\/index.php\/producto\/acerca-del-movimiento-de-los-chalecos-amarillos\/","og_locale":"es_ES","og_type":"article","og_title":"Acerca del movimiento de los chalecos amarillos &#8212; Zapateneo","og_description":"Nicole Th\u00e9 Gato Soriano, Jacques Philipponneau 2019122600027 - Etcetera - 2019 - 28 p\u00e1ginas \/orri.","og_url":"https:\/\/zapateneo.net\/wordpress\/index.php\/producto\/acerca-del-movimiento-de-los-chalecos-amarillos\/","og_site_name":"Zapateneo","article_modified_time":"2023-04-11T16:47:10+00:00","twitter_card":"summary_large_image","twitter_site":"@zapateneo","twitter_misc":{"Tiempo de lectura":"1 minuto"},"schema":{"@context":"https:\/\/schema.org","@graph":[{"@type":"WebPage","@id":"https:\/\/zapateneo.net\/wordpress\/index.php\/producto\/acerca-del-movimiento-de-los-chalecos-amarillos\/","url":"https:\/\/zapateneo.net\/wordpress\/index.php\/producto\/acerca-del-movimiento-de-los-chalecos-amarillos\/","name":"Acerca del movimiento de los chalecos amarillos &#8212; Zapateneo","isPartOf":{"@id":"https:\/\/zapateneo.net\/wordpress\/#website"},"datePublished":"2021-10-11T17:40:10+00:00","dateModified":"2023-04-11T16:47:10+00:00","breadcrumb":{"@id":"https:\/\/zapateneo.net\/wordpress\/index.php\/producto\/acerca-del-movimiento-de-los-chalecos-amarillos\/#breadcrumb"},"inLanguage":"es","potentialAction":[{"@type":"ReadAction","target":["https:\/\/zapateneo.net\/wordpress\/index.php\/producto\/acerca-del-movimiento-de-los-chalecos-amarillos\/"]}]},{"@type":"BreadcrumbList","@id":"https:\/\/zapateneo.net\/wordpress\/index.php\/producto\/acerca-del-movimiento-de-los-chalecos-amarillos\/#breadcrumb","itemListElement":[{"@type":"ListItem","position":1,"name":"Portada","item":"https:\/\/zapateneo.net\/wordpress\/"},{"@type":"ListItem","position":2,"name":"Tienda","item":"https:\/\/zapateneo.net\/wordpress\/"},{"@type":"ListItem","position":3,"name":"Acerca del movimiento de los chalecos amarillos"}]},{"@type":"WebSite","@id":"https:\/\/zapateneo.net\/wordpress\/#website","url":"https:\/\/zapateneo.net\/wordpress\/","name":"Zapateneo","description":"Zapateneoaren webgunea","publisher":{"@id":"https:\/\/zapateneo.net\/wordpress\/#organization"},"potentialAction":[{"@type":"SearchAction","target":{"@type":"EntryPoint","urlTemplate":"https:\/\/zapateneo.net\/wordpress\/?s={search_term_string}"},"query-input":{"@type":"PropertyValueSpecification","valueRequired":true,"valueName":"search_term_string"}}],"inLanguage":"es"},{"@type":"Organization","@id":"https:\/\/zapateneo.net\/wordpress\/#organization","name":"Zapateneo Kultur Elkartea","url":"https:\/\/zapateneo.net\/wordpress\/","logo":{"@type":"ImageObject","inLanguage":"es","@id":"https:\/\/zapateneo.net\/wordpress\/#\/schema\/logo\/image\/","url":"https:\/\/zapateneo.net\/wordpress\/wp-content\/uploads\/2021\/04\/zap-libu-kolec.jpg","contentUrl":"https:\/\/zapateneo.net\/wordpress\/wp-content\/uploads\/2021\/04\/zap-libu-kolec.jpg","width":2234,"height":398,"caption":"Zapateneo Kultur Elkartea"},"image":{"@id":"https:\/\/zapateneo.net\/wordpress\/#\/schema\/logo\/image\/"},"sameAs":["https:\/\/x.com\/zapateneo"]}]}},"_links":{"self":[{"href":"https:\/\/zapateneo.net\/wordpress\/index.php\/wp-json\/wp\/v2\/product\/9727","targetHints":{"allow":["GET"]}}],"collection":[{"href":"https:\/\/zapateneo.net\/wordpress\/index.php\/wp-json\/wp\/v2\/product"}],"about":[{"href":"https:\/\/zapateneo.net\/wordpress\/index.php\/wp-json\/wp\/v2\/types\/product"}],"wp:attachment":[{"href":"https:\/\/zapateneo.net\/wordpress\/index.php\/wp-json\/wp\/v2\/media?parent=9727"}],"wp:term":[{"taxonomy":"product_brand","embeddable":true,"href":"https:\/\/zapateneo.net\/wordpress\/index.php\/wp-json\/wp\/v2\/product_brand?post=9727"},{"taxonomy":"product_cat","embeddable":true,"href":"https:\/\/zapateneo.net\/wordpress\/index.php\/wp-json\/wp\/v2\/product_cat?post=9727"},{"taxonomy":"product_tag","embeddable":true,"href":"https:\/\/zapateneo.net\/wordpress\/index.php\/wp-json\/wp\/v2\/product_tag?post=9727"}],"curies":[{"name":"wp","href":"https:\/\/api.w.org\/{rel}","templated":true}]}}