{"id":9723,"date":"2021-10-11T18:39:51","date_gmt":"2021-10-11T17:39:51","guid":{"rendered":"https:\/\/zapateneo.net\/wordpress\/?post_type=product&#038;p=9723"},"modified":"2021-12-15T16:25:30","modified_gmt":"2021-12-15T15:25:30","slug":"un-incontrolado-de-la-columna-de-hierro-etcetera-1","status":"publish","type":"product","link":"https:\/\/zapateneo.net\/wordpress\/index.php\/producto\/un-incontrolado-de-la-columna-de-hierro-etcetera-1\/","title":{"rendered":"UN INCONTROLADO DE LA COLUMNA DE HIERRO. ETCETERA # 1"},"content":{"rendered":"<p>&nbsp;<\/p>\n<p>La Columna de Hierro colabor\u00f3 con los campesinos de las poblaciones en los que se despleg\u00f3. Las primeras experiencias de comunismo libertario tuvieron lugar al calor del combate de los milicianos (frente de Teruel).<\/p>\n<div>\n<p>M\u00e1s que ninguna otra, ni siquiera la Columna Durruti, la Columna de Hierro actu\u00f3 a la vez como milicia de guerra y como organizaci\u00f3n revolucionaria: levant\u00f3 actas de sus asambleas, public\u00f3 un diario (\u00abL\u00ednea de Fuego\u00bb), public\u00f3 manifiestos y lanz\u00f3 comunicados, porque necesitaba explicar sus acciones en la retaguardia y justificar sus movimientos y sus decisiones ante los trabajadores y los campesinos.<\/p>\n<p>La Columna de Hierro se convirti\u00f3 en el referente de aquellas personas que cre\u00edan que la Revoluci\u00f3n se hab\u00eda de llevar hasta sus \u00faltimas consecuencias tanto en el frente como en la retaguardia. Habiendo entre sus miembros una fuerte oposici\u00f3n a la militarizaci\u00f3n de las columnas y a la burocratizaci\u00f3n de las organizaciones libertarias.<\/p>\n<p>Texto an\u00f3nimo escrito en Marzo de 1937.<\/p>\n<\/div>\n<p>Deskarga.<a href=\"https:\/\/sindominio.net\/etcetera\/files\/1_incontrolado.pdf\">https:\/\/sindominio.net\/etcetera\/files\/1_incontrolado.pdf<\/a><\/p>\n","protected":false},"excerpt":{"rendered":"<p>2006052500077 &#8211; ETC &#8211; &#8211; 28 p\u00e1ginas \/orri.<\/p>\n","protected":false},"featured_media":9827,"template":"","meta":[],"product_brand":[],"product_cat":[1868,166],"product_tag":[4626,1924],"class_list":{"0":"post-9723","1":"product","2":"type-product","3":"status-publish","4":"has-post-thumbnail","6":"product_cat-anarkismoa-anarquismo","7":"product_cat-panfletos-panfletoak","8":"product_tag-deskargak","9":"product_tag-etc","11":"first","12":"instock","13":"sold-individually","14":"shipping-taxable","15":"purchasable","16":"product-type-simple"},"yoast_head":"<!-- This site is optimized with the Yoast SEO plugin v27.3 - https:\/\/yoast.com\/product\/yoast-seo-wordpress\/ -->\n<title>UN INCONTROLADO DE LA COLUMNA DE HIERRO. ETCETERA # 1 &#8212; Zapateneo<\/title>\n<meta name=\"robots\" content=\"index, follow, max-snippet:-1, max-image-preview:large, max-video-preview:-1\" \/>\n<link rel=\"canonical\" href=\"https:\/\/zapateneo.net\/wordpress\/index.php\/producto\/un-incontrolado-de-la-columna-de-hierro-etcetera-1\/\" \/>\n<meta property=\"og:locale\" content=\"es_ES\" \/>\n<meta property=\"og:type\" content=\"article\" \/>\n<meta property=\"og:title\" content=\"UN INCONTROLADO DE LA COLUMNA DE HIERRO. ETCETERA # 1 &#8212; Zapateneo\" \/>\n<meta property=\"og:description\" content=\"2006052500077 - ETC - - 28 p\u00e1ginas \/orri.\" \/>\n<meta property=\"og:url\" content=\"https:\/\/zapateneo.net\/wordpress\/index.php\/producto\/un-incontrolado-de-la-columna-de-hierro-etcetera-1\/\" \/>\n<meta property=\"og:site_name\" content=\"Zapateneo\" \/>\n<meta property=\"article:modified_time\" content=\"2021-12-15T15:25:30+00:00\" \/>\n<meta property=\"og:image\" content=\"https:\/\/zapateneo.net\/wordpress\/wp-content\/uploads\/2021\/10\/incontrolado.png\" \/>\n\t<meta property=\"og:image:width\" content=\"400\" \/>\n\t<meta property=\"og:image:height\" content=\"511\" \/>\n\t<meta property=\"og:image:type\" content=\"image\/png\" \/>\n<meta name=\"twitter:card\" content=\"summary_large_image\" \/>\n<meta name=\"twitter:site\" content=\"@zapateneo\" \/>\n<meta name=\"twitter:label1\" content=\"Tiempo de lectura\" \/>\n\t<meta name=\"twitter:data1\" content=\"1 minuto\" \/>\n<script type=\"application\/ld+json\" class=\"yoast-schema-graph\">{\"@context\":\"https:\\\/\\\/schema.org\",\"@graph\":[{\"@type\":\"WebPage\",\"@id\":\"https:\\\/\\\/zapateneo.net\\\/wordpress\\\/index.php\\\/producto\\\/un-incontrolado-de-la-columna-de-hierro-etcetera-1\\\/\",\"url\":\"https:\\\/\\\/zapateneo.net\\\/wordpress\\\/index.php\\\/producto\\\/un-incontrolado-de-la-columna-de-hierro-etcetera-1\\\/\",\"name\":\"UN INCONTROLADO DE LA COLUMNA DE HIERRO. ETCETERA # 1 &#8212; Zapateneo\",\"isPartOf\":{\"@id\":\"https:\\\/\\\/zapateneo.net\\\/wordpress\\\/#website\"},\"primaryImageOfPage\":{\"@id\":\"https:\\\/\\\/zapateneo.net\\\/wordpress\\\/index.php\\\/producto\\\/un-incontrolado-de-la-columna-de-hierro-etcetera-1\\\/#primaryimage\"},\"image\":{\"@id\":\"https:\\\/\\\/zapateneo.net\\\/wordpress\\\/index.php\\\/producto\\\/un-incontrolado-de-la-columna-de-hierro-etcetera-1\\\/#primaryimage\"},\"thumbnailUrl\":\"https:\\\/\\\/zapateneo.net\\\/wordpress\\\/wp-content\\\/uploads\\\/2021\\\/10\\\/incontrolado.png\",\"datePublished\":\"2021-10-11T17:39:51+00:00\",\"dateModified\":\"2021-12-15T15:25:30+00:00\",\"breadcrumb\":{\"@id\":\"https:\\\/\\\/zapateneo.net\\\/wordpress\\\/index.php\\\/producto\\\/un-incontrolado-de-la-columna-de-hierro-etcetera-1\\\/#breadcrumb\"},\"inLanguage\":\"es\",\"potentialAction\":[{\"@type\":\"ReadAction\",\"target\":[\"https:\\\/\\\/zapateneo.net\\\/wordpress\\\/index.php\\\/producto\\\/un-incontrolado-de-la-columna-de-hierro-etcetera-1\\\/\"]}]},{\"@type\":\"ImageObject\",\"inLanguage\":\"es\",\"@id\":\"https:\\\/\\\/zapateneo.net\\\/wordpress\\\/index.php\\\/producto\\\/un-incontrolado-de-la-columna-de-hierro-etcetera-1\\\/#primaryimage\",\"url\":\"https:\\\/\\\/zapateneo.net\\\/wordpress\\\/wp-content\\\/uploads\\\/2021\\\/10\\\/incontrolado.png\",\"contentUrl\":\"https:\\\/\\\/zapateneo.net\\\/wordpress\\\/wp-content\\\/uploads\\\/2021\\\/10\\\/incontrolado.png\",\"width\":400,\"height\":511},{\"@type\":\"BreadcrumbList\",\"@id\":\"https:\\\/\\\/zapateneo.net\\\/wordpress\\\/index.php\\\/producto\\\/un-incontrolado-de-la-columna-de-hierro-etcetera-1\\\/#breadcrumb\",\"itemListElement\":[{\"@type\":\"ListItem\",\"position\":1,\"name\":\"Portada\",\"item\":\"https:\\\/\\\/zapateneo.net\\\/wordpress\\\/\"},{\"@type\":\"ListItem\",\"position\":2,\"name\":\"Tienda\",\"item\":\"https:\\\/\\\/zapateneo.net\\\/wordpress\\\/\"},{\"@type\":\"ListItem\",\"position\":3,\"name\":\"UN INCONTROLADO DE LA COLUMNA DE HIERRO. ETCETERA # 1\"}]},{\"@type\":\"WebSite\",\"@id\":\"https:\\\/\\\/zapateneo.net\\\/wordpress\\\/#website\",\"url\":\"https:\\\/\\\/zapateneo.net\\\/wordpress\\\/\",\"name\":\"Zapateneo\",\"description\":\"Zapateneoaren webgunea\",\"publisher\":{\"@id\":\"https:\\\/\\\/zapateneo.net\\\/wordpress\\\/#organization\"},\"potentialAction\":[{\"@type\":\"SearchAction\",\"target\":{\"@type\":\"EntryPoint\",\"urlTemplate\":\"https:\\\/\\\/zapateneo.net\\\/wordpress\\\/?s={search_term_string}\"},\"query-input\":{\"@type\":\"PropertyValueSpecification\",\"valueRequired\":true,\"valueName\":\"search_term_string\"}}],\"inLanguage\":\"es\"},{\"@type\":\"Organization\",\"@id\":\"https:\\\/\\\/zapateneo.net\\\/wordpress\\\/#organization\",\"name\":\"Zapateneo Kultur Elkartea\",\"url\":\"https:\\\/\\\/zapateneo.net\\\/wordpress\\\/\",\"logo\":{\"@type\":\"ImageObject\",\"inLanguage\":\"es\",\"@id\":\"https:\\\/\\\/zapateneo.net\\\/wordpress\\\/#\\\/schema\\\/logo\\\/image\\\/\",\"url\":\"https:\\\/\\\/zapateneo.net\\\/wordpress\\\/wp-content\\\/uploads\\\/2021\\\/04\\\/zap-libu-kolec.jpg\",\"contentUrl\":\"https:\\\/\\\/zapateneo.net\\\/wordpress\\\/wp-content\\\/uploads\\\/2021\\\/04\\\/zap-libu-kolec.jpg\",\"width\":2234,\"height\":398,\"caption\":\"Zapateneo Kultur Elkartea\"},\"image\":{\"@id\":\"https:\\\/\\\/zapateneo.net\\\/wordpress\\\/#\\\/schema\\\/logo\\\/image\\\/\"},\"sameAs\":[\"https:\\\/\\\/x.com\\\/zapateneo\"]}]}<\/script>\n<!-- \/ Yoast SEO plugin. -->","yoast_head_json":{"title":"UN INCONTROLADO DE LA COLUMNA DE HIERRO. ETCETERA # 1 &#8212; Zapateneo","robots":{"index":"index","follow":"follow","max-snippet":"max-snippet:-1","max-image-preview":"max-image-preview:large","max-video-preview":"max-video-preview:-1"},"canonical":"https:\/\/zapateneo.net\/wordpress\/index.php\/producto\/un-incontrolado-de-la-columna-de-hierro-etcetera-1\/","og_locale":"es_ES","og_type":"article","og_title":"UN INCONTROLADO DE LA COLUMNA DE HIERRO. ETCETERA # 1 &#8212; Zapateneo","og_description":"2006052500077 - ETC - - 28 p\u00e1ginas \/orri.","og_url":"https:\/\/zapateneo.net\/wordpress\/index.php\/producto\/un-incontrolado-de-la-columna-de-hierro-etcetera-1\/","og_site_name":"Zapateneo","article_modified_time":"2021-12-15T15:25:30+00:00","og_image":[{"width":400,"height":511,"url":"https:\/\/zapateneo.net\/wordpress\/wp-content\/uploads\/2021\/10\/incontrolado.png","type":"image\/png"}],"twitter_card":"summary_large_image","twitter_site":"@zapateneo","twitter_misc":{"Tiempo de lectura":"1 minuto"},"schema":{"@context":"https:\/\/schema.org","@graph":[{"@type":"WebPage","@id":"https:\/\/zapateneo.net\/wordpress\/index.php\/producto\/un-incontrolado-de-la-columna-de-hierro-etcetera-1\/","url":"https:\/\/zapateneo.net\/wordpress\/index.php\/producto\/un-incontrolado-de-la-columna-de-hierro-etcetera-1\/","name":"UN INCONTROLADO DE LA COLUMNA DE HIERRO. ETCETERA # 1 &#8212; Zapateneo","isPartOf":{"@id":"https:\/\/zapateneo.net\/wordpress\/#website"},"primaryImageOfPage":{"@id":"https:\/\/zapateneo.net\/wordpress\/index.php\/producto\/un-incontrolado-de-la-columna-de-hierro-etcetera-1\/#primaryimage"},"image":{"@id":"https:\/\/zapateneo.net\/wordpress\/index.php\/producto\/un-incontrolado-de-la-columna-de-hierro-etcetera-1\/#primaryimage"},"thumbnailUrl":"https:\/\/zapateneo.net\/wordpress\/wp-content\/uploads\/2021\/10\/incontrolado.png","datePublished":"2021-10-11T17:39:51+00:00","dateModified":"2021-12-15T15:25:30+00:00","breadcrumb":{"@id":"https:\/\/zapateneo.net\/wordpress\/index.php\/producto\/un-incontrolado-de-la-columna-de-hierro-etcetera-1\/#breadcrumb"},"inLanguage":"es","potentialAction":[{"@type":"ReadAction","target":["https:\/\/zapateneo.net\/wordpress\/index.php\/producto\/un-incontrolado-de-la-columna-de-hierro-etcetera-1\/"]}]},{"@type":"ImageObject","inLanguage":"es","@id":"https:\/\/zapateneo.net\/wordpress\/index.php\/producto\/un-incontrolado-de-la-columna-de-hierro-etcetera-1\/#primaryimage","url":"https:\/\/zapateneo.net\/wordpress\/wp-content\/uploads\/2021\/10\/incontrolado.png","contentUrl":"https:\/\/zapateneo.net\/wordpress\/wp-content\/uploads\/2021\/10\/incontrolado.png","width":400,"height":511},{"@type":"BreadcrumbList","@id":"https:\/\/zapateneo.net\/wordpress\/index.php\/producto\/un-incontrolado-de-la-columna-de-hierro-etcetera-1\/#breadcrumb","itemListElement":[{"@type":"ListItem","position":1,"name":"Portada","item":"https:\/\/zapateneo.net\/wordpress\/"},{"@type":"ListItem","position":2,"name":"Tienda","item":"https:\/\/zapateneo.net\/wordpress\/"},{"@type":"ListItem","position":3,"name":"UN INCONTROLADO DE LA COLUMNA DE HIERRO. ETCETERA # 1"}]},{"@type":"WebSite","@id":"https:\/\/zapateneo.net\/wordpress\/#website","url":"https:\/\/zapateneo.net\/wordpress\/","name":"Zapateneo","description":"Zapateneoaren webgunea","publisher":{"@id":"https:\/\/zapateneo.net\/wordpress\/#organization"},"potentialAction":[{"@type":"SearchAction","target":{"@type":"EntryPoint","urlTemplate":"https:\/\/zapateneo.net\/wordpress\/?s={search_term_string}"},"query-input":{"@type":"PropertyValueSpecification","valueRequired":true,"valueName":"search_term_string"}}],"inLanguage":"es"},{"@type":"Organization","@id":"https:\/\/zapateneo.net\/wordpress\/#organization","name":"Zapateneo Kultur Elkartea","url":"https:\/\/zapateneo.net\/wordpress\/","logo":{"@type":"ImageObject","inLanguage":"es","@id":"https:\/\/zapateneo.net\/wordpress\/#\/schema\/logo\/image\/","url":"https:\/\/zapateneo.net\/wordpress\/wp-content\/uploads\/2021\/04\/zap-libu-kolec.jpg","contentUrl":"https:\/\/zapateneo.net\/wordpress\/wp-content\/uploads\/2021\/04\/zap-libu-kolec.jpg","width":2234,"height":398,"caption":"Zapateneo Kultur Elkartea"},"image":{"@id":"https:\/\/zapateneo.net\/wordpress\/#\/schema\/logo\/image\/"},"sameAs":["https:\/\/x.com\/zapateneo"]}]}},"_links":{"self":[{"href":"https:\/\/zapateneo.net\/wordpress\/index.php\/wp-json\/wp\/v2\/product\/9723","targetHints":{"allow":["GET"]}}],"collection":[{"href":"https:\/\/zapateneo.net\/wordpress\/index.php\/wp-json\/wp\/v2\/product"}],"about":[{"href":"https:\/\/zapateneo.net\/wordpress\/index.php\/wp-json\/wp\/v2\/types\/product"}],"wp:featuredmedia":[{"embeddable":true,"href":"https:\/\/zapateneo.net\/wordpress\/index.php\/wp-json\/wp\/v2\/media\/9827"}],"wp:attachment":[{"href":"https:\/\/zapateneo.net\/wordpress\/index.php\/wp-json\/wp\/v2\/media?parent=9723"}],"wp:term":[{"taxonomy":"product_brand","embeddable":true,"href":"https:\/\/zapateneo.net\/wordpress\/index.php\/wp-json\/wp\/v2\/product_brand?post=9723"},{"taxonomy":"product_cat","embeddable":true,"href":"https:\/\/zapateneo.net\/wordpress\/index.php\/wp-json\/wp\/v2\/product_cat?post=9723"},{"taxonomy":"product_tag","embeddable":true,"href":"https:\/\/zapateneo.net\/wordpress\/index.php\/wp-json\/wp\/v2\/product_tag?post=9723"}],"curies":[{"name":"wp","href":"https:\/\/api.w.org\/{rel}","templated":true}]}}