{"id":9709,"date":"2021-10-11T18:39:48","date_gmt":"2021-10-11T17:39:48","guid":{"rendered":"https:\/\/zapateneo.net\/wordpress\/?post_type=product&#038;p=9709"},"modified":"2021-12-11T19:08:20","modified_gmt":"2021-12-11T18:08:20","slug":"sobre-las-bases-misticas-de-la-neutralidad-de-la-tecnologia-nanotecnologia-y-control-social","status":"publish","type":"product","link":"https:\/\/zapateneo.net\/wordpress\/index.php\/producto\/sobre-las-bases-misticas-de-la-neutralidad-de-la-tecnologia-nanotecnologia-y-control-social\/","title":{"rendered":"Sobre las bases m\u00edsticas de la Neutralidad de la Tecnolog\u00eda, Nanotecnolog\u00eda y Control Social"},"content":{"rendered":"<p>Hay una suposici\u00f3n popular entre los izquierdistas y otros radicales, quienes todav\u00eda sienten alg\u00fan apego por el concepto de progreso o incluso por las construcciones te\u00f3ricas marxistas, de que la tecnolog\u00eda como tal es neutra. Esta suposici\u00f3n es particularmente divertida porque aquellos que la mantienen acusan a los cr\u00edticos de la tecnolog\u00eda de tener una concepci\u00f3n m\u00edstica y no hist\u00f3rica de \u00e9sta. Lo que estos apologistas de la tecnolog\u00eda reclaman, es que las cr\u00edticas promueven el \u201cdeterminismo tecnol\u00f3gico\u201d, haciendo de la tecnolog\u00eda el factor determinante central en el desarrollo social, y de esa manera perdiendo la visi\u00f3n sobre el factor social. Terminan proclamando que los problemas no proceden del sistema tecnol\u00f3gico como tal, sino de quienes lo manejen y de como sea utilizado.<\/p>\n","protected":false},"excerpt":{"rendered":"<p><strong>Willful Disobedience<\/strong><br \/>\n2019070300048 &#8211; Contra toda nocividad &#8211; 2003 &#8211; 4 p\u00e1ginas \/orri.<\/p>\n","protected":false},"featured_media":0,"template":"","meta":[],"product_brand":[],"product_cat":[1868,166],"product_tag":[5025,5026],"class_list":{"0":"post-9709","1":"product","2":"type-product","3":"status-publish","5":"product_cat-anarkismoa-anarquismo","6":"product_cat-panfletos-panfletoak","7":"product_tag-contra-toda-nocividad","8":"product_tag-willful-disobedience","10":"first","11":"instock","12":"sold-individually","13":"shipping-taxable","14":"purchasable","15":"product-type-simple"},"yoast_head":"<!-- This site is optimized with the Yoast SEO plugin v27.3 - https:\/\/yoast.com\/product\/yoast-seo-wordpress\/ -->\n<title>Sobre las bases m\u00edsticas de la Neutralidad de la Tecnolog\u00eda, Nanotecnolog\u00eda y Control Social &#8212; Zapateneo<\/title>\n<meta name=\"robots\" content=\"index, follow, max-snippet:-1, max-image-preview:large, max-video-preview:-1\" \/>\n<link rel=\"canonical\" href=\"https:\/\/zapateneo.net\/wordpress\/index.php\/producto\/sobre-las-bases-misticas-de-la-neutralidad-de-la-tecnologia-nanotecnologia-y-control-social\/\" \/>\n<meta property=\"og:locale\" content=\"es_ES\" \/>\n<meta property=\"og:type\" content=\"article\" \/>\n<meta property=\"og:title\" content=\"Sobre las bases m\u00edsticas de la Neutralidad de la Tecnolog\u00eda, Nanotecnolog\u00eda y Control Social &#8212; Zapateneo\" \/>\n<meta property=\"og:description\" content=\"Willful Disobedience 2019070300048 - Contra toda nocividad - 2003 - 4 p\u00e1ginas \/orri.\" \/>\n<meta property=\"og:url\" content=\"https:\/\/zapateneo.net\/wordpress\/index.php\/producto\/sobre-las-bases-misticas-de-la-neutralidad-de-la-tecnologia-nanotecnologia-y-control-social\/\" \/>\n<meta property=\"og:site_name\" content=\"Zapateneo\" \/>\n<meta property=\"article:modified_time\" content=\"2021-12-11T18:08:20+00:00\" \/>\n<meta name=\"twitter:card\" content=\"summary_large_image\" \/>\n<meta name=\"twitter:site\" content=\"@zapateneo\" \/>\n<meta name=\"twitter:label1\" content=\"Tiempo de lectura\" \/>\n\t<meta name=\"twitter:data1\" content=\"1 minuto\" \/>\n<script type=\"application\/ld+json\" class=\"yoast-schema-graph\">{\"@context\":\"https:\\\/\\\/schema.org\",\"@graph\":[{\"@type\":\"WebPage\",\"@id\":\"https:\\\/\\\/zapateneo.net\\\/wordpress\\\/index.php\\\/producto\\\/sobre-las-bases-misticas-de-la-neutralidad-de-la-tecnologia-nanotecnologia-y-control-social\\\/\",\"url\":\"https:\\\/\\\/zapateneo.net\\\/wordpress\\\/index.php\\\/producto\\\/sobre-las-bases-misticas-de-la-neutralidad-de-la-tecnologia-nanotecnologia-y-control-social\\\/\",\"name\":\"Sobre las bases m\u00edsticas de la Neutralidad de la Tecnolog\u00eda, Nanotecnolog\u00eda y Control Social &#8212; Zapateneo\",\"isPartOf\":{\"@id\":\"https:\\\/\\\/zapateneo.net\\\/wordpress\\\/#website\"},\"datePublished\":\"2021-10-11T17:39:48+00:00\",\"dateModified\":\"2021-12-11T18:08:20+00:00\",\"breadcrumb\":{\"@id\":\"https:\\\/\\\/zapateneo.net\\\/wordpress\\\/index.php\\\/producto\\\/sobre-las-bases-misticas-de-la-neutralidad-de-la-tecnologia-nanotecnologia-y-control-social\\\/#breadcrumb\"},\"inLanguage\":\"es\",\"potentialAction\":[{\"@type\":\"ReadAction\",\"target\":[\"https:\\\/\\\/zapateneo.net\\\/wordpress\\\/index.php\\\/producto\\\/sobre-las-bases-misticas-de-la-neutralidad-de-la-tecnologia-nanotecnologia-y-control-social\\\/\"]}]},{\"@type\":\"BreadcrumbList\",\"@id\":\"https:\\\/\\\/zapateneo.net\\\/wordpress\\\/index.php\\\/producto\\\/sobre-las-bases-misticas-de-la-neutralidad-de-la-tecnologia-nanotecnologia-y-control-social\\\/#breadcrumb\",\"itemListElement\":[{\"@type\":\"ListItem\",\"position\":1,\"name\":\"Portada\",\"item\":\"https:\\\/\\\/zapateneo.net\\\/wordpress\\\/\"},{\"@type\":\"ListItem\",\"position\":2,\"name\":\"Tienda\",\"item\":\"https:\\\/\\\/zapateneo.net\\\/wordpress\\\/\"},{\"@type\":\"ListItem\",\"position\":3,\"name\":\"Sobre las bases m\u00edsticas de la Neutralidad de la Tecnolog\u00eda, Nanotecnolog\u00eda y Control Social\"}]},{\"@type\":\"WebSite\",\"@id\":\"https:\\\/\\\/zapateneo.net\\\/wordpress\\\/#website\",\"url\":\"https:\\\/\\\/zapateneo.net\\\/wordpress\\\/\",\"name\":\"Zapateneo\",\"description\":\"Zapateneoaren webgunea\",\"publisher\":{\"@id\":\"https:\\\/\\\/zapateneo.net\\\/wordpress\\\/#organization\"},\"potentialAction\":[{\"@type\":\"SearchAction\",\"target\":{\"@type\":\"EntryPoint\",\"urlTemplate\":\"https:\\\/\\\/zapateneo.net\\\/wordpress\\\/?s={search_term_string}\"},\"query-input\":{\"@type\":\"PropertyValueSpecification\",\"valueRequired\":true,\"valueName\":\"search_term_string\"}}],\"inLanguage\":\"es\"},{\"@type\":\"Organization\",\"@id\":\"https:\\\/\\\/zapateneo.net\\\/wordpress\\\/#organization\",\"name\":\"Zapateneo Kultur Elkartea\",\"url\":\"https:\\\/\\\/zapateneo.net\\\/wordpress\\\/\",\"logo\":{\"@type\":\"ImageObject\",\"inLanguage\":\"es\",\"@id\":\"https:\\\/\\\/zapateneo.net\\\/wordpress\\\/#\\\/schema\\\/logo\\\/image\\\/\",\"url\":\"https:\\\/\\\/zapateneo.net\\\/wordpress\\\/wp-content\\\/uploads\\\/2021\\\/04\\\/zap-libu-kolec.jpg\",\"contentUrl\":\"https:\\\/\\\/zapateneo.net\\\/wordpress\\\/wp-content\\\/uploads\\\/2021\\\/04\\\/zap-libu-kolec.jpg\",\"width\":2234,\"height\":398,\"caption\":\"Zapateneo Kultur Elkartea\"},\"image\":{\"@id\":\"https:\\\/\\\/zapateneo.net\\\/wordpress\\\/#\\\/schema\\\/logo\\\/image\\\/\"},\"sameAs\":[\"https:\\\/\\\/x.com\\\/zapateneo\"]}]}<\/script>\n<!-- \/ Yoast SEO plugin. -->","yoast_head_json":{"title":"Sobre las bases m\u00edsticas de la Neutralidad de la Tecnolog\u00eda, Nanotecnolog\u00eda y Control Social &#8212; Zapateneo","robots":{"index":"index","follow":"follow","max-snippet":"max-snippet:-1","max-image-preview":"max-image-preview:large","max-video-preview":"max-video-preview:-1"},"canonical":"https:\/\/zapateneo.net\/wordpress\/index.php\/producto\/sobre-las-bases-misticas-de-la-neutralidad-de-la-tecnologia-nanotecnologia-y-control-social\/","og_locale":"es_ES","og_type":"article","og_title":"Sobre las bases m\u00edsticas de la Neutralidad de la Tecnolog\u00eda, Nanotecnolog\u00eda y Control Social &#8212; Zapateneo","og_description":"Willful Disobedience 2019070300048 - Contra toda nocividad - 2003 - 4 p\u00e1ginas \/orri.","og_url":"https:\/\/zapateneo.net\/wordpress\/index.php\/producto\/sobre-las-bases-misticas-de-la-neutralidad-de-la-tecnologia-nanotecnologia-y-control-social\/","og_site_name":"Zapateneo","article_modified_time":"2021-12-11T18:08:20+00:00","twitter_card":"summary_large_image","twitter_site":"@zapateneo","twitter_misc":{"Tiempo de lectura":"1 minuto"},"schema":{"@context":"https:\/\/schema.org","@graph":[{"@type":"WebPage","@id":"https:\/\/zapateneo.net\/wordpress\/index.php\/producto\/sobre-las-bases-misticas-de-la-neutralidad-de-la-tecnologia-nanotecnologia-y-control-social\/","url":"https:\/\/zapateneo.net\/wordpress\/index.php\/producto\/sobre-las-bases-misticas-de-la-neutralidad-de-la-tecnologia-nanotecnologia-y-control-social\/","name":"Sobre las bases m\u00edsticas de la Neutralidad de la Tecnolog\u00eda, Nanotecnolog\u00eda y Control Social &#8212; Zapateneo","isPartOf":{"@id":"https:\/\/zapateneo.net\/wordpress\/#website"},"datePublished":"2021-10-11T17:39:48+00:00","dateModified":"2021-12-11T18:08:20+00:00","breadcrumb":{"@id":"https:\/\/zapateneo.net\/wordpress\/index.php\/producto\/sobre-las-bases-misticas-de-la-neutralidad-de-la-tecnologia-nanotecnologia-y-control-social\/#breadcrumb"},"inLanguage":"es","potentialAction":[{"@type":"ReadAction","target":["https:\/\/zapateneo.net\/wordpress\/index.php\/producto\/sobre-las-bases-misticas-de-la-neutralidad-de-la-tecnologia-nanotecnologia-y-control-social\/"]}]},{"@type":"BreadcrumbList","@id":"https:\/\/zapateneo.net\/wordpress\/index.php\/producto\/sobre-las-bases-misticas-de-la-neutralidad-de-la-tecnologia-nanotecnologia-y-control-social\/#breadcrumb","itemListElement":[{"@type":"ListItem","position":1,"name":"Portada","item":"https:\/\/zapateneo.net\/wordpress\/"},{"@type":"ListItem","position":2,"name":"Tienda","item":"https:\/\/zapateneo.net\/wordpress\/"},{"@type":"ListItem","position":3,"name":"Sobre las bases m\u00edsticas de la Neutralidad de la Tecnolog\u00eda, Nanotecnolog\u00eda y Control Social"}]},{"@type":"WebSite","@id":"https:\/\/zapateneo.net\/wordpress\/#website","url":"https:\/\/zapateneo.net\/wordpress\/","name":"Zapateneo","description":"Zapateneoaren webgunea","publisher":{"@id":"https:\/\/zapateneo.net\/wordpress\/#organization"},"potentialAction":[{"@type":"SearchAction","target":{"@type":"EntryPoint","urlTemplate":"https:\/\/zapateneo.net\/wordpress\/?s={search_term_string}"},"query-input":{"@type":"PropertyValueSpecification","valueRequired":true,"valueName":"search_term_string"}}],"inLanguage":"es"},{"@type":"Organization","@id":"https:\/\/zapateneo.net\/wordpress\/#organization","name":"Zapateneo Kultur Elkartea","url":"https:\/\/zapateneo.net\/wordpress\/","logo":{"@type":"ImageObject","inLanguage":"es","@id":"https:\/\/zapateneo.net\/wordpress\/#\/schema\/logo\/image\/","url":"https:\/\/zapateneo.net\/wordpress\/wp-content\/uploads\/2021\/04\/zap-libu-kolec.jpg","contentUrl":"https:\/\/zapateneo.net\/wordpress\/wp-content\/uploads\/2021\/04\/zap-libu-kolec.jpg","width":2234,"height":398,"caption":"Zapateneo Kultur Elkartea"},"image":{"@id":"https:\/\/zapateneo.net\/wordpress\/#\/schema\/logo\/image\/"},"sameAs":["https:\/\/x.com\/zapateneo"]}]}},"_links":{"self":[{"href":"https:\/\/zapateneo.net\/wordpress\/index.php\/wp-json\/wp\/v2\/product\/9709","targetHints":{"allow":["GET"]}}],"collection":[{"href":"https:\/\/zapateneo.net\/wordpress\/index.php\/wp-json\/wp\/v2\/product"}],"about":[{"href":"https:\/\/zapateneo.net\/wordpress\/index.php\/wp-json\/wp\/v2\/types\/product"}],"wp:attachment":[{"href":"https:\/\/zapateneo.net\/wordpress\/index.php\/wp-json\/wp\/v2\/media?parent=9709"}],"wp:term":[{"taxonomy":"product_brand","embeddable":true,"href":"https:\/\/zapateneo.net\/wordpress\/index.php\/wp-json\/wp\/v2\/product_brand?post=9709"},{"taxonomy":"product_cat","embeddable":true,"href":"https:\/\/zapateneo.net\/wordpress\/index.php\/wp-json\/wp\/v2\/product_cat?post=9709"},{"taxonomy":"product_tag","embeddable":true,"href":"https:\/\/zapateneo.net\/wordpress\/index.php\/wp-json\/wp\/v2\/product_tag?post=9709"}],"curies":[{"name":"wp","href":"https:\/\/api.w.org\/{rel}","templated":true}]}}