{"id":9699,"date":"2021-10-11T18:39:47","date_gmt":"2021-10-11T17:39:47","guid":{"rendered":"https:\/\/zapateneo.net\/wordpress\/?post_type=product&#038;p=9699"},"modified":"2021-12-11T19:09:20","modified_gmt":"2021-12-11T18:09:20","slug":"los-limites-del-ecologismo","status":"publish","type":"product","link":"https:\/\/zapateneo.net\/wordpress\/index.php\/producto\/los-limites-del-ecologismo\/","title":{"rendered":"Los l\u00edmites del ecologismo"},"content":{"rendered":"<p>Aportaci&oacute;n a las II JORNADAS POR UNA AGROECOLOG&Iacute;A RADICAL, Madrid, febrero 2010, en el marco de la mesa redonda &ldquo;Contra el ecologismo como forma de gesti&oacute;n del desastre&rdquo;.<\/p>\n<p>F&eacute;lix Rodrigo Mora<\/p>\n<p>Si admitimos que el ecologismo comienza a manifestarse, como sistema de ideas y corriente social, en 1962, a partir del libro &ldquo;Primavera silenciosa&rdquo; de Rachel Carson, nos encontramos ante un movimiento que, lejos de ser &ldquo;nuevo&rdquo; y &ldquo;joven&rdquo; tiene ya medio siglo de existencia, tiempo suficiente para hacer un balance de sus logros, en un sentido y otro, y, desde ellos, de su l&iacute;nea, contenidos y significaci&oacute;n objetiva. Dicha investigaci&oacute;n ha de ser, c&oacute;mo no, cordial y amigable, pues se trata de buscar la verdad en los hechos de forma colectiva, pero sin renunciar a la propia libertad de expresi&oacute;n, que incluye elementos cr&iacute;ticos de notable significaci&oacute;n.<\/p>\n<p>Sus aspectos positivos son indudables. Gracias al ecologismo un gran n&uacute;mero de personas ha ido tomando conciencia progresiva de la degradaci&oacute;n del medio natural, as&iacute; como de los numerosos problemas implicados en ello, lo que ha permitido librar luchas de variada naturaleza contra expresiones concretas del ecocidio, algunas de las cuales han proporcionado algunos resultados tangibles, si bien modestos y escasos. Al mismo tiempo se ha generado una notable cantidad de publicaciones que, con mayor o menor objetividad y pureza de intenciones, se ocupan de estas materias, de donde resultan debates sociales que mantienen la atenci&oacute;n en el presente y futuro del medio ambiente en su interacci&oacute;n con los seres humanos. Tambi&eacute;n, ha producido un peque&ntilde;o n&uacute;mero de obras de calidad (al mismo tiempo que monta&ntilde;as de subliteratura), o influidas por &eacute;l, entre las que destaca por su excelente factura, si se ha de citar una, &ldquo;Nuestro futuro robado&rdquo;, de T. Colborn, J.P. Myers y D. Dumanoski.<\/p>\n<p>Hoy el ecologismo no es lo que fue hace unos decenios. En puridad, ya no es un movimiento estructurado en la base de la sociedad pol&iacute;tica-civil, sino una parte del aparato institucional, como otros varios, en la forma de colectivos con el estatuto de ONG; asociaciones ambientalistas financiadas por municipios o comunidades aut&oacute;nomas, cuando no por Bruselas; partidos pol&iacute;ticos &ldquo;verdes&rdquo; de corte posibilista y socialdem&oacute;crata, grupos de ecofuncionarios tan alejados de la gente como celosos de sus privilegios y equipos de expertos acad&eacute;micos ocupados en hacer prevalecer los intereses estrat&eacute;gicos del Estado (y, por tanto, del capital) en las cuestiones medioambientalmente m&aacute;s candentes. Una vez que ha sido producida una muy profusa legislaci&oacute;n &ldquo;protectora&rdquo; (que ha resultado mucho m&aacute;s de los partidos de derecha e izquierda que de los &ldquo;verdes&rdquo;), la actividad central del ecologismo se sit&uacute;a en la denuncia de las infracciones a la legalidad, con relegaci&oacute;n de las tareas de calle. Se ha convertido, pues, en una forma de legicentrismo, por tanto es una expresi&oacute;n m&aacute;s de estatofilia, la grave enfermedad ideol&oacute;gica com&uacute;n a casi toda la cada d&iacute;a m&aacute;s d&eacute;bil &ldquo;radicalidad&rdquo; hodierna.<\/p>\n<p>Ello equivale a decir que se niega a toda transformaci&oacute;n integral suficiente del orden constituido, siendo una fuerza pol&iacute;tica m&aacute;s, como tantas otras, conservadora de lo existente.<\/p>\n","protected":false},"excerpt":{"rendered":"<p><strong>Feliz Rodrigo Mora<\/strong><br \/>\n2010121200331 &#8211; AUTOEDICI\u00d3N &#8211; 2010 &#8211; 20 p\u00e1ginas \/orri.<\/p>\n","protected":false},"featured_media":0,"template":"","meta":[],"product_brand":[],"product_cat":[180,166],"product_tag":[1180,5019],"class_list":{"0":"post-9699","1":"product","2":"type-product","3":"status-publish","5":"product_cat-ekologia-ecologia","6":"product_cat-panfletos-panfletoak","7":"product_tag-autoedicion","8":"product_tag-feliz-rodrigo-mora","10":"first","11":"instock","12":"sold-individually","13":"shipping-taxable","14":"purchasable","15":"product-type-simple"},"yoast_head":"<!-- This site is optimized with the Yoast SEO plugin v27.3 - https:\/\/yoast.com\/product\/yoast-seo-wordpress\/ -->\n<title>Los l\u00edmites del ecologismo &#8212; Zapateneo<\/title>\n<meta name=\"robots\" content=\"index, follow, max-snippet:-1, max-image-preview:large, max-video-preview:-1\" \/>\n<link rel=\"canonical\" href=\"https:\/\/zapateneo.net\/wordpress\/index.php\/producto\/los-limites-del-ecologismo\/\" \/>\n<meta property=\"og:locale\" content=\"es_ES\" \/>\n<meta property=\"og:type\" content=\"article\" \/>\n<meta property=\"og:title\" content=\"Los l\u00edmites del ecologismo &#8212; Zapateneo\" \/>\n<meta property=\"og:description\" content=\"Feliz Rodrigo Mora 2010121200331 - AUTOEDICI\u00d3N - 2010 - 20 p\u00e1ginas \/orri.\" \/>\n<meta property=\"og:url\" content=\"https:\/\/zapateneo.net\/wordpress\/index.php\/producto\/los-limites-del-ecologismo\/\" \/>\n<meta property=\"og:site_name\" content=\"Zapateneo\" \/>\n<meta property=\"article:modified_time\" content=\"2021-12-11T18:09:20+00:00\" \/>\n<meta name=\"twitter:card\" content=\"summary_large_image\" \/>\n<meta name=\"twitter:site\" content=\"@zapateneo\" \/>\n<meta name=\"twitter:label1\" content=\"Tiempo de lectura\" \/>\n\t<meta name=\"twitter:data1\" content=\"3 minutos\" \/>\n<script type=\"application\/ld+json\" class=\"yoast-schema-graph\">{\"@context\":\"https:\\\/\\\/schema.org\",\"@graph\":[{\"@type\":\"WebPage\",\"@id\":\"https:\\\/\\\/zapateneo.net\\\/wordpress\\\/index.php\\\/producto\\\/los-limites-del-ecologismo\\\/\",\"url\":\"https:\\\/\\\/zapateneo.net\\\/wordpress\\\/index.php\\\/producto\\\/los-limites-del-ecologismo\\\/\",\"name\":\"Los l\u00edmites del ecologismo &#8212; Zapateneo\",\"isPartOf\":{\"@id\":\"https:\\\/\\\/zapateneo.net\\\/wordpress\\\/#website\"},\"datePublished\":\"2021-10-11T17:39:47+00:00\",\"dateModified\":\"2021-12-11T18:09:20+00:00\",\"breadcrumb\":{\"@id\":\"https:\\\/\\\/zapateneo.net\\\/wordpress\\\/index.php\\\/producto\\\/los-limites-del-ecologismo\\\/#breadcrumb\"},\"inLanguage\":\"es\",\"potentialAction\":[{\"@type\":\"ReadAction\",\"target\":[\"https:\\\/\\\/zapateneo.net\\\/wordpress\\\/index.php\\\/producto\\\/los-limites-del-ecologismo\\\/\"]}]},{\"@type\":\"BreadcrumbList\",\"@id\":\"https:\\\/\\\/zapateneo.net\\\/wordpress\\\/index.php\\\/producto\\\/los-limites-del-ecologismo\\\/#breadcrumb\",\"itemListElement\":[{\"@type\":\"ListItem\",\"position\":1,\"name\":\"Portada\",\"item\":\"https:\\\/\\\/zapateneo.net\\\/wordpress\\\/\"},{\"@type\":\"ListItem\",\"position\":2,\"name\":\"Tienda\",\"item\":\"https:\\\/\\\/zapateneo.net\\\/wordpress\\\/\"},{\"@type\":\"ListItem\",\"position\":3,\"name\":\"Los l\u00edmites del ecologismo\"}]},{\"@type\":\"WebSite\",\"@id\":\"https:\\\/\\\/zapateneo.net\\\/wordpress\\\/#website\",\"url\":\"https:\\\/\\\/zapateneo.net\\\/wordpress\\\/\",\"name\":\"Zapateneo\",\"description\":\"Zapateneoaren webgunea\",\"publisher\":{\"@id\":\"https:\\\/\\\/zapateneo.net\\\/wordpress\\\/#organization\"},\"potentialAction\":[{\"@type\":\"SearchAction\",\"target\":{\"@type\":\"EntryPoint\",\"urlTemplate\":\"https:\\\/\\\/zapateneo.net\\\/wordpress\\\/?s={search_term_string}\"},\"query-input\":{\"@type\":\"PropertyValueSpecification\",\"valueRequired\":true,\"valueName\":\"search_term_string\"}}],\"inLanguage\":\"es\"},{\"@type\":\"Organization\",\"@id\":\"https:\\\/\\\/zapateneo.net\\\/wordpress\\\/#organization\",\"name\":\"Zapateneo Kultur Elkartea\",\"url\":\"https:\\\/\\\/zapateneo.net\\\/wordpress\\\/\",\"logo\":{\"@type\":\"ImageObject\",\"inLanguage\":\"es\",\"@id\":\"https:\\\/\\\/zapateneo.net\\\/wordpress\\\/#\\\/schema\\\/logo\\\/image\\\/\",\"url\":\"https:\\\/\\\/zapateneo.net\\\/wordpress\\\/wp-content\\\/uploads\\\/2021\\\/04\\\/zap-libu-kolec.jpg\",\"contentUrl\":\"https:\\\/\\\/zapateneo.net\\\/wordpress\\\/wp-content\\\/uploads\\\/2021\\\/04\\\/zap-libu-kolec.jpg\",\"width\":2234,\"height\":398,\"caption\":\"Zapateneo Kultur Elkartea\"},\"image\":{\"@id\":\"https:\\\/\\\/zapateneo.net\\\/wordpress\\\/#\\\/schema\\\/logo\\\/image\\\/\"},\"sameAs\":[\"https:\\\/\\\/x.com\\\/zapateneo\"]}]}<\/script>\n<!-- \/ Yoast SEO plugin. -->","yoast_head_json":{"title":"Los l\u00edmites del ecologismo &#8212; Zapateneo","robots":{"index":"index","follow":"follow","max-snippet":"max-snippet:-1","max-image-preview":"max-image-preview:large","max-video-preview":"max-video-preview:-1"},"canonical":"https:\/\/zapateneo.net\/wordpress\/index.php\/producto\/los-limites-del-ecologismo\/","og_locale":"es_ES","og_type":"article","og_title":"Los l\u00edmites del ecologismo &#8212; Zapateneo","og_description":"Feliz Rodrigo Mora 2010121200331 - AUTOEDICI\u00d3N - 2010 - 20 p\u00e1ginas \/orri.","og_url":"https:\/\/zapateneo.net\/wordpress\/index.php\/producto\/los-limites-del-ecologismo\/","og_site_name":"Zapateneo","article_modified_time":"2021-12-11T18:09:20+00:00","twitter_card":"summary_large_image","twitter_site":"@zapateneo","twitter_misc":{"Tiempo de lectura":"3 minutos"},"schema":{"@context":"https:\/\/schema.org","@graph":[{"@type":"WebPage","@id":"https:\/\/zapateneo.net\/wordpress\/index.php\/producto\/los-limites-del-ecologismo\/","url":"https:\/\/zapateneo.net\/wordpress\/index.php\/producto\/los-limites-del-ecologismo\/","name":"Los l\u00edmites del ecologismo &#8212; Zapateneo","isPartOf":{"@id":"https:\/\/zapateneo.net\/wordpress\/#website"},"datePublished":"2021-10-11T17:39:47+00:00","dateModified":"2021-12-11T18:09:20+00:00","breadcrumb":{"@id":"https:\/\/zapateneo.net\/wordpress\/index.php\/producto\/los-limites-del-ecologismo\/#breadcrumb"},"inLanguage":"es","potentialAction":[{"@type":"ReadAction","target":["https:\/\/zapateneo.net\/wordpress\/index.php\/producto\/los-limites-del-ecologismo\/"]}]},{"@type":"BreadcrumbList","@id":"https:\/\/zapateneo.net\/wordpress\/index.php\/producto\/los-limites-del-ecologismo\/#breadcrumb","itemListElement":[{"@type":"ListItem","position":1,"name":"Portada","item":"https:\/\/zapateneo.net\/wordpress\/"},{"@type":"ListItem","position":2,"name":"Tienda","item":"https:\/\/zapateneo.net\/wordpress\/"},{"@type":"ListItem","position":3,"name":"Los l\u00edmites del ecologismo"}]},{"@type":"WebSite","@id":"https:\/\/zapateneo.net\/wordpress\/#website","url":"https:\/\/zapateneo.net\/wordpress\/","name":"Zapateneo","description":"Zapateneoaren webgunea","publisher":{"@id":"https:\/\/zapateneo.net\/wordpress\/#organization"},"potentialAction":[{"@type":"SearchAction","target":{"@type":"EntryPoint","urlTemplate":"https:\/\/zapateneo.net\/wordpress\/?s={search_term_string}"},"query-input":{"@type":"PropertyValueSpecification","valueRequired":true,"valueName":"search_term_string"}}],"inLanguage":"es"},{"@type":"Organization","@id":"https:\/\/zapateneo.net\/wordpress\/#organization","name":"Zapateneo Kultur Elkartea","url":"https:\/\/zapateneo.net\/wordpress\/","logo":{"@type":"ImageObject","inLanguage":"es","@id":"https:\/\/zapateneo.net\/wordpress\/#\/schema\/logo\/image\/","url":"https:\/\/zapateneo.net\/wordpress\/wp-content\/uploads\/2021\/04\/zap-libu-kolec.jpg","contentUrl":"https:\/\/zapateneo.net\/wordpress\/wp-content\/uploads\/2021\/04\/zap-libu-kolec.jpg","width":2234,"height":398,"caption":"Zapateneo Kultur Elkartea"},"image":{"@id":"https:\/\/zapateneo.net\/wordpress\/#\/schema\/logo\/image\/"},"sameAs":["https:\/\/x.com\/zapateneo"]}]}},"_links":{"self":[{"href":"https:\/\/zapateneo.net\/wordpress\/index.php\/wp-json\/wp\/v2\/product\/9699","targetHints":{"allow":["GET"]}}],"collection":[{"href":"https:\/\/zapateneo.net\/wordpress\/index.php\/wp-json\/wp\/v2\/product"}],"about":[{"href":"https:\/\/zapateneo.net\/wordpress\/index.php\/wp-json\/wp\/v2\/types\/product"}],"wp:attachment":[{"href":"https:\/\/zapateneo.net\/wordpress\/index.php\/wp-json\/wp\/v2\/media?parent=9699"}],"wp:term":[{"taxonomy":"product_brand","embeddable":true,"href":"https:\/\/zapateneo.net\/wordpress\/index.php\/wp-json\/wp\/v2\/product_brand?post=9699"},{"taxonomy":"product_cat","embeddable":true,"href":"https:\/\/zapateneo.net\/wordpress\/index.php\/wp-json\/wp\/v2\/product_cat?post=9699"},{"taxonomy":"product_tag","embeddable":true,"href":"https:\/\/zapateneo.net\/wordpress\/index.php\/wp-json\/wp\/v2\/product_tag?post=9699"}],"curies":[{"name":"wp","href":"https:\/\/api.w.org\/{rel}","templated":true}]}}