{"id":969,"date":"2021-04-07T07:44:28","date_gmt":"2021-04-07T06:44:28","guid":{"rendered":"https:\/\/zapateneo.net\/wordpress\/?post_type=product&#038;p=969"},"modified":"2023-05-05T15:15:23","modified_gmt":"2023-05-05T14:15:23","slug":"pasajes-entre-el-estado-de-excepcion-y-el-estado-guerra","status":"publish","type":"product","link":"https:\/\/zapateneo.net\/wordpress\/index.php\/producto\/pasajes-entre-el-estado-de-excepcion-y-el-estado-guerra\/","title":{"rendered":"Pasajes entre el estado de excepci\u00f3n y el Estado-guerra"},"content":{"rendered":"<p>Con la participaci\u00f3n de Santiago Eraso y Esteban Zamora Godoy.<\/p>\n<p>Los pasajes abiertos entre el estado de excepci\u00f3n y el Estado-guerra, despuntan un entramado biopol\u00edtico cuyo agenciamiento m\u00e1s decisivo tiene que ver con la desrealizaci\u00f3n de la democracia en nuestro presente.<\/p>\n<p>En la actualidad postdem\u00f3cratica es la anarqu\u00eda de los mercados la que gobierna los Estados, y son operarios tecn\u00f3cratas de instancias supranacionales no elegidos por nadie los que gobiernan y deciden el futuro de los pueblos. En este contexto, la guerra deviene un principio normativo de la realidad y deja de ser expresi\u00f3n del m\u00e1ximo estado de excepci\u00f3n. De aqu\u00ed podemos desprender que uno de los objetivos de este libro es exponer la crisis radical de legitimidad de la gubernamentalidad democr\u00e1tica, en cuanto que crisis de identidad normativa experimentada por las democracias contempor\u00e1neas dentro de la creciente anomia sociopol\u00edtica. Incide, por lo tanto, en el gesto de recuperar una dimensi\u00f3n cr\u00edtica, geneal\u00f3gica, deconstructiva y ut\u00f3pica de la pol\u00edtica en oposici\u00f3n a las concepciones normativas, t\u00e9cnicas y policiales.<\/p>\n<p>Estas \u00faltimas tienden a clausurar sus posibilidades en las estructuras contingentes de organizaci\u00f3n existentes y desposeen a la pol\u00edtica de su fuerza emancipatoria, transform\u00e1ndola en un dispositivo de producci\u00f3n de realidad clave en el proceso de expansi\u00f3n del capitalismo.<\/p>\n<p>Santiago Eraso<\/p>\n<p>Entre julio de 2015 y octubre de 2016 ha sido director de contenidos e infraestructuras de la empresa municipal Madrid Destino, responsable de la gesti\u00f3n de Matadero Madrid, Conde Duque, Medialab-Prado y Centro Palacio de Cibeles, entre otros espacios.<\/p>\n<p>Nacido en San Sebasti\u00e1n en 1953, Santiago Eraso es licenciado en Filosof\u00eda y Letras, especialidad de Geograf\u00eda e Historia, por la Universidad de Deusto.<\/p>\n<p>En 1987 fue nombrado director de Arteleku, Centro de Arte y Cultura Contempor\u00e1nea de la Diputaci\u00f3n Foral de Gipuzkoa, por concurso p\u00fablico, cargo que ocup\u00f3 hasta 2006. Esta instituci\u00f3n, pionera de las actuales f\u00e1bricas de creaci\u00f3n y medialabs, fue durante casi tres d\u00e9cadas uno de los referentes m\u00e1s importantes del mapa art\u00edstico y cultural de Espa\u00f1a y Europa.<\/p>\n<p>De 2001 a 2015 ha sido miembro del equipo de contenidos de \u00abUNIA arteypensamiento\u00bb de la Universidad Internacional de Andaluc\u00eda.<\/p>\n<p>Mantiene un blog sobre arte, cultura, \u00e9tica y pol\u00edtica en el que pueden leerse reflexiones y documentaci\u00f3n acerca de los proyectos en los que est\u00e1 involucrado:<\/p>\n<p>https:\/\/santieraso.wordpress.com\/<\/p>\n<p>Esteban Zamora Godoy<\/p>\n<p>Esteban Zamora Godoy es investigador independiente. Estudi\u00f3 Licenciatura en Filosof\u00eda en la Universidad ARCIS y en la Universidad Metropolitana de Ciencias de la Educaci\u00f3n (UMCE), donde obtuvo su t\u00edtulo de Profesor de Filosof\u00eda. Es Doctor en Filosof\u00eda Contempor\u00e1nea por la Universitat de Barcelona. En esta ciudad integr\u00f3 la compa\u00f1\u00eda de teatro Plan de Fugas. Ha mantenido una vida vinculada a colectivos aut\u00f3nomos y al \u00e1mbito anticarcelario. Actualmente es parte del equipo de la librer\u00eda Kaxilda en Donostia, Pa\u00eds Vasco.<\/p>\n","protected":false},"excerpt":{"rendered":"<p><strong>Zamora Godoy, Esteban<\/strong><br \/>\n9789873621604 &#8211; La Cebra &#8211; 2019 &#8211; 373 p\u00e1ginas \/orri.<\/p>\n","protected":false},"featured_media":1010,"template":"","meta":[],"product_brand":[],"product_cat":[16,173],"product_tag":[5076,815,813],"class_list":{"0":"post-969","1":"product","2":"type-product","3":"status-publish","4":"has-post-thumbnail","6":"product_cat-libros","7":"product_cat-saiakera-ensayo","8":"product_tag-antimilitarismo","9":"product_tag-la-cebra","10":"product_tag-zamora-godoy","12":"first","13":"instock","14":"sold-individually","15":"shipping-taxable","16":"purchasable","17":"product-type-simple"},"yoast_head":"<!-- This site is optimized with the Yoast SEO plugin v27.3 - https:\/\/yoast.com\/product\/yoast-seo-wordpress\/ -->\n<title>Pasajes entre el estado de excepci\u00f3n y el Estado-guerra &#8212; Zapateneo<\/title>\n<meta name=\"robots\" content=\"index, follow, max-snippet:-1, max-image-preview:large, max-video-preview:-1\" \/>\n<link rel=\"canonical\" href=\"https:\/\/zapateneo.net\/wordpress\/index.php\/producto\/pasajes-entre-el-estado-de-excepcion-y-el-estado-guerra\/\" \/>\n<meta property=\"og:locale\" content=\"es_ES\" \/>\n<meta property=\"og:type\" content=\"article\" \/>\n<meta property=\"og:title\" content=\"Pasajes entre el estado de excepci\u00f3n y el Estado-guerra &#8212; Zapateneo\" \/>\n<meta property=\"og:description\" content=\"Zamora Godoy, Esteban 9789873621604 - La Cebra - 2019 - 373 p\u00e1ginas \/orri.\" \/>\n<meta property=\"og:url\" content=\"https:\/\/zapateneo.net\/wordpress\/index.php\/producto\/pasajes-entre-el-estado-de-excepcion-y-el-estado-guerra\/\" \/>\n<meta property=\"og:site_name\" content=\"Zapateneo\" \/>\n<meta property=\"article:modified_time\" content=\"2023-05-05T14:15:23+00:00\" \/>\n<meta property=\"og:image\" content=\"https:\/\/zapateneo.net\/wordpress\/wp-content\/uploads\/2021\/04\/pasajes.jpg\" \/>\n\t<meta property=\"og:image:width\" content=\"260\" \/>\n\t<meta property=\"og:image:height\" content=\"400\" \/>\n\t<meta property=\"og:image:type\" content=\"image\/jpeg\" \/>\n<meta name=\"twitter:card\" content=\"summary_large_image\" \/>\n<meta name=\"twitter:site\" content=\"@zapateneo\" \/>\n<meta name=\"twitter:label1\" content=\"Tiempo de lectura\" \/>\n\t<meta name=\"twitter:data1\" content=\"3 minutos\" \/>\n<script type=\"application\/ld+json\" class=\"yoast-schema-graph\">{\"@context\":\"https:\\\/\\\/schema.org\",\"@graph\":[{\"@type\":\"WebPage\",\"@id\":\"https:\\\/\\\/zapateneo.net\\\/wordpress\\\/index.php\\\/producto\\\/pasajes-entre-el-estado-de-excepcion-y-el-estado-guerra\\\/\",\"url\":\"https:\\\/\\\/zapateneo.net\\\/wordpress\\\/index.php\\\/producto\\\/pasajes-entre-el-estado-de-excepcion-y-el-estado-guerra\\\/\",\"name\":\"Pasajes entre el estado de excepci\u00f3n y el Estado-guerra &#8212; Zapateneo\",\"isPartOf\":{\"@id\":\"https:\\\/\\\/zapateneo.net\\\/wordpress\\\/#website\"},\"primaryImageOfPage\":{\"@id\":\"https:\\\/\\\/zapateneo.net\\\/wordpress\\\/index.php\\\/producto\\\/pasajes-entre-el-estado-de-excepcion-y-el-estado-guerra\\\/#primaryimage\"},\"image\":{\"@id\":\"https:\\\/\\\/zapateneo.net\\\/wordpress\\\/index.php\\\/producto\\\/pasajes-entre-el-estado-de-excepcion-y-el-estado-guerra\\\/#primaryimage\"},\"thumbnailUrl\":\"https:\\\/\\\/zapateneo.net\\\/wordpress\\\/wp-content\\\/uploads\\\/2021\\\/04\\\/pasajes.jpg\",\"datePublished\":\"2021-04-07T06:44:28+00:00\",\"dateModified\":\"2023-05-05T14:15:23+00:00\",\"breadcrumb\":{\"@id\":\"https:\\\/\\\/zapateneo.net\\\/wordpress\\\/index.php\\\/producto\\\/pasajes-entre-el-estado-de-excepcion-y-el-estado-guerra\\\/#breadcrumb\"},\"inLanguage\":\"es\",\"potentialAction\":[{\"@type\":\"ReadAction\",\"target\":[\"https:\\\/\\\/zapateneo.net\\\/wordpress\\\/index.php\\\/producto\\\/pasajes-entre-el-estado-de-excepcion-y-el-estado-guerra\\\/\"]}]},{\"@type\":\"ImageObject\",\"inLanguage\":\"es\",\"@id\":\"https:\\\/\\\/zapateneo.net\\\/wordpress\\\/index.php\\\/producto\\\/pasajes-entre-el-estado-de-excepcion-y-el-estado-guerra\\\/#primaryimage\",\"url\":\"https:\\\/\\\/zapateneo.net\\\/wordpress\\\/wp-content\\\/uploads\\\/2021\\\/04\\\/pasajes.jpg\",\"contentUrl\":\"https:\\\/\\\/zapateneo.net\\\/wordpress\\\/wp-content\\\/uploads\\\/2021\\\/04\\\/pasajes.jpg\",\"width\":260,\"height\":400},{\"@type\":\"BreadcrumbList\",\"@id\":\"https:\\\/\\\/zapateneo.net\\\/wordpress\\\/index.php\\\/producto\\\/pasajes-entre-el-estado-de-excepcion-y-el-estado-guerra\\\/#breadcrumb\",\"itemListElement\":[{\"@type\":\"ListItem\",\"position\":1,\"name\":\"Portada\",\"item\":\"https:\\\/\\\/zapateneo.net\\\/wordpress\\\/\"},{\"@type\":\"ListItem\",\"position\":2,\"name\":\"Tienda\",\"item\":\"https:\\\/\\\/zapateneo.net\\\/wordpress\\\/\"},{\"@type\":\"ListItem\",\"position\":3,\"name\":\"Pasajes entre el estado de excepci\u00f3n y el Estado-guerra\"}]},{\"@type\":\"WebSite\",\"@id\":\"https:\\\/\\\/zapateneo.net\\\/wordpress\\\/#website\",\"url\":\"https:\\\/\\\/zapateneo.net\\\/wordpress\\\/\",\"name\":\"Zapateneo\",\"description\":\"Zapateneoaren webgunea\",\"publisher\":{\"@id\":\"https:\\\/\\\/zapateneo.net\\\/wordpress\\\/#organization\"},\"potentialAction\":[{\"@type\":\"SearchAction\",\"target\":{\"@type\":\"EntryPoint\",\"urlTemplate\":\"https:\\\/\\\/zapateneo.net\\\/wordpress\\\/?s={search_term_string}\"},\"query-input\":{\"@type\":\"PropertyValueSpecification\",\"valueRequired\":true,\"valueName\":\"search_term_string\"}}],\"inLanguage\":\"es\"},{\"@type\":\"Organization\",\"@id\":\"https:\\\/\\\/zapateneo.net\\\/wordpress\\\/#organization\",\"name\":\"Zapateneo Kultur Elkartea\",\"url\":\"https:\\\/\\\/zapateneo.net\\\/wordpress\\\/\",\"logo\":{\"@type\":\"ImageObject\",\"inLanguage\":\"es\",\"@id\":\"https:\\\/\\\/zapateneo.net\\\/wordpress\\\/#\\\/schema\\\/logo\\\/image\\\/\",\"url\":\"https:\\\/\\\/zapateneo.net\\\/wordpress\\\/wp-content\\\/uploads\\\/2021\\\/04\\\/zap-libu-kolec.jpg\",\"contentUrl\":\"https:\\\/\\\/zapateneo.net\\\/wordpress\\\/wp-content\\\/uploads\\\/2021\\\/04\\\/zap-libu-kolec.jpg\",\"width\":2234,\"height\":398,\"caption\":\"Zapateneo Kultur Elkartea\"},\"image\":{\"@id\":\"https:\\\/\\\/zapateneo.net\\\/wordpress\\\/#\\\/schema\\\/logo\\\/image\\\/\"},\"sameAs\":[\"https:\\\/\\\/x.com\\\/zapateneo\"]}]}<\/script>\n<!-- \/ Yoast SEO plugin. -->","yoast_head_json":{"title":"Pasajes entre el estado de excepci\u00f3n y el Estado-guerra &#8212; Zapateneo","robots":{"index":"index","follow":"follow","max-snippet":"max-snippet:-1","max-image-preview":"max-image-preview:large","max-video-preview":"max-video-preview:-1"},"canonical":"https:\/\/zapateneo.net\/wordpress\/index.php\/producto\/pasajes-entre-el-estado-de-excepcion-y-el-estado-guerra\/","og_locale":"es_ES","og_type":"article","og_title":"Pasajes entre el estado de excepci\u00f3n y el Estado-guerra &#8212; Zapateneo","og_description":"Zamora Godoy, Esteban 9789873621604 - La Cebra - 2019 - 373 p\u00e1ginas \/orri.","og_url":"https:\/\/zapateneo.net\/wordpress\/index.php\/producto\/pasajes-entre-el-estado-de-excepcion-y-el-estado-guerra\/","og_site_name":"Zapateneo","article_modified_time":"2023-05-05T14:15:23+00:00","og_image":[{"width":260,"height":400,"url":"https:\/\/zapateneo.net\/wordpress\/wp-content\/uploads\/2021\/04\/pasajes.jpg","type":"image\/jpeg"}],"twitter_card":"summary_large_image","twitter_site":"@zapateneo","twitter_misc":{"Tiempo de lectura":"3 minutos"},"schema":{"@context":"https:\/\/schema.org","@graph":[{"@type":"WebPage","@id":"https:\/\/zapateneo.net\/wordpress\/index.php\/producto\/pasajes-entre-el-estado-de-excepcion-y-el-estado-guerra\/","url":"https:\/\/zapateneo.net\/wordpress\/index.php\/producto\/pasajes-entre-el-estado-de-excepcion-y-el-estado-guerra\/","name":"Pasajes entre el estado de excepci\u00f3n y el Estado-guerra &#8212; Zapateneo","isPartOf":{"@id":"https:\/\/zapateneo.net\/wordpress\/#website"},"primaryImageOfPage":{"@id":"https:\/\/zapateneo.net\/wordpress\/index.php\/producto\/pasajes-entre-el-estado-de-excepcion-y-el-estado-guerra\/#primaryimage"},"image":{"@id":"https:\/\/zapateneo.net\/wordpress\/index.php\/producto\/pasajes-entre-el-estado-de-excepcion-y-el-estado-guerra\/#primaryimage"},"thumbnailUrl":"https:\/\/zapateneo.net\/wordpress\/wp-content\/uploads\/2021\/04\/pasajes.jpg","datePublished":"2021-04-07T06:44:28+00:00","dateModified":"2023-05-05T14:15:23+00:00","breadcrumb":{"@id":"https:\/\/zapateneo.net\/wordpress\/index.php\/producto\/pasajes-entre-el-estado-de-excepcion-y-el-estado-guerra\/#breadcrumb"},"inLanguage":"es","potentialAction":[{"@type":"ReadAction","target":["https:\/\/zapateneo.net\/wordpress\/index.php\/producto\/pasajes-entre-el-estado-de-excepcion-y-el-estado-guerra\/"]}]},{"@type":"ImageObject","inLanguage":"es","@id":"https:\/\/zapateneo.net\/wordpress\/index.php\/producto\/pasajes-entre-el-estado-de-excepcion-y-el-estado-guerra\/#primaryimage","url":"https:\/\/zapateneo.net\/wordpress\/wp-content\/uploads\/2021\/04\/pasajes.jpg","contentUrl":"https:\/\/zapateneo.net\/wordpress\/wp-content\/uploads\/2021\/04\/pasajes.jpg","width":260,"height":400},{"@type":"BreadcrumbList","@id":"https:\/\/zapateneo.net\/wordpress\/index.php\/producto\/pasajes-entre-el-estado-de-excepcion-y-el-estado-guerra\/#breadcrumb","itemListElement":[{"@type":"ListItem","position":1,"name":"Portada","item":"https:\/\/zapateneo.net\/wordpress\/"},{"@type":"ListItem","position":2,"name":"Tienda","item":"https:\/\/zapateneo.net\/wordpress\/"},{"@type":"ListItem","position":3,"name":"Pasajes entre el estado de excepci\u00f3n y el Estado-guerra"}]},{"@type":"WebSite","@id":"https:\/\/zapateneo.net\/wordpress\/#website","url":"https:\/\/zapateneo.net\/wordpress\/","name":"Zapateneo","description":"Zapateneoaren webgunea","publisher":{"@id":"https:\/\/zapateneo.net\/wordpress\/#organization"},"potentialAction":[{"@type":"SearchAction","target":{"@type":"EntryPoint","urlTemplate":"https:\/\/zapateneo.net\/wordpress\/?s={search_term_string}"},"query-input":{"@type":"PropertyValueSpecification","valueRequired":true,"valueName":"search_term_string"}}],"inLanguage":"es"},{"@type":"Organization","@id":"https:\/\/zapateneo.net\/wordpress\/#organization","name":"Zapateneo Kultur Elkartea","url":"https:\/\/zapateneo.net\/wordpress\/","logo":{"@type":"ImageObject","inLanguage":"es","@id":"https:\/\/zapateneo.net\/wordpress\/#\/schema\/logo\/image\/","url":"https:\/\/zapateneo.net\/wordpress\/wp-content\/uploads\/2021\/04\/zap-libu-kolec.jpg","contentUrl":"https:\/\/zapateneo.net\/wordpress\/wp-content\/uploads\/2021\/04\/zap-libu-kolec.jpg","width":2234,"height":398,"caption":"Zapateneo Kultur Elkartea"},"image":{"@id":"https:\/\/zapateneo.net\/wordpress\/#\/schema\/logo\/image\/"},"sameAs":["https:\/\/x.com\/zapateneo"]}]}},"_links":{"self":[{"href":"https:\/\/zapateneo.net\/wordpress\/index.php\/wp-json\/wp\/v2\/product\/969","targetHints":{"allow":["GET"]}}],"collection":[{"href":"https:\/\/zapateneo.net\/wordpress\/index.php\/wp-json\/wp\/v2\/product"}],"about":[{"href":"https:\/\/zapateneo.net\/wordpress\/index.php\/wp-json\/wp\/v2\/types\/product"}],"wp:featuredmedia":[{"embeddable":true,"href":"https:\/\/zapateneo.net\/wordpress\/index.php\/wp-json\/wp\/v2\/media\/1010"}],"wp:attachment":[{"href":"https:\/\/zapateneo.net\/wordpress\/index.php\/wp-json\/wp\/v2\/media?parent=969"}],"wp:term":[{"taxonomy":"product_brand","embeddable":true,"href":"https:\/\/zapateneo.net\/wordpress\/index.php\/wp-json\/wp\/v2\/product_brand?post=969"},{"taxonomy":"product_cat","embeddable":true,"href":"https:\/\/zapateneo.net\/wordpress\/index.php\/wp-json\/wp\/v2\/product_cat?post=969"},{"taxonomy":"product_tag","embeddable":true,"href":"https:\/\/zapateneo.net\/wordpress\/index.php\/wp-json\/wp\/v2\/product_tag?post=969"}],"curies":[{"name":"wp","href":"https:\/\/api.w.org\/{rel}","templated":true}]}}