{"id":9681,"date":"2021-10-11T18:39:36","date_gmt":"2021-10-11T17:39:36","guid":{"rendered":"https:\/\/zapateneo.net\/wordpress\/?post_type=product&#038;p=9681"},"modified":"2021-12-11T19:18:07","modified_gmt":"2021-12-11T18:18:07","slug":"viet-nam-revolucion-y-contrarrevolucion-bajo-el-dominio-colonial-etcetera-8","status":"publish","type":"product","link":"https:\/\/zapateneo.net\/wordpress\/index.php\/producto\/viet-nam-revolucion-y-contrarrevolucion-bajo-el-dominio-colonial-etcetera-8\/","title":{"rendered":"VIET-NAM. revoluci\u00f3n y contrarrevoluci\u00f3n bajo el dominio colonial. Etcetera  # 8"},"content":{"rendered":"<p>VIET-NAM. 1920-1945. R&eacute;volution et contre-r&eacute;volution sous la domination coloniale es un documento impresionante de historia social en Vietnam durante el per&iacute;odo 1920-1945. No tiene por tanto nada que ver con la mistificaci&oacute;n de la &laquo;heroica resistencia&raquo; dirigida por H&ocirc; Chi Minh contra el ej&eacute;rcito americano en los a&ntilde;os 60, ni por el per&iacute;odo ni por el estilo.<br \/>La memoria de Ngo Van, militante vietnamita del movimiento comunista de oposici&oacute;n desde 1932, cubre otro per&iacute;odo: el que va desde los primeros movimientos de liberaci&oacute;n nacional de los a&ntilde;os 20 hasta 1946, con el fracaso de la insurrecci&oacute;n de diciembre y el inicio de otra guerra de 30 a&ntilde;os. Mirada militante desde una posici&oacute;n trotskista, l&uacute;cida, al lado mismo del acontecimiento, que da cuenta pormenorizada de la lucha de los obreros y los campesinos para mejorar sus condiciones de vida durante la dominaci&oacute;n francesa, y de las vicisitudes de la militancia comunista reprimida por el stalinismo. Por su profusi&oacute;n de datos sobre huelgas, ocupaciones, manifestaciones, organizaciones, publicaciones, &#8230; el libro de Ngo Van se convierte en un documento imprescindible para conocer el movimiento social vietnamita durante estos a&ntilde;os, as&iacute; como para escribir la historia no oficial del partido comunista de H&ocirc; Chi Minh bajo la &eacute;gida de Stalin, y para escribir la historia de la IV Internacional en Indochina.<br \/>El relato hist&oacute;rico empieza en los a&ntilde;os 20 con los primeros movimientos nacionales en la emigraci&oacute;n estudiantil<br \/>\n en Francia y tambi&eacute;n dentro del pa&iacute;s, para situar el nacimiento del partido comunista indochino en 1930, bajo la direcci&oacute;n de Nguyen ai Quoc, que despu&eacute;s tomar&aacute; el nombre de H&ocirc; Chi Minh, representante del Komintern. Los a&ntilde;os 30 son a&ntilde;os de crisis econ&oacute;mica y de explosi&oacute;n social seguida de una fuerte represi&oacute;n de obreros y campesinos. Es durante estos a&ntilde;os cuando se constituye la secci&oacute;n indochina de la Oposici&oacute;n de izquierda que se separar&aacute; de la III Internacional hasta formar la IV Internacional.<br \/>La llegada en Francia del Frente Popular en 1936, sacude el imperio colonial. El amplio movimiento de ocupaciones de los obreros franceses repercute en la colonia: se forman comit&eacute;s de acci&oacute;n y se generaliza la ocupaci&oacute;n de f&aacute;bricas, hasta que un decreto del gobierno Blum-Moutet, otorgando algunas concesiones a los obreros (prohibici&oacute;n de emplear a menores de 12 a&ntilde;os, mejoras para las mujeres embarazadas, establecimiento de un salario m&iacute;nimo,&#8230;) logra paralizar el movimiento que, finalmente, no logra trastocar el aparato de dominio colonial. El partido comunista es legalizado y pugna con los trotskistas (son los a&ntilde;os de los procesos de Mosc&uacute;) que no escapan a la condena de Stalin.<br \/>Con el pacto de no-agresi&oacute;n germano-sovi&eacute;tico de agosto de 1939 cambia el panorama. En setiembre las tropas nazis entran en Polonia y se decreta la movilizaci&oacute;n en Francia y en Indochina. Se prohibe el partido comunista. Bajo la ocupaci&oacute;n japonesa el partido comunista vuelve al lenguaje antiimperialista de 1935 contra el imperio franc&eacute;s. Hambre y lucha por la subsistencia en las ciudades y en el campo. Creaci&oacute;n del Viet minh y relaci&oacute;n con los americanos y con De Gaulle por parte de H&ocirc; Chi Minh que lleva al Viet minh al poder en 1945 tras la victoria aliada. Insurrecci&oacute;n en Hanoi, diciembre de 1946 que es finalmente destruida por el ej&eacute;rcito franc&eacute;s. H&ocirc; Chi Minh toma el camino del maquis: inicio de una nueva guerra de 30 a&ntilde;os con su cortejo de horrores y masacres.<br \/>En el &uacute;ltimo cap&iacute;tulo, Ngo Van lanza una mirada al presente y se pregunta qu&eacute; clase de victoria fue aquella que cambi&oacute; unos due&ntilde;os por otros: la burocracia vietnamita que domina la llamada &laquo;Rep&uacute;blica Socialista del Vietnam&raquo;, que procede de la clase media cultivada, due&ntilde;a del Partido-Estado. Cap&iacute;tulo que aqu&iacute; publicamos.<\/p>\n<p>&nbsp;<\/p>\n<p><a href=\"http:\/\/www.sindominio.net\/etcetera\/PUBLICACIONES\/minimas\/vietnam.doc\" target=\"_blank\" rel=\"noopener\">Descargar<\/a><\/p>\n","protected":false},"excerpt":{"rendered":"<p><strong>NGO VAN<\/strong><br \/>\n2006052500183 &#8211; ETC &#8211;  &#8211; 28 p\u00e1ginas \/orri.<\/p>\n","protected":false},"featured_media":0,"template":"","meta":[],"product_brand":[],"product_cat":[185,166],"product_tag":[1924,5008],"class_list":{"0":"post-9681","1":"product","2":"type-product","3":"status-publish","5":"product_cat-historia","6":"product_cat-panfletos-panfletoak","7":"product_tag-etc","8":"product_tag-ngo-van","10":"first","11":"instock","12":"sold-individually","13":"shipping-taxable","14":"purchasable","15":"product-type-simple"},"yoast_head":"<!-- This site is optimized with the Yoast SEO plugin v27.3 - https:\/\/yoast.com\/product\/yoast-seo-wordpress\/ -->\n<title>VIET-NAM. revoluci\u00f3n y contrarrevoluci\u00f3n bajo el dominio colonial. Etcetera # 8 &#8212; Zapateneo<\/title>\n<meta name=\"robots\" content=\"index, follow, max-snippet:-1, max-image-preview:large, max-video-preview:-1\" \/>\n<link rel=\"canonical\" href=\"https:\/\/zapateneo.net\/wordpress\/index.php\/producto\/viet-nam-revolucion-y-contrarrevolucion-bajo-el-dominio-colonial-etcetera-8\/\" \/>\n<meta property=\"og:locale\" content=\"es_ES\" \/>\n<meta property=\"og:type\" content=\"article\" \/>\n<meta property=\"og:title\" content=\"VIET-NAM. revoluci\u00f3n y contrarrevoluci\u00f3n bajo el dominio colonial. Etcetera # 8 &#8212; Zapateneo\" \/>\n<meta property=\"og:description\" content=\"NGO VAN 2006052500183 - ETC - - 28 p\u00e1ginas \/orri.\" \/>\n<meta property=\"og:url\" content=\"https:\/\/zapateneo.net\/wordpress\/index.php\/producto\/viet-nam-revolucion-y-contrarrevolucion-bajo-el-dominio-colonial-etcetera-8\/\" \/>\n<meta property=\"og:site_name\" content=\"Zapateneo\" \/>\n<meta property=\"article:modified_time\" content=\"2021-12-11T18:18:07+00:00\" \/>\n<meta name=\"twitter:card\" content=\"summary_large_image\" \/>\n<meta name=\"twitter:site\" content=\"@zapateneo\" \/>\n<meta name=\"twitter:label1\" content=\"Tiempo de lectura\" \/>\n\t<meta name=\"twitter:data1\" content=\"4 minutos\" \/>\n<script type=\"application\/ld+json\" class=\"yoast-schema-graph\">{\"@context\":\"https:\\\/\\\/schema.org\",\"@graph\":[{\"@type\":\"WebPage\",\"@id\":\"https:\\\/\\\/zapateneo.net\\\/wordpress\\\/index.php\\\/producto\\\/viet-nam-revolucion-y-contrarrevolucion-bajo-el-dominio-colonial-etcetera-8\\\/\",\"url\":\"https:\\\/\\\/zapateneo.net\\\/wordpress\\\/index.php\\\/producto\\\/viet-nam-revolucion-y-contrarrevolucion-bajo-el-dominio-colonial-etcetera-8\\\/\",\"name\":\"VIET-NAM. revoluci\u00f3n y contrarrevoluci\u00f3n bajo el dominio colonial. Etcetera # 8 &#8212; Zapateneo\",\"isPartOf\":{\"@id\":\"https:\\\/\\\/zapateneo.net\\\/wordpress\\\/#website\"},\"datePublished\":\"2021-10-11T17:39:36+00:00\",\"dateModified\":\"2021-12-11T18:18:07+00:00\",\"breadcrumb\":{\"@id\":\"https:\\\/\\\/zapateneo.net\\\/wordpress\\\/index.php\\\/producto\\\/viet-nam-revolucion-y-contrarrevolucion-bajo-el-dominio-colonial-etcetera-8\\\/#breadcrumb\"},\"inLanguage\":\"es\",\"potentialAction\":[{\"@type\":\"ReadAction\",\"target\":[\"https:\\\/\\\/zapateneo.net\\\/wordpress\\\/index.php\\\/producto\\\/viet-nam-revolucion-y-contrarrevolucion-bajo-el-dominio-colonial-etcetera-8\\\/\"]}]},{\"@type\":\"BreadcrumbList\",\"@id\":\"https:\\\/\\\/zapateneo.net\\\/wordpress\\\/index.php\\\/producto\\\/viet-nam-revolucion-y-contrarrevolucion-bajo-el-dominio-colonial-etcetera-8\\\/#breadcrumb\",\"itemListElement\":[{\"@type\":\"ListItem\",\"position\":1,\"name\":\"Portada\",\"item\":\"https:\\\/\\\/zapateneo.net\\\/wordpress\\\/\"},{\"@type\":\"ListItem\",\"position\":2,\"name\":\"Tienda\",\"item\":\"https:\\\/\\\/zapateneo.net\\\/wordpress\\\/\"},{\"@type\":\"ListItem\",\"position\":3,\"name\":\"VIET-NAM. revoluci\u00f3n y contrarrevoluci\u00f3n bajo el dominio colonial. Etcetera # 8\"}]},{\"@type\":\"WebSite\",\"@id\":\"https:\\\/\\\/zapateneo.net\\\/wordpress\\\/#website\",\"url\":\"https:\\\/\\\/zapateneo.net\\\/wordpress\\\/\",\"name\":\"Zapateneo\",\"description\":\"Zapateneoaren webgunea\",\"publisher\":{\"@id\":\"https:\\\/\\\/zapateneo.net\\\/wordpress\\\/#organization\"},\"potentialAction\":[{\"@type\":\"SearchAction\",\"target\":{\"@type\":\"EntryPoint\",\"urlTemplate\":\"https:\\\/\\\/zapateneo.net\\\/wordpress\\\/?s={search_term_string}\"},\"query-input\":{\"@type\":\"PropertyValueSpecification\",\"valueRequired\":true,\"valueName\":\"search_term_string\"}}],\"inLanguage\":\"es\"},{\"@type\":\"Organization\",\"@id\":\"https:\\\/\\\/zapateneo.net\\\/wordpress\\\/#organization\",\"name\":\"Zapateneo Kultur Elkartea\",\"url\":\"https:\\\/\\\/zapateneo.net\\\/wordpress\\\/\",\"logo\":{\"@type\":\"ImageObject\",\"inLanguage\":\"es\",\"@id\":\"https:\\\/\\\/zapateneo.net\\\/wordpress\\\/#\\\/schema\\\/logo\\\/image\\\/\",\"url\":\"https:\\\/\\\/zapateneo.net\\\/wordpress\\\/wp-content\\\/uploads\\\/2021\\\/04\\\/zap-libu-kolec.jpg\",\"contentUrl\":\"https:\\\/\\\/zapateneo.net\\\/wordpress\\\/wp-content\\\/uploads\\\/2021\\\/04\\\/zap-libu-kolec.jpg\",\"width\":2234,\"height\":398,\"caption\":\"Zapateneo Kultur Elkartea\"},\"image\":{\"@id\":\"https:\\\/\\\/zapateneo.net\\\/wordpress\\\/#\\\/schema\\\/logo\\\/image\\\/\"},\"sameAs\":[\"https:\\\/\\\/x.com\\\/zapateneo\"]}]}<\/script>\n<!-- \/ Yoast SEO plugin. -->","yoast_head_json":{"title":"VIET-NAM. revoluci\u00f3n y contrarrevoluci\u00f3n bajo el dominio colonial. Etcetera # 8 &#8212; Zapateneo","robots":{"index":"index","follow":"follow","max-snippet":"max-snippet:-1","max-image-preview":"max-image-preview:large","max-video-preview":"max-video-preview:-1"},"canonical":"https:\/\/zapateneo.net\/wordpress\/index.php\/producto\/viet-nam-revolucion-y-contrarrevolucion-bajo-el-dominio-colonial-etcetera-8\/","og_locale":"es_ES","og_type":"article","og_title":"VIET-NAM. revoluci\u00f3n y contrarrevoluci\u00f3n bajo el dominio colonial. Etcetera # 8 &#8212; Zapateneo","og_description":"NGO VAN 2006052500183 - ETC - - 28 p\u00e1ginas \/orri.","og_url":"https:\/\/zapateneo.net\/wordpress\/index.php\/producto\/viet-nam-revolucion-y-contrarrevolucion-bajo-el-dominio-colonial-etcetera-8\/","og_site_name":"Zapateneo","article_modified_time":"2021-12-11T18:18:07+00:00","twitter_card":"summary_large_image","twitter_site":"@zapateneo","twitter_misc":{"Tiempo de lectura":"4 minutos"},"schema":{"@context":"https:\/\/schema.org","@graph":[{"@type":"WebPage","@id":"https:\/\/zapateneo.net\/wordpress\/index.php\/producto\/viet-nam-revolucion-y-contrarrevolucion-bajo-el-dominio-colonial-etcetera-8\/","url":"https:\/\/zapateneo.net\/wordpress\/index.php\/producto\/viet-nam-revolucion-y-contrarrevolucion-bajo-el-dominio-colonial-etcetera-8\/","name":"VIET-NAM. revoluci\u00f3n y contrarrevoluci\u00f3n bajo el dominio colonial. Etcetera # 8 &#8212; Zapateneo","isPartOf":{"@id":"https:\/\/zapateneo.net\/wordpress\/#website"},"datePublished":"2021-10-11T17:39:36+00:00","dateModified":"2021-12-11T18:18:07+00:00","breadcrumb":{"@id":"https:\/\/zapateneo.net\/wordpress\/index.php\/producto\/viet-nam-revolucion-y-contrarrevolucion-bajo-el-dominio-colonial-etcetera-8\/#breadcrumb"},"inLanguage":"es","potentialAction":[{"@type":"ReadAction","target":["https:\/\/zapateneo.net\/wordpress\/index.php\/producto\/viet-nam-revolucion-y-contrarrevolucion-bajo-el-dominio-colonial-etcetera-8\/"]}]},{"@type":"BreadcrumbList","@id":"https:\/\/zapateneo.net\/wordpress\/index.php\/producto\/viet-nam-revolucion-y-contrarrevolucion-bajo-el-dominio-colonial-etcetera-8\/#breadcrumb","itemListElement":[{"@type":"ListItem","position":1,"name":"Portada","item":"https:\/\/zapateneo.net\/wordpress\/"},{"@type":"ListItem","position":2,"name":"Tienda","item":"https:\/\/zapateneo.net\/wordpress\/"},{"@type":"ListItem","position":3,"name":"VIET-NAM. revoluci\u00f3n y contrarrevoluci\u00f3n bajo el dominio colonial. Etcetera # 8"}]},{"@type":"WebSite","@id":"https:\/\/zapateneo.net\/wordpress\/#website","url":"https:\/\/zapateneo.net\/wordpress\/","name":"Zapateneo","description":"Zapateneoaren webgunea","publisher":{"@id":"https:\/\/zapateneo.net\/wordpress\/#organization"},"potentialAction":[{"@type":"SearchAction","target":{"@type":"EntryPoint","urlTemplate":"https:\/\/zapateneo.net\/wordpress\/?s={search_term_string}"},"query-input":{"@type":"PropertyValueSpecification","valueRequired":true,"valueName":"search_term_string"}}],"inLanguage":"es"},{"@type":"Organization","@id":"https:\/\/zapateneo.net\/wordpress\/#organization","name":"Zapateneo Kultur Elkartea","url":"https:\/\/zapateneo.net\/wordpress\/","logo":{"@type":"ImageObject","inLanguage":"es","@id":"https:\/\/zapateneo.net\/wordpress\/#\/schema\/logo\/image\/","url":"https:\/\/zapateneo.net\/wordpress\/wp-content\/uploads\/2021\/04\/zap-libu-kolec.jpg","contentUrl":"https:\/\/zapateneo.net\/wordpress\/wp-content\/uploads\/2021\/04\/zap-libu-kolec.jpg","width":2234,"height":398,"caption":"Zapateneo Kultur Elkartea"},"image":{"@id":"https:\/\/zapateneo.net\/wordpress\/#\/schema\/logo\/image\/"},"sameAs":["https:\/\/x.com\/zapateneo"]}]}},"_links":{"self":[{"href":"https:\/\/zapateneo.net\/wordpress\/index.php\/wp-json\/wp\/v2\/product\/9681","targetHints":{"allow":["GET"]}}],"collection":[{"href":"https:\/\/zapateneo.net\/wordpress\/index.php\/wp-json\/wp\/v2\/product"}],"about":[{"href":"https:\/\/zapateneo.net\/wordpress\/index.php\/wp-json\/wp\/v2\/types\/product"}],"wp:attachment":[{"href":"https:\/\/zapateneo.net\/wordpress\/index.php\/wp-json\/wp\/v2\/media?parent=9681"}],"wp:term":[{"taxonomy":"product_brand","embeddable":true,"href":"https:\/\/zapateneo.net\/wordpress\/index.php\/wp-json\/wp\/v2\/product_brand?post=9681"},{"taxonomy":"product_cat","embeddable":true,"href":"https:\/\/zapateneo.net\/wordpress\/index.php\/wp-json\/wp\/v2\/product_cat?post=9681"},{"taxonomy":"product_tag","embeddable":true,"href":"https:\/\/zapateneo.net\/wordpress\/index.php\/wp-json\/wp\/v2\/product_tag?post=9681"}],"curies":[{"name":"wp","href":"https:\/\/api.w.org\/{rel}","templated":true}]}}