{"id":9675,"date":"2021-10-11T18:39:35","date_gmt":"2021-10-11T17:39:35","guid":{"rendered":"https:\/\/zapateneo.net\/wordpress\/?post_type=product&#038;p=9675"},"modified":"2021-12-11T19:20:41","modified_gmt":"2021-12-11T18:20:41","slug":"una-sublevacion-proletaria-en-la-florencia-del-siglo-xiv-etcetera-53","status":"publish","type":"product","link":"https:\/\/zapateneo.net\/wordpress\/index.php\/producto\/una-sublevacion-proletaria-en-la-florencia-del-siglo-xiv-etcetera-53\/","title":{"rendered":"UNA SUBLEVACION PROLETARIA EN LA FLORENCIA DEL SIGLO XIV. ETCETERA # 53"},"content":{"rendered":"<p>El final del siglo XIV fue, de una manera general, en Europa, un periodo de revueltas sociales y de sublevaciones populares.<br \/>\nLos pa\u00edses donde el movimiento fue m\u00e1s violento fueron<br \/>\naquellos que se encontraban entre los econ\u00f3micamente m\u00e1s<br \/>\navanzados, es decir, Flandes e Italia; en Florencia, ciudad de grandes comerciantes pa\u00f1eros y manufactureros de la lana,<br \/>\ntom\u00f3 la forma de una verdadera insurrecci\u00f3n proletaria, que<br \/>\ntuvo un momento victorioso. Esta insurrecci\u00f3n conocida con el nombre de la sublevaci\u00f3n de los Ciompi, es sin duda, la primera de las insurrecciones proletarias. Por eso merece ser estudiada y a\u00fan m\u00e1s porque ya presenta, con una notable pureza, los rasgos espec\u00edficos que m\u00e1s tarde encontraremos en los grandes movimientos de la clase obrera, entonces apenas constituida, y que aparece as\u00ed como conteniendo un factor revolucionario desde su aparici\u00f3n.<\/p>\n","protected":false},"excerpt":{"rendered":"<p><strong>NICOLAS MAQUIAVELO  &#038; SIMONE WEIL<\/strong><br \/>\n2006122200029 &#8211; ETC &#8211; 2006 &#8211; 44 p\u00e1ginas \/orri.<\/p>\n","protected":false},"featured_media":0,"template":"","meta":[],"product_brand":[],"product_cat":[185,166],"product_tag":[1924,5004],"class_list":{"0":"post-9675","1":"product","2":"type-product","3":"status-publish","5":"product_cat-historia","6":"product_cat-panfletos-panfletoak","7":"product_tag-etc","8":"product_tag-nicolas-maquiavelo-simone-weil","10":"first","11":"instock","12":"sold-individually","13":"shipping-taxable","14":"purchasable","15":"product-type-simple"},"yoast_head":"<!-- This site is optimized with the Yoast SEO plugin v27.3 - https:\/\/yoast.com\/product\/yoast-seo-wordpress\/ -->\n<title>UNA SUBLEVACION PROLETARIA EN LA FLORENCIA DEL SIGLO XIV. ETCETERA # 53 &#8212; Zapateneo<\/title>\n<meta name=\"robots\" content=\"index, follow, max-snippet:-1, max-image-preview:large, max-video-preview:-1\" \/>\n<link rel=\"canonical\" href=\"https:\/\/zapateneo.net\/wordpress\/index.php\/producto\/una-sublevacion-proletaria-en-la-florencia-del-siglo-xiv-etcetera-53\/\" \/>\n<meta property=\"og:locale\" content=\"es_ES\" \/>\n<meta property=\"og:type\" content=\"article\" \/>\n<meta property=\"og:title\" content=\"UNA SUBLEVACION PROLETARIA EN LA FLORENCIA DEL SIGLO XIV. ETCETERA # 53 &#8212; Zapateneo\" \/>\n<meta property=\"og:description\" content=\"NICOLAS MAQUIAVELO &amp; SIMONE WEIL 2006122200029 - ETC - 2006 - 44 p\u00e1ginas \/orri.\" \/>\n<meta property=\"og:url\" content=\"https:\/\/zapateneo.net\/wordpress\/index.php\/producto\/una-sublevacion-proletaria-en-la-florencia-del-siglo-xiv-etcetera-53\/\" \/>\n<meta property=\"og:site_name\" content=\"Zapateneo\" \/>\n<meta property=\"article:modified_time\" content=\"2021-12-11T18:20:41+00:00\" \/>\n<meta name=\"twitter:card\" content=\"summary_large_image\" \/>\n<meta name=\"twitter:site\" content=\"@zapateneo\" \/>\n<meta name=\"twitter:label1\" content=\"Tiempo de lectura\" \/>\n\t<meta name=\"twitter:data1\" content=\"1 minuto\" \/>\n<script type=\"application\/ld+json\" class=\"yoast-schema-graph\">{\"@context\":\"https:\\\/\\\/schema.org\",\"@graph\":[{\"@type\":\"WebPage\",\"@id\":\"https:\\\/\\\/zapateneo.net\\\/wordpress\\\/index.php\\\/producto\\\/una-sublevacion-proletaria-en-la-florencia-del-siglo-xiv-etcetera-53\\\/\",\"url\":\"https:\\\/\\\/zapateneo.net\\\/wordpress\\\/index.php\\\/producto\\\/una-sublevacion-proletaria-en-la-florencia-del-siglo-xiv-etcetera-53\\\/\",\"name\":\"UNA SUBLEVACION PROLETARIA EN LA FLORENCIA DEL SIGLO XIV. ETCETERA # 53 &#8212; Zapateneo\",\"isPartOf\":{\"@id\":\"https:\\\/\\\/zapateneo.net\\\/wordpress\\\/#website\"},\"datePublished\":\"2021-10-11T17:39:35+00:00\",\"dateModified\":\"2021-12-11T18:20:41+00:00\",\"breadcrumb\":{\"@id\":\"https:\\\/\\\/zapateneo.net\\\/wordpress\\\/index.php\\\/producto\\\/una-sublevacion-proletaria-en-la-florencia-del-siglo-xiv-etcetera-53\\\/#breadcrumb\"},\"inLanguage\":\"es\",\"potentialAction\":[{\"@type\":\"ReadAction\",\"target\":[\"https:\\\/\\\/zapateneo.net\\\/wordpress\\\/index.php\\\/producto\\\/una-sublevacion-proletaria-en-la-florencia-del-siglo-xiv-etcetera-53\\\/\"]}]},{\"@type\":\"BreadcrumbList\",\"@id\":\"https:\\\/\\\/zapateneo.net\\\/wordpress\\\/index.php\\\/producto\\\/una-sublevacion-proletaria-en-la-florencia-del-siglo-xiv-etcetera-53\\\/#breadcrumb\",\"itemListElement\":[{\"@type\":\"ListItem\",\"position\":1,\"name\":\"Portada\",\"item\":\"https:\\\/\\\/zapateneo.net\\\/wordpress\\\/\"},{\"@type\":\"ListItem\",\"position\":2,\"name\":\"Tienda\",\"item\":\"https:\\\/\\\/zapateneo.net\\\/wordpress\\\/\"},{\"@type\":\"ListItem\",\"position\":3,\"name\":\"UNA SUBLEVACION PROLETARIA EN LA FLORENCIA DEL SIGLO XIV. ETCETERA # 53\"}]},{\"@type\":\"WebSite\",\"@id\":\"https:\\\/\\\/zapateneo.net\\\/wordpress\\\/#website\",\"url\":\"https:\\\/\\\/zapateneo.net\\\/wordpress\\\/\",\"name\":\"Zapateneo\",\"description\":\"Zapateneoaren webgunea\",\"publisher\":{\"@id\":\"https:\\\/\\\/zapateneo.net\\\/wordpress\\\/#organization\"},\"potentialAction\":[{\"@type\":\"SearchAction\",\"target\":{\"@type\":\"EntryPoint\",\"urlTemplate\":\"https:\\\/\\\/zapateneo.net\\\/wordpress\\\/?s={search_term_string}\"},\"query-input\":{\"@type\":\"PropertyValueSpecification\",\"valueRequired\":true,\"valueName\":\"search_term_string\"}}],\"inLanguage\":\"es\"},{\"@type\":\"Organization\",\"@id\":\"https:\\\/\\\/zapateneo.net\\\/wordpress\\\/#organization\",\"name\":\"Zapateneo Kultur Elkartea\",\"url\":\"https:\\\/\\\/zapateneo.net\\\/wordpress\\\/\",\"logo\":{\"@type\":\"ImageObject\",\"inLanguage\":\"es\",\"@id\":\"https:\\\/\\\/zapateneo.net\\\/wordpress\\\/#\\\/schema\\\/logo\\\/image\\\/\",\"url\":\"https:\\\/\\\/zapateneo.net\\\/wordpress\\\/wp-content\\\/uploads\\\/2021\\\/04\\\/zap-libu-kolec.jpg\",\"contentUrl\":\"https:\\\/\\\/zapateneo.net\\\/wordpress\\\/wp-content\\\/uploads\\\/2021\\\/04\\\/zap-libu-kolec.jpg\",\"width\":2234,\"height\":398,\"caption\":\"Zapateneo Kultur Elkartea\"},\"image\":{\"@id\":\"https:\\\/\\\/zapateneo.net\\\/wordpress\\\/#\\\/schema\\\/logo\\\/image\\\/\"},\"sameAs\":[\"https:\\\/\\\/x.com\\\/zapateneo\"]}]}<\/script>\n<!-- \/ Yoast SEO plugin. -->","yoast_head_json":{"title":"UNA SUBLEVACION PROLETARIA EN LA FLORENCIA DEL SIGLO XIV. ETCETERA # 53 &#8212; Zapateneo","robots":{"index":"index","follow":"follow","max-snippet":"max-snippet:-1","max-image-preview":"max-image-preview:large","max-video-preview":"max-video-preview:-1"},"canonical":"https:\/\/zapateneo.net\/wordpress\/index.php\/producto\/una-sublevacion-proletaria-en-la-florencia-del-siglo-xiv-etcetera-53\/","og_locale":"es_ES","og_type":"article","og_title":"UNA SUBLEVACION PROLETARIA EN LA FLORENCIA DEL SIGLO XIV. ETCETERA # 53 &#8212; Zapateneo","og_description":"NICOLAS MAQUIAVELO & SIMONE WEIL 2006122200029 - ETC - 2006 - 44 p\u00e1ginas \/orri.","og_url":"https:\/\/zapateneo.net\/wordpress\/index.php\/producto\/una-sublevacion-proletaria-en-la-florencia-del-siglo-xiv-etcetera-53\/","og_site_name":"Zapateneo","article_modified_time":"2021-12-11T18:20:41+00:00","twitter_card":"summary_large_image","twitter_site":"@zapateneo","twitter_misc":{"Tiempo de lectura":"1 minuto"},"schema":{"@context":"https:\/\/schema.org","@graph":[{"@type":"WebPage","@id":"https:\/\/zapateneo.net\/wordpress\/index.php\/producto\/una-sublevacion-proletaria-en-la-florencia-del-siglo-xiv-etcetera-53\/","url":"https:\/\/zapateneo.net\/wordpress\/index.php\/producto\/una-sublevacion-proletaria-en-la-florencia-del-siglo-xiv-etcetera-53\/","name":"UNA SUBLEVACION PROLETARIA EN LA FLORENCIA DEL SIGLO XIV. ETCETERA # 53 &#8212; Zapateneo","isPartOf":{"@id":"https:\/\/zapateneo.net\/wordpress\/#website"},"datePublished":"2021-10-11T17:39:35+00:00","dateModified":"2021-12-11T18:20:41+00:00","breadcrumb":{"@id":"https:\/\/zapateneo.net\/wordpress\/index.php\/producto\/una-sublevacion-proletaria-en-la-florencia-del-siglo-xiv-etcetera-53\/#breadcrumb"},"inLanguage":"es","potentialAction":[{"@type":"ReadAction","target":["https:\/\/zapateneo.net\/wordpress\/index.php\/producto\/una-sublevacion-proletaria-en-la-florencia-del-siglo-xiv-etcetera-53\/"]}]},{"@type":"BreadcrumbList","@id":"https:\/\/zapateneo.net\/wordpress\/index.php\/producto\/una-sublevacion-proletaria-en-la-florencia-del-siglo-xiv-etcetera-53\/#breadcrumb","itemListElement":[{"@type":"ListItem","position":1,"name":"Portada","item":"https:\/\/zapateneo.net\/wordpress\/"},{"@type":"ListItem","position":2,"name":"Tienda","item":"https:\/\/zapateneo.net\/wordpress\/"},{"@type":"ListItem","position":3,"name":"UNA SUBLEVACION PROLETARIA EN LA FLORENCIA DEL SIGLO XIV. ETCETERA # 53"}]},{"@type":"WebSite","@id":"https:\/\/zapateneo.net\/wordpress\/#website","url":"https:\/\/zapateneo.net\/wordpress\/","name":"Zapateneo","description":"Zapateneoaren webgunea","publisher":{"@id":"https:\/\/zapateneo.net\/wordpress\/#organization"},"potentialAction":[{"@type":"SearchAction","target":{"@type":"EntryPoint","urlTemplate":"https:\/\/zapateneo.net\/wordpress\/?s={search_term_string}"},"query-input":{"@type":"PropertyValueSpecification","valueRequired":true,"valueName":"search_term_string"}}],"inLanguage":"es"},{"@type":"Organization","@id":"https:\/\/zapateneo.net\/wordpress\/#organization","name":"Zapateneo Kultur Elkartea","url":"https:\/\/zapateneo.net\/wordpress\/","logo":{"@type":"ImageObject","inLanguage":"es","@id":"https:\/\/zapateneo.net\/wordpress\/#\/schema\/logo\/image\/","url":"https:\/\/zapateneo.net\/wordpress\/wp-content\/uploads\/2021\/04\/zap-libu-kolec.jpg","contentUrl":"https:\/\/zapateneo.net\/wordpress\/wp-content\/uploads\/2021\/04\/zap-libu-kolec.jpg","width":2234,"height":398,"caption":"Zapateneo Kultur Elkartea"},"image":{"@id":"https:\/\/zapateneo.net\/wordpress\/#\/schema\/logo\/image\/"},"sameAs":["https:\/\/x.com\/zapateneo"]}]}},"_links":{"self":[{"href":"https:\/\/zapateneo.net\/wordpress\/index.php\/wp-json\/wp\/v2\/product\/9675","targetHints":{"allow":["GET"]}}],"collection":[{"href":"https:\/\/zapateneo.net\/wordpress\/index.php\/wp-json\/wp\/v2\/product"}],"about":[{"href":"https:\/\/zapateneo.net\/wordpress\/index.php\/wp-json\/wp\/v2\/types\/product"}],"wp:attachment":[{"href":"https:\/\/zapateneo.net\/wordpress\/index.php\/wp-json\/wp\/v2\/media?parent=9675"}],"wp:term":[{"taxonomy":"product_brand","embeddable":true,"href":"https:\/\/zapateneo.net\/wordpress\/index.php\/wp-json\/wp\/v2\/product_brand?post=9675"},{"taxonomy":"product_cat","embeddable":true,"href":"https:\/\/zapateneo.net\/wordpress\/index.php\/wp-json\/wp\/v2\/product_cat?post=9675"},{"taxonomy":"product_tag","embeddable":true,"href":"https:\/\/zapateneo.net\/wordpress\/index.php\/wp-json\/wp\/v2\/product_tag?post=9675"}],"curies":[{"name":"wp","href":"https:\/\/api.w.org\/{rel}","templated":true}]}}