{"id":96,"date":"2021-04-05T12:50:43","date_gmt":"2021-04-05T11:50:43","guid":{"rendered":"https:\/\/zapateneo.net\/wordpress\/?post_type=product&#038;p=96"},"modified":"2023-07-25T18:18:01","modified_gmt":"2023-07-25T17:18:01","slug":"queremos-libertad-una-vida-en-los-panteras-negras","status":"publish","type":"product","link":"https:\/\/zapateneo.net\/wordpress\/index.php\/producto\/queremos-libertad-una-vida-en-los-panteras-negras\/","title":{"rendered":"Queremos Libertad &#8211; Una vida en los Panteras Negras"},"content":{"rendered":"<p>En tanto que joven Pantera Negra, Mumia Abu-Jamal ayud\u00f3 a fundar el Black Panther Party (BPP) en Filadelfia, colabor\u00f3 con su diario, The Black Panther, y comenz\u00f3 as\u00ed una vida dedicada enteramente a la lucha por la libertad. En Queremos libertad Mumia combina sus recuerdos de la vida cotidiana en el Partido con el an\u00e1lisis de la historia de las luchas por la liberaci\u00f3n negra. El resultado es una v\u00edvida y completa visi\u00f3n del Partido Pantera Negra. La historia del BPP es dif\u00edcil de sintetizar, puesto que no es la historia del t\u00edpico partido de vanguardia, sino el intento de construir desde lo comunitario una forma de contrapoder que significase desde ya una forma de liberaci\u00f3n. Esto se refleja tanto en las patrullas de control de la actividad represiva de la polic\u00eda como en los numerosos programas de apoyo en las comunidades negras: comedores populares, atenci\u00f3n sanitaria, ayuda a la tercera edad, formaci\u00f3n pol\u00edtica&#8230; El crecimiento rapid\u00edsimo del Partido, a finales de los sesenta e inicios de los setenta, llen\u00f3 de esperanza a una parte importante de la poblaci\u00f3n negra estadounidense, y rebas\u00f3 con su energ\u00eda, originalidad y creatividad las fronteras de EE. UU., para servir como referente a otras minor\u00edas oprimidas en el mundo, en un momento en que crec\u00edan los movimientos de liberaci\u00f3n nacional en todas partes y la nueva izquierda contestataria en Occidente. El Partido es el producto contradictorio de esas tendencias en la izquierda del momento: nacionalismo antiimperialista, marxismo-leninismo, vanguardismo&#8230; pero tambi\u00e9n comunitarismo, liberaci\u00f3n personal, feminismo, antiautoritarismo&#8230; Tratado como un verdadero enemigo interno a liquidar, la CIA y el FBI se valieron de todos los medios de contrainsurgencia y de manipulaci\u00f3n, adem\u00e1s de la pura represi\u00f3n y asesinato, para aniquilarlo. \u00abEl agudo an\u00e1lisis que Mumia hace de los Panteras ofrece a los lectores una visi\u00f3n \u00fanica de una organizaci\u00f3n considerada por J. Edgar Hoover [director del FBI]\u00a0 la mayor amenaza a la seguridad interna del pa\u00eds \u00bb. Herb Boyd, editor de Race and Resistance y Black Panthers for Beginners MUMIA ABU-JAMAL es un reconocido periodista y ex miembro del Partido Pantera Negra, autor de numerosos libros.<\/p>\n","protected":false},"excerpt":{"rendered":"<p><strong>Mumia Abu Jama<\/strong><br \/>\n9788496044890 &#8211; Virus &#8211; &#8211; p\u00e1ginas \/orri.<\/p>\n","protected":false},"featured_media":125,"template":"","meta":[],"product_brand":[],"product_cat":[160,16],"product_tag":[58,57],"class_list":{"0":"post-96","1":"product","2":"type-product","3":"status-publish","4":"has-post-thumbnail","6":"product_cat-biografiak-biografias","7":"product_cat-libros","8":"product_tag-mumia-abu-jamal","9":"product_tag-virus","11":"first","12":"outofstock","13":"sold-individually","14":"shipping-taxable","15":"purchasable","16":"product-type-simple"},"yoast_head":"<!-- This site is optimized with the Yoast SEO plugin v27.3 - https:\/\/yoast.com\/product\/yoast-seo-wordpress\/ -->\n<title>Queremos Libertad - Una vida en los Panteras Negras &#8212; Zapateneo<\/title>\n<meta name=\"robots\" content=\"index, follow, max-snippet:-1, max-image-preview:large, max-video-preview:-1\" \/>\n<link rel=\"canonical\" href=\"https:\/\/zapateneo.net\/wordpress\/index.php\/producto\/queremos-libertad-una-vida-en-los-panteras-negras\/\" \/>\n<meta property=\"og:locale\" content=\"es_ES\" \/>\n<meta property=\"og:type\" content=\"article\" \/>\n<meta property=\"og:title\" content=\"Queremos Libertad - Una vida en los Panteras Negras &#8212; Zapateneo\" \/>\n<meta property=\"og:description\" content=\"Mumia Abu Jama 9788496044890 - Virus - - p\u00e1ginas \/orri.\" \/>\n<meta property=\"og:url\" content=\"https:\/\/zapateneo.net\/wordpress\/index.php\/producto\/queremos-libertad-una-vida-en-los-panteras-negras\/\" \/>\n<meta property=\"og:site_name\" content=\"Zapateneo\" \/>\n<meta property=\"article:modified_time\" content=\"2023-07-25T17:18:01+00:00\" \/>\n<meta property=\"og:image\" content=\"https:\/\/zapateneo.net\/wordpress\/wp-content\/uploads\/2021\/04\/5324.jpg\" \/>\n\t<meta property=\"og:image:width\" content=\"300\" \/>\n\t<meta property=\"og:image:height\" content=\"450\" \/>\n\t<meta property=\"og:image:type\" content=\"image\/jpeg\" \/>\n<meta name=\"twitter:card\" content=\"summary_large_image\" \/>\n<meta name=\"twitter:site\" content=\"@zapateneo\" \/>\n<meta name=\"twitter:label1\" content=\"Tiempo de lectura\" \/>\n\t<meta name=\"twitter:data1\" content=\"2 minutos\" \/>\n<script type=\"application\/ld+json\" class=\"yoast-schema-graph\">{\"@context\":\"https:\\\/\\\/schema.org\",\"@graph\":[{\"@type\":\"WebPage\",\"@id\":\"https:\\\/\\\/zapateneo.net\\\/wordpress\\\/index.php\\\/producto\\\/queremos-libertad-una-vida-en-los-panteras-negras\\\/\",\"url\":\"https:\\\/\\\/zapateneo.net\\\/wordpress\\\/index.php\\\/producto\\\/queremos-libertad-una-vida-en-los-panteras-negras\\\/\",\"name\":\"Queremos Libertad - Una vida en los Panteras Negras &#8212; Zapateneo\",\"isPartOf\":{\"@id\":\"https:\\\/\\\/zapateneo.net\\\/wordpress\\\/#website\"},\"primaryImageOfPage\":{\"@id\":\"https:\\\/\\\/zapateneo.net\\\/wordpress\\\/index.php\\\/producto\\\/queremos-libertad-una-vida-en-los-panteras-negras\\\/#primaryimage\"},\"image\":{\"@id\":\"https:\\\/\\\/zapateneo.net\\\/wordpress\\\/index.php\\\/producto\\\/queremos-libertad-una-vida-en-los-panteras-negras\\\/#primaryimage\"},\"thumbnailUrl\":\"https:\\\/\\\/zapateneo.net\\\/wordpress\\\/wp-content\\\/uploads\\\/2021\\\/04\\\/5324.jpg\",\"datePublished\":\"2021-04-05T11:50:43+00:00\",\"dateModified\":\"2023-07-25T17:18:01+00:00\",\"breadcrumb\":{\"@id\":\"https:\\\/\\\/zapateneo.net\\\/wordpress\\\/index.php\\\/producto\\\/queremos-libertad-una-vida-en-los-panteras-negras\\\/#breadcrumb\"},\"inLanguage\":\"es\",\"potentialAction\":[{\"@type\":\"ReadAction\",\"target\":[\"https:\\\/\\\/zapateneo.net\\\/wordpress\\\/index.php\\\/producto\\\/queremos-libertad-una-vida-en-los-panteras-negras\\\/\"]}]},{\"@type\":\"ImageObject\",\"inLanguage\":\"es\",\"@id\":\"https:\\\/\\\/zapateneo.net\\\/wordpress\\\/index.php\\\/producto\\\/queremos-libertad-una-vida-en-los-panteras-negras\\\/#primaryimage\",\"url\":\"https:\\\/\\\/zapateneo.net\\\/wordpress\\\/wp-content\\\/uploads\\\/2021\\\/04\\\/5324.jpg\",\"contentUrl\":\"https:\\\/\\\/zapateneo.net\\\/wordpress\\\/wp-content\\\/uploads\\\/2021\\\/04\\\/5324.jpg\",\"width\":300,\"height\":450},{\"@type\":\"BreadcrumbList\",\"@id\":\"https:\\\/\\\/zapateneo.net\\\/wordpress\\\/index.php\\\/producto\\\/queremos-libertad-una-vida-en-los-panteras-negras\\\/#breadcrumb\",\"itemListElement\":[{\"@type\":\"ListItem\",\"position\":1,\"name\":\"Portada\",\"item\":\"https:\\\/\\\/zapateneo.net\\\/wordpress\\\/\"},{\"@type\":\"ListItem\",\"position\":2,\"name\":\"Tienda\",\"item\":\"https:\\\/\\\/zapateneo.net\\\/wordpress\\\/\"},{\"@type\":\"ListItem\",\"position\":3,\"name\":\"Queremos Libertad &#8211; Una vida en los Panteras Negras\"}]},{\"@type\":\"WebSite\",\"@id\":\"https:\\\/\\\/zapateneo.net\\\/wordpress\\\/#website\",\"url\":\"https:\\\/\\\/zapateneo.net\\\/wordpress\\\/\",\"name\":\"Zapateneo\",\"description\":\"Zapateneoaren webgunea\",\"publisher\":{\"@id\":\"https:\\\/\\\/zapateneo.net\\\/wordpress\\\/#organization\"},\"potentialAction\":[{\"@type\":\"SearchAction\",\"target\":{\"@type\":\"EntryPoint\",\"urlTemplate\":\"https:\\\/\\\/zapateneo.net\\\/wordpress\\\/?s={search_term_string}\"},\"query-input\":{\"@type\":\"PropertyValueSpecification\",\"valueRequired\":true,\"valueName\":\"search_term_string\"}}],\"inLanguage\":\"es\"},{\"@type\":\"Organization\",\"@id\":\"https:\\\/\\\/zapateneo.net\\\/wordpress\\\/#organization\",\"name\":\"Zapateneo Kultur Elkartea\",\"url\":\"https:\\\/\\\/zapateneo.net\\\/wordpress\\\/\",\"logo\":{\"@type\":\"ImageObject\",\"inLanguage\":\"es\",\"@id\":\"https:\\\/\\\/zapateneo.net\\\/wordpress\\\/#\\\/schema\\\/logo\\\/image\\\/\",\"url\":\"https:\\\/\\\/zapateneo.net\\\/wordpress\\\/wp-content\\\/uploads\\\/2021\\\/04\\\/zap-libu-kolec.jpg\",\"contentUrl\":\"https:\\\/\\\/zapateneo.net\\\/wordpress\\\/wp-content\\\/uploads\\\/2021\\\/04\\\/zap-libu-kolec.jpg\",\"width\":2234,\"height\":398,\"caption\":\"Zapateneo Kultur Elkartea\"},\"image\":{\"@id\":\"https:\\\/\\\/zapateneo.net\\\/wordpress\\\/#\\\/schema\\\/logo\\\/image\\\/\"},\"sameAs\":[\"https:\\\/\\\/x.com\\\/zapateneo\"]}]}<\/script>\n<!-- \/ Yoast SEO plugin. -->","yoast_head_json":{"title":"Queremos Libertad - Una vida en los Panteras Negras &#8212; Zapateneo","robots":{"index":"index","follow":"follow","max-snippet":"max-snippet:-1","max-image-preview":"max-image-preview:large","max-video-preview":"max-video-preview:-1"},"canonical":"https:\/\/zapateneo.net\/wordpress\/index.php\/producto\/queremos-libertad-una-vida-en-los-panteras-negras\/","og_locale":"es_ES","og_type":"article","og_title":"Queremos Libertad - Una vida en los Panteras Negras &#8212; Zapateneo","og_description":"Mumia Abu Jama 9788496044890 - Virus - - p\u00e1ginas \/orri.","og_url":"https:\/\/zapateneo.net\/wordpress\/index.php\/producto\/queremos-libertad-una-vida-en-los-panteras-negras\/","og_site_name":"Zapateneo","article_modified_time":"2023-07-25T17:18:01+00:00","og_image":[{"width":300,"height":450,"url":"https:\/\/zapateneo.net\/wordpress\/wp-content\/uploads\/2021\/04\/5324.jpg","type":"image\/jpeg"}],"twitter_card":"summary_large_image","twitter_site":"@zapateneo","twitter_misc":{"Tiempo de lectura":"2 minutos"},"schema":{"@context":"https:\/\/schema.org","@graph":[{"@type":"WebPage","@id":"https:\/\/zapateneo.net\/wordpress\/index.php\/producto\/queremos-libertad-una-vida-en-los-panteras-negras\/","url":"https:\/\/zapateneo.net\/wordpress\/index.php\/producto\/queremos-libertad-una-vida-en-los-panteras-negras\/","name":"Queremos Libertad - Una vida en los Panteras Negras &#8212; Zapateneo","isPartOf":{"@id":"https:\/\/zapateneo.net\/wordpress\/#website"},"primaryImageOfPage":{"@id":"https:\/\/zapateneo.net\/wordpress\/index.php\/producto\/queremos-libertad-una-vida-en-los-panteras-negras\/#primaryimage"},"image":{"@id":"https:\/\/zapateneo.net\/wordpress\/index.php\/producto\/queremos-libertad-una-vida-en-los-panteras-negras\/#primaryimage"},"thumbnailUrl":"https:\/\/zapateneo.net\/wordpress\/wp-content\/uploads\/2021\/04\/5324.jpg","datePublished":"2021-04-05T11:50:43+00:00","dateModified":"2023-07-25T17:18:01+00:00","breadcrumb":{"@id":"https:\/\/zapateneo.net\/wordpress\/index.php\/producto\/queremos-libertad-una-vida-en-los-panteras-negras\/#breadcrumb"},"inLanguage":"es","potentialAction":[{"@type":"ReadAction","target":["https:\/\/zapateneo.net\/wordpress\/index.php\/producto\/queremos-libertad-una-vida-en-los-panteras-negras\/"]}]},{"@type":"ImageObject","inLanguage":"es","@id":"https:\/\/zapateneo.net\/wordpress\/index.php\/producto\/queremos-libertad-una-vida-en-los-panteras-negras\/#primaryimage","url":"https:\/\/zapateneo.net\/wordpress\/wp-content\/uploads\/2021\/04\/5324.jpg","contentUrl":"https:\/\/zapateneo.net\/wordpress\/wp-content\/uploads\/2021\/04\/5324.jpg","width":300,"height":450},{"@type":"BreadcrumbList","@id":"https:\/\/zapateneo.net\/wordpress\/index.php\/producto\/queremos-libertad-una-vida-en-los-panteras-negras\/#breadcrumb","itemListElement":[{"@type":"ListItem","position":1,"name":"Portada","item":"https:\/\/zapateneo.net\/wordpress\/"},{"@type":"ListItem","position":2,"name":"Tienda","item":"https:\/\/zapateneo.net\/wordpress\/"},{"@type":"ListItem","position":3,"name":"Queremos Libertad &#8211; Una vida en los Panteras Negras"}]},{"@type":"WebSite","@id":"https:\/\/zapateneo.net\/wordpress\/#website","url":"https:\/\/zapateneo.net\/wordpress\/","name":"Zapateneo","description":"Zapateneoaren webgunea","publisher":{"@id":"https:\/\/zapateneo.net\/wordpress\/#organization"},"potentialAction":[{"@type":"SearchAction","target":{"@type":"EntryPoint","urlTemplate":"https:\/\/zapateneo.net\/wordpress\/?s={search_term_string}"},"query-input":{"@type":"PropertyValueSpecification","valueRequired":true,"valueName":"search_term_string"}}],"inLanguage":"es"},{"@type":"Organization","@id":"https:\/\/zapateneo.net\/wordpress\/#organization","name":"Zapateneo Kultur Elkartea","url":"https:\/\/zapateneo.net\/wordpress\/","logo":{"@type":"ImageObject","inLanguage":"es","@id":"https:\/\/zapateneo.net\/wordpress\/#\/schema\/logo\/image\/","url":"https:\/\/zapateneo.net\/wordpress\/wp-content\/uploads\/2021\/04\/zap-libu-kolec.jpg","contentUrl":"https:\/\/zapateneo.net\/wordpress\/wp-content\/uploads\/2021\/04\/zap-libu-kolec.jpg","width":2234,"height":398,"caption":"Zapateneo Kultur Elkartea"},"image":{"@id":"https:\/\/zapateneo.net\/wordpress\/#\/schema\/logo\/image\/"},"sameAs":["https:\/\/x.com\/zapateneo"]}]}},"_links":{"self":[{"href":"https:\/\/zapateneo.net\/wordpress\/index.php\/wp-json\/wp\/v2\/product\/96","targetHints":{"allow":["GET"]}}],"collection":[{"href":"https:\/\/zapateneo.net\/wordpress\/index.php\/wp-json\/wp\/v2\/product"}],"about":[{"href":"https:\/\/zapateneo.net\/wordpress\/index.php\/wp-json\/wp\/v2\/types\/product"}],"wp:featuredmedia":[{"embeddable":true,"href":"https:\/\/zapateneo.net\/wordpress\/index.php\/wp-json\/wp\/v2\/media\/125"}],"wp:attachment":[{"href":"https:\/\/zapateneo.net\/wordpress\/index.php\/wp-json\/wp\/v2\/media?parent=96"}],"wp:term":[{"taxonomy":"product_brand","embeddable":true,"href":"https:\/\/zapateneo.net\/wordpress\/index.php\/wp-json\/wp\/v2\/product_brand?post=96"},{"taxonomy":"product_cat","embeddable":true,"href":"https:\/\/zapateneo.net\/wordpress\/index.php\/wp-json\/wp\/v2\/product_cat?post=96"},{"taxonomy":"product_tag","embeddable":true,"href":"https:\/\/zapateneo.net\/wordpress\/index.php\/wp-json\/wp\/v2\/product_tag?post=96"}],"curies":[{"name":"wp","href":"https:\/\/api.w.org\/{rel}","templated":true}]}}