{"id":9545,"date":"2021-12-10T17:46:13","date_gmt":"2021-12-10T16:46:13","guid":{"rendered":"https:\/\/zapateneo.net\/wordpress\/?post_type=product&#038;p=9545"},"modified":"2021-12-10T20:04:19","modified_gmt":"2021-12-10T19:04:19","slug":"aitona-zittalak-band-bakardadeak-garaitu-zituenak","status":"publish","type":"product","link":"https:\/\/zapateneo.net\/wordpress\/index.php\/producto\/aitona-zittalak-band-bakardadeak-garaitu-zituenak\/","title":{"rendered":"Aitona Zittalak Band: Bakardadeak garaitu zituenak"},"content":{"rendered":"<p><iframe loading=\"lazy\" title=\"AITONA ZITTALAK     Bakardadeak garaitu zituenak ikuskizuna   Bidaia \u2010\" width=\"640\" height=\"360\" src=\"https:\/\/www.youtube.com\/embed\/R2Ckk7fCjAQ?start=33&#038;feature=oembed\" frameborder=\"0\" allow=\"accelerometer; autoplay; clipboard-write; encrypted-media; gyroscope; picture-in-picture; web-share\" referrerpolicy=\"strict-origin-when-cross-origin\" allowfullscreen><\/iframe><\/p>\n<p><iframe loading=\"lazy\" title=\"AITONA ZITTALAK Artxibatutako  urteak\" width=\"640\" height=\"360\" src=\"https:\/\/www.youtube.com\/embed\/Zj9SITRuu1w?start=1&#038;feature=oembed\" frameborder=\"0\" allow=\"accelerometer; autoplay; clipboard-write; encrypted-media; gyroscope; picture-in-picture; web-share\" referrerpolicy=\"strict-origin-when-cross-origin\" allowfullscreen><\/iframe><\/p>\n<p>\u00abAITONA ZITTALAK BAND\u00bb hirurogeitaka urteko sei \u00abgaztek\u00bb osatutako musika-talde bat da, Abetxukon (Gasteiz), Alberto eta Nando de La Casa anaien estudioan, duela hiru urte lanean hasi zirenak, XIX. mendearen bigarren erdian eta, batez ere, XX. mendearen hasieran, Euskal Herriko herri askotatik artzain modura Ameriketara joan ziren ehunka herritarrak omendu nahi lituzken ikuskizun bat prestatuz. Ikuskizunak \u2013bi bertsolarik kontatzen dutena\u2013 musika, baleta eta euskal dantzen bidez, pertsona horiek lurralde urrun haietan pairatu behar izan zituzten zailtasunak erakutsi nahi du, berezi-bereziki \u201cbakardadea\u201d. Ikuskizunak \u00abBakardadeak garaitu zituenak\u00bb du izenburua.<br \/>\nTaldea honako hauek osatzen dugu: Alfonso Rojo \u00abGorri\u00bb, bateria; Alberto de la Casa, baxua; Nando de la Casa, teklatuak; Mikel Lacalle, gitarra eta ahots-bakarlaria; Felipe Zelaieta, gitarra eta ahotsa; Jose A. Elu, gitarra-bakarlaria eta ahotsa.<br \/>\nIkuskizunerako Mikel Etxebarria eta Shuyana Izaga dantzariak, eta Rikardo Gonzalez de Durana eta Felipe Zelaieta bertsolariak ditugu lagun. Zuzendari artistikoa Jose Antonio Elu da.<br \/>\nOrain arte, sei kontzertu egin ditugu Euskal Herriko beste hainbat tokitan (Ispaster, Lekeitio, Gasteiz, Zigoitia, Murgia eta Laudio) eta pandemia egoerak eragindako geldialdia dela eta, ikuskizunaren izenburu bereko CD bat grabatu dugu (aipatutako Abetxukoko \u201cKulturayNatura\u201d estudioan), zortzi abestirekin. Gure berehalako asmoa CDa aurkeztea da, uda ostean Euskal Herriko hainbat herritan zuzeneko ikuskizunarekin jarraitzeko.<br \/>\nKontaktua:<br \/>\nJos\u00e9 Antonio Elu \u2013 636887225<br \/>\nhttps:\/\/bakardadeaz.kulturaynatura.com\/<\/p>\n<p>\u00abAITONA ZITTALAK BAND\u00bb es un conjunto musical cuyos componentes, seis \u00abj\u00f3venes\u00bb en la sesentena, comenzaron su andadura hace tres a\u00f1os, en el estudio de los hermanos Alberto y Nando de La Casa, en Abetxuko (Gasteiz), con la preparaci\u00f3n de un espect\u00e1culo que quiere ser un homenaje a los centenares de vascos que, durante la segunda mitad del siglo XIX y, sobre todo, a principios del siglo XX, emigraron a Am\u00e9rica para trabajar como pastores. El espect\u00e1culo \u2013narrado por dos bertsolaris\u2013pretende mostrar por medio de la m\u00fasica, el ballet y las danzas vascas las dificultades que estas personas tuvieron que sufrir en aquellas tierras lejanas y, muy especialmente, la \u00absoledad\u00bb. El espect\u00e1culo se titula \u00abBakardadeak garaitu zituenak \u00bb (\u201cVencidos por la soledad\u201d).<br \/>\nEl grupo esta formado por: Alfonso Rojo \u00abGorri\u00bb, bateria; Alberto de la Casa, bajo; Nando de la Casa, teclados; Mikel Lacalle, voz solista y guitarra; Felipe Zelaieta, guitarra y voz; Jose A. Elu, guitarra solista y voz.<br \/>\nPara el espect\u00e1culo contamos, adem\u00e1s, con la colaboraci\u00f3n de los dantzaris Mikel Etxebarria y Shuyana Izaga; y los bertsolaris Rikardo Gonzalez de Durana y Felipe Zelaieta. Jose Antonio Elu es el director art\u00edstico.<br \/>\nHasta ahora, hemos realizado seis conciertos en otros tantos lugares de Euskal Herria (Ispaster, Lekeitio, Gasteiz, Zigoitia, Murgia y Laudio) y, con motivo del par\u00f3n por la situaci\u00f3n de pandemia, hemos grabado un CD, del mismo t\u00edtulo del espect\u00e1culo (en el citado estudio \u201cKulturayNatura\u201d de Abetxuko), con ocho canciones. Nuestra intenci\u00f3n inmediata es la presentaci\u00f3n del CD, para continuar con el espect\u00e1culo en directo, en diferentes localidades de Euskal Herria, despu\u00e9s del verano.<br \/>\nContacto:<br \/>\nJos\u00e9 Antonio Elu \u2013 636887225<br \/>\n<a href=\"https:\/\/bakardadeaz.kulturaynatura.com\/\">https:\/\/bakardadeaz.kulturaynatura.com\/<\/a><\/p>\n<p>&nbsp;<\/p>\n","protected":false},"excerpt":{"rendered":"<p><strong>Aitona Zittalak Band<\/strong><br \/>\n2021120700029 &#8211; Autoedici\u00f3n &#8211; 2021 &#8211;<\/p>\n","protected":false},"featured_media":9547,"template":"","meta":[],"product_brand":[],"product_cat":[168],"product_tag":[4953,1180],"class_list":{"0":"post-9545","1":"product","2":"type-product","3":"status-publish","4":"has-post-thumbnail","6":"product_cat-musica-musika","7":"product_tag-aitona-zittalak-band","8":"product_tag-autoedicion","10":"first","11":"instock","12":"sold-individually","13":"shipping-taxable","14":"purchasable","15":"product-type-simple"},"yoast_head":"<!-- This site is optimized with the Yoast SEO plugin v27.3 - https:\/\/yoast.com\/product\/yoast-seo-wordpress\/ -->\n<title>Aitona Zittalak Band: Bakardadeak garaitu zituenak &#8212; Zapateneo<\/title>\n<meta name=\"robots\" content=\"index, follow, max-snippet:-1, max-image-preview:large, max-video-preview:-1\" \/>\n<link rel=\"canonical\" href=\"https:\/\/zapateneo.net\/wordpress\/index.php\/producto\/aitona-zittalak-band-bakardadeak-garaitu-zituenak\/\" \/>\n<meta property=\"og:locale\" content=\"es_ES\" \/>\n<meta property=\"og:type\" content=\"article\" \/>\n<meta property=\"og:title\" content=\"Aitona Zittalak Band: Bakardadeak garaitu zituenak &#8212; Zapateneo\" \/>\n<meta property=\"og:description\" content=\"Aitona Zittalak Band 2021120700029 - Autoedici\u00f3n - 2021 -\" \/>\n<meta property=\"og:url\" content=\"https:\/\/zapateneo.net\/wordpress\/index.php\/producto\/aitona-zittalak-band-bakardadeak-garaitu-zituenak\/\" \/>\n<meta property=\"og:site_name\" content=\"Zapateneo\" \/>\n<meta property=\"article:modified_time\" content=\"2021-12-10T19:04:19+00:00\" \/>\n<meta property=\"og:image\" content=\"https:\/\/zapateneo.net\/wordpress\/wp-content\/uploads\/2021\/12\/kartelillo_aitonazb.jpg\" \/>\n\t<meta property=\"og:image:width\" content=\"400\" \/>\n\t<meta property=\"og:image:height\" content=\"265\" \/>\n\t<meta property=\"og:image:type\" content=\"image\/jpeg\" \/>\n<meta name=\"twitter:card\" content=\"summary_large_image\" \/>\n<meta name=\"twitter:site\" content=\"@zapateneo\" \/>\n<meta name=\"twitter:label1\" content=\"Tiempo de lectura\" \/>\n\t<meta name=\"twitter:data1\" content=\"3 minutos\" \/>\n<script type=\"application\/ld+json\" class=\"yoast-schema-graph\">{\"@context\":\"https:\\\/\\\/schema.org\",\"@graph\":[{\"@type\":\"WebPage\",\"@id\":\"https:\\\/\\\/zapateneo.net\\\/wordpress\\\/index.php\\\/producto\\\/aitona-zittalak-band-bakardadeak-garaitu-zituenak\\\/\",\"url\":\"https:\\\/\\\/zapateneo.net\\\/wordpress\\\/index.php\\\/producto\\\/aitona-zittalak-band-bakardadeak-garaitu-zituenak\\\/\",\"name\":\"Aitona Zittalak Band: Bakardadeak garaitu zituenak &#8212; Zapateneo\",\"isPartOf\":{\"@id\":\"https:\\\/\\\/zapateneo.net\\\/wordpress\\\/#website\"},\"primaryImageOfPage\":{\"@id\":\"https:\\\/\\\/zapateneo.net\\\/wordpress\\\/index.php\\\/producto\\\/aitona-zittalak-band-bakardadeak-garaitu-zituenak\\\/#primaryimage\"},\"image\":{\"@id\":\"https:\\\/\\\/zapateneo.net\\\/wordpress\\\/index.php\\\/producto\\\/aitona-zittalak-band-bakardadeak-garaitu-zituenak\\\/#primaryimage\"},\"thumbnailUrl\":\"https:\\\/\\\/zapateneo.net\\\/wordpress\\\/wp-content\\\/uploads\\\/2021\\\/12\\\/kartelillo_aitonazb.jpg\",\"datePublished\":\"2021-12-10T16:46:13+00:00\",\"dateModified\":\"2021-12-10T19:04:19+00:00\",\"breadcrumb\":{\"@id\":\"https:\\\/\\\/zapateneo.net\\\/wordpress\\\/index.php\\\/producto\\\/aitona-zittalak-band-bakardadeak-garaitu-zituenak\\\/#breadcrumb\"},\"inLanguage\":\"es\",\"potentialAction\":[{\"@type\":\"ReadAction\",\"target\":[\"https:\\\/\\\/zapateneo.net\\\/wordpress\\\/index.php\\\/producto\\\/aitona-zittalak-band-bakardadeak-garaitu-zituenak\\\/\"]}]},{\"@type\":\"ImageObject\",\"inLanguage\":\"es\",\"@id\":\"https:\\\/\\\/zapateneo.net\\\/wordpress\\\/index.php\\\/producto\\\/aitona-zittalak-band-bakardadeak-garaitu-zituenak\\\/#primaryimage\",\"url\":\"https:\\\/\\\/zapateneo.net\\\/wordpress\\\/wp-content\\\/uploads\\\/2021\\\/12\\\/kartelillo_aitonazb.jpg\",\"contentUrl\":\"https:\\\/\\\/zapateneo.net\\\/wordpress\\\/wp-content\\\/uploads\\\/2021\\\/12\\\/kartelillo_aitonazb.jpg\",\"width\":400,\"height\":265},{\"@type\":\"BreadcrumbList\",\"@id\":\"https:\\\/\\\/zapateneo.net\\\/wordpress\\\/index.php\\\/producto\\\/aitona-zittalak-band-bakardadeak-garaitu-zituenak\\\/#breadcrumb\",\"itemListElement\":[{\"@type\":\"ListItem\",\"position\":1,\"name\":\"Portada\",\"item\":\"https:\\\/\\\/zapateneo.net\\\/wordpress\\\/\"},{\"@type\":\"ListItem\",\"position\":2,\"name\":\"Tienda\",\"item\":\"https:\\\/\\\/zapateneo.net\\\/wordpress\\\/\"},{\"@type\":\"ListItem\",\"position\":3,\"name\":\"Aitona Zittalak Band: Bakardadeak garaitu zituenak\"}]},{\"@type\":\"WebSite\",\"@id\":\"https:\\\/\\\/zapateneo.net\\\/wordpress\\\/#website\",\"url\":\"https:\\\/\\\/zapateneo.net\\\/wordpress\\\/\",\"name\":\"Zapateneo\",\"description\":\"Zapateneoaren webgunea\",\"publisher\":{\"@id\":\"https:\\\/\\\/zapateneo.net\\\/wordpress\\\/#organization\"},\"potentialAction\":[{\"@type\":\"SearchAction\",\"target\":{\"@type\":\"EntryPoint\",\"urlTemplate\":\"https:\\\/\\\/zapateneo.net\\\/wordpress\\\/?s={search_term_string}\"},\"query-input\":{\"@type\":\"PropertyValueSpecification\",\"valueRequired\":true,\"valueName\":\"search_term_string\"}}],\"inLanguage\":\"es\"},{\"@type\":\"Organization\",\"@id\":\"https:\\\/\\\/zapateneo.net\\\/wordpress\\\/#organization\",\"name\":\"Zapateneo Kultur Elkartea\",\"url\":\"https:\\\/\\\/zapateneo.net\\\/wordpress\\\/\",\"logo\":{\"@type\":\"ImageObject\",\"inLanguage\":\"es\",\"@id\":\"https:\\\/\\\/zapateneo.net\\\/wordpress\\\/#\\\/schema\\\/logo\\\/image\\\/\",\"url\":\"https:\\\/\\\/zapateneo.net\\\/wordpress\\\/wp-content\\\/uploads\\\/2021\\\/04\\\/zap-libu-kolec.jpg\",\"contentUrl\":\"https:\\\/\\\/zapateneo.net\\\/wordpress\\\/wp-content\\\/uploads\\\/2021\\\/04\\\/zap-libu-kolec.jpg\",\"width\":2234,\"height\":398,\"caption\":\"Zapateneo Kultur Elkartea\"},\"image\":{\"@id\":\"https:\\\/\\\/zapateneo.net\\\/wordpress\\\/#\\\/schema\\\/logo\\\/image\\\/\"},\"sameAs\":[\"https:\\\/\\\/x.com\\\/zapateneo\"]}]}<\/script>\n<!-- \/ Yoast SEO plugin. -->","yoast_head_json":{"title":"Aitona Zittalak Band: Bakardadeak garaitu zituenak &#8212; Zapateneo","robots":{"index":"index","follow":"follow","max-snippet":"max-snippet:-1","max-image-preview":"max-image-preview:large","max-video-preview":"max-video-preview:-1"},"canonical":"https:\/\/zapateneo.net\/wordpress\/index.php\/producto\/aitona-zittalak-band-bakardadeak-garaitu-zituenak\/","og_locale":"es_ES","og_type":"article","og_title":"Aitona Zittalak Band: Bakardadeak garaitu zituenak &#8212; Zapateneo","og_description":"Aitona Zittalak Band 2021120700029 - Autoedici\u00f3n - 2021 -","og_url":"https:\/\/zapateneo.net\/wordpress\/index.php\/producto\/aitona-zittalak-band-bakardadeak-garaitu-zituenak\/","og_site_name":"Zapateneo","article_modified_time":"2021-12-10T19:04:19+00:00","og_image":[{"width":400,"height":265,"url":"https:\/\/zapateneo.net\/wordpress\/wp-content\/uploads\/2021\/12\/kartelillo_aitonazb.jpg","type":"image\/jpeg"}],"twitter_card":"summary_large_image","twitter_site":"@zapateneo","twitter_misc":{"Tiempo de lectura":"3 minutos"},"schema":{"@context":"https:\/\/schema.org","@graph":[{"@type":"WebPage","@id":"https:\/\/zapateneo.net\/wordpress\/index.php\/producto\/aitona-zittalak-band-bakardadeak-garaitu-zituenak\/","url":"https:\/\/zapateneo.net\/wordpress\/index.php\/producto\/aitona-zittalak-band-bakardadeak-garaitu-zituenak\/","name":"Aitona Zittalak Band: Bakardadeak garaitu zituenak &#8212; Zapateneo","isPartOf":{"@id":"https:\/\/zapateneo.net\/wordpress\/#website"},"primaryImageOfPage":{"@id":"https:\/\/zapateneo.net\/wordpress\/index.php\/producto\/aitona-zittalak-band-bakardadeak-garaitu-zituenak\/#primaryimage"},"image":{"@id":"https:\/\/zapateneo.net\/wordpress\/index.php\/producto\/aitona-zittalak-band-bakardadeak-garaitu-zituenak\/#primaryimage"},"thumbnailUrl":"https:\/\/zapateneo.net\/wordpress\/wp-content\/uploads\/2021\/12\/kartelillo_aitonazb.jpg","datePublished":"2021-12-10T16:46:13+00:00","dateModified":"2021-12-10T19:04:19+00:00","breadcrumb":{"@id":"https:\/\/zapateneo.net\/wordpress\/index.php\/producto\/aitona-zittalak-band-bakardadeak-garaitu-zituenak\/#breadcrumb"},"inLanguage":"es","potentialAction":[{"@type":"ReadAction","target":["https:\/\/zapateneo.net\/wordpress\/index.php\/producto\/aitona-zittalak-band-bakardadeak-garaitu-zituenak\/"]}]},{"@type":"ImageObject","inLanguage":"es","@id":"https:\/\/zapateneo.net\/wordpress\/index.php\/producto\/aitona-zittalak-band-bakardadeak-garaitu-zituenak\/#primaryimage","url":"https:\/\/zapateneo.net\/wordpress\/wp-content\/uploads\/2021\/12\/kartelillo_aitonazb.jpg","contentUrl":"https:\/\/zapateneo.net\/wordpress\/wp-content\/uploads\/2021\/12\/kartelillo_aitonazb.jpg","width":400,"height":265},{"@type":"BreadcrumbList","@id":"https:\/\/zapateneo.net\/wordpress\/index.php\/producto\/aitona-zittalak-band-bakardadeak-garaitu-zituenak\/#breadcrumb","itemListElement":[{"@type":"ListItem","position":1,"name":"Portada","item":"https:\/\/zapateneo.net\/wordpress\/"},{"@type":"ListItem","position":2,"name":"Tienda","item":"https:\/\/zapateneo.net\/wordpress\/"},{"@type":"ListItem","position":3,"name":"Aitona Zittalak Band: Bakardadeak garaitu zituenak"}]},{"@type":"WebSite","@id":"https:\/\/zapateneo.net\/wordpress\/#website","url":"https:\/\/zapateneo.net\/wordpress\/","name":"Zapateneo","description":"Zapateneoaren webgunea","publisher":{"@id":"https:\/\/zapateneo.net\/wordpress\/#organization"},"potentialAction":[{"@type":"SearchAction","target":{"@type":"EntryPoint","urlTemplate":"https:\/\/zapateneo.net\/wordpress\/?s={search_term_string}"},"query-input":{"@type":"PropertyValueSpecification","valueRequired":true,"valueName":"search_term_string"}}],"inLanguage":"es"},{"@type":"Organization","@id":"https:\/\/zapateneo.net\/wordpress\/#organization","name":"Zapateneo Kultur Elkartea","url":"https:\/\/zapateneo.net\/wordpress\/","logo":{"@type":"ImageObject","inLanguage":"es","@id":"https:\/\/zapateneo.net\/wordpress\/#\/schema\/logo\/image\/","url":"https:\/\/zapateneo.net\/wordpress\/wp-content\/uploads\/2021\/04\/zap-libu-kolec.jpg","contentUrl":"https:\/\/zapateneo.net\/wordpress\/wp-content\/uploads\/2021\/04\/zap-libu-kolec.jpg","width":2234,"height":398,"caption":"Zapateneo Kultur Elkartea"},"image":{"@id":"https:\/\/zapateneo.net\/wordpress\/#\/schema\/logo\/image\/"},"sameAs":["https:\/\/x.com\/zapateneo"]}]}},"_links":{"self":[{"href":"https:\/\/zapateneo.net\/wordpress\/index.php\/wp-json\/wp\/v2\/product\/9545","targetHints":{"allow":["GET"]}}],"collection":[{"href":"https:\/\/zapateneo.net\/wordpress\/index.php\/wp-json\/wp\/v2\/product"}],"about":[{"href":"https:\/\/zapateneo.net\/wordpress\/index.php\/wp-json\/wp\/v2\/types\/product"}],"wp:featuredmedia":[{"embeddable":true,"href":"https:\/\/zapateneo.net\/wordpress\/index.php\/wp-json\/wp\/v2\/media\/9547"}],"wp:attachment":[{"href":"https:\/\/zapateneo.net\/wordpress\/index.php\/wp-json\/wp\/v2\/media?parent=9545"}],"wp:term":[{"taxonomy":"product_brand","embeddable":true,"href":"https:\/\/zapateneo.net\/wordpress\/index.php\/wp-json\/wp\/v2\/product_brand?post=9545"},{"taxonomy":"product_cat","embeddable":true,"href":"https:\/\/zapateneo.net\/wordpress\/index.php\/wp-json\/wp\/v2\/product_cat?post=9545"},{"taxonomy":"product_tag","embeddable":true,"href":"https:\/\/zapateneo.net\/wordpress\/index.php\/wp-json\/wp\/v2\/product_tag?post=9545"}],"curies":[{"name":"wp","href":"https:\/\/api.w.org\/{rel}","templated":true}]}}