{"id":9542,"date":"2021-11-08T17:45:13","date_gmt":"2021-11-08T16:45:13","guid":{"rendered":"https:\/\/zapateneo.net\/wordpress\/?post_type=product&#038;p=9542"},"modified":"2023-04-11T17:46:22","modified_gmt":"2023-04-11T16:46:22","slug":"memorias-de-un-nino-matar-a-un-nino","status":"publish","type":"product","link":"https:\/\/zapateneo.net\/wordpress\/index.php\/producto\/memorias-de-un-nino-matar-a-un-nino\/","title":{"rendered":"Memorias de un ni\u00f1o. Matar a un ni\u00f1o"},"content":{"rendered":"<p>Publicamos estos dos relatos del escritor sueco Stig Dagerman: el autobiogr\u00e1fico \u00abMemorias de un ni\u00f1o\u00bb de 1948 y \u00abMatar a un ni\u00f1o\u00bb, del mismo a\u00f1o, que escribi\u00f3 a petici\u00f3n<br \/>\nde la Asociaci\u00f3n Nacional para la Seguridad Vial de Suecia, con el fin de evitar accidentes de tr\u00e1fico. No son los primeros escritos de Dagerman que editamos, ya en 1997 el segundo libro de la colecci\u00f3n con.otros fue: \u00abNuestra necesidad de consuelo es insaciable\u00bb, que m\u00e1s tarde reeditamos en el n\u00ba 25 de la colecci\u00f3n m\u00ednima y tambi\u00e9n en el 32 de esta misma colecci\u00f3n se encuentran Escritos pol\u00edticos (2002).<br \/>\nStig Dagerman, naci\u00f3 el 4 de octubre de 1923 en el peque\u00f1o pueblo de \u00c4lvkarleby, en la provincia de Uppsala, hijo de padres obreros que no vivieron juntos. Se cri\u00f3 y pas\u00f3 su<br \/>\ninfancia en la granja de sus abuelos. En su adolescencia, su padre, obrero itinerante de la construcci\u00f3n y militante anarcosindicalista, le hizo ir a Estocolmo, donde viv\u00eda, para que estudiara el bachillerato. Desde muy joven, con apenas 18 a\u00f1os, milit\u00f3 en el movimiento anarquista sueco, en la SUF, organizaci\u00f3n juvenil de la Sveriges Arbetares Centralorganisation: S.A.C. (Organizaci\u00f3n Central de Trabajadores de Suecia), donde trabaj\u00f3 como editor cultural para el peri\u00f3dico de la organizaci\u00f3n sindicalista revolucionaria: Arbetaren (El Trabajador) en el que escribir\u00e1 numerosos art\u00edculos y en el que en cada n\u00famero publicaba un poema. Tambi\u00e9n escribir\u00e1 para revistas libertarias, como Strom (La Tempestad).<br \/>\nDagerman fue un escritor precoz que en menos de diez a\u00f1os cre\u00f3 una cuantiosa obra literaria de gran calidad. Cuatro novelas -en 1945, con 21 a\u00f1os, publica La serpiente, al<br \/>\na\u00f1o siguiente La isla de los condenados, El muchacho quemado y Bodas penosas. Otras tantas obras de teatro. Numerosos cuentos y relatos, as\u00ed como el libro Los juegos de<br \/>\nnoche donde compila sus ocho novelas cortas. En 1947 el libro-reportaje Oto\u00f1o alem\u00e1n, editado en castellano el 2001 por la editorial Octaedro. Asimismo, tambi\u00e9n escribi\u00f3 un<br \/>\nbuen n\u00famero de poemas y textos-ensayo-<\/p>\n<p><a href=\"https:\/\/sindominio.net\/etcetera\/files\/92-Stig-Dagerman.pdf\">Deskarga<\/a>.<\/p>\n","protected":false},"excerpt":{"rendered":"<p><strong>Stieg Dagerman<\/strong><br \/>\n2021060200023 &#8211; Etcetera &#8211; &#8211; p\u00e1ginas \/orri.<\/p>\n","protected":false},"featured_media":0,"template":"","meta":[],"product_brand":[],"product_cat":[166,173],"product_tag":[4626,1924,4951],"class_list":{"0":"post-9542","1":"product","2":"type-product","3":"status-publish","5":"product_cat-panfletos-panfletoak","6":"product_cat-saiakera-ensayo","7":"product_tag-deskargak","8":"product_tag-etc","9":"product_tag-stieg-dagerman","11":"first","12":"instock","13":"sold-individually","14":"shipping-taxable","15":"purchasable","16":"product-type-simple"},"yoast_head":"<!-- This site is optimized with the Yoast SEO plugin v27.3 - https:\/\/yoast.com\/product\/yoast-seo-wordpress\/ -->\n<title>Memorias de un ni\u00f1o. Matar a un ni\u00f1o &#8212; Zapateneo<\/title>\n<meta name=\"robots\" content=\"index, follow, max-snippet:-1, max-image-preview:large, max-video-preview:-1\" \/>\n<link rel=\"canonical\" href=\"https:\/\/zapateneo.net\/wordpress\/index.php\/producto\/memorias-de-un-nino-matar-a-un-nino\/\" \/>\n<meta property=\"og:locale\" content=\"es_ES\" \/>\n<meta property=\"og:type\" content=\"article\" \/>\n<meta property=\"og:title\" content=\"Memorias de un ni\u00f1o. Matar a un ni\u00f1o &#8212; Zapateneo\" \/>\n<meta property=\"og:description\" content=\"Stieg Dagerman 2021060200023 - Etcetera - - p\u00e1ginas \/orri.\" \/>\n<meta property=\"og:url\" content=\"https:\/\/zapateneo.net\/wordpress\/index.php\/producto\/memorias-de-un-nino-matar-a-un-nino\/\" \/>\n<meta property=\"og:site_name\" content=\"Zapateneo\" \/>\n<meta property=\"article:modified_time\" content=\"2023-04-11T16:46:22+00:00\" \/>\n<meta name=\"twitter:card\" content=\"summary_large_image\" \/>\n<meta name=\"twitter:site\" content=\"@zapateneo\" \/>\n<meta name=\"twitter:label1\" content=\"Tiempo de lectura\" \/>\n\t<meta name=\"twitter:data1\" content=\"2 minutos\" \/>\n<script type=\"application\/ld+json\" class=\"yoast-schema-graph\">{\"@context\":\"https:\\\/\\\/schema.org\",\"@graph\":[{\"@type\":\"WebPage\",\"@id\":\"https:\\\/\\\/zapateneo.net\\\/wordpress\\\/index.php\\\/producto\\\/memorias-de-un-nino-matar-a-un-nino\\\/\",\"url\":\"https:\\\/\\\/zapateneo.net\\\/wordpress\\\/index.php\\\/producto\\\/memorias-de-un-nino-matar-a-un-nino\\\/\",\"name\":\"Memorias de un ni\u00f1o. Matar a un ni\u00f1o &#8212; Zapateneo\",\"isPartOf\":{\"@id\":\"https:\\\/\\\/zapateneo.net\\\/wordpress\\\/#website\"},\"datePublished\":\"2021-11-08T16:45:13+00:00\",\"dateModified\":\"2023-04-11T16:46:22+00:00\",\"breadcrumb\":{\"@id\":\"https:\\\/\\\/zapateneo.net\\\/wordpress\\\/index.php\\\/producto\\\/memorias-de-un-nino-matar-a-un-nino\\\/#breadcrumb\"},\"inLanguage\":\"es\",\"potentialAction\":[{\"@type\":\"ReadAction\",\"target\":[\"https:\\\/\\\/zapateneo.net\\\/wordpress\\\/index.php\\\/producto\\\/memorias-de-un-nino-matar-a-un-nino\\\/\"]}]},{\"@type\":\"BreadcrumbList\",\"@id\":\"https:\\\/\\\/zapateneo.net\\\/wordpress\\\/index.php\\\/producto\\\/memorias-de-un-nino-matar-a-un-nino\\\/#breadcrumb\",\"itemListElement\":[{\"@type\":\"ListItem\",\"position\":1,\"name\":\"Portada\",\"item\":\"https:\\\/\\\/zapateneo.net\\\/wordpress\\\/\"},{\"@type\":\"ListItem\",\"position\":2,\"name\":\"Tienda\",\"item\":\"https:\\\/\\\/zapateneo.net\\\/wordpress\\\/\"},{\"@type\":\"ListItem\",\"position\":3,\"name\":\"Memorias de un ni\u00f1o. Matar a un ni\u00f1o\"}]},{\"@type\":\"WebSite\",\"@id\":\"https:\\\/\\\/zapateneo.net\\\/wordpress\\\/#website\",\"url\":\"https:\\\/\\\/zapateneo.net\\\/wordpress\\\/\",\"name\":\"Zapateneo\",\"description\":\"Zapateneoaren webgunea\",\"publisher\":{\"@id\":\"https:\\\/\\\/zapateneo.net\\\/wordpress\\\/#organization\"},\"potentialAction\":[{\"@type\":\"SearchAction\",\"target\":{\"@type\":\"EntryPoint\",\"urlTemplate\":\"https:\\\/\\\/zapateneo.net\\\/wordpress\\\/?s={search_term_string}\"},\"query-input\":{\"@type\":\"PropertyValueSpecification\",\"valueRequired\":true,\"valueName\":\"search_term_string\"}}],\"inLanguage\":\"es\"},{\"@type\":\"Organization\",\"@id\":\"https:\\\/\\\/zapateneo.net\\\/wordpress\\\/#organization\",\"name\":\"Zapateneo Kultur Elkartea\",\"url\":\"https:\\\/\\\/zapateneo.net\\\/wordpress\\\/\",\"logo\":{\"@type\":\"ImageObject\",\"inLanguage\":\"es\",\"@id\":\"https:\\\/\\\/zapateneo.net\\\/wordpress\\\/#\\\/schema\\\/logo\\\/image\\\/\",\"url\":\"https:\\\/\\\/zapateneo.net\\\/wordpress\\\/wp-content\\\/uploads\\\/2021\\\/04\\\/zap-libu-kolec.jpg\",\"contentUrl\":\"https:\\\/\\\/zapateneo.net\\\/wordpress\\\/wp-content\\\/uploads\\\/2021\\\/04\\\/zap-libu-kolec.jpg\",\"width\":2234,\"height\":398,\"caption\":\"Zapateneo Kultur Elkartea\"},\"image\":{\"@id\":\"https:\\\/\\\/zapateneo.net\\\/wordpress\\\/#\\\/schema\\\/logo\\\/image\\\/\"},\"sameAs\":[\"https:\\\/\\\/x.com\\\/zapateneo\"]}]}<\/script>\n<!-- \/ Yoast SEO plugin. -->","yoast_head_json":{"title":"Memorias de un ni\u00f1o. Matar a un ni\u00f1o &#8212; Zapateneo","robots":{"index":"index","follow":"follow","max-snippet":"max-snippet:-1","max-image-preview":"max-image-preview:large","max-video-preview":"max-video-preview:-1"},"canonical":"https:\/\/zapateneo.net\/wordpress\/index.php\/producto\/memorias-de-un-nino-matar-a-un-nino\/","og_locale":"es_ES","og_type":"article","og_title":"Memorias de un ni\u00f1o. Matar a un ni\u00f1o &#8212; Zapateneo","og_description":"Stieg Dagerman 2021060200023 - Etcetera - - p\u00e1ginas \/orri.","og_url":"https:\/\/zapateneo.net\/wordpress\/index.php\/producto\/memorias-de-un-nino-matar-a-un-nino\/","og_site_name":"Zapateneo","article_modified_time":"2023-04-11T16:46:22+00:00","twitter_card":"summary_large_image","twitter_site":"@zapateneo","twitter_misc":{"Tiempo de lectura":"2 minutos"},"schema":{"@context":"https:\/\/schema.org","@graph":[{"@type":"WebPage","@id":"https:\/\/zapateneo.net\/wordpress\/index.php\/producto\/memorias-de-un-nino-matar-a-un-nino\/","url":"https:\/\/zapateneo.net\/wordpress\/index.php\/producto\/memorias-de-un-nino-matar-a-un-nino\/","name":"Memorias de un ni\u00f1o. Matar a un ni\u00f1o &#8212; Zapateneo","isPartOf":{"@id":"https:\/\/zapateneo.net\/wordpress\/#website"},"datePublished":"2021-11-08T16:45:13+00:00","dateModified":"2023-04-11T16:46:22+00:00","breadcrumb":{"@id":"https:\/\/zapateneo.net\/wordpress\/index.php\/producto\/memorias-de-un-nino-matar-a-un-nino\/#breadcrumb"},"inLanguage":"es","potentialAction":[{"@type":"ReadAction","target":["https:\/\/zapateneo.net\/wordpress\/index.php\/producto\/memorias-de-un-nino-matar-a-un-nino\/"]}]},{"@type":"BreadcrumbList","@id":"https:\/\/zapateneo.net\/wordpress\/index.php\/producto\/memorias-de-un-nino-matar-a-un-nino\/#breadcrumb","itemListElement":[{"@type":"ListItem","position":1,"name":"Portada","item":"https:\/\/zapateneo.net\/wordpress\/"},{"@type":"ListItem","position":2,"name":"Tienda","item":"https:\/\/zapateneo.net\/wordpress\/"},{"@type":"ListItem","position":3,"name":"Memorias de un ni\u00f1o. Matar a un ni\u00f1o"}]},{"@type":"WebSite","@id":"https:\/\/zapateneo.net\/wordpress\/#website","url":"https:\/\/zapateneo.net\/wordpress\/","name":"Zapateneo","description":"Zapateneoaren webgunea","publisher":{"@id":"https:\/\/zapateneo.net\/wordpress\/#organization"},"potentialAction":[{"@type":"SearchAction","target":{"@type":"EntryPoint","urlTemplate":"https:\/\/zapateneo.net\/wordpress\/?s={search_term_string}"},"query-input":{"@type":"PropertyValueSpecification","valueRequired":true,"valueName":"search_term_string"}}],"inLanguage":"es"},{"@type":"Organization","@id":"https:\/\/zapateneo.net\/wordpress\/#organization","name":"Zapateneo Kultur Elkartea","url":"https:\/\/zapateneo.net\/wordpress\/","logo":{"@type":"ImageObject","inLanguage":"es","@id":"https:\/\/zapateneo.net\/wordpress\/#\/schema\/logo\/image\/","url":"https:\/\/zapateneo.net\/wordpress\/wp-content\/uploads\/2021\/04\/zap-libu-kolec.jpg","contentUrl":"https:\/\/zapateneo.net\/wordpress\/wp-content\/uploads\/2021\/04\/zap-libu-kolec.jpg","width":2234,"height":398,"caption":"Zapateneo Kultur Elkartea"},"image":{"@id":"https:\/\/zapateneo.net\/wordpress\/#\/schema\/logo\/image\/"},"sameAs":["https:\/\/x.com\/zapateneo"]}]}},"_links":{"self":[{"href":"https:\/\/zapateneo.net\/wordpress\/index.php\/wp-json\/wp\/v2\/product\/9542","targetHints":{"allow":["GET"]}}],"collection":[{"href":"https:\/\/zapateneo.net\/wordpress\/index.php\/wp-json\/wp\/v2\/product"}],"about":[{"href":"https:\/\/zapateneo.net\/wordpress\/index.php\/wp-json\/wp\/v2\/types\/product"}],"wp:attachment":[{"href":"https:\/\/zapateneo.net\/wordpress\/index.php\/wp-json\/wp\/v2\/media?parent=9542"}],"wp:term":[{"taxonomy":"product_brand","embeddable":true,"href":"https:\/\/zapateneo.net\/wordpress\/index.php\/wp-json\/wp\/v2\/product_brand?post=9542"},{"taxonomy":"product_cat","embeddable":true,"href":"https:\/\/zapateneo.net\/wordpress\/index.php\/wp-json\/wp\/v2\/product_cat?post=9542"},{"taxonomy":"product_tag","embeddable":true,"href":"https:\/\/zapateneo.net\/wordpress\/index.php\/wp-json\/wp\/v2\/product_tag?post=9542"}],"curies":[{"name":"wp","href":"https:\/\/api.w.org\/{rel}","templated":true}]}}