{"id":9541,"date":"2021-11-08T17:45:13","date_gmt":"2021-11-08T16:45:13","guid":{"rendered":"https:\/\/zapateneo.net\/wordpress\/?post_type=product&#038;p=9541"},"modified":"2023-04-11T17:46:07","modified_gmt":"2023-04-11T16:46:07","slug":"esbozo-y-proposito-de-las-memorias-del-cura-de-etrepigny-jean-meslier","status":"publish","type":"product","link":"https:\/\/zapateneo.net\/wordpress\/index.php\/producto\/esbozo-y-proposito-de-las-memorias-del-cura-de-etrepigny-jean-meslier\/","title":{"rendered":"Esbozo y proposito de las memorias del cura de Etrepigny Jean Meslier"},"content":{"rendered":"<p>Amigos m\u00edos, como no se me habr\u00eda permitido e incluso habr\u00eda supuesto para m\u00ed una grave y onerosa consecuencia deciros abiertamente, en vida, lo que pensaba de la conducta y del gobierno de los hombres, de sus religiones y de sus costumbres, he decidido dec\u00edroslo al menos tras mi muerte; mi intenci\u00f3n y mi deseo ser\u00eda dec\u00edroslo de viva voz, antes de morir, si me viera pr\u00f3ximo al fin de mis d\u00edas y tuviera a\u00fan para entonces el uso libre de la palabra y del juicio; pero como no estoy seguro de tener en estos \u00faltimos d\u00edas, o en estos \u00faltimos momentos, todo el tiempo ni toda la presencia de esp\u00edritu que me ser\u00eda necesaria entonces para declararos mis sentimientos, me he visto obligado a empezar a declar\u00e1roslos ahora por escrito y daros al mismo tiempo pruebas claras y convincentes de todo lo que me gustar\u00eda deciros, a fin de tratar de desenga\u00f1aros lo menos tarde posible, en cuanto me ata\u00f1e, de los errores en los que todos nosotros, cuantos soltaos, hemos tenido la desdicha de nacer y vivir, y en los cuales yo mismo he tenido el desagrado de hallarme obligado a infundiros; digo el desagrado porque para m\u00ed era verdaderamente desagradable tener esta obligaci\u00f3n. Ello explica tambi\u00e9n por qu\u00e9 nunca la he desempe\u00f1ado sino con mucha repugnancia y con bastante negligencia, como hab\u00e9is podido observar.<\/p>\n<p><a href=\"https:\/\/sindominio.net\/etcetera\/files\/84-J-Meslier-Llibret.pdf\">Deskarga<\/a>.<\/p>\n","protected":false},"excerpt":{"rendered":"<p><strong>vvaa<\/strong><br \/>\n2021060200030 &#8211; Etcetera &#8211;<\/p>\n","protected":false},"featured_media":0,"template":"","meta":[],"product_brand":[],"product_cat":[185,166],"product_tag":[4626,1924],"class_list":{"0":"post-9541","1":"product","2":"type-product","3":"status-publish","5":"product_cat-historia","6":"product_cat-panfletos-panfletoak","7":"product_tag-deskargak","8":"product_tag-etc","10":"first","11":"instock","12":"sold-individually","13":"shipping-taxable","14":"purchasable","15":"product-type-simple"},"yoast_head":"<!-- This site is optimized with the Yoast SEO plugin v27.3 - https:\/\/yoast.com\/product\/yoast-seo-wordpress\/ -->\n<title>Esbozo y proposito de las memorias del cura de Etrepigny Jean Meslier &#8212; Zapateneo<\/title>\n<meta name=\"robots\" content=\"index, follow, max-snippet:-1, max-image-preview:large, max-video-preview:-1\" \/>\n<link rel=\"canonical\" href=\"https:\/\/zapateneo.net\/wordpress\/index.php\/producto\/esbozo-y-proposito-de-las-memorias-del-cura-de-etrepigny-jean-meslier\/\" \/>\n<meta property=\"og:locale\" content=\"es_ES\" \/>\n<meta property=\"og:type\" content=\"article\" \/>\n<meta property=\"og:title\" content=\"Esbozo y proposito de las memorias del cura de Etrepigny Jean Meslier &#8212; Zapateneo\" \/>\n<meta property=\"og:description\" content=\"vvaa 2021060200030 - Etcetera -\" \/>\n<meta property=\"og:url\" content=\"https:\/\/zapateneo.net\/wordpress\/index.php\/producto\/esbozo-y-proposito-de-las-memorias-del-cura-de-etrepigny-jean-meslier\/\" \/>\n<meta property=\"og:site_name\" content=\"Zapateneo\" \/>\n<meta property=\"article:modified_time\" content=\"2023-04-11T16:46:07+00:00\" \/>\n<meta name=\"twitter:card\" content=\"summary_large_image\" \/>\n<meta name=\"twitter:site\" content=\"@zapateneo\" \/>\n<meta name=\"twitter:label1\" content=\"Tiempo de lectura\" \/>\n\t<meta name=\"twitter:data1\" content=\"1 minuto\" \/>\n<script type=\"application\/ld+json\" class=\"yoast-schema-graph\">{\"@context\":\"https:\\\/\\\/schema.org\",\"@graph\":[{\"@type\":\"WebPage\",\"@id\":\"https:\\\/\\\/zapateneo.net\\\/wordpress\\\/index.php\\\/producto\\\/esbozo-y-proposito-de-las-memorias-del-cura-de-etrepigny-jean-meslier\\\/\",\"url\":\"https:\\\/\\\/zapateneo.net\\\/wordpress\\\/index.php\\\/producto\\\/esbozo-y-proposito-de-las-memorias-del-cura-de-etrepigny-jean-meslier\\\/\",\"name\":\"Esbozo y proposito de las memorias del cura de Etrepigny Jean Meslier &#8212; Zapateneo\",\"isPartOf\":{\"@id\":\"https:\\\/\\\/zapateneo.net\\\/wordpress\\\/#website\"},\"datePublished\":\"2021-11-08T16:45:13+00:00\",\"dateModified\":\"2023-04-11T16:46:07+00:00\",\"breadcrumb\":{\"@id\":\"https:\\\/\\\/zapateneo.net\\\/wordpress\\\/index.php\\\/producto\\\/esbozo-y-proposito-de-las-memorias-del-cura-de-etrepigny-jean-meslier\\\/#breadcrumb\"},\"inLanguage\":\"es\",\"potentialAction\":[{\"@type\":\"ReadAction\",\"target\":[\"https:\\\/\\\/zapateneo.net\\\/wordpress\\\/index.php\\\/producto\\\/esbozo-y-proposito-de-las-memorias-del-cura-de-etrepigny-jean-meslier\\\/\"]}]},{\"@type\":\"BreadcrumbList\",\"@id\":\"https:\\\/\\\/zapateneo.net\\\/wordpress\\\/index.php\\\/producto\\\/esbozo-y-proposito-de-las-memorias-del-cura-de-etrepigny-jean-meslier\\\/#breadcrumb\",\"itemListElement\":[{\"@type\":\"ListItem\",\"position\":1,\"name\":\"Portada\",\"item\":\"https:\\\/\\\/zapateneo.net\\\/wordpress\\\/\"},{\"@type\":\"ListItem\",\"position\":2,\"name\":\"Tienda\",\"item\":\"https:\\\/\\\/zapateneo.net\\\/wordpress\\\/\"},{\"@type\":\"ListItem\",\"position\":3,\"name\":\"Esbozo y proposito de las memorias del cura de Etrepigny Jean Meslier\"}]},{\"@type\":\"WebSite\",\"@id\":\"https:\\\/\\\/zapateneo.net\\\/wordpress\\\/#website\",\"url\":\"https:\\\/\\\/zapateneo.net\\\/wordpress\\\/\",\"name\":\"Zapateneo\",\"description\":\"Zapateneoaren webgunea\",\"publisher\":{\"@id\":\"https:\\\/\\\/zapateneo.net\\\/wordpress\\\/#organization\"},\"potentialAction\":[{\"@type\":\"SearchAction\",\"target\":{\"@type\":\"EntryPoint\",\"urlTemplate\":\"https:\\\/\\\/zapateneo.net\\\/wordpress\\\/?s={search_term_string}\"},\"query-input\":{\"@type\":\"PropertyValueSpecification\",\"valueRequired\":true,\"valueName\":\"search_term_string\"}}],\"inLanguage\":\"es\"},{\"@type\":\"Organization\",\"@id\":\"https:\\\/\\\/zapateneo.net\\\/wordpress\\\/#organization\",\"name\":\"Zapateneo Kultur Elkartea\",\"url\":\"https:\\\/\\\/zapateneo.net\\\/wordpress\\\/\",\"logo\":{\"@type\":\"ImageObject\",\"inLanguage\":\"es\",\"@id\":\"https:\\\/\\\/zapateneo.net\\\/wordpress\\\/#\\\/schema\\\/logo\\\/image\\\/\",\"url\":\"https:\\\/\\\/zapateneo.net\\\/wordpress\\\/wp-content\\\/uploads\\\/2021\\\/04\\\/zap-libu-kolec.jpg\",\"contentUrl\":\"https:\\\/\\\/zapateneo.net\\\/wordpress\\\/wp-content\\\/uploads\\\/2021\\\/04\\\/zap-libu-kolec.jpg\",\"width\":2234,\"height\":398,\"caption\":\"Zapateneo Kultur Elkartea\"},\"image\":{\"@id\":\"https:\\\/\\\/zapateneo.net\\\/wordpress\\\/#\\\/schema\\\/logo\\\/image\\\/\"},\"sameAs\":[\"https:\\\/\\\/x.com\\\/zapateneo\"]}]}<\/script>\n<!-- \/ Yoast SEO plugin. -->","yoast_head_json":{"title":"Esbozo y proposito de las memorias del cura de Etrepigny Jean Meslier &#8212; Zapateneo","robots":{"index":"index","follow":"follow","max-snippet":"max-snippet:-1","max-image-preview":"max-image-preview:large","max-video-preview":"max-video-preview:-1"},"canonical":"https:\/\/zapateneo.net\/wordpress\/index.php\/producto\/esbozo-y-proposito-de-las-memorias-del-cura-de-etrepigny-jean-meslier\/","og_locale":"es_ES","og_type":"article","og_title":"Esbozo y proposito de las memorias del cura de Etrepigny Jean Meslier &#8212; Zapateneo","og_description":"vvaa 2021060200030 - Etcetera -","og_url":"https:\/\/zapateneo.net\/wordpress\/index.php\/producto\/esbozo-y-proposito-de-las-memorias-del-cura-de-etrepigny-jean-meslier\/","og_site_name":"Zapateneo","article_modified_time":"2023-04-11T16:46:07+00:00","twitter_card":"summary_large_image","twitter_site":"@zapateneo","twitter_misc":{"Tiempo de lectura":"1 minuto"},"schema":{"@context":"https:\/\/schema.org","@graph":[{"@type":"WebPage","@id":"https:\/\/zapateneo.net\/wordpress\/index.php\/producto\/esbozo-y-proposito-de-las-memorias-del-cura-de-etrepigny-jean-meslier\/","url":"https:\/\/zapateneo.net\/wordpress\/index.php\/producto\/esbozo-y-proposito-de-las-memorias-del-cura-de-etrepigny-jean-meslier\/","name":"Esbozo y proposito de las memorias del cura de Etrepigny Jean Meslier &#8212; Zapateneo","isPartOf":{"@id":"https:\/\/zapateneo.net\/wordpress\/#website"},"datePublished":"2021-11-08T16:45:13+00:00","dateModified":"2023-04-11T16:46:07+00:00","breadcrumb":{"@id":"https:\/\/zapateneo.net\/wordpress\/index.php\/producto\/esbozo-y-proposito-de-las-memorias-del-cura-de-etrepigny-jean-meslier\/#breadcrumb"},"inLanguage":"es","potentialAction":[{"@type":"ReadAction","target":["https:\/\/zapateneo.net\/wordpress\/index.php\/producto\/esbozo-y-proposito-de-las-memorias-del-cura-de-etrepigny-jean-meslier\/"]}]},{"@type":"BreadcrumbList","@id":"https:\/\/zapateneo.net\/wordpress\/index.php\/producto\/esbozo-y-proposito-de-las-memorias-del-cura-de-etrepigny-jean-meslier\/#breadcrumb","itemListElement":[{"@type":"ListItem","position":1,"name":"Portada","item":"https:\/\/zapateneo.net\/wordpress\/"},{"@type":"ListItem","position":2,"name":"Tienda","item":"https:\/\/zapateneo.net\/wordpress\/"},{"@type":"ListItem","position":3,"name":"Esbozo y proposito de las memorias del cura de Etrepigny Jean Meslier"}]},{"@type":"WebSite","@id":"https:\/\/zapateneo.net\/wordpress\/#website","url":"https:\/\/zapateneo.net\/wordpress\/","name":"Zapateneo","description":"Zapateneoaren webgunea","publisher":{"@id":"https:\/\/zapateneo.net\/wordpress\/#organization"},"potentialAction":[{"@type":"SearchAction","target":{"@type":"EntryPoint","urlTemplate":"https:\/\/zapateneo.net\/wordpress\/?s={search_term_string}"},"query-input":{"@type":"PropertyValueSpecification","valueRequired":true,"valueName":"search_term_string"}}],"inLanguage":"es"},{"@type":"Organization","@id":"https:\/\/zapateneo.net\/wordpress\/#organization","name":"Zapateneo Kultur Elkartea","url":"https:\/\/zapateneo.net\/wordpress\/","logo":{"@type":"ImageObject","inLanguage":"es","@id":"https:\/\/zapateneo.net\/wordpress\/#\/schema\/logo\/image\/","url":"https:\/\/zapateneo.net\/wordpress\/wp-content\/uploads\/2021\/04\/zap-libu-kolec.jpg","contentUrl":"https:\/\/zapateneo.net\/wordpress\/wp-content\/uploads\/2021\/04\/zap-libu-kolec.jpg","width":2234,"height":398,"caption":"Zapateneo Kultur Elkartea"},"image":{"@id":"https:\/\/zapateneo.net\/wordpress\/#\/schema\/logo\/image\/"},"sameAs":["https:\/\/x.com\/zapateneo"]}]}},"_links":{"self":[{"href":"https:\/\/zapateneo.net\/wordpress\/index.php\/wp-json\/wp\/v2\/product\/9541","targetHints":{"allow":["GET"]}}],"collection":[{"href":"https:\/\/zapateneo.net\/wordpress\/index.php\/wp-json\/wp\/v2\/product"}],"about":[{"href":"https:\/\/zapateneo.net\/wordpress\/index.php\/wp-json\/wp\/v2\/types\/product"}],"wp:attachment":[{"href":"https:\/\/zapateneo.net\/wordpress\/index.php\/wp-json\/wp\/v2\/media?parent=9541"}],"wp:term":[{"taxonomy":"product_brand","embeddable":true,"href":"https:\/\/zapateneo.net\/wordpress\/index.php\/wp-json\/wp\/v2\/product_brand?post=9541"},{"taxonomy":"product_cat","embeddable":true,"href":"https:\/\/zapateneo.net\/wordpress\/index.php\/wp-json\/wp\/v2\/product_cat?post=9541"},{"taxonomy":"product_tag","embeddable":true,"href":"https:\/\/zapateneo.net\/wordpress\/index.php\/wp-json\/wp\/v2\/product_tag?post=9541"}],"curies":[{"name":"wp","href":"https:\/\/api.w.org\/{rel}","templated":true}]}}