{"id":9362,"date":"2021-12-02T20:06:42","date_gmt":"2021-12-02T19:06:42","guid":{"rendered":"https:\/\/zapateneo.net\/wordpress\/?post_type=product&#038;p=9362"},"modified":"2021-12-04T13:15:10","modified_gmt":"2021-12-04T12:15:10","slug":"josep-lluis-facerias-y-sus-grupos-de-accion","status":"publish","type":"product","link":"https:\/\/zapateneo.net\/wordpress\/index.php\/producto\/josep-lluis-facerias-y-sus-grupos-de-accion\/","title":{"rendered":"Josep Llu\u00eds Facer\u00edas y sus grupos de acci\u00f3n"},"content":{"rendered":"<p>Ahora que hace 100 a\u00f1os del nacimiento del guerrillero urbano Josep Llu\u00eds Facer\u00edas, se ha considerado necesario publicar este libro a fi n de recuperar su lucha, silenciada y menospreciada como consecuencia de los Pactos de la Transici\u00f3n. Tratamos de restablecer su compromiso libertario que lo llev\u00f3 a luchar contra la dictadura franquista durante los a\u00f1os cuarenta y cincuenta.<\/p>\n<p>Ahora m\u00e1s que nunca hay que recuperar la historia resistente para que sirva de est\u00edmulo para seguir la lucha en los momentos actuales tan dif\u00edciles. La vida de Facer\u00edas la dio a conocer a su amigo, el historiador Antonio T\u00e9llez. Este libro que tienes en las manos, resultado de un trabajo y de un esfuerzo colectivo, es un complemento a su obra, con nuevas aportaciones de inter\u00e9s: textos escritos por el propio Facer\u00edas, testigos de la \u00e9poca, documentaci\u00f3n in\u00e9dita, 54 biograf\u00edas de miembros de sus grupos de acci\u00f3n y mucho m\u00e1s.<\/p>\n","protected":false},"excerpt":{"rendered":"<p><strong>Ricard de Vargas y Roger Costa<\/strong><br \/>\n9788418283130 &#8211; Descontrol &#8211; 2020 &#8211; 433 p\u00e1ginas \/orri.<\/p>\n","protected":false},"featured_media":9371,"template":"","meta":[],"product_brand":[],"product_cat":[160,16],"product_tag":[53,4882],"class_list":{"0":"post-9362","1":"product","2":"type-product","3":"status-publish","4":"has-post-thumbnail","6":"product_cat-biografiak-biografias","7":"product_cat-libros","8":"product_tag-descontrol","9":"product_tag-ricard-de-vargas-y-roger-costa","11":"first","12":"instock","13":"sold-individually","14":"shipping-taxable","15":"purchasable","16":"product-type-simple"},"yoast_head":"<!-- This site is optimized with the Yoast SEO plugin v27.3 - https:\/\/yoast.com\/product\/yoast-seo-wordpress\/ -->\n<title>Josep Llu\u00eds Facer\u00edas y sus grupos de acci\u00f3n &#8212; Zapateneo<\/title>\n<meta name=\"description\" content=\"Josep Lluis Facer\u00edas y sus grupos de acci\u00f3n, Ricard de Vargas, Roger Costa, 9788418283130, Descontrol\" \/>\n<meta name=\"robots\" content=\"index, follow, max-snippet:-1, max-image-preview:large, max-video-preview:-1\" \/>\n<link rel=\"canonical\" href=\"https:\/\/zapateneo.net\/wordpress\/index.php\/producto\/josep-lluis-facerias-y-sus-grupos-de-accion\/\" \/>\n<meta property=\"og:locale\" content=\"es_ES\" \/>\n<meta property=\"og:type\" content=\"article\" \/>\n<meta property=\"og:title\" content=\"Josep Llu\u00eds Facer\u00edas y sus grupos de acci\u00f3n &#8212; Zapateneo\" \/>\n<meta property=\"og:description\" content=\"Josep Lluis Facer\u00edas y sus grupos de acci\u00f3n, Ricard de Vargas, Roger Costa, 9788418283130, Descontrol\" \/>\n<meta property=\"og:url\" content=\"https:\/\/zapateneo.net\/wordpress\/index.php\/producto\/josep-lluis-facerias-y-sus-grupos-de-accion\/\" \/>\n<meta property=\"og:site_name\" content=\"Zapateneo\" \/>\n<meta property=\"article:modified_time\" content=\"2021-12-04T12:15:10+00:00\" \/>\n<meta property=\"og:image\" content=\"https:\/\/zapateneo.net\/wordpress\/wp-content\/uploads\/2021\/12\/josep_lluis.jpg\" \/>\n\t<meta property=\"og:image:width\" content=\"270\" \/>\n\t<meta property=\"og:image:height\" content=\"400\" \/>\n\t<meta property=\"og:image:type\" content=\"image\/jpeg\" \/>\n<meta name=\"twitter:card\" content=\"summary_large_image\" \/>\n<meta name=\"twitter:site\" content=\"@zapateneo\" \/>\n<meta name=\"twitter:label1\" content=\"Tiempo de lectura\" \/>\n\t<meta name=\"twitter:data1\" content=\"1 minuto\" \/>\n<script type=\"application\/ld+json\" class=\"yoast-schema-graph\">{\"@context\":\"https:\\\/\\\/schema.org\",\"@graph\":[{\"@type\":\"WebPage\",\"@id\":\"https:\\\/\\\/zapateneo.net\\\/wordpress\\\/index.php\\\/producto\\\/josep-lluis-facerias-y-sus-grupos-de-accion\\\/\",\"url\":\"https:\\\/\\\/zapateneo.net\\\/wordpress\\\/index.php\\\/producto\\\/josep-lluis-facerias-y-sus-grupos-de-accion\\\/\",\"name\":\"Josep Llu\u00eds Facer\u00edas y sus grupos de acci\u00f3n &#8212; Zapateneo\",\"isPartOf\":{\"@id\":\"https:\\\/\\\/zapateneo.net\\\/wordpress\\\/#website\"},\"primaryImageOfPage\":{\"@id\":\"https:\\\/\\\/zapateneo.net\\\/wordpress\\\/index.php\\\/producto\\\/josep-lluis-facerias-y-sus-grupos-de-accion\\\/#primaryimage\"},\"image\":{\"@id\":\"https:\\\/\\\/zapateneo.net\\\/wordpress\\\/index.php\\\/producto\\\/josep-lluis-facerias-y-sus-grupos-de-accion\\\/#primaryimage\"},\"thumbnailUrl\":\"https:\\\/\\\/zapateneo.net\\\/wordpress\\\/wp-content\\\/uploads\\\/2021\\\/12\\\/josep_lluis.jpg\",\"datePublished\":\"2021-12-02T19:06:42+00:00\",\"dateModified\":\"2021-12-04T12:15:10+00:00\",\"description\":\"Josep Lluis Facer\u00edas y sus grupos de acci\u00f3n, Ricard de Vargas, Roger Costa, 9788418283130, Descontrol\",\"breadcrumb\":{\"@id\":\"https:\\\/\\\/zapateneo.net\\\/wordpress\\\/index.php\\\/producto\\\/josep-lluis-facerias-y-sus-grupos-de-accion\\\/#breadcrumb\"},\"inLanguage\":\"es\",\"potentialAction\":[{\"@type\":\"ReadAction\",\"target\":[\"https:\\\/\\\/zapateneo.net\\\/wordpress\\\/index.php\\\/producto\\\/josep-lluis-facerias-y-sus-grupos-de-accion\\\/\"]}]},{\"@type\":\"ImageObject\",\"inLanguage\":\"es\",\"@id\":\"https:\\\/\\\/zapateneo.net\\\/wordpress\\\/index.php\\\/producto\\\/josep-lluis-facerias-y-sus-grupos-de-accion\\\/#primaryimage\",\"url\":\"https:\\\/\\\/zapateneo.net\\\/wordpress\\\/wp-content\\\/uploads\\\/2021\\\/12\\\/josep_lluis.jpg\",\"contentUrl\":\"https:\\\/\\\/zapateneo.net\\\/wordpress\\\/wp-content\\\/uploads\\\/2021\\\/12\\\/josep_lluis.jpg\",\"width\":270,\"height\":400},{\"@type\":\"BreadcrumbList\",\"@id\":\"https:\\\/\\\/zapateneo.net\\\/wordpress\\\/index.php\\\/producto\\\/josep-lluis-facerias-y-sus-grupos-de-accion\\\/#breadcrumb\",\"itemListElement\":[{\"@type\":\"ListItem\",\"position\":1,\"name\":\"Portada\",\"item\":\"https:\\\/\\\/zapateneo.net\\\/wordpress\\\/\"},{\"@type\":\"ListItem\",\"position\":2,\"name\":\"Tienda\",\"item\":\"https:\\\/\\\/zapateneo.net\\\/wordpress\\\/\"},{\"@type\":\"ListItem\",\"position\":3,\"name\":\"Josep Llu\u00eds Facer\u00edas y sus grupos de acci\u00f3n\"}]},{\"@type\":\"WebSite\",\"@id\":\"https:\\\/\\\/zapateneo.net\\\/wordpress\\\/#website\",\"url\":\"https:\\\/\\\/zapateneo.net\\\/wordpress\\\/\",\"name\":\"Zapateneo\",\"description\":\"Zapateneoaren webgunea\",\"publisher\":{\"@id\":\"https:\\\/\\\/zapateneo.net\\\/wordpress\\\/#organization\"},\"potentialAction\":[{\"@type\":\"SearchAction\",\"target\":{\"@type\":\"EntryPoint\",\"urlTemplate\":\"https:\\\/\\\/zapateneo.net\\\/wordpress\\\/?s={search_term_string}\"},\"query-input\":{\"@type\":\"PropertyValueSpecification\",\"valueRequired\":true,\"valueName\":\"search_term_string\"}}],\"inLanguage\":\"es\"},{\"@type\":\"Organization\",\"@id\":\"https:\\\/\\\/zapateneo.net\\\/wordpress\\\/#organization\",\"name\":\"Zapateneo Kultur Elkartea\",\"url\":\"https:\\\/\\\/zapateneo.net\\\/wordpress\\\/\",\"logo\":{\"@type\":\"ImageObject\",\"inLanguage\":\"es\",\"@id\":\"https:\\\/\\\/zapateneo.net\\\/wordpress\\\/#\\\/schema\\\/logo\\\/image\\\/\",\"url\":\"https:\\\/\\\/zapateneo.net\\\/wordpress\\\/wp-content\\\/uploads\\\/2021\\\/04\\\/zap-libu-kolec.jpg\",\"contentUrl\":\"https:\\\/\\\/zapateneo.net\\\/wordpress\\\/wp-content\\\/uploads\\\/2021\\\/04\\\/zap-libu-kolec.jpg\",\"width\":2234,\"height\":398,\"caption\":\"Zapateneo Kultur Elkartea\"},\"image\":{\"@id\":\"https:\\\/\\\/zapateneo.net\\\/wordpress\\\/#\\\/schema\\\/logo\\\/image\\\/\"},\"sameAs\":[\"https:\\\/\\\/x.com\\\/zapateneo\"]}]}<\/script>\n<!-- \/ Yoast SEO plugin. -->","yoast_head_json":{"title":"Josep Llu\u00eds Facer\u00edas y sus grupos de acci\u00f3n &#8212; Zapateneo","description":"Josep Lluis Facer\u00edas y sus grupos de acci\u00f3n, Ricard de Vargas, Roger Costa, 9788418283130, Descontrol","robots":{"index":"index","follow":"follow","max-snippet":"max-snippet:-1","max-image-preview":"max-image-preview:large","max-video-preview":"max-video-preview:-1"},"canonical":"https:\/\/zapateneo.net\/wordpress\/index.php\/producto\/josep-lluis-facerias-y-sus-grupos-de-accion\/","og_locale":"es_ES","og_type":"article","og_title":"Josep Llu\u00eds Facer\u00edas y sus grupos de acci\u00f3n &#8212; Zapateneo","og_description":"Josep Lluis Facer\u00edas y sus grupos de acci\u00f3n, Ricard de Vargas, Roger Costa, 9788418283130, Descontrol","og_url":"https:\/\/zapateneo.net\/wordpress\/index.php\/producto\/josep-lluis-facerias-y-sus-grupos-de-accion\/","og_site_name":"Zapateneo","article_modified_time":"2021-12-04T12:15:10+00:00","og_image":[{"width":270,"height":400,"url":"https:\/\/zapateneo.net\/wordpress\/wp-content\/uploads\/2021\/12\/josep_lluis.jpg","type":"image\/jpeg"}],"twitter_card":"summary_large_image","twitter_site":"@zapateneo","twitter_misc":{"Tiempo de lectura":"1 minuto"},"schema":{"@context":"https:\/\/schema.org","@graph":[{"@type":"WebPage","@id":"https:\/\/zapateneo.net\/wordpress\/index.php\/producto\/josep-lluis-facerias-y-sus-grupos-de-accion\/","url":"https:\/\/zapateneo.net\/wordpress\/index.php\/producto\/josep-lluis-facerias-y-sus-grupos-de-accion\/","name":"Josep Llu\u00eds Facer\u00edas y sus grupos de acci\u00f3n &#8212; Zapateneo","isPartOf":{"@id":"https:\/\/zapateneo.net\/wordpress\/#website"},"primaryImageOfPage":{"@id":"https:\/\/zapateneo.net\/wordpress\/index.php\/producto\/josep-lluis-facerias-y-sus-grupos-de-accion\/#primaryimage"},"image":{"@id":"https:\/\/zapateneo.net\/wordpress\/index.php\/producto\/josep-lluis-facerias-y-sus-grupos-de-accion\/#primaryimage"},"thumbnailUrl":"https:\/\/zapateneo.net\/wordpress\/wp-content\/uploads\/2021\/12\/josep_lluis.jpg","datePublished":"2021-12-02T19:06:42+00:00","dateModified":"2021-12-04T12:15:10+00:00","description":"Josep Lluis Facer\u00edas y sus grupos de acci\u00f3n, Ricard de Vargas, Roger Costa, 9788418283130, Descontrol","breadcrumb":{"@id":"https:\/\/zapateneo.net\/wordpress\/index.php\/producto\/josep-lluis-facerias-y-sus-grupos-de-accion\/#breadcrumb"},"inLanguage":"es","potentialAction":[{"@type":"ReadAction","target":["https:\/\/zapateneo.net\/wordpress\/index.php\/producto\/josep-lluis-facerias-y-sus-grupos-de-accion\/"]}]},{"@type":"ImageObject","inLanguage":"es","@id":"https:\/\/zapateneo.net\/wordpress\/index.php\/producto\/josep-lluis-facerias-y-sus-grupos-de-accion\/#primaryimage","url":"https:\/\/zapateneo.net\/wordpress\/wp-content\/uploads\/2021\/12\/josep_lluis.jpg","contentUrl":"https:\/\/zapateneo.net\/wordpress\/wp-content\/uploads\/2021\/12\/josep_lluis.jpg","width":270,"height":400},{"@type":"BreadcrumbList","@id":"https:\/\/zapateneo.net\/wordpress\/index.php\/producto\/josep-lluis-facerias-y-sus-grupos-de-accion\/#breadcrumb","itemListElement":[{"@type":"ListItem","position":1,"name":"Portada","item":"https:\/\/zapateneo.net\/wordpress\/"},{"@type":"ListItem","position":2,"name":"Tienda","item":"https:\/\/zapateneo.net\/wordpress\/"},{"@type":"ListItem","position":3,"name":"Josep Llu\u00eds Facer\u00edas y sus grupos de acci\u00f3n"}]},{"@type":"WebSite","@id":"https:\/\/zapateneo.net\/wordpress\/#website","url":"https:\/\/zapateneo.net\/wordpress\/","name":"Zapateneo","description":"Zapateneoaren webgunea","publisher":{"@id":"https:\/\/zapateneo.net\/wordpress\/#organization"},"potentialAction":[{"@type":"SearchAction","target":{"@type":"EntryPoint","urlTemplate":"https:\/\/zapateneo.net\/wordpress\/?s={search_term_string}"},"query-input":{"@type":"PropertyValueSpecification","valueRequired":true,"valueName":"search_term_string"}}],"inLanguage":"es"},{"@type":"Organization","@id":"https:\/\/zapateneo.net\/wordpress\/#organization","name":"Zapateneo Kultur Elkartea","url":"https:\/\/zapateneo.net\/wordpress\/","logo":{"@type":"ImageObject","inLanguage":"es","@id":"https:\/\/zapateneo.net\/wordpress\/#\/schema\/logo\/image\/","url":"https:\/\/zapateneo.net\/wordpress\/wp-content\/uploads\/2021\/04\/zap-libu-kolec.jpg","contentUrl":"https:\/\/zapateneo.net\/wordpress\/wp-content\/uploads\/2021\/04\/zap-libu-kolec.jpg","width":2234,"height":398,"caption":"Zapateneo Kultur Elkartea"},"image":{"@id":"https:\/\/zapateneo.net\/wordpress\/#\/schema\/logo\/image\/"},"sameAs":["https:\/\/x.com\/zapateneo"]}]}},"_links":{"self":[{"href":"https:\/\/zapateneo.net\/wordpress\/index.php\/wp-json\/wp\/v2\/product\/9362","targetHints":{"allow":["GET"]}}],"collection":[{"href":"https:\/\/zapateneo.net\/wordpress\/index.php\/wp-json\/wp\/v2\/product"}],"about":[{"href":"https:\/\/zapateneo.net\/wordpress\/index.php\/wp-json\/wp\/v2\/types\/product"}],"wp:featuredmedia":[{"embeddable":true,"href":"https:\/\/zapateneo.net\/wordpress\/index.php\/wp-json\/wp\/v2\/media\/9371"}],"wp:attachment":[{"href":"https:\/\/zapateneo.net\/wordpress\/index.php\/wp-json\/wp\/v2\/media?parent=9362"}],"wp:term":[{"taxonomy":"product_brand","embeddable":true,"href":"https:\/\/zapateneo.net\/wordpress\/index.php\/wp-json\/wp\/v2\/product_brand?post=9362"},{"taxonomy":"product_cat","embeddable":true,"href":"https:\/\/zapateneo.net\/wordpress\/index.php\/wp-json\/wp\/v2\/product_cat?post=9362"},{"taxonomy":"product_tag","embeddable":true,"href":"https:\/\/zapateneo.net\/wordpress\/index.php\/wp-json\/wp\/v2\/product_tag?post=9362"}],"curies":[{"name":"wp","href":"https:\/\/api.w.org\/{rel}","templated":true}]}}