{"id":925,"date":"2021-04-07T07:43:59","date_gmt":"2021-04-07T06:43:59","guid":{"rendered":"https:\/\/zapateneo.net\/wordpress\/?post_type=product&#038;p=925"},"modified":"2021-04-07T07:44:15","modified_gmt":"2021-04-07T06:44:15","slug":"la-comuna-de-cronstadt-crepusculo-sangriento-de-los-soviets","status":"publish","type":"product","link":"https:\/\/zapateneo.net\/wordpress\/index.php\/producto\/la-comuna-de-cronstadt-crepusculo-sangriento-de-los-soviets\/","title":{"rendered":"La comuna de Cronstadt. Crep\u00fasculo sangriento de los Soviets"},"content":{"rendered":"<p>\u00bfQu\u00e9 quer\u00edan, pues, los marinos de Kronstadt? Sus reivindicaciones, \u00bfno tienen un aspecto de actualidad, incluso hoy, no s\u00f3lo para la URSS sino tambi\u00e9n para todos los pa\u00edses en los que se ha consolidado la dictadura de un partido \u00fanico?<\/p>\n<p>S\u00ed, hace muchos a\u00f1os de esto; los marinos de Kronstadt, salidos en su mayor\u00eda de la clase campesina trabajadora, reivindicaban para los campesinos el derecho a cultivar sus tierras sin recurrir al trabajo asalariado. La colectivizaci\u00f3n de las aldeas, realizada a la manera estalinista bajo la coerci\u00f3n, abatiendo a millones de v\u00edctimas, destruyendo las tradiciones sociales campesinas seculares, instalando un r\u00e9gimen que niega todo derecho al campesinado, prueba que el instinto social de los cronstadianos les hac\u00eda presentir las desgracias futuras. Con una fe ingenua so\u00f1aban con defender a su clase protegi\u00e9ndola con sus pechos, y se lanzaron a la lucha. Sus exigencias son de actualidad a\u00fan en la hora presente. Llegar\u00e1 un tiempo en que la dictadura de la burocracia del partido se hundir\u00e1. Todas las reivindicaciones de los marinos de Kronstadt volver\u00e1n a estar a la orden del d\u00eda.<\/p>\n","protected":false},"excerpt":{"rendered":"<p><strong>Mett, Ida<\/strong><br \/>\n9788461101993 &#8211; ediciones espartaco internacional &#8211; 2006 &#8211; 137 p\u00e1ginas \/orri.<\/p>\n","protected":false},"featured_media":953,"template":"","meta":[],"product_brand":[],"product_cat":[16,173],"product_tag":[771,769],"class_list":{"0":"post-925","1":"product","2":"type-product","3":"status-publish","4":"has-post-thumbnail","6":"product_cat-libros","7":"product_cat-saiakera-ensayo","8":"product_tag-ediciones-espartaco-internacional","9":"product_tag-mett","11":"first","12":"instock","13":"sold-individually","14":"shipping-taxable","15":"purchasable","16":"product-type-simple"},"yoast_head":"<!-- This site is optimized with the Yoast SEO plugin v27.3 - https:\/\/yoast.com\/product\/yoast-seo-wordpress\/ -->\n<title>La comuna de Cronstadt. Crep\u00fasculo sangriento de los Soviets &#8212; Zapateneo<\/title>\n<meta name=\"robots\" content=\"index, follow, max-snippet:-1, max-image-preview:large, max-video-preview:-1\" \/>\n<link rel=\"canonical\" href=\"https:\/\/zapateneo.net\/wordpress\/index.php\/producto\/la-comuna-de-cronstadt-crepusculo-sangriento-de-los-soviets\/\" \/>\n<meta property=\"og:locale\" content=\"es_ES\" \/>\n<meta property=\"og:type\" content=\"article\" \/>\n<meta property=\"og:title\" content=\"La comuna de Cronstadt. Crep\u00fasculo sangriento de los Soviets &#8212; Zapateneo\" \/>\n<meta property=\"og:description\" content=\"Mett, Ida 9788461101993 - ediciones espartaco internacional - 2006 - 137 p\u00e1ginas \/orri.\" \/>\n<meta property=\"og:url\" content=\"https:\/\/zapateneo.net\/wordpress\/index.php\/producto\/la-comuna-de-cronstadt-crepusculo-sangriento-de-los-soviets\/\" \/>\n<meta property=\"og:site_name\" content=\"Zapateneo\" \/>\n<meta property=\"article:modified_time\" content=\"2021-04-07T06:44:15+00:00\" \/>\n<meta property=\"og:image\" content=\"https:\/\/zapateneo.net\/wordpress\/wp-content\/uploads\/2021\/04\/la_comuna_2.jpg\" \/>\n\t<meta property=\"og:image:width\" content=\"201\" \/>\n\t<meta property=\"og:image:height\" content=\"320\" \/>\n\t<meta property=\"og:image:type\" content=\"image\/jpeg\" \/>\n<meta name=\"twitter:card\" content=\"summary_large_image\" \/>\n<meta name=\"twitter:site\" content=\"@zapateneo\" \/>\n<meta name=\"twitter:label1\" content=\"Tiempo de lectura\" \/>\n\t<meta name=\"twitter:data1\" content=\"1 minuto\" \/>\n<script type=\"application\/ld+json\" class=\"yoast-schema-graph\">{\"@context\":\"https:\\\/\\\/schema.org\",\"@graph\":[{\"@type\":\"WebPage\",\"@id\":\"https:\\\/\\\/zapateneo.net\\\/wordpress\\\/index.php\\\/producto\\\/la-comuna-de-cronstadt-crepusculo-sangriento-de-los-soviets\\\/\",\"url\":\"https:\\\/\\\/zapateneo.net\\\/wordpress\\\/index.php\\\/producto\\\/la-comuna-de-cronstadt-crepusculo-sangriento-de-los-soviets\\\/\",\"name\":\"La comuna de Cronstadt. Crep\u00fasculo sangriento de los Soviets &#8212; Zapateneo\",\"isPartOf\":{\"@id\":\"https:\\\/\\\/zapateneo.net\\\/wordpress\\\/#website\"},\"primaryImageOfPage\":{\"@id\":\"https:\\\/\\\/zapateneo.net\\\/wordpress\\\/index.php\\\/producto\\\/la-comuna-de-cronstadt-crepusculo-sangriento-de-los-soviets\\\/#primaryimage\"},\"image\":{\"@id\":\"https:\\\/\\\/zapateneo.net\\\/wordpress\\\/index.php\\\/producto\\\/la-comuna-de-cronstadt-crepusculo-sangriento-de-los-soviets\\\/#primaryimage\"},\"thumbnailUrl\":\"https:\\\/\\\/zapateneo.net\\\/wordpress\\\/wp-content\\\/uploads\\\/2021\\\/04\\\/la_comuna_2.jpg\",\"datePublished\":\"2021-04-07T06:43:59+00:00\",\"dateModified\":\"2021-04-07T06:44:15+00:00\",\"breadcrumb\":{\"@id\":\"https:\\\/\\\/zapateneo.net\\\/wordpress\\\/index.php\\\/producto\\\/la-comuna-de-cronstadt-crepusculo-sangriento-de-los-soviets\\\/#breadcrumb\"},\"inLanguage\":\"es\",\"potentialAction\":[{\"@type\":\"ReadAction\",\"target\":[\"https:\\\/\\\/zapateneo.net\\\/wordpress\\\/index.php\\\/producto\\\/la-comuna-de-cronstadt-crepusculo-sangriento-de-los-soviets\\\/\"]}]},{\"@type\":\"ImageObject\",\"inLanguage\":\"es\",\"@id\":\"https:\\\/\\\/zapateneo.net\\\/wordpress\\\/index.php\\\/producto\\\/la-comuna-de-cronstadt-crepusculo-sangriento-de-los-soviets\\\/#primaryimage\",\"url\":\"https:\\\/\\\/zapateneo.net\\\/wordpress\\\/wp-content\\\/uploads\\\/2021\\\/04\\\/la_comuna_2.jpg\",\"contentUrl\":\"https:\\\/\\\/zapateneo.net\\\/wordpress\\\/wp-content\\\/uploads\\\/2021\\\/04\\\/la_comuna_2.jpg\",\"width\":201,\"height\":320},{\"@type\":\"BreadcrumbList\",\"@id\":\"https:\\\/\\\/zapateneo.net\\\/wordpress\\\/index.php\\\/producto\\\/la-comuna-de-cronstadt-crepusculo-sangriento-de-los-soviets\\\/#breadcrumb\",\"itemListElement\":[{\"@type\":\"ListItem\",\"position\":1,\"name\":\"Portada\",\"item\":\"https:\\\/\\\/zapateneo.net\\\/wordpress\\\/\"},{\"@type\":\"ListItem\",\"position\":2,\"name\":\"Tienda\",\"item\":\"https:\\\/\\\/zapateneo.net\\\/wordpress\\\/\"},{\"@type\":\"ListItem\",\"position\":3,\"name\":\"La comuna de Cronstadt. Crep\u00fasculo sangriento de los Soviets\"}]},{\"@type\":\"WebSite\",\"@id\":\"https:\\\/\\\/zapateneo.net\\\/wordpress\\\/#website\",\"url\":\"https:\\\/\\\/zapateneo.net\\\/wordpress\\\/\",\"name\":\"Zapateneo\",\"description\":\"Zapateneoaren webgunea\",\"publisher\":{\"@id\":\"https:\\\/\\\/zapateneo.net\\\/wordpress\\\/#organization\"},\"potentialAction\":[{\"@type\":\"SearchAction\",\"target\":{\"@type\":\"EntryPoint\",\"urlTemplate\":\"https:\\\/\\\/zapateneo.net\\\/wordpress\\\/?s={search_term_string}\"},\"query-input\":{\"@type\":\"PropertyValueSpecification\",\"valueRequired\":true,\"valueName\":\"search_term_string\"}}],\"inLanguage\":\"es\"},{\"@type\":\"Organization\",\"@id\":\"https:\\\/\\\/zapateneo.net\\\/wordpress\\\/#organization\",\"name\":\"Zapateneo Kultur Elkartea\",\"url\":\"https:\\\/\\\/zapateneo.net\\\/wordpress\\\/\",\"logo\":{\"@type\":\"ImageObject\",\"inLanguage\":\"es\",\"@id\":\"https:\\\/\\\/zapateneo.net\\\/wordpress\\\/#\\\/schema\\\/logo\\\/image\\\/\",\"url\":\"https:\\\/\\\/zapateneo.net\\\/wordpress\\\/wp-content\\\/uploads\\\/2021\\\/04\\\/zap-libu-kolec.jpg\",\"contentUrl\":\"https:\\\/\\\/zapateneo.net\\\/wordpress\\\/wp-content\\\/uploads\\\/2021\\\/04\\\/zap-libu-kolec.jpg\",\"width\":2234,\"height\":398,\"caption\":\"Zapateneo Kultur Elkartea\"},\"image\":{\"@id\":\"https:\\\/\\\/zapateneo.net\\\/wordpress\\\/#\\\/schema\\\/logo\\\/image\\\/\"},\"sameAs\":[\"https:\\\/\\\/x.com\\\/zapateneo\"]}]}<\/script>\n<!-- \/ Yoast SEO plugin. -->","yoast_head_json":{"title":"La comuna de Cronstadt. Crep\u00fasculo sangriento de los Soviets &#8212; Zapateneo","robots":{"index":"index","follow":"follow","max-snippet":"max-snippet:-1","max-image-preview":"max-image-preview:large","max-video-preview":"max-video-preview:-1"},"canonical":"https:\/\/zapateneo.net\/wordpress\/index.php\/producto\/la-comuna-de-cronstadt-crepusculo-sangriento-de-los-soviets\/","og_locale":"es_ES","og_type":"article","og_title":"La comuna de Cronstadt. Crep\u00fasculo sangriento de los Soviets &#8212; Zapateneo","og_description":"Mett, Ida 9788461101993 - ediciones espartaco internacional - 2006 - 137 p\u00e1ginas \/orri.","og_url":"https:\/\/zapateneo.net\/wordpress\/index.php\/producto\/la-comuna-de-cronstadt-crepusculo-sangriento-de-los-soviets\/","og_site_name":"Zapateneo","article_modified_time":"2021-04-07T06:44:15+00:00","og_image":[{"width":201,"height":320,"url":"https:\/\/zapateneo.net\/wordpress\/wp-content\/uploads\/2021\/04\/la_comuna_2.jpg","type":"image\/jpeg"}],"twitter_card":"summary_large_image","twitter_site":"@zapateneo","twitter_misc":{"Tiempo de lectura":"1 minuto"},"schema":{"@context":"https:\/\/schema.org","@graph":[{"@type":"WebPage","@id":"https:\/\/zapateneo.net\/wordpress\/index.php\/producto\/la-comuna-de-cronstadt-crepusculo-sangriento-de-los-soviets\/","url":"https:\/\/zapateneo.net\/wordpress\/index.php\/producto\/la-comuna-de-cronstadt-crepusculo-sangriento-de-los-soviets\/","name":"La comuna de Cronstadt. Crep\u00fasculo sangriento de los Soviets &#8212; Zapateneo","isPartOf":{"@id":"https:\/\/zapateneo.net\/wordpress\/#website"},"primaryImageOfPage":{"@id":"https:\/\/zapateneo.net\/wordpress\/index.php\/producto\/la-comuna-de-cronstadt-crepusculo-sangriento-de-los-soviets\/#primaryimage"},"image":{"@id":"https:\/\/zapateneo.net\/wordpress\/index.php\/producto\/la-comuna-de-cronstadt-crepusculo-sangriento-de-los-soviets\/#primaryimage"},"thumbnailUrl":"https:\/\/zapateneo.net\/wordpress\/wp-content\/uploads\/2021\/04\/la_comuna_2.jpg","datePublished":"2021-04-07T06:43:59+00:00","dateModified":"2021-04-07T06:44:15+00:00","breadcrumb":{"@id":"https:\/\/zapateneo.net\/wordpress\/index.php\/producto\/la-comuna-de-cronstadt-crepusculo-sangriento-de-los-soviets\/#breadcrumb"},"inLanguage":"es","potentialAction":[{"@type":"ReadAction","target":["https:\/\/zapateneo.net\/wordpress\/index.php\/producto\/la-comuna-de-cronstadt-crepusculo-sangriento-de-los-soviets\/"]}]},{"@type":"ImageObject","inLanguage":"es","@id":"https:\/\/zapateneo.net\/wordpress\/index.php\/producto\/la-comuna-de-cronstadt-crepusculo-sangriento-de-los-soviets\/#primaryimage","url":"https:\/\/zapateneo.net\/wordpress\/wp-content\/uploads\/2021\/04\/la_comuna_2.jpg","contentUrl":"https:\/\/zapateneo.net\/wordpress\/wp-content\/uploads\/2021\/04\/la_comuna_2.jpg","width":201,"height":320},{"@type":"BreadcrumbList","@id":"https:\/\/zapateneo.net\/wordpress\/index.php\/producto\/la-comuna-de-cronstadt-crepusculo-sangriento-de-los-soviets\/#breadcrumb","itemListElement":[{"@type":"ListItem","position":1,"name":"Portada","item":"https:\/\/zapateneo.net\/wordpress\/"},{"@type":"ListItem","position":2,"name":"Tienda","item":"https:\/\/zapateneo.net\/wordpress\/"},{"@type":"ListItem","position":3,"name":"La comuna de Cronstadt. Crep\u00fasculo sangriento de los Soviets"}]},{"@type":"WebSite","@id":"https:\/\/zapateneo.net\/wordpress\/#website","url":"https:\/\/zapateneo.net\/wordpress\/","name":"Zapateneo","description":"Zapateneoaren webgunea","publisher":{"@id":"https:\/\/zapateneo.net\/wordpress\/#organization"},"potentialAction":[{"@type":"SearchAction","target":{"@type":"EntryPoint","urlTemplate":"https:\/\/zapateneo.net\/wordpress\/?s={search_term_string}"},"query-input":{"@type":"PropertyValueSpecification","valueRequired":true,"valueName":"search_term_string"}}],"inLanguage":"es"},{"@type":"Organization","@id":"https:\/\/zapateneo.net\/wordpress\/#organization","name":"Zapateneo Kultur Elkartea","url":"https:\/\/zapateneo.net\/wordpress\/","logo":{"@type":"ImageObject","inLanguage":"es","@id":"https:\/\/zapateneo.net\/wordpress\/#\/schema\/logo\/image\/","url":"https:\/\/zapateneo.net\/wordpress\/wp-content\/uploads\/2021\/04\/zap-libu-kolec.jpg","contentUrl":"https:\/\/zapateneo.net\/wordpress\/wp-content\/uploads\/2021\/04\/zap-libu-kolec.jpg","width":2234,"height":398,"caption":"Zapateneo Kultur Elkartea"},"image":{"@id":"https:\/\/zapateneo.net\/wordpress\/#\/schema\/logo\/image\/"},"sameAs":["https:\/\/x.com\/zapateneo"]}]}},"_links":{"self":[{"href":"https:\/\/zapateneo.net\/wordpress\/index.php\/wp-json\/wp\/v2\/product\/925","targetHints":{"allow":["GET"]}}],"collection":[{"href":"https:\/\/zapateneo.net\/wordpress\/index.php\/wp-json\/wp\/v2\/product"}],"about":[{"href":"https:\/\/zapateneo.net\/wordpress\/index.php\/wp-json\/wp\/v2\/types\/product"}],"wp:featuredmedia":[{"embeddable":true,"href":"https:\/\/zapateneo.net\/wordpress\/index.php\/wp-json\/wp\/v2\/media\/953"}],"wp:attachment":[{"href":"https:\/\/zapateneo.net\/wordpress\/index.php\/wp-json\/wp\/v2\/media?parent=925"}],"wp:term":[{"taxonomy":"product_brand","embeddable":true,"href":"https:\/\/zapateneo.net\/wordpress\/index.php\/wp-json\/wp\/v2\/product_brand?post=925"},{"taxonomy":"product_cat","embeddable":true,"href":"https:\/\/zapateneo.net\/wordpress\/index.php\/wp-json\/wp\/v2\/product_cat?post=925"},{"taxonomy":"product_tag","embeddable":true,"href":"https:\/\/zapateneo.net\/wordpress\/index.php\/wp-json\/wp\/v2\/product_tag?post=925"}],"curies":[{"name":"wp","href":"https:\/\/api.w.org\/{rel}","templated":true}]}}