{"id":9242,"date":"2021-11-02T21:26:22","date_gmt":"2021-11-02T20:26:22","guid":{"rendered":"https:\/\/zapateneo.net\/wordpress\/?post_type=product&#038;p=9242"},"modified":"2023-04-11T18:45:49","modified_gmt":"2023-04-11T17:45:49","slug":"de-la-construccion-del-lenguaje-ii","status":"publish","type":"product","link":"https:\/\/zapateneo.net\/wordpress\/index.php\/producto\/de-la-construccion-del-lenguaje-ii\/","title":{"rendered":"De la construcci\u00f3n (Del lenguaje II)"},"content":{"rendered":"<p>La instancia de organizaci\u00f3n de la frase y las relaciones de dependencia. Conexi\u00f3n de las relaciones sint\u00e1cticas con las asociativas y morf\u00e9micas, con las sem\u00e1nticas y con las empr\u00e1cticas. Cuestiones implicadas en ello de la g\u00e9nesis de la gram\u00e1tica, de relaci\u00f3n entre estudio gen\u00e9tico y descriptivo, de la unidad \u2018palabra\u2019 como l\u00e9xica y como sint\u00e1ctica, de la clasificaci\u00f3n de las palabras en relaci\u00f3n con sus funciones, entre otras. Numerosos esquemas ilustrativos y dibujos de organizaci\u00f3n de frases.<\/p>\n<p>Nacido en Zamora, el 15 de octubre de 1.926.<br \/>\nBachillerato en el Instituto de Zamora, 1.936-1943.<br \/>\nEstudios de Filosof\u00eda y Letras y de Lenguas Cl\u00e1sicas en la Universidad de Salamanca, 1.943-1.948. Premio extraordinario.<br \/>\nDoctor en Letras por la Universidad de Madrid, con una \u201cTesis sobre la prosodia y m\u00e9trica antiguas\u201d, Diciembre de 1.950.<br \/>\nProfesor, sucesivamente, Ayudante, Adjunto de Filolog\u00eda Griega y Latina, en la Facultad de Letras de Salamanca, 1.948-1.956.<br \/>\nCatedr\u00e1tico de Lat\u00edn en el Instituto de Zamora, 1.951-1.956.<br \/>\nCatedr\u00e1tico de Lengua y Literatura Latinas en la Universidad de Murcia, Febrero de 1.953. Excedencia.<br \/>\nCatedr\u00e1tico de Lengua y Literatura Latinas, por concurso, en la Facultad de Letras de la Universidad de Sevilla, Enero de 1.959 \u2013 Junio de 1.964.<br \/>\nSimult\u00e1neamente, Catedr\u00e1tico, por traslado, en el Instituto \u201cMurillo\u201d de Sevilla.<br \/>\nCatedr\u00e1tico de Filolog\u00eda Latina, por nueva oposici\u00f3n, en la Facultad de Filolog\u00eda, de la Universidad de Madrid, Junio de 1.964<br \/>\nPor implicaci\u00f3n en el levantamiento estudiantil, Febrero de 1.965, expulsado de la Universidad y C\u00e1tedra, Agosto 1.965<br \/>\nEscuela de estudio libre en la calle del Desenga\u00f1o de Madrid, 1.965-1.969. M\u00faltiples detenciones polic\u00edacas.<br \/>\nSalida de Espa\u00f1a por v\u00eda clandestina y establecimiento en Par\u00eds, Junio de 1.969.<br \/>\nProf. Assistant en la Universidad de Par\u00eds-Nanterre, 1.969-1.970.<br \/>\nProf. Ma\u00eetre-Assistant en la Facult\u00e9 des Lettres de la Universidad de Lille 1.970-1.976.<br \/>\nAnulaci\u00f3n del Decreto de expulsi\u00f3n, Noviembre 1.975<br \/>\nVuelta a la C\u00e1tedra de Filolog\u00eda Latina en la Universidad Complutense de Madrid, Noviembre de 1.976.<br \/>\nEnse\u00f1anza en dicha c\u00e1tedra hasta Octubre 1.991. Jubilaci\u00f3n.<br \/>\nProfesor Em\u00e9rito en la Facultad de Filolog\u00eda de la Universidad Complutense de Madrid desde Diciembre de 1.991 hasta 1997.<br \/>\nContinuidad de su labor socr\u00e1tica en \u00e1goras libres, especialmente la Tertulia Pol\u00edtica en el Ateneo de Madrid, todos los mi\u00e9rcoles del a\u00f1o desde 1997 hasta hoy.<\/p>\n","protected":false},"excerpt":{"rendered":"<p><strong>Agust\u00edn Garc\u00eda Calvo<\/strong><br \/>\n9788485708178 &#8211; Editorial Lucina &#8211; 1983 &#8211; 480 p\u00e1ginas \/orri.<\/p>\n","protected":false},"featured_media":9269,"template":"","meta":[],"product_brand":[],"product_cat":[16,187],"product_tag":[3819,426],"class_list":{"0":"post-9242","1":"product","2":"type-product","3":"status-publish","4":"has-post-thumbnail","6":"product_cat-libros","7":"product_cat-narratiba-narrativa","8":"product_tag-agustin-garcia-calvo","9":"product_tag-lucina","11":"first","12":"instock","13":"sold-individually","14":"shipping-taxable","15":"purchasable","16":"product-type-simple"},"yoast_head":"<!-- This site is optimized with the Yoast SEO plugin v27.3 - https:\/\/yoast.com\/product\/yoast-seo-wordpress\/ -->\n<title>De la construcci\u00f3n (Del lenguaje II) &#8212; Zapateneo<\/title>\n<meta name=\"robots\" content=\"index, follow, max-snippet:-1, max-image-preview:large, max-video-preview:-1\" \/>\n<link rel=\"canonical\" href=\"https:\/\/zapateneo.net\/wordpress\/index.php\/producto\/de-la-construccion-del-lenguaje-ii\/\" \/>\n<meta property=\"og:locale\" content=\"es_ES\" \/>\n<meta property=\"og:type\" content=\"article\" \/>\n<meta property=\"og:title\" content=\"De la construcci\u00f3n (Del lenguaje II) &#8212; Zapateneo\" \/>\n<meta property=\"og:description\" content=\"Agust\u00edn Garc\u00eda Calvo 9788485708178 - Editorial Lucina - 1983 - 480 p\u00e1ginas \/orri.\" \/>\n<meta property=\"og:url\" content=\"https:\/\/zapateneo.net\/wordpress\/index.php\/producto\/de-la-construccion-del-lenguaje-ii\/\" \/>\n<meta property=\"og:site_name\" content=\"Zapateneo\" \/>\n<meta property=\"article:modified_time\" content=\"2023-04-11T17:45:49+00:00\" \/>\n<meta property=\"og:image\" content=\"https:\/\/zapateneo.net\/wordpress\/wp-content\/uploads\/2021\/11\/9788485708178.png\" \/>\n\t<meta property=\"og:image:width\" content=\"111\" \/>\n\t<meta property=\"og:image:height\" content=\"172\" \/>\n\t<meta property=\"og:image:type\" content=\"image\/png\" \/>\n<meta name=\"twitter:card\" content=\"summary_large_image\" \/>\n<meta name=\"twitter:site\" content=\"@zapateneo\" \/>\n<meta name=\"twitter:label1\" content=\"Tiempo de lectura\" \/>\n\t<meta name=\"twitter:data1\" content=\"2 minutos\" \/>\n<script type=\"application\/ld+json\" class=\"yoast-schema-graph\">{\"@context\":\"https:\\\/\\\/schema.org\",\"@graph\":[{\"@type\":\"WebPage\",\"@id\":\"https:\\\/\\\/zapateneo.net\\\/wordpress\\\/index.php\\\/producto\\\/de-la-construccion-del-lenguaje-ii\\\/\",\"url\":\"https:\\\/\\\/zapateneo.net\\\/wordpress\\\/index.php\\\/producto\\\/de-la-construccion-del-lenguaje-ii\\\/\",\"name\":\"De la construcci\u00f3n (Del lenguaje II) &#8212; Zapateneo\",\"isPartOf\":{\"@id\":\"https:\\\/\\\/zapateneo.net\\\/wordpress\\\/#website\"},\"primaryImageOfPage\":{\"@id\":\"https:\\\/\\\/zapateneo.net\\\/wordpress\\\/index.php\\\/producto\\\/de-la-construccion-del-lenguaje-ii\\\/#primaryimage\"},\"image\":{\"@id\":\"https:\\\/\\\/zapateneo.net\\\/wordpress\\\/index.php\\\/producto\\\/de-la-construccion-del-lenguaje-ii\\\/#primaryimage\"},\"thumbnailUrl\":\"https:\\\/\\\/zapateneo.net\\\/wordpress\\\/wp-content\\\/uploads\\\/2021\\\/11\\\/9788485708178.png\",\"datePublished\":\"2021-11-02T20:26:22+00:00\",\"dateModified\":\"2023-04-11T17:45:49+00:00\",\"breadcrumb\":{\"@id\":\"https:\\\/\\\/zapateneo.net\\\/wordpress\\\/index.php\\\/producto\\\/de-la-construccion-del-lenguaje-ii\\\/#breadcrumb\"},\"inLanguage\":\"es\",\"potentialAction\":[{\"@type\":\"ReadAction\",\"target\":[\"https:\\\/\\\/zapateneo.net\\\/wordpress\\\/index.php\\\/producto\\\/de-la-construccion-del-lenguaje-ii\\\/\"]}]},{\"@type\":\"ImageObject\",\"inLanguage\":\"es\",\"@id\":\"https:\\\/\\\/zapateneo.net\\\/wordpress\\\/index.php\\\/producto\\\/de-la-construccion-del-lenguaje-ii\\\/#primaryimage\",\"url\":\"https:\\\/\\\/zapateneo.net\\\/wordpress\\\/wp-content\\\/uploads\\\/2021\\\/11\\\/9788485708178.png\",\"contentUrl\":\"https:\\\/\\\/zapateneo.net\\\/wordpress\\\/wp-content\\\/uploads\\\/2021\\\/11\\\/9788485708178.png\",\"width\":111,\"height\":172},{\"@type\":\"BreadcrumbList\",\"@id\":\"https:\\\/\\\/zapateneo.net\\\/wordpress\\\/index.php\\\/producto\\\/de-la-construccion-del-lenguaje-ii\\\/#breadcrumb\",\"itemListElement\":[{\"@type\":\"ListItem\",\"position\":1,\"name\":\"Portada\",\"item\":\"https:\\\/\\\/zapateneo.net\\\/wordpress\\\/\"},{\"@type\":\"ListItem\",\"position\":2,\"name\":\"Tienda\",\"item\":\"https:\\\/\\\/zapateneo.net\\\/wordpress\\\/\"},{\"@type\":\"ListItem\",\"position\":3,\"name\":\"De la construcci\u00f3n (Del lenguaje II)\"}]},{\"@type\":\"WebSite\",\"@id\":\"https:\\\/\\\/zapateneo.net\\\/wordpress\\\/#website\",\"url\":\"https:\\\/\\\/zapateneo.net\\\/wordpress\\\/\",\"name\":\"Zapateneo\",\"description\":\"Zapateneoaren webgunea\",\"publisher\":{\"@id\":\"https:\\\/\\\/zapateneo.net\\\/wordpress\\\/#organization\"},\"potentialAction\":[{\"@type\":\"SearchAction\",\"target\":{\"@type\":\"EntryPoint\",\"urlTemplate\":\"https:\\\/\\\/zapateneo.net\\\/wordpress\\\/?s={search_term_string}\"},\"query-input\":{\"@type\":\"PropertyValueSpecification\",\"valueRequired\":true,\"valueName\":\"search_term_string\"}}],\"inLanguage\":\"es\"},{\"@type\":\"Organization\",\"@id\":\"https:\\\/\\\/zapateneo.net\\\/wordpress\\\/#organization\",\"name\":\"Zapateneo Kultur Elkartea\",\"url\":\"https:\\\/\\\/zapateneo.net\\\/wordpress\\\/\",\"logo\":{\"@type\":\"ImageObject\",\"inLanguage\":\"es\",\"@id\":\"https:\\\/\\\/zapateneo.net\\\/wordpress\\\/#\\\/schema\\\/logo\\\/image\\\/\",\"url\":\"https:\\\/\\\/zapateneo.net\\\/wordpress\\\/wp-content\\\/uploads\\\/2021\\\/04\\\/zap-libu-kolec.jpg\",\"contentUrl\":\"https:\\\/\\\/zapateneo.net\\\/wordpress\\\/wp-content\\\/uploads\\\/2021\\\/04\\\/zap-libu-kolec.jpg\",\"width\":2234,\"height\":398,\"caption\":\"Zapateneo Kultur Elkartea\"},\"image\":{\"@id\":\"https:\\\/\\\/zapateneo.net\\\/wordpress\\\/#\\\/schema\\\/logo\\\/image\\\/\"},\"sameAs\":[\"https:\\\/\\\/x.com\\\/zapateneo\"]}]}<\/script>\n<!-- \/ Yoast SEO plugin. -->","yoast_head_json":{"title":"De la construcci\u00f3n (Del lenguaje II) &#8212; Zapateneo","robots":{"index":"index","follow":"follow","max-snippet":"max-snippet:-1","max-image-preview":"max-image-preview:large","max-video-preview":"max-video-preview:-1"},"canonical":"https:\/\/zapateneo.net\/wordpress\/index.php\/producto\/de-la-construccion-del-lenguaje-ii\/","og_locale":"es_ES","og_type":"article","og_title":"De la construcci\u00f3n (Del lenguaje II) &#8212; Zapateneo","og_description":"Agust\u00edn Garc\u00eda Calvo 9788485708178 - Editorial Lucina - 1983 - 480 p\u00e1ginas \/orri.","og_url":"https:\/\/zapateneo.net\/wordpress\/index.php\/producto\/de-la-construccion-del-lenguaje-ii\/","og_site_name":"Zapateneo","article_modified_time":"2023-04-11T17:45:49+00:00","og_image":[{"width":111,"height":172,"url":"https:\/\/zapateneo.net\/wordpress\/wp-content\/uploads\/2021\/11\/9788485708178.png","type":"image\/png"}],"twitter_card":"summary_large_image","twitter_site":"@zapateneo","twitter_misc":{"Tiempo de lectura":"2 minutos"},"schema":{"@context":"https:\/\/schema.org","@graph":[{"@type":"WebPage","@id":"https:\/\/zapateneo.net\/wordpress\/index.php\/producto\/de-la-construccion-del-lenguaje-ii\/","url":"https:\/\/zapateneo.net\/wordpress\/index.php\/producto\/de-la-construccion-del-lenguaje-ii\/","name":"De la construcci\u00f3n (Del lenguaje II) &#8212; Zapateneo","isPartOf":{"@id":"https:\/\/zapateneo.net\/wordpress\/#website"},"primaryImageOfPage":{"@id":"https:\/\/zapateneo.net\/wordpress\/index.php\/producto\/de-la-construccion-del-lenguaje-ii\/#primaryimage"},"image":{"@id":"https:\/\/zapateneo.net\/wordpress\/index.php\/producto\/de-la-construccion-del-lenguaje-ii\/#primaryimage"},"thumbnailUrl":"https:\/\/zapateneo.net\/wordpress\/wp-content\/uploads\/2021\/11\/9788485708178.png","datePublished":"2021-11-02T20:26:22+00:00","dateModified":"2023-04-11T17:45:49+00:00","breadcrumb":{"@id":"https:\/\/zapateneo.net\/wordpress\/index.php\/producto\/de-la-construccion-del-lenguaje-ii\/#breadcrumb"},"inLanguage":"es","potentialAction":[{"@type":"ReadAction","target":["https:\/\/zapateneo.net\/wordpress\/index.php\/producto\/de-la-construccion-del-lenguaje-ii\/"]}]},{"@type":"ImageObject","inLanguage":"es","@id":"https:\/\/zapateneo.net\/wordpress\/index.php\/producto\/de-la-construccion-del-lenguaje-ii\/#primaryimage","url":"https:\/\/zapateneo.net\/wordpress\/wp-content\/uploads\/2021\/11\/9788485708178.png","contentUrl":"https:\/\/zapateneo.net\/wordpress\/wp-content\/uploads\/2021\/11\/9788485708178.png","width":111,"height":172},{"@type":"BreadcrumbList","@id":"https:\/\/zapateneo.net\/wordpress\/index.php\/producto\/de-la-construccion-del-lenguaje-ii\/#breadcrumb","itemListElement":[{"@type":"ListItem","position":1,"name":"Portada","item":"https:\/\/zapateneo.net\/wordpress\/"},{"@type":"ListItem","position":2,"name":"Tienda","item":"https:\/\/zapateneo.net\/wordpress\/"},{"@type":"ListItem","position":3,"name":"De la construcci\u00f3n (Del lenguaje II)"}]},{"@type":"WebSite","@id":"https:\/\/zapateneo.net\/wordpress\/#website","url":"https:\/\/zapateneo.net\/wordpress\/","name":"Zapateneo","description":"Zapateneoaren webgunea","publisher":{"@id":"https:\/\/zapateneo.net\/wordpress\/#organization"},"potentialAction":[{"@type":"SearchAction","target":{"@type":"EntryPoint","urlTemplate":"https:\/\/zapateneo.net\/wordpress\/?s={search_term_string}"},"query-input":{"@type":"PropertyValueSpecification","valueRequired":true,"valueName":"search_term_string"}}],"inLanguage":"es"},{"@type":"Organization","@id":"https:\/\/zapateneo.net\/wordpress\/#organization","name":"Zapateneo Kultur Elkartea","url":"https:\/\/zapateneo.net\/wordpress\/","logo":{"@type":"ImageObject","inLanguage":"es","@id":"https:\/\/zapateneo.net\/wordpress\/#\/schema\/logo\/image\/","url":"https:\/\/zapateneo.net\/wordpress\/wp-content\/uploads\/2021\/04\/zap-libu-kolec.jpg","contentUrl":"https:\/\/zapateneo.net\/wordpress\/wp-content\/uploads\/2021\/04\/zap-libu-kolec.jpg","width":2234,"height":398,"caption":"Zapateneo Kultur Elkartea"},"image":{"@id":"https:\/\/zapateneo.net\/wordpress\/#\/schema\/logo\/image\/"},"sameAs":["https:\/\/x.com\/zapateneo"]}]}},"_links":{"self":[{"href":"https:\/\/zapateneo.net\/wordpress\/index.php\/wp-json\/wp\/v2\/product\/9242","targetHints":{"allow":["GET"]}}],"collection":[{"href":"https:\/\/zapateneo.net\/wordpress\/index.php\/wp-json\/wp\/v2\/product"}],"about":[{"href":"https:\/\/zapateneo.net\/wordpress\/index.php\/wp-json\/wp\/v2\/types\/product"}],"wp:featuredmedia":[{"embeddable":true,"href":"https:\/\/zapateneo.net\/wordpress\/index.php\/wp-json\/wp\/v2\/media\/9269"}],"wp:attachment":[{"href":"https:\/\/zapateneo.net\/wordpress\/index.php\/wp-json\/wp\/v2\/media?parent=9242"}],"wp:term":[{"taxonomy":"product_brand","embeddable":true,"href":"https:\/\/zapateneo.net\/wordpress\/index.php\/wp-json\/wp\/v2\/product_brand?post=9242"},{"taxonomy":"product_cat","embeddable":true,"href":"https:\/\/zapateneo.net\/wordpress\/index.php\/wp-json\/wp\/v2\/product_cat?post=9242"},{"taxonomy":"product_tag","embeddable":true,"href":"https:\/\/zapateneo.net\/wordpress\/index.php\/wp-json\/wp\/v2\/product_tag?post=9242"}],"curies":[{"name":"wp","href":"https:\/\/api.w.org\/{rel}","templated":true}]}}