{"id":9189,"date":"2021-11-01T14:13:26","date_gmt":"2021-11-01T13:13:26","guid":{"rendered":"https:\/\/zapateneo.net\/wordpress\/?post_type=product&#038;p=9189"},"modified":"2021-11-19T14:14:50","modified_gmt":"2021-11-19T13:14:50","slug":"garcia-lorca-en-el-pais-de-dali","status":"publish","type":"product","link":"https:\/\/zapateneo.net\/wordpress\/index.php\/producto\/garcia-lorca-en-el-pais-de-dali\/","title":{"rendered":"Garc\u00eda Lorca en el pa\u00eds de Dal\u00ed"},"content":{"rendered":"<p>La profunda y controvertida amistad entre Garc\u00eda Lorca y Salvador Dal\u00ed; la influencia art\u00edstica entre el poeta y el pintor; la entra\u00f1able relaci\u00f3n de Federico con Catalu\u00f1a y sus gentes toman vida a trav\u00e9s del relato ameno y vibrante, siempre riguroso, de Antonina Rodrigo. Dal\u00ed y Garc\u00eda Lorca nos gu\u00edan en un viaje apasionante por la vida cultural y art\u00edstica de los a\u00f1os veinte y treinta. Escritores, actrices, pintores, periodistas, pol\u00edticos y personajes an\u00f3nimos salpican las p\u00e1ginas de esta obra sugerente y evocadora. Un libro hilvanado a trav\u00e9s de afectos, encuentros y desencuentros a los que la tr\u00e1gica muerte del poeta no pudo poner fin. Pionera, la autora fue la primera investigadora que dio a conocer al mundo esta extraordinaria amistad utilizando fuentes documentales originales y el testimonio de aquellos que conocieron de cerca a Dal\u00ed y a Federico.<\/p>\n<p>Antonina Rodrigo naci\u00f3 en el Albayz\u00edn (Granada). Reside en Barcelona desde 1970. Reconocida escritora e investigadora, ha cultivado todos los g\u00e9neros literarios, aunque ha destacado por sus excelentes y documentadas biograf\u00edas. Colaboradora habitual de diversos diarios y revistas, ha dedicado toda su vida a profundizar en la historia de Espa\u00f1a. Destacan sus libros sobre Federico Garc\u00eda Lorca y Salvador Dal\u00ed, Manuel \u00c1ngeles Ort\u00edz, Josep Trueta, Antonina Fern\u00e1ndez \u00abLa Caramba\u00bb, Margarita Xirgu o Mar\u00eda de Lej\u00e1rraga, entre otros. Su trilog\u00eda Mujeres para la historia. La Espa\u00f1a silenciada del siglo XX, ha rescatado del olvido buena parte de las protagonistas, algunas conocidas, otras an\u00f3nimas, que participaron de forma decisiva en la historia de Espa\u00f1a durante la Segunda Rep\u00fablica, la Guerra Civil y el exilio. Sus \u00faltimos t\u00edtulos publicados son Mujer y exilio, 1939 (1999); Una mujer libre. Amparo Poch y Gasc\u00f3n, m\u00e9dica y anarquista (2002), en la que aborda el compromiso de la doctora Poch con la emancipaci\u00f3n de la mujer en los a\u00f1os treinta, y Mariana de Pineda. Hero\u00edna de la libertad (2004). Las obras de Antonina Rodrigo han sido traducidas a numerosos idiomas y ha recibido por ellas varias distinciones, entre las cuales, el Premio Internacional de Periodismo Manuel de Falla (Madrid, 1975); el Premio Internacional Acad\u00e9mie Europ\u00e9ene des Arts (Par\u00eds, 1988) y el Premio Aldaba (Granada, 1989). En 1981, fue finalista del premio Espejo de Espa\u00f1a.<\/p>\n","protected":false},"excerpt":{"rendered":"<p><strong>Antonina Rodrigo<\/strong><br \/>\n9788485031245 &#8211; Base &#8211; 2004 &#8211; 398 p\u00e1ginas \/orri.<\/p>\n","protected":false},"featured_media":9197,"template":"","meta":[],"product_brand":[],"product_cat":[16,187],"product_tag":[4320,4835],"class_list":{"0":"post-9189","1":"product","2":"type-product","3":"status-publish","4":"has-post-thumbnail","6":"product_cat-libros","7":"product_cat-narratiba-narrativa","8":"product_tag-antonina-rodrigo","9":"product_tag-base","11":"first","12":"instock","13":"sold-individually","14":"shipping-taxable","15":"purchasable","16":"product-type-simple"},"yoast_head":"<!-- This site is optimized with the Yoast SEO plugin v27.3 - https:\/\/yoast.com\/product\/yoast-seo-wordpress\/ -->\n<title>Garc\u00eda Lorca en el pa\u00eds de Dal\u00ed &#8212; Zapateneo<\/title>\n<meta name=\"robots\" content=\"index, follow, max-snippet:-1, max-image-preview:large, max-video-preview:-1\" \/>\n<link rel=\"canonical\" href=\"https:\/\/zapateneo.net\/wordpress\/index.php\/producto\/garcia-lorca-en-el-pais-de-dali\/\" \/>\n<meta property=\"og:locale\" content=\"es_ES\" \/>\n<meta property=\"og:type\" content=\"article\" \/>\n<meta property=\"og:title\" content=\"Garc\u00eda Lorca en el pa\u00eds de Dal\u00ed &#8212; Zapateneo\" \/>\n<meta property=\"og:description\" content=\"Antonina Rodrigo 9788485031245 - Base - 2004 - 398 p\u00e1ginas \/orri.\" \/>\n<meta property=\"og:url\" content=\"https:\/\/zapateneo.net\/wordpress\/index.php\/producto\/garcia-lorca-en-el-pais-de-dali\/\" \/>\n<meta property=\"og:site_name\" content=\"Zapateneo\" \/>\n<meta property=\"article:modified_time\" content=\"2021-11-19T13:14:50+00:00\" \/>\n<meta property=\"og:image\" content=\"https:\/\/zapateneo.net\/wordpress\/wp-content\/uploads\/2021\/11\/9788485031245.png\" \/>\n\t<meta property=\"og:image:width\" content=\"111\" \/>\n\t<meta property=\"og:image:height\" content=\"172\" \/>\n\t<meta property=\"og:image:type\" content=\"image\/png\" \/>\n<meta name=\"twitter:card\" content=\"summary_large_image\" \/>\n<meta name=\"twitter:site\" content=\"@zapateneo\" \/>\n<meta name=\"twitter:label1\" content=\"Tiempo de lectura\" \/>\n\t<meta name=\"twitter:data1\" content=\"2 minutos\" \/>\n<script type=\"application\/ld+json\" class=\"yoast-schema-graph\">{\"@context\":\"https:\\\/\\\/schema.org\",\"@graph\":[{\"@type\":\"WebPage\",\"@id\":\"https:\\\/\\\/zapateneo.net\\\/wordpress\\\/index.php\\\/producto\\\/garcia-lorca-en-el-pais-de-dali\\\/\",\"url\":\"https:\\\/\\\/zapateneo.net\\\/wordpress\\\/index.php\\\/producto\\\/garcia-lorca-en-el-pais-de-dali\\\/\",\"name\":\"Garc\u00eda Lorca en el pa\u00eds de Dal\u00ed &#8212; Zapateneo\",\"isPartOf\":{\"@id\":\"https:\\\/\\\/zapateneo.net\\\/wordpress\\\/#website\"},\"primaryImageOfPage\":{\"@id\":\"https:\\\/\\\/zapateneo.net\\\/wordpress\\\/index.php\\\/producto\\\/garcia-lorca-en-el-pais-de-dali\\\/#primaryimage\"},\"image\":{\"@id\":\"https:\\\/\\\/zapateneo.net\\\/wordpress\\\/index.php\\\/producto\\\/garcia-lorca-en-el-pais-de-dali\\\/#primaryimage\"},\"thumbnailUrl\":\"https:\\\/\\\/zapateneo.net\\\/wordpress\\\/wp-content\\\/uploads\\\/2021\\\/11\\\/9788485031245.png\",\"datePublished\":\"2021-11-01T13:13:26+00:00\",\"dateModified\":\"2021-11-19T13:14:50+00:00\",\"breadcrumb\":{\"@id\":\"https:\\\/\\\/zapateneo.net\\\/wordpress\\\/index.php\\\/producto\\\/garcia-lorca-en-el-pais-de-dali\\\/#breadcrumb\"},\"inLanguage\":\"es\",\"potentialAction\":[{\"@type\":\"ReadAction\",\"target\":[\"https:\\\/\\\/zapateneo.net\\\/wordpress\\\/index.php\\\/producto\\\/garcia-lorca-en-el-pais-de-dali\\\/\"]}]},{\"@type\":\"ImageObject\",\"inLanguage\":\"es\",\"@id\":\"https:\\\/\\\/zapateneo.net\\\/wordpress\\\/index.php\\\/producto\\\/garcia-lorca-en-el-pais-de-dali\\\/#primaryimage\",\"url\":\"https:\\\/\\\/zapateneo.net\\\/wordpress\\\/wp-content\\\/uploads\\\/2021\\\/11\\\/9788485031245.png\",\"contentUrl\":\"https:\\\/\\\/zapateneo.net\\\/wordpress\\\/wp-content\\\/uploads\\\/2021\\\/11\\\/9788485031245.png\",\"width\":111,\"height\":172},{\"@type\":\"BreadcrumbList\",\"@id\":\"https:\\\/\\\/zapateneo.net\\\/wordpress\\\/index.php\\\/producto\\\/garcia-lorca-en-el-pais-de-dali\\\/#breadcrumb\",\"itemListElement\":[{\"@type\":\"ListItem\",\"position\":1,\"name\":\"Portada\",\"item\":\"https:\\\/\\\/zapateneo.net\\\/wordpress\\\/\"},{\"@type\":\"ListItem\",\"position\":2,\"name\":\"Tienda\",\"item\":\"https:\\\/\\\/zapateneo.net\\\/wordpress\\\/\"},{\"@type\":\"ListItem\",\"position\":3,\"name\":\"Garc\u00eda Lorca en el pa\u00eds de Dal\u00ed\"}]},{\"@type\":\"WebSite\",\"@id\":\"https:\\\/\\\/zapateneo.net\\\/wordpress\\\/#website\",\"url\":\"https:\\\/\\\/zapateneo.net\\\/wordpress\\\/\",\"name\":\"Zapateneo\",\"description\":\"Zapateneoaren webgunea\",\"publisher\":{\"@id\":\"https:\\\/\\\/zapateneo.net\\\/wordpress\\\/#organization\"},\"potentialAction\":[{\"@type\":\"SearchAction\",\"target\":{\"@type\":\"EntryPoint\",\"urlTemplate\":\"https:\\\/\\\/zapateneo.net\\\/wordpress\\\/?s={search_term_string}\"},\"query-input\":{\"@type\":\"PropertyValueSpecification\",\"valueRequired\":true,\"valueName\":\"search_term_string\"}}],\"inLanguage\":\"es\"},{\"@type\":\"Organization\",\"@id\":\"https:\\\/\\\/zapateneo.net\\\/wordpress\\\/#organization\",\"name\":\"Zapateneo Kultur Elkartea\",\"url\":\"https:\\\/\\\/zapateneo.net\\\/wordpress\\\/\",\"logo\":{\"@type\":\"ImageObject\",\"inLanguage\":\"es\",\"@id\":\"https:\\\/\\\/zapateneo.net\\\/wordpress\\\/#\\\/schema\\\/logo\\\/image\\\/\",\"url\":\"https:\\\/\\\/zapateneo.net\\\/wordpress\\\/wp-content\\\/uploads\\\/2021\\\/04\\\/zap-libu-kolec.jpg\",\"contentUrl\":\"https:\\\/\\\/zapateneo.net\\\/wordpress\\\/wp-content\\\/uploads\\\/2021\\\/04\\\/zap-libu-kolec.jpg\",\"width\":2234,\"height\":398,\"caption\":\"Zapateneo Kultur Elkartea\"},\"image\":{\"@id\":\"https:\\\/\\\/zapateneo.net\\\/wordpress\\\/#\\\/schema\\\/logo\\\/image\\\/\"},\"sameAs\":[\"https:\\\/\\\/x.com\\\/zapateneo\"]}]}<\/script>\n<!-- \/ Yoast SEO plugin. -->","yoast_head_json":{"title":"Garc\u00eda Lorca en el pa\u00eds de Dal\u00ed &#8212; Zapateneo","robots":{"index":"index","follow":"follow","max-snippet":"max-snippet:-1","max-image-preview":"max-image-preview:large","max-video-preview":"max-video-preview:-1"},"canonical":"https:\/\/zapateneo.net\/wordpress\/index.php\/producto\/garcia-lorca-en-el-pais-de-dali\/","og_locale":"es_ES","og_type":"article","og_title":"Garc\u00eda Lorca en el pa\u00eds de Dal\u00ed &#8212; Zapateneo","og_description":"Antonina Rodrigo 9788485031245 - Base - 2004 - 398 p\u00e1ginas \/orri.","og_url":"https:\/\/zapateneo.net\/wordpress\/index.php\/producto\/garcia-lorca-en-el-pais-de-dali\/","og_site_name":"Zapateneo","article_modified_time":"2021-11-19T13:14:50+00:00","og_image":[{"width":111,"height":172,"url":"https:\/\/zapateneo.net\/wordpress\/wp-content\/uploads\/2021\/11\/9788485031245.png","type":"image\/png"}],"twitter_card":"summary_large_image","twitter_site":"@zapateneo","twitter_misc":{"Tiempo de lectura":"2 minutos"},"schema":{"@context":"https:\/\/schema.org","@graph":[{"@type":"WebPage","@id":"https:\/\/zapateneo.net\/wordpress\/index.php\/producto\/garcia-lorca-en-el-pais-de-dali\/","url":"https:\/\/zapateneo.net\/wordpress\/index.php\/producto\/garcia-lorca-en-el-pais-de-dali\/","name":"Garc\u00eda Lorca en el pa\u00eds de Dal\u00ed &#8212; Zapateneo","isPartOf":{"@id":"https:\/\/zapateneo.net\/wordpress\/#website"},"primaryImageOfPage":{"@id":"https:\/\/zapateneo.net\/wordpress\/index.php\/producto\/garcia-lorca-en-el-pais-de-dali\/#primaryimage"},"image":{"@id":"https:\/\/zapateneo.net\/wordpress\/index.php\/producto\/garcia-lorca-en-el-pais-de-dali\/#primaryimage"},"thumbnailUrl":"https:\/\/zapateneo.net\/wordpress\/wp-content\/uploads\/2021\/11\/9788485031245.png","datePublished":"2021-11-01T13:13:26+00:00","dateModified":"2021-11-19T13:14:50+00:00","breadcrumb":{"@id":"https:\/\/zapateneo.net\/wordpress\/index.php\/producto\/garcia-lorca-en-el-pais-de-dali\/#breadcrumb"},"inLanguage":"es","potentialAction":[{"@type":"ReadAction","target":["https:\/\/zapateneo.net\/wordpress\/index.php\/producto\/garcia-lorca-en-el-pais-de-dali\/"]}]},{"@type":"ImageObject","inLanguage":"es","@id":"https:\/\/zapateneo.net\/wordpress\/index.php\/producto\/garcia-lorca-en-el-pais-de-dali\/#primaryimage","url":"https:\/\/zapateneo.net\/wordpress\/wp-content\/uploads\/2021\/11\/9788485031245.png","contentUrl":"https:\/\/zapateneo.net\/wordpress\/wp-content\/uploads\/2021\/11\/9788485031245.png","width":111,"height":172},{"@type":"BreadcrumbList","@id":"https:\/\/zapateneo.net\/wordpress\/index.php\/producto\/garcia-lorca-en-el-pais-de-dali\/#breadcrumb","itemListElement":[{"@type":"ListItem","position":1,"name":"Portada","item":"https:\/\/zapateneo.net\/wordpress\/"},{"@type":"ListItem","position":2,"name":"Tienda","item":"https:\/\/zapateneo.net\/wordpress\/"},{"@type":"ListItem","position":3,"name":"Garc\u00eda Lorca en el pa\u00eds de Dal\u00ed"}]},{"@type":"WebSite","@id":"https:\/\/zapateneo.net\/wordpress\/#website","url":"https:\/\/zapateneo.net\/wordpress\/","name":"Zapateneo","description":"Zapateneoaren webgunea","publisher":{"@id":"https:\/\/zapateneo.net\/wordpress\/#organization"},"potentialAction":[{"@type":"SearchAction","target":{"@type":"EntryPoint","urlTemplate":"https:\/\/zapateneo.net\/wordpress\/?s={search_term_string}"},"query-input":{"@type":"PropertyValueSpecification","valueRequired":true,"valueName":"search_term_string"}}],"inLanguage":"es"},{"@type":"Organization","@id":"https:\/\/zapateneo.net\/wordpress\/#organization","name":"Zapateneo Kultur Elkartea","url":"https:\/\/zapateneo.net\/wordpress\/","logo":{"@type":"ImageObject","inLanguage":"es","@id":"https:\/\/zapateneo.net\/wordpress\/#\/schema\/logo\/image\/","url":"https:\/\/zapateneo.net\/wordpress\/wp-content\/uploads\/2021\/04\/zap-libu-kolec.jpg","contentUrl":"https:\/\/zapateneo.net\/wordpress\/wp-content\/uploads\/2021\/04\/zap-libu-kolec.jpg","width":2234,"height":398,"caption":"Zapateneo Kultur Elkartea"},"image":{"@id":"https:\/\/zapateneo.net\/wordpress\/#\/schema\/logo\/image\/"},"sameAs":["https:\/\/x.com\/zapateneo"]}]}},"_links":{"self":[{"href":"https:\/\/zapateneo.net\/wordpress\/index.php\/wp-json\/wp\/v2\/product\/9189","targetHints":{"allow":["GET"]}}],"collection":[{"href":"https:\/\/zapateneo.net\/wordpress\/index.php\/wp-json\/wp\/v2\/product"}],"about":[{"href":"https:\/\/zapateneo.net\/wordpress\/index.php\/wp-json\/wp\/v2\/types\/product"}],"wp:featuredmedia":[{"embeddable":true,"href":"https:\/\/zapateneo.net\/wordpress\/index.php\/wp-json\/wp\/v2\/media\/9197"}],"wp:attachment":[{"href":"https:\/\/zapateneo.net\/wordpress\/index.php\/wp-json\/wp\/v2\/media?parent=9189"}],"wp:term":[{"taxonomy":"product_brand","embeddable":true,"href":"https:\/\/zapateneo.net\/wordpress\/index.php\/wp-json\/wp\/v2\/product_brand?post=9189"},{"taxonomy":"product_cat","embeddable":true,"href":"https:\/\/zapateneo.net\/wordpress\/index.php\/wp-json\/wp\/v2\/product_cat?post=9189"},{"taxonomy":"product_tag","embeddable":true,"href":"https:\/\/zapateneo.net\/wordpress\/index.php\/wp-json\/wp\/v2\/product_tag?post=9189"}],"curies":[{"name":"wp","href":"https:\/\/api.w.org\/{rel}","templated":true}]}}