{"id":9131,"date":"2021-11-01T19:26:23","date_gmt":"2021-11-01T18:26:23","guid":{"rendered":"https:\/\/zapateneo.net\/wordpress\/?post_type=product&#038;p=9131"},"modified":"2023-07-30T18:45:02","modified_gmt":"2023-07-30T17:45:02","slug":"piratas-en-guerra","status":"publish","type":"product","link":"https:\/\/zapateneo.net\/wordpress\/index.php\/producto\/piratas-en-guerra\/","title":{"rendered":"PIRATAS EN GUERRA"},"content":{"rendered":"<p>Piratas en guerra Peter Earle Traducci\u00ef\u00bf\u0153n del ingl\u00ef\u00bf\u0153s de Olga Sala Villagrasa Piratas, corsarios y bucaneros son los protagonistas de este trepidante relato que, todav\u00ef\u00bf\u0153a en los albores de un nuevo milenio, fascina a millones de personas. Peter Earle narra las fechor\u00edas y desmanes de unos hombres capaces de quebrar todas las leyes humanas para conseguir su propio para\u00ef\u00bf\u0153so en la Tierra. La respuesta de las naciones civilizadas, lideradas por la poderosa Inglaterra, fue una persecuci\u00ef\u00bf\u0153n sin cuartel que, no sin grandes dificultades, se sald\u00ef\u00bf\u0153 con la extinci\u00ef\u00bf\u0153n casi total de la pirater\u00ef\u00bf\u0153a en el siglo XIX. La obra se centra en el per\u00ef\u00bf\u0153odo que discurre entre 1600 y 1830, \u00ef\u00bf\u0153poca durante la cual surge, se consolida y se extingue la pirater\u00ef\u00bf\u0153a cl\u00ef\u00bf\u0153sica en todos los mares del mundo. El autor recurre a fuentes in\u00ef\u00bf\u0153ditas para analizar las causas de este fen\u00ef\u00bf\u0153meno que lleg\u00ef\u00bf\u0153 a convertirse en una verdadera pesadilla para las flotas mercantes, sin olvidar el aspecto m\u00ef\u00bf\u0153s \u00ef\u00bf\u0153rom\u00ef\u00bf\u0153ntico\u00ef\u00bf\u0153 de los piratas, hombres endurecidos por una vida ap\u00ef\u00bf\u0153trida que forman parte de nuestro imaginario colectivo. Una entretenid\u00ef\u00bf\u0153sima fuente de informaci\u00ef\u00bf\u0153n sobre la pirater\u00ef\u00bf\u0153a. The New York Times El relato de Peter Earle es f\u00ef\u00bf\u0153cil de leer, ameno y basado en una investigaci\u00ef\u00bf\u0153n s\u00ef\u00bf\u0153lida. Times Literary Supplement Un relato muy entretenido que desenmascara muchos mitos y teje una historia fascinante. Daily Mail Espl\u00ef\u00bf\u0153ndido &#8230; una nueva interpretaci\u00ef\u00bf\u0153n muy necesaria. Sunday Times Fascinante &#8230; Su erudici\u00ef\u00bf\u0153n es s\u00ef\u00bf\u0153lida, y la narraci\u00ef\u00bf\u0153n de esta compleja historia resulta l\u00ef\u00bf\u0153cida y \u00ef\u00bf\u0153gil. Sunday Telegraph Elogiado tanto por su ritmo ameno como por su contenido basado en fuentes in\u00ef\u00bf\u0153ditas. La Vanguardia \/ Culturas Entretenido relato de las aventuras hist\u00ef\u00bf\u0153ricas de los piratas m\u00ef\u00bf\u0153s c\u00ef\u00bf\u0153lebres<br \/>\nde los siete mares &#8230; El trabajo de Earle, alabado por la cr\u00ef\u00bf\u0153tica, es tan erudito como entretenido. Lateral Es un riguroso, espl\u00ef\u00bf\u0153ndido y fascinante relato, capaz de arrumbar viejos mitos y de plantear una nueva y necesaria interpretaci\u00ef\u00bf\u0153n de este fen\u00ef\u00bf\u0153meno, muy presente en nuestro imaginario colectivo. La Aventura de la Historia Un \u00ef\u00bf\u0153til instrumento para que el lector interesado pueda situar en un contexto m\u00ef\u00bf\u0153s amplio otras lecturas sobre el tema. Historia National Geographic Peter Earle ha sabido conjugar bien las fuentes y materiales de los que ha bebido para que Piratas en guerra pueda leerse \u00ef\u00bf\u0153gilmente como una novela de aventuras. A ello tambi\u00ef\u00bf\u0153n contribuye la edici\u00ef\u00bf\u0153n de Melusina, que deja el texto libre de referencias entorpecedoras y las ubica en un bloque al final del libro, junto a un completo \u00ef\u00bf\u0153ndice onom\u00ef\u00bf\u0153stico. Maumau Underground.<\/p>\n","protected":false},"excerpt":{"rendered":"<p><strong>PETER EARLE<\/strong><br \/>\n9788493327361 &#8211; MELUSINA &#8211; 2004 &#8211; 364 p\u00e1ginas \/orri.<\/p>\n","protected":false},"featured_media":9156,"template":"","meta":[],"product_brand":[],"product_cat":[16,187],"product_tag":[83,4809],"class_list":{"0":"post-9131","1":"product","2":"type-product","3":"status-publish","4":"has-post-thumbnail","6":"product_cat-libros","7":"product_cat-narratiba-narrativa","8":"product_tag-melusina","9":"product_tag-peter-earle","11":"first","12":"outofstock","13":"sold-individually","14":"shipping-taxable","15":"purchasable","16":"product-type-simple"},"yoast_head":"<!-- This site is optimized with the Yoast SEO plugin v27.3 - https:\/\/yoast.com\/product\/yoast-seo-wordpress\/ -->\n<title>PIRATAS EN GUERRA &#8212; Zapateneo<\/title>\n<meta name=\"robots\" content=\"index, follow, max-snippet:-1, max-image-preview:large, max-video-preview:-1\" \/>\n<link rel=\"canonical\" href=\"https:\/\/zapateneo.net\/wordpress\/index.php\/producto\/piratas-en-guerra\/\" \/>\n<meta property=\"og:locale\" content=\"es_ES\" \/>\n<meta property=\"og:type\" content=\"article\" \/>\n<meta property=\"og:title\" content=\"PIRATAS EN GUERRA &#8212; Zapateneo\" \/>\n<meta property=\"og:description\" content=\"PETER EARLE 9788493327361 - MELUSINA - 2004 - 364 p\u00e1ginas \/orri.\" \/>\n<meta property=\"og:url\" content=\"https:\/\/zapateneo.net\/wordpress\/index.php\/producto\/piratas-en-guerra\/\" \/>\n<meta property=\"og:site_name\" content=\"Zapateneo\" \/>\n<meta property=\"article:modified_time\" content=\"2023-07-30T17:45:02+00:00\" \/>\n<meta property=\"og:image\" content=\"https:\/\/zapateneo.net\/wordpress\/wp-content\/uploads\/2021\/11\/9788493327361.png\" \/>\n\t<meta property=\"og:image:width\" content=\"111\" \/>\n\t<meta property=\"og:image:height\" content=\"168\" \/>\n\t<meta property=\"og:image:type\" content=\"image\/png\" \/>\n<meta name=\"twitter:card\" content=\"summary_large_image\" \/>\n<meta name=\"twitter:site\" content=\"@zapateneo\" \/>\n<meta name=\"twitter:label1\" content=\"Tiempo de lectura\" \/>\n\t<meta name=\"twitter:data1\" content=\"2 minutos\" \/>\n<script type=\"application\/ld+json\" class=\"yoast-schema-graph\">{\"@context\":\"https:\\\/\\\/schema.org\",\"@graph\":[{\"@type\":\"WebPage\",\"@id\":\"https:\\\/\\\/zapateneo.net\\\/wordpress\\\/index.php\\\/producto\\\/piratas-en-guerra\\\/\",\"url\":\"https:\\\/\\\/zapateneo.net\\\/wordpress\\\/index.php\\\/producto\\\/piratas-en-guerra\\\/\",\"name\":\"PIRATAS EN GUERRA &#8212; Zapateneo\",\"isPartOf\":{\"@id\":\"https:\\\/\\\/zapateneo.net\\\/wordpress\\\/#website\"},\"primaryImageOfPage\":{\"@id\":\"https:\\\/\\\/zapateneo.net\\\/wordpress\\\/index.php\\\/producto\\\/piratas-en-guerra\\\/#primaryimage\"},\"image\":{\"@id\":\"https:\\\/\\\/zapateneo.net\\\/wordpress\\\/index.php\\\/producto\\\/piratas-en-guerra\\\/#primaryimage\"},\"thumbnailUrl\":\"https:\\\/\\\/zapateneo.net\\\/wordpress\\\/wp-content\\\/uploads\\\/2021\\\/11\\\/9788493327361.png\",\"datePublished\":\"2021-11-01T18:26:23+00:00\",\"dateModified\":\"2023-07-30T17:45:02+00:00\",\"breadcrumb\":{\"@id\":\"https:\\\/\\\/zapateneo.net\\\/wordpress\\\/index.php\\\/producto\\\/piratas-en-guerra\\\/#breadcrumb\"},\"inLanguage\":\"es\",\"potentialAction\":[{\"@type\":\"ReadAction\",\"target\":[\"https:\\\/\\\/zapateneo.net\\\/wordpress\\\/index.php\\\/producto\\\/piratas-en-guerra\\\/\"]}]},{\"@type\":\"ImageObject\",\"inLanguage\":\"es\",\"@id\":\"https:\\\/\\\/zapateneo.net\\\/wordpress\\\/index.php\\\/producto\\\/piratas-en-guerra\\\/#primaryimage\",\"url\":\"https:\\\/\\\/zapateneo.net\\\/wordpress\\\/wp-content\\\/uploads\\\/2021\\\/11\\\/9788493327361.png\",\"contentUrl\":\"https:\\\/\\\/zapateneo.net\\\/wordpress\\\/wp-content\\\/uploads\\\/2021\\\/11\\\/9788493327361.png\",\"width\":111,\"height\":168},{\"@type\":\"BreadcrumbList\",\"@id\":\"https:\\\/\\\/zapateneo.net\\\/wordpress\\\/index.php\\\/producto\\\/piratas-en-guerra\\\/#breadcrumb\",\"itemListElement\":[{\"@type\":\"ListItem\",\"position\":1,\"name\":\"Portada\",\"item\":\"https:\\\/\\\/zapateneo.net\\\/wordpress\\\/\"},{\"@type\":\"ListItem\",\"position\":2,\"name\":\"Tienda\",\"item\":\"https:\\\/\\\/zapateneo.net\\\/wordpress\\\/\"},{\"@type\":\"ListItem\",\"position\":3,\"name\":\"PIRATAS EN GUERRA\"}]},{\"@type\":\"WebSite\",\"@id\":\"https:\\\/\\\/zapateneo.net\\\/wordpress\\\/#website\",\"url\":\"https:\\\/\\\/zapateneo.net\\\/wordpress\\\/\",\"name\":\"Zapateneo\",\"description\":\"Zapateneoaren webgunea\",\"publisher\":{\"@id\":\"https:\\\/\\\/zapateneo.net\\\/wordpress\\\/#organization\"},\"potentialAction\":[{\"@type\":\"SearchAction\",\"target\":{\"@type\":\"EntryPoint\",\"urlTemplate\":\"https:\\\/\\\/zapateneo.net\\\/wordpress\\\/?s={search_term_string}\"},\"query-input\":{\"@type\":\"PropertyValueSpecification\",\"valueRequired\":true,\"valueName\":\"search_term_string\"}}],\"inLanguage\":\"es\"},{\"@type\":\"Organization\",\"@id\":\"https:\\\/\\\/zapateneo.net\\\/wordpress\\\/#organization\",\"name\":\"Zapateneo Kultur Elkartea\",\"url\":\"https:\\\/\\\/zapateneo.net\\\/wordpress\\\/\",\"logo\":{\"@type\":\"ImageObject\",\"inLanguage\":\"es\",\"@id\":\"https:\\\/\\\/zapateneo.net\\\/wordpress\\\/#\\\/schema\\\/logo\\\/image\\\/\",\"url\":\"https:\\\/\\\/zapateneo.net\\\/wordpress\\\/wp-content\\\/uploads\\\/2021\\\/04\\\/zap-libu-kolec.jpg\",\"contentUrl\":\"https:\\\/\\\/zapateneo.net\\\/wordpress\\\/wp-content\\\/uploads\\\/2021\\\/04\\\/zap-libu-kolec.jpg\",\"width\":2234,\"height\":398,\"caption\":\"Zapateneo Kultur Elkartea\"},\"image\":{\"@id\":\"https:\\\/\\\/zapateneo.net\\\/wordpress\\\/#\\\/schema\\\/logo\\\/image\\\/\"},\"sameAs\":[\"https:\\\/\\\/x.com\\\/zapateneo\"]}]}<\/script>\n<!-- \/ Yoast SEO plugin. -->","yoast_head_json":{"title":"PIRATAS EN GUERRA &#8212; Zapateneo","robots":{"index":"index","follow":"follow","max-snippet":"max-snippet:-1","max-image-preview":"max-image-preview:large","max-video-preview":"max-video-preview:-1"},"canonical":"https:\/\/zapateneo.net\/wordpress\/index.php\/producto\/piratas-en-guerra\/","og_locale":"es_ES","og_type":"article","og_title":"PIRATAS EN GUERRA &#8212; Zapateneo","og_description":"PETER EARLE 9788493327361 - MELUSINA - 2004 - 364 p\u00e1ginas \/orri.","og_url":"https:\/\/zapateneo.net\/wordpress\/index.php\/producto\/piratas-en-guerra\/","og_site_name":"Zapateneo","article_modified_time":"2023-07-30T17:45:02+00:00","og_image":[{"width":111,"height":168,"url":"https:\/\/zapateneo.net\/wordpress\/wp-content\/uploads\/2021\/11\/9788493327361.png","type":"image\/png"}],"twitter_card":"summary_large_image","twitter_site":"@zapateneo","twitter_misc":{"Tiempo de lectura":"2 minutos"},"schema":{"@context":"https:\/\/schema.org","@graph":[{"@type":"WebPage","@id":"https:\/\/zapateneo.net\/wordpress\/index.php\/producto\/piratas-en-guerra\/","url":"https:\/\/zapateneo.net\/wordpress\/index.php\/producto\/piratas-en-guerra\/","name":"PIRATAS EN GUERRA &#8212; Zapateneo","isPartOf":{"@id":"https:\/\/zapateneo.net\/wordpress\/#website"},"primaryImageOfPage":{"@id":"https:\/\/zapateneo.net\/wordpress\/index.php\/producto\/piratas-en-guerra\/#primaryimage"},"image":{"@id":"https:\/\/zapateneo.net\/wordpress\/index.php\/producto\/piratas-en-guerra\/#primaryimage"},"thumbnailUrl":"https:\/\/zapateneo.net\/wordpress\/wp-content\/uploads\/2021\/11\/9788493327361.png","datePublished":"2021-11-01T18:26:23+00:00","dateModified":"2023-07-30T17:45:02+00:00","breadcrumb":{"@id":"https:\/\/zapateneo.net\/wordpress\/index.php\/producto\/piratas-en-guerra\/#breadcrumb"},"inLanguage":"es","potentialAction":[{"@type":"ReadAction","target":["https:\/\/zapateneo.net\/wordpress\/index.php\/producto\/piratas-en-guerra\/"]}]},{"@type":"ImageObject","inLanguage":"es","@id":"https:\/\/zapateneo.net\/wordpress\/index.php\/producto\/piratas-en-guerra\/#primaryimage","url":"https:\/\/zapateneo.net\/wordpress\/wp-content\/uploads\/2021\/11\/9788493327361.png","contentUrl":"https:\/\/zapateneo.net\/wordpress\/wp-content\/uploads\/2021\/11\/9788493327361.png","width":111,"height":168},{"@type":"BreadcrumbList","@id":"https:\/\/zapateneo.net\/wordpress\/index.php\/producto\/piratas-en-guerra\/#breadcrumb","itemListElement":[{"@type":"ListItem","position":1,"name":"Portada","item":"https:\/\/zapateneo.net\/wordpress\/"},{"@type":"ListItem","position":2,"name":"Tienda","item":"https:\/\/zapateneo.net\/wordpress\/"},{"@type":"ListItem","position":3,"name":"PIRATAS EN GUERRA"}]},{"@type":"WebSite","@id":"https:\/\/zapateneo.net\/wordpress\/#website","url":"https:\/\/zapateneo.net\/wordpress\/","name":"Zapateneo","description":"Zapateneoaren webgunea","publisher":{"@id":"https:\/\/zapateneo.net\/wordpress\/#organization"},"potentialAction":[{"@type":"SearchAction","target":{"@type":"EntryPoint","urlTemplate":"https:\/\/zapateneo.net\/wordpress\/?s={search_term_string}"},"query-input":{"@type":"PropertyValueSpecification","valueRequired":true,"valueName":"search_term_string"}}],"inLanguage":"es"},{"@type":"Organization","@id":"https:\/\/zapateneo.net\/wordpress\/#organization","name":"Zapateneo Kultur Elkartea","url":"https:\/\/zapateneo.net\/wordpress\/","logo":{"@type":"ImageObject","inLanguage":"es","@id":"https:\/\/zapateneo.net\/wordpress\/#\/schema\/logo\/image\/","url":"https:\/\/zapateneo.net\/wordpress\/wp-content\/uploads\/2021\/04\/zap-libu-kolec.jpg","contentUrl":"https:\/\/zapateneo.net\/wordpress\/wp-content\/uploads\/2021\/04\/zap-libu-kolec.jpg","width":2234,"height":398,"caption":"Zapateneo Kultur Elkartea"},"image":{"@id":"https:\/\/zapateneo.net\/wordpress\/#\/schema\/logo\/image\/"},"sameAs":["https:\/\/x.com\/zapateneo"]}]}},"_links":{"self":[{"href":"https:\/\/zapateneo.net\/wordpress\/index.php\/wp-json\/wp\/v2\/product\/9131","targetHints":{"allow":["GET"]}}],"collection":[{"href":"https:\/\/zapateneo.net\/wordpress\/index.php\/wp-json\/wp\/v2\/product"}],"about":[{"href":"https:\/\/zapateneo.net\/wordpress\/index.php\/wp-json\/wp\/v2\/types\/product"}],"wp:featuredmedia":[{"embeddable":true,"href":"https:\/\/zapateneo.net\/wordpress\/index.php\/wp-json\/wp\/v2\/media\/9156"}],"wp:attachment":[{"href":"https:\/\/zapateneo.net\/wordpress\/index.php\/wp-json\/wp\/v2\/media?parent=9131"}],"wp:term":[{"taxonomy":"product_brand","embeddable":true,"href":"https:\/\/zapateneo.net\/wordpress\/index.php\/wp-json\/wp\/v2\/product_brand?post=9131"},{"taxonomy":"product_cat","embeddable":true,"href":"https:\/\/zapateneo.net\/wordpress\/index.php\/wp-json\/wp\/v2\/product_cat?post=9131"},{"taxonomy":"product_tag","embeddable":true,"href":"https:\/\/zapateneo.net\/wordpress\/index.php\/wp-json\/wp\/v2\/product_tag?post=9131"}],"curies":[{"name":"wp","href":"https:\/\/api.w.org\/{rel}","templated":true}]}}