{"id":9125,"date":"2021-11-17T12:02:10","date_gmt":"2021-11-17T11:02:10","guid":{"rendered":"https:\/\/zapateneo.net\/wordpress\/?post_type=product&#038;p=9125"},"modified":"2021-11-17T12:02:10","modified_gmt":"2021-11-17T11:02:10","slug":"salamandra-23-24","status":"publish","type":"product","link":"https:\/\/zapateneo.net\/wordpress\/index.php\/producto\/salamandra-23-24\/","title":{"rendered":"Salamandra 23-24"},"content":{"rendered":"<p>Tras una larga espera de 6 a\u00f1os y ciertos accidentes demasiado conocidos que ocurren y ocurrir\u00e1n, el Grupo surrealista de Madrid se ha soltado el pelo lic\u00e1ntropo rompiendo hibernaciones y comas inducidos con la flamante e intratable Salamandra 23-24, que sin falsas modestias, verg\u00fcenzas o miedos-al-qu\u00e9-dir\u00e1n alcanza el volumen y la intemperancia m\u00e1s excesiva, irresponsable y escandalosa, pues lo que no mata engorda. \u00bfO era que te hac\u00eda m\u00e1s fuerte?<\/p>\n<p>En cualquier caso, Salamandra, la revista m\u00e1s espor\u00e1dica, cosmog\u00f3nica, heterodoxa, desesperada y utopista del mundo, ofrece en esta nueva entrega ensayos, pol\u00e9micas, debates, encuestas, experiencias, acciones, poemas e im\u00e1genes de rabiosa inactualidad, que pretenden poner patas arriba los trucos y tent\u00e1culos de la dominaci\u00f3n y de su apocalipsis tecnol\u00f3gico, adem\u00e1s de pensar, desear y experimentar las mentalidades, imaginarios, deseos y formas de vida que ya se le contradicen y combaten, para que la vida cambie y sea verdadera en un mundo transformado y libre.<br \/>\nAs\u00ed sus editores, y los muchos y variados colaboradoras y colaboradores, discuten, niegan, proponen y act\u00faan sobre el comunismo del genio para revivificar la creatividad que el canon aplasta y el mercado manipula, la exterioridad objetiva y subjetiva todav\u00eda latente en el encierro industrial, el colapso civilizatorio y lo que tendremos que reinventar cuando la burbuja estalle por completo y sin vuelta atr\u00e1s, la revoluci\u00f3n y el \u00e9xodo que desaf\u00edan y atacan a cara de perras lobas a la Econom\u00eda y al Estado, el inconsciente y el sue\u00f1o en los malos tiempos del fetichismo de la mercanc\u00eda, el amor sublime y el eros polimorfo de los cuerpos que pugnan por escapar de la asepsia virtual, la propaganda por el hecho de lo maravilloso, o la lucha aut\u00f3noma contra la psiquiatr\u00eda hegem\u00f3nica y sus relaciones con el lenguaje liberado y la poes\u00eda liberadora, hecha por todos, escrita y por otros medios.<br \/>\nY nos quedamos muy cortos. Sobre todo porque hablamos de 464 p\u00e1ginas, ni una sola menos&#8230; \u00bfpor qu\u00e9 no, si dicen que ya llega el fin del mundo? O el principio de otro mejor que negar\u00e1 el que ahora sufrimos y se autodestruye con todos sus pasajeros. Esta Salamandra est\u00e1 pensada precisamente para eso: para contribuir a lo imposible contra lo que no puede ser, que ya no puede ser, y adem\u00e1s es invivible.<br \/>\n\u00a1Dejad de temblar, cuerpos! La vida inmediata existe, como lo absoluto y el fantasma de la libertad con el cuchillo entre los dientes que no transige con nada, porque va a por el todo. \u00bfEs que acaso hemos perdido las flechas del deseo?<\/p>\n<p>Sumario:<br \/>\nDel comunismo del genio al genio de lo com\u00fan: Jornadas experimentales sobre los juegos surrealistas y la vida on\u00edrica en el Ateneo Nosaltres \u2013 Barraca de las Maravillas en la V Edici\u00f3n de las Jornadas de Arte y Creatividad Anarquistas de 2019 \u2013 Acciones callejeras en Madrid y C\u00e1diz.<br \/>\nCrisis de civilizaci\u00f3n, colapso y utop\u00eda \u2013 Fuga de la revoluci\u00f3n, revoluci\u00f3n de la fuga \u2013 M\u00e1s Realidad \u2013 El incendio interior: sue\u00f1o y mercanc\u00eda \u2013 Laboratorio de lo imaginario \u2013 El amor loco er\u00f3tico, el eros locamente enamorado \u2013 Locura, automatismo, lenguaje \u2013 Poemas \u2013 Rese\u00f1as.<br \/>\nContingencia e insumisi\u00f3n de la exterioridad: Debates y apuntes para un conocimiento salvaje del afuera.<\/p>\n","protected":false},"excerpt":{"rendered":"<p><strong>GRUPO SURREALISTA DE MADRID<\/strong><br \/>\n9789200725937 &#8211; GRUPO SURREALISTA DE MADRID &#8211; 2021 &#8211; 464 p\u00e1ginas \/orri.<\/p>\n","protected":false},"featured_media":9126,"template":"","meta":[],"product_brand":[],"product_cat":[16,187],"product_tag":[3088],"class_list":{"0":"post-9125","1":"product","2":"type-product","3":"status-publish","4":"has-post-thumbnail","6":"product_cat-libros","7":"product_cat-narratiba-narrativa","8":"product_tag-grupo-surrealista-de-madrid","10":"first","11":"instock","12":"sold-individually","13":"shipping-taxable","14":"purchasable","15":"product-type-simple"},"yoast_head":"<!-- This site is optimized with the Yoast SEO plugin v27.3 - https:\/\/yoast.com\/product\/yoast-seo-wordpress\/ -->\n<title>Salamandra 23-24 &#8212; Zapateneo<\/title>\n<meta name=\"robots\" content=\"index, follow, max-snippet:-1, max-image-preview:large, max-video-preview:-1\" \/>\n<link rel=\"canonical\" href=\"https:\/\/zapateneo.net\/wordpress\/index.php\/producto\/salamandra-23-24\/\" \/>\n<meta property=\"og:locale\" content=\"es_ES\" \/>\n<meta property=\"og:type\" content=\"article\" \/>\n<meta property=\"og:title\" content=\"Salamandra 23-24 &#8212; Zapateneo\" \/>\n<meta property=\"og:description\" content=\"GRUPO SURREALISTA DE MADRID 9789200725937 - GRUPO SURREALISTA DE MADRID - 2021 - 464 p\u00e1ginas \/orri.\" \/>\n<meta property=\"og:url\" content=\"https:\/\/zapateneo.net\/wordpress\/index.php\/producto\/salamandra-23-24\/\" \/>\n<meta property=\"og:site_name\" content=\"Zapateneo\" \/>\n<meta property=\"og:image\" content=\"https:\/\/zapateneo.net\/wordpress\/wp-content\/uploads\/2021\/11\/salamandra-23-24.jpg\" \/>\n\t<meta property=\"og:image:width\" content=\"310\" \/>\n\t<meta property=\"og:image:height\" content=\"400\" \/>\n\t<meta property=\"og:image:type\" content=\"image\/jpeg\" \/>\n<meta name=\"twitter:card\" content=\"summary_large_image\" \/>\n<meta name=\"twitter:site\" content=\"@zapateneo\" \/>\n<meta name=\"twitter:label1\" content=\"Tiempo de lectura\" \/>\n\t<meta name=\"twitter:data1\" content=\"3 minutos\" \/>\n<script type=\"application\/ld+json\" class=\"yoast-schema-graph\">{\"@context\":\"https:\\\/\\\/schema.org\",\"@graph\":[{\"@type\":\"WebPage\",\"@id\":\"https:\\\/\\\/zapateneo.net\\\/wordpress\\\/index.php\\\/producto\\\/salamandra-23-24\\\/\",\"url\":\"https:\\\/\\\/zapateneo.net\\\/wordpress\\\/index.php\\\/producto\\\/salamandra-23-24\\\/\",\"name\":\"Salamandra 23-24 &#8212; Zapateneo\",\"isPartOf\":{\"@id\":\"https:\\\/\\\/zapateneo.net\\\/wordpress\\\/#website\"},\"primaryImageOfPage\":{\"@id\":\"https:\\\/\\\/zapateneo.net\\\/wordpress\\\/index.php\\\/producto\\\/salamandra-23-24\\\/#primaryimage\"},\"image\":{\"@id\":\"https:\\\/\\\/zapateneo.net\\\/wordpress\\\/index.php\\\/producto\\\/salamandra-23-24\\\/#primaryimage\"},\"thumbnailUrl\":\"https:\\\/\\\/zapateneo.net\\\/wordpress\\\/wp-content\\\/uploads\\\/2021\\\/11\\\/salamandra-23-24.jpg\",\"datePublished\":\"2021-11-17T11:02:10+00:00\",\"breadcrumb\":{\"@id\":\"https:\\\/\\\/zapateneo.net\\\/wordpress\\\/index.php\\\/producto\\\/salamandra-23-24\\\/#breadcrumb\"},\"inLanguage\":\"es\",\"potentialAction\":[{\"@type\":\"ReadAction\",\"target\":[\"https:\\\/\\\/zapateneo.net\\\/wordpress\\\/index.php\\\/producto\\\/salamandra-23-24\\\/\"]}]},{\"@type\":\"ImageObject\",\"inLanguage\":\"es\",\"@id\":\"https:\\\/\\\/zapateneo.net\\\/wordpress\\\/index.php\\\/producto\\\/salamandra-23-24\\\/#primaryimage\",\"url\":\"https:\\\/\\\/zapateneo.net\\\/wordpress\\\/wp-content\\\/uploads\\\/2021\\\/11\\\/salamandra-23-24.jpg\",\"contentUrl\":\"https:\\\/\\\/zapateneo.net\\\/wordpress\\\/wp-content\\\/uploads\\\/2021\\\/11\\\/salamandra-23-24.jpg\",\"width\":310,\"height\":400},{\"@type\":\"BreadcrumbList\",\"@id\":\"https:\\\/\\\/zapateneo.net\\\/wordpress\\\/index.php\\\/producto\\\/salamandra-23-24\\\/#breadcrumb\",\"itemListElement\":[{\"@type\":\"ListItem\",\"position\":1,\"name\":\"Portada\",\"item\":\"https:\\\/\\\/zapateneo.net\\\/wordpress\\\/\"},{\"@type\":\"ListItem\",\"position\":2,\"name\":\"Tienda\",\"item\":\"https:\\\/\\\/zapateneo.net\\\/wordpress\\\/\"},{\"@type\":\"ListItem\",\"position\":3,\"name\":\"Salamandra 23-24\"}]},{\"@type\":\"WebSite\",\"@id\":\"https:\\\/\\\/zapateneo.net\\\/wordpress\\\/#website\",\"url\":\"https:\\\/\\\/zapateneo.net\\\/wordpress\\\/\",\"name\":\"Zapateneo\",\"description\":\"Zapateneoaren webgunea\",\"publisher\":{\"@id\":\"https:\\\/\\\/zapateneo.net\\\/wordpress\\\/#organization\"},\"potentialAction\":[{\"@type\":\"SearchAction\",\"target\":{\"@type\":\"EntryPoint\",\"urlTemplate\":\"https:\\\/\\\/zapateneo.net\\\/wordpress\\\/?s={search_term_string}\"},\"query-input\":{\"@type\":\"PropertyValueSpecification\",\"valueRequired\":true,\"valueName\":\"search_term_string\"}}],\"inLanguage\":\"es\"},{\"@type\":\"Organization\",\"@id\":\"https:\\\/\\\/zapateneo.net\\\/wordpress\\\/#organization\",\"name\":\"Zapateneo Kultur Elkartea\",\"url\":\"https:\\\/\\\/zapateneo.net\\\/wordpress\\\/\",\"logo\":{\"@type\":\"ImageObject\",\"inLanguage\":\"es\",\"@id\":\"https:\\\/\\\/zapateneo.net\\\/wordpress\\\/#\\\/schema\\\/logo\\\/image\\\/\",\"url\":\"https:\\\/\\\/zapateneo.net\\\/wordpress\\\/wp-content\\\/uploads\\\/2021\\\/04\\\/zap-libu-kolec.jpg\",\"contentUrl\":\"https:\\\/\\\/zapateneo.net\\\/wordpress\\\/wp-content\\\/uploads\\\/2021\\\/04\\\/zap-libu-kolec.jpg\",\"width\":2234,\"height\":398,\"caption\":\"Zapateneo Kultur Elkartea\"},\"image\":{\"@id\":\"https:\\\/\\\/zapateneo.net\\\/wordpress\\\/#\\\/schema\\\/logo\\\/image\\\/\"},\"sameAs\":[\"https:\\\/\\\/x.com\\\/zapateneo\"]}]}<\/script>\n<!-- \/ Yoast SEO plugin. -->","yoast_head_json":{"title":"Salamandra 23-24 &#8212; Zapateneo","robots":{"index":"index","follow":"follow","max-snippet":"max-snippet:-1","max-image-preview":"max-image-preview:large","max-video-preview":"max-video-preview:-1"},"canonical":"https:\/\/zapateneo.net\/wordpress\/index.php\/producto\/salamandra-23-24\/","og_locale":"es_ES","og_type":"article","og_title":"Salamandra 23-24 &#8212; Zapateneo","og_description":"GRUPO SURREALISTA DE MADRID 9789200725937 - GRUPO SURREALISTA DE MADRID - 2021 - 464 p\u00e1ginas \/orri.","og_url":"https:\/\/zapateneo.net\/wordpress\/index.php\/producto\/salamandra-23-24\/","og_site_name":"Zapateneo","og_image":[{"width":310,"height":400,"url":"https:\/\/zapateneo.net\/wordpress\/wp-content\/uploads\/2021\/11\/salamandra-23-24.jpg","type":"image\/jpeg"}],"twitter_card":"summary_large_image","twitter_site":"@zapateneo","twitter_misc":{"Tiempo de lectura":"3 minutos"},"schema":{"@context":"https:\/\/schema.org","@graph":[{"@type":"WebPage","@id":"https:\/\/zapateneo.net\/wordpress\/index.php\/producto\/salamandra-23-24\/","url":"https:\/\/zapateneo.net\/wordpress\/index.php\/producto\/salamandra-23-24\/","name":"Salamandra 23-24 &#8212; Zapateneo","isPartOf":{"@id":"https:\/\/zapateneo.net\/wordpress\/#website"},"primaryImageOfPage":{"@id":"https:\/\/zapateneo.net\/wordpress\/index.php\/producto\/salamandra-23-24\/#primaryimage"},"image":{"@id":"https:\/\/zapateneo.net\/wordpress\/index.php\/producto\/salamandra-23-24\/#primaryimage"},"thumbnailUrl":"https:\/\/zapateneo.net\/wordpress\/wp-content\/uploads\/2021\/11\/salamandra-23-24.jpg","datePublished":"2021-11-17T11:02:10+00:00","breadcrumb":{"@id":"https:\/\/zapateneo.net\/wordpress\/index.php\/producto\/salamandra-23-24\/#breadcrumb"},"inLanguage":"es","potentialAction":[{"@type":"ReadAction","target":["https:\/\/zapateneo.net\/wordpress\/index.php\/producto\/salamandra-23-24\/"]}]},{"@type":"ImageObject","inLanguage":"es","@id":"https:\/\/zapateneo.net\/wordpress\/index.php\/producto\/salamandra-23-24\/#primaryimage","url":"https:\/\/zapateneo.net\/wordpress\/wp-content\/uploads\/2021\/11\/salamandra-23-24.jpg","contentUrl":"https:\/\/zapateneo.net\/wordpress\/wp-content\/uploads\/2021\/11\/salamandra-23-24.jpg","width":310,"height":400},{"@type":"BreadcrumbList","@id":"https:\/\/zapateneo.net\/wordpress\/index.php\/producto\/salamandra-23-24\/#breadcrumb","itemListElement":[{"@type":"ListItem","position":1,"name":"Portada","item":"https:\/\/zapateneo.net\/wordpress\/"},{"@type":"ListItem","position":2,"name":"Tienda","item":"https:\/\/zapateneo.net\/wordpress\/"},{"@type":"ListItem","position":3,"name":"Salamandra 23-24"}]},{"@type":"WebSite","@id":"https:\/\/zapateneo.net\/wordpress\/#website","url":"https:\/\/zapateneo.net\/wordpress\/","name":"Zapateneo","description":"Zapateneoaren webgunea","publisher":{"@id":"https:\/\/zapateneo.net\/wordpress\/#organization"},"potentialAction":[{"@type":"SearchAction","target":{"@type":"EntryPoint","urlTemplate":"https:\/\/zapateneo.net\/wordpress\/?s={search_term_string}"},"query-input":{"@type":"PropertyValueSpecification","valueRequired":true,"valueName":"search_term_string"}}],"inLanguage":"es"},{"@type":"Organization","@id":"https:\/\/zapateneo.net\/wordpress\/#organization","name":"Zapateneo Kultur Elkartea","url":"https:\/\/zapateneo.net\/wordpress\/","logo":{"@type":"ImageObject","inLanguage":"es","@id":"https:\/\/zapateneo.net\/wordpress\/#\/schema\/logo\/image\/","url":"https:\/\/zapateneo.net\/wordpress\/wp-content\/uploads\/2021\/04\/zap-libu-kolec.jpg","contentUrl":"https:\/\/zapateneo.net\/wordpress\/wp-content\/uploads\/2021\/04\/zap-libu-kolec.jpg","width":2234,"height":398,"caption":"Zapateneo Kultur Elkartea"},"image":{"@id":"https:\/\/zapateneo.net\/wordpress\/#\/schema\/logo\/image\/"},"sameAs":["https:\/\/x.com\/zapateneo"]}]}},"_links":{"self":[{"href":"https:\/\/zapateneo.net\/wordpress\/index.php\/wp-json\/wp\/v2\/product\/9125","targetHints":{"allow":["GET"]}}],"collection":[{"href":"https:\/\/zapateneo.net\/wordpress\/index.php\/wp-json\/wp\/v2\/product"}],"about":[{"href":"https:\/\/zapateneo.net\/wordpress\/index.php\/wp-json\/wp\/v2\/types\/product"}],"wp:featuredmedia":[{"embeddable":true,"href":"https:\/\/zapateneo.net\/wordpress\/index.php\/wp-json\/wp\/v2\/media\/9126"}],"wp:attachment":[{"href":"https:\/\/zapateneo.net\/wordpress\/index.php\/wp-json\/wp\/v2\/media?parent=9125"}],"wp:term":[{"taxonomy":"product_brand","embeddable":true,"href":"https:\/\/zapateneo.net\/wordpress\/index.php\/wp-json\/wp\/v2\/product_brand?post=9125"},{"taxonomy":"product_cat","embeddable":true,"href":"https:\/\/zapateneo.net\/wordpress\/index.php\/wp-json\/wp\/v2\/product_cat?post=9125"},{"taxonomy":"product_tag","embeddable":true,"href":"https:\/\/zapateneo.net\/wordpress\/index.php\/wp-json\/wp\/v2\/product_tag?post=9125"}],"curies":[{"name":"wp","href":"https:\/\/api.w.org\/{rel}","templated":true}]}}