{"id":9089,"date":"2021-11-01T09:40:38","date_gmt":"2021-11-01T08:40:38","guid":{"rendered":"https:\/\/zapateneo.net\/wordpress\/?post_type=product&#038;p=9089"},"modified":"2021-11-17T09:44:41","modified_gmt":"2021-11-17T08:44:41","slug":"teoria-de-la-revolucion-mundial-inmediata","status":"publish","type":"product","link":"https:\/\/zapateneo.net\/wordpress\/index.php\/producto\/teoria-de-la-revolucion-mundial-inmediata\/","title":{"rendered":"Teor\u00eda de la revoluci\u00f3n mundial inmediata"},"content":{"rendered":"<p><span><\/p>\n<p><span> <\/span><\/p>\n<p><\/span><\/p>\n<p align=\"center\"><strong> <span style=\"color: #000000; font-size: large;\">\u00abTeor&iacute;a de la revoluci&oacute;n mundial inmediata\u00bb<\/span><\/strong><\/p>\n<p align=\"center\"><span style=\"font-size: medium;\">Marcel Mari&euml;n<br \/> &nbsp;<\/span><\/p>\n<p align=\"left\">\u00abLa <em>Teor&iacute;a de la revoluci&oacute;n mundial inmediata<\/em> es la historia de una      conjura de unos comunistas, de un grupo muy reducido de personas afines      discretas y resueltas que deciden establecer el comunismo por los mismos      medios de los que se valen el capitalismo de consumo y el sistema de la      democracia representativa para imponer sus productos y partidos: lo que      llam&oacute; Vance Packard la &ldquo;persuasi&oacute;n clandestina&rdquo; o lo que el sobrino de      Sigmund Freud, Edward Bernays denomin&oacute; &ldquo;Propaganda&rdquo;. Se trata, pues de que,      s&oacute;lo una vez que se haya realizado la revoluci&oacute;n, pero no antes, la mayor&iacute;a      de la gente se d&eacute; cuenta de que esta ha ocurrido y de que ha participado en      ella. Los medios de la revoluci&oacute;n no son ya las milicias armadas, ni los      grandes oradores, ni la propaganda revolucionaria, sino los propios      instrumentos de dominaci&oacute;n del sistema: el consumo, el ocio, la publicidad y      el espect&aacute;culo. (&#8230;) La propuesta de Mari&euml;n es sobre todo un chiste y una      broma, pero la eficacia del chiste (<em>Witz<\/em>) consiste seg&uacute;n nos ense&ntilde;a      Freud en apuntar a un deseo reprimido a trav&eacute;s de la ambig&uuml;edad de un      significante explotada por la &ldquo;t&eacute;cnica del chiste&rdquo;. El chiste nunca es solo      algo &ldquo;gracioso&rdquo;, sino que siempre es el representante de algo imposible de      decir y de representar en otro lenguaje, es una &ldquo;formaci&oacute;n del inconsciente&rdquo;      (Lacan). (&#8230;) Cuando ya no podemos desear abiertamente, expl&iacute;citamente una      cosa, el comunismo por poner un ejemplo, s&oacute;lo un chiste negro, muy negro,      nos puede salvar permiti&eacute;ndonos entrever por medio de las risas lo que      realmente quer&iacute;amos. Por otra parte, el chiste que nos propone Mari&euml;n no      carece de seriedad, de gravedad, pues apela a la necesidad de decidir, de      actuar y de hacerlo muy r&aacute;pido, de tomar por sorpresa a nuestros propios      h&aacute;bitos mentales y de no dar al enemigo que en nosotros mismos reside la      posibilidad de reaccionar.\u00bb <em><br \/> John Brown<\/em><\/p>\n<p align=\"left\">Marcel Mari&euml;n (Amberes 1920, Bruselas 1993) es un escritor, poeta,      ensayista, editor, fot&oacute;grafo, cineasta y creador de objetos ins&oacute;litos que      form&oacute; parte del movimiento surrealista belga. En 1937 particip&oacute; junto a      Magritte en la exposici&oacute;n colectiva <em>Surrealist Objects<\/em> and poems en      Londres. En Par&iacute;s conoci&oacute; a Breton, &Eacute;luard, Picasso, Noug&eacute;&#8230; En la Segunda      Guerra mundial se alist&oacute; en el Ej&eacute;rcito belga y fue hecho prisionero en      Alemania. Una vez liberado volvi&oacute; a Bruselas y fund&oacute; las ediciones &ldquo;La aguja      imantada&rdquo;. En 1943 escribi&oacute; la primera monograf&iacute;a de Ren&eacute; Magritte, y hasta      1946 se dedic&oacute; entre otras cosas a vender falsos Max Ernst y Chiricos      pintados por el propio Magritte. En 1945 Mari&euml;n colabor&oacute; en la revista <em>El      Cielo azul<\/em> con Colinet y Dotremont, y public&oacute; con Magritte una serie de      octavillas bromistas y subversivas. En 1948 Mari&euml;n se instala como librero      en Bruselas y luego se embarca como marinero en un buque hacia las Antillas      haciendo contrabando de cigarrillos y perfumes. En 1953 vuelve a Bruselas,      escribe art&iacute;culos para el consejero cultural sovi&eacute;tico y ayuda a Ren&eacute; y Paul      Magritte a distribuir billetes falsos de 100 francos pintados por el mismo      Magritte. En 1954 funda con Noug&eacute; la revista <em>Les L&egrave;vres nues,<\/em> subversiva y anticlerical, y en enero de 1956 publica <em>Histoire de ne pas      rire<\/em>. En 1959 rueda la pel&iacute;cula <em>La Imitaci&oacute;n del cine<\/em>. En 1962      escribi&oacute; y distribuy&oacute; el panfleto <em>La Grande Baisse<\/em> (La gran rebaja),      coincidiendo con una gran retrospectiva de Magritte, donde anunciaban      grandes descuentos en sus obras haciendo ver que el panfleto proven&iacute;a      directamente de Magritte, lo que enfad&oacute; mucho al artista y puso fin a 25      a&ntilde;os de amistad entre ambos. A finales de 1962 Mari&euml;n, que viv&iacute;a en<br \/>\n Nueva      York, decidi&oacute; regresar a casa &ldquo;por Oriente&rdquo;, recalando en la China      comunista, donde pas&oacute; dos a&ntilde;os trabajando como traductor. A su vuelta a casa      y durante los &uacute;ltimos a&ntilde;os se dedicar&iacute;a sobre todo a la escritura y la      fotograf&iacute;a. En 1988 public&oacute; su autobiograf&iacute;a, <em>Le radeau de la m&eacute;moire.<\/em><\/p>\n<p><span><\/p>\n<p>&nbsp;<\/p>\n<p>&nbsp;<\/p>\n<p><\/span><\/p>\n","protected":false},"excerpt":{"rendered":"<p><strong>marcel marien<\/strong><br \/>\n9788496584518 &#8211; Hiru &#8211; 2013 &#8211; 176 p\u00e1ginas \/orri.<\/p>\n","protected":false},"featured_media":9120,"template":"","meta":[],"product_brand":[],"product_cat":[16,187],"product_tag":[639,4801],"class_list":{"0":"post-9089","1":"product","2":"type-product","3":"status-publish","4":"has-post-thumbnail","6":"product_cat-libros","7":"product_cat-narratiba-narrativa","8":"product_tag-hiru","9":"product_tag-marcel-marien","11":"first","12":"instock","13":"sold-individually","14":"shipping-taxable","15":"purchasable","16":"product-type-simple"},"yoast_head":"<!-- This site is optimized with the Yoast SEO plugin v27.3 - https:\/\/yoast.com\/product\/yoast-seo-wordpress\/ -->\n<title>Teor\u00eda de la revoluci\u00f3n mundial inmediata &#8212; Zapateneo<\/title>\n<meta name=\"robots\" content=\"index, follow, max-snippet:-1, max-image-preview:large, max-video-preview:-1\" \/>\n<link rel=\"canonical\" href=\"https:\/\/zapateneo.net\/wordpress\/index.php\/producto\/teoria-de-la-revolucion-mundial-inmediata\/\" \/>\n<meta property=\"og:locale\" content=\"es_ES\" \/>\n<meta property=\"og:type\" content=\"article\" \/>\n<meta property=\"og:title\" content=\"Teor\u00eda de la revoluci\u00f3n mundial inmediata &#8212; Zapateneo\" \/>\n<meta property=\"og:description\" content=\"marcel marien 9788496584518 - Hiru - 2013 - 176 p\u00e1ginas \/orri.\" \/>\n<meta property=\"og:url\" content=\"https:\/\/zapateneo.net\/wordpress\/index.php\/producto\/teoria-de-la-revolucion-mundial-inmediata\/\" \/>\n<meta property=\"og:site_name\" content=\"Zapateneo\" \/>\n<meta property=\"article:modified_time\" content=\"2021-11-17T08:44:41+00:00\" \/>\n<meta property=\"og:image\" content=\"https:\/\/zapateneo.net\/wordpress\/wp-content\/uploads\/2021\/11\/9788496584518.jpg\" \/>\n\t<meta property=\"og:image:width\" content=\"150\" \/>\n\t<meta property=\"og:image:height\" content=\"189\" \/>\n\t<meta property=\"og:image:type\" content=\"image\/jpeg\" \/>\n<meta name=\"twitter:card\" content=\"summary_large_image\" \/>\n<meta name=\"twitter:site\" content=\"@zapateneo\" \/>\n<meta name=\"twitter:label1\" content=\"Tiempo de lectura\" \/>\n\t<meta name=\"twitter:data1\" content=\"4 minutos\" \/>\n<script type=\"application\/ld+json\" class=\"yoast-schema-graph\">{\"@context\":\"https:\\\/\\\/schema.org\",\"@graph\":[{\"@type\":\"WebPage\",\"@id\":\"https:\\\/\\\/zapateneo.net\\\/wordpress\\\/index.php\\\/producto\\\/teoria-de-la-revolucion-mundial-inmediata\\\/\",\"url\":\"https:\\\/\\\/zapateneo.net\\\/wordpress\\\/index.php\\\/producto\\\/teoria-de-la-revolucion-mundial-inmediata\\\/\",\"name\":\"Teor\u00eda de la revoluci\u00f3n mundial inmediata &#8212; Zapateneo\",\"isPartOf\":{\"@id\":\"https:\\\/\\\/zapateneo.net\\\/wordpress\\\/#website\"},\"primaryImageOfPage\":{\"@id\":\"https:\\\/\\\/zapateneo.net\\\/wordpress\\\/index.php\\\/producto\\\/teoria-de-la-revolucion-mundial-inmediata\\\/#primaryimage\"},\"image\":{\"@id\":\"https:\\\/\\\/zapateneo.net\\\/wordpress\\\/index.php\\\/producto\\\/teoria-de-la-revolucion-mundial-inmediata\\\/#primaryimage\"},\"thumbnailUrl\":\"https:\\\/\\\/zapateneo.net\\\/wordpress\\\/wp-content\\\/uploads\\\/2021\\\/11\\\/9788496584518.jpg\",\"datePublished\":\"2021-11-01T08:40:38+00:00\",\"dateModified\":\"2021-11-17T08:44:41+00:00\",\"breadcrumb\":{\"@id\":\"https:\\\/\\\/zapateneo.net\\\/wordpress\\\/index.php\\\/producto\\\/teoria-de-la-revolucion-mundial-inmediata\\\/#breadcrumb\"},\"inLanguage\":\"es\",\"potentialAction\":[{\"@type\":\"ReadAction\",\"target\":[\"https:\\\/\\\/zapateneo.net\\\/wordpress\\\/index.php\\\/producto\\\/teoria-de-la-revolucion-mundial-inmediata\\\/\"]}]},{\"@type\":\"ImageObject\",\"inLanguage\":\"es\",\"@id\":\"https:\\\/\\\/zapateneo.net\\\/wordpress\\\/index.php\\\/producto\\\/teoria-de-la-revolucion-mundial-inmediata\\\/#primaryimage\",\"url\":\"https:\\\/\\\/zapateneo.net\\\/wordpress\\\/wp-content\\\/uploads\\\/2021\\\/11\\\/9788496584518.jpg\",\"contentUrl\":\"https:\\\/\\\/zapateneo.net\\\/wordpress\\\/wp-content\\\/uploads\\\/2021\\\/11\\\/9788496584518.jpg\",\"width\":150,\"height\":189},{\"@type\":\"BreadcrumbList\",\"@id\":\"https:\\\/\\\/zapateneo.net\\\/wordpress\\\/index.php\\\/producto\\\/teoria-de-la-revolucion-mundial-inmediata\\\/#breadcrumb\",\"itemListElement\":[{\"@type\":\"ListItem\",\"position\":1,\"name\":\"Portada\",\"item\":\"https:\\\/\\\/zapateneo.net\\\/wordpress\\\/\"},{\"@type\":\"ListItem\",\"position\":2,\"name\":\"Tienda\",\"item\":\"https:\\\/\\\/zapateneo.net\\\/wordpress\\\/\"},{\"@type\":\"ListItem\",\"position\":3,\"name\":\"Teor\u00eda de la revoluci\u00f3n mundial inmediata\"}]},{\"@type\":\"WebSite\",\"@id\":\"https:\\\/\\\/zapateneo.net\\\/wordpress\\\/#website\",\"url\":\"https:\\\/\\\/zapateneo.net\\\/wordpress\\\/\",\"name\":\"Zapateneo\",\"description\":\"Zapateneoaren webgunea\",\"publisher\":{\"@id\":\"https:\\\/\\\/zapateneo.net\\\/wordpress\\\/#organization\"},\"potentialAction\":[{\"@type\":\"SearchAction\",\"target\":{\"@type\":\"EntryPoint\",\"urlTemplate\":\"https:\\\/\\\/zapateneo.net\\\/wordpress\\\/?s={search_term_string}\"},\"query-input\":{\"@type\":\"PropertyValueSpecification\",\"valueRequired\":true,\"valueName\":\"search_term_string\"}}],\"inLanguage\":\"es\"},{\"@type\":\"Organization\",\"@id\":\"https:\\\/\\\/zapateneo.net\\\/wordpress\\\/#organization\",\"name\":\"Zapateneo Kultur Elkartea\",\"url\":\"https:\\\/\\\/zapateneo.net\\\/wordpress\\\/\",\"logo\":{\"@type\":\"ImageObject\",\"inLanguage\":\"es\",\"@id\":\"https:\\\/\\\/zapateneo.net\\\/wordpress\\\/#\\\/schema\\\/logo\\\/image\\\/\",\"url\":\"https:\\\/\\\/zapateneo.net\\\/wordpress\\\/wp-content\\\/uploads\\\/2021\\\/04\\\/zap-libu-kolec.jpg\",\"contentUrl\":\"https:\\\/\\\/zapateneo.net\\\/wordpress\\\/wp-content\\\/uploads\\\/2021\\\/04\\\/zap-libu-kolec.jpg\",\"width\":2234,\"height\":398,\"caption\":\"Zapateneo Kultur Elkartea\"},\"image\":{\"@id\":\"https:\\\/\\\/zapateneo.net\\\/wordpress\\\/#\\\/schema\\\/logo\\\/image\\\/\"},\"sameAs\":[\"https:\\\/\\\/x.com\\\/zapateneo\"]}]}<\/script>\n<!-- \/ Yoast SEO plugin. -->","yoast_head_json":{"title":"Teor\u00eda de la revoluci\u00f3n mundial inmediata &#8212; Zapateneo","robots":{"index":"index","follow":"follow","max-snippet":"max-snippet:-1","max-image-preview":"max-image-preview:large","max-video-preview":"max-video-preview:-1"},"canonical":"https:\/\/zapateneo.net\/wordpress\/index.php\/producto\/teoria-de-la-revolucion-mundial-inmediata\/","og_locale":"es_ES","og_type":"article","og_title":"Teor\u00eda de la revoluci\u00f3n mundial inmediata &#8212; Zapateneo","og_description":"marcel marien 9788496584518 - Hiru - 2013 - 176 p\u00e1ginas \/orri.","og_url":"https:\/\/zapateneo.net\/wordpress\/index.php\/producto\/teoria-de-la-revolucion-mundial-inmediata\/","og_site_name":"Zapateneo","article_modified_time":"2021-11-17T08:44:41+00:00","og_image":[{"width":150,"height":189,"url":"https:\/\/zapateneo.net\/wordpress\/wp-content\/uploads\/2021\/11\/9788496584518.jpg","type":"image\/jpeg"}],"twitter_card":"summary_large_image","twitter_site":"@zapateneo","twitter_misc":{"Tiempo de lectura":"4 minutos"},"schema":{"@context":"https:\/\/schema.org","@graph":[{"@type":"WebPage","@id":"https:\/\/zapateneo.net\/wordpress\/index.php\/producto\/teoria-de-la-revolucion-mundial-inmediata\/","url":"https:\/\/zapateneo.net\/wordpress\/index.php\/producto\/teoria-de-la-revolucion-mundial-inmediata\/","name":"Teor\u00eda de la revoluci\u00f3n mundial inmediata &#8212; Zapateneo","isPartOf":{"@id":"https:\/\/zapateneo.net\/wordpress\/#website"},"primaryImageOfPage":{"@id":"https:\/\/zapateneo.net\/wordpress\/index.php\/producto\/teoria-de-la-revolucion-mundial-inmediata\/#primaryimage"},"image":{"@id":"https:\/\/zapateneo.net\/wordpress\/index.php\/producto\/teoria-de-la-revolucion-mundial-inmediata\/#primaryimage"},"thumbnailUrl":"https:\/\/zapateneo.net\/wordpress\/wp-content\/uploads\/2021\/11\/9788496584518.jpg","datePublished":"2021-11-01T08:40:38+00:00","dateModified":"2021-11-17T08:44:41+00:00","breadcrumb":{"@id":"https:\/\/zapateneo.net\/wordpress\/index.php\/producto\/teoria-de-la-revolucion-mundial-inmediata\/#breadcrumb"},"inLanguage":"es","potentialAction":[{"@type":"ReadAction","target":["https:\/\/zapateneo.net\/wordpress\/index.php\/producto\/teoria-de-la-revolucion-mundial-inmediata\/"]}]},{"@type":"ImageObject","inLanguage":"es","@id":"https:\/\/zapateneo.net\/wordpress\/index.php\/producto\/teoria-de-la-revolucion-mundial-inmediata\/#primaryimage","url":"https:\/\/zapateneo.net\/wordpress\/wp-content\/uploads\/2021\/11\/9788496584518.jpg","contentUrl":"https:\/\/zapateneo.net\/wordpress\/wp-content\/uploads\/2021\/11\/9788496584518.jpg","width":150,"height":189},{"@type":"BreadcrumbList","@id":"https:\/\/zapateneo.net\/wordpress\/index.php\/producto\/teoria-de-la-revolucion-mundial-inmediata\/#breadcrumb","itemListElement":[{"@type":"ListItem","position":1,"name":"Portada","item":"https:\/\/zapateneo.net\/wordpress\/"},{"@type":"ListItem","position":2,"name":"Tienda","item":"https:\/\/zapateneo.net\/wordpress\/"},{"@type":"ListItem","position":3,"name":"Teor\u00eda de la revoluci\u00f3n mundial inmediata"}]},{"@type":"WebSite","@id":"https:\/\/zapateneo.net\/wordpress\/#website","url":"https:\/\/zapateneo.net\/wordpress\/","name":"Zapateneo","description":"Zapateneoaren webgunea","publisher":{"@id":"https:\/\/zapateneo.net\/wordpress\/#organization"},"potentialAction":[{"@type":"SearchAction","target":{"@type":"EntryPoint","urlTemplate":"https:\/\/zapateneo.net\/wordpress\/?s={search_term_string}"},"query-input":{"@type":"PropertyValueSpecification","valueRequired":true,"valueName":"search_term_string"}}],"inLanguage":"es"},{"@type":"Organization","@id":"https:\/\/zapateneo.net\/wordpress\/#organization","name":"Zapateneo Kultur Elkartea","url":"https:\/\/zapateneo.net\/wordpress\/","logo":{"@type":"ImageObject","inLanguage":"es","@id":"https:\/\/zapateneo.net\/wordpress\/#\/schema\/logo\/image\/","url":"https:\/\/zapateneo.net\/wordpress\/wp-content\/uploads\/2021\/04\/zap-libu-kolec.jpg","contentUrl":"https:\/\/zapateneo.net\/wordpress\/wp-content\/uploads\/2021\/04\/zap-libu-kolec.jpg","width":2234,"height":398,"caption":"Zapateneo Kultur Elkartea"},"image":{"@id":"https:\/\/zapateneo.net\/wordpress\/#\/schema\/logo\/image\/"},"sameAs":["https:\/\/x.com\/zapateneo"]}]}},"_links":{"self":[{"href":"https:\/\/zapateneo.net\/wordpress\/index.php\/wp-json\/wp\/v2\/product\/9089","targetHints":{"allow":["GET"]}}],"collection":[{"href":"https:\/\/zapateneo.net\/wordpress\/index.php\/wp-json\/wp\/v2\/product"}],"about":[{"href":"https:\/\/zapateneo.net\/wordpress\/index.php\/wp-json\/wp\/v2\/types\/product"}],"wp:featuredmedia":[{"embeddable":true,"href":"https:\/\/zapateneo.net\/wordpress\/index.php\/wp-json\/wp\/v2\/media\/9120"}],"wp:attachment":[{"href":"https:\/\/zapateneo.net\/wordpress\/index.php\/wp-json\/wp\/v2\/media?parent=9089"}],"wp:term":[{"taxonomy":"product_brand","embeddable":true,"href":"https:\/\/zapateneo.net\/wordpress\/index.php\/wp-json\/wp\/v2\/product_brand?post=9089"},{"taxonomy":"product_cat","embeddable":true,"href":"https:\/\/zapateneo.net\/wordpress\/index.php\/wp-json\/wp\/v2\/product_cat?post=9089"},{"taxonomy":"product_tag","embeddable":true,"href":"https:\/\/zapateneo.net\/wordpress\/index.php\/wp-json\/wp\/v2\/product_tag?post=9089"}],"curies":[{"name":"wp","href":"https:\/\/api.w.org\/{rel}","templated":true}]}}