{"id":9080,"date":"2021-11-01T09:40:37","date_gmt":"2021-11-01T08:40:37","guid":{"rendered":"https:\/\/zapateneo.net\/wordpress\/?post_type=product&#038;p=9080"},"modified":"2022-09-08T17:43:27","modified_gmt":"2022-09-08T16:43:27","slug":"maquis","status":"publish","type":"product","link":"https:\/\/zapateneo.net\/wordpress\/index.php\/producto\/maquis\/","title":{"rendered":"Maquis"},"content":{"rendered":"<p>Amparados por la noche, los bosques, las monta\u00f1as, resisten los huidos, los del monte, los guerrilleros, los maquis. Esperan vencer en esa guerra desigual, o desean escapar a Francia. Entre tanto saben del castigo que los falangistas, la guardia civil y dem\u00e1s descargan sobre sus familiares, sus amigos, porque ellos han escapado a la barbarie, no han dejado que los muelan a palos y los acribillen contra una pared.<\/p>\n<p>Los guerrilleros antifascistas mantuvieron una red muy tupida de colaboradores entre la poblaci\u00f3n que con todo tipo de dificultades y con esperanza les serv\u00eda como \u201cenlaces\u201d o colaboradores.<\/p>\n<p>\u00ab- Es que es usted un blando, mi cabo, y a esa gentuza no se le puede andar con remilgos, o les pegamos a muerte o se nos van a comer de los nervios, mi cabo<br \/>\n&#8211; Ni blando ni hostias, que aqu\u00ed lo que hay es que todo el pueblo anda liado con los del monte y eso se ha de acabar.<\/p>\n<p>&#8211; Ayer mismo se lo dec\u00eda el cabo a don Cosme, que mucho ir a la iglesia las mujeres y las mujeres, cuando salen de la iglesia se van al Cerro de los Curas a subirles comida y aliento a los huidos\u00bb.<\/p>\n<p>\u00c9ste di\u00e1logo pertenece a Maquis, novela de Alfons Cervera sobre la guerrilla. La acci\u00f3n transcurre entre los montes del Pa\u00eds Valenciano, Gestalgar y Cuenca, donde nos acercamos a Santa Cruz de Moya, hoy lugar de encuentro anual de aquellos guerrilleros antifascistas.<\/p>\n<p>Maquis recupera la vida de los republicanos despu\u00e9s de la guerra en los pueblos y en los montes, y c\u00f3mo su dignidad les hac\u00eda resistir. Alfons Cervera en su novela polif\u00f3nica muestra la dureza de aquellos momentos, el hambre, la injusticia la persecuci\u00f3n religiosa que iba desde la denuncia a trabajar la tierra en domingo a la persecuci\u00f3n por la forma de vestir, por ejemplo algo tan simple como no llevar la camisa abrochada del todo, y, c\u00f3mo no, la persecuci\u00f3n pol\u00edtica por pensar de distinta manera, o ser familia o amigo de ese del que se dice o se sospecha, cualquier cosa conllevaba torturas, violaciones, fusilamientos, as\u00ed como el robo de las escasas propiedades, ganado, tierra, casa, herramientas,\u2026<\/p>\n<p>Comienza un personaje diciendo que est\u00e1 en 1982, \u201c\u2026despu\u00e9s de tanto tiempo es como si aun fu\u00e9ramos los mismos de entonces, como si fuera imposible olvidar que tenemos la espalda doblada a golpe de palos a golpe de silencio\u201d, y es que el silencio ha pretendido que no sepamos, que favorezcamos los planes de los asesinos, de sus cr\u00edmenes de lexa humanidad; y el transcurrir de la narraci\u00f3n nos va a ofrecer el lenguaje popular, y los puntos de vista que completan el mundo que hubieron de soportar las gentes del pueblo que luchaban contra el destino infame que otros les hab\u00edan marcado.<\/p>\n<p>En la forma empleada por Alfons Cervera encontramos que se eliminan signos de puntuaci\u00f3n y otros, en busca de proximidad con las formas habladas y por tanto pidiendo al lector que tome parte del modo m\u00e1s natural, que esos entrecortados sirvan para ver por ellos la vida entrecortada, la normalidad rota.<br \/>\n\u00abAlfons Cervera (Gestalgar 1947) es uno de esos grandes narradores de la Espa\u00f1a actual que viven difuminados lejos de la algazara televisiva y del circo de las tertulias radiof\u00f3nicas -tan propensas ellas a consagrar a personajes de un d\u00eda-, pues el inter\u00e9s primordial de este valenciano consiste en ofrecer gota a gota al p\u00fablico lector una obra s\u00f3lida, comprometida, coherente y destinada a permanecer en el tiempo, y \u00e9l tiene muy claro que en la vida es preciso elegir: o se es figura medi\u00e1tica de realidad virtual o se es artista. Alfons Cervera es un artista.<\/p>\n<p>Su obra, que ya empieza a ser abultada, ha ido discurriendo por la narrativa y por la poes\u00eda, y en ambas ha utilizado las dos lenguas de la tierra: el castellano y el catal\u00e1n; pero s\u00f3lo quiero hoy referirme desde aqu\u00ed al \u00faltimo empe\u00f1o que lo ocupa, una trilog\u00eda de novelas sobre la memoria basada en Los Serranos, su comarca natal. La inici\u00f3 hace dos a\u00f1os con El color del crep\u00fasculo y la concluir\u00e1 en alg\u00fan momento con La noche inm\u00f3vil. Entre las dos, haciendo de puente, he aqu\u00ed esta maravillosa Maquis que acaba de salir\u00bb<\/p>\n<p>Manuel Talens, 6\/05\/1997, El Pa\u00eds<\/p>\n<p>http:\/\/www.editorial-montesinos.com<\/p>\n","protected":false},"excerpt":{"rendered":"<p><strong>Alfons Cervera<\/strong><br \/>\n9788489354449 &#8211; Montesinos &#8211; 2003 &#8211; 170 p\u00e1ginas \/orri.<\/p>\n","protected":false},"featured_media":9110,"template":"","meta":[],"product_brand":[],"product_cat":[16,187],"product_tag":[4362,515],"class_list":{"0":"post-9080","1":"product","2":"type-product","3":"status-publish","4":"has-post-thumbnail","6":"product_cat-libros","7":"product_cat-narratiba-narrativa","8":"product_tag-alfons-cervera","9":"product_tag-montesinos","11":"first","12":"onbackorder","13":"sold-individually","14":"shipping-taxable","15":"purchasable","16":"product-type-simple"},"yoast_head":"<!-- This site is optimized with the Yoast SEO plugin v27.3 - https:\/\/yoast.com\/product\/yoast-seo-wordpress\/ -->\n<title>Maquis &#8212; Zapateneo<\/title>\n<meta name=\"robots\" content=\"index, follow, max-snippet:-1, max-image-preview:large, max-video-preview:-1\" \/>\n<link rel=\"canonical\" href=\"https:\/\/zapateneo.net\/wordpress\/index.php\/producto\/maquis\/\" \/>\n<meta property=\"og:locale\" content=\"es_ES\" \/>\n<meta property=\"og:type\" content=\"article\" \/>\n<meta property=\"og:title\" content=\"Maquis &#8212; Zapateneo\" \/>\n<meta property=\"og:description\" content=\"Alfons Cervera 9788489354449 - Montesinos - 2003 - 170 p\u00e1ginas \/orri.\" \/>\n<meta property=\"og:url\" content=\"https:\/\/zapateneo.net\/wordpress\/index.php\/producto\/maquis\/\" \/>\n<meta property=\"og:site_name\" content=\"Zapateneo\" \/>\n<meta property=\"article:modified_time\" content=\"2022-09-08T16:43:27+00:00\" \/>\n<meta property=\"og:image\" content=\"https:\/\/zapateneo.net\/wordpress\/wp-content\/uploads\/2021\/11\/9788489354449.png\" \/>\n\t<meta property=\"og:image:width\" content=\"111\" \/>\n\t<meta property=\"og:image:height\" content=\"172\" \/>\n\t<meta property=\"og:image:type\" content=\"image\/png\" \/>\n<meta name=\"twitter:card\" content=\"summary_large_image\" \/>\n<meta name=\"twitter:site\" content=\"@zapateneo\" \/>\n<meta name=\"twitter:label1\" content=\"Tiempo de lectura\" \/>\n\t<meta name=\"twitter:data1\" content=\"4 minutos\" \/>\n<script type=\"application\/ld+json\" class=\"yoast-schema-graph\">{\"@context\":\"https:\\\/\\\/schema.org\",\"@graph\":[{\"@type\":\"WebPage\",\"@id\":\"https:\\\/\\\/zapateneo.net\\\/wordpress\\\/index.php\\\/producto\\\/maquis\\\/\",\"url\":\"https:\\\/\\\/zapateneo.net\\\/wordpress\\\/index.php\\\/producto\\\/maquis\\\/\",\"name\":\"Maquis &#8212; Zapateneo\",\"isPartOf\":{\"@id\":\"https:\\\/\\\/zapateneo.net\\\/wordpress\\\/#website\"},\"primaryImageOfPage\":{\"@id\":\"https:\\\/\\\/zapateneo.net\\\/wordpress\\\/index.php\\\/producto\\\/maquis\\\/#primaryimage\"},\"image\":{\"@id\":\"https:\\\/\\\/zapateneo.net\\\/wordpress\\\/index.php\\\/producto\\\/maquis\\\/#primaryimage\"},\"thumbnailUrl\":\"https:\\\/\\\/zapateneo.net\\\/wordpress\\\/wp-content\\\/uploads\\\/2021\\\/11\\\/9788489354449.png\",\"datePublished\":\"2021-11-01T08:40:37+00:00\",\"dateModified\":\"2022-09-08T16:43:27+00:00\",\"breadcrumb\":{\"@id\":\"https:\\\/\\\/zapateneo.net\\\/wordpress\\\/index.php\\\/producto\\\/maquis\\\/#breadcrumb\"},\"inLanguage\":\"es\",\"potentialAction\":[{\"@type\":\"ReadAction\",\"target\":[\"https:\\\/\\\/zapateneo.net\\\/wordpress\\\/index.php\\\/producto\\\/maquis\\\/\"]}]},{\"@type\":\"ImageObject\",\"inLanguage\":\"es\",\"@id\":\"https:\\\/\\\/zapateneo.net\\\/wordpress\\\/index.php\\\/producto\\\/maquis\\\/#primaryimage\",\"url\":\"https:\\\/\\\/zapateneo.net\\\/wordpress\\\/wp-content\\\/uploads\\\/2021\\\/11\\\/9788489354449.png\",\"contentUrl\":\"https:\\\/\\\/zapateneo.net\\\/wordpress\\\/wp-content\\\/uploads\\\/2021\\\/11\\\/9788489354449.png\",\"width\":111,\"height\":172},{\"@type\":\"BreadcrumbList\",\"@id\":\"https:\\\/\\\/zapateneo.net\\\/wordpress\\\/index.php\\\/producto\\\/maquis\\\/#breadcrumb\",\"itemListElement\":[{\"@type\":\"ListItem\",\"position\":1,\"name\":\"Portada\",\"item\":\"https:\\\/\\\/zapateneo.net\\\/wordpress\\\/\"},{\"@type\":\"ListItem\",\"position\":2,\"name\":\"Tienda\",\"item\":\"https:\\\/\\\/zapateneo.net\\\/wordpress\\\/\"},{\"@type\":\"ListItem\",\"position\":3,\"name\":\"Maquis\"}]},{\"@type\":\"WebSite\",\"@id\":\"https:\\\/\\\/zapateneo.net\\\/wordpress\\\/#website\",\"url\":\"https:\\\/\\\/zapateneo.net\\\/wordpress\\\/\",\"name\":\"Zapateneo\",\"description\":\"Zapateneoaren webgunea\",\"publisher\":{\"@id\":\"https:\\\/\\\/zapateneo.net\\\/wordpress\\\/#organization\"},\"potentialAction\":[{\"@type\":\"SearchAction\",\"target\":{\"@type\":\"EntryPoint\",\"urlTemplate\":\"https:\\\/\\\/zapateneo.net\\\/wordpress\\\/?s={search_term_string}\"},\"query-input\":{\"@type\":\"PropertyValueSpecification\",\"valueRequired\":true,\"valueName\":\"search_term_string\"}}],\"inLanguage\":\"es\"},{\"@type\":\"Organization\",\"@id\":\"https:\\\/\\\/zapateneo.net\\\/wordpress\\\/#organization\",\"name\":\"Zapateneo Kultur Elkartea\",\"url\":\"https:\\\/\\\/zapateneo.net\\\/wordpress\\\/\",\"logo\":{\"@type\":\"ImageObject\",\"inLanguage\":\"es\",\"@id\":\"https:\\\/\\\/zapateneo.net\\\/wordpress\\\/#\\\/schema\\\/logo\\\/image\\\/\",\"url\":\"https:\\\/\\\/zapateneo.net\\\/wordpress\\\/wp-content\\\/uploads\\\/2021\\\/04\\\/zap-libu-kolec.jpg\",\"contentUrl\":\"https:\\\/\\\/zapateneo.net\\\/wordpress\\\/wp-content\\\/uploads\\\/2021\\\/04\\\/zap-libu-kolec.jpg\",\"width\":2234,\"height\":398,\"caption\":\"Zapateneo Kultur Elkartea\"},\"image\":{\"@id\":\"https:\\\/\\\/zapateneo.net\\\/wordpress\\\/#\\\/schema\\\/logo\\\/image\\\/\"},\"sameAs\":[\"https:\\\/\\\/x.com\\\/zapateneo\"]}]}<\/script>\n<!-- \/ Yoast SEO plugin. -->","yoast_head_json":{"title":"Maquis &#8212; Zapateneo","robots":{"index":"index","follow":"follow","max-snippet":"max-snippet:-1","max-image-preview":"max-image-preview:large","max-video-preview":"max-video-preview:-1"},"canonical":"https:\/\/zapateneo.net\/wordpress\/index.php\/producto\/maquis\/","og_locale":"es_ES","og_type":"article","og_title":"Maquis &#8212; Zapateneo","og_description":"Alfons Cervera 9788489354449 - Montesinos - 2003 - 170 p\u00e1ginas \/orri.","og_url":"https:\/\/zapateneo.net\/wordpress\/index.php\/producto\/maquis\/","og_site_name":"Zapateneo","article_modified_time":"2022-09-08T16:43:27+00:00","og_image":[{"width":111,"height":172,"url":"https:\/\/zapateneo.net\/wordpress\/wp-content\/uploads\/2021\/11\/9788489354449.png","type":"image\/png"}],"twitter_card":"summary_large_image","twitter_site":"@zapateneo","twitter_misc":{"Tiempo de lectura":"4 minutos"},"schema":{"@context":"https:\/\/schema.org","@graph":[{"@type":"WebPage","@id":"https:\/\/zapateneo.net\/wordpress\/index.php\/producto\/maquis\/","url":"https:\/\/zapateneo.net\/wordpress\/index.php\/producto\/maquis\/","name":"Maquis &#8212; Zapateneo","isPartOf":{"@id":"https:\/\/zapateneo.net\/wordpress\/#website"},"primaryImageOfPage":{"@id":"https:\/\/zapateneo.net\/wordpress\/index.php\/producto\/maquis\/#primaryimage"},"image":{"@id":"https:\/\/zapateneo.net\/wordpress\/index.php\/producto\/maquis\/#primaryimage"},"thumbnailUrl":"https:\/\/zapateneo.net\/wordpress\/wp-content\/uploads\/2021\/11\/9788489354449.png","datePublished":"2021-11-01T08:40:37+00:00","dateModified":"2022-09-08T16:43:27+00:00","breadcrumb":{"@id":"https:\/\/zapateneo.net\/wordpress\/index.php\/producto\/maquis\/#breadcrumb"},"inLanguage":"es","potentialAction":[{"@type":"ReadAction","target":["https:\/\/zapateneo.net\/wordpress\/index.php\/producto\/maquis\/"]}]},{"@type":"ImageObject","inLanguage":"es","@id":"https:\/\/zapateneo.net\/wordpress\/index.php\/producto\/maquis\/#primaryimage","url":"https:\/\/zapateneo.net\/wordpress\/wp-content\/uploads\/2021\/11\/9788489354449.png","contentUrl":"https:\/\/zapateneo.net\/wordpress\/wp-content\/uploads\/2021\/11\/9788489354449.png","width":111,"height":172},{"@type":"BreadcrumbList","@id":"https:\/\/zapateneo.net\/wordpress\/index.php\/producto\/maquis\/#breadcrumb","itemListElement":[{"@type":"ListItem","position":1,"name":"Portada","item":"https:\/\/zapateneo.net\/wordpress\/"},{"@type":"ListItem","position":2,"name":"Tienda","item":"https:\/\/zapateneo.net\/wordpress\/"},{"@type":"ListItem","position":3,"name":"Maquis"}]},{"@type":"WebSite","@id":"https:\/\/zapateneo.net\/wordpress\/#website","url":"https:\/\/zapateneo.net\/wordpress\/","name":"Zapateneo","description":"Zapateneoaren webgunea","publisher":{"@id":"https:\/\/zapateneo.net\/wordpress\/#organization"},"potentialAction":[{"@type":"SearchAction","target":{"@type":"EntryPoint","urlTemplate":"https:\/\/zapateneo.net\/wordpress\/?s={search_term_string}"},"query-input":{"@type":"PropertyValueSpecification","valueRequired":true,"valueName":"search_term_string"}}],"inLanguage":"es"},{"@type":"Organization","@id":"https:\/\/zapateneo.net\/wordpress\/#organization","name":"Zapateneo Kultur Elkartea","url":"https:\/\/zapateneo.net\/wordpress\/","logo":{"@type":"ImageObject","inLanguage":"es","@id":"https:\/\/zapateneo.net\/wordpress\/#\/schema\/logo\/image\/","url":"https:\/\/zapateneo.net\/wordpress\/wp-content\/uploads\/2021\/04\/zap-libu-kolec.jpg","contentUrl":"https:\/\/zapateneo.net\/wordpress\/wp-content\/uploads\/2021\/04\/zap-libu-kolec.jpg","width":2234,"height":398,"caption":"Zapateneo Kultur Elkartea"},"image":{"@id":"https:\/\/zapateneo.net\/wordpress\/#\/schema\/logo\/image\/"},"sameAs":["https:\/\/x.com\/zapateneo"]}]}},"_links":{"self":[{"href":"https:\/\/zapateneo.net\/wordpress\/index.php\/wp-json\/wp\/v2\/product\/9080","targetHints":{"allow":["GET"]}}],"collection":[{"href":"https:\/\/zapateneo.net\/wordpress\/index.php\/wp-json\/wp\/v2\/product"}],"about":[{"href":"https:\/\/zapateneo.net\/wordpress\/index.php\/wp-json\/wp\/v2\/types\/product"}],"wp:featuredmedia":[{"embeddable":true,"href":"https:\/\/zapateneo.net\/wordpress\/index.php\/wp-json\/wp\/v2\/media\/9110"}],"wp:attachment":[{"href":"https:\/\/zapateneo.net\/wordpress\/index.php\/wp-json\/wp\/v2\/media?parent=9080"}],"wp:term":[{"taxonomy":"product_brand","embeddable":true,"href":"https:\/\/zapateneo.net\/wordpress\/index.php\/wp-json\/wp\/v2\/product_brand?post=9080"},{"taxonomy":"product_cat","embeddable":true,"href":"https:\/\/zapateneo.net\/wordpress\/index.php\/wp-json\/wp\/v2\/product_cat?post=9080"},{"taxonomy":"product_tag","embeddable":true,"href":"https:\/\/zapateneo.net\/wordpress\/index.php\/wp-json\/wp\/v2\/product_tag?post=9080"}],"curies":[{"name":"wp","href":"https:\/\/api.w.org\/{rel}","templated":true}]}}