{"id":9041,"date":"2021-11-01T21:02:32","date_gmt":"2021-11-01T20:02:32","guid":{"rendered":"https:\/\/zapateneo.net\/wordpress\/?post_type=product&#038;p=9041"},"modified":"2022-09-01T18:35:58","modified_gmt":"2022-09-01T17:35:58","slug":"valle-inclan-y-el-insolito-caso-del-hombre-con-rayos-x","status":"publish","type":"product","link":"https:\/\/zapateneo.net\/wordpress\/index.php\/producto\/valle-inclan-y-el-insolito-caso-del-hombre-con-rayos-x\/","title":{"rendered":"Valle-Incl\u00e1n y el ins\u00f3lito caso del hombre con rayos X"},"content":{"rendered":"<p>En 1923, una noticia despert\u00f3 una gran pol\u00e9mica entre intelectuales, periodistas y cient\u00edficos. Argamasilla, un joven descendiente de una familia de arist\u00f3cratas, aseguraba poseer visi\u00f3n de rayos x que le permit\u00eda ver a trav\u00e9s de los cuerpos opacos. La pol\u00e9mica, que dividi\u00f3 a medi\u00f3 pa\u00eds entre defensores y detractores del extra\u00f1o caso, lleg\u00f3 hasta los c\u00edrculos m\u00e1s elevados. En abril, por iniciativa de la Reina Mar\u00eda Cristina, se constituy\u00f3 una comisi\u00f3n para estudiar el caso, presidida por Ram\u00f3n y Cajal y formada por oculistas, neur\u00f3logos, psiquiatras y f\u00edsicos. Robert Richet, un prestigioso m\u00e9dico franc\u00e9s, qued\u00f3 completamente convencido de la lucidez del joven Argamasilla. Sus poderes le parec\u00edan maravillosos, creyendo ver en ellos un nuevo horizonte para la ciencia, pues abr\u00edan la posibilidad de descubrir nuevos rayos. \u00abEstamos en d\u00edas de descubrir nuevos rayos. Nos encontramos en presencia de uno de los mayores descubrimientos de nuestros d\u00edas\u00bb, afirm\u00f3.<br \/>\nValle-Incl\u00e1n, que siempre estuvo interesado en el mundo esot\u00e9rico y el psiquismo, terci\u00f3 a favor de Argamasilla, en una hist\u00f3rica declaraci\u00f3n en la que aseguraba que no todo lo que es real puede ser demostrado cient\u00edficamente. Argamasilla, apoyado por el escritor, se convirti\u00f3 en algo inaudito cuya fama comenzaba a extenderse por el mundo entero, hasta que lleg\u00f3 a o\u00eddos del gran ilusionista y enemigo del mundo sobrenatural Harry Houdini, qui\u00e9n lo ret\u00f3 a una demostraci\u00f3n personal de sus supuestas habilidades. Al a\u00f1o siguiente, Argamasilla, presentado por la prensa espa\u00f1ola como un heraldo de la hispanidad, viaj\u00f3 hasta Estados Unidos, donde realiz\u00f3 una gira en la que fue presentado como \u00abel hombre con rayos x en los ojos\u00bb. Todo fue bien hasta que se encontr\u00f3 frente a frente con el poderoso Houdini, quien estaba decidido a desenmascarar sus prodigios.<br \/>\nTextos de Ram\u00f3n Mayrata, Grace Morales, Gonzalo Lafora, Harry Houdini, declaraciones de Valle-Incl\u00e1n y prensa de la \u00e9poca.<\/p>\n","protected":false},"excerpt":{"rendered":"<p><strong>vvaa<\/strong><br \/>\n9788494218743 &#8211; La Felguera &#8211; 2014 &#8211; 180 p\u00e1ginas \/orri.<\/p>\n","protected":false},"featured_media":9053,"template":"","meta":[],"product_brand":[],"product_cat":[16,187],"product_tag":[582],"class_list":{"0":"post-9041","1":"product","2":"type-product","3":"status-publish","4":"has-post-thumbnail","6":"product_cat-libros","7":"product_cat-narratiba-narrativa","8":"product_tag-la-felguera","10":"first","11":"onbackorder","12":"sold-individually","13":"shipping-taxable","14":"purchasable","15":"product-type-simple"},"yoast_head":"<!-- This site is optimized with the Yoast SEO plugin v27.3 - https:\/\/yoast.com\/product\/yoast-seo-wordpress\/ -->\n<title>Valle-Incl\u00e1n y el ins\u00f3lito caso del hombre con rayos X &#8212; Zapateneo<\/title>\n<meta name=\"robots\" content=\"index, follow, max-snippet:-1, max-image-preview:large, max-video-preview:-1\" \/>\n<link rel=\"canonical\" href=\"https:\/\/zapateneo.net\/wordpress\/index.php\/producto\/valle-inclan-y-el-insolito-caso-del-hombre-con-rayos-x\/\" \/>\n<meta property=\"og:locale\" content=\"es_ES\" \/>\n<meta property=\"og:type\" content=\"article\" \/>\n<meta property=\"og:title\" content=\"Valle-Incl\u00e1n y el ins\u00f3lito caso del hombre con rayos X &#8212; Zapateneo\" \/>\n<meta property=\"og:description\" content=\"vvaa 9788494218743 - La Felguera - 2014 - 180 p\u00e1ginas \/orri.\" \/>\n<meta property=\"og:url\" content=\"https:\/\/zapateneo.net\/wordpress\/index.php\/producto\/valle-inclan-y-el-insolito-caso-del-hombre-con-rayos-x\/\" \/>\n<meta property=\"og:site_name\" content=\"Zapateneo\" \/>\n<meta property=\"article:modified_time\" content=\"2022-09-01T17:35:58+00:00\" \/>\n<meta property=\"og:image\" content=\"https:\/\/zapateneo.net\/wordpress\/wp-content\/uploads\/2021\/11\/valle-inclan-y-el-insolito-caso-de.png\" \/>\n\t<meta property=\"og:image:width\" content=\"283\" \/>\n\t<meta property=\"og:image:height\" content=\"400\" \/>\n\t<meta property=\"og:image:type\" content=\"image\/png\" \/>\n<meta name=\"twitter:card\" content=\"summary_large_image\" \/>\n<meta name=\"twitter:site\" content=\"@zapateneo\" \/>\n<meta name=\"twitter:label1\" content=\"Tiempo de lectura\" \/>\n\t<meta name=\"twitter:data1\" content=\"2 minutos\" \/>\n<script type=\"application\/ld+json\" class=\"yoast-schema-graph\">{\"@context\":\"https:\\\/\\\/schema.org\",\"@graph\":[{\"@type\":\"WebPage\",\"@id\":\"https:\\\/\\\/zapateneo.net\\\/wordpress\\\/index.php\\\/producto\\\/valle-inclan-y-el-insolito-caso-del-hombre-con-rayos-x\\\/\",\"url\":\"https:\\\/\\\/zapateneo.net\\\/wordpress\\\/index.php\\\/producto\\\/valle-inclan-y-el-insolito-caso-del-hombre-con-rayos-x\\\/\",\"name\":\"Valle-Incl\u00e1n y el ins\u00f3lito caso del hombre con rayos X &#8212; Zapateneo\",\"isPartOf\":{\"@id\":\"https:\\\/\\\/zapateneo.net\\\/wordpress\\\/#website\"},\"primaryImageOfPage\":{\"@id\":\"https:\\\/\\\/zapateneo.net\\\/wordpress\\\/index.php\\\/producto\\\/valle-inclan-y-el-insolito-caso-del-hombre-con-rayos-x\\\/#primaryimage\"},\"image\":{\"@id\":\"https:\\\/\\\/zapateneo.net\\\/wordpress\\\/index.php\\\/producto\\\/valle-inclan-y-el-insolito-caso-del-hombre-con-rayos-x\\\/#primaryimage\"},\"thumbnailUrl\":\"https:\\\/\\\/zapateneo.net\\\/wordpress\\\/wp-content\\\/uploads\\\/2021\\\/11\\\/valle-inclan-y-el-insolito-caso-de.png\",\"datePublished\":\"2021-11-01T20:02:32+00:00\",\"dateModified\":\"2022-09-01T17:35:58+00:00\",\"breadcrumb\":{\"@id\":\"https:\\\/\\\/zapateneo.net\\\/wordpress\\\/index.php\\\/producto\\\/valle-inclan-y-el-insolito-caso-del-hombre-con-rayos-x\\\/#breadcrumb\"},\"inLanguage\":\"es\",\"potentialAction\":[{\"@type\":\"ReadAction\",\"target\":[\"https:\\\/\\\/zapateneo.net\\\/wordpress\\\/index.php\\\/producto\\\/valle-inclan-y-el-insolito-caso-del-hombre-con-rayos-x\\\/\"]}]},{\"@type\":\"ImageObject\",\"inLanguage\":\"es\",\"@id\":\"https:\\\/\\\/zapateneo.net\\\/wordpress\\\/index.php\\\/producto\\\/valle-inclan-y-el-insolito-caso-del-hombre-con-rayos-x\\\/#primaryimage\",\"url\":\"https:\\\/\\\/zapateneo.net\\\/wordpress\\\/wp-content\\\/uploads\\\/2021\\\/11\\\/valle-inclan-y-el-insolito-caso-de.png\",\"contentUrl\":\"https:\\\/\\\/zapateneo.net\\\/wordpress\\\/wp-content\\\/uploads\\\/2021\\\/11\\\/valle-inclan-y-el-insolito-caso-de.png\",\"width\":283,\"height\":400},{\"@type\":\"BreadcrumbList\",\"@id\":\"https:\\\/\\\/zapateneo.net\\\/wordpress\\\/index.php\\\/producto\\\/valle-inclan-y-el-insolito-caso-del-hombre-con-rayos-x\\\/#breadcrumb\",\"itemListElement\":[{\"@type\":\"ListItem\",\"position\":1,\"name\":\"Portada\",\"item\":\"https:\\\/\\\/zapateneo.net\\\/wordpress\\\/\"},{\"@type\":\"ListItem\",\"position\":2,\"name\":\"Tienda\",\"item\":\"https:\\\/\\\/zapateneo.net\\\/wordpress\\\/\"},{\"@type\":\"ListItem\",\"position\":3,\"name\":\"Valle-Incl\u00e1n y el ins\u00f3lito caso del hombre con rayos X\"}]},{\"@type\":\"WebSite\",\"@id\":\"https:\\\/\\\/zapateneo.net\\\/wordpress\\\/#website\",\"url\":\"https:\\\/\\\/zapateneo.net\\\/wordpress\\\/\",\"name\":\"Zapateneo\",\"description\":\"Zapateneoaren webgunea\",\"publisher\":{\"@id\":\"https:\\\/\\\/zapateneo.net\\\/wordpress\\\/#organization\"},\"potentialAction\":[{\"@type\":\"SearchAction\",\"target\":{\"@type\":\"EntryPoint\",\"urlTemplate\":\"https:\\\/\\\/zapateneo.net\\\/wordpress\\\/?s={search_term_string}\"},\"query-input\":{\"@type\":\"PropertyValueSpecification\",\"valueRequired\":true,\"valueName\":\"search_term_string\"}}],\"inLanguage\":\"es\"},{\"@type\":\"Organization\",\"@id\":\"https:\\\/\\\/zapateneo.net\\\/wordpress\\\/#organization\",\"name\":\"Zapateneo Kultur Elkartea\",\"url\":\"https:\\\/\\\/zapateneo.net\\\/wordpress\\\/\",\"logo\":{\"@type\":\"ImageObject\",\"inLanguage\":\"es\",\"@id\":\"https:\\\/\\\/zapateneo.net\\\/wordpress\\\/#\\\/schema\\\/logo\\\/image\\\/\",\"url\":\"https:\\\/\\\/zapateneo.net\\\/wordpress\\\/wp-content\\\/uploads\\\/2021\\\/04\\\/zap-libu-kolec.jpg\",\"contentUrl\":\"https:\\\/\\\/zapateneo.net\\\/wordpress\\\/wp-content\\\/uploads\\\/2021\\\/04\\\/zap-libu-kolec.jpg\",\"width\":2234,\"height\":398,\"caption\":\"Zapateneo Kultur Elkartea\"},\"image\":{\"@id\":\"https:\\\/\\\/zapateneo.net\\\/wordpress\\\/#\\\/schema\\\/logo\\\/image\\\/\"},\"sameAs\":[\"https:\\\/\\\/x.com\\\/zapateneo\"]}]}<\/script>\n<!-- \/ Yoast SEO plugin. -->","yoast_head_json":{"title":"Valle-Incl\u00e1n y el ins\u00f3lito caso del hombre con rayos X &#8212; Zapateneo","robots":{"index":"index","follow":"follow","max-snippet":"max-snippet:-1","max-image-preview":"max-image-preview:large","max-video-preview":"max-video-preview:-1"},"canonical":"https:\/\/zapateneo.net\/wordpress\/index.php\/producto\/valle-inclan-y-el-insolito-caso-del-hombre-con-rayos-x\/","og_locale":"es_ES","og_type":"article","og_title":"Valle-Incl\u00e1n y el ins\u00f3lito caso del hombre con rayos X &#8212; Zapateneo","og_description":"vvaa 9788494218743 - La Felguera - 2014 - 180 p\u00e1ginas \/orri.","og_url":"https:\/\/zapateneo.net\/wordpress\/index.php\/producto\/valle-inclan-y-el-insolito-caso-del-hombre-con-rayos-x\/","og_site_name":"Zapateneo","article_modified_time":"2022-09-01T17:35:58+00:00","og_image":[{"width":283,"height":400,"url":"https:\/\/zapateneo.net\/wordpress\/wp-content\/uploads\/2021\/11\/valle-inclan-y-el-insolito-caso-de.png","type":"image\/png"}],"twitter_card":"summary_large_image","twitter_site":"@zapateneo","twitter_misc":{"Tiempo de lectura":"2 minutos"},"schema":{"@context":"https:\/\/schema.org","@graph":[{"@type":"WebPage","@id":"https:\/\/zapateneo.net\/wordpress\/index.php\/producto\/valle-inclan-y-el-insolito-caso-del-hombre-con-rayos-x\/","url":"https:\/\/zapateneo.net\/wordpress\/index.php\/producto\/valle-inclan-y-el-insolito-caso-del-hombre-con-rayos-x\/","name":"Valle-Incl\u00e1n y el ins\u00f3lito caso del hombre con rayos X &#8212; Zapateneo","isPartOf":{"@id":"https:\/\/zapateneo.net\/wordpress\/#website"},"primaryImageOfPage":{"@id":"https:\/\/zapateneo.net\/wordpress\/index.php\/producto\/valle-inclan-y-el-insolito-caso-del-hombre-con-rayos-x\/#primaryimage"},"image":{"@id":"https:\/\/zapateneo.net\/wordpress\/index.php\/producto\/valle-inclan-y-el-insolito-caso-del-hombre-con-rayos-x\/#primaryimage"},"thumbnailUrl":"https:\/\/zapateneo.net\/wordpress\/wp-content\/uploads\/2021\/11\/valle-inclan-y-el-insolito-caso-de.png","datePublished":"2021-11-01T20:02:32+00:00","dateModified":"2022-09-01T17:35:58+00:00","breadcrumb":{"@id":"https:\/\/zapateneo.net\/wordpress\/index.php\/producto\/valle-inclan-y-el-insolito-caso-del-hombre-con-rayos-x\/#breadcrumb"},"inLanguage":"es","potentialAction":[{"@type":"ReadAction","target":["https:\/\/zapateneo.net\/wordpress\/index.php\/producto\/valle-inclan-y-el-insolito-caso-del-hombre-con-rayos-x\/"]}]},{"@type":"ImageObject","inLanguage":"es","@id":"https:\/\/zapateneo.net\/wordpress\/index.php\/producto\/valle-inclan-y-el-insolito-caso-del-hombre-con-rayos-x\/#primaryimage","url":"https:\/\/zapateneo.net\/wordpress\/wp-content\/uploads\/2021\/11\/valle-inclan-y-el-insolito-caso-de.png","contentUrl":"https:\/\/zapateneo.net\/wordpress\/wp-content\/uploads\/2021\/11\/valle-inclan-y-el-insolito-caso-de.png","width":283,"height":400},{"@type":"BreadcrumbList","@id":"https:\/\/zapateneo.net\/wordpress\/index.php\/producto\/valle-inclan-y-el-insolito-caso-del-hombre-con-rayos-x\/#breadcrumb","itemListElement":[{"@type":"ListItem","position":1,"name":"Portada","item":"https:\/\/zapateneo.net\/wordpress\/"},{"@type":"ListItem","position":2,"name":"Tienda","item":"https:\/\/zapateneo.net\/wordpress\/"},{"@type":"ListItem","position":3,"name":"Valle-Incl\u00e1n y el ins\u00f3lito caso del hombre con rayos X"}]},{"@type":"WebSite","@id":"https:\/\/zapateneo.net\/wordpress\/#website","url":"https:\/\/zapateneo.net\/wordpress\/","name":"Zapateneo","description":"Zapateneoaren webgunea","publisher":{"@id":"https:\/\/zapateneo.net\/wordpress\/#organization"},"potentialAction":[{"@type":"SearchAction","target":{"@type":"EntryPoint","urlTemplate":"https:\/\/zapateneo.net\/wordpress\/?s={search_term_string}"},"query-input":{"@type":"PropertyValueSpecification","valueRequired":true,"valueName":"search_term_string"}}],"inLanguage":"es"},{"@type":"Organization","@id":"https:\/\/zapateneo.net\/wordpress\/#organization","name":"Zapateneo Kultur Elkartea","url":"https:\/\/zapateneo.net\/wordpress\/","logo":{"@type":"ImageObject","inLanguage":"es","@id":"https:\/\/zapateneo.net\/wordpress\/#\/schema\/logo\/image\/","url":"https:\/\/zapateneo.net\/wordpress\/wp-content\/uploads\/2021\/04\/zap-libu-kolec.jpg","contentUrl":"https:\/\/zapateneo.net\/wordpress\/wp-content\/uploads\/2021\/04\/zap-libu-kolec.jpg","width":2234,"height":398,"caption":"Zapateneo Kultur Elkartea"},"image":{"@id":"https:\/\/zapateneo.net\/wordpress\/#\/schema\/logo\/image\/"},"sameAs":["https:\/\/x.com\/zapateneo"]}]}},"_links":{"self":[{"href":"https:\/\/zapateneo.net\/wordpress\/index.php\/wp-json\/wp\/v2\/product\/9041","targetHints":{"allow":["GET"]}}],"collection":[{"href":"https:\/\/zapateneo.net\/wordpress\/index.php\/wp-json\/wp\/v2\/product"}],"about":[{"href":"https:\/\/zapateneo.net\/wordpress\/index.php\/wp-json\/wp\/v2\/types\/product"}],"wp:featuredmedia":[{"embeddable":true,"href":"https:\/\/zapateneo.net\/wordpress\/index.php\/wp-json\/wp\/v2\/media\/9053"}],"wp:attachment":[{"href":"https:\/\/zapateneo.net\/wordpress\/index.php\/wp-json\/wp\/v2\/media?parent=9041"}],"wp:term":[{"taxonomy":"product_brand","embeddable":true,"href":"https:\/\/zapateneo.net\/wordpress\/index.php\/wp-json\/wp\/v2\/product_brand?post=9041"},{"taxonomy":"product_cat","embeddable":true,"href":"https:\/\/zapateneo.net\/wordpress\/index.php\/wp-json\/wp\/v2\/product_cat?post=9041"},{"taxonomy":"product_tag","embeddable":true,"href":"https:\/\/zapateneo.net\/wordpress\/index.php\/wp-json\/wp\/v2\/product_tag?post=9041"}],"curies":[{"name":"wp","href":"https:\/\/api.w.org\/{rel}","templated":true}]}}