{"id":902,"date":"2021-04-07T07:43:28","date_gmt":"2021-04-07T06:43:28","guid":{"rendered":"https:\/\/zapateneo.net\/wordpress\/?post_type=product&#038;p=902"},"modified":"2023-04-11T19:29:51","modified_gmt":"2023-04-11T18:29:51","slug":"huerfanos-de-historia-y-utopia-diario-critico-del-capitalismo-actual","status":"publish","type":"product","link":"https:\/\/zapateneo.net\/wordpress\/index.php\/producto\/huerfanos-de-historia-y-utopia-diario-critico-del-capitalismo-actual\/","title":{"rendered":"Hu\u00e9rfanos de historia y utop\u00eda. Diario cr\u00edtico del capitalismo actual"},"content":{"rendered":"<p>M\u00e1s all\u00e1 de la desigualdad creciente y el desmantelamiento de las conquistas sociales a escala global, la versi\u00f3n ultraliberal del capitalismo ha robado a las clases populares la memoria hist\u00f3rica y la utop\u00eda por un mundo mejor. Habitamos sociedades sin pasado y sin futuro. La existencia cotidiana se ha transformado en un vac\u00edo plagado de rutinas y precariedad vital donde las respuestas autom\u00e1ticas no dejan ver horizontes colectivos de progreso, armon\u00eda y solidaridad.<\/p>\n<p>\u00bfQui\u00e9nes somos? \u00bfA d\u00f3nde vamos? \u00bfQu\u00e9 queremos? Estas tres sencillas preguntas subyacen en los breves ensayos y art\u00edculos reunidos en este libro, que podr\u00eda leerse a modo de diario, como una llamada de atenci\u00f3n hacia el hipot\u00e9tico desastre que se avecina si no emerge de la creatividad social un proyecto que haga frente a la depredaci\u00f3n sistem\u00e1tica causada por las pol\u00edticas neoliberales. Tal vez otro mundo pueda ser posible, pero tambi\u00e9n el regreso del fascismo. Si cedemos la palabra a las \u00e9lites transnacionales y a la l\u00f3gica de los mercados burs\u00e1tiles, el porvenir que se vislumbra no es nada halag\u00fce\u00f1o. Pero a\u00fan estamos a tiempo de disipar los peores vaticinios\u2026<\/p>\n","protected":false},"excerpt":{"rendered":"<p><strong>B. Gin\u00e9s,  Armando<\/strong><br \/>\n978-84-947795-6-5 &#8211; Piedra Papel Libros &#8211; 2018 &#8211; 400 p\u00e1ginas \/orri.<\/p>\n","protected":false},"featured_media":949,"template":"","meta":[],"product_brand":[],"product_cat":[16,173],"product_tag":[6047,6042],"class_list":{"0":"post-902","1":"product","2":"type-product","3":"status-publish","4":"has-post-thumbnail","6":"product_cat-libros","7":"product_cat-saiakera-ensayo","8":"product_tag-armando-b-gines","9":"product_tag-piedra-papel-libros","11":"first","12":"instock","13":"sold-individually","14":"shipping-taxable","15":"purchasable","16":"product-type-simple"},"yoast_head":"<!-- This site is optimized with the Yoast SEO plugin v27.3 - https:\/\/yoast.com\/product\/yoast-seo-wordpress\/ -->\n<title>Hu\u00e9rfanos de historia y utop\u00eda. Diario cr\u00edtico del capitalismo actual &#8212; Zapateneo<\/title>\n<meta name=\"robots\" content=\"index, follow, max-snippet:-1, max-image-preview:large, max-video-preview:-1\" \/>\n<link rel=\"canonical\" href=\"https:\/\/zapateneo.net\/wordpress\/index.php\/producto\/huerfanos-de-historia-y-utopia-diario-critico-del-capitalismo-actual\/\" \/>\n<meta property=\"og:locale\" content=\"es_ES\" \/>\n<meta property=\"og:type\" content=\"article\" \/>\n<meta property=\"og:title\" content=\"Hu\u00e9rfanos de historia y utop\u00eda. Diario cr\u00edtico del capitalismo actual &#8212; Zapateneo\" \/>\n<meta property=\"og:description\" content=\"B. Gin\u00e9s, Armando 978-84-947795-6-5 - Piedra Papel Libros - 2018 - 400 p\u00e1ginas \/orri.\" \/>\n<meta property=\"og:url\" content=\"https:\/\/zapateneo.net\/wordpress\/index.php\/producto\/huerfanos-de-historia-y-utopia-diario-critico-del-capitalismo-actual\/\" \/>\n<meta property=\"og:site_name\" content=\"Zapateneo\" \/>\n<meta property=\"article:modified_time\" content=\"2023-04-11T18:29:51+00:00\" \/>\n<meta property=\"og:image\" content=\"https:\/\/zapateneo.net\/wordpress\/wp-content\/uploads\/2021\/04\/huerfanos_de_historia_y_utopia.png\" \/>\n\t<meta property=\"og:image:width\" content=\"247\" \/>\n\t<meta property=\"og:image:height\" content=\"400\" \/>\n\t<meta property=\"og:image:type\" content=\"image\/png\" \/>\n<meta name=\"twitter:card\" content=\"summary_large_image\" \/>\n<meta name=\"twitter:site\" content=\"@zapateneo\" \/>\n<meta name=\"twitter:label1\" content=\"Tiempo de lectura\" \/>\n\t<meta name=\"twitter:data1\" content=\"1 minuto\" \/>\n<script type=\"application\/ld+json\" class=\"yoast-schema-graph\">{\"@context\":\"https:\\\/\\\/schema.org\",\"@graph\":[{\"@type\":\"WebPage\",\"@id\":\"https:\\\/\\\/zapateneo.net\\\/wordpress\\\/index.php\\\/producto\\\/huerfanos-de-historia-y-utopia-diario-critico-del-capitalismo-actual\\\/\",\"url\":\"https:\\\/\\\/zapateneo.net\\\/wordpress\\\/index.php\\\/producto\\\/huerfanos-de-historia-y-utopia-diario-critico-del-capitalismo-actual\\\/\",\"name\":\"Hu\u00e9rfanos de historia y utop\u00eda. Diario cr\u00edtico del capitalismo actual &#8212; Zapateneo\",\"isPartOf\":{\"@id\":\"https:\\\/\\\/zapateneo.net\\\/wordpress\\\/#website\"},\"primaryImageOfPage\":{\"@id\":\"https:\\\/\\\/zapateneo.net\\\/wordpress\\\/index.php\\\/producto\\\/huerfanos-de-historia-y-utopia-diario-critico-del-capitalismo-actual\\\/#primaryimage\"},\"image\":{\"@id\":\"https:\\\/\\\/zapateneo.net\\\/wordpress\\\/index.php\\\/producto\\\/huerfanos-de-historia-y-utopia-diario-critico-del-capitalismo-actual\\\/#primaryimage\"},\"thumbnailUrl\":\"https:\\\/\\\/zapateneo.net\\\/wordpress\\\/wp-content\\\/uploads\\\/2021\\\/04\\\/huerfanos_de_historia_y_utopia.png\",\"datePublished\":\"2021-04-07T06:43:28+00:00\",\"dateModified\":\"2023-04-11T18:29:51+00:00\",\"breadcrumb\":{\"@id\":\"https:\\\/\\\/zapateneo.net\\\/wordpress\\\/index.php\\\/producto\\\/huerfanos-de-historia-y-utopia-diario-critico-del-capitalismo-actual\\\/#breadcrumb\"},\"inLanguage\":\"es\",\"potentialAction\":[{\"@type\":\"ReadAction\",\"target\":[\"https:\\\/\\\/zapateneo.net\\\/wordpress\\\/index.php\\\/producto\\\/huerfanos-de-historia-y-utopia-diario-critico-del-capitalismo-actual\\\/\"]}]},{\"@type\":\"ImageObject\",\"inLanguage\":\"es\",\"@id\":\"https:\\\/\\\/zapateneo.net\\\/wordpress\\\/index.php\\\/producto\\\/huerfanos-de-historia-y-utopia-diario-critico-del-capitalismo-actual\\\/#primaryimage\",\"url\":\"https:\\\/\\\/zapateneo.net\\\/wordpress\\\/wp-content\\\/uploads\\\/2021\\\/04\\\/huerfanos_de_historia_y_utopia.png\",\"contentUrl\":\"https:\\\/\\\/zapateneo.net\\\/wordpress\\\/wp-content\\\/uploads\\\/2021\\\/04\\\/huerfanos_de_historia_y_utopia.png\",\"width\":247,\"height\":400},{\"@type\":\"BreadcrumbList\",\"@id\":\"https:\\\/\\\/zapateneo.net\\\/wordpress\\\/index.php\\\/producto\\\/huerfanos-de-historia-y-utopia-diario-critico-del-capitalismo-actual\\\/#breadcrumb\",\"itemListElement\":[{\"@type\":\"ListItem\",\"position\":1,\"name\":\"Portada\",\"item\":\"https:\\\/\\\/zapateneo.net\\\/wordpress\\\/\"},{\"@type\":\"ListItem\",\"position\":2,\"name\":\"Tienda\",\"item\":\"https:\\\/\\\/zapateneo.net\\\/wordpress\\\/\"},{\"@type\":\"ListItem\",\"position\":3,\"name\":\"Hu\u00e9rfanos de historia y utop\u00eda. Diario cr\u00edtico del capitalismo actual\"}]},{\"@type\":\"WebSite\",\"@id\":\"https:\\\/\\\/zapateneo.net\\\/wordpress\\\/#website\",\"url\":\"https:\\\/\\\/zapateneo.net\\\/wordpress\\\/\",\"name\":\"Zapateneo\",\"description\":\"Zapateneoaren webgunea\",\"publisher\":{\"@id\":\"https:\\\/\\\/zapateneo.net\\\/wordpress\\\/#organization\"},\"potentialAction\":[{\"@type\":\"SearchAction\",\"target\":{\"@type\":\"EntryPoint\",\"urlTemplate\":\"https:\\\/\\\/zapateneo.net\\\/wordpress\\\/?s={search_term_string}\"},\"query-input\":{\"@type\":\"PropertyValueSpecification\",\"valueRequired\":true,\"valueName\":\"search_term_string\"}}],\"inLanguage\":\"es\"},{\"@type\":\"Organization\",\"@id\":\"https:\\\/\\\/zapateneo.net\\\/wordpress\\\/#organization\",\"name\":\"Zapateneo Kultur Elkartea\",\"url\":\"https:\\\/\\\/zapateneo.net\\\/wordpress\\\/\",\"logo\":{\"@type\":\"ImageObject\",\"inLanguage\":\"es\",\"@id\":\"https:\\\/\\\/zapateneo.net\\\/wordpress\\\/#\\\/schema\\\/logo\\\/image\\\/\",\"url\":\"https:\\\/\\\/zapateneo.net\\\/wordpress\\\/wp-content\\\/uploads\\\/2021\\\/04\\\/zap-libu-kolec.jpg\",\"contentUrl\":\"https:\\\/\\\/zapateneo.net\\\/wordpress\\\/wp-content\\\/uploads\\\/2021\\\/04\\\/zap-libu-kolec.jpg\",\"width\":2234,\"height\":398,\"caption\":\"Zapateneo Kultur Elkartea\"},\"image\":{\"@id\":\"https:\\\/\\\/zapateneo.net\\\/wordpress\\\/#\\\/schema\\\/logo\\\/image\\\/\"},\"sameAs\":[\"https:\\\/\\\/x.com\\\/zapateneo\"]}]}<\/script>\n<!-- \/ Yoast SEO plugin. -->","yoast_head_json":{"title":"Hu\u00e9rfanos de historia y utop\u00eda. Diario cr\u00edtico del capitalismo actual &#8212; Zapateneo","robots":{"index":"index","follow":"follow","max-snippet":"max-snippet:-1","max-image-preview":"max-image-preview:large","max-video-preview":"max-video-preview:-1"},"canonical":"https:\/\/zapateneo.net\/wordpress\/index.php\/producto\/huerfanos-de-historia-y-utopia-diario-critico-del-capitalismo-actual\/","og_locale":"es_ES","og_type":"article","og_title":"Hu\u00e9rfanos de historia y utop\u00eda. Diario cr\u00edtico del capitalismo actual &#8212; Zapateneo","og_description":"B. Gin\u00e9s, Armando 978-84-947795-6-5 - Piedra Papel Libros - 2018 - 400 p\u00e1ginas \/orri.","og_url":"https:\/\/zapateneo.net\/wordpress\/index.php\/producto\/huerfanos-de-historia-y-utopia-diario-critico-del-capitalismo-actual\/","og_site_name":"Zapateneo","article_modified_time":"2023-04-11T18:29:51+00:00","og_image":[{"width":247,"height":400,"url":"https:\/\/zapateneo.net\/wordpress\/wp-content\/uploads\/2021\/04\/huerfanos_de_historia_y_utopia.png","type":"image\/png"}],"twitter_card":"summary_large_image","twitter_site":"@zapateneo","twitter_misc":{"Tiempo de lectura":"1 minuto"},"schema":{"@context":"https:\/\/schema.org","@graph":[{"@type":"WebPage","@id":"https:\/\/zapateneo.net\/wordpress\/index.php\/producto\/huerfanos-de-historia-y-utopia-diario-critico-del-capitalismo-actual\/","url":"https:\/\/zapateneo.net\/wordpress\/index.php\/producto\/huerfanos-de-historia-y-utopia-diario-critico-del-capitalismo-actual\/","name":"Hu\u00e9rfanos de historia y utop\u00eda. Diario cr\u00edtico del capitalismo actual &#8212; Zapateneo","isPartOf":{"@id":"https:\/\/zapateneo.net\/wordpress\/#website"},"primaryImageOfPage":{"@id":"https:\/\/zapateneo.net\/wordpress\/index.php\/producto\/huerfanos-de-historia-y-utopia-diario-critico-del-capitalismo-actual\/#primaryimage"},"image":{"@id":"https:\/\/zapateneo.net\/wordpress\/index.php\/producto\/huerfanos-de-historia-y-utopia-diario-critico-del-capitalismo-actual\/#primaryimage"},"thumbnailUrl":"https:\/\/zapateneo.net\/wordpress\/wp-content\/uploads\/2021\/04\/huerfanos_de_historia_y_utopia.png","datePublished":"2021-04-07T06:43:28+00:00","dateModified":"2023-04-11T18:29:51+00:00","breadcrumb":{"@id":"https:\/\/zapateneo.net\/wordpress\/index.php\/producto\/huerfanos-de-historia-y-utopia-diario-critico-del-capitalismo-actual\/#breadcrumb"},"inLanguage":"es","potentialAction":[{"@type":"ReadAction","target":["https:\/\/zapateneo.net\/wordpress\/index.php\/producto\/huerfanos-de-historia-y-utopia-diario-critico-del-capitalismo-actual\/"]}]},{"@type":"ImageObject","inLanguage":"es","@id":"https:\/\/zapateneo.net\/wordpress\/index.php\/producto\/huerfanos-de-historia-y-utopia-diario-critico-del-capitalismo-actual\/#primaryimage","url":"https:\/\/zapateneo.net\/wordpress\/wp-content\/uploads\/2021\/04\/huerfanos_de_historia_y_utopia.png","contentUrl":"https:\/\/zapateneo.net\/wordpress\/wp-content\/uploads\/2021\/04\/huerfanos_de_historia_y_utopia.png","width":247,"height":400},{"@type":"BreadcrumbList","@id":"https:\/\/zapateneo.net\/wordpress\/index.php\/producto\/huerfanos-de-historia-y-utopia-diario-critico-del-capitalismo-actual\/#breadcrumb","itemListElement":[{"@type":"ListItem","position":1,"name":"Portada","item":"https:\/\/zapateneo.net\/wordpress\/"},{"@type":"ListItem","position":2,"name":"Tienda","item":"https:\/\/zapateneo.net\/wordpress\/"},{"@type":"ListItem","position":3,"name":"Hu\u00e9rfanos de historia y utop\u00eda. Diario cr\u00edtico del capitalismo actual"}]},{"@type":"WebSite","@id":"https:\/\/zapateneo.net\/wordpress\/#website","url":"https:\/\/zapateneo.net\/wordpress\/","name":"Zapateneo","description":"Zapateneoaren webgunea","publisher":{"@id":"https:\/\/zapateneo.net\/wordpress\/#organization"},"potentialAction":[{"@type":"SearchAction","target":{"@type":"EntryPoint","urlTemplate":"https:\/\/zapateneo.net\/wordpress\/?s={search_term_string}"},"query-input":{"@type":"PropertyValueSpecification","valueRequired":true,"valueName":"search_term_string"}}],"inLanguage":"es"},{"@type":"Organization","@id":"https:\/\/zapateneo.net\/wordpress\/#organization","name":"Zapateneo Kultur Elkartea","url":"https:\/\/zapateneo.net\/wordpress\/","logo":{"@type":"ImageObject","inLanguage":"es","@id":"https:\/\/zapateneo.net\/wordpress\/#\/schema\/logo\/image\/","url":"https:\/\/zapateneo.net\/wordpress\/wp-content\/uploads\/2021\/04\/zap-libu-kolec.jpg","contentUrl":"https:\/\/zapateneo.net\/wordpress\/wp-content\/uploads\/2021\/04\/zap-libu-kolec.jpg","width":2234,"height":398,"caption":"Zapateneo Kultur Elkartea"},"image":{"@id":"https:\/\/zapateneo.net\/wordpress\/#\/schema\/logo\/image\/"},"sameAs":["https:\/\/x.com\/zapateneo"]}]}},"_links":{"self":[{"href":"https:\/\/zapateneo.net\/wordpress\/index.php\/wp-json\/wp\/v2\/product\/902","targetHints":{"allow":["GET"]}}],"collection":[{"href":"https:\/\/zapateneo.net\/wordpress\/index.php\/wp-json\/wp\/v2\/product"}],"about":[{"href":"https:\/\/zapateneo.net\/wordpress\/index.php\/wp-json\/wp\/v2\/types\/product"}],"wp:featuredmedia":[{"embeddable":true,"href":"https:\/\/zapateneo.net\/wordpress\/index.php\/wp-json\/wp\/v2\/media\/949"}],"wp:attachment":[{"href":"https:\/\/zapateneo.net\/wordpress\/index.php\/wp-json\/wp\/v2\/media?parent=902"}],"wp:term":[{"taxonomy":"product_brand","embeddable":true,"href":"https:\/\/zapateneo.net\/wordpress\/index.php\/wp-json\/wp\/v2\/product_brand?post=902"},{"taxonomy":"product_cat","embeddable":true,"href":"https:\/\/zapateneo.net\/wordpress\/index.php\/wp-json\/wp\/v2\/product_cat?post=902"},{"taxonomy":"product_tag","embeddable":true,"href":"https:\/\/zapateneo.net\/wordpress\/index.php\/wp-json\/wp\/v2\/product_tag?post=902"}],"curies":[{"name":"wp","href":"https:\/\/api.w.org\/{rel}","templated":true}]}}