{"id":9008,"date":"2021-11-01T21:01:56","date_gmt":"2021-11-01T20:01:56","guid":{"rendered":"https:\/\/zapateneo.net\/wordpress\/?post_type=product&#038;p=9008"},"modified":"2023-04-10T19:07:33","modified_gmt":"2023-04-10T18:07:33","slug":"mundo-subterraneo-puertas-secretas-ciudades-sumergidas-y-utopias-bajo-tierra","status":"publish","type":"product","link":"https:\/\/zapateneo.net\/wordpress\/index.php\/producto\/mundo-subterraneo-puertas-secretas-ciudades-sumergidas-y-utopias-bajo-tierra\/","title":{"rendered":"Mundo Subterr\u00e1neo. Puertas secretas, ciudades sumergidas y utop\u00edas bajo tierra"},"content":{"rendered":"<p>\u00bfQu\u00e9 hay debajo de nuestros pies, bajo la superficie de la vieja Tierra? \u00bfHabitan la oscuridad subterr\u00e1nea innumerables t\u00faneles, cavernas colosales, oscuros r\u00edos serpentinos&#8230;, acaso abisales oc\u00e9anos? \u00bfExiste un Pueblo Oculto en esos negros fosos? Un fascinante descenso por los desconocidos territorios del mundo subterr\u00e1neo con la ayuda de algunos de los escritores m\u00e1s brillantes de este pa\u00eds, junto a la primera traducci\u00f3n en castellano de un extenso fragmento del colosal Mundus subterraneus (1665) de Athanasius Kircher. Verne, Lovecraft, Feijoo o Blavatsky y lo que esconde el submundo.<\/p>\n<p>***<\/p>\n<p>El gran Julio Verne lo advirti\u00f3 en Viaje al centro de la Tierra: los volcanes son puertas secretas, pasadizos que nos conducen a un habitable interior del planeta. Es la literatura copiando a la ciencia y esta, a su vez, apoy\u00e1ndose en el mito y lo maravilloso. Es la imaginaci\u00f3n al servicio de un secreto. En ambos casos, misterios demasiado fascinantes y deliciosos como para no rendirnos ante ellos. Mundo subterr\u00e1neo. Puertas secretas, ciudades sumergidas y utop\u00edas bajo tierra, viaja a trav\u00e9s de uno de los temas m\u00e1s apasionantes de todos los tiempos: la posibilidad de que la verdad est\u00e9 precisamente bajo nuestros pies o incluso en el fondo del mar. Durante esta aventura, los personajes de Verne son acompa\u00f1ados por temerarios hombres embarcados en prodigiosas expediciones a los polos e incluso por los mismos nazis, quienes creyeron y buscaron el reino subterr\u00e1neo de Agartha que, seg\u00fan la tradici\u00f3n m\u00edstica oriental, estar\u00eda gobernado por el Rey Oculto del Mundo. Adolf Hitler tambi\u00e9n so\u00f1\u00f3 con golpear las puertas de lo extraordinario y entablar lazos con los supuestos habitantes de las cavernas.<\/p>\n<p>Durante siglos, escritores y cient\u00edficos, aventureros y fil\u00f3sofos de todo tipo han reflexionado y ca\u00eddo rendidos ante las delicias del mundo subterr\u00e1neo. Algo poderoso, la \u00faltima aventura posible, parece esconderse ah\u00ed abajo. C\u00e9lebres ocultistas, como la te\u00f3sofa Helena Blavatsky o el creador de la sinarqu\u00eda Saint-Yves d\u2019Alveydre, entre muchos otros, aseguraron que el misterio estaba en alg\u00fan lugar del subsuelo indio. Posiblemente, la extra\u00f1a y conocida teor\u00eda de la \u00abTierra Hueca\u00bb, seg\u00fan la cual existir\u00edan aperturas, cuevas y sistemas de t\u00faneles interconectados en todo el planeta, pertenezca a esta tradici\u00f3n a medio camino entre literatura y ciencia.<\/p>\n<p>Durante el proceso de edici\u00f3n de esta obra, los editores sintieron la enorme responsabilidad de publicar una obra tan compleja y poli\u00e9drica. Adem\u00e1s, el problema era mayor ante la magnitud del trabajo de Kircher y la inexistencia, hasta la fecha, de una traducci\u00f3n al castellano de Mundus subterraneus. Hemos querido trazar un recorrido lo m\u00e1s extenso posible sobre los misterios que encierran las ideas expresadas por esta gran cantidad de autores e investigadores. Algo nos hemos dejado fuera, pero posiblemente sea muy poco.<\/p>\n<p>En esta obra, a partir de lo mejor del arte, la ficci\u00f3n o el ocultismo, hemos querido descender a pleno pulm\u00f3n por los desconocidos territorios del mundo subterr\u00e1neo. Y lo hemos hecho con la ayuda de algunos de los escritores m\u00e1s brillantes de este pa\u00eds: Josep Lapidario, Frank G. Rubio, Javier Urdanibia, Javier Calvo, Elena Gonz\u00e1lez, David Bizarro, Grace Morales y \u00c1lex Portero. Pero tambi\u00e9n nos hemos ocupado de los abismos que ascienden, de las ideas de Lovecraft y su raza de criaturas espeluznantes y sus horrores abisales o de sus predecesores, surgidos en Espa\u00f1a y absolutamente singulares, como aquel \u00abhombre pez\u00bb defendido por el padre Feijoo o el mismo Madrid subterr\u00e1neo.<\/p>\n<p>Mundo subterr\u00e1neo. Puertas secretas, ciudades sumergidas y utop\u00edas bajo tierra recoge, adem\u00e1s, la primera traducci\u00f3n en castellano de un extenso fragmento del colosal Mundus subterraneus (1665) de Athanasius Kircher y un estudio introductorio del experto en la materia Eduardo Sierra Valent\u00ed. Resulta imposible resistirse a la belleza de las descripciones cient\u00edficas de Kircher, ese observador maravillado que pasea entre mares de lava.<\/p>\n<p>\u00bfQu\u00e9 hay debajo de nuestros pies, bajo la superficie de la vieja Tierra? \u00bfHabitan la oscuridad subterr\u00e1nea innumerables t\u00faneles, cavernas colosales, oscuros r\u00edos serpentinos&#8230;, acaso abisales oc\u00e9anos? \u00bfExiste un Pueblo Oculto en esos negros fosos?<\/p>\n","protected":false},"excerpt":{"rendered":"<p><strong>vvaa<\/strong><br \/>\n9788494420832 &#8211; La Felguera &#8211; 2015 &#8211; 272 p\u00e1ginas \/orri.<\/p>\n","protected":false},"featured_media":9038,"template":"","meta":[],"product_brand":[],"product_cat":[16,187],"product_tag":[582],"class_list":{"0":"post-9008","1":"product","2":"type-product","3":"status-publish","4":"has-post-thumbnail","6":"product_cat-libros","7":"product_cat-narratiba-narrativa","8":"product_tag-la-felguera","10":"first","11":"outofstock","12":"sold-individually","13":"shipping-taxable","14":"purchasable","15":"product-type-simple"},"yoast_head":"<!-- This site is optimized with the Yoast SEO plugin v27.3 - https:\/\/yoast.com\/product\/yoast-seo-wordpress\/ -->\n<title>Mundo Subterr\u00e1neo. Puertas secretas, ciudades sumergidas y utop\u00edas bajo tierra &#8212; Zapateneo<\/title>\n<meta name=\"robots\" content=\"index, follow, max-snippet:-1, max-image-preview:large, max-video-preview:-1\" \/>\n<link rel=\"canonical\" href=\"https:\/\/zapateneo.net\/wordpress\/index.php\/producto\/mundo-subterraneo-puertas-secretas-ciudades-sumergidas-y-utopias-bajo-tierra\/\" \/>\n<meta property=\"og:locale\" content=\"es_ES\" \/>\n<meta property=\"og:type\" content=\"article\" \/>\n<meta property=\"og:title\" content=\"Mundo Subterr\u00e1neo. Puertas secretas, ciudades sumergidas y utop\u00edas bajo tierra &#8212; Zapateneo\" \/>\n<meta property=\"og:description\" content=\"vvaa 9788494420832 - La Felguera - 2015 - 272 p\u00e1ginas \/orri.\" \/>\n<meta property=\"og:url\" content=\"https:\/\/zapateneo.net\/wordpress\/index.php\/producto\/mundo-subterraneo-puertas-secretas-ciudades-sumergidas-y-utopias-bajo-tierra\/\" \/>\n<meta property=\"og:site_name\" content=\"Zapateneo\" \/>\n<meta property=\"article:modified_time\" content=\"2023-04-10T18:07:33+00:00\" \/>\n<meta property=\"og:image\" content=\"https:\/\/zapateneo.net\/wordpress\/wp-content\/uploads\/2021\/11\/mundo-subterraneo.png\" \/>\n\t<meta property=\"og:image:width\" content=\"281\" \/>\n\t<meta property=\"og:image:height\" content=\"400\" \/>\n\t<meta property=\"og:image:type\" content=\"image\/png\" \/>\n<meta name=\"twitter:card\" content=\"summary_large_image\" \/>\n<meta name=\"twitter:site\" content=\"@zapateneo\" \/>\n<meta name=\"twitter:label1\" content=\"Tiempo de lectura\" \/>\n\t<meta name=\"twitter:data1\" content=\"4 minutos\" \/>\n<script type=\"application\/ld+json\" class=\"yoast-schema-graph\">{\"@context\":\"https:\\\/\\\/schema.org\",\"@graph\":[{\"@type\":\"WebPage\",\"@id\":\"https:\\\/\\\/zapateneo.net\\\/wordpress\\\/index.php\\\/producto\\\/mundo-subterraneo-puertas-secretas-ciudades-sumergidas-y-utopias-bajo-tierra\\\/\",\"url\":\"https:\\\/\\\/zapateneo.net\\\/wordpress\\\/index.php\\\/producto\\\/mundo-subterraneo-puertas-secretas-ciudades-sumergidas-y-utopias-bajo-tierra\\\/\",\"name\":\"Mundo Subterr\u00e1neo. Puertas secretas, ciudades sumergidas y utop\u00edas bajo tierra &#8212; Zapateneo\",\"isPartOf\":{\"@id\":\"https:\\\/\\\/zapateneo.net\\\/wordpress\\\/#website\"},\"primaryImageOfPage\":{\"@id\":\"https:\\\/\\\/zapateneo.net\\\/wordpress\\\/index.php\\\/producto\\\/mundo-subterraneo-puertas-secretas-ciudades-sumergidas-y-utopias-bajo-tierra\\\/#primaryimage\"},\"image\":{\"@id\":\"https:\\\/\\\/zapateneo.net\\\/wordpress\\\/index.php\\\/producto\\\/mundo-subterraneo-puertas-secretas-ciudades-sumergidas-y-utopias-bajo-tierra\\\/#primaryimage\"},\"thumbnailUrl\":\"https:\\\/\\\/zapateneo.net\\\/wordpress\\\/wp-content\\\/uploads\\\/2021\\\/11\\\/mundo-subterraneo.png\",\"datePublished\":\"2021-11-01T20:01:56+00:00\",\"dateModified\":\"2023-04-10T18:07:33+00:00\",\"breadcrumb\":{\"@id\":\"https:\\\/\\\/zapateneo.net\\\/wordpress\\\/index.php\\\/producto\\\/mundo-subterraneo-puertas-secretas-ciudades-sumergidas-y-utopias-bajo-tierra\\\/#breadcrumb\"},\"inLanguage\":\"es\",\"potentialAction\":[{\"@type\":\"ReadAction\",\"target\":[\"https:\\\/\\\/zapateneo.net\\\/wordpress\\\/index.php\\\/producto\\\/mundo-subterraneo-puertas-secretas-ciudades-sumergidas-y-utopias-bajo-tierra\\\/\"]}]},{\"@type\":\"ImageObject\",\"inLanguage\":\"es\",\"@id\":\"https:\\\/\\\/zapateneo.net\\\/wordpress\\\/index.php\\\/producto\\\/mundo-subterraneo-puertas-secretas-ciudades-sumergidas-y-utopias-bajo-tierra\\\/#primaryimage\",\"url\":\"https:\\\/\\\/zapateneo.net\\\/wordpress\\\/wp-content\\\/uploads\\\/2021\\\/11\\\/mundo-subterraneo.png\",\"contentUrl\":\"https:\\\/\\\/zapateneo.net\\\/wordpress\\\/wp-content\\\/uploads\\\/2021\\\/11\\\/mundo-subterraneo.png\",\"width\":281,\"height\":400},{\"@type\":\"BreadcrumbList\",\"@id\":\"https:\\\/\\\/zapateneo.net\\\/wordpress\\\/index.php\\\/producto\\\/mundo-subterraneo-puertas-secretas-ciudades-sumergidas-y-utopias-bajo-tierra\\\/#breadcrumb\",\"itemListElement\":[{\"@type\":\"ListItem\",\"position\":1,\"name\":\"Portada\",\"item\":\"https:\\\/\\\/zapateneo.net\\\/wordpress\\\/\"},{\"@type\":\"ListItem\",\"position\":2,\"name\":\"Tienda\",\"item\":\"https:\\\/\\\/zapateneo.net\\\/wordpress\\\/\"},{\"@type\":\"ListItem\",\"position\":3,\"name\":\"Mundo Subterr\u00e1neo. Puertas secretas, ciudades sumergidas y utop\u00edas bajo tierra\"}]},{\"@type\":\"WebSite\",\"@id\":\"https:\\\/\\\/zapateneo.net\\\/wordpress\\\/#website\",\"url\":\"https:\\\/\\\/zapateneo.net\\\/wordpress\\\/\",\"name\":\"Zapateneo\",\"description\":\"Zapateneoaren webgunea\",\"publisher\":{\"@id\":\"https:\\\/\\\/zapateneo.net\\\/wordpress\\\/#organization\"},\"potentialAction\":[{\"@type\":\"SearchAction\",\"target\":{\"@type\":\"EntryPoint\",\"urlTemplate\":\"https:\\\/\\\/zapateneo.net\\\/wordpress\\\/?s={search_term_string}\"},\"query-input\":{\"@type\":\"PropertyValueSpecification\",\"valueRequired\":true,\"valueName\":\"search_term_string\"}}],\"inLanguage\":\"es\"},{\"@type\":\"Organization\",\"@id\":\"https:\\\/\\\/zapateneo.net\\\/wordpress\\\/#organization\",\"name\":\"Zapateneo Kultur Elkartea\",\"url\":\"https:\\\/\\\/zapateneo.net\\\/wordpress\\\/\",\"logo\":{\"@type\":\"ImageObject\",\"inLanguage\":\"es\",\"@id\":\"https:\\\/\\\/zapateneo.net\\\/wordpress\\\/#\\\/schema\\\/logo\\\/image\\\/\",\"url\":\"https:\\\/\\\/zapateneo.net\\\/wordpress\\\/wp-content\\\/uploads\\\/2021\\\/04\\\/zap-libu-kolec.jpg\",\"contentUrl\":\"https:\\\/\\\/zapateneo.net\\\/wordpress\\\/wp-content\\\/uploads\\\/2021\\\/04\\\/zap-libu-kolec.jpg\",\"width\":2234,\"height\":398,\"caption\":\"Zapateneo Kultur Elkartea\"},\"image\":{\"@id\":\"https:\\\/\\\/zapateneo.net\\\/wordpress\\\/#\\\/schema\\\/logo\\\/image\\\/\"},\"sameAs\":[\"https:\\\/\\\/x.com\\\/zapateneo\"]}]}<\/script>\n<!-- \/ Yoast SEO plugin. -->","yoast_head_json":{"title":"Mundo Subterr\u00e1neo. Puertas secretas, ciudades sumergidas y utop\u00edas bajo tierra &#8212; Zapateneo","robots":{"index":"index","follow":"follow","max-snippet":"max-snippet:-1","max-image-preview":"max-image-preview:large","max-video-preview":"max-video-preview:-1"},"canonical":"https:\/\/zapateneo.net\/wordpress\/index.php\/producto\/mundo-subterraneo-puertas-secretas-ciudades-sumergidas-y-utopias-bajo-tierra\/","og_locale":"es_ES","og_type":"article","og_title":"Mundo Subterr\u00e1neo. Puertas secretas, ciudades sumergidas y utop\u00edas bajo tierra &#8212; Zapateneo","og_description":"vvaa 9788494420832 - La Felguera - 2015 - 272 p\u00e1ginas \/orri.","og_url":"https:\/\/zapateneo.net\/wordpress\/index.php\/producto\/mundo-subterraneo-puertas-secretas-ciudades-sumergidas-y-utopias-bajo-tierra\/","og_site_name":"Zapateneo","article_modified_time":"2023-04-10T18:07:33+00:00","og_image":[{"width":281,"height":400,"url":"https:\/\/zapateneo.net\/wordpress\/wp-content\/uploads\/2021\/11\/mundo-subterraneo.png","type":"image\/png"}],"twitter_card":"summary_large_image","twitter_site":"@zapateneo","twitter_misc":{"Tiempo de lectura":"4 minutos"},"schema":{"@context":"https:\/\/schema.org","@graph":[{"@type":"WebPage","@id":"https:\/\/zapateneo.net\/wordpress\/index.php\/producto\/mundo-subterraneo-puertas-secretas-ciudades-sumergidas-y-utopias-bajo-tierra\/","url":"https:\/\/zapateneo.net\/wordpress\/index.php\/producto\/mundo-subterraneo-puertas-secretas-ciudades-sumergidas-y-utopias-bajo-tierra\/","name":"Mundo Subterr\u00e1neo. Puertas secretas, ciudades sumergidas y utop\u00edas bajo tierra &#8212; Zapateneo","isPartOf":{"@id":"https:\/\/zapateneo.net\/wordpress\/#website"},"primaryImageOfPage":{"@id":"https:\/\/zapateneo.net\/wordpress\/index.php\/producto\/mundo-subterraneo-puertas-secretas-ciudades-sumergidas-y-utopias-bajo-tierra\/#primaryimage"},"image":{"@id":"https:\/\/zapateneo.net\/wordpress\/index.php\/producto\/mundo-subterraneo-puertas-secretas-ciudades-sumergidas-y-utopias-bajo-tierra\/#primaryimage"},"thumbnailUrl":"https:\/\/zapateneo.net\/wordpress\/wp-content\/uploads\/2021\/11\/mundo-subterraneo.png","datePublished":"2021-11-01T20:01:56+00:00","dateModified":"2023-04-10T18:07:33+00:00","breadcrumb":{"@id":"https:\/\/zapateneo.net\/wordpress\/index.php\/producto\/mundo-subterraneo-puertas-secretas-ciudades-sumergidas-y-utopias-bajo-tierra\/#breadcrumb"},"inLanguage":"es","potentialAction":[{"@type":"ReadAction","target":["https:\/\/zapateneo.net\/wordpress\/index.php\/producto\/mundo-subterraneo-puertas-secretas-ciudades-sumergidas-y-utopias-bajo-tierra\/"]}]},{"@type":"ImageObject","inLanguage":"es","@id":"https:\/\/zapateneo.net\/wordpress\/index.php\/producto\/mundo-subterraneo-puertas-secretas-ciudades-sumergidas-y-utopias-bajo-tierra\/#primaryimage","url":"https:\/\/zapateneo.net\/wordpress\/wp-content\/uploads\/2021\/11\/mundo-subterraneo.png","contentUrl":"https:\/\/zapateneo.net\/wordpress\/wp-content\/uploads\/2021\/11\/mundo-subterraneo.png","width":281,"height":400},{"@type":"BreadcrumbList","@id":"https:\/\/zapateneo.net\/wordpress\/index.php\/producto\/mundo-subterraneo-puertas-secretas-ciudades-sumergidas-y-utopias-bajo-tierra\/#breadcrumb","itemListElement":[{"@type":"ListItem","position":1,"name":"Portada","item":"https:\/\/zapateneo.net\/wordpress\/"},{"@type":"ListItem","position":2,"name":"Tienda","item":"https:\/\/zapateneo.net\/wordpress\/"},{"@type":"ListItem","position":3,"name":"Mundo Subterr\u00e1neo. Puertas secretas, ciudades sumergidas y utop\u00edas bajo tierra"}]},{"@type":"WebSite","@id":"https:\/\/zapateneo.net\/wordpress\/#website","url":"https:\/\/zapateneo.net\/wordpress\/","name":"Zapateneo","description":"Zapateneoaren webgunea","publisher":{"@id":"https:\/\/zapateneo.net\/wordpress\/#organization"},"potentialAction":[{"@type":"SearchAction","target":{"@type":"EntryPoint","urlTemplate":"https:\/\/zapateneo.net\/wordpress\/?s={search_term_string}"},"query-input":{"@type":"PropertyValueSpecification","valueRequired":true,"valueName":"search_term_string"}}],"inLanguage":"es"},{"@type":"Organization","@id":"https:\/\/zapateneo.net\/wordpress\/#organization","name":"Zapateneo Kultur Elkartea","url":"https:\/\/zapateneo.net\/wordpress\/","logo":{"@type":"ImageObject","inLanguage":"es","@id":"https:\/\/zapateneo.net\/wordpress\/#\/schema\/logo\/image\/","url":"https:\/\/zapateneo.net\/wordpress\/wp-content\/uploads\/2021\/04\/zap-libu-kolec.jpg","contentUrl":"https:\/\/zapateneo.net\/wordpress\/wp-content\/uploads\/2021\/04\/zap-libu-kolec.jpg","width":2234,"height":398,"caption":"Zapateneo Kultur Elkartea"},"image":{"@id":"https:\/\/zapateneo.net\/wordpress\/#\/schema\/logo\/image\/"},"sameAs":["https:\/\/x.com\/zapateneo"]}]}},"_links":{"self":[{"href":"https:\/\/zapateneo.net\/wordpress\/index.php\/wp-json\/wp\/v2\/product\/9008","targetHints":{"allow":["GET"]}}],"collection":[{"href":"https:\/\/zapateneo.net\/wordpress\/index.php\/wp-json\/wp\/v2\/product"}],"about":[{"href":"https:\/\/zapateneo.net\/wordpress\/index.php\/wp-json\/wp\/v2\/types\/product"}],"wp:featuredmedia":[{"embeddable":true,"href":"https:\/\/zapateneo.net\/wordpress\/index.php\/wp-json\/wp\/v2\/media\/9038"}],"wp:attachment":[{"href":"https:\/\/zapateneo.net\/wordpress\/index.php\/wp-json\/wp\/v2\/media?parent=9008"}],"wp:term":[{"taxonomy":"product_brand","embeddable":true,"href":"https:\/\/zapateneo.net\/wordpress\/index.php\/wp-json\/wp\/v2\/product_brand?post=9008"},{"taxonomy":"product_cat","embeddable":true,"href":"https:\/\/zapateneo.net\/wordpress\/index.php\/wp-json\/wp\/v2\/product_cat?post=9008"},{"taxonomy":"product_tag","embeddable":true,"href":"https:\/\/zapateneo.net\/wordpress\/index.php\/wp-json\/wp\/v2\/product_tag?post=9008"}],"curies":[{"name":"wp","href":"https:\/\/api.w.org\/{rel}","templated":true}]}}