{"id":9006,"date":"2021-11-01T21:01:56","date_gmt":"2021-11-01T20:01:56","guid":{"rendered":"https:\/\/zapateneo.net\/wordpress\/?post_type=product&#038;p=9006"},"modified":"2021-11-14T21:08:22","modified_gmt":"2021-11-14T20:08:22","slug":"la-literatura-rusa-los-ideales-y-la-realidad","status":"publish","type":"product","link":"https:\/\/zapateneo.net\/wordpress\/index.php\/producto\/la-literatura-rusa-los-ideales-y-la-realidad\/","title":{"rendered":"La literatura rusa. Los ideales y la realidad"},"content":{"rendered":"<p>LA LITERATURA RUSA, LOS IDEALES Y LA REALIDAD\u0092 naci\u00f3 como<br \/>\nfruto de la compilaci\u00f3n de una serie de conferencias sobre la Edad<br \/>\nde Oro (siglo XIX) de la literatura rusa, pronunciadas por el gran<br \/>\npensador Piotr Kropotkin en el Instituto Lowell de Boston, en 1901,<br \/>\ny publicadas en 1905. A pesar de tener m\u00e1s de un siglo, este libro<br \/>\nse ha mantenido in\u00e9dito en el Estado espa\u00f1ol hasta hoy, rescatado<br \/>\npor La Linterna Sorda. A la edici\u00f3n original le hemos incorporado<br \/>\nuna revisi\u00f3n de la traducci\u00f3n, unos esclarecedores textos introductorios,<br \/>\nuna carta in\u00e9dita de Kropotkin as\u00ed como un material gr\u00e1fico<br \/>\ncon im\u00e1genes y pinturas de los mejores artistas rusos de su \u00e9poca.<br \/>\nEsta joya literaria de Kropotkin \u0096considerado en su tiempo<br \/>\ncomo uno de los m\u00e1ximos especialistas, entre otras diversas materias,<br \/>\nsobre la cultura popular y la literatura de su amada tierra:<br \/>\nRusia\u0096 es un libro indispensable. Por sus p\u00e1ginas desfilan \u0096a trav\u00e9s<br \/>\nde un magn\u00edfico estudio en que se al\u00edan la historia, la biograf\u00eda y la<br \/>\ncr\u00edtica literaria\u0096 la vida y las obras de las grandes figuras de las<br \/>\nletras rusas: Pushkin y G\u00f3gol, creadores de la literatura moderna,<br \/>\nL\u00e9rmontov, Turgu\u00e9nev, Tolst\u00f3i, Dostoievski, Goncharov, Nekr\u00e1sov,<br \/>\nBakunin, Korolenko, Herzen, la triste iron\u00eda de Ch\u00e9jov, la airada<br \/>\nrebeli\u00f3n de Gorki, la importancia de las primeras novelistas del pueblo:<br \/>\nKhvoshchinskaia y Marko Vovch\u00f3k, el sat\u00edrico Shchedrin, los<br \/>\ngrandes cr\u00edticos: Chernishevski, Belinski, Dobroli\u00fab\u00f3v y Pisarev&#8230;<br \/>\nLas 384 p\u00e1ginas del libro se leen con la misma facilidad e<br \/>\nid\u00e9ntico deleite que pueda brindar una novela. Su explicaci\u00f3n reside<br \/>\nen que la vida de cada uno de los escritores aqu\u00ed relatada, encierra,<br \/>\npor s\u00ed sola, una emocionante experiencia vital y humana.\u00bb<\/p>\n","protected":false},"excerpt":{"rendered":"<p><strong>Piotr Alekseevich Kropotkin<\/strong><br \/>\n9788494246623 &#8211; La linterna sorda &#8211; 2014 &#8211; 378 p\u00e1ginas \/orri.<\/p>\n","protected":false},"featured_media":9036,"template":"","meta":[],"product_brand":[],"product_cat":[16,187],"product_tag":[128,4771],"class_list":{"0":"post-9006","1":"product","2":"type-product","3":"status-publish","4":"has-post-thumbnail","6":"product_cat-libros","7":"product_cat-narratiba-narrativa","8":"product_tag-la-linterna-sorda","9":"product_tag-piotr-alekseevich-kropotkin","11":"first","12":"instock","13":"sold-individually","14":"shipping-taxable","15":"purchasable","16":"product-type-simple"},"yoast_head":"<!-- This site is optimized with the Yoast SEO plugin v27.3 - https:\/\/yoast.com\/product\/yoast-seo-wordpress\/ -->\n<title>La literatura rusa. Los ideales y la realidad &#8212; Zapateneo<\/title>\n<meta name=\"robots\" content=\"index, follow, max-snippet:-1, max-image-preview:large, max-video-preview:-1\" \/>\n<link rel=\"canonical\" href=\"https:\/\/zapateneo.net\/wordpress\/index.php\/producto\/la-literatura-rusa-los-ideales-y-la-realidad\/\" \/>\n<meta property=\"og:locale\" content=\"es_ES\" \/>\n<meta property=\"og:type\" content=\"article\" \/>\n<meta property=\"og:title\" content=\"La literatura rusa. Los ideales y la realidad &#8212; Zapateneo\" \/>\n<meta property=\"og:description\" content=\"Piotr Alekseevich Kropotkin 9788494246623 - La linterna sorda - 2014 - 378 p\u00e1ginas \/orri.\" \/>\n<meta property=\"og:url\" content=\"https:\/\/zapateneo.net\/wordpress\/index.php\/producto\/la-literatura-rusa-los-ideales-y-la-realidad\/\" \/>\n<meta property=\"og:site_name\" content=\"Zapateneo\" \/>\n<meta property=\"article:modified_time\" content=\"2021-11-14T20:08:22+00:00\" \/>\n<meta property=\"og:image\" content=\"https:\/\/zapateneo.net\/wordpress\/wp-content\/uploads\/2021\/11\/9788494246623.jpg\" \/>\n\t<meta property=\"og:image:width\" content=\"229\" \/>\n\t<meta property=\"og:image:height\" content=\"303\" \/>\n\t<meta property=\"og:image:type\" content=\"image\/jpeg\" \/>\n<meta name=\"twitter:card\" content=\"summary_large_image\" \/>\n<meta name=\"twitter:site\" content=\"@zapateneo\" \/>\n<meta name=\"twitter:label1\" content=\"Tiempo de lectura\" \/>\n\t<meta name=\"twitter:data1\" content=\"2 minutos\" \/>\n<script type=\"application\/ld+json\" class=\"yoast-schema-graph\">{\"@context\":\"https:\\\/\\\/schema.org\",\"@graph\":[{\"@type\":\"WebPage\",\"@id\":\"https:\\\/\\\/zapateneo.net\\\/wordpress\\\/index.php\\\/producto\\\/la-literatura-rusa-los-ideales-y-la-realidad\\\/\",\"url\":\"https:\\\/\\\/zapateneo.net\\\/wordpress\\\/index.php\\\/producto\\\/la-literatura-rusa-los-ideales-y-la-realidad\\\/\",\"name\":\"La literatura rusa. Los ideales y la realidad &#8212; Zapateneo\",\"isPartOf\":{\"@id\":\"https:\\\/\\\/zapateneo.net\\\/wordpress\\\/#website\"},\"primaryImageOfPage\":{\"@id\":\"https:\\\/\\\/zapateneo.net\\\/wordpress\\\/index.php\\\/producto\\\/la-literatura-rusa-los-ideales-y-la-realidad\\\/#primaryimage\"},\"image\":{\"@id\":\"https:\\\/\\\/zapateneo.net\\\/wordpress\\\/index.php\\\/producto\\\/la-literatura-rusa-los-ideales-y-la-realidad\\\/#primaryimage\"},\"thumbnailUrl\":\"https:\\\/\\\/zapateneo.net\\\/wordpress\\\/wp-content\\\/uploads\\\/2021\\\/11\\\/9788494246623.jpg\",\"datePublished\":\"2021-11-01T20:01:56+00:00\",\"dateModified\":\"2021-11-14T20:08:22+00:00\",\"breadcrumb\":{\"@id\":\"https:\\\/\\\/zapateneo.net\\\/wordpress\\\/index.php\\\/producto\\\/la-literatura-rusa-los-ideales-y-la-realidad\\\/#breadcrumb\"},\"inLanguage\":\"es\",\"potentialAction\":[{\"@type\":\"ReadAction\",\"target\":[\"https:\\\/\\\/zapateneo.net\\\/wordpress\\\/index.php\\\/producto\\\/la-literatura-rusa-los-ideales-y-la-realidad\\\/\"]}]},{\"@type\":\"ImageObject\",\"inLanguage\":\"es\",\"@id\":\"https:\\\/\\\/zapateneo.net\\\/wordpress\\\/index.php\\\/producto\\\/la-literatura-rusa-los-ideales-y-la-realidad\\\/#primaryimage\",\"url\":\"https:\\\/\\\/zapateneo.net\\\/wordpress\\\/wp-content\\\/uploads\\\/2021\\\/11\\\/9788494246623.jpg\",\"contentUrl\":\"https:\\\/\\\/zapateneo.net\\\/wordpress\\\/wp-content\\\/uploads\\\/2021\\\/11\\\/9788494246623.jpg\",\"width\":229,\"height\":303},{\"@type\":\"BreadcrumbList\",\"@id\":\"https:\\\/\\\/zapateneo.net\\\/wordpress\\\/index.php\\\/producto\\\/la-literatura-rusa-los-ideales-y-la-realidad\\\/#breadcrumb\",\"itemListElement\":[{\"@type\":\"ListItem\",\"position\":1,\"name\":\"Portada\",\"item\":\"https:\\\/\\\/zapateneo.net\\\/wordpress\\\/\"},{\"@type\":\"ListItem\",\"position\":2,\"name\":\"Tienda\",\"item\":\"https:\\\/\\\/zapateneo.net\\\/wordpress\\\/\"},{\"@type\":\"ListItem\",\"position\":3,\"name\":\"La literatura rusa. Los ideales y la realidad\"}]},{\"@type\":\"WebSite\",\"@id\":\"https:\\\/\\\/zapateneo.net\\\/wordpress\\\/#website\",\"url\":\"https:\\\/\\\/zapateneo.net\\\/wordpress\\\/\",\"name\":\"Zapateneo\",\"description\":\"Zapateneoaren webgunea\",\"publisher\":{\"@id\":\"https:\\\/\\\/zapateneo.net\\\/wordpress\\\/#organization\"},\"potentialAction\":[{\"@type\":\"SearchAction\",\"target\":{\"@type\":\"EntryPoint\",\"urlTemplate\":\"https:\\\/\\\/zapateneo.net\\\/wordpress\\\/?s={search_term_string}\"},\"query-input\":{\"@type\":\"PropertyValueSpecification\",\"valueRequired\":true,\"valueName\":\"search_term_string\"}}],\"inLanguage\":\"es\"},{\"@type\":\"Organization\",\"@id\":\"https:\\\/\\\/zapateneo.net\\\/wordpress\\\/#organization\",\"name\":\"Zapateneo Kultur Elkartea\",\"url\":\"https:\\\/\\\/zapateneo.net\\\/wordpress\\\/\",\"logo\":{\"@type\":\"ImageObject\",\"inLanguage\":\"es\",\"@id\":\"https:\\\/\\\/zapateneo.net\\\/wordpress\\\/#\\\/schema\\\/logo\\\/image\\\/\",\"url\":\"https:\\\/\\\/zapateneo.net\\\/wordpress\\\/wp-content\\\/uploads\\\/2021\\\/04\\\/zap-libu-kolec.jpg\",\"contentUrl\":\"https:\\\/\\\/zapateneo.net\\\/wordpress\\\/wp-content\\\/uploads\\\/2021\\\/04\\\/zap-libu-kolec.jpg\",\"width\":2234,\"height\":398,\"caption\":\"Zapateneo Kultur Elkartea\"},\"image\":{\"@id\":\"https:\\\/\\\/zapateneo.net\\\/wordpress\\\/#\\\/schema\\\/logo\\\/image\\\/\"},\"sameAs\":[\"https:\\\/\\\/x.com\\\/zapateneo\"]}]}<\/script>\n<!-- \/ Yoast SEO plugin. -->","yoast_head_json":{"title":"La literatura rusa. Los ideales y la realidad &#8212; Zapateneo","robots":{"index":"index","follow":"follow","max-snippet":"max-snippet:-1","max-image-preview":"max-image-preview:large","max-video-preview":"max-video-preview:-1"},"canonical":"https:\/\/zapateneo.net\/wordpress\/index.php\/producto\/la-literatura-rusa-los-ideales-y-la-realidad\/","og_locale":"es_ES","og_type":"article","og_title":"La literatura rusa. Los ideales y la realidad &#8212; Zapateneo","og_description":"Piotr Alekseevich Kropotkin 9788494246623 - La linterna sorda - 2014 - 378 p\u00e1ginas \/orri.","og_url":"https:\/\/zapateneo.net\/wordpress\/index.php\/producto\/la-literatura-rusa-los-ideales-y-la-realidad\/","og_site_name":"Zapateneo","article_modified_time":"2021-11-14T20:08:22+00:00","og_image":[{"width":229,"height":303,"url":"https:\/\/zapateneo.net\/wordpress\/wp-content\/uploads\/2021\/11\/9788494246623.jpg","type":"image\/jpeg"}],"twitter_card":"summary_large_image","twitter_site":"@zapateneo","twitter_misc":{"Tiempo de lectura":"2 minutos"},"schema":{"@context":"https:\/\/schema.org","@graph":[{"@type":"WebPage","@id":"https:\/\/zapateneo.net\/wordpress\/index.php\/producto\/la-literatura-rusa-los-ideales-y-la-realidad\/","url":"https:\/\/zapateneo.net\/wordpress\/index.php\/producto\/la-literatura-rusa-los-ideales-y-la-realidad\/","name":"La literatura rusa. Los ideales y la realidad &#8212; Zapateneo","isPartOf":{"@id":"https:\/\/zapateneo.net\/wordpress\/#website"},"primaryImageOfPage":{"@id":"https:\/\/zapateneo.net\/wordpress\/index.php\/producto\/la-literatura-rusa-los-ideales-y-la-realidad\/#primaryimage"},"image":{"@id":"https:\/\/zapateneo.net\/wordpress\/index.php\/producto\/la-literatura-rusa-los-ideales-y-la-realidad\/#primaryimage"},"thumbnailUrl":"https:\/\/zapateneo.net\/wordpress\/wp-content\/uploads\/2021\/11\/9788494246623.jpg","datePublished":"2021-11-01T20:01:56+00:00","dateModified":"2021-11-14T20:08:22+00:00","breadcrumb":{"@id":"https:\/\/zapateneo.net\/wordpress\/index.php\/producto\/la-literatura-rusa-los-ideales-y-la-realidad\/#breadcrumb"},"inLanguage":"es","potentialAction":[{"@type":"ReadAction","target":["https:\/\/zapateneo.net\/wordpress\/index.php\/producto\/la-literatura-rusa-los-ideales-y-la-realidad\/"]}]},{"@type":"ImageObject","inLanguage":"es","@id":"https:\/\/zapateneo.net\/wordpress\/index.php\/producto\/la-literatura-rusa-los-ideales-y-la-realidad\/#primaryimage","url":"https:\/\/zapateneo.net\/wordpress\/wp-content\/uploads\/2021\/11\/9788494246623.jpg","contentUrl":"https:\/\/zapateneo.net\/wordpress\/wp-content\/uploads\/2021\/11\/9788494246623.jpg","width":229,"height":303},{"@type":"BreadcrumbList","@id":"https:\/\/zapateneo.net\/wordpress\/index.php\/producto\/la-literatura-rusa-los-ideales-y-la-realidad\/#breadcrumb","itemListElement":[{"@type":"ListItem","position":1,"name":"Portada","item":"https:\/\/zapateneo.net\/wordpress\/"},{"@type":"ListItem","position":2,"name":"Tienda","item":"https:\/\/zapateneo.net\/wordpress\/"},{"@type":"ListItem","position":3,"name":"La literatura rusa. Los ideales y la realidad"}]},{"@type":"WebSite","@id":"https:\/\/zapateneo.net\/wordpress\/#website","url":"https:\/\/zapateneo.net\/wordpress\/","name":"Zapateneo","description":"Zapateneoaren webgunea","publisher":{"@id":"https:\/\/zapateneo.net\/wordpress\/#organization"},"potentialAction":[{"@type":"SearchAction","target":{"@type":"EntryPoint","urlTemplate":"https:\/\/zapateneo.net\/wordpress\/?s={search_term_string}"},"query-input":{"@type":"PropertyValueSpecification","valueRequired":true,"valueName":"search_term_string"}}],"inLanguage":"es"},{"@type":"Organization","@id":"https:\/\/zapateneo.net\/wordpress\/#organization","name":"Zapateneo Kultur Elkartea","url":"https:\/\/zapateneo.net\/wordpress\/","logo":{"@type":"ImageObject","inLanguage":"es","@id":"https:\/\/zapateneo.net\/wordpress\/#\/schema\/logo\/image\/","url":"https:\/\/zapateneo.net\/wordpress\/wp-content\/uploads\/2021\/04\/zap-libu-kolec.jpg","contentUrl":"https:\/\/zapateneo.net\/wordpress\/wp-content\/uploads\/2021\/04\/zap-libu-kolec.jpg","width":2234,"height":398,"caption":"Zapateneo Kultur Elkartea"},"image":{"@id":"https:\/\/zapateneo.net\/wordpress\/#\/schema\/logo\/image\/"},"sameAs":["https:\/\/x.com\/zapateneo"]}]}},"_links":{"self":[{"href":"https:\/\/zapateneo.net\/wordpress\/index.php\/wp-json\/wp\/v2\/product\/9006","targetHints":{"allow":["GET"]}}],"collection":[{"href":"https:\/\/zapateneo.net\/wordpress\/index.php\/wp-json\/wp\/v2\/product"}],"about":[{"href":"https:\/\/zapateneo.net\/wordpress\/index.php\/wp-json\/wp\/v2\/types\/product"}],"wp:featuredmedia":[{"embeddable":true,"href":"https:\/\/zapateneo.net\/wordpress\/index.php\/wp-json\/wp\/v2\/media\/9036"}],"wp:attachment":[{"href":"https:\/\/zapateneo.net\/wordpress\/index.php\/wp-json\/wp\/v2\/media?parent=9006"}],"wp:term":[{"taxonomy":"product_brand","embeddable":true,"href":"https:\/\/zapateneo.net\/wordpress\/index.php\/wp-json\/wp\/v2\/product_brand?post=9006"},{"taxonomy":"product_cat","embeddable":true,"href":"https:\/\/zapateneo.net\/wordpress\/index.php\/wp-json\/wp\/v2\/product_cat?post=9006"},{"taxonomy":"product_tag","embeddable":true,"href":"https:\/\/zapateneo.net\/wordpress\/index.php\/wp-json\/wp\/v2\/product_tag?post=9006"}],"curies":[{"name":"wp","href":"https:\/\/api.w.org\/{rel}","templated":true}]}}