{"id":8994,"date":"2021-11-01T21:01:54","date_gmt":"2021-11-01T20:01:54","guid":{"rendered":"https:\/\/zapateneo.net\/wordpress\/?post_type=product&#038;p=8994"},"modified":"2021-11-14T21:10:09","modified_gmt":"2021-11-14T20:10:09","slug":"beaubourg-una-utopia-subterranea","status":"publish","type":"product","link":"https:\/\/zapateneo.net\/wordpress\/index.php\/producto\/beaubourg-una-utopia-subterranea\/","title":{"rendered":"Beaubourg, una utop\u00eda subterr\u00e1nea"},"content":{"rendered":"<p>Imaginemos que un d\u00eda se descubren decenas de plantas subterr\u00e1neas (84, como m\u00ednimo), bajo un famoso museo de arte contempor\u00e1neo de Par\u00eds. Imaginemos tambi\u00e9n que todas estas plantas son tomadas por una comunidad abierta de personas decididas a crear un espacio vital propio, un lugar de libertad, de creaci\u00f3n de vida. Imaginemos por \u00faltimo que todo esto, a pesar de los m\u00faltiples problemas a los que debe enfrentarse, tiene \u00e9xito, que se despliega en el tiempo y, lo m\u00e1s importante, que se extiende m\u00e1s all\u00e1 de sus l\u00edmites f\u00edsicos modificando el curso de la vida com\u00fan en el exterior\u2026 (de la introducci\u00f3n de Julio Monteverde) 15 de diciembre de 1976: a la vez que se inaugura en Par\u00eds el Centre Pompidou, el emblema de la Cultura, se celebra la ocupaci\u00f3n de otro centro, emplazado en las 84 plantas debajo del centro oficial: el beaubourg. Creada por la imaginaci\u00f3n de Albert Meister, soci\u00f3logo libertario y estudioso de comunidades autogestionadas, Beaubourg, una utop\u00eda subterr\u00e1nea es la cr\u00f3nica de la imaginaria ocupaci\u00f3n de los subterr\u00e1neos del Centro Pompidou a lo largo de 14 a\u00f1os. Un relato ut\u00f3pico sorprendente por su capacidad de reflejar un espacio de libertad inusitada y de su contagio a la realidad circundante. \u00abTodas estas plantas est\u00e1n destinadas a la cultura, a la cultura que vosotros vais a hacer, porque yo no tengo ni una definici\u00f3n a priori de la cultura ni poder para imponer una; a decir verdad, ni siquiera tengo muy claro qu\u00e9 significa el t\u00e9rmino cultura&#8230;\u00bb. Albert Meister naci\u00f3 el 22 de julio de 1927, en Basilea (Suiza).1 Naturalizado franc\u00e9s en 1967, se doctor\u00f3 en sociolog\u00eda en Ginebra y en ciencias humanas en Par\u00eds. Toda su carrera profesional gir\u00f3 en torno a la problem\u00e1tica de la autogesti\u00f3n y la puesta en marcha de organizaciones horizontales, as\u00ed como alrededor de las implicaciones pol\u00edticas y sociales que esta creaci\u00f3n de comunidades libres ten\u00eda para la sociedad. Como experto en la materia fue altamente respetado en el ambiente intelectual de izquierdas de la \u00e9poca. Trabaj\u00f3 para la Ecole des Hautes \u00c9tudes de Par\u00eds y varias de sus obras fueron traducidas a diferentes idiomas, entre otros al castellano.2 As\u00ed sucedi\u00f3 por ejemplo con su trabajo m\u00e1s famoso: L\u00b4inflation cr\u00e9atrice, pero tambi\u00e9n con otros como los que dedic\u00f3 a las experiencias de autogesti\u00f3n yugoslavas. Igualmente, destac\u00f3 como animador de la revista Autogestion, cuyo t\u00edtulo nos parece ya suficientemente expl\u00edcito. Muri\u00f3 prematuramente en Jap\u00f3n. Pues en esta historia, a partir de una idea luminosa, Meister pareci\u00f3 volcar todos los conocimientos adquiridos en su trabajo cient\u00edfico para dotarlos de una dimensi\u00f3n nueva, m\u00e1s intensa y cercana, despoj\u00e1ndose adem\u00e1s de todo aparato \u00abintelectual\u00bb para llegar directamente a aquello que m\u00e1s le interesaba: la posibilidad de creaci\u00f3n de un espacio vital al margen de las constricciones capitalistas en todo lo que este pod\u00eda tener de real, de vivible, tan luminosamente concreto como el mismo escenario que eligi\u00f3 para situarlo.<\/p>\n","protected":false},"excerpt":{"rendered":"<p><strong>Albert Meister<\/strong><br \/>\n9788494020896 &#8211; Enclave de libros &#8211; 2014 &#8211; 297 p\u00e1ginas \/orri.<\/p>\n","protected":false},"featured_media":9024,"template":"","meta":[],"product_brand":[],"product_cat":[16,187],"product_tag":[4761,631],"class_list":{"0":"post-8994","1":"product","2":"type-product","3":"status-publish","4":"has-post-thumbnail","6":"product_cat-libros","7":"product_cat-narratiba-narrativa","8":"product_tag-albert-meister","9":"product_tag-enclave-de-libros","11":"first","12":"instock","13":"sold-individually","14":"shipping-taxable","15":"purchasable","16":"product-type-simple"},"yoast_head":"<!-- This site is optimized with the Yoast SEO plugin v27.3 - https:\/\/yoast.com\/product\/yoast-seo-wordpress\/ -->\n<title>Beaubourg, una utop\u00eda subterr\u00e1nea &#8212; Zapateneo<\/title>\n<meta name=\"robots\" content=\"index, follow, max-snippet:-1, max-image-preview:large, max-video-preview:-1\" \/>\n<link rel=\"canonical\" href=\"https:\/\/zapateneo.net\/wordpress\/index.php\/producto\/beaubourg-una-utopia-subterranea\/\" \/>\n<meta property=\"og:locale\" content=\"es_ES\" \/>\n<meta property=\"og:type\" content=\"article\" \/>\n<meta property=\"og:title\" content=\"Beaubourg, una utop\u00eda subterr\u00e1nea &#8212; Zapateneo\" \/>\n<meta property=\"og:description\" content=\"Albert Meister 9788494020896 - Enclave de libros - 2014 - 297 p\u00e1ginas \/orri.\" \/>\n<meta property=\"og:url\" content=\"https:\/\/zapateneo.net\/wordpress\/index.php\/producto\/beaubourg-una-utopia-subterranea\/\" \/>\n<meta property=\"og:site_name\" content=\"Zapateneo\" \/>\n<meta property=\"article:modified_time\" content=\"2021-11-14T20:10:09+00:00\" \/>\n<meta property=\"og:image\" content=\"https:\/\/zapateneo.net\/wordpress\/wp-content\/uploads\/2021\/11\/9788494020896.png\" \/>\n\t<meta property=\"og:image:width\" content=\"259\" \/>\n\t<meta property=\"og:image:height\" content=\"400\" \/>\n\t<meta property=\"og:image:type\" content=\"image\/png\" \/>\n<meta name=\"twitter:card\" content=\"summary_large_image\" \/>\n<meta name=\"twitter:site\" content=\"@zapateneo\" \/>\n<meta name=\"twitter:label1\" content=\"Tiempo de lectura\" \/>\n\t<meta name=\"twitter:data1\" content=\"3 minutos\" \/>\n<script type=\"application\/ld+json\" class=\"yoast-schema-graph\">{\"@context\":\"https:\\\/\\\/schema.org\",\"@graph\":[{\"@type\":\"WebPage\",\"@id\":\"https:\\\/\\\/zapateneo.net\\\/wordpress\\\/index.php\\\/producto\\\/beaubourg-una-utopia-subterranea\\\/\",\"url\":\"https:\\\/\\\/zapateneo.net\\\/wordpress\\\/index.php\\\/producto\\\/beaubourg-una-utopia-subterranea\\\/\",\"name\":\"Beaubourg, una utop\u00eda subterr\u00e1nea &#8212; Zapateneo\",\"isPartOf\":{\"@id\":\"https:\\\/\\\/zapateneo.net\\\/wordpress\\\/#website\"},\"primaryImageOfPage\":{\"@id\":\"https:\\\/\\\/zapateneo.net\\\/wordpress\\\/index.php\\\/producto\\\/beaubourg-una-utopia-subterranea\\\/#primaryimage\"},\"image\":{\"@id\":\"https:\\\/\\\/zapateneo.net\\\/wordpress\\\/index.php\\\/producto\\\/beaubourg-una-utopia-subterranea\\\/#primaryimage\"},\"thumbnailUrl\":\"https:\\\/\\\/zapateneo.net\\\/wordpress\\\/wp-content\\\/uploads\\\/2021\\\/11\\\/9788494020896.png\",\"datePublished\":\"2021-11-01T20:01:54+00:00\",\"dateModified\":\"2021-11-14T20:10:09+00:00\",\"breadcrumb\":{\"@id\":\"https:\\\/\\\/zapateneo.net\\\/wordpress\\\/index.php\\\/producto\\\/beaubourg-una-utopia-subterranea\\\/#breadcrumb\"},\"inLanguage\":\"es\",\"potentialAction\":[{\"@type\":\"ReadAction\",\"target\":[\"https:\\\/\\\/zapateneo.net\\\/wordpress\\\/index.php\\\/producto\\\/beaubourg-una-utopia-subterranea\\\/\"]}]},{\"@type\":\"ImageObject\",\"inLanguage\":\"es\",\"@id\":\"https:\\\/\\\/zapateneo.net\\\/wordpress\\\/index.php\\\/producto\\\/beaubourg-una-utopia-subterranea\\\/#primaryimage\",\"url\":\"https:\\\/\\\/zapateneo.net\\\/wordpress\\\/wp-content\\\/uploads\\\/2021\\\/11\\\/9788494020896.png\",\"contentUrl\":\"https:\\\/\\\/zapateneo.net\\\/wordpress\\\/wp-content\\\/uploads\\\/2021\\\/11\\\/9788494020896.png\",\"width\":259,\"height\":400},{\"@type\":\"BreadcrumbList\",\"@id\":\"https:\\\/\\\/zapateneo.net\\\/wordpress\\\/index.php\\\/producto\\\/beaubourg-una-utopia-subterranea\\\/#breadcrumb\",\"itemListElement\":[{\"@type\":\"ListItem\",\"position\":1,\"name\":\"Portada\",\"item\":\"https:\\\/\\\/zapateneo.net\\\/wordpress\\\/\"},{\"@type\":\"ListItem\",\"position\":2,\"name\":\"Tienda\",\"item\":\"https:\\\/\\\/zapateneo.net\\\/wordpress\\\/\"},{\"@type\":\"ListItem\",\"position\":3,\"name\":\"Beaubourg, una utop\u00eda subterr\u00e1nea\"}]},{\"@type\":\"WebSite\",\"@id\":\"https:\\\/\\\/zapateneo.net\\\/wordpress\\\/#website\",\"url\":\"https:\\\/\\\/zapateneo.net\\\/wordpress\\\/\",\"name\":\"Zapateneo\",\"description\":\"Zapateneoaren webgunea\",\"publisher\":{\"@id\":\"https:\\\/\\\/zapateneo.net\\\/wordpress\\\/#organization\"},\"potentialAction\":[{\"@type\":\"SearchAction\",\"target\":{\"@type\":\"EntryPoint\",\"urlTemplate\":\"https:\\\/\\\/zapateneo.net\\\/wordpress\\\/?s={search_term_string}\"},\"query-input\":{\"@type\":\"PropertyValueSpecification\",\"valueRequired\":true,\"valueName\":\"search_term_string\"}}],\"inLanguage\":\"es\"},{\"@type\":\"Organization\",\"@id\":\"https:\\\/\\\/zapateneo.net\\\/wordpress\\\/#organization\",\"name\":\"Zapateneo Kultur Elkartea\",\"url\":\"https:\\\/\\\/zapateneo.net\\\/wordpress\\\/\",\"logo\":{\"@type\":\"ImageObject\",\"inLanguage\":\"es\",\"@id\":\"https:\\\/\\\/zapateneo.net\\\/wordpress\\\/#\\\/schema\\\/logo\\\/image\\\/\",\"url\":\"https:\\\/\\\/zapateneo.net\\\/wordpress\\\/wp-content\\\/uploads\\\/2021\\\/04\\\/zap-libu-kolec.jpg\",\"contentUrl\":\"https:\\\/\\\/zapateneo.net\\\/wordpress\\\/wp-content\\\/uploads\\\/2021\\\/04\\\/zap-libu-kolec.jpg\",\"width\":2234,\"height\":398,\"caption\":\"Zapateneo Kultur Elkartea\"},\"image\":{\"@id\":\"https:\\\/\\\/zapateneo.net\\\/wordpress\\\/#\\\/schema\\\/logo\\\/image\\\/\"},\"sameAs\":[\"https:\\\/\\\/x.com\\\/zapateneo\"]}]}<\/script>\n<!-- \/ Yoast SEO plugin. -->","yoast_head_json":{"title":"Beaubourg, una utop\u00eda subterr\u00e1nea &#8212; Zapateneo","robots":{"index":"index","follow":"follow","max-snippet":"max-snippet:-1","max-image-preview":"max-image-preview:large","max-video-preview":"max-video-preview:-1"},"canonical":"https:\/\/zapateneo.net\/wordpress\/index.php\/producto\/beaubourg-una-utopia-subterranea\/","og_locale":"es_ES","og_type":"article","og_title":"Beaubourg, una utop\u00eda subterr\u00e1nea &#8212; Zapateneo","og_description":"Albert Meister 9788494020896 - Enclave de libros - 2014 - 297 p\u00e1ginas \/orri.","og_url":"https:\/\/zapateneo.net\/wordpress\/index.php\/producto\/beaubourg-una-utopia-subterranea\/","og_site_name":"Zapateneo","article_modified_time":"2021-11-14T20:10:09+00:00","og_image":[{"width":259,"height":400,"url":"https:\/\/zapateneo.net\/wordpress\/wp-content\/uploads\/2021\/11\/9788494020896.png","type":"image\/png"}],"twitter_card":"summary_large_image","twitter_site":"@zapateneo","twitter_misc":{"Tiempo de lectura":"3 minutos"},"schema":{"@context":"https:\/\/schema.org","@graph":[{"@type":"WebPage","@id":"https:\/\/zapateneo.net\/wordpress\/index.php\/producto\/beaubourg-una-utopia-subterranea\/","url":"https:\/\/zapateneo.net\/wordpress\/index.php\/producto\/beaubourg-una-utopia-subterranea\/","name":"Beaubourg, una utop\u00eda subterr\u00e1nea &#8212; Zapateneo","isPartOf":{"@id":"https:\/\/zapateneo.net\/wordpress\/#website"},"primaryImageOfPage":{"@id":"https:\/\/zapateneo.net\/wordpress\/index.php\/producto\/beaubourg-una-utopia-subterranea\/#primaryimage"},"image":{"@id":"https:\/\/zapateneo.net\/wordpress\/index.php\/producto\/beaubourg-una-utopia-subterranea\/#primaryimage"},"thumbnailUrl":"https:\/\/zapateneo.net\/wordpress\/wp-content\/uploads\/2021\/11\/9788494020896.png","datePublished":"2021-11-01T20:01:54+00:00","dateModified":"2021-11-14T20:10:09+00:00","breadcrumb":{"@id":"https:\/\/zapateneo.net\/wordpress\/index.php\/producto\/beaubourg-una-utopia-subterranea\/#breadcrumb"},"inLanguage":"es","potentialAction":[{"@type":"ReadAction","target":["https:\/\/zapateneo.net\/wordpress\/index.php\/producto\/beaubourg-una-utopia-subterranea\/"]}]},{"@type":"ImageObject","inLanguage":"es","@id":"https:\/\/zapateneo.net\/wordpress\/index.php\/producto\/beaubourg-una-utopia-subterranea\/#primaryimage","url":"https:\/\/zapateneo.net\/wordpress\/wp-content\/uploads\/2021\/11\/9788494020896.png","contentUrl":"https:\/\/zapateneo.net\/wordpress\/wp-content\/uploads\/2021\/11\/9788494020896.png","width":259,"height":400},{"@type":"BreadcrumbList","@id":"https:\/\/zapateneo.net\/wordpress\/index.php\/producto\/beaubourg-una-utopia-subterranea\/#breadcrumb","itemListElement":[{"@type":"ListItem","position":1,"name":"Portada","item":"https:\/\/zapateneo.net\/wordpress\/"},{"@type":"ListItem","position":2,"name":"Tienda","item":"https:\/\/zapateneo.net\/wordpress\/"},{"@type":"ListItem","position":3,"name":"Beaubourg, una utop\u00eda subterr\u00e1nea"}]},{"@type":"WebSite","@id":"https:\/\/zapateneo.net\/wordpress\/#website","url":"https:\/\/zapateneo.net\/wordpress\/","name":"Zapateneo","description":"Zapateneoaren webgunea","publisher":{"@id":"https:\/\/zapateneo.net\/wordpress\/#organization"},"potentialAction":[{"@type":"SearchAction","target":{"@type":"EntryPoint","urlTemplate":"https:\/\/zapateneo.net\/wordpress\/?s={search_term_string}"},"query-input":{"@type":"PropertyValueSpecification","valueRequired":true,"valueName":"search_term_string"}}],"inLanguage":"es"},{"@type":"Organization","@id":"https:\/\/zapateneo.net\/wordpress\/#organization","name":"Zapateneo Kultur Elkartea","url":"https:\/\/zapateneo.net\/wordpress\/","logo":{"@type":"ImageObject","inLanguage":"es","@id":"https:\/\/zapateneo.net\/wordpress\/#\/schema\/logo\/image\/","url":"https:\/\/zapateneo.net\/wordpress\/wp-content\/uploads\/2021\/04\/zap-libu-kolec.jpg","contentUrl":"https:\/\/zapateneo.net\/wordpress\/wp-content\/uploads\/2021\/04\/zap-libu-kolec.jpg","width":2234,"height":398,"caption":"Zapateneo Kultur Elkartea"},"image":{"@id":"https:\/\/zapateneo.net\/wordpress\/#\/schema\/logo\/image\/"},"sameAs":["https:\/\/x.com\/zapateneo"]}]}},"_links":{"self":[{"href":"https:\/\/zapateneo.net\/wordpress\/index.php\/wp-json\/wp\/v2\/product\/8994","targetHints":{"allow":["GET"]}}],"collection":[{"href":"https:\/\/zapateneo.net\/wordpress\/index.php\/wp-json\/wp\/v2\/product"}],"about":[{"href":"https:\/\/zapateneo.net\/wordpress\/index.php\/wp-json\/wp\/v2\/types\/product"}],"wp:featuredmedia":[{"embeddable":true,"href":"https:\/\/zapateneo.net\/wordpress\/index.php\/wp-json\/wp\/v2\/media\/9024"}],"wp:attachment":[{"href":"https:\/\/zapateneo.net\/wordpress\/index.php\/wp-json\/wp\/v2\/media?parent=8994"}],"wp:term":[{"taxonomy":"product_brand","embeddable":true,"href":"https:\/\/zapateneo.net\/wordpress\/index.php\/wp-json\/wp\/v2\/product_brand?post=8994"},{"taxonomy":"product_cat","embeddable":true,"href":"https:\/\/zapateneo.net\/wordpress\/index.php\/wp-json\/wp\/v2\/product_cat?post=8994"},{"taxonomy":"product_tag","embeddable":true,"href":"https:\/\/zapateneo.net\/wordpress\/index.php\/wp-json\/wp\/v2\/product_tag?post=8994"}],"curies":[{"name":"wp","href":"https:\/\/api.w.org\/{rel}","templated":true}]}}