{"id":8968,"date":"2021-11-01T17:20:43","date_gmt":"2021-11-01T16:20:43","guid":{"rendered":"https:\/\/zapateneo.net\/wordpress\/?post_type=product&#038;p=8968"},"modified":"2022-01-02T19:48:49","modified_gmt":"2022-01-02T18:48:49","slug":"dias-de-suenos-y-de-plomo","status":"publish","type":"product","link":"https:\/\/zapateneo.net\/wordpress\/index.php\/producto\/dias-de-suenos-y-de-plomo\/","title":{"rendered":"D\u00edas de sue\u00f1os y de plomo"},"content":{"rendered":"<p>Vivir la insurrecci\u00f3n en la Italia de los 70<\/p>\n<p>A trav\u00e9s de su propia experiencia, Stella nos relata el trayecto insurrecto de una generaci\u00f3n de militantes en la Italia de los a\u00f1os setenta que, convencida de la necesidad de una transformaci\u00f3n radical de la realidad, particip\u00f3 de la v\u00eda armada como un aspecto m\u00e1s de la denominada autonomia operaia.<\/p>\n<p>En la regi\u00f3n de V\u00e9neto, al calor de los centros sociales y las radios libres, cuaj\u00f3 a partir de 1976 un ciclo de luchas que alcanzar\u00eda su m\u00e1xima expresi\u00f3n entre 1977 y 1978. Simult\u00e1neamente, la magistratura constru\u00eda \u00abel teorema Calogero\u00bb (que tom\u00f3 el nombre de un juez afiliado al PCI), criminalizaci\u00f3n sistem\u00e1tica basada en la \u00abteor\u00eda del entorno\u00bb, que supuso la persecuci\u00f3n, encarcelamiento y el exilio masivo de cientos de personas, y cuyas consecuencias a\u00fan perviven hoy.<\/p>\n<p>Esta cr\u00f3nica trasciende el relato autobiogr\u00e1fico. Las muertes de Alberto, \u00c1ngelo y Antonietta \u2014durante la explosi\u00f3n accidental del artefacto que manipulaban\u2014, y el suicidio de Lorenzo en una celda de aislamiento de la prisi\u00f3n de Verona, evocan la batalla terrible y desigual respecto al Estado plomizo, la confrontaci\u00f3n con las leyes de excepci\u00f3n, la c\u00e1rcel, el exilio y las p\u00e9rdidas personales irreparables.<\/p>\n<p>Stella elabora as\u00ed una robusta reflexi\u00f3n sobre un pasado en que se luch\u00f3 para un cambio radical, en pos de un presente diferente al funesto berlusconismo actual y al poder de los herederos del fascismo, que se erige sobre la historia de los vencedores. Aqu\u00ed el autor nos cuenta otra historia.<\/p>\n<p>alessandro-stella<\/p>\n<p>ALESSANDRO STELLA (Italia, 1956) comenz\u00f3 su militancia en 1971 en Potere Operaio, una de las organizaciones m\u00e1s importantes surgidas a la izquierda del PCI, que form\u00f3 parte del movimiento de la autonomia operaia. Activista estudiantil, particip\u00f3 tanto en luchas obreras como en grupos de estudio y propaganda en Vicenza y su comarca. En pleno crecimiento y radicalizaci\u00f3n de los enfrentamientos, opta por la clandestinidad y la lucha armada. A principios de la d\u00e9cada de 1980, abandona Italia, fruto de la persecuci\u00f3n y el desmantelamiento de los grupos aut\u00f3nomos y su base social, obligado a un largo exilio en Latinoam\u00e9rica, Espa\u00f1a y Francia. En la actualidad, es director de investigaciones en antropolog\u00eda hist\u00f3rica del Centre National de la Recherche Scientifique (CNRS) y de la \u00c9cole des Hautes \u00c9tudes en Sciences Sociales (EHESS) de Par\u00eds. Es autor de La r\u00e9volte des Ciompi. Les hommes, les lieux, le travail (EHESS, Par\u00eds, 1993); Histoires d\u2019esclaves dans la p\u00e9ninsule ib\u00e9rique (EHESS, Par\u00eds, 2000); Amours et d\u00e9samours \u00e0 Cadix aux XVIIe et XVIIIe si\u00e8cles (PUM, Tolosa, 2008); y Le Pr\u00e8tre et le Sexe. Les r\u00e9v\u00e9lations des proc\u00e8s de l&#8217;Inquisition (Andr\u00e9 Versaille \u00e9diteur, Bruselas, 2009).<\/p>\n<p>Presentaci\u00f3n de Jaime Pastor<\/p>\n<p>Introducci\u00f3n de Rolando d&#8217;Alessandro<\/p>\n<h2><a href=\"https:\/\/www.viruseditorial.net\/es\/editorial\/descargar-pdf\" target=\"_blank\" rel=\"noopener\">Libro en libre descarga de Virus Editorial<\/a><\/h2>\n","protected":false},"excerpt":{"rendered":"<p><strong>Alessandro Stella<\/strong><br \/>\n9788492559657 &#8211; Virus &#8211; 2015 &#8211; 182 p\u00e1ginas \/orri.<\/p>\n","protected":false},"featured_media":8976,"template":"","meta":[],"product_brand":[],"product_cat":[185,16],"product_tag":[4749,4626,57],"class_list":{"0":"post-8968","1":"product","2":"type-product","3":"status-publish","4":"has-post-thumbnail","6":"product_cat-historia","7":"product_cat-libros","8":"product_tag-alessandro-stella","9":"product_tag-deskargak","10":"product_tag-virus","12":"first","13":"instock","14":"sold-individually","15":"shipping-taxable","16":"purchasable","17":"product-type-simple"},"yoast_head":"<!-- This site is optimized with the Yoast SEO plugin v27.4 - https:\/\/yoast.com\/product\/yoast-seo-wordpress\/ -->\n<title>D\u00edas de sue\u00f1os y de plomo &#8212; Zapateneo<\/title>\n<meta name=\"robots\" content=\"index, follow, max-snippet:-1, max-image-preview:large, max-video-preview:-1\" \/>\n<link rel=\"canonical\" href=\"https:\/\/zapateneo.net\/wordpress\/index.php\/producto\/dias-de-suenos-y-de-plomo\/\" \/>\n<meta property=\"og:locale\" content=\"es_ES\" \/>\n<meta property=\"og:type\" content=\"article\" \/>\n<meta property=\"og:title\" content=\"D\u00edas de sue\u00f1os y de plomo &#8212; Zapateneo\" \/>\n<meta property=\"og:description\" content=\"Alessandro Stella 9788492559657 - Virus - 2015 - 182 p\u00e1ginas \/orri.\" \/>\n<meta property=\"og:url\" content=\"https:\/\/zapateneo.net\/wordpress\/index.php\/producto\/dias-de-suenos-y-de-plomo\/\" \/>\n<meta property=\"og:site_name\" content=\"Zapateneo\" \/>\n<meta property=\"article:modified_time\" content=\"2022-01-02T18:48:49+00:00\" \/>\n<meta property=\"og:image\" content=\"https:\/\/zapateneo.net\/wordpress\/wp-content\/uploads\/2021\/11\/9788492559657.png\" \/>\n\t<meta property=\"og:image:width\" content=\"277\" \/>\n\t<meta property=\"og:image:height\" content=\"400\" \/>\n\t<meta property=\"og:image:type\" content=\"image\/png\" \/>\n<meta name=\"twitter:card\" content=\"summary_large_image\" \/>\n<meta name=\"twitter:site\" content=\"@zapateneo\" \/>\n<meta name=\"twitter:label1\" content=\"Tiempo de lectura\" \/>\n\t<meta name=\"twitter:data1\" content=\"2 minutos\" \/>\n<script type=\"application\/ld+json\" class=\"yoast-schema-graph\">{\"@context\":\"https:\\\/\\\/schema.org\",\"@graph\":[{\"@type\":\"WebPage\",\"@id\":\"https:\\\/\\\/zapateneo.net\\\/wordpress\\\/index.php\\\/producto\\\/dias-de-suenos-y-de-plomo\\\/\",\"url\":\"https:\\\/\\\/zapateneo.net\\\/wordpress\\\/index.php\\\/producto\\\/dias-de-suenos-y-de-plomo\\\/\",\"name\":\"D\u00edas de sue\u00f1os y de plomo &#8212; Zapateneo\",\"isPartOf\":{\"@id\":\"https:\\\/\\\/zapateneo.net\\\/wordpress\\\/#website\"},\"primaryImageOfPage\":{\"@id\":\"https:\\\/\\\/zapateneo.net\\\/wordpress\\\/index.php\\\/producto\\\/dias-de-suenos-y-de-plomo\\\/#primaryimage\"},\"image\":{\"@id\":\"https:\\\/\\\/zapateneo.net\\\/wordpress\\\/index.php\\\/producto\\\/dias-de-suenos-y-de-plomo\\\/#primaryimage\"},\"thumbnailUrl\":\"https:\\\/\\\/zapateneo.net\\\/wordpress\\\/wp-content\\\/uploads\\\/2021\\\/11\\\/9788492559657.png\",\"datePublished\":\"2021-11-01T16:20:43+00:00\",\"dateModified\":\"2022-01-02T18:48:49+00:00\",\"breadcrumb\":{\"@id\":\"https:\\\/\\\/zapateneo.net\\\/wordpress\\\/index.php\\\/producto\\\/dias-de-suenos-y-de-plomo\\\/#breadcrumb\"},\"inLanguage\":\"es\",\"potentialAction\":[{\"@type\":\"ReadAction\",\"target\":[\"https:\\\/\\\/zapateneo.net\\\/wordpress\\\/index.php\\\/producto\\\/dias-de-suenos-y-de-plomo\\\/\"]}]},{\"@type\":\"ImageObject\",\"inLanguage\":\"es\",\"@id\":\"https:\\\/\\\/zapateneo.net\\\/wordpress\\\/index.php\\\/producto\\\/dias-de-suenos-y-de-plomo\\\/#primaryimage\",\"url\":\"https:\\\/\\\/zapateneo.net\\\/wordpress\\\/wp-content\\\/uploads\\\/2021\\\/11\\\/9788492559657.png\",\"contentUrl\":\"https:\\\/\\\/zapateneo.net\\\/wordpress\\\/wp-content\\\/uploads\\\/2021\\\/11\\\/9788492559657.png\",\"width\":277,\"height\":400},{\"@type\":\"BreadcrumbList\",\"@id\":\"https:\\\/\\\/zapateneo.net\\\/wordpress\\\/index.php\\\/producto\\\/dias-de-suenos-y-de-plomo\\\/#breadcrumb\",\"itemListElement\":[{\"@type\":\"ListItem\",\"position\":1,\"name\":\"Portada\",\"item\":\"https:\\\/\\\/zapateneo.net\\\/wordpress\\\/\"},{\"@type\":\"ListItem\",\"position\":2,\"name\":\"Tienda\",\"item\":\"https:\\\/\\\/zapateneo.net\\\/wordpress\\\/\"},{\"@type\":\"ListItem\",\"position\":3,\"name\":\"D\u00edas de sue\u00f1os y de plomo\"}]},{\"@type\":\"WebSite\",\"@id\":\"https:\\\/\\\/zapateneo.net\\\/wordpress\\\/#website\",\"url\":\"https:\\\/\\\/zapateneo.net\\\/wordpress\\\/\",\"name\":\"Zapateneo\",\"description\":\"Zapateneoaren webgunea\",\"publisher\":{\"@id\":\"https:\\\/\\\/zapateneo.net\\\/wordpress\\\/#organization\"},\"potentialAction\":[{\"@type\":\"SearchAction\",\"target\":{\"@type\":\"EntryPoint\",\"urlTemplate\":\"https:\\\/\\\/zapateneo.net\\\/wordpress\\\/?s={search_term_string}\"},\"query-input\":{\"@type\":\"PropertyValueSpecification\",\"valueRequired\":true,\"valueName\":\"search_term_string\"}}],\"inLanguage\":\"es\"},{\"@type\":\"Organization\",\"@id\":\"https:\\\/\\\/zapateneo.net\\\/wordpress\\\/#organization\",\"name\":\"Zapateneo Kultur Elkartea\",\"url\":\"https:\\\/\\\/zapateneo.net\\\/wordpress\\\/\",\"logo\":{\"@type\":\"ImageObject\",\"inLanguage\":\"es\",\"@id\":\"https:\\\/\\\/zapateneo.net\\\/wordpress\\\/#\\\/schema\\\/logo\\\/image\\\/\",\"url\":\"https:\\\/\\\/zapateneo.net\\\/wordpress\\\/wp-content\\\/uploads\\\/2021\\\/04\\\/zap-libu-kolec.jpg\",\"contentUrl\":\"https:\\\/\\\/zapateneo.net\\\/wordpress\\\/wp-content\\\/uploads\\\/2021\\\/04\\\/zap-libu-kolec.jpg\",\"width\":2234,\"height\":398,\"caption\":\"Zapateneo Kultur Elkartea\"},\"image\":{\"@id\":\"https:\\\/\\\/zapateneo.net\\\/wordpress\\\/#\\\/schema\\\/logo\\\/image\\\/\"},\"sameAs\":[\"https:\\\/\\\/x.com\\\/zapateneo\"]}]}<\/script>\n<!-- \/ Yoast SEO plugin. -->","yoast_head_json":{"title":"D\u00edas de sue\u00f1os y de plomo &#8212; Zapateneo","robots":{"index":"index","follow":"follow","max-snippet":"max-snippet:-1","max-image-preview":"max-image-preview:large","max-video-preview":"max-video-preview:-1"},"canonical":"https:\/\/zapateneo.net\/wordpress\/index.php\/producto\/dias-de-suenos-y-de-plomo\/","og_locale":"es_ES","og_type":"article","og_title":"D\u00edas de sue\u00f1os y de plomo &#8212; Zapateneo","og_description":"Alessandro Stella 9788492559657 - Virus - 2015 - 182 p\u00e1ginas \/orri.","og_url":"https:\/\/zapateneo.net\/wordpress\/index.php\/producto\/dias-de-suenos-y-de-plomo\/","og_site_name":"Zapateneo","article_modified_time":"2022-01-02T18:48:49+00:00","og_image":[{"width":277,"height":400,"url":"https:\/\/zapateneo.net\/wordpress\/wp-content\/uploads\/2021\/11\/9788492559657.png","type":"image\/png"}],"twitter_card":"summary_large_image","twitter_site":"@zapateneo","twitter_misc":{"Tiempo de lectura":"2 minutos"},"schema":{"@context":"https:\/\/schema.org","@graph":[{"@type":"WebPage","@id":"https:\/\/zapateneo.net\/wordpress\/index.php\/producto\/dias-de-suenos-y-de-plomo\/","url":"https:\/\/zapateneo.net\/wordpress\/index.php\/producto\/dias-de-suenos-y-de-plomo\/","name":"D\u00edas de sue\u00f1os y de plomo &#8212; Zapateneo","isPartOf":{"@id":"https:\/\/zapateneo.net\/wordpress\/#website"},"primaryImageOfPage":{"@id":"https:\/\/zapateneo.net\/wordpress\/index.php\/producto\/dias-de-suenos-y-de-plomo\/#primaryimage"},"image":{"@id":"https:\/\/zapateneo.net\/wordpress\/index.php\/producto\/dias-de-suenos-y-de-plomo\/#primaryimage"},"thumbnailUrl":"https:\/\/zapateneo.net\/wordpress\/wp-content\/uploads\/2021\/11\/9788492559657.png","datePublished":"2021-11-01T16:20:43+00:00","dateModified":"2022-01-02T18:48:49+00:00","breadcrumb":{"@id":"https:\/\/zapateneo.net\/wordpress\/index.php\/producto\/dias-de-suenos-y-de-plomo\/#breadcrumb"},"inLanguage":"es","potentialAction":[{"@type":"ReadAction","target":["https:\/\/zapateneo.net\/wordpress\/index.php\/producto\/dias-de-suenos-y-de-plomo\/"]}]},{"@type":"ImageObject","inLanguage":"es","@id":"https:\/\/zapateneo.net\/wordpress\/index.php\/producto\/dias-de-suenos-y-de-plomo\/#primaryimage","url":"https:\/\/zapateneo.net\/wordpress\/wp-content\/uploads\/2021\/11\/9788492559657.png","contentUrl":"https:\/\/zapateneo.net\/wordpress\/wp-content\/uploads\/2021\/11\/9788492559657.png","width":277,"height":400},{"@type":"BreadcrumbList","@id":"https:\/\/zapateneo.net\/wordpress\/index.php\/producto\/dias-de-suenos-y-de-plomo\/#breadcrumb","itemListElement":[{"@type":"ListItem","position":1,"name":"Portada","item":"https:\/\/zapateneo.net\/wordpress\/"},{"@type":"ListItem","position":2,"name":"Tienda","item":"https:\/\/zapateneo.net\/wordpress\/"},{"@type":"ListItem","position":3,"name":"D\u00edas de sue\u00f1os y de plomo"}]},{"@type":"WebSite","@id":"https:\/\/zapateneo.net\/wordpress\/#website","url":"https:\/\/zapateneo.net\/wordpress\/","name":"Zapateneo","description":"Zapateneoaren webgunea","publisher":{"@id":"https:\/\/zapateneo.net\/wordpress\/#organization"},"potentialAction":[{"@type":"SearchAction","target":{"@type":"EntryPoint","urlTemplate":"https:\/\/zapateneo.net\/wordpress\/?s={search_term_string}"},"query-input":{"@type":"PropertyValueSpecification","valueRequired":true,"valueName":"search_term_string"}}],"inLanguage":"es"},{"@type":"Organization","@id":"https:\/\/zapateneo.net\/wordpress\/#organization","name":"Zapateneo Kultur Elkartea","url":"https:\/\/zapateneo.net\/wordpress\/","logo":{"@type":"ImageObject","inLanguage":"es","@id":"https:\/\/zapateneo.net\/wordpress\/#\/schema\/logo\/image\/","url":"https:\/\/zapateneo.net\/wordpress\/wp-content\/uploads\/2021\/04\/zap-libu-kolec.jpg","contentUrl":"https:\/\/zapateneo.net\/wordpress\/wp-content\/uploads\/2021\/04\/zap-libu-kolec.jpg","width":2234,"height":398,"caption":"Zapateneo Kultur Elkartea"},"image":{"@id":"https:\/\/zapateneo.net\/wordpress\/#\/schema\/logo\/image\/"},"sameAs":["https:\/\/x.com\/zapateneo"]}]}},"_links":{"self":[{"href":"https:\/\/zapateneo.net\/wordpress\/index.php\/wp-json\/wp\/v2\/product\/8968","targetHints":{"allow":["GET"]}}],"collection":[{"href":"https:\/\/zapateneo.net\/wordpress\/index.php\/wp-json\/wp\/v2\/product"}],"about":[{"href":"https:\/\/zapateneo.net\/wordpress\/index.php\/wp-json\/wp\/v2\/types\/product"}],"wp:featuredmedia":[{"embeddable":true,"href":"https:\/\/zapateneo.net\/wordpress\/index.php\/wp-json\/wp\/v2\/media\/8976"}],"wp:attachment":[{"href":"https:\/\/zapateneo.net\/wordpress\/index.php\/wp-json\/wp\/v2\/media?parent=8968"}],"wp:term":[{"taxonomy":"product_brand","embeddable":true,"href":"https:\/\/zapateneo.net\/wordpress\/index.php\/wp-json\/wp\/v2\/product_brand?post=8968"},{"taxonomy":"product_cat","embeddable":true,"href":"https:\/\/zapateneo.net\/wordpress\/index.php\/wp-json\/wp\/v2\/product_cat?post=8968"},{"taxonomy":"product_tag","embeddable":true,"href":"https:\/\/zapateneo.net\/wordpress\/index.php\/wp-json\/wp\/v2\/product_tag?post=8968"}],"curies":[{"name":"wp","href":"https:\/\/api.w.org\/{rel}","templated":true}]}}