{"id":8967,"date":"2021-11-01T17:20:43","date_gmt":"2021-11-01T16:20:43","guid":{"rendered":"https:\/\/zapateneo.net\/wordpress\/?post_type=product&#038;p=8967"},"modified":"2022-09-05T17:26:37","modified_gmt":"2022-09-05T16:26:37","slug":"el-discreto-encanto-de-la-politica-critica-de-izquierda-autoritaria-1967-1974-ruedo-iberico-edi","status":"publish","type":"product","link":"https:\/\/zapateneo.net\/wordpress\/index.php\/producto\/el-discreto-encanto-de-la-politica-critica-de-izquierda-autoritaria-1967-1974-ruedo-iberico-edi\/","title":{"rendered":"El discreto encanto de la pol\u00edtica.  Cr\u00edtica de izquierda autoritaria 1967-1974 Ruedo ib\u00e9rico. Edi"},"content":{"rendered":"<p>El discreto encanto de la pol\u00edtica es una reflexi\u00f3n urgente y a contracorriente. La \u00abnueva pol\u00edtica\u00bb es tan sugerente y \u00abespectacular\u00bb como vac\u00eda y desilusionante. Santiago L\u00f3pez Petit reflexiona sobre los l\u00edmites de esta nueva izquierda. Un texto que precede al facs\u00edmil de la edici\u00f3n original de Cr\u00edtica de la izquierda autoritaria en Catalu\u00f1a 1967-1974, escrito hace 40 a\u00f1os. D\u00edaz Valc\u00e1rcel y L\u00f3pez Petit tuvieron que utilizar pseud\u00f3nimos para publicar este texto con Ruedo Ib\u00e9rico.<\/p>\n<p>Eran los \u00faltimos a\u00f1os del franquismo y las organizaciones de ra\u00edz leninista ten\u00edan la hegemon\u00eda en la oposici\u00f3n al r\u00e9gimen. Tanto los marxista-leninistas de Bandera Roja como los trotskistas de la Liga Comunista Revolucionaria o los maoistas del Partido Comunista de Espa\u00f1a (internacional) eran partidos fuertemente jerarquizados y con pr\u00e1cticas internas autoritarias. Este libro describe las miserias y los sinsabores de esa izquierda ortodoxa. Una obra provocadora que se ha convertido en un documento hist\u00f3rico necesario para entender la izquierda de esos a\u00f1os.<\/p>\n<p>\u00bfConocer los usos y abusos de esa izquierda puede ayudarnos a hacer una lectura cr\u00edtica de las fuerzas emergentes del presente?<\/p>\n","protected":false},"excerpt":{"rendered":"<p><strong>Santiago L\u00f3pez Petit<\/strong><br \/>\n9788498887082 &#8211; Icaria &#8211; 2016 &#8211; 228 p\u00e1ginas \/orri.<\/p>\n","protected":false},"featured_media":8975,"template":"","meta":[],"product_brand":[],"product_cat":[185,16],"product_tag":[643,1025],"class_list":{"0":"post-8967","1":"product","2":"type-product","3":"status-publish","4":"has-post-thumbnail","6":"product_cat-historia","7":"product_cat-libros","8":"product_tag-icaria","9":"product_tag-santiago-lopez-petit","11":"first","12":"onbackorder","13":"sold-individually","14":"shipping-taxable","15":"purchasable","16":"product-type-simple"},"yoast_head":"<!-- This site is optimized with the Yoast SEO plugin v27.3 - https:\/\/yoast.com\/product\/yoast-seo-wordpress\/ -->\n<title>El discreto encanto de la pol\u00edtica. Cr\u00edtica de izquierda autoritaria 1967-1974 Ruedo ib\u00e9rico. Edi &#8212; Zapateneo<\/title>\n<meta name=\"robots\" content=\"index, follow, max-snippet:-1, max-image-preview:large, max-video-preview:-1\" \/>\n<link rel=\"canonical\" href=\"https:\/\/zapateneo.net\/wordpress\/index.php\/producto\/el-discreto-encanto-de-la-politica-critica-de-izquierda-autoritaria-1967-1974-ruedo-iberico-edi\/\" \/>\n<meta property=\"og:locale\" content=\"es_ES\" \/>\n<meta property=\"og:type\" content=\"article\" \/>\n<meta property=\"og:title\" content=\"El discreto encanto de la pol\u00edtica. Cr\u00edtica de izquierda autoritaria 1967-1974 Ruedo ib\u00e9rico. Edi &#8212; Zapateneo\" \/>\n<meta property=\"og:description\" content=\"Santiago L\u00f3pez Petit 9788498887082 - Icaria - 2016 - 228 p\u00e1ginas \/orri.\" \/>\n<meta property=\"og:url\" content=\"https:\/\/zapateneo.net\/wordpress\/index.php\/producto\/el-discreto-encanto-de-la-politica-critica-de-izquierda-autoritaria-1967-1974-ruedo-iberico-edi\/\" \/>\n<meta property=\"og:site_name\" content=\"Zapateneo\" \/>\n<meta property=\"article:modified_time\" content=\"2022-09-05T16:26:37+00:00\" \/>\n<meta property=\"og:image\" content=\"https:\/\/zapateneo.net\/wordpress\/wp-content\/uploads\/2021\/11\/9788498887082.png\" \/>\n\t<meta property=\"og:image:width\" content=\"244\" \/>\n\t<meta property=\"og:image:height\" content=\"400\" \/>\n\t<meta property=\"og:image:type\" content=\"image\/png\" \/>\n<meta name=\"twitter:card\" content=\"summary_large_image\" \/>\n<meta name=\"twitter:site\" content=\"@zapateneo\" \/>\n<meta name=\"twitter:label1\" content=\"Tiempo de lectura\" \/>\n\t<meta name=\"twitter:data1\" content=\"1 minuto\" \/>\n<script type=\"application\/ld+json\" class=\"yoast-schema-graph\">{\"@context\":\"https:\\\/\\\/schema.org\",\"@graph\":[{\"@type\":\"WebPage\",\"@id\":\"https:\\\/\\\/zapateneo.net\\\/wordpress\\\/index.php\\\/producto\\\/el-discreto-encanto-de-la-politica-critica-de-izquierda-autoritaria-1967-1974-ruedo-iberico-edi\\\/\",\"url\":\"https:\\\/\\\/zapateneo.net\\\/wordpress\\\/index.php\\\/producto\\\/el-discreto-encanto-de-la-politica-critica-de-izquierda-autoritaria-1967-1974-ruedo-iberico-edi\\\/\",\"name\":\"El discreto encanto de la pol\u00edtica. Cr\u00edtica de izquierda autoritaria 1967-1974 Ruedo ib\u00e9rico. Edi &#8212; Zapateneo\",\"isPartOf\":{\"@id\":\"https:\\\/\\\/zapateneo.net\\\/wordpress\\\/#website\"},\"primaryImageOfPage\":{\"@id\":\"https:\\\/\\\/zapateneo.net\\\/wordpress\\\/index.php\\\/producto\\\/el-discreto-encanto-de-la-politica-critica-de-izquierda-autoritaria-1967-1974-ruedo-iberico-edi\\\/#primaryimage\"},\"image\":{\"@id\":\"https:\\\/\\\/zapateneo.net\\\/wordpress\\\/index.php\\\/producto\\\/el-discreto-encanto-de-la-politica-critica-de-izquierda-autoritaria-1967-1974-ruedo-iberico-edi\\\/#primaryimage\"},\"thumbnailUrl\":\"https:\\\/\\\/zapateneo.net\\\/wordpress\\\/wp-content\\\/uploads\\\/2021\\\/11\\\/9788498887082.png\",\"datePublished\":\"2021-11-01T16:20:43+00:00\",\"dateModified\":\"2022-09-05T16:26:37+00:00\",\"breadcrumb\":{\"@id\":\"https:\\\/\\\/zapateneo.net\\\/wordpress\\\/index.php\\\/producto\\\/el-discreto-encanto-de-la-politica-critica-de-izquierda-autoritaria-1967-1974-ruedo-iberico-edi\\\/#breadcrumb\"},\"inLanguage\":\"es\",\"potentialAction\":[{\"@type\":\"ReadAction\",\"target\":[\"https:\\\/\\\/zapateneo.net\\\/wordpress\\\/index.php\\\/producto\\\/el-discreto-encanto-de-la-politica-critica-de-izquierda-autoritaria-1967-1974-ruedo-iberico-edi\\\/\"]}]},{\"@type\":\"ImageObject\",\"inLanguage\":\"es\",\"@id\":\"https:\\\/\\\/zapateneo.net\\\/wordpress\\\/index.php\\\/producto\\\/el-discreto-encanto-de-la-politica-critica-de-izquierda-autoritaria-1967-1974-ruedo-iberico-edi\\\/#primaryimage\",\"url\":\"https:\\\/\\\/zapateneo.net\\\/wordpress\\\/wp-content\\\/uploads\\\/2021\\\/11\\\/9788498887082.png\",\"contentUrl\":\"https:\\\/\\\/zapateneo.net\\\/wordpress\\\/wp-content\\\/uploads\\\/2021\\\/11\\\/9788498887082.png\",\"width\":244,\"height\":400},{\"@type\":\"BreadcrumbList\",\"@id\":\"https:\\\/\\\/zapateneo.net\\\/wordpress\\\/index.php\\\/producto\\\/el-discreto-encanto-de-la-politica-critica-de-izquierda-autoritaria-1967-1974-ruedo-iberico-edi\\\/#breadcrumb\",\"itemListElement\":[{\"@type\":\"ListItem\",\"position\":1,\"name\":\"Portada\",\"item\":\"https:\\\/\\\/zapateneo.net\\\/wordpress\\\/\"},{\"@type\":\"ListItem\",\"position\":2,\"name\":\"Tienda\",\"item\":\"https:\\\/\\\/zapateneo.net\\\/wordpress\\\/\"},{\"@type\":\"ListItem\",\"position\":3,\"name\":\"El discreto encanto de la pol\u00edtica. Cr\u00edtica de izquierda autoritaria 1967-1974 Ruedo ib\u00e9rico. Edi\"}]},{\"@type\":\"WebSite\",\"@id\":\"https:\\\/\\\/zapateneo.net\\\/wordpress\\\/#website\",\"url\":\"https:\\\/\\\/zapateneo.net\\\/wordpress\\\/\",\"name\":\"Zapateneo\",\"description\":\"Zapateneoaren webgunea\",\"publisher\":{\"@id\":\"https:\\\/\\\/zapateneo.net\\\/wordpress\\\/#organization\"},\"potentialAction\":[{\"@type\":\"SearchAction\",\"target\":{\"@type\":\"EntryPoint\",\"urlTemplate\":\"https:\\\/\\\/zapateneo.net\\\/wordpress\\\/?s={search_term_string}\"},\"query-input\":{\"@type\":\"PropertyValueSpecification\",\"valueRequired\":true,\"valueName\":\"search_term_string\"}}],\"inLanguage\":\"es\"},{\"@type\":\"Organization\",\"@id\":\"https:\\\/\\\/zapateneo.net\\\/wordpress\\\/#organization\",\"name\":\"Zapateneo Kultur Elkartea\",\"url\":\"https:\\\/\\\/zapateneo.net\\\/wordpress\\\/\",\"logo\":{\"@type\":\"ImageObject\",\"inLanguage\":\"es\",\"@id\":\"https:\\\/\\\/zapateneo.net\\\/wordpress\\\/#\\\/schema\\\/logo\\\/image\\\/\",\"url\":\"https:\\\/\\\/zapateneo.net\\\/wordpress\\\/wp-content\\\/uploads\\\/2021\\\/04\\\/zap-libu-kolec.jpg\",\"contentUrl\":\"https:\\\/\\\/zapateneo.net\\\/wordpress\\\/wp-content\\\/uploads\\\/2021\\\/04\\\/zap-libu-kolec.jpg\",\"width\":2234,\"height\":398,\"caption\":\"Zapateneo Kultur Elkartea\"},\"image\":{\"@id\":\"https:\\\/\\\/zapateneo.net\\\/wordpress\\\/#\\\/schema\\\/logo\\\/image\\\/\"},\"sameAs\":[\"https:\\\/\\\/x.com\\\/zapateneo\"]}]}<\/script>\n<!-- \/ Yoast SEO plugin. -->","yoast_head_json":{"title":"El discreto encanto de la pol\u00edtica. Cr\u00edtica de izquierda autoritaria 1967-1974 Ruedo ib\u00e9rico. Edi &#8212; Zapateneo","robots":{"index":"index","follow":"follow","max-snippet":"max-snippet:-1","max-image-preview":"max-image-preview:large","max-video-preview":"max-video-preview:-1"},"canonical":"https:\/\/zapateneo.net\/wordpress\/index.php\/producto\/el-discreto-encanto-de-la-politica-critica-de-izquierda-autoritaria-1967-1974-ruedo-iberico-edi\/","og_locale":"es_ES","og_type":"article","og_title":"El discreto encanto de la pol\u00edtica. Cr\u00edtica de izquierda autoritaria 1967-1974 Ruedo ib\u00e9rico. Edi &#8212; Zapateneo","og_description":"Santiago L\u00f3pez Petit 9788498887082 - Icaria - 2016 - 228 p\u00e1ginas \/orri.","og_url":"https:\/\/zapateneo.net\/wordpress\/index.php\/producto\/el-discreto-encanto-de-la-politica-critica-de-izquierda-autoritaria-1967-1974-ruedo-iberico-edi\/","og_site_name":"Zapateneo","article_modified_time":"2022-09-05T16:26:37+00:00","og_image":[{"width":244,"height":400,"url":"https:\/\/zapateneo.net\/wordpress\/wp-content\/uploads\/2021\/11\/9788498887082.png","type":"image\/png"}],"twitter_card":"summary_large_image","twitter_site":"@zapateneo","twitter_misc":{"Tiempo de lectura":"1 minuto"},"schema":{"@context":"https:\/\/schema.org","@graph":[{"@type":"WebPage","@id":"https:\/\/zapateneo.net\/wordpress\/index.php\/producto\/el-discreto-encanto-de-la-politica-critica-de-izquierda-autoritaria-1967-1974-ruedo-iberico-edi\/","url":"https:\/\/zapateneo.net\/wordpress\/index.php\/producto\/el-discreto-encanto-de-la-politica-critica-de-izquierda-autoritaria-1967-1974-ruedo-iberico-edi\/","name":"El discreto encanto de la pol\u00edtica. Cr\u00edtica de izquierda autoritaria 1967-1974 Ruedo ib\u00e9rico. Edi &#8212; Zapateneo","isPartOf":{"@id":"https:\/\/zapateneo.net\/wordpress\/#website"},"primaryImageOfPage":{"@id":"https:\/\/zapateneo.net\/wordpress\/index.php\/producto\/el-discreto-encanto-de-la-politica-critica-de-izquierda-autoritaria-1967-1974-ruedo-iberico-edi\/#primaryimage"},"image":{"@id":"https:\/\/zapateneo.net\/wordpress\/index.php\/producto\/el-discreto-encanto-de-la-politica-critica-de-izquierda-autoritaria-1967-1974-ruedo-iberico-edi\/#primaryimage"},"thumbnailUrl":"https:\/\/zapateneo.net\/wordpress\/wp-content\/uploads\/2021\/11\/9788498887082.png","datePublished":"2021-11-01T16:20:43+00:00","dateModified":"2022-09-05T16:26:37+00:00","breadcrumb":{"@id":"https:\/\/zapateneo.net\/wordpress\/index.php\/producto\/el-discreto-encanto-de-la-politica-critica-de-izquierda-autoritaria-1967-1974-ruedo-iberico-edi\/#breadcrumb"},"inLanguage":"es","potentialAction":[{"@type":"ReadAction","target":["https:\/\/zapateneo.net\/wordpress\/index.php\/producto\/el-discreto-encanto-de-la-politica-critica-de-izquierda-autoritaria-1967-1974-ruedo-iberico-edi\/"]}]},{"@type":"ImageObject","inLanguage":"es","@id":"https:\/\/zapateneo.net\/wordpress\/index.php\/producto\/el-discreto-encanto-de-la-politica-critica-de-izquierda-autoritaria-1967-1974-ruedo-iberico-edi\/#primaryimage","url":"https:\/\/zapateneo.net\/wordpress\/wp-content\/uploads\/2021\/11\/9788498887082.png","contentUrl":"https:\/\/zapateneo.net\/wordpress\/wp-content\/uploads\/2021\/11\/9788498887082.png","width":244,"height":400},{"@type":"BreadcrumbList","@id":"https:\/\/zapateneo.net\/wordpress\/index.php\/producto\/el-discreto-encanto-de-la-politica-critica-de-izquierda-autoritaria-1967-1974-ruedo-iberico-edi\/#breadcrumb","itemListElement":[{"@type":"ListItem","position":1,"name":"Portada","item":"https:\/\/zapateneo.net\/wordpress\/"},{"@type":"ListItem","position":2,"name":"Tienda","item":"https:\/\/zapateneo.net\/wordpress\/"},{"@type":"ListItem","position":3,"name":"El discreto encanto de la pol\u00edtica. Cr\u00edtica de izquierda autoritaria 1967-1974 Ruedo ib\u00e9rico. Edi"}]},{"@type":"WebSite","@id":"https:\/\/zapateneo.net\/wordpress\/#website","url":"https:\/\/zapateneo.net\/wordpress\/","name":"Zapateneo","description":"Zapateneoaren webgunea","publisher":{"@id":"https:\/\/zapateneo.net\/wordpress\/#organization"},"potentialAction":[{"@type":"SearchAction","target":{"@type":"EntryPoint","urlTemplate":"https:\/\/zapateneo.net\/wordpress\/?s={search_term_string}"},"query-input":{"@type":"PropertyValueSpecification","valueRequired":true,"valueName":"search_term_string"}}],"inLanguage":"es"},{"@type":"Organization","@id":"https:\/\/zapateneo.net\/wordpress\/#organization","name":"Zapateneo Kultur Elkartea","url":"https:\/\/zapateneo.net\/wordpress\/","logo":{"@type":"ImageObject","inLanguage":"es","@id":"https:\/\/zapateneo.net\/wordpress\/#\/schema\/logo\/image\/","url":"https:\/\/zapateneo.net\/wordpress\/wp-content\/uploads\/2021\/04\/zap-libu-kolec.jpg","contentUrl":"https:\/\/zapateneo.net\/wordpress\/wp-content\/uploads\/2021\/04\/zap-libu-kolec.jpg","width":2234,"height":398,"caption":"Zapateneo Kultur Elkartea"},"image":{"@id":"https:\/\/zapateneo.net\/wordpress\/#\/schema\/logo\/image\/"},"sameAs":["https:\/\/x.com\/zapateneo"]}]}},"_links":{"self":[{"href":"https:\/\/zapateneo.net\/wordpress\/index.php\/wp-json\/wp\/v2\/product\/8967","targetHints":{"allow":["GET"]}}],"collection":[{"href":"https:\/\/zapateneo.net\/wordpress\/index.php\/wp-json\/wp\/v2\/product"}],"about":[{"href":"https:\/\/zapateneo.net\/wordpress\/index.php\/wp-json\/wp\/v2\/types\/product"}],"wp:featuredmedia":[{"embeddable":true,"href":"https:\/\/zapateneo.net\/wordpress\/index.php\/wp-json\/wp\/v2\/media\/8975"}],"wp:attachment":[{"href":"https:\/\/zapateneo.net\/wordpress\/index.php\/wp-json\/wp\/v2\/media?parent=8967"}],"wp:term":[{"taxonomy":"product_brand","embeddable":true,"href":"https:\/\/zapateneo.net\/wordpress\/index.php\/wp-json\/wp\/v2\/product_brand?post=8967"},{"taxonomy":"product_cat","embeddable":true,"href":"https:\/\/zapateneo.net\/wordpress\/index.php\/wp-json\/wp\/v2\/product_cat?post=8967"},{"taxonomy":"product_tag","embeddable":true,"href":"https:\/\/zapateneo.net\/wordpress\/index.php\/wp-json\/wp\/v2\/product_tag?post=8967"}],"curies":[{"name":"wp","href":"https:\/\/api.w.org\/{rel}","templated":true}]}}