{"id":8966,"date":"2021-11-01T17:20:43","date_gmt":"2021-11-01T16:20:43","guid":{"rendered":"https:\/\/zapateneo.net\/wordpress\/?post_type=product&#038;p=8966"},"modified":"2022-01-02T19:50:03","modified_gmt":"2022-01-02T18:50:03","slug":"partisanas-2","status":"publish","type":"product","link":"https:\/\/zapateneo.net\/wordpress\/index.php\/producto\/partisanas-2\/","title":{"rendered":"Partisanas"},"content":{"rendered":"<p>Hannie Schaft, conocida como \u00abla chica pelirroja\u00bb, era a sus veinte a\u00f1os una de las terroristas m\u00e1s buscadas por la Gestapo en los Pa\u00edses Bajos. En Varsovia los ejecutores de la soluci\u00f3n final intentaban atrapar a \u00abla peque\u00f1a Wanda con las trenzas rubias\u00bb, que se llamaba Niuta Tejtelbojm, ten\u00eda veinte a\u00f1os y era jud\u00eda.<\/p>\n<p>En los frentes de la Guerra Civil espa\u00f1ola, los militares facciosos de Franco se las ten\u00edan que ver con milicianas de diecis\u00e9is a\u00f1os. En los guetos del este de Europa, en los Pa\u00edses Bajos, en el ej\u00e9rcito partisano de Tito, de Lyon a Bialystok, muchas mujeres empu\u00f1aron las armas contra el terror nacionalsocialista y fascista.<\/p>\n<p>Pero la derrota del fascismo no signific\u00f3 el reconocimiento de su labor en la resistencia armada. La guerra fr\u00eda ya dominaba la l\u00f3gica pol\u00edtica y los homenajes y el recuerdo hist\u00f3rico se limitaron generalmente a celebrar la oposici\u00f3n controlada por los aliados. La resistencia comunista y anarquista fue cubierta con un manto de olvido, cuando no perseguida durante la posguerra; y de la mujer se esperaba su vuelta silenciosa al hogar, ignorada muchas veces su labor en la guerra hasta por sus propios camaradas. Hab\u00edan cuestionado demasiado profundamente su rol de seres pac\u00edficos e indefensos, y durante a\u00f1os s\u00f3lo merecieron el desprecio o el silencio de la historiograf\u00eda de la resistencia.<\/p>\n<p>Partisanas nos adentra en un cap\u00edtulo silenciado de nuestra historia reciente, rindiendo un merecido homenaje a toda una generaci\u00f3n de luchadoras.<\/p>\n<p>ingrid-strobl<\/p>\n<p>Ingrid Strobl (Austria, 1952) es periodista, historiadora y cineasta. Ha investigado sobre cuestiones de g\u00e9nero, pol\u00edticas demogr\u00e1ficas y migratorias, experimentaci\u00f3n gen\u00e9tica, antisemitismo o sobre las mujeres en la resistencia armada al nazismo. Con Virus ha publicado Fruto extra\u00f1o. Sobre la pol\u00edtica demogr\u00e1fica y de control de poblaci\u00f3n (1994) y Partisanas. De su trabajo como cineasta, se ha traducido al castellano \u00abMir zeynen do.\u00bb El levantamiento del gueto y las partisanas jud\u00edas de Bialystok (KAOS Film und Video Team, 1992). En la actualidad, sigue escribiendo y parte de su trabajo puede leerse en el blog ingridstrobl.wordpress.com.<\/p>\n<p>Ep\u00edlogo de Dolors Mar\u00edn<\/p>\n<h2><a href=\"https:\/\/www.viruseditorial.net\/es\/editorial\/descargar-pdf\" target=\"_blank\" rel=\"noopener\">Libro en libre descarga de Virus Editorial<\/a><\/h2>\n","protected":false},"excerpt":{"rendered":"<p><strong>Ingrid Strobl<\/strong><br \/>\n9788492559640 &#8211; Virus &#8211; 2015 &#8211; 519 p\u00e1ginas \/orri.<\/p>\n","protected":false},"featured_media":8974,"template":"","meta":[],"product_brand":[],"product_cat":[185,16],"product_tag":[4626,4748,57],"class_list":{"0":"post-8966","1":"product","2":"type-product","3":"status-publish","4":"has-post-thumbnail","6":"product_cat-historia","7":"product_cat-libros","8":"product_tag-deskargak","9":"product_tag-ingrid-strobl","10":"product_tag-virus","12":"first","13":"instock","14":"sold-individually","15":"shipping-taxable","16":"purchasable","17":"product-type-simple"},"yoast_head":"<!-- This site is optimized with the Yoast SEO plugin v27.3 - https:\/\/yoast.com\/product\/yoast-seo-wordpress\/ -->\n<title>Partisanas &#8212; Zapateneo<\/title>\n<meta name=\"robots\" content=\"index, follow, max-snippet:-1, max-image-preview:large, max-video-preview:-1\" \/>\n<link rel=\"canonical\" href=\"https:\/\/zapateneo.net\/wordpress\/index.php\/producto\/partisanas-2\/\" \/>\n<meta property=\"og:locale\" content=\"es_ES\" \/>\n<meta property=\"og:type\" content=\"article\" \/>\n<meta property=\"og:title\" content=\"Partisanas &#8212; Zapateneo\" \/>\n<meta property=\"og:description\" content=\"Ingrid Strobl 9788492559640 - Virus - 2015 - 519 p\u00e1ginas \/orri.\" \/>\n<meta property=\"og:url\" content=\"https:\/\/zapateneo.net\/wordpress\/index.php\/producto\/partisanas-2\/\" \/>\n<meta property=\"og:site_name\" content=\"Zapateneo\" \/>\n<meta property=\"article:modified_time\" content=\"2022-01-02T18:50:03+00:00\" \/>\n<meta property=\"og:image\" content=\"https:\/\/zapateneo.net\/wordpress\/wp-content\/uploads\/2021\/11\/9788492559640.png\" \/>\n\t<meta property=\"og:image:width\" content=\"268\" \/>\n\t<meta property=\"og:image:height\" content=\"400\" \/>\n\t<meta property=\"og:image:type\" content=\"image\/png\" \/>\n<meta name=\"twitter:card\" content=\"summary_large_image\" \/>\n<meta name=\"twitter:site\" content=\"@zapateneo\" \/>\n<meta name=\"twitter:label1\" content=\"Tiempo de lectura\" \/>\n\t<meta name=\"twitter:data1\" content=\"2 minutos\" \/>\n<script type=\"application\/ld+json\" class=\"yoast-schema-graph\">{\"@context\":\"https:\\\/\\\/schema.org\",\"@graph\":[{\"@type\":\"WebPage\",\"@id\":\"https:\\\/\\\/zapateneo.net\\\/wordpress\\\/index.php\\\/producto\\\/partisanas-2\\\/\",\"url\":\"https:\\\/\\\/zapateneo.net\\\/wordpress\\\/index.php\\\/producto\\\/partisanas-2\\\/\",\"name\":\"Partisanas &#8212; Zapateneo\",\"isPartOf\":{\"@id\":\"https:\\\/\\\/zapateneo.net\\\/wordpress\\\/#website\"},\"primaryImageOfPage\":{\"@id\":\"https:\\\/\\\/zapateneo.net\\\/wordpress\\\/index.php\\\/producto\\\/partisanas-2\\\/#primaryimage\"},\"image\":{\"@id\":\"https:\\\/\\\/zapateneo.net\\\/wordpress\\\/index.php\\\/producto\\\/partisanas-2\\\/#primaryimage\"},\"thumbnailUrl\":\"https:\\\/\\\/zapateneo.net\\\/wordpress\\\/wp-content\\\/uploads\\\/2021\\\/11\\\/9788492559640.png\",\"datePublished\":\"2021-11-01T16:20:43+00:00\",\"dateModified\":\"2022-01-02T18:50:03+00:00\",\"breadcrumb\":{\"@id\":\"https:\\\/\\\/zapateneo.net\\\/wordpress\\\/index.php\\\/producto\\\/partisanas-2\\\/#breadcrumb\"},\"inLanguage\":\"es\",\"potentialAction\":[{\"@type\":\"ReadAction\",\"target\":[\"https:\\\/\\\/zapateneo.net\\\/wordpress\\\/index.php\\\/producto\\\/partisanas-2\\\/\"]}]},{\"@type\":\"ImageObject\",\"inLanguage\":\"es\",\"@id\":\"https:\\\/\\\/zapateneo.net\\\/wordpress\\\/index.php\\\/producto\\\/partisanas-2\\\/#primaryimage\",\"url\":\"https:\\\/\\\/zapateneo.net\\\/wordpress\\\/wp-content\\\/uploads\\\/2021\\\/11\\\/9788492559640.png\",\"contentUrl\":\"https:\\\/\\\/zapateneo.net\\\/wordpress\\\/wp-content\\\/uploads\\\/2021\\\/11\\\/9788492559640.png\",\"width\":268,\"height\":400},{\"@type\":\"BreadcrumbList\",\"@id\":\"https:\\\/\\\/zapateneo.net\\\/wordpress\\\/index.php\\\/producto\\\/partisanas-2\\\/#breadcrumb\",\"itemListElement\":[{\"@type\":\"ListItem\",\"position\":1,\"name\":\"Portada\",\"item\":\"https:\\\/\\\/zapateneo.net\\\/wordpress\\\/\"},{\"@type\":\"ListItem\",\"position\":2,\"name\":\"Tienda\",\"item\":\"https:\\\/\\\/zapateneo.net\\\/wordpress\\\/\"},{\"@type\":\"ListItem\",\"position\":3,\"name\":\"Partisanas\"}]},{\"@type\":\"WebSite\",\"@id\":\"https:\\\/\\\/zapateneo.net\\\/wordpress\\\/#website\",\"url\":\"https:\\\/\\\/zapateneo.net\\\/wordpress\\\/\",\"name\":\"Zapateneo\",\"description\":\"Zapateneoaren webgunea\",\"publisher\":{\"@id\":\"https:\\\/\\\/zapateneo.net\\\/wordpress\\\/#organization\"},\"potentialAction\":[{\"@type\":\"SearchAction\",\"target\":{\"@type\":\"EntryPoint\",\"urlTemplate\":\"https:\\\/\\\/zapateneo.net\\\/wordpress\\\/?s={search_term_string}\"},\"query-input\":{\"@type\":\"PropertyValueSpecification\",\"valueRequired\":true,\"valueName\":\"search_term_string\"}}],\"inLanguage\":\"es\"},{\"@type\":\"Organization\",\"@id\":\"https:\\\/\\\/zapateneo.net\\\/wordpress\\\/#organization\",\"name\":\"Zapateneo Kultur Elkartea\",\"url\":\"https:\\\/\\\/zapateneo.net\\\/wordpress\\\/\",\"logo\":{\"@type\":\"ImageObject\",\"inLanguage\":\"es\",\"@id\":\"https:\\\/\\\/zapateneo.net\\\/wordpress\\\/#\\\/schema\\\/logo\\\/image\\\/\",\"url\":\"https:\\\/\\\/zapateneo.net\\\/wordpress\\\/wp-content\\\/uploads\\\/2021\\\/04\\\/zap-libu-kolec.jpg\",\"contentUrl\":\"https:\\\/\\\/zapateneo.net\\\/wordpress\\\/wp-content\\\/uploads\\\/2021\\\/04\\\/zap-libu-kolec.jpg\",\"width\":2234,\"height\":398,\"caption\":\"Zapateneo Kultur Elkartea\"},\"image\":{\"@id\":\"https:\\\/\\\/zapateneo.net\\\/wordpress\\\/#\\\/schema\\\/logo\\\/image\\\/\"},\"sameAs\":[\"https:\\\/\\\/x.com\\\/zapateneo\"]}]}<\/script>\n<!-- \/ Yoast SEO plugin. -->","yoast_head_json":{"title":"Partisanas &#8212; Zapateneo","robots":{"index":"index","follow":"follow","max-snippet":"max-snippet:-1","max-image-preview":"max-image-preview:large","max-video-preview":"max-video-preview:-1"},"canonical":"https:\/\/zapateneo.net\/wordpress\/index.php\/producto\/partisanas-2\/","og_locale":"es_ES","og_type":"article","og_title":"Partisanas &#8212; Zapateneo","og_description":"Ingrid Strobl 9788492559640 - Virus - 2015 - 519 p\u00e1ginas \/orri.","og_url":"https:\/\/zapateneo.net\/wordpress\/index.php\/producto\/partisanas-2\/","og_site_name":"Zapateneo","article_modified_time":"2022-01-02T18:50:03+00:00","og_image":[{"width":268,"height":400,"url":"https:\/\/zapateneo.net\/wordpress\/wp-content\/uploads\/2021\/11\/9788492559640.png","type":"image\/png"}],"twitter_card":"summary_large_image","twitter_site":"@zapateneo","twitter_misc":{"Tiempo de lectura":"2 minutos"},"schema":{"@context":"https:\/\/schema.org","@graph":[{"@type":"WebPage","@id":"https:\/\/zapateneo.net\/wordpress\/index.php\/producto\/partisanas-2\/","url":"https:\/\/zapateneo.net\/wordpress\/index.php\/producto\/partisanas-2\/","name":"Partisanas &#8212; Zapateneo","isPartOf":{"@id":"https:\/\/zapateneo.net\/wordpress\/#website"},"primaryImageOfPage":{"@id":"https:\/\/zapateneo.net\/wordpress\/index.php\/producto\/partisanas-2\/#primaryimage"},"image":{"@id":"https:\/\/zapateneo.net\/wordpress\/index.php\/producto\/partisanas-2\/#primaryimage"},"thumbnailUrl":"https:\/\/zapateneo.net\/wordpress\/wp-content\/uploads\/2021\/11\/9788492559640.png","datePublished":"2021-11-01T16:20:43+00:00","dateModified":"2022-01-02T18:50:03+00:00","breadcrumb":{"@id":"https:\/\/zapateneo.net\/wordpress\/index.php\/producto\/partisanas-2\/#breadcrumb"},"inLanguage":"es","potentialAction":[{"@type":"ReadAction","target":["https:\/\/zapateneo.net\/wordpress\/index.php\/producto\/partisanas-2\/"]}]},{"@type":"ImageObject","inLanguage":"es","@id":"https:\/\/zapateneo.net\/wordpress\/index.php\/producto\/partisanas-2\/#primaryimage","url":"https:\/\/zapateneo.net\/wordpress\/wp-content\/uploads\/2021\/11\/9788492559640.png","contentUrl":"https:\/\/zapateneo.net\/wordpress\/wp-content\/uploads\/2021\/11\/9788492559640.png","width":268,"height":400},{"@type":"BreadcrumbList","@id":"https:\/\/zapateneo.net\/wordpress\/index.php\/producto\/partisanas-2\/#breadcrumb","itemListElement":[{"@type":"ListItem","position":1,"name":"Portada","item":"https:\/\/zapateneo.net\/wordpress\/"},{"@type":"ListItem","position":2,"name":"Tienda","item":"https:\/\/zapateneo.net\/wordpress\/"},{"@type":"ListItem","position":3,"name":"Partisanas"}]},{"@type":"WebSite","@id":"https:\/\/zapateneo.net\/wordpress\/#website","url":"https:\/\/zapateneo.net\/wordpress\/","name":"Zapateneo","description":"Zapateneoaren webgunea","publisher":{"@id":"https:\/\/zapateneo.net\/wordpress\/#organization"},"potentialAction":[{"@type":"SearchAction","target":{"@type":"EntryPoint","urlTemplate":"https:\/\/zapateneo.net\/wordpress\/?s={search_term_string}"},"query-input":{"@type":"PropertyValueSpecification","valueRequired":true,"valueName":"search_term_string"}}],"inLanguage":"es"},{"@type":"Organization","@id":"https:\/\/zapateneo.net\/wordpress\/#organization","name":"Zapateneo Kultur Elkartea","url":"https:\/\/zapateneo.net\/wordpress\/","logo":{"@type":"ImageObject","inLanguage":"es","@id":"https:\/\/zapateneo.net\/wordpress\/#\/schema\/logo\/image\/","url":"https:\/\/zapateneo.net\/wordpress\/wp-content\/uploads\/2021\/04\/zap-libu-kolec.jpg","contentUrl":"https:\/\/zapateneo.net\/wordpress\/wp-content\/uploads\/2021\/04\/zap-libu-kolec.jpg","width":2234,"height":398,"caption":"Zapateneo Kultur Elkartea"},"image":{"@id":"https:\/\/zapateneo.net\/wordpress\/#\/schema\/logo\/image\/"},"sameAs":["https:\/\/x.com\/zapateneo"]}]}},"_links":{"self":[{"href":"https:\/\/zapateneo.net\/wordpress\/index.php\/wp-json\/wp\/v2\/product\/8966","targetHints":{"allow":["GET"]}}],"collection":[{"href":"https:\/\/zapateneo.net\/wordpress\/index.php\/wp-json\/wp\/v2\/product"}],"about":[{"href":"https:\/\/zapateneo.net\/wordpress\/index.php\/wp-json\/wp\/v2\/types\/product"}],"wp:featuredmedia":[{"embeddable":true,"href":"https:\/\/zapateneo.net\/wordpress\/index.php\/wp-json\/wp\/v2\/media\/8974"}],"wp:attachment":[{"href":"https:\/\/zapateneo.net\/wordpress\/index.php\/wp-json\/wp\/v2\/media?parent=8966"}],"wp:term":[{"taxonomy":"product_brand","embeddable":true,"href":"https:\/\/zapateneo.net\/wordpress\/index.php\/wp-json\/wp\/v2\/product_brand?post=8966"},{"taxonomy":"product_cat","embeddable":true,"href":"https:\/\/zapateneo.net\/wordpress\/index.php\/wp-json\/wp\/v2\/product_cat?post=8966"},{"taxonomy":"product_tag","embeddable":true,"href":"https:\/\/zapateneo.net\/wordpress\/index.php\/wp-json\/wp\/v2\/product_tag?post=8966"}],"curies":[{"name":"wp","href":"https:\/\/api.w.org\/{rel}","templated":true}]}}