{"id":8916,"date":"2021-11-15T20:40:48","date_gmt":"2021-11-15T19:40:48","guid":{"rendered":"https:\/\/zapateneo.net\/wordpress\/?post_type=product&#038;p=8916"},"modified":"2022-01-02T19:36:15","modified_gmt":"2022-01-02T18:36:15","slug":"putas-republica-y-revolucion","status":"publish","type":"product","link":"https:\/\/zapateneo.net\/wordpress\/index.php\/producto\/putas-republica-y-revolucion\/","title":{"rendered":"Putas republica y revolucion"},"content":{"rendered":"<div>\n<p>Este libro es un mapeo de lo invisible, arqueolog\u00eda de una realidad: la de las trabajadoras sexuales durante el per\u00edodo republicano, la revoluci\u00f3n y la guerra. Esta no solo ha sido negada y borrada de todos los mapas (los sociales, los pol\u00edticos, los acad\u00e9micos e incluso los militantes), sino que sus protagonistas han sido condenadas a la inexistencia.<\/p>\n<p>Eso ha obligado a resignificar documentos como las fichas policiales o m\u00e9dicas (los mecanismos de control de los cuerpos de las mujeres), o a reconstruir fragmentos de memoria con los testimonios de terceros, como los que figuran en algunas obras literarias, hist\u00f3ricas o biogr\u00e1ficas. Todo para comprender en qu\u00e9 contexto ten\u00edan que desarrollar sus estrategias vitales y pol\u00edticas las mujeres que ejerc\u00edan la prostituci\u00f3n.<\/p>\n<p>Frente al h\u00e1bito hist\u00f3rico e historiogr\u00e1fico que las presenta como agentes sociales de contagio no ya sanitario, sino moral, aqu\u00ed se da noticia de trabajadoras sexuales enroladas como milicianas, de casas de trabajo colectivizadas o de la creaci\u00f3n oficial de un \u00absindicato del amor\u00bb. Momentos en los que ellas aparecen como sujetos que toman posiciones en un contexto de lucha por la emancipaci\u00f3n.<\/p>\n<p>Entroncado radicalmente con los debates actuales en el seno del feminismo, <em>Putas, Rep\u00fablica y revoluci\u00f3n<\/em> ofrece una perspectiva hist\u00f3rica que permite afrontar con mayor profundidad de campo los debates en torno al trabajo sexual y a su encaje en los conflictos sociales, de clase, de g\u00e9nero y pol\u00edticos, a los que nunca ha sido ajeno.<\/p>\n<div><\/div>\n<\/div>\n<div class=\"row\">\n<div class=\"col-12 col-12-small\">\n<p><strong>Marta Venceslao Pueyo<\/strong> \u00ad(Gasteiz, 1976) Doctora en Antropolog\u00eda por la UB (Barcelona), donde es profesora, y por la UAM (M\u00e9xico). Forma parte del Grupo de Investigaci\u00f3n sobre Exclusi\u00f3n y Control Social y dirige el M\u00e1ster de Estudios Avanzados sobre Exclusi\u00f3n Social. Entre sus publicaciones destacan: \u00abStigmatization process. The power of classifications\u00bb (Springer, 2020), \u00abPandemia y condici\u00f3n femenina\u00bb (<em>Tirant lo Blanc<\/em>, 2020) y <em>Diagnosi de la prostituci\u00f3 a la Catalunya Central<\/em> (DAE-Generalitat de Catalunya, 2020).<\/p>\n<p><strong>Mar Trallero<\/strong> \u00ad(Barcelona, 1975)\u00a0 Doctora en Filolog\u00eda Espa\u00f1ola, tiene un m\u00e1ster en Literatura Comparada por la UAB (Barcelona), otro en Lenguas Modernas en A&amp;M University (Texas) y es licenciada en Derecho por la UB (Barcelona). Miembro del Grupo de Estudios del Exilio Literario (gexel), entre otras obras ha publicado el libro <em>Neus Catal\u00e0. La dona antifeixista a Europa<\/em> (Mina, 2008).<\/p>\n<p><strong>Genera<\/strong>. Asociaci\u00f3n en defensa de los derechos de las mujeres que ejercen prostituci\u00f3n desde una perspectiva feminista. Fundada en 2003 en la ciudad de Barcelona, realiza proyectos de intervenci\u00f3n, as\u00ed como una labor pol\u00edtica de apoyo a las trabajadoras sexuales.<\/p>\n<\/div>\n<\/div>\n<div>\n<p>Pr\u00f3logo Amalia Luna<br \/>\nEp\u00edlogo Georgina Orellano<\/p>\n<h2><a href=\"https:\/\/www.viruseditorial.net\/es\/editorial\/descargar-pdf\" target=\"_blank\" rel=\"noopener\">Libro en libre descarga de Virus Editorial<\/a><\/h2>\n<\/div>\n","protected":false},"excerpt":{"rendered":"<p><strong>Venceslao Pueyo &amp; Trallero<\/strong><br \/>\n9788417870119 &#8211; Virus &#8211; 2021 &#8211; 192 p\u00e1ginas \/orri.<\/p>\n","protected":false},"featured_media":8938,"template":"","meta":[],"product_brand":[],"product_cat":[185,16],"product_tag":[4626,4733,57],"class_list":{"0":"post-8916","1":"product","2":"type-product","3":"status-publish","4":"has-post-thumbnail","6":"product_cat-historia","7":"product_cat-libros","8":"product_tag-deskargak","9":"product_tag-venceslao-pueyo-trallero","10":"product_tag-virus","12":"first","13":"instock","14":"sold-individually","15":"shipping-taxable","16":"purchasable","17":"product-type-simple"},"yoast_head":"<!-- This site is optimized with the Yoast SEO plugin v27.3 - https:\/\/yoast.com\/product\/yoast-seo-wordpress\/ -->\n<title>Putas republica y revolucion &#8212; Zapateneo<\/title>\n<meta name=\"robots\" content=\"index, follow, max-snippet:-1, max-image-preview:large, max-video-preview:-1\" \/>\n<link rel=\"canonical\" href=\"https:\/\/zapateneo.net\/wordpress\/index.php\/producto\/putas-republica-y-revolucion\/\" \/>\n<meta property=\"og:locale\" content=\"es_ES\" \/>\n<meta property=\"og:type\" content=\"article\" \/>\n<meta property=\"og:title\" content=\"Putas republica y revolucion &#8212; Zapateneo\" \/>\n<meta property=\"og:description\" content=\"Venceslao Pueyo &amp; Trallero 9788417870119 - Virus - 2021 - 192 p\u00e1ginas \/orri.\" \/>\n<meta property=\"og:url\" content=\"https:\/\/zapateneo.net\/wordpress\/index.php\/producto\/putas-republica-y-revolucion\/\" \/>\n<meta property=\"og:site_name\" content=\"Zapateneo\" \/>\n<meta property=\"article:modified_time\" content=\"2022-01-02T18:36:15+00:00\" \/>\n<meta property=\"og:image\" content=\"https:\/\/zapateneo.net\/wordpress\/wp-content\/uploads\/2021\/11\/9788417870119.jpg\" \/>\n\t<meta property=\"og:image:width\" content=\"160\" \/>\n\t<meta property=\"og:image:height\" content=\"237\" \/>\n\t<meta property=\"og:image:type\" content=\"image\/jpeg\" \/>\n<meta name=\"twitter:card\" content=\"summary_large_image\" \/>\n<meta name=\"twitter:site\" content=\"@zapateneo\" \/>\n<meta name=\"twitter:label1\" content=\"Tiempo de lectura\" \/>\n\t<meta name=\"twitter:data1\" content=\"3 minutos\" \/>\n<script type=\"application\/ld+json\" class=\"yoast-schema-graph\">{\"@context\":\"https:\\\/\\\/schema.org\",\"@graph\":[{\"@type\":\"WebPage\",\"@id\":\"https:\\\/\\\/zapateneo.net\\\/wordpress\\\/index.php\\\/producto\\\/putas-republica-y-revolucion\\\/\",\"url\":\"https:\\\/\\\/zapateneo.net\\\/wordpress\\\/index.php\\\/producto\\\/putas-republica-y-revolucion\\\/\",\"name\":\"Putas republica y revolucion &#8212; Zapateneo\",\"isPartOf\":{\"@id\":\"https:\\\/\\\/zapateneo.net\\\/wordpress\\\/#website\"},\"primaryImageOfPage\":{\"@id\":\"https:\\\/\\\/zapateneo.net\\\/wordpress\\\/index.php\\\/producto\\\/putas-republica-y-revolucion\\\/#primaryimage\"},\"image\":{\"@id\":\"https:\\\/\\\/zapateneo.net\\\/wordpress\\\/index.php\\\/producto\\\/putas-republica-y-revolucion\\\/#primaryimage\"},\"thumbnailUrl\":\"https:\\\/\\\/zapateneo.net\\\/wordpress\\\/wp-content\\\/uploads\\\/2021\\\/11\\\/9788417870119.jpg\",\"datePublished\":\"2021-11-15T19:40:48+00:00\",\"dateModified\":\"2022-01-02T18:36:15+00:00\",\"breadcrumb\":{\"@id\":\"https:\\\/\\\/zapateneo.net\\\/wordpress\\\/index.php\\\/producto\\\/putas-republica-y-revolucion\\\/#breadcrumb\"},\"inLanguage\":\"es\",\"potentialAction\":[{\"@type\":\"ReadAction\",\"target\":[\"https:\\\/\\\/zapateneo.net\\\/wordpress\\\/index.php\\\/producto\\\/putas-republica-y-revolucion\\\/\"]}]},{\"@type\":\"ImageObject\",\"inLanguage\":\"es\",\"@id\":\"https:\\\/\\\/zapateneo.net\\\/wordpress\\\/index.php\\\/producto\\\/putas-republica-y-revolucion\\\/#primaryimage\",\"url\":\"https:\\\/\\\/zapateneo.net\\\/wordpress\\\/wp-content\\\/uploads\\\/2021\\\/11\\\/9788417870119.jpg\",\"contentUrl\":\"https:\\\/\\\/zapateneo.net\\\/wordpress\\\/wp-content\\\/uploads\\\/2021\\\/11\\\/9788417870119.jpg\",\"width\":160,\"height\":237},{\"@type\":\"BreadcrumbList\",\"@id\":\"https:\\\/\\\/zapateneo.net\\\/wordpress\\\/index.php\\\/producto\\\/putas-republica-y-revolucion\\\/#breadcrumb\",\"itemListElement\":[{\"@type\":\"ListItem\",\"position\":1,\"name\":\"Portada\",\"item\":\"https:\\\/\\\/zapateneo.net\\\/wordpress\\\/\"},{\"@type\":\"ListItem\",\"position\":2,\"name\":\"Tienda\",\"item\":\"https:\\\/\\\/zapateneo.net\\\/wordpress\\\/\"},{\"@type\":\"ListItem\",\"position\":3,\"name\":\"Putas republica y revolucion\"}]},{\"@type\":\"WebSite\",\"@id\":\"https:\\\/\\\/zapateneo.net\\\/wordpress\\\/#website\",\"url\":\"https:\\\/\\\/zapateneo.net\\\/wordpress\\\/\",\"name\":\"Zapateneo\",\"description\":\"Zapateneoaren webgunea\",\"publisher\":{\"@id\":\"https:\\\/\\\/zapateneo.net\\\/wordpress\\\/#organization\"},\"potentialAction\":[{\"@type\":\"SearchAction\",\"target\":{\"@type\":\"EntryPoint\",\"urlTemplate\":\"https:\\\/\\\/zapateneo.net\\\/wordpress\\\/?s={search_term_string}\"},\"query-input\":{\"@type\":\"PropertyValueSpecification\",\"valueRequired\":true,\"valueName\":\"search_term_string\"}}],\"inLanguage\":\"es\"},{\"@type\":\"Organization\",\"@id\":\"https:\\\/\\\/zapateneo.net\\\/wordpress\\\/#organization\",\"name\":\"Zapateneo Kultur Elkartea\",\"url\":\"https:\\\/\\\/zapateneo.net\\\/wordpress\\\/\",\"logo\":{\"@type\":\"ImageObject\",\"inLanguage\":\"es\",\"@id\":\"https:\\\/\\\/zapateneo.net\\\/wordpress\\\/#\\\/schema\\\/logo\\\/image\\\/\",\"url\":\"https:\\\/\\\/zapateneo.net\\\/wordpress\\\/wp-content\\\/uploads\\\/2021\\\/04\\\/zap-libu-kolec.jpg\",\"contentUrl\":\"https:\\\/\\\/zapateneo.net\\\/wordpress\\\/wp-content\\\/uploads\\\/2021\\\/04\\\/zap-libu-kolec.jpg\",\"width\":2234,\"height\":398,\"caption\":\"Zapateneo Kultur Elkartea\"},\"image\":{\"@id\":\"https:\\\/\\\/zapateneo.net\\\/wordpress\\\/#\\\/schema\\\/logo\\\/image\\\/\"},\"sameAs\":[\"https:\\\/\\\/x.com\\\/zapateneo\"]}]}<\/script>\n<!-- \/ Yoast SEO plugin. -->","yoast_head_json":{"title":"Putas republica y revolucion &#8212; Zapateneo","robots":{"index":"index","follow":"follow","max-snippet":"max-snippet:-1","max-image-preview":"max-image-preview:large","max-video-preview":"max-video-preview:-1"},"canonical":"https:\/\/zapateneo.net\/wordpress\/index.php\/producto\/putas-republica-y-revolucion\/","og_locale":"es_ES","og_type":"article","og_title":"Putas republica y revolucion &#8212; Zapateneo","og_description":"Venceslao Pueyo &amp; Trallero 9788417870119 - Virus - 2021 - 192 p\u00e1ginas \/orri.","og_url":"https:\/\/zapateneo.net\/wordpress\/index.php\/producto\/putas-republica-y-revolucion\/","og_site_name":"Zapateneo","article_modified_time":"2022-01-02T18:36:15+00:00","og_image":[{"width":160,"height":237,"url":"https:\/\/zapateneo.net\/wordpress\/wp-content\/uploads\/2021\/11\/9788417870119.jpg","type":"image\/jpeg"}],"twitter_card":"summary_large_image","twitter_site":"@zapateneo","twitter_misc":{"Tiempo de lectura":"3 minutos"},"schema":{"@context":"https:\/\/schema.org","@graph":[{"@type":"WebPage","@id":"https:\/\/zapateneo.net\/wordpress\/index.php\/producto\/putas-republica-y-revolucion\/","url":"https:\/\/zapateneo.net\/wordpress\/index.php\/producto\/putas-republica-y-revolucion\/","name":"Putas republica y revolucion &#8212; Zapateneo","isPartOf":{"@id":"https:\/\/zapateneo.net\/wordpress\/#website"},"primaryImageOfPage":{"@id":"https:\/\/zapateneo.net\/wordpress\/index.php\/producto\/putas-republica-y-revolucion\/#primaryimage"},"image":{"@id":"https:\/\/zapateneo.net\/wordpress\/index.php\/producto\/putas-republica-y-revolucion\/#primaryimage"},"thumbnailUrl":"https:\/\/zapateneo.net\/wordpress\/wp-content\/uploads\/2021\/11\/9788417870119.jpg","datePublished":"2021-11-15T19:40:48+00:00","dateModified":"2022-01-02T18:36:15+00:00","breadcrumb":{"@id":"https:\/\/zapateneo.net\/wordpress\/index.php\/producto\/putas-republica-y-revolucion\/#breadcrumb"},"inLanguage":"es","potentialAction":[{"@type":"ReadAction","target":["https:\/\/zapateneo.net\/wordpress\/index.php\/producto\/putas-republica-y-revolucion\/"]}]},{"@type":"ImageObject","inLanguage":"es","@id":"https:\/\/zapateneo.net\/wordpress\/index.php\/producto\/putas-republica-y-revolucion\/#primaryimage","url":"https:\/\/zapateneo.net\/wordpress\/wp-content\/uploads\/2021\/11\/9788417870119.jpg","contentUrl":"https:\/\/zapateneo.net\/wordpress\/wp-content\/uploads\/2021\/11\/9788417870119.jpg","width":160,"height":237},{"@type":"BreadcrumbList","@id":"https:\/\/zapateneo.net\/wordpress\/index.php\/producto\/putas-republica-y-revolucion\/#breadcrumb","itemListElement":[{"@type":"ListItem","position":1,"name":"Portada","item":"https:\/\/zapateneo.net\/wordpress\/"},{"@type":"ListItem","position":2,"name":"Tienda","item":"https:\/\/zapateneo.net\/wordpress\/"},{"@type":"ListItem","position":3,"name":"Putas republica y revolucion"}]},{"@type":"WebSite","@id":"https:\/\/zapateneo.net\/wordpress\/#website","url":"https:\/\/zapateneo.net\/wordpress\/","name":"Zapateneo","description":"Zapateneoaren webgunea","publisher":{"@id":"https:\/\/zapateneo.net\/wordpress\/#organization"},"potentialAction":[{"@type":"SearchAction","target":{"@type":"EntryPoint","urlTemplate":"https:\/\/zapateneo.net\/wordpress\/?s={search_term_string}"},"query-input":{"@type":"PropertyValueSpecification","valueRequired":true,"valueName":"search_term_string"}}],"inLanguage":"es"},{"@type":"Organization","@id":"https:\/\/zapateneo.net\/wordpress\/#organization","name":"Zapateneo Kultur Elkartea","url":"https:\/\/zapateneo.net\/wordpress\/","logo":{"@type":"ImageObject","inLanguage":"es","@id":"https:\/\/zapateneo.net\/wordpress\/#\/schema\/logo\/image\/","url":"https:\/\/zapateneo.net\/wordpress\/wp-content\/uploads\/2021\/04\/zap-libu-kolec.jpg","contentUrl":"https:\/\/zapateneo.net\/wordpress\/wp-content\/uploads\/2021\/04\/zap-libu-kolec.jpg","width":2234,"height":398,"caption":"Zapateneo Kultur Elkartea"},"image":{"@id":"https:\/\/zapateneo.net\/wordpress\/#\/schema\/logo\/image\/"},"sameAs":["https:\/\/x.com\/zapateneo"]}]}},"_links":{"self":[{"href":"https:\/\/zapateneo.net\/wordpress\/index.php\/wp-json\/wp\/v2\/product\/8916","targetHints":{"allow":["GET"]}}],"collection":[{"href":"https:\/\/zapateneo.net\/wordpress\/index.php\/wp-json\/wp\/v2\/product"}],"about":[{"href":"https:\/\/zapateneo.net\/wordpress\/index.php\/wp-json\/wp\/v2\/types\/product"}],"wp:featuredmedia":[{"embeddable":true,"href":"https:\/\/zapateneo.net\/wordpress\/index.php\/wp-json\/wp\/v2\/media\/8938"}],"wp:attachment":[{"href":"https:\/\/zapateneo.net\/wordpress\/index.php\/wp-json\/wp\/v2\/media?parent=8916"}],"wp:term":[{"taxonomy":"product_brand","embeddable":true,"href":"https:\/\/zapateneo.net\/wordpress\/index.php\/wp-json\/wp\/v2\/product_brand?post=8916"},{"taxonomy":"product_cat","embeddable":true,"href":"https:\/\/zapateneo.net\/wordpress\/index.php\/wp-json\/wp\/v2\/product_cat?post=8916"},{"taxonomy":"product_tag","embeddable":true,"href":"https:\/\/zapateneo.net\/wordpress\/index.php\/wp-json\/wp\/v2\/product_tag?post=8916"}],"curies":[{"name":"wp","href":"https:\/\/api.w.org\/{rel}","templated":true}]}}