{"id":8913,"date":"2021-11-11T20:40:48","date_gmt":"2021-11-11T19:40:48","guid":{"rendered":"https:\/\/zapateneo.net\/wordpress\/?post_type=product&#038;p=8913"},"modified":"2022-01-02T19:39:51","modified_gmt":"2022-01-02T18:39:51","slug":"eco-de-los-pasos-el","status":"publish","type":"product","link":"https:\/\/zapateneo.net\/wordpress\/index.php\/producto\/eco-de-los-pasos-el\/","title":{"rendered":"Eco de los pasos, el"},"content":{"rendered":"<p>Testigo privilegiado de las d\u00e9cadas de 1920 y 1930, Juan Garc\u00eda Oliver estaba, en los setenta, en condiciones de narrar en primera persona el ciclo que hab\u00eda ido desde Salvador Segu\u00ed hasta Buenaventura Durruti; desde la eclosi\u00f3n de lo que Chris Ealham ha denominado la \u00abesfera p\u00fablica obrera de inspiraci\u00f3n anarquista\u00bb hasta la revoluci\u00f3n de 1936. Pero tambi\u00e9n lo fue de la cu\u00e1druple derrota que supuso la revoluci\u00f3n frustrada, del p\u00e9simo balance del anarquismo en el Gobierno, de la derrota b\u00e9lica y del exilio.<\/p>\n<p>El eco de los pasos, que editamos cuando se cumplen ciento veinte a\u00f1os del nacimiento de su autor, es posiblemente una de las memorias m\u00e1s pol\u00e9micas y discutidas entre quienes protagonizaron la experiencia anarcosindicalista y revolucionaria m\u00e1s importante del siglo xx. Causa de numerosos debates historiogr\u00e1ficos y pol\u00edticos en torno a unos acontecimientos de una relevancia hist\u00f3rica capital, este libro no deja de ser un documento ineludible de la memoria obrera y libertaria.<\/p>\n<p>Garc\u00eda Oliver (camarero, militante sindical y hombre de acci\u00f3n) escribe con plena consciencia de su papel como dirigente y figura destacada, pero a la vez como un subalterno que se da a s\u00ed mismo la palabra y el derecho a narrar la historia desde su propia posici\u00f3n. Una tensi\u00f3n que se palpa paso a paso, en una autobiograf\u00eda donde lo individual se entrelaza con la experiencia com\u00fan, porque la memoria es colectiva; punto de partida que ha hecho de este texto una fuente fundamental y, a la vez, un territorio vivo de debate.<\/p>\n<p>En esta edici\u00f3n corregida (con un riguroso respeto al magn\u00edfico trabajo realizado en su momento por Jos\u00e9 Mart\u00ednez) y acompa\u00f1ada de un pr\u00f3logo de Chris Ealham, hemos querido ofrecer un texto vivo, que interpele una vez m\u00e1s a todas las generaciones que se posicionan en el hilo hist\u00f3rico de la lucha social.<\/p>\n<p>&#8212;&#8212;&#8212;&#8211;<\/p>\n<p>Juan Garc\u00eda Oliver (1901-1980). Hijo de una familia obrera del sector textil reusense, trabaj\u00f3 desde ni\u00f1o en la hosteler\u00eda. Despu\u00e9s de asistir a los enfrentamientos originados por la huelga general de 1917 en Barcelona, participa en la fundaci\u00f3n del Sindicato \u00danico de Camareros. Cofundador del grupo Los Solidarios, se convierte en una de las figuras m\u00e1s destacadas de los grupos de acci\u00f3n. Tras exiliarse en Francia en 1926, regresa a la ciudad condal en 1931, convirti\u00e9ndose en uno de los principales defensores de las tesis insurreccionales en el seno de la cnt y del movimiento libertario.<\/p>\n<p>En julio de 1936, forma parte de la direcci\u00f3n militar de los cuadros de defensa cenetistas que propiciar\u00edan la derrota del golpe militar en Barcelona y posteriormente integrar\u00e1 el Comit\u00e9 Central de Milicias Antifascistas. Con la participaci\u00f3n de la cnt en el Gobierno, ser\u00e1 nombrado ministro de Justicia en el gabinete de Largo Caballero. Tras la derrota militar, durante su periplo en el exilio tambi\u00e9n form\u00f3 parte de Defensa Interior, el grupo del movimiento libertario organizado para ejercer la lucha armada contra el franquismo.<\/p>\n<p>Pr\u00f3logo de Chris Ealham<\/p>\n<h2><a href=\"https:\/\/www.viruseditorial.net\/es\/editorial\/descargar-pdf\" target=\"_blank\" rel=\"noopener\">Libro en libre descarga de Virus Editorial<\/a><\/h2>\n","protected":false},"excerpt":{"rendered":"<p><strong>Garcia Oliver, Juan<\/strong><br \/>\n9788417870102 &#8211; Virus &#8211; 2021 &#8211; 944 p\u00e1ginas \/orri.<\/p>\n","protected":false},"featured_media":8935,"template":"","meta":[],"product_brand":[],"product_cat":[1868,16],"product_tag":[4626,4730,57],"class_list":{"0":"post-8913","1":"product","2":"type-product","3":"status-publish","4":"has-post-thumbnail","6":"product_cat-anarkismoa-anarquismo","7":"product_cat-libros","8":"product_tag-deskargak","9":"product_tag-garcia-oliver","10":"product_tag-virus","12":"first","13":"instock","14":"sold-individually","15":"shipping-taxable","16":"purchasable","17":"product-type-simple"},"yoast_head":"<!-- This site is optimized with the Yoast SEO plugin v27.3 - https:\/\/yoast.com\/product\/yoast-seo-wordpress\/ -->\n<title>Eco de los pasos, el &#8212; Zapateneo<\/title>\n<meta name=\"robots\" content=\"index, follow, max-snippet:-1, max-image-preview:large, max-video-preview:-1\" \/>\n<link rel=\"canonical\" href=\"https:\/\/zapateneo.net\/wordpress\/index.php\/producto\/eco-de-los-pasos-el\/\" \/>\n<meta property=\"og:locale\" content=\"es_ES\" \/>\n<meta property=\"og:type\" content=\"article\" \/>\n<meta property=\"og:title\" content=\"Eco de los pasos, el &#8212; Zapateneo\" \/>\n<meta property=\"og:description\" content=\"Garcia Oliver, Juan 9788417870102 - Virus - 2021 - 944 p\u00e1ginas \/orri.\" \/>\n<meta property=\"og:url\" content=\"https:\/\/zapateneo.net\/wordpress\/index.php\/producto\/eco-de-los-pasos-el\/\" \/>\n<meta property=\"og:site_name\" content=\"Zapateneo\" \/>\n<meta property=\"article:modified_time\" content=\"2022-01-02T18:39:51+00:00\" \/>\n<meta property=\"og:image\" content=\"https:\/\/zapateneo.net\/wordpress\/wp-content\/uploads\/2021\/11\/var_www_vhosts_hontzanet_httpdocs_es_imagenes_9788417_978841787010.gif\" \/>\n\t<meta property=\"og:image:width\" content=\"228\" \/>\n\t<meta property=\"og:image:height\" content=\"350\" \/>\n\t<meta property=\"og:image:type\" content=\"image\/gif\" \/>\n<meta name=\"twitter:card\" content=\"summary_large_image\" \/>\n<meta name=\"twitter:site\" content=\"@zapateneo\" \/>\n<meta name=\"twitter:label1\" content=\"Tiempo de lectura\" \/>\n\t<meta name=\"twitter:data1\" content=\"3 minutos\" \/>\n<script type=\"application\/ld+json\" class=\"yoast-schema-graph\">{\"@context\":\"https:\\\/\\\/schema.org\",\"@graph\":[{\"@type\":\"WebPage\",\"@id\":\"https:\\\/\\\/zapateneo.net\\\/wordpress\\\/index.php\\\/producto\\\/eco-de-los-pasos-el\\\/\",\"url\":\"https:\\\/\\\/zapateneo.net\\\/wordpress\\\/index.php\\\/producto\\\/eco-de-los-pasos-el\\\/\",\"name\":\"Eco de los pasos, el &#8212; Zapateneo\",\"isPartOf\":{\"@id\":\"https:\\\/\\\/zapateneo.net\\\/wordpress\\\/#website\"},\"primaryImageOfPage\":{\"@id\":\"https:\\\/\\\/zapateneo.net\\\/wordpress\\\/index.php\\\/producto\\\/eco-de-los-pasos-el\\\/#primaryimage\"},\"image\":{\"@id\":\"https:\\\/\\\/zapateneo.net\\\/wordpress\\\/index.php\\\/producto\\\/eco-de-los-pasos-el\\\/#primaryimage\"},\"thumbnailUrl\":\"https:\\\/\\\/zapateneo.net\\\/wordpress\\\/wp-content\\\/uploads\\\/2021\\\/11\\\/var_www_vhosts_hontzanet_httpdocs_es_imagenes_9788417_978841787010.gif\",\"datePublished\":\"2021-11-11T19:40:48+00:00\",\"dateModified\":\"2022-01-02T18:39:51+00:00\",\"breadcrumb\":{\"@id\":\"https:\\\/\\\/zapateneo.net\\\/wordpress\\\/index.php\\\/producto\\\/eco-de-los-pasos-el\\\/#breadcrumb\"},\"inLanguage\":\"es\",\"potentialAction\":[{\"@type\":\"ReadAction\",\"target\":[\"https:\\\/\\\/zapateneo.net\\\/wordpress\\\/index.php\\\/producto\\\/eco-de-los-pasos-el\\\/\"]}]},{\"@type\":\"ImageObject\",\"inLanguage\":\"es\",\"@id\":\"https:\\\/\\\/zapateneo.net\\\/wordpress\\\/index.php\\\/producto\\\/eco-de-los-pasos-el\\\/#primaryimage\",\"url\":\"https:\\\/\\\/zapateneo.net\\\/wordpress\\\/wp-content\\\/uploads\\\/2021\\\/11\\\/var_www_vhosts_hontzanet_httpdocs_es_imagenes_9788417_978841787010.gif\",\"contentUrl\":\"https:\\\/\\\/zapateneo.net\\\/wordpress\\\/wp-content\\\/uploads\\\/2021\\\/11\\\/var_www_vhosts_hontzanet_httpdocs_es_imagenes_9788417_978841787010.gif\",\"width\":228,\"height\":350},{\"@type\":\"BreadcrumbList\",\"@id\":\"https:\\\/\\\/zapateneo.net\\\/wordpress\\\/index.php\\\/producto\\\/eco-de-los-pasos-el\\\/#breadcrumb\",\"itemListElement\":[{\"@type\":\"ListItem\",\"position\":1,\"name\":\"Portada\",\"item\":\"https:\\\/\\\/zapateneo.net\\\/wordpress\\\/\"},{\"@type\":\"ListItem\",\"position\":2,\"name\":\"Tienda\",\"item\":\"https:\\\/\\\/zapateneo.net\\\/wordpress\\\/\"},{\"@type\":\"ListItem\",\"position\":3,\"name\":\"Eco de los pasos, el\"}]},{\"@type\":\"WebSite\",\"@id\":\"https:\\\/\\\/zapateneo.net\\\/wordpress\\\/#website\",\"url\":\"https:\\\/\\\/zapateneo.net\\\/wordpress\\\/\",\"name\":\"Zapateneo\",\"description\":\"Zapateneoaren webgunea\",\"publisher\":{\"@id\":\"https:\\\/\\\/zapateneo.net\\\/wordpress\\\/#organization\"},\"potentialAction\":[{\"@type\":\"SearchAction\",\"target\":{\"@type\":\"EntryPoint\",\"urlTemplate\":\"https:\\\/\\\/zapateneo.net\\\/wordpress\\\/?s={search_term_string}\"},\"query-input\":{\"@type\":\"PropertyValueSpecification\",\"valueRequired\":true,\"valueName\":\"search_term_string\"}}],\"inLanguage\":\"es\"},{\"@type\":\"Organization\",\"@id\":\"https:\\\/\\\/zapateneo.net\\\/wordpress\\\/#organization\",\"name\":\"Zapateneo Kultur Elkartea\",\"url\":\"https:\\\/\\\/zapateneo.net\\\/wordpress\\\/\",\"logo\":{\"@type\":\"ImageObject\",\"inLanguage\":\"es\",\"@id\":\"https:\\\/\\\/zapateneo.net\\\/wordpress\\\/#\\\/schema\\\/logo\\\/image\\\/\",\"url\":\"https:\\\/\\\/zapateneo.net\\\/wordpress\\\/wp-content\\\/uploads\\\/2021\\\/04\\\/zap-libu-kolec.jpg\",\"contentUrl\":\"https:\\\/\\\/zapateneo.net\\\/wordpress\\\/wp-content\\\/uploads\\\/2021\\\/04\\\/zap-libu-kolec.jpg\",\"width\":2234,\"height\":398,\"caption\":\"Zapateneo Kultur Elkartea\"},\"image\":{\"@id\":\"https:\\\/\\\/zapateneo.net\\\/wordpress\\\/#\\\/schema\\\/logo\\\/image\\\/\"},\"sameAs\":[\"https:\\\/\\\/x.com\\\/zapateneo\"]}]}<\/script>\n<!-- \/ Yoast SEO plugin. -->","yoast_head_json":{"title":"Eco de los pasos, el &#8212; Zapateneo","robots":{"index":"index","follow":"follow","max-snippet":"max-snippet:-1","max-image-preview":"max-image-preview:large","max-video-preview":"max-video-preview:-1"},"canonical":"https:\/\/zapateneo.net\/wordpress\/index.php\/producto\/eco-de-los-pasos-el\/","og_locale":"es_ES","og_type":"article","og_title":"Eco de los pasos, el &#8212; Zapateneo","og_description":"Garcia Oliver, Juan 9788417870102 - Virus - 2021 - 944 p\u00e1ginas \/orri.","og_url":"https:\/\/zapateneo.net\/wordpress\/index.php\/producto\/eco-de-los-pasos-el\/","og_site_name":"Zapateneo","article_modified_time":"2022-01-02T18:39:51+00:00","og_image":[{"width":228,"height":350,"url":"https:\/\/zapateneo.net\/wordpress\/wp-content\/uploads\/2021\/11\/var_www_vhosts_hontzanet_httpdocs_es_imagenes_9788417_978841787010.gif","type":"image\/gif"}],"twitter_card":"summary_large_image","twitter_site":"@zapateneo","twitter_misc":{"Tiempo de lectura":"3 minutos"},"schema":{"@context":"https:\/\/schema.org","@graph":[{"@type":"WebPage","@id":"https:\/\/zapateneo.net\/wordpress\/index.php\/producto\/eco-de-los-pasos-el\/","url":"https:\/\/zapateneo.net\/wordpress\/index.php\/producto\/eco-de-los-pasos-el\/","name":"Eco de los pasos, el &#8212; Zapateneo","isPartOf":{"@id":"https:\/\/zapateneo.net\/wordpress\/#website"},"primaryImageOfPage":{"@id":"https:\/\/zapateneo.net\/wordpress\/index.php\/producto\/eco-de-los-pasos-el\/#primaryimage"},"image":{"@id":"https:\/\/zapateneo.net\/wordpress\/index.php\/producto\/eco-de-los-pasos-el\/#primaryimage"},"thumbnailUrl":"https:\/\/zapateneo.net\/wordpress\/wp-content\/uploads\/2021\/11\/var_www_vhosts_hontzanet_httpdocs_es_imagenes_9788417_978841787010.gif","datePublished":"2021-11-11T19:40:48+00:00","dateModified":"2022-01-02T18:39:51+00:00","breadcrumb":{"@id":"https:\/\/zapateneo.net\/wordpress\/index.php\/producto\/eco-de-los-pasos-el\/#breadcrumb"},"inLanguage":"es","potentialAction":[{"@type":"ReadAction","target":["https:\/\/zapateneo.net\/wordpress\/index.php\/producto\/eco-de-los-pasos-el\/"]}]},{"@type":"ImageObject","inLanguage":"es","@id":"https:\/\/zapateneo.net\/wordpress\/index.php\/producto\/eco-de-los-pasos-el\/#primaryimage","url":"https:\/\/zapateneo.net\/wordpress\/wp-content\/uploads\/2021\/11\/var_www_vhosts_hontzanet_httpdocs_es_imagenes_9788417_978841787010.gif","contentUrl":"https:\/\/zapateneo.net\/wordpress\/wp-content\/uploads\/2021\/11\/var_www_vhosts_hontzanet_httpdocs_es_imagenes_9788417_978841787010.gif","width":228,"height":350},{"@type":"BreadcrumbList","@id":"https:\/\/zapateneo.net\/wordpress\/index.php\/producto\/eco-de-los-pasos-el\/#breadcrumb","itemListElement":[{"@type":"ListItem","position":1,"name":"Portada","item":"https:\/\/zapateneo.net\/wordpress\/"},{"@type":"ListItem","position":2,"name":"Tienda","item":"https:\/\/zapateneo.net\/wordpress\/"},{"@type":"ListItem","position":3,"name":"Eco de los pasos, el"}]},{"@type":"WebSite","@id":"https:\/\/zapateneo.net\/wordpress\/#website","url":"https:\/\/zapateneo.net\/wordpress\/","name":"Zapateneo","description":"Zapateneoaren webgunea","publisher":{"@id":"https:\/\/zapateneo.net\/wordpress\/#organization"},"potentialAction":[{"@type":"SearchAction","target":{"@type":"EntryPoint","urlTemplate":"https:\/\/zapateneo.net\/wordpress\/?s={search_term_string}"},"query-input":{"@type":"PropertyValueSpecification","valueRequired":true,"valueName":"search_term_string"}}],"inLanguage":"es"},{"@type":"Organization","@id":"https:\/\/zapateneo.net\/wordpress\/#organization","name":"Zapateneo Kultur Elkartea","url":"https:\/\/zapateneo.net\/wordpress\/","logo":{"@type":"ImageObject","inLanguage":"es","@id":"https:\/\/zapateneo.net\/wordpress\/#\/schema\/logo\/image\/","url":"https:\/\/zapateneo.net\/wordpress\/wp-content\/uploads\/2021\/04\/zap-libu-kolec.jpg","contentUrl":"https:\/\/zapateneo.net\/wordpress\/wp-content\/uploads\/2021\/04\/zap-libu-kolec.jpg","width":2234,"height":398,"caption":"Zapateneo Kultur Elkartea"},"image":{"@id":"https:\/\/zapateneo.net\/wordpress\/#\/schema\/logo\/image\/"},"sameAs":["https:\/\/x.com\/zapateneo"]}]}},"_links":{"self":[{"href":"https:\/\/zapateneo.net\/wordpress\/index.php\/wp-json\/wp\/v2\/product\/8913","targetHints":{"allow":["GET"]}}],"collection":[{"href":"https:\/\/zapateneo.net\/wordpress\/index.php\/wp-json\/wp\/v2\/product"}],"about":[{"href":"https:\/\/zapateneo.net\/wordpress\/index.php\/wp-json\/wp\/v2\/types\/product"}],"wp:featuredmedia":[{"embeddable":true,"href":"https:\/\/zapateneo.net\/wordpress\/index.php\/wp-json\/wp\/v2\/media\/8935"}],"wp:attachment":[{"href":"https:\/\/zapateneo.net\/wordpress\/index.php\/wp-json\/wp\/v2\/media?parent=8913"}],"wp:term":[{"taxonomy":"product_brand","embeddable":true,"href":"https:\/\/zapateneo.net\/wordpress\/index.php\/wp-json\/wp\/v2\/product_brand?post=8913"},{"taxonomy":"product_cat","embeddable":true,"href":"https:\/\/zapateneo.net\/wordpress\/index.php\/wp-json\/wp\/v2\/product_cat?post=8913"},{"taxonomy":"product_tag","embeddable":true,"href":"https:\/\/zapateneo.net\/wordpress\/index.php\/wp-json\/wp\/v2\/product_tag?post=8913"}],"curies":[{"name":"wp","href":"https:\/\/api.w.org\/{rel}","templated":true}]}}