{"id":8901,"date":"2021-11-11T20:40:46","date_gmt":"2021-11-11T19:40:46","guid":{"rendered":"https:\/\/zapateneo.net\/wordpress\/?post_type=product&#038;p=8901"},"modified":"2021-11-11T20:40:51","modified_gmt":"2021-11-11T19:40:51","slug":"no-puedo-mas-como-se-convirtieron-los-millenials-en-la-generacion-quemada","status":"publish","type":"product","link":"https:\/\/zapateneo.net\/wordpress\/index.php\/producto\/no-puedo-mas-como-se-convirtieron-los-millenials-en-la-generacion-quemada\/","title":{"rendered":"No puedo m\u00e1s. C\u00f3mo se convirtieron los millenials en la generaci\u00f3n quemada"},"content":{"rendered":"<p>\u00bfSientes que tu vida es una lista interminable de tareas pendientes? \u00bfTe encuentras haciendo scroll sin pensar en Instagram porque est\u00e1s demasiado cansado para leer un libro? \u00bfEst\u00e1s sumido en deudas, o sientes que trabajas todo el tiempo, o sientes la presi\u00f3n de coger lo que te hace feliz y convertirlo en un algo monetizable? Bienvenidos a la cultura del agotamiento. Si bien el agotamiento puede parecer la configuraci\u00f3n predeterminada para la era moderna, en \u2018Ni siquiera puedo\u2019, la escritora de cultura y ex acad\u00e9mica de BuzzFeed Anne Helen Petersen sostiene que el agotamiento es una condici\u00f3n definitoria para la generaci\u00f3n millennial, que nace de la desconfianza en las instituciones que nos han fallado, las expectativas poco realistas del trabajo moderno y un fuerte repunte de ansiedad y desesperanza exacerbados por la presi\u00f3n constante de \u00abdesempe\u00f1ar\u00bb nuestras vidas en las redes. La g\u00e9nesis del libro es el art\u00edculo viral BuzzFeed de Petersen sobre el tema, que ha acumulado m\u00e1s de siete millones de lecturas desde su publicaci\u00f3n en enero de 2019. \u2018Ni siquiera puedo\u2019 va m\u00e1s all\u00e1 del art\u00edculo original, ya que Petersen examina c\u00f3mo los millennials han llegado a este punto de agotamiento (piense: capitalismo desenfrenado y cambios en las leyes laborales) y examina el fen\u00f3meno a trav\u00e9s de una variedad de lentes, incluida la forma en que el agotamiento afecta la forma en que trabajamos, en que criamos y en que socializarmos, describiendo su resonancia con una familiaridad alarmante. Utilizando una combinaci\u00f3n de marco sociohist\u00f3rico, entrevistas originales y an\u00e1lisis detallado, \u2018Ni siquiera puedo\u2019 ofrece una mirada galvanizadora, \u00edntima y, en \u00faltima instancia, redentora de las vidas de esta generaci\u00f3n tan difamada, que deber\u00eda ser una lectura obligatoria tanto para los millennials como para los padres y empleadores que intentan comprenderlos.<\/p>\n","protected":false},"excerpt":{"rendered":"<p><strong>Anna Helen Petersen<\/strong><br \/>\n9788412390261 &#8211; Capit\u00e1n Swing &#8211; 2021 &#8211; 304 p\u00e1ginas \/orri.<\/p>\n","protected":false},"featured_media":8923,"template":"","meta":[],"product_brand":[],"product_cat":[178,16],"product_tag":[4720,102],"class_list":{"0":"post-8901","1":"product","2":"type-product","3":"status-publish","4":"has-post-thumbnail","6":"product_cat-ekonomia-economia","7":"product_cat-libros","8":"product_tag-anna-helen-petersen","9":"product_tag-capitan-swing","11":"first","12":"instock","13":"sold-individually","14":"shipping-taxable","15":"purchasable","16":"product-type-simple"},"yoast_head":"<!-- This site is optimized with the Yoast SEO plugin v27.3 - https:\/\/yoast.com\/product\/yoast-seo-wordpress\/ -->\n<title>No puedo m\u00e1s. C\u00f3mo se convirtieron los millenials en la generaci\u00f3n quemada &#8212; Zapateneo<\/title>\n<meta name=\"robots\" content=\"index, follow, max-snippet:-1, max-image-preview:large, max-video-preview:-1\" \/>\n<link rel=\"canonical\" href=\"https:\/\/zapateneo.net\/wordpress\/index.php\/producto\/no-puedo-mas-como-se-convirtieron-los-millenials-en-la-generacion-quemada\/\" \/>\n<meta property=\"og:locale\" content=\"es_ES\" \/>\n<meta property=\"og:type\" content=\"article\" \/>\n<meta property=\"og:title\" content=\"No puedo m\u00e1s. C\u00f3mo se convirtieron los millenials en la generaci\u00f3n quemada &#8212; Zapateneo\" \/>\n<meta property=\"og:description\" content=\"Anna Helen Petersen 9788412390261 - Capit\u00e1n Swing - 2021 - 304 p\u00e1ginas \/orri.\" \/>\n<meta property=\"og:url\" content=\"https:\/\/zapateneo.net\/wordpress\/index.php\/producto\/no-puedo-mas-como-se-convirtieron-los-millenials-en-la-generacion-quemada\/\" \/>\n<meta property=\"og:site_name\" content=\"Zapateneo\" \/>\n<meta property=\"article:modified_time\" content=\"2021-11-11T19:40:51+00:00\" \/>\n<meta property=\"og:image\" content=\"https:\/\/zapateneo.net\/wordpress\/wp-content\/uploads\/2021\/11\/9788412390261.jpg\" \/>\n\t<meta property=\"og:image:width\" content=\"160\" \/>\n\t<meta property=\"og:image:height\" content=\"250\" \/>\n\t<meta property=\"og:image:type\" content=\"image\/jpeg\" \/>\n<meta name=\"twitter:card\" content=\"summary_large_image\" \/>\n<meta name=\"twitter:site\" content=\"@zapateneo\" \/>\n<meta name=\"twitter:label1\" content=\"Tiempo de lectura\" \/>\n\t<meta name=\"twitter:data1\" content=\"2 minutos\" \/>\n<script type=\"application\/ld+json\" class=\"yoast-schema-graph\">{\"@context\":\"https:\\\/\\\/schema.org\",\"@graph\":[{\"@type\":\"WebPage\",\"@id\":\"https:\\\/\\\/zapateneo.net\\\/wordpress\\\/index.php\\\/producto\\\/no-puedo-mas-como-se-convirtieron-los-millenials-en-la-generacion-quemada\\\/\",\"url\":\"https:\\\/\\\/zapateneo.net\\\/wordpress\\\/index.php\\\/producto\\\/no-puedo-mas-como-se-convirtieron-los-millenials-en-la-generacion-quemada\\\/\",\"name\":\"No puedo m\u00e1s. C\u00f3mo se convirtieron los millenials en la generaci\u00f3n quemada &#8212; Zapateneo\",\"isPartOf\":{\"@id\":\"https:\\\/\\\/zapateneo.net\\\/wordpress\\\/#website\"},\"primaryImageOfPage\":{\"@id\":\"https:\\\/\\\/zapateneo.net\\\/wordpress\\\/index.php\\\/producto\\\/no-puedo-mas-como-se-convirtieron-los-millenials-en-la-generacion-quemada\\\/#primaryimage\"},\"image\":{\"@id\":\"https:\\\/\\\/zapateneo.net\\\/wordpress\\\/index.php\\\/producto\\\/no-puedo-mas-como-se-convirtieron-los-millenials-en-la-generacion-quemada\\\/#primaryimage\"},\"thumbnailUrl\":\"https:\\\/\\\/zapateneo.net\\\/wordpress\\\/wp-content\\\/uploads\\\/2021\\\/11\\\/9788412390261.jpg\",\"datePublished\":\"2021-11-11T19:40:46+00:00\",\"dateModified\":\"2021-11-11T19:40:51+00:00\",\"breadcrumb\":{\"@id\":\"https:\\\/\\\/zapateneo.net\\\/wordpress\\\/index.php\\\/producto\\\/no-puedo-mas-como-se-convirtieron-los-millenials-en-la-generacion-quemada\\\/#breadcrumb\"},\"inLanguage\":\"es\",\"potentialAction\":[{\"@type\":\"ReadAction\",\"target\":[\"https:\\\/\\\/zapateneo.net\\\/wordpress\\\/index.php\\\/producto\\\/no-puedo-mas-como-se-convirtieron-los-millenials-en-la-generacion-quemada\\\/\"]}]},{\"@type\":\"ImageObject\",\"inLanguage\":\"es\",\"@id\":\"https:\\\/\\\/zapateneo.net\\\/wordpress\\\/index.php\\\/producto\\\/no-puedo-mas-como-se-convirtieron-los-millenials-en-la-generacion-quemada\\\/#primaryimage\",\"url\":\"https:\\\/\\\/zapateneo.net\\\/wordpress\\\/wp-content\\\/uploads\\\/2021\\\/11\\\/9788412390261.jpg\",\"contentUrl\":\"https:\\\/\\\/zapateneo.net\\\/wordpress\\\/wp-content\\\/uploads\\\/2021\\\/11\\\/9788412390261.jpg\",\"width\":160,\"height\":250},{\"@type\":\"BreadcrumbList\",\"@id\":\"https:\\\/\\\/zapateneo.net\\\/wordpress\\\/index.php\\\/producto\\\/no-puedo-mas-como-se-convirtieron-los-millenials-en-la-generacion-quemada\\\/#breadcrumb\",\"itemListElement\":[{\"@type\":\"ListItem\",\"position\":1,\"name\":\"Portada\",\"item\":\"https:\\\/\\\/zapateneo.net\\\/wordpress\\\/\"},{\"@type\":\"ListItem\",\"position\":2,\"name\":\"Tienda\",\"item\":\"https:\\\/\\\/zapateneo.net\\\/wordpress\\\/\"},{\"@type\":\"ListItem\",\"position\":3,\"name\":\"No puedo m\u00e1s. C\u00f3mo se convirtieron los millenials en la generaci\u00f3n quemada\"}]},{\"@type\":\"WebSite\",\"@id\":\"https:\\\/\\\/zapateneo.net\\\/wordpress\\\/#website\",\"url\":\"https:\\\/\\\/zapateneo.net\\\/wordpress\\\/\",\"name\":\"Zapateneo\",\"description\":\"Zapateneoaren webgunea\",\"publisher\":{\"@id\":\"https:\\\/\\\/zapateneo.net\\\/wordpress\\\/#organization\"},\"potentialAction\":[{\"@type\":\"SearchAction\",\"target\":{\"@type\":\"EntryPoint\",\"urlTemplate\":\"https:\\\/\\\/zapateneo.net\\\/wordpress\\\/?s={search_term_string}\"},\"query-input\":{\"@type\":\"PropertyValueSpecification\",\"valueRequired\":true,\"valueName\":\"search_term_string\"}}],\"inLanguage\":\"es\"},{\"@type\":\"Organization\",\"@id\":\"https:\\\/\\\/zapateneo.net\\\/wordpress\\\/#organization\",\"name\":\"Zapateneo Kultur Elkartea\",\"url\":\"https:\\\/\\\/zapateneo.net\\\/wordpress\\\/\",\"logo\":{\"@type\":\"ImageObject\",\"inLanguage\":\"es\",\"@id\":\"https:\\\/\\\/zapateneo.net\\\/wordpress\\\/#\\\/schema\\\/logo\\\/image\\\/\",\"url\":\"https:\\\/\\\/zapateneo.net\\\/wordpress\\\/wp-content\\\/uploads\\\/2021\\\/04\\\/zap-libu-kolec.jpg\",\"contentUrl\":\"https:\\\/\\\/zapateneo.net\\\/wordpress\\\/wp-content\\\/uploads\\\/2021\\\/04\\\/zap-libu-kolec.jpg\",\"width\":2234,\"height\":398,\"caption\":\"Zapateneo Kultur Elkartea\"},\"image\":{\"@id\":\"https:\\\/\\\/zapateneo.net\\\/wordpress\\\/#\\\/schema\\\/logo\\\/image\\\/\"},\"sameAs\":[\"https:\\\/\\\/x.com\\\/zapateneo\"]}]}<\/script>\n<!-- \/ Yoast SEO plugin. -->","yoast_head_json":{"title":"No puedo m\u00e1s. C\u00f3mo se convirtieron los millenials en la generaci\u00f3n quemada &#8212; Zapateneo","robots":{"index":"index","follow":"follow","max-snippet":"max-snippet:-1","max-image-preview":"max-image-preview:large","max-video-preview":"max-video-preview:-1"},"canonical":"https:\/\/zapateneo.net\/wordpress\/index.php\/producto\/no-puedo-mas-como-se-convirtieron-los-millenials-en-la-generacion-quemada\/","og_locale":"es_ES","og_type":"article","og_title":"No puedo m\u00e1s. C\u00f3mo se convirtieron los millenials en la generaci\u00f3n quemada &#8212; Zapateneo","og_description":"Anna Helen Petersen 9788412390261 - Capit\u00e1n Swing - 2021 - 304 p\u00e1ginas \/orri.","og_url":"https:\/\/zapateneo.net\/wordpress\/index.php\/producto\/no-puedo-mas-como-se-convirtieron-los-millenials-en-la-generacion-quemada\/","og_site_name":"Zapateneo","article_modified_time":"2021-11-11T19:40:51+00:00","og_image":[{"width":160,"height":250,"url":"https:\/\/zapateneo.net\/wordpress\/wp-content\/uploads\/2021\/11\/9788412390261.jpg","type":"image\/jpeg"}],"twitter_card":"summary_large_image","twitter_site":"@zapateneo","twitter_misc":{"Tiempo de lectura":"2 minutos"},"schema":{"@context":"https:\/\/schema.org","@graph":[{"@type":"WebPage","@id":"https:\/\/zapateneo.net\/wordpress\/index.php\/producto\/no-puedo-mas-como-se-convirtieron-los-millenials-en-la-generacion-quemada\/","url":"https:\/\/zapateneo.net\/wordpress\/index.php\/producto\/no-puedo-mas-como-se-convirtieron-los-millenials-en-la-generacion-quemada\/","name":"No puedo m\u00e1s. C\u00f3mo se convirtieron los millenials en la generaci\u00f3n quemada &#8212; Zapateneo","isPartOf":{"@id":"https:\/\/zapateneo.net\/wordpress\/#website"},"primaryImageOfPage":{"@id":"https:\/\/zapateneo.net\/wordpress\/index.php\/producto\/no-puedo-mas-como-se-convirtieron-los-millenials-en-la-generacion-quemada\/#primaryimage"},"image":{"@id":"https:\/\/zapateneo.net\/wordpress\/index.php\/producto\/no-puedo-mas-como-se-convirtieron-los-millenials-en-la-generacion-quemada\/#primaryimage"},"thumbnailUrl":"https:\/\/zapateneo.net\/wordpress\/wp-content\/uploads\/2021\/11\/9788412390261.jpg","datePublished":"2021-11-11T19:40:46+00:00","dateModified":"2021-11-11T19:40:51+00:00","breadcrumb":{"@id":"https:\/\/zapateneo.net\/wordpress\/index.php\/producto\/no-puedo-mas-como-se-convirtieron-los-millenials-en-la-generacion-quemada\/#breadcrumb"},"inLanguage":"es","potentialAction":[{"@type":"ReadAction","target":["https:\/\/zapateneo.net\/wordpress\/index.php\/producto\/no-puedo-mas-como-se-convirtieron-los-millenials-en-la-generacion-quemada\/"]}]},{"@type":"ImageObject","inLanguage":"es","@id":"https:\/\/zapateneo.net\/wordpress\/index.php\/producto\/no-puedo-mas-como-se-convirtieron-los-millenials-en-la-generacion-quemada\/#primaryimage","url":"https:\/\/zapateneo.net\/wordpress\/wp-content\/uploads\/2021\/11\/9788412390261.jpg","contentUrl":"https:\/\/zapateneo.net\/wordpress\/wp-content\/uploads\/2021\/11\/9788412390261.jpg","width":160,"height":250},{"@type":"BreadcrumbList","@id":"https:\/\/zapateneo.net\/wordpress\/index.php\/producto\/no-puedo-mas-como-se-convirtieron-los-millenials-en-la-generacion-quemada\/#breadcrumb","itemListElement":[{"@type":"ListItem","position":1,"name":"Portada","item":"https:\/\/zapateneo.net\/wordpress\/"},{"@type":"ListItem","position":2,"name":"Tienda","item":"https:\/\/zapateneo.net\/wordpress\/"},{"@type":"ListItem","position":3,"name":"No puedo m\u00e1s. C\u00f3mo se convirtieron los millenials en la generaci\u00f3n quemada"}]},{"@type":"WebSite","@id":"https:\/\/zapateneo.net\/wordpress\/#website","url":"https:\/\/zapateneo.net\/wordpress\/","name":"Zapateneo","description":"Zapateneoaren webgunea","publisher":{"@id":"https:\/\/zapateneo.net\/wordpress\/#organization"},"potentialAction":[{"@type":"SearchAction","target":{"@type":"EntryPoint","urlTemplate":"https:\/\/zapateneo.net\/wordpress\/?s={search_term_string}"},"query-input":{"@type":"PropertyValueSpecification","valueRequired":true,"valueName":"search_term_string"}}],"inLanguage":"es"},{"@type":"Organization","@id":"https:\/\/zapateneo.net\/wordpress\/#organization","name":"Zapateneo Kultur Elkartea","url":"https:\/\/zapateneo.net\/wordpress\/","logo":{"@type":"ImageObject","inLanguage":"es","@id":"https:\/\/zapateneo.net\/wordpress\/#\/schema\/logo\/image\/","url":"https:\/\/zapateneo.net\/wordpress\/wp-content\/uploads\/2021\/04\/zap-libu-kolec.jpg","contentUrl":"https:\/\/zapateneo.net\/wordpress\/wp-content\/uploads\/2021\/04\/zap-libu-kolec.jpg","width":2234,"height":398,"caption":"Zapateneo Kultur Elkartea"},"image":{"@id":"https:\/\/zapateneo.net\/wordpress\/#\/schema\/logo\/image\/"},"sameAs":["https:\/\/x.com\/zapateneo"]}]}},"_links":{"self":[{"href":"https:\/\/zapateneo.net\/wordpress\/index.php\/wp-json\/wp\/v2\/product\/8901","targetHints":{"allow":["GET"]}}],"collection":[{"href":"https:\/\/zapateneo.net\/wordpress\/index.php\/wp-json\/wp\/v2\/product"}],"about":[{"href":"https:\/\/zapateneo.net\/wordpress\/index.php\/wp-json\/wp\/v2\/types\/product"}],"wp:featuredmedia":[{"embeddable":true,"href":"https:\/\/zapateneo.net\/wordpress\/index.php\/wp-json\/wp\/v2\/media\/8923"}],"wp:attachment":[{"href":"https:\/\/zapateneo.net\/wordpress\/index.php\/wp-json\/wp\/v2\/media?parent=8901"}],"wp:term":[{"taxonomy":"product_brand","embeddable":true,"href":"https:\/\/zapateneo.net\/wordpress\/index.php\/wp-json\/wp\/v2\/product_brand?post=8901"},{"taxonomy":"product_cat","embeddable":true,"href":"https:\/\/zapateneo.net\/wordpress\/index.php\/wp-json\/wp\/v2\/product_cat?post=8901"},{"taxonomy":"product_tag","embeddable":true,"href":"https:\/\/zapateneo.net\/wordpress\/index.php\/wp-json\/wp\/v2\/product_tag?post=8901"}],"curies":[{"name":"wp","href":"https:\/\/api.w.org\/{rel}","templated":true}]}}