{"id":8896,"date":"2021-11-11T20:40:45","date_gmt":"2021-11-11T19:40:45","guid":{"rendered":"https:\/\/zapateneo.net\/wordpress\/?post_type=product&#038;p=8896"},"modified":"2021-11-11T20:40:49","modified_gmt":"2021-11-11T19:40:49","slug":"se-vende-diversidad-orgullo-promocion-y-negocio-en-el-world-pride","status":"publish","type":"product","link":"https:\/\/zapateneo.net\/wordpress\/index.php\/producto\/se-vende-diversidad-orgullo-promocion-y-negocio-en-el-world-pride\/","title":{"rendered":"Se vende diversidad. orgullo, promoci\u00d3n y negocio en el world pride"},"content":{"rendered":"<p>En 2017 tuvo lugar en Madrid el WorldPride, un Orgullo LGTBI m\u00e1s masivo, visible e institucional de lo habitual. La diversidad, cada vez m\u00e1s de moda, se utiliz\u00f3 para vender y para convencer. La competencia por obtener m\u00e1s inversiones, turistas y posicionamiento ha hecho que eventos LGTBI como este ?desde Orgullos LGTBI multitudinarios hasta campa\u00f1as promocionales m\u00e1s modestas? ganen m\u00e1s protagonismo como atractivos.Sin embargo, esta visibilidad tur\u00edstica de la diversidad sexual y de g\u00e9nero no est\u00e1 libre de cr\u00edticas: diferentes movimientos sociales y an\u00e1lisis acad\u00e9micos han destacado las implicaciones de ciertos posicionamientos y formas de marketing. La variedad de cuerpos e intereses representados; los v\u00ednculos entre poderes empresariales, pol\u00edtica y activismo LGTBI reformista; la gentrificaci\u00f3n de los barrios tur\u00edsticos, o el papel de los patrocinios son solo algunos de los temas centrales de estudio y cr\u00edtica.A trav\u00e9s de una investigaci\u00f3n etnogr\u00e1fica, este libro analiza la celebraci\u00f3n de un evento de gran magnitud para estudiar c\u00f3mo se interrelacionan la promoci\u00f3n tur\u00edstica p\u00fablica de una gran ciudad, el activismo LGTBI reformista y las im\u00e1genes y discursos de la diversidad sexual y de g\u00e9nero.<\/p>\n","protected":false},"excerpt":{"rendered":"<p><strong>Dominguez Ruiz &#038; Ignacio Elpidio<\/strong><br \/>\n9788418501418 &#8211; Egales &#8211; 2021 &#8211; 523 p\u00e1ginas \/orri.<\/p>\n","protected":false},"featured_media":8918,"template":"","meta":[],"product_brand":[],"product_cat":[178,16],"product_tag":[4715,1199],"class_list":{"0":"post-8896","1":"product","2":"type-product","3":"status-publish","4":"has-post-thumbnail","6":"product_cat-ekonomia-economia","7":"product_cat-libros","8":"product_tag-dominguez-ruiz-ignacio-elpidio","9":"product_tag-egales","11":"first","12":"instock","13":"sold-individually","14":"shipping-taxable","15":"purchasable","16":"product-type-simple"},"yoast_head":"<!-- This site is optimized with the Yoast SEO plugin v27.3 - https:\/\/yoast.com\/product\/yoast-seo-wordpress\/ -->\n<title>Se vende diversidad. orgullo, promoci\u00d3n y negocio en el world pride &#8212; Zapateneo<\/title>\n<meta name=\"robots\" content=\"index, follow, max-snippet:-1, max-image-preview:large, max-video-preview:-1\" \/>\n<link rel=\"canonical\" href=\"https:\/\/zapateneo.net\/wordpress\/index.php\/producto\/se-vende-diversidad-orgullo-promocion-y-negocio-en-el-world-pride\/\" \/>\n<meta property=\"og:locale\" content=\"es_ES\" \/>\n<meta property=\"og:type\" content=\"article\" \/>\n<meta property=\"og:title\" content=\"Se vende diversidad. orgullo, promoci\u00d3n y negocio en el world pride &#8212; Zapateneo\" \/>\n<meta property=\"og:description\" content=\"Dominguez Ruiz &amp; Ignacio Elpidio 9788418501418 - Egales - 2021 - 523 p\u00e1ginas \/orri.\" \/>\n<meta property=\"og:url\" content=\"https:\/\/zapateneo.net\/wordpress\/index.php\/producto\/se-vende-diversidad-orgullo-promocion-y-negocio-en-el-world-pride\/\" \/>\n<meta property=\"og:site_name\" content=\"Zapateneo\" \/>\n<meta property=\"article:modified_time\" content=\"2021-11-11T19:40:49+00:00\" \/>\n<meta property=\"og:image\" content=\"https:\/\/zapateneo.net\/wordpress\/wp-content\/uploads\/2021\/11\/9788418501418.jpg\" \/>\n\t<meta property=\"og:image:width\" content=\"160\" \/>\n\t<meta property=\"og:image:height\" content=\"221\" \/>\n\t<meta property=\"og:image:type\" content=\"image\/jpeg\" \/>\n<meta name=\"twitter:card\" content=\"summary_large_image\" \/>\n<meta name=\"twitter:site\" content=\"@zapateneo\" \/>\n<meta name=\"twitter:label1\" content=\"Tiempo de lectura\" \/>\n\t<meta name=\"twitter:data1\" content=\"1 minuto\" \/>\n<script type=\"application\/ld+json\" class=\"yoast-schema-graph\">{\"@context\":\"https:\\\/\\\/schema.org\",\"@graph\":[{\"@type\":\"WebPage\",\"@id\":\"https:\\\/\\\/zapateneo.net\\\/wordpress\\\/index.php\\\/producto\\\/se-vende-diversidad-orgullo-promocion-y-negocio-en-el-world-pride\\\/\",\"url\":\"https:\\\/\\\/zapateneo.net\\\/wordpress\\\/index.php\\\/producto\\\/se-vende-diversidad-orgullo-promocion-y-negocio-en-el-world-pride\\\/\",\"name\":\"Se vende diversidad. orgullo, promoci\u00d3n y negocio en el world pride &#8212; Zapateneo\",\"isPartOf\":{\"@id\":\"https:\\\/\\\/zapateneo.net\\\/wordpress\\\/#website\"},\"primaryImageOfPage\":{\"@id\":\"https:\\\/\\\/zapateneo.net\\\/wordpress\\\/index.php\\\/producto\\\/se-vende-diversidad-orgullo-promocion-y-negocio-en-el-world-pride\\\/#primaryimage\"},\"image\":{\"@id\":\"https:\\\/\\\/zapateneo.net\\\/wordpress\\\/index.php\\\/producto\\\/se-vende-diversidad-orgullo-promocion-y-negocio-en-el-world-pride\\\/#primaryimage\"},\"thumbnailUrl\":\"https:\\\/\\\/zapateneo.net\\\/wordpress\\\/wp-content\\\/uploads\\\/2021\\\/11\\\/9788418501418.jpg\",\"datePublished\":\"2021-11-11T19:40:45+00:00\",\"dateModified\":\"2021-11-11T19:40:49+00:00\",\"breadcrumb\":{\"@id\":\"https:\\\/\\\/zapateneo.net\\\/wordpress\\\/index.php\\\/producto\\\/se-vende-diversidad-orgullo-promocion-y-negocio-en-el-world-pride\\\/#breadcrumb\"},\"inLanguage\":\"es\",\"potentialAction\":[{\"@type\":\"ReadAction\",\"target\":[\"https:\\\/\\\/zapateneo.net\\\/wordpress\\\/index.php\\\/producto\\\/se-vende-diversidad-orgullo-promocion-y-negocio-en-el-world-pride\\\/\"]}]},{\"@type\":\"ImageObject\",\"inLanguage\":\"es\",\"@id\":\"https:\\\/\\\/zapateneo.net\\\/wordpress\\\/index.php\\\/producto\\\/se-vende-diversidad-orgullo-promocion-y-negocio-en-el-world-pride\\\/#primaryimage\",\"url\":\"https:\\\/\\\/zapateneo.net\\\/wordpress\\\/wp-content\\\/uploads\\\/2021\\\/11\\\/9788418501418.jpg\",\"contentUrl\":\"https:\\\/\\\/zapateneo.net\\\/wordpress\\\/wp-content\\\/uploads\\\/2021\\\/11\\\/9788418501418.jpg\",\"width\":160,\"height\":221},{\"@type\":\"BreadcrumbList\",\"@id\":\"https:\\\/\\\/zapateneo.net\\\/wordpress\\\/index.php\\\/producto\\\/se-vende-diversidad-orgullo-promocion-y-negocio-en-el-world-pride\\\/#breadcrumb\",\"itemListElement\":[{\"@type\":\"ListItem\",\"position\":1,\"name\":\"Portada\",\"item\":\"https:\\\/\\\/zapateneo.net\\\/wordpress\\\/\"},{\"@type\":\"ListItem\",\"position\":2,\"name\":\"Tienda\",\"item\":\"https:\\\/\\\/zapateneo.net\\\/wordpress\\\/\"},{\"@type\":\"ListItem\",\"position\":3,\"name\":\"Se vende diversidad. orgullo, promoci\u00d3n y negocio en el world pride\"}]},{\"@type\":\"WebSite\",\"@id\":\"https:\\\/\\\/zapateneo.net\\\/wordpress\\\/#website\",\"url\":\"https:\\\/\\\/zapateneo.net\\\/wordpress\\\/\",\"name\":\"Zapateneo\",\"description\":\"Zapateneoaren webgunea\",\"publisher\":{\"@id\":\"https:\\\/\\\/zapateneo.net\\\/wordpress\\\/#organization\"},\"potentialAction\":[{\"@type\":\"SearchAction\",\"target\":{\"@type\":\"EntryPoint\",\"urlTemplate\":\"https:\\\/\\\/zapateneo.net\\\/wordpress\\\/?s={search_term_string}\"},\"query-input\":{\"@type\":\"PropertyValueSpecification\",\"valueRequired\":true,\"valueName\":\"search_term_string\"}}],\"inLanguage\":\"es\"},{\"@type\":\"Organization\",\"@id\":\"https:\\\/\\\/zapateneo.net\\\/wordpress\\\/#organization\",\"name\":\"Zapateneo Kultur Elkartea\",\"url\":\"https:\\\/\\\/zapateneo.net\\\/wordpress\\\/\",\"logo\":{\"@type\":\"ImageObject\",\"inLanguage\":\"es\",\"@id\":\"https:\\\/\\\/zapateneo.net\\\/wordpress\\\/#\\\/schema\\\/logo\\\/image\\\/\",\"url\":\"https:\\\/\\\/zapateneo.net\\\/wordpress\\\/wp-content\\\/uploads\\\/2021\\\/04\\\/zap-libu-kolec.jpg\",\"contentUrl\":\"https:\\\/\\\/zapateneo.net\\\/wordpress\\\/wp-content\\\/uploads\\\/2021\\\/04\\\/zap-libu-kolec.jpg\",\"width\":2234,\"height\":398,\"caption\":\"Zapateneo Kultur Elkartea\"},\"image\":{\"@id\":\"https:\\\/\\\/zapateneo.net\\\/wordpress\\\/#\\\/schema\\\/logo\\\/image\\\/\"},\"sameAs\":[\"https:\\\/\\\/x.com\\\/zapateneo\"]}]}<\/script>\n<!-- \/ Yoast SEO plugin. -->","yoast_head_json":{"title":"Se vende diversidad. orgullo, promoci\u00d3n y negocio en el world pride &#8212; Zapateneo","robots":{"index":"index","follow":"follow","max-snippet":"max-snippet:-1","max-image-preview":"max-image-preview:large","max-video-preview":"max-video-preview:-1"},"canonical":"https:\/\/zapateneo.net\/wordpress\/index.php\/producto\/se-vende-diversidad-orgullo-promocion-y-negocio-en-el-world-pride\/","og_locale":"es_ES","og_type":"article","og_title":"Se vende diversidad. orgullo, promoci\u00d3n y negocio en el world pride &#8212; Zapateneo","og_description":"Dominguez Ruiz & Ignacio Elpidio 9788418501418 - Egales - 2021 - 523 p\u00e1ginas \/orri.","og_url":"https:\/\/zapateneo.net\/wordpress\/index.php\/producto\/se-vende-diversidad-orgullo-promocion-y-negocio-en-el-world-pride\/","og_site_name":"Zapateneo","article_modified_time":"2021-11-11T19:40:49+00:00","og_image":[{"width":160,"height":221,"url":"https:\/\/zapateneo.net\/wordpress\/wp-content\/uploads\/2021\/11\/9788418501418.jpg","type":"image\/jpeg"}],"twitter_card":"summary_large_image","twitter_site":"@zapateneo","twitter_misc":{"Tiempo de lectura":"1 minuto"},"schema":{"@context":"https:\/\/schema.org","@graph":[{"@type":"WebPage","@id":"https:\/\/zapateneo.net\/wordpress\/index.php\/producto\/se-vende-diversidad-orgullo-promocion-y-negocio-en-el-world-pride\/","url":"https:\/\/zapateneo.net\/wordpress\/index.php\/producto\/se-vende-diversidad-orgullo-promocion-y-negocio-en-el-world-pride\/","name":"Se vende diversidad. orgullo, promoci\u00d3n y negocio en el world pride &#8212; Zapateneo","isPartOf":{"@id":"https:\/\/zapateneo.net\/wordpress\/#website"},"primaryImageOfPage":{"@id":"https:\/\/zapateneo.net\/wordpress\/index.php\/producto\/se-vende-diversidad-orgullo-promocion-y-negocio-en-el-world-pride\/#primaryimage"},"image":{"@id":"https:\/\/zapateneo.net\/wordpress\/index.php\/producto\/se-vende-diversidad-orgullo-promocion-y-negocio-en-el-world-pride\/#primaryimage"},"thumbnailUrl":"https:\/\/zapateneo.net\/wordpress\/wp-content\/uploads\/2021\/11\/9788418501418.jpg","datePublished":"2021-11-11T19:40:45+00:00","dateModified":"2021-11-11T19:40:49+00:00","breadcrumb":{"@id":"https:\/\/zapateneo.net\/wordpress\/index.php\/producto\/se-vende-diversidad-orgullo-promocion-y-negocio-en-el-world-pride\/#breadcrumb"},"inLanguage":"es","potentialAction":[{"@type":"ReadAction","target":["https:\/\/zapateneo.net\/wordpress\/index.php\/producto\/se-vende-diversidad-orgullo-promocion-y-negocio-en-el-world-pride\/"]}]},{"@type":"ImageObject","inLanguage":"es","@id":"https:\/\/zapateneo.net\/wordpress\/index.php\/producto\/se-vende-diversidad-orgullo-promocion-y-negocio-en-el-world-pride\/#primaryimage","url":"https:\/\/zapateneo.net\/wordpress\/wp-content\/uploads\/2021\/11\/9788418501418.jpg","contentUrl":"https:\/\/zapateneo.net\/wordpress\/wp-content\/uploads\/2021\/11\/9788418501418.jpg","width":160,"height":221},{"@type":"BreadcrumbList","@id":"https:\/\/zapateneo.net\/wordpress\/index.php\/producto\/se-vende-diversidad-orgullo-promocion-y-negocio-en-el-world-pride\/#breadcrumb","itemListElement":[{"@type":"ListItem","position":1,"name":"Portada","item":"https:\/\/zapateneo.net\/wordpress\/"},{"@type":"ListItem","position":2,"name":"Tienda","item":"https:\/\/zapateneo.net\/wordpress\/"},{"@type":"ListItem","position":3,"name":"Se vende diversidad. orgullo, promoci\u00d3n y negocio en el world pride"}]},{"@type":"WebSite","@id":"https:\/\/zapateneo.net\/wordpress\/#website","url":"https:\/\/zapateneo.net\/wordpress\/","name":"Zapateneo","description":"Zapateneoaren webgunea","publisher":{"@id":"https:\/\/zapateneo.net\/wordpress\/#organization"},"potentialAction":[{"@type":"SearchAction","target":{"@type":"EntryPoint","urlTemplate":"https:\/\/zapateneo.net\/wordpress\/?s={search_term_string}"},"query-input":{"@type":"PropertyValueSpecification","valueRequired":true,"valueName":"search_term_string"}}],"inLanguage":"es"},{"@type":"Organization","@id":"https:\/\/zapateneo.net\/wordpress\/#organization","name":"Zapateneo Kultur Elkartea","url":"https:\/\/zapateneo.net\/wordpress\/","logo":{"@type":"ImageObject","inLanguage":"es","@id":"https:\/\/zapateneo.net\/wordpress\/#\/schema\/logo\/image\/","url":"https:\/\/zapateneo.net\/wordpress\/wp-content\/uploads\/2021\/04\/zap-libu-kolec.jpg","contentUrl":"https:\/\/zapateneo.net\/wordpress\/wp-content\/uploads\/2021\/04\/zap-libu-kolec.jpg","width":2234,"height":398,"caption":"Zapateneo Kultur Elkartea"},"image":{"@id":"https:\/\/zapateneo.net\/wordpress\/#\/schema\/logo\/image\/"},"sameAs":["https:\/\/x.com\/zapateneo"]}]}},"_links":{"self":[{"href":"https:\/\/zapateneo.net\/wordpress\/index.php\/wp-json\/wp\/v2\/product\/8896","targetHints":{"allow":["GET"]}}],"collection":[{"href":"https:\/\/zapateneo.net\/wordpress\/index.php\/wp-json\/wp\/v2\/product"}],"about":[{"href":"https:\/\/zapateneo.net\/wordpress\/index.php\/wp-json\/wp\/v2\/types\/product"}],"wp:featuredmedia":[{"embeddable":true,"href":"https:\/\/zapateneo.net\/wordpress\/index.php\/wp-json\/wp\/v2\/media\/8918"}],"wp:attachment":[{"href":"https:\/\/zapateneo.net\/wordpress\/index.php\/wp-json\/wp\/v2\/media?parent=8896"}],"wp:term":[{"taxonomy":"product_brand","embeddable":true,"href":"https:\/\/zapateneo.net\/wordpress\/index.php\/wp-json\/wp\/v2\/product_brand?post=8896"},{"taxonomy":"product_cat","embeddable":true,"href":"https:\/\/zapateneo.net\/wordpress\/index.php\/wp-json\/wp\/v2\/product_cat?post=8896"},{"taxonomy":"product_tag","embeddable":true,"href":"https:\/\/zapateneo.net\/wordpress\/index.php\/wp-json\/wp\/v2\/product_tag?post=8896"}],"curies":[{"name":"wp","href":"https:\/\/api.w.org\/{rel}","templated":true}]}}