{"id":8867,"date":"2021-11-05T19:11:20","date_gmt":"2021-11-05T18:11:20","guid":{"rendered":"https:\/\/zapateneo.net\/wordpress\/?post_type=product&#038;p=8867"},"modified":"2021-11-05T19:11:28","modified_gmt":"2021-11-05T18:11:28","slug":"propuestas-educativas-del-movimiento-libertario-en-madrid-durante-la-guerra-civil","status":"publish","type":"product","link":"https:\/\/zapateneo.net\/wordpress\/index.php\/producto\/propuestas-educativas-del-movimiento-libertario-en-madrid-durante-la-guerra-civil\/","title":{"rendered":"Propuestas educativas del movimiento libertario en Madrid durante la guerra civil"},"content":{"rendered":"<p>l 6 de abril de 1938 la CNT entraba de nuevo en el Gobierno republicano espa\u00f1ol. Segundo Blanco Gonz\u00e1lez era nombrado Ministro de Instrucci\u00f3n P\u00fablica y Sanidad en sustituci\u00f3n del comunista Jes\u00fas Hern\u00e1ndez. Por primera vez, los libertarios se encontraban en un ministerio que respond\u00eda plenamente a una de las claves para la construcci\u00f3n de la utop\u00eda revolucionaria: la ense\u00f1anza. Esta hab\u00eda sido desde inicios del anarquismo ib\u00e9rico una de las metas m\u00e1s queridas y perseguidas por quienes se identificaban con la ideolog\u00eda revolucionaria. Mientras el frente del Ebro se desangraba, y la anunciada ofensiva que desde Extremadura provocar\u00eda una ansiada salida a la Rep\u00fablica, aislada del reconocimiento de Francia, sin la ayuda de Gran Breta\u00f1a y ya ni con el apoyo de la Uni\u00f3n Sovi\u00e9tica, se contemplaba un desalentador e injustificado abandono de las democracias occidentales, la Rep\u00fablica se romp\u00eda en miles de pedazos que no tardar\u00edan en buscar las fronteras, los barcos y el exilio o, para verg\u00fcenza de la Humanidad, la tortura, la muerte, el presidio.<\/p>\n<p>El pensamiento pedag\u00f3gico plasmado en la riqueza de los planteamientos de una escuela libertaria entre 1936-1939 no debe hacernos olvidar que constituye el fruto de una crisis social, de un sentido revolucionario caracterizado por el compromiso transformador, comprensivo, solidario y creador.<\/p>\n","protected":false},"excerpt":{"rendered":"<p><strong>Miguel \u00c1ngel Mart\u00ednez<\/strong><br \/>\n9788487218224 &#8211; Fss Ediciones &#8211; 2016 &#8211; 230 p\u00e1ginas \/orri.<\/p>\n","protected":false},"featured_media":8881,"template":"","meta":[],"product_brand":[],"product_cat":[1868,16],"product_tag":[4705,4704],"class_list":{"0":"post-8867","1":"product","2":"type-product","3":"status-publish","4":"has-post-thumbnail","6":"product_cat-anarkismoa-anarquismo","7":"product_cat-libros","8":"product_tag-fss-ediciones","9":"product_tag-miguel-angel-martinez","11":"first","12":"instock","13":"sold-individually","14":"shipping-taxable","15":"purchasable","16":"product-type-simple"},"yoast_head":"<!-- This site is optimized with the Yoast SEO plugin v27.3 - https:\/\/yoast.com\/product\/yoast-seo-wordpress\/ -->\n<title>Propuestas educativas del movimiento libertario en Madrid durante la guerra civil &#8212; Zapateneo<\/title>\n<meta name=\"robots\" content=\"index, follow, max-snippet:-1, max-image-preview:large, max-video-preview:-1\" \/>\n<link rel=\"canonical\" href=\"https:\/\/zapateneo.net\/wordpress\/index.php\/producto\/propuestas-educativas-del-movimiento-libertario-en-madrid-durante-la-guerra-civil\/\" \/>\n<meta property=\"og:locale\" content=\"es_ES\" \/>\n<meta property=\"og:type\" content=\"article\" \/>\n<meta property=\"og:title\" content=\"Propuestas educativas del movimiento libertario en Madrid durante la guerra civil &#8212; Zapateneo\" \/>\n<meta property=\"og:description\" content=\"Miguel \u00c1ngel Mart\u00ednez 9788487218224 - Fss Ediciones - 2016 - 230 p\u00e1ginas \/orri.\" \/>\n<meta property=\"og:url\" content=\"https:\/\/zapateneo.net\/wordpress\/index.php\/producto\/propuestas-educativas-del-movimiento-libertario-en-madrid-durante-la-guerra-civil\/\" \/>\n<meta property=\"og:site_name\" content=\"Zapateneo\" \/>\n<meta property=\"article:modified_time\" content=\"2021-11-05T18:11:28+00:00\" \/>\n<meta property=\"og:image\" content=\"https:\/\/zapateneo.net\/wordpress\/wp-content\/uploads\/2021\/11\/9788487218224.png\" \/>\n\t<meta property=\"og:image:width\" content=\"238\" \/>\n\t<meta property=\"og:image:height\" content=\"400\" \/>\n\t<meta property=\"og:image:type\" content=\"image\/png\" \/>\n<meta name=\"twitter:card\" content=\"summary_large_image\" \/>\n<meta name=\"twitter:site\" content=\"@zapateneo\" \/>\n<meta name=\"twitter:label1\" content=\"Tiempo de lectura\" \/>\n\t<meta name=\"twitter:data1\" content=\"1 minuto\" \/>\n<script type=\"application\/ld+json\" class=\"yoast-schema-graph\">{\"@context\":\"https:\\\/\\\/schema.org\",\"@graph\":[{\"@type\":\"WebPage\",\"@id\":\"https:\\\/\\\/zapateneo.net\\\/wordpress\\\/index.php\\\/producto\\\/propuestas-educativas-del-movimiento-libertario-en-madrid-durante-la-guerra-civil\\\/\",\"url\":\"https:\\\/\\\/zapateneo.net\\\/wordpress\\\/index.php\\\/producto\\\/propuestas-educativas-del-movimiento-libertario-en-madrid-durante-la-guerra-civil\\\/\",\"name\":\"Propuestas educativas del movimiento libertario en Madrid durante la guerra civil &#8212; Zapateneo\",\"isPartOf\":{\"@id\":\"https:\\\/\\\/zapateneo.net\\\/wordpress\\\/#website\"},\"primaryImageOfPage\":{\"@id\":\"https:\\\/\\\/zapateneo.net\\\/wordpress\\\/index.php\\\/producto\\\/propuestas-educativas-del-movimiento-libertario-en-madrid-durante-la-guerra-civil\\\/#primaryimage\"},\"image\":{\"@id\":\"https:\\\/\\\/zapateneo.net\\\/wordpress\\\/index.php\\\/producto\\\/propuestas-educativas-del-movimiento-libertario-en-madrid-durante-la-guerra-civil\\\/#primaryimage\"},\"thumbnailUrl\":\"https:\\\/\\\/zapateneo.net\\\/wordpress\\\/wp-content\\\/uploads\\\/2021\\\/11\\\/9788487218224.png\",\"datePublished\":\"2021-11-05T18:11:20+00:00\",\"dateModified\":\"2021-11-05T18:11:28+00:00\",\"breadcrumb\":{\"@id\":\"https:\\\/\\\/zapateneo.net\\\/wordpress\\\/index.php\\\/producto\\\/propuestas-educativas-del-movimiento-libertario-en-madrid-durante-la-guerra-civil\\\/#breadcrumb\"},\"inLanguage\":\"es\",\"potentialAction\":[{\"@type\":\"ReadAction\",\"target\":[\"https:\\\/\\\/zapateneo.net\\\/wordpress\\\/index.php\\\/producto\\\/propuestas-educativas-del-movimiento-libertario-en-madrid-durante-la-guerra-civil\\\/\"]}]},{\"@type\":\"ImageObject\",\"inLanguage\":\"es\",\"@id\":\"https:\\\/\\\/zapateneo.net\\\/wordpress\\\/index.php\\\/producto\\\/propuestas-educativas-del-movimiento-libertario-en-madrid-durante-la-guerra-civil\\\/#primaryimage\",\"url\":\"https:\\\/\\\/zapateneo.net\\\/wordpress\\\/wp-content\\\/uploads\\\/2021\\\/11\\\/9788487218224.png\",\"contentUrl\":\"https:\\\/\\\/zapateneo.net\\\/wordpress\\\/wp-content\\\/uploads\\\/2021\\\/11\\\/9788487218224.png\",\"width\":238,\"height\":400},{\"@type\":\"BreadcrumbList\",\"@id\":\"https:\\\/\\\/zapateneo.net\\\/wordpress\\\/index.php\\\/producto\\\/propuestas-educativas-del-movimiento-libertario-en-madrid-durante-la-guerra-civil\\\/#breadcrumb\",\"itemListElement\":[{\"@type\":\"ListItem\",\"position\":1,\"name\":\"Portada\",\"item\":\"https:\\\/\\\/zapateneo.net\\\/wordpress\\\/\"},{\"@type\":\"ListItem\",\"position\":2,\"name\":\"Tienda\",\"item\":\"https:\\\/\\\/zapateneo.net\\\/wordpress\\\/\"},{\"@type\":\"ListItem\",\"position\":3,\"name\":\"Propuestas educativas del movimiento libertario en Madrid durante la guerra civil\"}]},{\"@type\":\"WebSite\",\"@id\":\"https:\\\/\\\/zapateneo.net\\\/wordpress\\\/#website\",\"url\":\"https:\\\/\\\/zapateneo.net\\\/wordpress\\\/\",\"name\":\"Zapateneo\",\"description\":\"Zapateneoaren webgunea\",\"publisher\":{\"@id\":\"https:\\\/\\\/zapateneo.net\\\/wordpress\\\/#organization\"},\"potentialAction\":[{\"@type\":\"SearchAction\",\"target\":{\"@type\":\"EntryPoint\",\"urlTemplate\":\"https:\\\/\\\/zapateneo.net\\\/wordpress\\\/?s={search_term_string}\"},\"query-input\":{\"@type\":\"PropertyValueSpecification\",\"valueRequired\":true,\"valueName\":\"search_term_string\"}}],\"inLanguage\":\"es\"},{\"@type\":\"Organization\",\"@id\":\"https:\\\/\\\/zapateneo.net\\\/wordpress\\\/#organization\",\"name\":\"Zapateneo Kultur Elkartea\",\"url\":\"https:\\\/\\\/zapateneo.net\\\/wordpress\\\/\",\"logo\":{\"@type\":\"ImageObject\",\"inLanguage\":\"es\",\"@id\":\"https:\\\/\\\/zapateneo.net\\\/wordpress\\\/#\\\/schema\\\/logo\\\/image\\\/\",\"url\":\"https:\\\/\\\/zapateneo.net\\\/wordpress\\\/wp-content\\\/uploads\\\/2021\\\/04\\\/zap-libu-kolec.jpg\",\"contentUrl\":\"https:\\\/\\\/zapateneo.net\\\/wordpress\\\/wp-content\\\/uploads\\\/2021\\\/04\\\/zap-libu-kolec.jpg\",\"width\":2234,\"height\":398,\"caption\":\"Zapateneo Kultur Elkartea\"},\"image\":{\"@id\":\"https:\\\/\\\/zapateneo.net\\\/wordpress\\\/#\\\/schema\\\/logo\\\/image\\\/\"},\"sameAs\":[\"https:\\\/\\\/x.com\\\/zapateneo\"]}]}<\/script>\n<!-- \/ Yoast SEO plugin. -->","yoast_head_json":{"title":"Propuestas educativas del movimiento libertario en Madrid durante la guerra civil &#8212; Zapateneo","robots":{"index":"index","follow":"follow","max-snippet":"max-snippet:-1","max-image-preview":"max-image-preview:large","max-video-preview":"max-video-preview:-1"},"canonical":"https:\/\/zapateneo.net\/wordpress\/index.php\/producto\/propuestas-educativas-del-movimiento-libertario-en-madrid-durante-la-guerra-civil\/","og_locale":"es_ES","og_type":"article","og_title":"Propuestas educativas del movimiento libertario en Madrid durante la guerra civil &#8212; Zapateneo","og_description":"Miguel \u00c1ngel Mart\u00ednez 9788487218224 - Fss Ediciones - 2016 - 230 p\u00e1ginas \/orri.","og_url":"https:\/\/zapateneo.net\/wordpress\/index.php\/producto\/propuestas-educativas-del-movimiento-libertario-en-madrid-durante-la-guerra-civil\/","og_site_name":"Zapateneo","article_modified_time":"2021-11-05T18:11:28+00:00","og_image":[{"width":238,"height":400,"url":"https:\/\/zapateneo.net\/wordpress\/wp-content\/uploads\/2021\/11\/9788487218224.png","type":"image\/png"}],"twitter_card":"summary_large_image","twitter_site":"@zapateneo","twitter_misc":{"Tiempo de lectura":"1 minuto"},"schema":{"@context":"https:\/\/schema.org","@graph":[{"@type":"WebPage","@id":"https:\/\/zapateneo.net\/wordpress\/index.php\/producto\/propuestas-educativas-del-movimiento-libertario-en-madrid-durante-la-guerra-civil\/","url":"https:\/\/zapateneo.net\/wordpress\/index.php\/producto\/propuestas-educativas-del-movimiento-libertario-en-madrid-durante-la-guerra-civil\/","name":"Propuestas educativas del movimiento libertario en Madrid durante la guerra civil &#8212; Zapateneo","isPartOf":{"@id":"https:\/\/zapateneo.net\/wordpress\/#website"},"primaryImageOfPage":{"@id":"https:\/\/zapateneo.net\/wordpress\/index.php\/producto\/propuestas-educativas-del-movimiento-libertario-en-madrid-durante-la-guerra-civil\/#primaryimage"},"image":{"@id":"https:\/\/zapateneo.net\/wordpress\/index.php\/producto\/propuestas-educativas-del-movimiento-libertario-en-madrid-durante-la-guerra-civil\/#primaryimage"},"thumbnailUrl":"https:\/\/zapateneo.net\/wordpress\/wp-content\/uploads\/2021\/11\/9788487218224.png","datePublished":"2021-11-05T18:11:20+00:00","dateModified":"2021-11-05T18:11:28+00:00","breadcrumb":{"@id":"https:\/\/zapateneo.net\/wordpress\/index.php\/producto\/propuestas-educativas-del-movimiento-libertario-en-madrid-durante-la-guerra-civil\/#breadcrumb"},"inLanguage":"es","potentialAction":[{"@type":"ReadAction","target":["https:\/\/zapateneo.net\/wordpress\/index.php\/producto\/propuestas-educativas-del-movimiento-libertario-en-madrid-durante-la-guerra-civil\/"]}]},{"@type":"ImageObject","inLanguage":"es","@id":"https:\/\/zapateneo.net\/wordpress\/index.php\/producto\/propuestas-educativas-del-movimiento-libertario-en-madrid-durante-la-guerra-civil\/#primaryimage","url":"https:\/\/zapateneo.net\/wordpress\/wp-content\/uploads\/2021\/11\/9788487218224.png","contentUrl":"https:\/\/zapateneo.net\/wordpress\/wp-content\/uploads\/2021\/11\/9788487218224.png","width":238,"height":400},{"@type":"BreadcrumbList","@id":"https:\/\/zapateneo.net\/wordpress\/index.php\/producto\/propuestas-educativas-del-movimiento-libertario-en-madrid-durante-la-guerra-civil\/#breadcrumb","itemListElement":[{"@type":"ListItem","position":1,"name":"Portada","item":"https:\/\/zapateneo.net\/wordpress\/"},{"@type":"ListItem","position":2,"name":"Tienda","item":"https:\/\/zapateneo.net\/wordpress\/"},{"@type":"ListItem","position":3,"name":"Propuestas educativas del movimiento libertario en Madrid durante la guerra civil"}]},{"@type":"WebSite","@id":"https:\/\/zapateneo.net\/wordpress\/#website","url":"https:\/\/zapateneo.net\/wordpress\/","name":"Zapateneo","description":"Zapateneoaren webgunea","publisher":{"@id":"https:\/\/zapateneo.net\/wordpress\/#organization"},"potentialAction":[{"@type":"SearchAction","target":{"@type":"EntryPoint","urlTemplate":"https:\/\/zapateneo.net\/wordpress\/?s={search_term_string}"},"query-input":{"@type":"PropertyValueSpecification","valueRequired":true,"valueName":"search_term_string"}}],"inLanguage":"es"},{"@type":"Organization","@id":"https:\/\/zapateneo.net\/wordpress\/#organization","name":"Zapateneo Kultur Elkartea","url":"https:\/\/zapateneo.net\/wordpress\/","logo":{"@type":"ImageObject","inLanguage":"es","@id":"https:\/\/zapateneo.net\/wordpress\/#\/schema\/logo\/image\/","url":"https:\/\/zapateneo.net\/wordpress\/wp-content\/uploads\/2021\/04\/zap-libu-kolec.jpg","contentUrl":"https:\/\/zapateneo.net\/wordpress\/wp-content\/uploads\/2021\/04\/zap-libu-kolec.jpg","width":2234,"height":398,"caption":"Zapateneo Kultur Elkartea"},"image":{"@id":"https:\/\/zapateneo.net\/wordpress\/#\/schema\/logo\/image\/"},"sameAs":["https:\/\/x.com\/zapateneo"]}]}},"_links":{"self":[{"href":"https:\/\/zapateneo.net\/wordpress\/index.php\/wp-json\/wp\/v2\/product\/8867","targetHints":{"allow":["GET"]}}],"collection":[{"href":"https:\/\/zapateneo.net\/wordpress\/index.php\/wp-json\/wp\/v2\/product"}],"about":[{"href":"https:\/\/zapateneo.net\/wordpress\/index.php\/wp-json\/wp\/v2\/types\/product"}],"wp:featuredmedia":[{"embeddable":true,"href":"https:\/\/zapateneo.net\/wordpress\/index.php\/wp-json\/wp\/v2\/media\/8881"}],"wp:attachment":[{"href":"https:\/\/zapateneo.net\/wordpress\/index.php\/wp-json\/wp\/v2\/media?parent=8867"}],"wp:term":[{"taxonomy":"product_brand","embeddable":true,"href":"https:\/\/zapateneo.net\/wordpress\/index.php\/wp-json\/wp\/v2\/product_brand?post=8867"},{"taxonomy":"product_cat","embeddable":true,"href":"https:\/\/zapateneo.net\/wordpress\/index.php\/wp-json\/wp\/v2\/product_cat?post=8867"},{"taxonomy":"product_tag","embeddable":true,"href":"https:\/\/zapateneo.net\/wordpress\/index.php\/wp-json\/wp\/v2\/product_tag?post=8867"}],"curies":[{"name":"wp","href":"https:\/\/api.w.org\/{rel}","templated":true}]}}